{"id":448,"date":"2016-07-27T14:39:39","date_gmt":"2016-07-27T18:39:39","guid":{"rendered":"http:\/\/local.wordpress.dev\/?page_id=448"},"modified":"2026-02-02T18:31:16","modified_gmt":"2026-02-02T18:31:16","slug":"for-non-profits","status":"publish","type":"page","link":"https:\/\/latinoccu.org\/es\/products-and-services\/for-non-profits\/","title":{"rendered":"Cuentas de Ahorros para Organizaciones sin Fines de Lucro"},"content":{"rendered":"<div data-elementor-type=\"wp-page\" data-elementor-id=\"448\" class=\"elementor elementor-448\" data-elementor-post-type=\"page\">\n\t\t\t\t<div data-dce-background-color=\"#3B868A\" class=\"elementor-element elementor-element-e439e8b e-flex e-con-boxed e-con e-parent\" data-id=\"e439e8b\" data-element_type=\"container\" data-e-type=\"container\" data-settings=\"{&quot;background_background&quot;:&quot;classic&quot;}\">\n\t\t\t\t\t<div class=\"e-con-inner\">\n\t\t\t\t<div data-dce-text-color=\"#FFFFFF\" class=\"elementor-element elementor-element-793288d elementor-widget elementor-widget-text-editor\" data-id=\"793288d\" data-element_type=\"widget\" data-e-type=\"widget\" data-widget_type=\"text-editor.default\">\n\t\t\t\t<div class=\"elementor-widget-container\">\n\t\t\t\t\t\t\t\t\t<h4><span class=\"TrackChangeTextInsertion TrackedChange SCXW253775422 BCX4\"><span class=\"TextRun Highlight SCXW253775422 BCX4\" lang=\"EN-US\" xml:lang=\"EN-US\" data-contrast=\"auto\"><span class=\"NormalTextRun SCXW253775422 BCX4\">\u26a0 <strong>\u00a1Pr\u00f3ximamente habr\u00e1 nuevas opciones para cuentas de negocios! <\/strong><\/span><\/span><\/span><span class=\"TrackChangeTextInsertion TrackedChange SCXW253775422 BCX4\"><span class=\"TextRun Highlight SCXW253775422 BCX4\" lang=\"EN-US\" xml:lang=\"EN-US\" data-contrast=\"auto\"><span class=\"NormalTextRun SCXW253775422 BCX4\">Estamos<\/span><span class=\"NormalTextRun SCXW253775422 BCX4\"> trabajando activamente para ampliar nuestra oferta de cuentas de negocios con el fin de brindar un mejor servicio a nuestros socios. Pr\u00f3ximamente habr\u00e1 m\u00e1s opciones y funciones disponibles. Obt\u00e9n m\u00e1s informaci\u00f3n <\/span><\/span><\/span><span style=\"text-decoration: underline;\"><strong><a href=\"https:\/\/latinoccu.org\/es\/products-and-services\/business-accounts\/\"><span class=\"TrackChangeTextInsertion TrackedChange SCXW253775422 BCX4\"><span class=\"TextRun Highlight Underlined SCXW253775422 BCX4\" lang=\"EN-US\" xml:lang=\"EN-US\" data-contrast=\"auto\"><span class=\"NormalTextRun SCXW253775422 BCX4\">aqu\u00ed<\/span><\/span><\/span><\/a><\/strong><\/span> y mantente atento a las novedades.<span class=\"TrackChangeTextInsertion TrackedChange SCXW253775422 BCX4\"><span class=\"TextRun Highlight SCXW253775422 BCX4\" lang=\"EN-US\" xml:lang=\"EN-US\" data-contrast=\"auto\"><span class=\"NormalTextRun SCXW253775422 BCX4\">.<\/span><\/span><\/span><span class=\"EOP TrackedChange SCXW253775422 BCX4\" data-ccp-props=\"{}\">\u00a0<\/span><\/h4>\t\t\t\t\t\t\t\t<\/div>\n\t\t\t\t<\/div>\n\t\t\t\t\t<\/div>\n\t\t\t\t<\/div>\n\t\t<div class=\"elementor-element elementor-element-52a2dd49 e-con-full cmp cmp-basic-text e-flex e-con e-parent\" data-id=\"52a2dd49\" data-element_type=\"container\" data-e-type=\"container\">\n\t\t<div class=\"elementor-element elementor-element-47d3e62e e-flex e-con-boxed e-con e-child\" data-id=\"47d3e62e\" data-element_type=\"container\" data-e-type=\"container\">\n\t\t\t\t\t<div class=\"e-con-inner\">\n\t\t\t\t<div class=\"elementor-element elementor-element-345d0fca elementor-widget elementor-widget-text-editor\" data-id=\"345d0fca\" data-element_type=\"widget\" data-e-type=\"widget\" data-widget_type=\"text-editor.default\">\n\t\t\t\t<div class=\"elementor-widget-container\">\n\t\t\t\t\t\t\t\t\t<h2>Accede a todas nuestras cuentas y haz que tu dinero tenga un mayor impacto<\/h2><h2>\u00a0<\/h2><h2>Ahorros<\/h2><h3>Lo que necesitas:<\/h3><ul><li>Dep\u00f3sito inicial m\u00ednimo de $10<\/li><li>Saldo m\u00ednimo: $10<\/li><li>Ser socio de la Cooperativa Latina<\/li><li>Ser registrada como una organizaci\u00f3n sin fines de lucro<\/li><\/ul><h2>\u00a0<\/h2><h2>Cuenta Ahorromax<\/h2><h3>Lo que necesitas:<\/h3><ul><li>Dep\u00f3sito inicial m\u00ednimo de $1,000<\/li><li>Saldo m\u00ednimo: $1,000<\/li><li>Ser socio de la Cooperativa Latina<\/li><\/ul><h3>Lo que recibes:<\/h3><ul><li class=\"translation-block\">Tasas de inter\u00e9s competitivas<\/li><li>No cobramos cargos de manejo*<\/li><li>Posibilidad de recibir tus estados de cuenta de forma electr\u00f3nica<\/li><li>Tu dinero est\u00e1 seguro y asegurado federalmente hasta $250,000 por<a class=\"external\" href=\"http:\/\/www.mycreditunion.gov\/estimator\/Pages\/default.aspx\" target=\"_blank\" rel=\"noopener\">\u00a0NCUA<\/a><\/li><li>Acceso gratuito a una red de cajeros autom\u00e1ticos a nivel nacional. Tarifas bajas en cajeros autom\u00e1ticos fuera de la red**<\/li><li>Maneja tu cuenta en l\u00ednea desde cualquier parte con nuestros servicios electr\u00f3nicos. <a class=\"local\" href=\"\/es\/products-and-services\/other-services\/electronic-services\/\">Haz clic aqu\u00ed<\/a>\u00a0para m\u00e1s detalles.<\/li><\/ul>\t\t\t\t\t\t\t\t<\/div>\n\t\t\t\t<\/div>\n\t\t\t\t\t<\/div>\n\t\t\t\t<\/div>\n\t\t\t\t<\/div>\n\t\t<div class=\"elementor-element elementor-element-5dd6bbfc cmp cmp-accord-plus e-flex e-con-boxed e-con e-parent\" data-id=\"5dd6bbfc\" data-element_type=\"container\" data-e-type=\"container\" data-settings=\"{&quot;background_background&quot;:&quot;classic&quot;}\">\n\t\t\t\t\t<div class=\"e-con-inner\">\n\t\t\t\t<div class=\"elementor-element elementor-element-35884f71 elementor-widget elementor-widget-pp-advanced-accordion\" data-id=\"35884f71\" data-element_type=\"widget\" data-e-type=\"widget\" data-settings=\"{&quot;accordion_type&quot;:&quot;accordion&quot;,&quot;toggle_speed&quot;:300}\" data-widget_type=\"pp-advanced-accordion.default\">\n\t\t\t\t<div class=\"elementor-widget-container\">\n\t\t\t\t\t\t\t<div class=\"pp-advanced-accordion pp-toggle-icon-align-right\" id=\"pp-advanced-accordion-35884f71\" data-accordion-id=\"35884f71\" role=\"tablist\">\n\t\t\t\t\t\t\t<div class=\"pp-accordion-item\">\n\t\t\t\t\t\t\t\t\t\t<div id=\"pp-accordion-tab-title-8981\" class=\"pp-accordion-tab-title\" tabindex=\"0\" data-tab=\"1\" role=\"tab\" aria-controls=\"pp-accordion-tab-content-8981\" aria-expanded=\"false\">\n\t\t\t\t\t\t<span class=\"pp-accordion-title-icon\">\n\t\t\t\t\t\t\t\t\t\t\t\t\t\t<span class=\"pp-accordion-title-text\">\n\t\t\t\t\t\t\t\tLetra peque\u00f1a <div class=\"accord-sub\">Detalles Importantes<\/div>\t\t\t\t\t\t\t<\/span>\n\t\t\t\t\t\t<\/span>\n\t\t\t\t\t\t\t\t\t\t\t\t\t<div class=\"pp-accordion-toggle-icon\">\n\t\t\t\t\t\t\t\t\t\t\t\t\t\t\t\t\t<span class='pp-accordion-toggle-icon-close pp-icon'>\n\t\t\t\t\t\t\t\t\t\t<i aria-hidden=\"true\" class=\"fas fa-angle-up\"><\/i>\t\t\t\t\t\t\t\t\t<\/span>\n\t\t\t\t\t\t\t\t\t\t\t\t\t\t\t\t\t\t\t\t\t\t\t\t\t<span class='pp-accordion-toggle-icon-open pp-icon'>\n\t\t\t\t\t\t\t\t\t\t<i aria-hidden=\"true\" class=\"fas fa-angle-down\"><\/i>\t\t\t\t\t\t\t\t\t<\/span>\n\t\t\t\t\t\t\t\t\t\t\t\t\t\t\t<\/div>\n\t\t\t\t\t\t\t\t\t\t\t<\/div>\n\n\t\t\t\t\t<div id=\"pp-accordion-tab-content-8981\" class=\"pp-accordion-tab-content\" data-tab=\"1\" role=\"tabpanel\" aria-labelledby=\"pp-accordion-tab-title-8981\">\n\t\t\t\t\t\t<ul><li>*Debes mantener un balance m\u00ednimo de $10 para prevenir un cargo mensual de $2 en tu cuenta de Ahorros. As\u00ed como mantener un balance m\u00ednimo de $1000 para prevenir un cargo mensual de $8 en tu cuenta Ahorromax. Visita nuestro listado de tarifas para informaci\u00f3n detallada de los cargos asociados con esta cuenta.<\/li><li>** Se har\u00e1 un cobro de 75 centavos por transacci\u00f3n completada y 35 centavos por transacci\u00f3n incompleta realizada en cualquier cajero autom\u00e1tico fuera de nuestra<\/li><\/ul>\t\t\t\t\t<\/div>\n\t\t\t\t<\/div>\n\t\t\t\t\t<\/div>\n\t\t\t\t\t\t<\/div>\n\t\t\t\t<\/div>\n\t\t\t\t\t<\/div>\n\t\t\t\t<\/div>\n\t\t\t\t<\/div>","protected":false},"excerpt":{"rendered":"<p>\u26a0 New Business Account Options Coming Soon! We\u2019re actively working on expanding our business account offerings to better support our members. More options and features are on the way. Learn more here and stay tuned for updates.\u00a0 Get access to all our accounts for a double bottom line return. \u00a0 Savings What You Need: $10 [&hellip;]<\/p>\n","protected":false},"author":19,"featured_media":1885,"parent":249,"menu_order":0,"comment_status":"closed","ping_status":"closed","template":"","meta":{"_acf_changed":false,"inline_featured_image":false,"footnotes":""},"page-structure":[21],"sidebar-content":[74,26,27],"class_list":["post-448","page","type-page","status-publish","has-post-thumbnail","hentry","page-structure-has-sidebar","sidebar-content-become-a-member-icon","sidebar-content-footer-rules-and-regulations","sidebar-content-rates"],"acf":[],"yoast_head":"<!-- This site is optimized with the Yoast SEO plugin v27.2 - https:\/\/yoast.com\/product\/yoast-seo-wordpress\/ -->\n<title>Non-Profit Savings - latinoccu.org<\/title>\n<meta name=\"robots\" content=\"index, follow, max-snippet:-1, max-image-preview:large, max-video-preview:-1\" \/>\n<link rel=\"canonical\" href=\"https:\/\/latinoccu.org\/es\/products-and-services\/for-non-profits\/\" \/>\n<meta property=\"og:locale\" content=\"es_MX\" \/>\n<meta property=\"og:type\" content=\"article\" \/>\n<meta property=\"og:title\" content=\"Non-Profit Savings - latinoccu.org\" \/>\n<meta property=\"og:description\" content=\"\u26a0 New Business Account Options Coming Soon! We\u2019re actively working on expanding our business account offerings to better support our members. More options and features are on the way. Learn more here and stay tuned for updates.\u00a0 Get access to all our accounts for a double bottom line return. \u00a0 Savings What You Need: $10 [&hellip;]\" \/>\n<meta property=\"og:url\" content=\"https:\/\/latinoccu.org\/es\/products-and-services\/for-non-profits\/\" \/>\n<meta property=\"og:site_name\" content=\"latinoccu.org\" \/>\n<meta property=\"article:modified_time\" content=\"2026-02-02T18:31:16+00:00\" \/>\n<meta property=\"og:image\" content=\"https:\/\/latinoccu.org\/wp-content\/uploads\/2016\/07\/Non-Profit-Savings-Product-Page-1.jpg\" \/>\n\t<meta property=\"og:image:width\" content=\"1500\" \/>\n\t<meta property=\"og:image:height\" content=\"450\" \/>\n\t<meta property=\"og:image:type\" content=\"image\/jpeg\" \/>\n<meta name=\"twitter:card\" content=\"summary_large_image\" \/>\n<meta name=\"twitter:label1\" content=\"Tiempo de lectura\" \/>\n\t<meta name=\"twitter:data1\" content=\"1 minuto\" \/>\n<script type=\"application\/ld+json\" class=\"yoast-schema-graph\">{\"@context\":\"https:\/\/schema.org\",\"@graph\":[{\"@type\":\"WebPage\",\"@id\":\"https:\/\/latinoccu.org\/products-and-services\/for-non-profits\/\",\"url\":\"https:\/\/latinoccu.org\/products-and-services\/for-non-profits\/\",\"name\":\"Non-Profit Savings - latinoccu.org\",\"isPartOf\":{\"@id\":\"https:\/\/latinoccu.org\/#website\"},\"primaryImageOfPage\":{\"@id\":\"https:\/\/latinoccu.org\/products-and-services\/for-non-profits\/#primaryimage\"},\"image\":{\"@id\":\"https:\/\/latinoccu.org\/products-and-services\/for-non-profits\/#primaryimage\"},\"thumbnailUrl\":\"https:\/\/latinoccu.org\/wp-content\/uploads\/2016\/07\/Non-Profit-Savings-Product-Page-1.jpg\",\"datePublished\":\"2016-07-27T18:39:39+00:00\",\"dateModified\":\"2026-02-02T18:31:16+00:00\",\"breadcrumb\":{\"@id\":\"https:\/\/latinoccu.org\/products-and-services\/for-non-profits\/#breadcrumb\"},\"inLanguage\":\"es\",\"potentialAction\":[{\"@type\":\"ReadAction\",\"target\":[\"https:\/\/latinoccu.org\/products-and-services\/for-non-profits\/\"]}]},{\"@type\":\"ImageObject\",\"inLanguage\":\"es\",\"@id\":\"https:\/\/latinoccu.org\/products-and-services\/for-non-profits\/#primaryimage\",\"url\":\"https:\/\/latinoccu.org\/wp-content\/uploads\/2016\/07\/Non-Profit-Savings-Product-Page-1.jpg\",\"contentUrl\":\"https:\/\/latinoccu.org\/wp-content\/uploads\/2016\/07\/Non-Profit-Savings-Product-Page-1.jpg\",\"width\":1500,\"height\":450},{\"@type\":\"BreadcrumbList\",\"@id\":\"https:\/\/latinoccu.org\/products-and-services\/for-non-profits\/#breadcrumb\",\"itemListElement\":[{\"@type\":\"ListItem\",\"position\":1,\"name\":\"Home\",\"item\":\"https:\/\/latinoccu.org\/\"},{\"@type\":\"ListItem\",\"position\":2,\"name\":\"Products and Services\",\"item\":\"https:\/\/latinoccu.org\/products-and-services\/\"},{\"@type\":\"ListItem\",\"position\":3,\"name\":\"Non-Profit Savings\"}]},{\"@type\":\"WebSite\",\"@id\":\"https:\/\/latinoccu.org\/#website\",\"url\":\"https:\/\/latinoccu.org\/\",\"name\":\"latinoccu.org\",\"description\":\"\",\"potentialAction\":[{\"@type\":\"SearchAction\",\"target\":{\"@type\":\"EntryPoint\",\"urlTemplate\":\"https:\/\/latinoccu.org\/?s={search_term_string}\"},\"query-input\":{\"@type\":\"PropertyValueSpecification\",\"valueRequired\":true,\"valueName\":\"search_term_string\"}}],\"inLanguage\":\"es\"}]}<\/script>\n<!-- \/ Yoast SEO plugin. -->","yoast_head_json":{"title":"Non-Profit Savings - latinoccu.org","robots":{"index":"index","follow":"follow","max-snippet":"max-snippet:-1","max-image-preview":"max-image-preview:large","max-video-preview":"max-video-preview:-1"},"canonical":"https:\/\/latinoccu.org\/es\/products-and-services\/for-non-profits\/","og_locale":"es_MX","og_type":"article","og_title":"Non-Profit Savings - latinoccu.org","og_description":"\u26a0 New Business Account Options Coming Soon! We\u2019re actively working on expanding our business account offerings to better support our members. More options and features are on the way. Learn more here and stay tuned for updates.\u00a0 Get access to all our accounts for a double bottom line return. \u00a0 Savings What You Need: $10 [&hellip;]","og_url":"https:\/\/latinoccu.org\/es\/products-and-services\/for-non-profits\/","og_site_name":"latinoccu.org","article_modified_time":"2026-02-02T18:31:16+00:00","og_image":[{"width":1500,"height":450,"url":"https:\/\/latinoccu.org\/wp-content\/uploads\/2016\/07\/Non-Profit-Savings-Product-Page-1.jpg","type":"image\/jpeg"}],"twitter_card":"summary_large_image","twitter_misc":{"Tiempo de lectura":"1 minuto"},"schema":{"@context":"https:\/\/schema.org","@graph":[{"@type":"WebPage","@id":"https:\/\/latinoccu.org\/products-and-services\/for-non-profits\/","url":"https:\/\/latinoccu.org\/products-and-services\/for-non-profits\/","name":"Non-Profit Savings - latinoccu.org","isPartOf":{"@id":"https:\/\/latinoccu.org\/#website"},"primaryImageOfPage":{"@id":"https:\/\/latinoccu.org\/products-and-services\/for-non-profits\/#primaryimage"},"image":{"@id":"https:\/\/latinoccu.org\/products-and-services\/for-non-profits\/#primaryimage"},"thumbnailUrl":"https:\/\/latinoccu.org\/wp-content\/uploads\/2016\/07\/Non-Profit-Savings-Product-Page-1.jpg","datePublished":"2016-07-27T18:39:39+00:00","dateModified":"2026-02-02T18:31:16+00:00","breadcrumb":{"@id":"https:\/\/latinoccu.org\/products-and-services\/for-non-profits\/#breadcrumb"},"inLanguage":"es","potentialAction":[{"@type":"ReadAction","target":["https:\/\/latinoccu.org\/products-and-services\/for-non-profits\/"]}]},{"@type":"ImageObject","inLanguage":"es","@id":"https:\/\/latinoccu.org\/products-and-services\/for-non-profits\/#primaryimage","url":"https:\/\/latinoccu.org\/wp-content\/uploads\/2016\/07\/Non-Profit-Savings-Product-Page-1.jpg","contentUrl":"https:\/\/latinoccu.org\/wp-content\/uploads\/2016\/07\/Non-Profit-Savings-Product-Page-1.jpg","width":1500,"height":450},{"@type":"BreadcrumbList","@id":"https:\/\/latinoccu.org\/products-and-services\/for-non-profits\/#breadcrumb","itemListElement":[{"@type":"ListItem","position":1,"name":"Home","item":"https:\/\/latinoccu.org\/"},{"@type":"ListItem","position":2,"name":"Products and Services","item":"https:\/\/latinoccu.org\/products-and-services\/"},{"@type":"ListItem","position":3,"name":"Non-Profit Savings"}]},{"@type":"WebSite","@id":"https:\/\/latinoccu.org\/#website","url":"https:\/\/latinoccu.org\/","name":"latinoccu.org","description":"","potentialAction":[{"@type":"SearchAction","target":{"@type":"EntryPoint","urlTemplate":"https:\/\/latinoccu.org\/?s={search_term_string}"},"query-input":{"@type":"PropertyValueSpecification","valueRequired":true,"valueName":"search_term_string"}}],"inLanguage":"es"}]}},"_links":{"self":[{"href":"https:\/\/latinoccu.org\/es\/wp-json\/wp\/v2\/pages\/448","targetHints":{"allow":["GET"]}}],"collection":[{"href":"https:\/\/latinoccu.org\/es\/wp-json\/wp\/v2\/pages"}],"about":[{"href":"https:\/\/latinoccu.org\/es\/wp-json\/wp\/v2\/types\/page"}],"author":[{"embeddable":true,"href":"https:\/\/latinoccu.org\/es\/wp-json\/wp\/v2\/users\/19"}],"replies":[{"embeddable":true,"href":"https:\/\/latinoccu.org\/es\/wp-json\/wp\/v2\/comments?post=448"}],"version-history":[{"count":0,"href":"https:\/\/latinoccu.org\/es\/wp-json\/wp\/v2\/pages\/448\/revisions"}],"up":[{"embeddable":true,"href":"https:\/\/latinoccu.org\/es\/wp-json\/wp\/v2\/pages\/249"}],"wp:featuredmedia":[{"embeddable":true,"href":"https:\/\/latinoccu.org\/es\/wp-json\/wp\/v2\/media\/1885"}],"wp:attachment":[{"href":"https:\/\/latinoccu.org\/es\/wp-json\/wp\/v2\/media?parent=448"}],"wp:term":[{"taxonomy":"page-structure","embeddable":true,"href":"https:\/\/latinoccu.org\/es\/wp-json\/wp\/v2\/page-structure?post=448"},{"taxonomy":"sidebar-content","embeddable":true,"href":"https:\/\/latinoccu.org\/es\/wp-json\/wp\/v2\/sidebar-content?post=448"}],"curies":[{"name":"wp","href":"https:\/\/api.w.org\/{rel}","templated":true}]}}