{"id":418,"date":"2016-07-27T14:28:33","date_gmt":"2016-07-27T18:28:33","guid":{"rendered":"http:\/\/local.wordpress.dev\/?page_id=418"},"modified":"2026-02-02T18:37:08","modified_gmt":"2026-02-02T18:37:08","slug":"micro-business-checking","status":"publish","type":"page","link":"https:\/\/latinoccu.org\/es\/products-and-services\/checking\/micro-business-checking\/","title":{"rendered":"Cuenta Corriente para Microempresas"},"content":{"rendered":"<div data-elementor-type=\"wp-page\" data-elementor-id=\"418\" class=\"elementor elementor-418\" data-elementor-post-type=\"page\">\n\t\t\t\t<div class=\"elementor-element elementor-element-cca233a e-flex e-con-boxed e-con e-parent\" data-id=\"cca233a\" data-element_type=\"container\" data-e-type=\"container\" data-settings=\"{&quot;background_background&quot;:&quot;classic&quot;}\">\n\t\t\t\t\t<div class=\"e-con-inner\">\n\t\t<div data-dce-background-color=\"#3B868A\" class=\"elementor-element elementor-element-6899cd1 e-con-full e-flex e-con e-child\" data-id=\"6899cd1\" data-element_type=\"container\" data-e-type=\"container\" data-settings=\"{&quot;background_background&quot;:&quot;classic&quot;}\">\n\t\t\t\t<div data-dce-text-color=\"#FFFFFF\" class=\"elementor-element elementor-element-2c486a0 elementor-widget elementor-widget-text-editor\" data-id=\"2c486a0\" data-element_type=\"widget\" data-e-type=\"widget\" data-widget_type=\"text-editor.default\">\n\t\t\t\t<div class=\"elementor-widget-container\">\n\t\t\t\t\t\t\t\t\t<h4><span class=\"TrackChangeTextInsertion TrackedChange SCXW253775422 BCX4\"><span class=\"TextRun Highlight SCXW253775422 BCX4\" lang=\"EN-US\" xml:lang=\"EN-US\" data-contrast=\"auto\"><span class=\"NormalTextRun SCXW253775422 BCX4\">\u26a0 <strong>\u00a1Pr\u00f3ximamente habr\u00e1 nuevas opciones para cuentas de negocios! <\/strong><\/span><\/span><\/span><span class=\"TrackChangeTextInsertion TrackedChange SCXW253775422 BCX4\"><span class=\"TextRun Highlight SCXW253775422 BCX4\" lang=\"EN-US\" xml:lang=\"EN-US\" data-contrast=\"auto\"><span class=\"NormalTextRun SCXW253775422 BCX4\">Estamos<\/span><span class=\"NormalTextRun SCXW253775422 BCX4\"> trabajando activamente para ampliar nuestra oferta de cuentas de negocios con el fin de brindar un mejor servicio a nuestros socios. Pr\u00f3ximamente habr\u00e1 m\u00e1s opciones y funciones disponibles. Obt\u00e9n m\u00e1s informaci\u00f3n <\/span><\/span><\/span><span style=\"text-decoration: underline;\"><strong><a href=\"https:\/\/latinoccu.org\/es\/products-and-services\/business-accounts\/\"><span class=\"TrackChangeTextInsertion TrackedChange SCXW253775422 BCX4\"><span class=\"TextRun Highlight Underlined SCXW253775422 BCX4\" lang=\"EN-US\" xml:lang=\"EN-US\" data-contrast=\"auto\"><span class=\"NormalTextRun SCXW253775422 BCX4\">aqu\u00ed<\/span><\/span><\/span><\/a><\/strong><\/span> y mantente atento a las novedades.<span class=\"TrackChangeTextInsertion TrackedChange SCXW253775422 BCX4\"><span class=\"TextRun Highlight SCXW253775422 BCX4\" lang=\"EN-US\" xml:lang=\"EN-US\" data-contrast=\"auto\"><span class=\"NormalTextRun SCXW253775422 BCX4\">.<\/span><\/span><\/span><span class=\"EOP TrackedChange SCXW253775422 BCX4\" data-ccp-props=\"{}\">\u00a0<\/span><\/h4>\t\t\t\t\t\t\t\t<\/div>\n\t\t\t\t<\/div>\n\t\t\t\t<\/div>\n\t\t\t\t\t<\/div>\n\t\t\t\t<\/div>\n\t\t<div class=\"elementor-element elementor-element-5ed0bfc1 e-con-full cmp cmp-basic-text e-flex e-con e-parent\" data-id=\"5ed0bfc1\" data-element_type=\"container\" data-e-type=\"container\">\n\t\t<div class=\"elementor-element elementor-element-7dc8d202 e-flex e-con-boxed e-con e-child\" data-id=\"7dc8d202\" data-element_type=\"container\" data-e-type=\"container\">\n\t\t\t\t\t<div class=\"e-con-inner\">\n\t\t\t\t<div class=\"elementor-element elementor-element-183178a elementor-widget elementor-widget-heading\" data-id=\"183178a\" data-element_type=\"widget\" data-e-type=\"widget\" data-widget_type=\"heading.default\">\n\t\t\t\t<div class=\"elementor-widget-container\">\n\t\t\t\t\t<h2 class=\"elementor-heading-title elementor-size-default\">Gestiona las finanzas de tu microempresa con comodidad.\n<\/h2>\t\t\t\t<\/div>\n\t\t\t\t<\/div>\n\t\t\t\t<div class=\"elementor-element elementor-element-2a662fe3 elementor-widget elementor-widget-text-editor\" data-id=\"2a662fe3\" data-element_type=\"widget\" data-e-type=\"widget\" data-widget_type=\"text-editor.default\">\n\t\t\t\t<div class=\"elementor-widget-container\">\n\t\t\t\t\t\t\t\t\t<h3>Lo que necesitas:<\/h3><ul><li>Solo para empresas de un solo propietario<\/li><li>Dep\u00f3sito inicial m\u00ednimo de $100<\/li><li>Ser socio de la Cooperativa Latina<\/li><li>Certificado de Nombre Ficticio\/ Declaraci\u00f3n o Certificado de Nombre Asumido<\/li><\/ul><h3>\u00a0<\/h3><h3>Lo que recibes:<\/h3><ul><li>Tarjeta de d\u00e9bito VISA\u00ae con chip para compras y transacciones en cajeros autom\u00e1ticos a nivel internacional, con opci\u00f3n de <a href=\"https:\/\/usa.visa.com\/pay-with-visa\/contactless-payments\/contactless-payments.html\" target=\"_blank\" rel=\"noopener\">Tap to Pay<\/a> , pago sin contacto, para compras r\u00e1pidas, f\u00e1ciles y seguras<\/li><li>Cero responsabilidad contra transacciones fraudulentas<\/li><li>Cuota mensual de mantenimiento de $8<\/li><li class=\"translation-block\">Tasas de inter\u00e9s competitivas<\/li><li>Protecci\u00f3n contra sobregiros<\/li><li>Posibilidad de recibir tus estados de cuenta de forma electr\u00f3nica<\/li><li>Dep\u00f3sitos asegurados federalmente hasta $250,000 por la NCUA<\/li><li>Acceso gratuito a una red de cajeros autom\u00e1ticos a nivel nacional. Tarifas bajas en cajeros autom\u00e1ticos fuera de la red**<\/li><li>50 cheques procesados gratuitamente al mes (tras los primeros 50 cada cheque cuesta $1.00)<\/li><li>Im\u00e1genes electr\u00f3nicas de los cheques procesados disponibles en l\u00ednea<\/li><li>Maneja tu cuenta en l\u00ednea desde cualquier parte con nuestros servicios electr\u00f3nicos. <a href=\"\/es\/products-and-services\/other-services\/electronic-services\/\">Haz clic aqu\u00ed<\/a>\u00a0para m\u00e1s detalles.<\/li><\/ul>\t\t\t\t\t\t\t\t<\/div>\n\t\t\t\t<\/div>\n\t\t\t\t\t<\/div>\n\t\t\t\t<\/div>\n\t\t\t\t<\/div>\n\t\t<div class=\"elementor-element elementor-element-32eabdfc cmp cmp-accord-plus e-flex e-con-boxed e-con e-parent\" data-id=\"32eabdfc\" data-element_type=\"container\" data-e-type=\"container\" data-settings=\"{&quot;background_background&quot;:&quot;classic&quot;}\">\n\t\t\t\t\t<div class=\"e-con-inner\">\n\t\t\t\t<div class=\"elementor-element elementor-element-434cf775 elementor-widget elementor-widget-pp-advanced-accordion\" data-id=\"434cf775\" data-element_type=\"widget\" data-e-type=\"widget\" data-settings=\"{&quot;accordion_type&quot;:&quot;accordion&quot;,&quot;toggle_speed&quot;:300}\" data-widget_type=\"pp-advanced-accordion.default\">\n\t\t\t\t<div class=\"elementor-widget-container\">\n\t\t\t\t\t\t\t<div class=\"pp-advanced-accordion pp-toggle-icon-align-right\" id=\"pp-advanced-accordion-434cf775\" data-accordion-id=\"434cf775\" role=\"tablist\">\n\t\t\t\t\t\t\t<div class=\"pp-accordion-item\">\n\t\t\t\t\t\t\t\t\t\t<div id=\"pp-accordion-tab-title-1121\" class=\"pp-accordion-tab-title\" tabindex=\"0\" data-tab=\"1\" role=\"tab\" aria-controls=\"pp-accordion-tab-content-1121\" aria-expanded=\"false\">\n\t\t\t\t\t\t<span class=\"pp-accordion-title-icon\">\n\t\t\t\t\t\t\t\t\t\t\t\t\t\t<span class=\"pp-accordion-title-text\">\n\t\t\t\t\t\t\t\tLetra peque\u00f1a <div class=\"accord-sub\">Detalles Importantes<\/div>\t\t\t\t\t\t\t<\/span>\n\t\t\t\t\t\t<\/span>\n\t\t\t\t\t\t\t\t\t\t\t\t\t<div class=\"pp-accordion-toggle-icon\">\n\t\t\t\t\t\t\t\t\t\t\t\t\t\t\t\t\t<span class='pp-accordion-toggle-icon-close pp-icon'>\n\t\t\t\t\t\t\t\t\t\t<i aria-hidden=\"true\" class=\"fas fa-angle-up\"><\/i>\t\t\t\t\t\t\t\t\t<\/span>\n\t\t\t\t\t\t\t\t\t\t\t\t\t\t\t\t\t\t\t\t\t\t\t\t\t<span class='pp-accordion-toggle-icon-open pp-icon'>\n\t\t\t\t\t\t\t\t\t\t<i aria-hidden=\"true\" class=\"fas fa-angle-down\"><\/i>\t\t\t\t\t\t\t\t\t<\/span>\n\t\t\t\t\t\t\t\t\t\t\t\t\t\t\t<\/div>\n\t\t\t\t\t\t\t\t\t\t\t<\/div>\n\n\t\t\t\t\t<div id=\"pp-accordion-tab-content-1121\" class=\"pp-accordion-tab-content\" data-tab=\"1\" role=\"tabpanel\" aria-labelledby=\"pp-accordion-tab-title-1121\">\n\t\t\t\t\t\t<ul><li>** Se har\u00e1 un cobro de 75 centavos por transacci\u00f3n completada y 35 centavos por transacci\u00f3n incompleta realizada en cualquier cajero autom\u00e1tico fuera de nuestra<\/li><li class=\"translation-block\">En este momento, LCCU no puede abrir cuentas para Sociedades de Responsabilidad Limitada (SRL).<\/li><\/ul><p><a class=\"accord-link\" href=\"\/es\/rules-regulations\/\">M\u00e1s Informaci\u00f3n<\/a><\/p>\t\t\t\t\t<\/div>\n\t\t\t\t<\/div>\n\t\t\t\t\t<\/div>\n\t\t\t\t\t\t<\/div>\n\t\t\t\t<\/div>\n\t\t\t\t\t<\/div>\n\t\t\t\t<\/div>\n\t\t<div class=\"elementor-element elementor-element-e6a98d0 e-con-full cmp cmp-basic-text e-flex e-con e-parent\" data-id=\"e6a98d0\" data-element_type=\"container\" data-e-type=\"container\">\n\t\t<div class=\"elementor-element elementor-element-a329c8b e-flex e-con-boxed e-con e-child\" data-id=\"a329c8b\" data-element_type=\"container\" data-e-type=\"container\">\n\t\t\t\t\t<div class=\"e-con-inner\">\n\t\t\t\t<div class=\"elementor-element elementor-element-1d4edab elementor-widget elementor-widget-heading\" data-id=\"1d4edab\" data-element_type=\"widget\" data-e-type=\"widget\" data-widget_type=\"heading.default\">\n\t\t\t\t<div class=\"elementor-widget-container\">\n\t\t\t\t\t<h2 class=\"elementor-heading-title elementor-size-default\">\u00a1Te pagamos m\u00e1s!\n<\/h2>\t\t\t\t<\/div>\n\t\t\t\t<\/div>\n\t\t\t\t<div class=\"elementor-element elementor-element-c59e66f elementor-widget elementor-widget-text-editor\" data-id=\"c59e66f\" data-element_type=\"widget\" data-e-type=\"widget\" data-widget_type=\"text-editor.default\">\n\t\t\t\t<div class=\"elementor-widget-container\">\n\t\t\t\t\t\t\t\t\t<p>Con tasas de inter\u00e9s m\u00e1s altas y tarifas m\u00e1s bajas. \u00bfPor qu\u00e9 esperar? Descubre el ahorro que s\u00f3lo la Cooperativa Latina puede ofrecerte.<\/p>\t\t\t\t\t\t\t\t<\/div>\n\t\t\t\t<\/div>\n\t\t\t\t<div class=\"elementor-element elementor-element-3a6d9d8 elementor-widget elementor-widget-image\" data-id=\"3a6d9d8\" data-element_type=\"widget\" data-e-type=\"widget\" data-widget_type=\"image.default\">\n\t\t\t\t<div class=\"elementor-widget-container\">\n\t\t\t\t\t<style>.elementor-element-3a6d9d8{display:none !important}<\/style>\t\t\t\t<\/div>\n\t\t\t\t<\/div>\n\t\t\t\t<div class=\"elementor-element elementor-element-2b5ea6c elementor-widget elementor-widget-image\" data-id=\"2b5ea6c\" data-element_type=\"widget\" data-e-type=\"widget\" data-widget_type=\"image.default\">\n\t\t\t\t<div class=\"elementor-widget-container\">\n\t\t\t\t\t\t\t\t\t\t\t\t\t\t\t<img fetchpriority=\"high\" decoding=\"async\" width=\"700\" height=\"250\" src=\"https:\/\/latinoccu.org\/wp-content\/uploads\/2023\/06\/micro-bussines-checking-spanish.png\" class=\"attachment-large size-large wp-image-19005\" alt=\"\" srcset=\"https:\/\/latinoccu.org\/wp-content\/uploads\/2023\/06\/micro-bussines-checking-spanish.png 700w, https:\/\/latinoccu.org\/wp-content\/uploads\/2023\/06\/micro-bussines-checking-spanish-300x107.png 300w, https:\/\/latinoccu.org\/wp-content\/uploads\/2023\/06\/micro-bussines-checking-spanish-18x6.png 18w\" sizes=\"(max-width: 700px) 100vw, 700px\" \/>\t\t\t\t\t\t\t\t\t\t\t\t\t\t\t<\/div>\n\t\t\t\t<\/div>\n\t\t\t\t\t<\/div>\n\t\t\t\t<\/div>\n\t\t\t\t<\/div>\n\t\t\t\t<\/div>","protected":false},"excerpt":{"rendered":"<p>\u26a0 New Business Account Options Coming Soon! We\u2019re actively working on expanding our business account offerings to better support our members. More options and features are on the way. Learn more here and stay tuned for updates.\u00a0 Manage your personal business finances comfortably. What You Need: For sole proprietors only $100 minimum initial deposit Be [&hellip;]<\/p>\n","protected":false},"author":19,"featured_media":1451,"parent":1402,"menu_order":0,"comment_status":"closed","ping_status":"closed","template":"","meta":{"_acf_changed":false,"inline_featured_image":false,"footnotes":""},"page-structure":[21],"sidebar-content":[29,23,27],"class_list":["post-418","page","type-page","status-publish","has-post-thumbnail","hentry","page-structure-has-sidebar","sidebar-content-compare-checking","sidebar-content-footer-join-today","sidebar-content-rates"],"acf":[],"yoast_head":"<!-- This site is optimized with the Yoast SEO plugin v27.2 - https:\/\/yoast.com\/product\/yoast-seo-wordpress\/ -->\n<title>Micro Business Checking - latinoccu.org<\/title>\n<meta name=\"robots\" content=\"index, follow, max-snippet:-1, max-image-preview:large, max-video-preview:-1\" \/>\n<link rel=\"canonical\" href=\"https:\/\/latinoccu.org\/es\/products-and-services\/checking\/micro-business-checking\/\" \/>\n<meta property=\"og:locale\" content=\"es_MX\" \/>\n<meta property=\"og:type\" content=\"article\" \/>\n<meta property=\"og:title\" content=\"Micro Business Checking - latinoccu.org\" \/>\n<meta property=\"og:description\" content=\"\u26a0 New Business Account Options Coming Soon! We\u2019re actively working on expanding our business account offerings to better support our members. More options and features are on the way. Learn more here and stay tuned for updates.\u00a0 Manage your personal business finances comfortably. What You Need: For sole proprietors only $100 minimum initial deposit Be [&hellip;]\" \/>\n<meta property=\"og:url\" content=\"https:\/\/latinoccu.org\/es\/products-and-services\/checking\/micro-business-checking\/\" \/>\n<meta property=\"og:site_name\" content=\"latinoccu.org\" \/>\n<meta property=\"article:modified_time\" content=\"2026-02-02T18:37:08+00:00\" \/>\n<meta property=\"og:image\" content=\"https:\/\/latinoccu.org\/wp-content\/uploads\/2016\/07\/Micro-Business-Checking_Product-Page-1.jpg\" \/>\n\t<meta property=\"og:image:width\" content=\"1500\" \/>\n\t<meta property=\"og:image:height\" content=\"450\" \/>\n\t<meta property=\"og:image:type\" content=\"image\/jpeg\" \/>\n<meta name=\"twitter:card\" content=\"summary_large_image\" \/>\n<meta name=\"twitter:label1\" content=\"Tiempo de lectura\" \/>\n\t<meta name=\"twitter:data1\" content=\"2 minutos\" \/>\n<script type=\"application\/ld+json\" class=\"yoast-schema-graph\">{\"@context\":\"https:\/\/schema.org\",\"@graph\":[{\"@type\":\"WebPage\",\"@id\":\"https:\/\/latinoccu.org\/products-and-services\/checking\/micro-business-checking\/\",\"url\":\"https:\/\/latinoccu.org\/products-and-services\/checking\/micro-business-checking\/\",\"name\":\"Micro Business Checking - latinoccu.org\",\"isPartOf\":{\"@id\":\"https:\/\/latinoccu.org\/#website\"},\"primaryImageOfPage\":{\"@id\":\"https:\/\/latinoccu.org\/products-and-services\/checking\/micro-business-checking\/#primaryimage\"},\"image\":{\"@id\":\"https:\/\/latinoccu.org\/products-and-services\/checking\/micro-business-checking\/#primaryimage\"},\"thumbnailUrl\":\"https:\/\/latinoccu.org\/wp-content\/uploads\/2016\/07\/Micro-Business-Checking_Product-Page-1.jpg\",\"datePublished\":\"2016-07-27T18:28:33+00:00\",\"dateModified\":\"2026-02-02T18:37:08+00:00\",\"breadcrumb\":{\"@id\":\"https:\/\/latinoccu.org\/products-and-services\/checking\/micro-business-checking\/#breadcrumb\"},\"inLanguage\":\"es\",\"potentialAction\":[{\"@type\":\"ReadAction\",\"target\":[\"https:\/\/latinoccu.org\/products-and-services\/checking\/micro-business-checking\/\"]}]},{\"@type\":\"ImageObject\",\"inLanguage\":\"es\",\"@id\":\"https:\/\/latinoccu.org\/products-and-services\/checking\/micro-business-checking\/#primaryimage\",\"url\":\"https:\/\/latinoccu.org\/wp-content\/uploads\/2016\/07\/Micro-Business-Checking_Product-Page-1.jpg\",\"contentUrl\":\"https:\/\/latinoccu.org\/wp-content\/uploads\/2016\/07\/Micro-Business-Checking_Product-Page-1.jpg\",\"width\":1500,\"height\":450},{\"@type\":\"BreadcrumbList\",\"@id\":\"https:\/\/latinoccu.org\/products-and-services\/checking\/micro-business-checking\/#breadcrumb\",\"itemListElement\":[{\"@type\":\"ListItem\",\"position\":1,\"name\":\"Home\",\"item\":\"https:\/\/latinoccu.org\/\"},{\"@type\":\"ListItem\",\"position\":2,\"name\":\"Products and Services\",\"item\":\"https:\/\/latinoccu.org\/products-and-services\/\"},{\"@type\":\"ListItem\",\"position\":3,\"name\":\"Checking\",\"item\":\"https:\/\/latinoccu.org\/products-and-services\/checking\/\"},{\"@type\":\"ListItem\",\"position\":4,\"name\":\"Micro Business Checking\"}]},{\"@type\":\"WebSite\",\"@id\":\"https:\/\/latinoccu.org\/#website\",\"url\":\"https:\/\/latinoccu.org\/\",\"name\":\"latinoccu.org\",\"description\":\"\",\"potentialAction\":[{\"@type\":\"SearchAction\",\"target\":{\"@type\":\"EntryPoint\",\"urlTemplate\":\"https:\/\/latinoccu.org\/?s={search_term_string}\"},\"query-input\":{\"@type\":\"PropertyValueSpecification\",\"valueRequired\":true,\"valueName\":\"search_term_string\"}}],\"inLanguage\":\"es\"}]}<\/script>\n<!-- \/ Yoast SEO plugin. -->","yoast_head_json":{"title":"Micro Business Checking - latinoccu.org","robots":{"index":"index","follow":"follow","max-snippet":"max-snippet:-1","max-image-preview":"max-image-preview:large","max-video-preview":"max-video-preview:-1"},"canonical":"https:\/\/latinoccu.org\/es\/products-and-services\/checking\/micro-business-checking\/","og_locale":"es_MX","og_type":"article","og_title":"Micro Business Checking - latinoccu.org","og_description":"\u26a0 New Business Account Options Coming Soon! We\u2019re actively working on expanding our business account offerings to better support our members. More options and features are on the way. Learn more here and stay tuned for updates.\u00a0 Manage your personal business finances comfortably. What You Need: For sole proprietors only $100 minimum initial deposit Be [&hellip;]","og_url":"https:\/\/latinoccu.org\/es\/products-and-services\/checking\/micro-business-checking\/","og_site_name":"latinoccu.org","article_modified_time":"2026-02-02T18:37:08+00:00","og_image":[{"width":1500,"height":450,"url":"https:\/\/latinoccu.org\/wp-content\/uploads\/2016\/07\/Micro-Business-Checking_Product-Page-1.jpg","type":"image\/jpeg"}],"twitter_card":"summary_large_image","twitter_misc":{"Tiempo de lectura":"2 minutos"},"schema":{"@context":"https:\/\/schema.org","@graph":[{"@type":"WebPage","@id":"https:\/\/latinoccu.org\/products-and-services\/checking\/micro-business-checking\/","url":"https:\/\/latinoccu.org\/products-and-services\/checking\/micro-business-checking\/","name":"Micro Business Checking - latinoccu.org","isPartOf":{"@id":"https:\/\/latinoccu.org\/#website"},"primaryImageOfPage":{"@id":"https:\/\/latinoccu.org\/products-and-services\/checking\/micro-business-checking\/#primaryimage"},"image":{"@id":"https:\/\/latinoccu.org\/products-and-services\/checking\/micro-business-checking\/#primaryimage"},"thumbnailUrl":"https:\/\/latinoccu.org\/wp-content\/uploads\/2016\/07\/Micro-Business-Checking_Product-Page-1.jpg","datePublished":"2016-07-27T18:28:33+00:00","dateModified":"2026-02-02T18:37:08+00:00","breadcrumb":{"@id":"https:\/\/latinoccu.org\/products-and-services\/checking\/micro-business-checking\/#breadcrumb"},"inLanguage":"es","potentialAction":[{"@type":"ReadAction","target":["https:\/\/latinoccu.org\/products-and-services\/checking\/micro-business-checking\/"]}]},{"@type":"ImageObject","inLanguage":"es","@id":"https:\/\/latinoccu.org\/products-and-services\/checking\/micro-business-checking\/#primaryimage","url":"https:\/\/latinoccu.org\/wp-content\/uploads\/2016\/07\/Micro-Business-Checking_Product-Page-1.jpg","contentUrl":"https:\/\/latinoccu.org\/wp-content\/uploads\/2016\/07\/Micro-Business-Checking_Product-Page-1.jpg","width":1500,"height":450},{"@type":"BreadcrumbList","@id":"https:\/\/latinoccu.org\/products-and-services\/checking\/micro-business-checking\/#breadcrumb","itemListElement":[{"@type":"ListItem","position":1,"name":"Home","item":"https:\/\/latinoccu.org\/"},{"@type":"ListItem","position":2,"name":"Products and Services","item":"https:\/\/latinoccu.org\/products-and-services\/"},{"@type":"ListItem","position":3,"name":"Checking","item":"https:\/\/latinoccu.org\/products-and-services\/checking\/"},{"@type":"ListItem","position":4,"name":"Micro Business Checking"}]},{"@type":"WebSite","@id":"https:\/\/latinoccu.org\/#website","url":"https:\/\/latinoccu.org\/","name":"latinoccu.org","description":"","potentialAction":[{"@type":"SearchAction","target":{"@type":"EntryPoint","urlTemplate":"https:\/\/latinoccu.org\/?s={search_term_string}"},"query-input":{"@type":"PropertyValueSpecification","valueRequired":true,"valueName":"search_term_string"}}],"inLanguage":"es"}]}},"_links":{"self":[{"href":"https:\/\/latinoccu.org\/es\/wp-json\/wp\/v2\/pages\/418","targetHints":{"allow":["GET"]}}],"collection":[{"href":"https:\/\/latinoccu.org\/es\/wp-json\/wp\/v2\/pages"}],"about":[{"href":"https:\/\/latinoccu.org\/es\/wp-json\/wp\/v2\/types\/page"}],"author":[{"embeddable":true,"href":"https:\/\/latinoccu.org\/es\/wp-json\/wp\/v2\/users\/19"}],"replies":[{"embeddable":true,"href":"https:\/\/latinoccu.org\/es\/wp-json\/wp\/v2\/comments?post=418"}],"version-history":[{"count":0,"href":"https:\/\/latinoccu.org\/es\/wp-json\/wp\/v2\/pages\/418\/revisions"}],"up":[{"embeddable":true,"href":"https:\/\/latinoccu.org\/es\/wp-json\/wp\/v2\/pages\/1402"}],"wp:featuredmedia":[{"embeddable":true,"href":"https:\/\/latinoccu.org\/es\/wp-json\/wp\/v2\/media\/1451"}],"wp:attachment":[{"href":"https:\/\/latinoccu.org\/es\/wp-json\/wp\/v2\/media?parent=418"}],"wp:term":[{"taxonomy":"page-structure","embeddable":true,"href":"https:\/\/latinoccu.org\/es\/wp-json\/wp\/v2\/page-structure?post=418"},{"taxonomy":"sidebar-content","embeddable":true,"href":"https:\/\/latinoccu.org\/es\/wp-json\/wp\/v2\/sidebar-content?post=418"}],"curies":[{"name":"wp","href":"https:\/\/api.w.org\/{rel}","templated":true}]}}