{"id":414,"date":"2016-07-27T14:27:53","date_gmt":"2016-07-27T18:27:53","guid":{"rendered":"http:\/\/local.wordpress.dev\/?page_id=414"},"modified":"2026-02-10T23:39:48","modified_gmt":"2026-02-10T23:39:48","slug":"for-children","status":"publish","type":"page","link":"https:\/\/latinoccu.org\/es\/products-and-services\/savings\/for-children\/","title":{"rendered":"Ahorros para Ni\u00f1os"},"content":{"rendered":"<div data-elementor-type=\"wp-page\" data-elementor-id=\"414\" class=\"elementor elementor-414\" data-elementor-post-type=\"page\">\n\t\t\t\t<div class=\"elementor-element elementor-element-1edd5b64 e-con-full cmp cmp-basic-text e-flex e-con e-parent\" data-id=\"1edd5b64\" data-element_type=\"container\" data-e-type=\"container\">\n\t\t<div class=\"elementor-element elementor-element-26d3479c e-flex e-con-boxed e-con e-child\" data-id=\"26d3479c\" data-element_type=\"container\" data-e-type=\"container\">\n\t\t\t\t\t<div class=\"e-con-inner\">\n\t\t\t\t<div class=\"elementor-element elementor-element-126578bc elementor-widget elementor-widget-heading\" data-id=\"126578bc\" data-element_type=\"widget\" data-e-type=\"widget\" data-widget_type=\"heading.default\">\n\t\t\t\t<div class=\"elementor-widget-container\">\n\t\t\t\t\t<h2 class=\"elementor-heading-title elementor-size-default\">Ens\u00e9\u00f1ale a tus hijos la importancia del dinero y deja que aprendan mientras ahorran. Para ni\u00f1os hasta los 12 a\u00f1os.\n<\/h2>\t\t\t\t<\/div>\n\t\t\t\t<\/div>\n\t\t\t\t<div class=\"elementor-element elementor-element-7c3e7218 elementor-widget elementor-widget-text-editor\" data-id=\"7c3e7218\" data-element_type=\"widget\" data-e-type=\"widget\" data-widget_type=\"text-editor.default\">\n\t\t\t\t<div class=\"elementor-widget-container\">\n\t\t\t\t\t\t\t\t\t<h3>Lo que necesitas:<\/h3><ul><li>Dep\u00f3sito inicial m\u00ednimo de $10<\/li><li>Saldo m\u00ednimo: $10<\/li><li>Debe ser constitu\u00edda como una cuenta conjunta con uno de los padres, abuelo(s) y\/o un adulto responsable.*<\/li><li>Para abrir la cuenta, el ni\u00f1o(a) y el adulto responsable deber\u00e1n visitar una de nuestras sucursales<\/li><\/ul><h3>Lo que recibes:<\/h3><ul><li>No cobramos cargos de manejo<\/li><li>Tu dinero est\u00e1 asegurado federalmente hasta $250,000 por NCUA<\/li><li>A la edad de 13 a\u00f1os, la cuenta de ni\u00f1os se convertir\u00e1 autom\u00e1ticamente a una cuenta de j\u00f3venes<\/li><li>Membres\u00eda para el Club de Ahorros de Tita, que incluye una alcanc\u00eda y variedad de juegos<\/li><\/ul>\t\t\t\t\t\t\t\t<\/div>\n\t\t\t\t<\/div>\n\t\t\t\t\t<\/div>\n\t\t\t\t<\/div>\n\t\t\t\t<\/div>\n\t\t<div class=\"elementor-element elementor-element-702a35d2 cmp cmp-accord-plus e-flex e-con-boxed e-con e-parent\" data-id=\"702a35d2\" data-element_type=\"container\" data-e-type=\"container\" data-settings=\"{&quot;background_background&quot;:&quot;classic&quot;}\">\n\t\t\t\t\t<div class=\"e-con-inner\">\n\t\t\t\t<div class=\"elementor-element elementor-element-3769f7bf elementor-widget elementor-widget-pp-advanced-accordion\" data-id=\"3769f7bf\" data-element_type=\"widget\" data-e-type=\"widget\" data-settings=\"{&quot;accordion_type&quot;:&quot;accordion&quot;,&quot;toggle_speed&quot;:300}\" data-widget_type=\"pp-advanced-accordion.default\">\n\t\t\t\t<div class=\"elementor-widget-container\">\n\t\t\t\t\t\t\t<div class=\"pp-advanced-accordion pp-toggle-icon-align-right\" id=\"pp-advanced-accordion-3769f7bf\" data-accordion-id=\"3769f7bf\" role=\"tablist\">\n\t\t\t\t\t\t\t<div class=\"pp-accordion-item\">\n\t\t\t\t\t\t\t\t\t\t<div id=\"pp-accordion-tab-title-9291\" class=\"pp-accordion-tab-title\" tabindex=\"0\" data-tab=\"1\" role=\"tab\" aria-controls=\"pp-accordion-tab-content-9291\" aria-expanded=\"false\">\n\t\t\t\t\t\t<span class=\"pp-accordion-title-icon\">\n\t\t\t\t\t\t\t\t\t\t\t\t\t\t<span class=\"pp-accordion-title-text\">\n\t\t\t\t\t\t\t\tLetra peque\u00f1a <div class=\"accord-sub\">Detalles Importantes<\/div>\t\t\t\t\t\t\t<\/span>\n\t\t\t\t\t\t<\/span>\n\t\t\t\t\t\t\t\t\t\t\t\t\t<div class=\"pp-accordion-toggle-icon\">\n\t\t\t\t\t\t\t\t\t\t\t\t\t\t\t\t\t<span class='pp-accordion-toggle-icon-close pp-icon'>\n\t\t\t\t\t\t\t\t\t\t<i aria-hidden=\"true\" class=\"fas fa-angle-up\"><\/i>\t\t\t\t\t\t\t\t\t<\/span>\n\t\t\t\t\t\t\t\t\t\t\t\t\t\t\t\t\t\t\t\t\t\t\t\t\t<span class='pp-accordion-toggle-icon-open pp-icon'>\n\t\t\t\t\t\t\t\t\t\t<i aria-hidden=\"true\" class=\"fas fa-angle-down\"><\/i>\t\t\t\t\t\t\t\t\t<\/span>\n\t\t\t\t\t\t\t\t\t\t\t\t\t\t\t<\/div>\n\t\t\t\t\t\t\t\t\t\t\t<\/div>\n\n\t\t\t\t\t<div id=\"pp-accordion-tab-content-9291\" class=\"pp-accordion-tab-content\" data-tab=\"1\" role=\"tabpanel\" aria-labelledby=\"pp-accordion-tab-title-9291\">\n\t\t\t\t\t\t<ul><li>*Todos los titulares de la cuenta deben ser socios de la Cooperativa Latina<\/li><li>*Se debe mantener un saldo m\u00ednimo de $10 para evitar un cargo mensual de $2. Visita nuestro listado de tarifas para obtener informaci\u00f3n detallada de los cargos asociados con esta cuenta<\/li><li class=\"translation-block\">Esta cuenta no permite emitir cheques o d\u00e9bitos ACH (Automated Clearing House)<\/li><\/ul><p><a class=\"accord-link\" href=\"\/es\/rules-regulations\/\">M\u00e1s Informaci\u00f3n<\/a><\/p>\t\t\t\t\t<\/div>\n\t\t\t\t<\/div>\n\t\t\t\t\t<\/div>\n\t\t\t\t\t\t<\/div>\n\t\t\t\t<\/div>\n\t\t\t\t\t<\/div>\n\t\t\t\t<\/div>\n\t\t<div class=\"elementor-element elementor-element-47367ab9 e-con-full cmp cmp-basic-text e-flex e-con e-parent\" data-id=\"47367ab9\" data-element_type=\"container\" data-e-type=\"container\">\n\t\t<div class=\"elementor-element elementor-element-c08277c e-flex e-con-boxed e-con e-child\" data-id=\"c08277c\" data-element_type=\"container\" data-e-type=\"container\">\n\t\t\t\t\t<div class=\"e-con-inner\">\n\t\t\t\t<div class=\"elementor-element elementor-element-35f980f elementor-widget elementor-widget-image\" data-id=\"35f980f\" data-element_type=\"widget\" data-e-type=\"widget\" data-widget_type=\"image.default\">\n\t\t\t\t<div class=\"elementor-widget-container\">\n\t\t\t\t\t\t\t\t\t\t\t\t\t\t\t\t<a href=\"\/es\/products-and-services\/savings\/for-children\/\">\n\t\t\t\t\t\t\t<img fetchpriority=\"high\" decoding=\"async\" width=\"800\" height=\"253\" src=\"https:\/\/latinoccu.org\/wp-content\/uploads\/2023\/06\/CHILDREN-ACCOUNT-SPANISH-1-1024x324.png\" class=\"attachment-large size-large wp-image-18813\" alt=\"\" srcset=\"https:\/\/latinoccu.org\/wp-content\/uploads\/2023\/06\/CHILDREN-ACCOUNT-SPANISH-1-1024x324.png 1024w, https:\/\/latinoccu.org\/wp-content\/uploads\/2023\/06\/CHILDREN-ACCOUNT-SPANISH-1-300x95.png 300w, https:\/\/latinoccu.org\/wp-content\/uploads\/2023\/06\/CHILDREN-ACCOUNT-SPANISH-1-768x243.png 768w, https:\/\/latinoccu.org\/wp-content\/uploads\/2023\/06\/CHILDREN-ACCOUNT-SPANISH-1-18x6.png 18w, https:\/\/latinoccu.org\/wp-content\/uploads\/2023\/06\/CHILDREN-ACCOUNT-SPANISH-1.png 1200w\" sizes=\"(max-width: 800px) 100vw, 800px\" \/>\t\t\t\t\t\t\t\t<\/a>\n\t\t\t\t\t\t\t\t\t\t\t\t\t\t\t<\/div>\n\t\t\t\t<\/div>\n\t\t\t\t\t<\/div>\n\t\t\t\t<\/div>\n\t\t\t\t<\/div>\n\t\t\t\t<\/div>","protected":false},"excerpt":{"rendered":"<p>Teach your children the value of money and encourage them to learn while saving. For children up to age 12. What You Need $10 minimum initial deposit $10 minimum balance Must be a joint account with a parent, grandparent or other responsible adult* The child and the responsible adult must visit a local branch What [&hellip;]<\/p>\n","protected":false},"author":10,"featured_media":2226,"parent":1185,"menu_order":0,"comment_status":"closed","ping_status":"closed","template":"","meta":{"_acf_changed":false,"inline_featured_image":false,"footnotes":""},"page-structure":[21],"sidebar-content":[23,27],"class_list":["post-414","page","type-page","status-publish","has-post-thumbnail","hentry","page-structure-has-sidebar","sidebar-content-footer-join-today","sidebar-content-rates"],"acf":[],"yoast_head":"<!-- This site is optimized with the Yoast SEO plugin v27.2 - https:\/\/yoast.com\/product\/yoast-seo-wordpress\/ -->\n<title>For Children - latinoccu.org<\/title>\n<meta name=\"robots\" content=\"index, follow, max-snippet:-1, max-image-preview:large, max-video-preview:-1\" \/>\n<link rel=\"canonical\" href=\"https:\/\/latinoccu.org\/es\/products-and-services\/savings\/for-children\/\" \/>\n<meta property=\"og:locale\" content=\"es_MX\" \/>\n<meta property=\"og:type\" content=\"article\" \/>\n<meta property=\"og:title\" content=\"For Children - latinoccu.org\" \/>\n<meta property=\"og:description\" content=\"Teach your children the value of money and encourage them to learn while saving. For children up to age 12. What You Need $10 minimum initial deposit $10 minimum balance Must be a joint account with a parent, grandparent or other responsible adult* The child and the responsible adult must visit a local branch What [&hellip;]\" \/>\n<meta property=\"og:url\" content=\"https:\/\/latinoccu.org\/es\/products-and-services\/savings\/for-children\/\" \/>\n<meta property=\"og:site_name\" content=\"latinoccu.org\" \/>\n<meta property=\"article:modified_time\" content=\"2026-02-10T23:39:48+00:00\" \/>\n<meta property=\"og:image\" content=\"https:\/\/latinoccu.org\/wp-content\/uploads\/2016\/07\/Children-1.jpg\" \/>\n\t<meta property=\"og:image:width\" content=\"1500\" \/>\n\t<meta property=\"og:image:height\" content=\"450\" \/>\n\t<meta property=\"og:image:type\" content=\"image\/jpeg\" \/>\n<meta name=\"twitter:card\" content=\"summary_large_image\" \/>\n<meta name=\"twitter:label1\" content=\"Tiempo de lectura\" \/>\n\t<meta name=\"twitter:data1\" content=\"2 minutos\" \/>\n<script type=\"application\/ld+json\" class=\"yoast-schema-graph\">{\"@context\":\"https:\/\/schema.org\",\"@graph\":[{\"@type\":\"WebPage\",\"@id\":\"https:\/\/latinoccu.org\/products-and-services\/savings\/for-children\/\",\"url\":\"https:\/\/latinoccu.org\/products-and-services\/savings\/for-children\/\",\"name\":\"For Children - latinoccu.org\",\"isPartOf\":{\"@id\":\"https:\/\/latinoccu.org\/#website\"},\"primaryImageOfPage\":{\"@id\":\"https:\/\/latinoccu.org\/products-and-services\/savings\/for-children\/#primaryimage\"},\"image\":{\"@id\":\"https:\/\/latinoccu.org\/products-and-services\/savings\/for-children\/#primaryimage\"},\"thumbnailUrl\":\"https:\/\/latinoccu.org\/wp-content\/uploads\/2016\/07\/Children-1.jpg\",\"datePublished\":\"2016-07-27T18:27:53+00:00\",\"dateModified\":\"2026-02-10T23:39:48+00:00\",\"breadcrumb\":{\"@id\":\"https:\/\/latinoccu.org\/products-and-services\/savings\/for-children\/#breadcrumb\"},\"inLanguage\":\"es\",\"potentialAction\":[{\"@type\":\"ReadAction\",\"target\":[\"https:\/\/latinoccu.org\/products-and-services\/savings\/for-children\/\"]}]},{\"@type\":\"ImageObject\",\"inLanguage\":\"es\",\"@id\":\"https:\/\/latinoccu.org\/products-and-services\/savings\/for-children\/#primaryimage\",\"url\":\"https:\/\/latinoccu.org\/wp-content\/uploads\/2016\/07\/Children-1.jpg\",\"contentUrl\":\"https:\/\/latinoccu.org\/wp-content\/uploads\/2016\/07\/Children-1.jpg\",\"width\":1500,\"height\":450},{\"@type\":\"BreadcrumbList\",\"@id\":\"https:\/\/latinoccu.org\/products-and-services\/savings\/for-children\/#breadcrumb\",\"itemListElement\":[{\"@type\":\"ListItem\",\"position\":1,\"name\":\"Home\",\"item\":\"https:\/\/latinoccu.org\/\"},{\"@type\":\"ListItem\",\"position\":2,\"name\":\"Products and Services\",\"item\":\"https:\/\/latinoccu.org\/products-and-services\/\"},{\"@type\":\"ListItem\",\"position\":3,\"name\":\"Savings\",\"item\":\"https:\/\/latinoccu.org\/products-and-services\/savings\/\"},{\"@type\":\"ListItem\",\"position\":4,\"name\":\"For Children\"}]},{\"@type\":\"WebSite\",\"@id\":\"https:\/\/latinoccu.org\/#website\",\"url\":\"https:\/\/latinoccu.org\/\",\"name\":\"latinoccu.org\",\"description\":\"\",\"potentialAction\":[{\"@type\":\"SearchAction\",\"target\":{\"@type\":\"EntryPoint\",\"urlTemplate\":\"https:\/\/latinoccu.org\/?s={search_term_string}\"},\"query-input\":{\"@type\":\"PropertyValueSpecification\",\"valueRequired\":true,\"valueName\":\"search_term_string\"}}],\"inLanguage\":\"es\"}]}<\/script>\n<!-- \/ Yoast SEO plugin. -->","yoast_head_json":{"title":"For Children - latinoccu.org","robots":{"index":"index","follow":"follow","max-snippet":"max-snippet:-1","max-image-preview":"max-image-preview:large","max-video-preview":"max-video-preview:-1"},"canonical":"https:\/\/latinoccu.org\/es\/products-and-services\/savings\/for-children\/","og_locale":"es_MX","og_type":"article","og_title":"For Children - latinoccu.org","og_description":"Teach your children the value of money and encourage them to learn while saving. For children up to age 12. What You Need $10 minimum initial deposit $10 minimum balance Must be a joint account with a parent, grandparent or other responsible adult* The child and the responsible adult must visit a local branch What [&hellip;]","og_url":"https:\/\/latinoccu.org\/es\/products-and-services\/savings\/for-children\/","og_site_name":"latinoccu.org","article_modified_time":"2026-02-10T23:39:48+00:00","og_image":[{"width":1500,"height":450,"url":"https:\/\/latinoccu.org\/wp-content\/uploads\/2016\/07\/Children-1.jpg","type":"image\/jpeg"}],"twitter_card":"summary_large_image","twitter_misc":{"Tiempo de lectura":"2 minutos"},"schema":{"@context":"https:\/\/schema.org","@graph":[{"@type":"WebPage","@id":"https:\/\/latinoccu.org\/products-and-services\/savings\/for-children\/","url":"https:\/\/latinoccu.org\/products-and-services\/savings\/for-children\/","name":"For Children - latinoccu.org","isPartOf":{"@id":"https:\/\/latinoccu.org\/#website"},"primaryImageOfPage":{"@id":"https:\/\/latinoccu.org\/products-and-services\/savings\/for-children\/#primaryimage"},"image":{"@id":"https:\/\/latinoccu.org\/products-and-services\/savings\/for-children\/#primaryimage"},"thumbnailUrl":"https:\/\/latinoccu.org\/wp-content\/uploads\/2016\/07\/Children-1.jpg","datePublished":"2016-07-27T18:27:53+00:00","dateModified":"2026-02-10T23:39:48+00:00","breadcrumb":{"@id":"https:\/\/latinoccu.org\/products-and-services\/savings\/for-children\/#breadcrumb"},"inLanguage":"es","potentialAction":[{"@type":"ReadAction","target":["https:\/\/latinoccu.org\/products-and-services\/savings\/for-children\/"]}]},{"@type":"ImageObject","inLanguage":"es","@id":"https:\/\/latinoccu.org\/products-and-services\/savings\/for-children\/#primaryimage","url":"https:\/\/latinoccu.org\/wp-content\/uploads\/2016\/07\/Children-1.jpg","contentUrl":"https:\/\/latinoccu.org\/wp-content\/uploads\/2016\/07\/Children-1.jpg","width":1500,"height":450},{"@type":"BreadcrumbList","@id":"https:\/\/latinoccu.org\/products-and-services\/savings\/for-children\/#breadcrumb","itemListElement":[{"@type":"ListItem","position":1,"name":"Home","item":"https:\/\/latinoccu.org\/"},{"@type":"ListItem","position":2,"name":"Products and Services","item":"https:\/\/latinoccu.org\/products-and-services\/"},{"@type":"ListItem","position":3,"name":"Savings","item":"https:\/\/latinoccu.org\/products-and-services\/savings\/"},{"@type":"ListItem","position":4,"name":"For Children"}]},{"@type":"WebSite","@id":"https:\/\/latinoccu.org\/#website","url":"https:\/\/latinoccu.org\/","name":"latinoccu.org","description":"","potentialAction":[{"@type":"SearchAction","target":{"@type":"EntryPoint","urlTemplate":"https:\/\/latinoccu.org\/?s={search_term_string}"},"query-input":{"@type":"PropertyValueSpecification","valueRequired":true,"valueName":"search_term_string"}}],"inLanguage":"es"}]}},"_links":{"self":[{"href":"https:\/\/latinoccu.org\/es\/wp-json\/wp\/v2\/pages\/414","targetHints":{"allow":["GET"]}}],"collection":[{"href":"https:\/\/latinoccu.org\/es\/wp-json\/wp\/v2\/pages"}],"about":[{"href":"https:\/\/latinoccu.org\/es\/wp-json\/wp\/v2\/types\/page"}],"author":[{"embeddable":true,"href":"https:\/\/latinoccu.org\/es\/wp-json\/wp\/v2\/users\/10"}],"replies":[{"embeddable":true,"href":"https:\/\/latinoccu.org\/es\/wp-json\/wp\/v2\/comments?post=414"}],"version-history":[{"count":2,"href":"https:\/\/latinoccu.org\/es\/wp-json\/wp\/v2\/pages\/414\/revisions"}],"predecessor-version":[{"id":22129,"href":"https:\/\/latinoccu.org\/es\/wp-json\/wp\/v2\/pages\/414\/revisions\/22129"}],"up":[{"embeddable":true,"href":"https:\/\/latinoccu.org\/es\/wp-json\/wp\/v2\/pages\/1185"}],"wp:featuredmedia":[{"embeddable":true,"href":"https:\/\/latinoccu.org\/es\/wp-json\/wp\/v2\/media\/2226"}],"wp:attachment":[{"href":"https:\/\/latinoccu.org\/es\/wp-json\/wp\/v2\/media?parent=414"}],"wp:term":[{"taxonomy":"page-structure","embeddable":true,"href":"https:\/\/latinoccu.org\/es\/wp-json\/wp\/v2\/page-structure?post=414"},{"taxonomy":"sidebar-content","embeddable":true,"href":"https:\/\/latinoccu.org\/es\/wp-json\/wp\/v2\/sidebar-content?post=414"}],"curies":[{"name":"wp","href":"https:\/\/api.w.org\/{rel}","templated":true}]}}