{"id":308,"date":"2016-07-27T11:41:03","date_gmt":"2016-07-27T15:41:03","guid":{"rendered":"http:\/\/local.wordpress.dev\/?page_id=308"},"modified":"2026-02-11T21:07:41","modified_gmt":"2026-02-11T21:07:41","slug":"abarouting-number","status":"publish","type":"page","link":"https:\/\/latinoccu.org\/es\/abarouting-number\/","title":{"rendered":"ABA\/N\u00famero de ruta"},"content":{"rendered":"<div data-elementor-type=\"wp-page\" data-elementor-id=\"308\" class=\"elementor elementor-308\" data-elementor-post-type=\"page\">\n\t\t\t\t<div class=\"elementor-element elementor-element-381d7c4 e-con-full mobile-margins e-flex e-con e-parent\" data-id=\"381d7c4\" data-element_type=\"container\" data-e-type=\"container\">\n\t\t<div class=\"elementor-element elementor-element-0edd2de cmp cmp-basic-text e-flex e-con-boxed e-con e-child\" data-id=\"0edd2de\" data-element_type=\"container\" data-e-type=\"container\">\n\t\t\t\t\t<div class=\"e-con-inner\">\n\t\t<div class=\"elementor-element elementor-element-81cc86e e-flex e-con-boxed e-con e-child\" data-id=\"81cc86e\" data-element_type=\"container\" data-e-type=\"container\">\n\t\t\t\t\t<div class=\"e-con-inner\">\n\t\t\t\t<div data-dce-title-color=\"#CF941D\" class=\"elementor-element elementor-element-7c1c733 elementor-widget elementor-widget-heading\" data-id=\"7c1c733\" data-element_type=\"widget\" data-e-type=\"widget\" data-widget_type=\"heading.default\">\n\t\t\t\t<div class=\"elementor-widget-container\">\n\t\t\t\t\t<h2 class=\"elementor-heading-title elementor-size-default\">053185503<\/h2>\t\t\t\t<\/div>\n\t\t\t\t<\/div>\n\t\t\t\t<div class=\"elementor-element elementor-element-399db38 elementor-widget-divider--view-line elementor-widget elementor-widget-divider\" data-id=\"399db38\" data-element_type=\"widget\" data-e-type=\"widget\" data-widget_type=\"divider.default\">\n\t\t\t\t<div class=\"elementor-widget-container\">\n\t\t\t\t\t\t\t<div class=\"elementor-divider\">\n\t\t\t<span class=\"elementor-divider-separator\">\n\t\t\t\t\t\t<\/span>\n\t\t<\/div>\n\t\t\t\t\t\t<\/div>\n\t\t\t\t<\/div>\n\t\t\t\t<div class=\"elementor-element elementor-element-230dc24 elementor-widget elementor-widget-text-editor\" data-id=\"230dc24\" data-element_type=\"widget\" data-e-type=\"widget\" data-widget_type=\"text-editor.default\">\n\t\t\t\t<div class=\"elementor-widget-container\">\n\t\t\t\t\t\t\t\t\t<h3 style=\"text-align: center;\">Configura el <strong>Dep\u00f3sito Directo<\/strong> en una Cuenta Corriente, de Ahorromax, de Ahorro o de Cuenta Cash<\/h3><p style=\"font-weight: 400;\">Configurar el dep\u00f3sito directo es una forma conveniente de recibir tus fondos directamente en tu cuenta de la Cooperativa Latina. Para configurarlo, proporci\u00f3nale a tu empleador o proveedor de beneficios la siguiente informaci\u00f3n:<\/p><h5><strong>Informaci\u00f3n de tu instituci\u00f3n financiera<\/strong><\/h5><ul><li><strong>Nombre<\/strong>: Latino Community Credit Union<\/li><li><strong>N\u00famero de tr\u00e1nsito\/ruta<\/strong>: 053185503<\/li><li><strong>Direcci\u00f3n<\/strong>: PO Box 14647, Durham, NC 27709<\/li><\/ul><h5><strong>Tus datos como socio<\/strong><\/h5><ul><li><strong>Nombre <\/strong>(as it appears on your LCCU account)<\/li><li><strong>N\u00famero de cuenta de la Cooperativa<\/strong><\/li><li><strong>Tu direcci\u00f3n<\/strong><\/li><\/ul><p class=\"translation-block\">Proporciona a la empresa o agencia tu n\u00famero de cuenta completo y el n\u00famero ABA\/Routing de la Cooperativa Latina, 053185503. Puedes ver tu n\u00famero de cuenta en l\u00ednea y en la aplicaci\u00f3n m\u00f3vil a trav\u00e9s de LatinoConnect. Simplemente haz clic en la cuenta que deseas, haz click en ver detalles, haz nuevamente click en numero de cuenta y alli encontrar el numero MICR que podras usar para tus transacciones.<\/p>\t\t\t\t\t\t\t\t<\/div>\n\t\t\t\t<\/div>\n\t\t\t\t<div class=\"elementor-element elementor-element-9638808 elementor-widget-divider--view-line elementor-widget elementor-widget-divider\" data-id=\"9638808\" data-element_type=\"widget\" data-e-type=\"widget\" data-widget_type=\"divider.default\">\n\t\t\t\t<div class=\"elementor-widget-container\">\n\t\t\t\t\t\t\t<div class=\"elementor-divider\">\n\t\t\t<span class=\"elementor-divider-separator\">\n\t\t\t\t\t\t<\/span>\n\t\t<\/div>\n\t\t\t\t\t\t<\/div>\n\t\t\t\t<\/div>\n\t\t\t\t<div class=\"elementor-element elementor-element-6ca821c elementor-widget elementor-widget-text-editor\" data-id=\"6ca821c\" data-element_type=\"widget\" data-e-type=\"widget\" data-widget_type=\"text-editor.default\">\n\t\t\t\t<div class=\"elementor-widget-container\">\n\t\t\t\t\t\t\t\t\t<h3 style=\"text-align: center;\">Configura un retiro electr\u00f3nico desde tu cuenta corriente<\/h3><p style=\"font-weight: 400;\">Los n\u00fameros de cuenta corriente consisten entre 7 a 14 d\u00edgitos.<\/p><ul><li style=\"font-weight: 400;\" class=\"translation-block\">Puedes ver tu n\u00famero de cuenta en l\u00ednea y en la aplicaci\u00f3n m\u00f3vil a trav\u00e9s de LatinoConnect. Simplemente haz clic en la cuenta que deseas, haz clic en ver detalles, haz nuevamente clic en n\u00famero de cuenta y all\u00ed encontrar\u00e1s el n\u00famero MICR que podr\u00e1s usar para tus transacciones.<\/li><\/ul><p style=\"font-weight: 400;\">Si se requiere, proporciona el n\u00famero de ruta de la Cooperativa Latina: <strong>053185503<\/strong><\/p><p style=\"font-weight: 400;\">Ten en cuenta que los retiros solo se pueden configurar desde una cuenta que permita d\u00e9bito por ACH, como una cuenta corriente.<\/p>\t\t\t\t\t\t\t\t<\/div>\n\t\t\t\t<\/div>\n\t\t\t\t<div class=\"elementor-element elementor-element-2ffb6c6 elementor-widget-divider--view-line elementor-widget elementor-widget-divider\" data-id=\"2ffb6c6\" data-element_type=\"widget\" data-e-type=\"widget\" data-widget_type=\"divider.default\">\n\t\t\t\t<div class=\"elementor-widget-container\">\n\t\t\t\t\t\t\t<div class=\"elementor-divider\">\n\t\t\t<span class=\"elementor-divider-separator\">\n\t\t\t\t\t\t<\/span>\n\t\t<\/div>\n\t\t\t\t\t\t<\/div>\n\t\t\t\t<\/div>\n\t\t\t\t<div data-dce-background-color=\"#CC9418\" class=\"elementor-element elementor-element-297519e elementor-align-center elementor-widget elementor-widget-button\" data-id=\"297519e\" data-element_type=\"widget\" data-e-type=\"widget\" data-widget_type=\"button.default\">\n\t\t\t\t<div class=\"elementor-widget-container\">\n\t\t\t\t\t\t\t\t\t<div class=\"elementor-button-wrapper\">\n\t\t\t\t\t<a class=\"elementor-button elementor-button-link elementor-size-sm\" href=\"https:\/\/latinoccu.org\/es\/products-and-services\/other-services\/wire-transfers\/\">\n\t\t\t\t\t\t<span class=\"elementor-button-content-wrapper\">\n\t\t\t\t\t\t\t\t\t<span class=\"elementor-button-text\">Env\u00edos de Dinero<\/span>\n\t\t\t\t\t<\/span>\n\t\t\t\t\t<\/a>\n\t\t\t\t<\/div>\n\t\t\t\t\t\t\t\t<\/div>\n\t\t\t\t<\/div>\n\t\t\t\t\t<\/div>\n\t\t\t\t<\/div>\n\t\t\t\t\t<\/div>\n\t\t\t\t<\/div>\n\t\t\t\t<\/div>\n\t\t\t\t<\/div>","protected":false},"excerpt":{"rendered":"<p>053185503 Set up Direct Deposit to a Checking, Money Market, Savings or Cash Account Setting up Direct Deposit is a convenient way to receive your funds directly into your LCCU account. To set it up, provide your employer or benefits provider with the following information: Your Financial Institution Information Name: Latino Community Credit Union Transit\/Routing [&hellip;]<\/p>\n","protected":false},"author":18,"featured_media":0,"parent":0,"menu_order":0,"comment_status":"closed","ping_status":"closed","template":"","meta":{"_acf_changed":false,"inline_featured_image":false,"footnotes":""},"page-structure":[73],"sidebar-content":[],"class_list":["post-308","page","type-page","status-publish","hentry","page-structure-no-featured-image"],"acf":[],"yoast_head":"<!-- This site is optimized with the Yoast SEO plugin v27.2 - https:\/\/yoast.com\/product\/yoast-seo-wordpress\/ -->\n<title>ABA\/Routing Number - latinoccu.org<\/title>\n<meta name=\"robots\" content=\"index, follow, max-snippet:-1, max-image-preview:large, max-video-preview:-1\" \/>\n<link rel=\"canonical\" href=\"https:\/\/latinoccu.org\/es\/abarouting-number\/\" \/>\n<meta property=\"og:locale\" content=\"es_MX\" \/>\n<meta property=\"og:type\" content=\"article\" \/>\n<meta property=\"og:title\" content=\"ABA\/Routing Number - latinoccu.org\" \/>\n<meta property=\"og:description\" content=\"053185503 Set up Direct Deposit to a Checking, Money Market, Savings or Cash Account Setting up Direct Deposit is a convenient way to receive your funds directly into your LCCU account. To set it up, provide your employer or benefits provider with the following information: Your Financial Institution Information Name: Latino Community Credit Union Transit\/Routing [&hellip;]\" \/>\n<meta property=\"og:url\" content=\"https:\/\/latinoccu.org\/es\/abarouting-number\/\" \/>\n<meta property=\"og:site_name\" content=\"latinoccu.org\" \/>\n<meta property=\"article:modified_time\" content=\"2026-02-11T21:07:41+00:00\" \/>\n<meta name=\"twitter:card\" content=\"summary_large_image\" \/>\n<meta name=\"twitter:label1\" content=\"Tiempo de lectura\" \/>\n\t<meta name=\"twitter:data1\" content=\"2 minutos\" \/>\n<script type=\"application\/ld+json\" class=\"yoast-schema-graph\">{\"@context\":\"https:\/\/schema.org\",\"@graph\":[{\"@type\":\"WebPage\",\"@id\":\"https:\/\/latinoccu.org\/abarouting-number\/\",\"url\":\"https:\/\/latinoccu.org\/abarouting-number\/\",\"name\":\"ABA\/Routing Number - latinoccu.org\",\"isPartOf\":{\"@id\":\"https:\/\/latinoccu.org\/#website\"},\"datePublished\":\"2016-07-27T15:41:03+00:00\",\"dateModified\":\"2026-02-11T21:07:41+00:00\",\"breadcrumb\":{\"@id\":\"https:\/\/latinoccu.org\/abarouting-number\/#breadcrumb\"},\"inLanguage\":\"es\",\"potentialAction\":[{\"@type\":\"ReadAction\",\"target\":[\"https:\/\/latinoccu.org\/abarouting-number\/\"]}]},{\"@type\":\"BreadcrumbList\",\"@id\":\"https:\/\/latinoccu.org\/abarouting-number\/#breadcrumb\",\"itemListElement\":[{\"@type\":\"ListItem\",\"position\":1,\"name\":\"Home\",\"item\":\"https:\/\/latinoccu.org\/\"},{\"@type\":\"ListItem\",\"position\":2,\"name\":\"ABA\/Routing Number\"}]},{\"@type\":\"WebSite\",\"@id\":\"https:\/\/latinoccu.org\/#website\",\"url\":\"https:\/\/latinoccu.org\/\",\"name\":\"latinoccu.org\",\"description\":\"\",\"potentialAction\":[{\"@type\":\"SearchAction\",\"target\":{\"@type\":\"EntryPoint\",\"urlTemplate\":\"https:\/\/latinoccu.org\/?s={search_term_string}\"},\"query-input\":{\"@type\":\"PropertyValueSpecification\",\"valueRequired\":true,\"valueName\":\"search_term_string\"}}],\"inLanguage\":\"es\"}]}<\/script>\n<!-- \/ Yoast SEO plugin. -->","yoast_head_json":{"title":"ABA\/Routing Number - latinoccu.org","robots":{"index":"index","follow":"follow","max-snippet":"max-snippet:-1","max-image-preview":"max-image-preview:large","max-video-preview":"max-video-preview:-1"},"canonical":"https:\/\/latinoccu.org\/es\/abarouting-number\/","og_locale":"es_MX","og_type":"article","og_title":"ABA\/Routing Number - latinoccu.org","og_description":"053185503 Set up Direct Deposit to a Checking, Money Market, Savings or Cash Account Setting up Direct Deposit is a convenient way to receive your funds directly into your LCCU account. To set it up, provide your employer or benefits provider with the following information: Your Financial Institution Information Name: Latino Community Credit Union Transit\/Routing [&hellip;]","og_url":"https:\/\/latinoccu.org\/es\/abarouting-number\/","og_site_name":"latinoccu.org","article_modified_time":"2026-02-11T21:07:41+00:00","twitter_card":"summary_large_image","twitter_misc":{"Tiempo de lectura":"2 minutos"},"schema":{"@context":"https:\/\/schema.org","@graph":[{"@type":"WebPage","@id":"https:\/\/latinoccu.org\/abarouting-number\/","url":"https:\/\/latinoccu.org\/abarouting-number\/","name":"ABA\/Routing Number - latinoccu.org","isPartOf":{"@id":"https:\/\/latinoccu.org\/#website"},"datePublished":"2016-07-27T15:41:03+00:00","dateModified":"2026-02-11T21:07:41+00:00","breadcrumb":{"@id":"https:\/\/latinoccu.org\/abarouting-number\/#breadcrumb"},"inLanguage":"es","potentialAction":[{"@type":"ReadAction","target":["https:\/\/latinoccu.org\/abarouting-number\/"]}]},{"@type":"BreadcrumbList","@id":"https:\/\/latinoccu.org\/abarouting-number\/#breadcrumb","itemListElement":[{"@type":"ListItem","position":1,"name":"Home","item":"https:\/\/latinoccu.org\/"},{"@type":"ListItem","position":2,"name":"ABA\/Routing Number"}]},{"@type":"WebSite","@id":"https:\/\/latinoccu.org\/#website","url":"https:\/\/latinoccu.org\/","name":"latinoccu.org","description":"","potentialAction":[{"@type":"SearchAction","target":{"@type":"EntryPoint","urlTemplate":"https:\/\/latinoccu.org\/?s={search_term_string}"},"query-input":{"@type":"PropertyValueSpecification","valueRequired":true,"valueName":"search_term_string"}}],"inLanguage":"es"}]}},"_links":{"self":[{"href":"https:\/\/latinoccu.org\/es\/wp-json\/wp\/v2\/pages\/308","targetHints":{"allow":["GET"]}}],"collection":[{"href":"https:\/\/latinoccu.org\/es\/wp-json\/wp\/v2\/pages"}],"about":[{"href":"https:\/\/latinoccu.org\/es\/wp-json\/wp\/v2\/types\/page"}],"author":[{"embeddable":true,"href":"https:\/\/latinoccu.org\/es\/wp-json\/wp\/v2\/users\/18"}],"replies":[{"embeddable":true,"href":"https:\/\/latinoccu.org\/es\/wp-json\/wp\/v2\/comments?post=308"}],"version-history":[{"count":0,"href":"https:\/\/latinoccu.org\/es\/wp-json\/wp\/v2\/pages\/308\/revisions"}],"wp:attachment":[{"href":"https:\/\/latinoccu.org\/es\/wp-json\/wp\/v2\/media?parent=308"}],"wp:term":[{"taxonomy":"page-structure","embeddable":true,"href":"https:\/\/latinoccu.org\/es\/wp-json\/wp\/v2\/page-structure?post=308"},{"taxonomy":"sidebar-content","embeddable":true,"href":"https:\/\/latinoccu.org\/es\/wp-json\/wp\/v2\/sidebar-content?post=308"}],"curies":[{"name":"wp","href":"https:\/\/api.w.org\/{rel}","templated":true}]}}