{"id":300,"date":"2016-07-27T11:39:31","date_gmt":"2016-07-27T15:39:31","guid":{"rendered":"http:\/\/local.wordpress.dev\/?page_id=300"},"modified":"2026-01-21T12:51:29","modified_gmt":"2026-01-21T12:51:29","slug":"rules-regulations","status":"publish","type":"page","link":"https:\/\/latinoccu.org\/es\/rules-regulations\/","title":{"rendered":"Normas y Regulaciones"},"content":{"rendered":"<div data-elementor-type=\"wp-page\" data-elementor-id=\"300\" class=\"elementor elementor-300\" data-elementor-post-type=\"page\">\n\t\t\t\t<div class=\"elementor-element elementor-element-37e036cc e-con-full cmp cmp-basic-text e-flex e-con e-parent\" data-id=\"37e036cc\" data-element_type=\"container\" data-e-type=\"container\">\n\t\t<div class=\"elementor-element elementor-element-59f9965 e-flex e-con-boxed e-con e-child\" data-id=\"59f9965\" data-element_type=\"container\" data-e-type=\"container\">\n\t\t\t\t\t<div class=\"e-con-inner\">\n\t\t\t\t<div class=\"elementor-element elementor-element-3e5574f0 elementor-widget elementor-widget-text-editor\" data-id=\"3e5574f0\" data-element_type=\"widget\" data-e-type=\"widget\" data-widget_type=\"text-editor.default\">\n\t\t\t\t<div class=\"elementor-widget-container\">\n\t\t\t\t\t\t\t\t\t<p style=\"font-weight: 400;\">Para tu conveniencia y para asegurarte de que tienes un conocimiento completo de tu cuenta de dep\u00f3sito en la Cooperativa Latina, te proveemos informaci\u00f3n y gu\u00edas detalladas. Si deseas obtener m\u00e1s informaci\u00f3n sobre la gesti\u00f3n de tus cuentas con la Cooperativa Latina, puedes consultar e imprimir una copia de estos documentos.<\/p><ul><li><a href=\"https:\/\/latinoccu.org\/wp-content\/uploads\/2025\/07\/Rules-and-Regulations-7.1.2025-Spanish.pdf\">Reglas y Reglamentos<\/a>: Resume los t\u00e9rminos y condiciones esenciales que regulan tus cuentas en la Cooperativa Latina, garantizando que est\u00e9s plenamente informado sobre tus derechos y responsabilidades como socio.<\/li><li><a href=\"https:\/\/latinoccu.org\/wp-content\/uploads\/2024\/09\/Supplemental-Terms-and-Conditions-for-LCCU-Visa-Debit-Cash-Youth-Debit-Tita-Debit-and-HSA-Cards.pdf\">T\u00e9rminos y condiciones adicionales<\/a>: Estos t\u00e9rminos adicionales se aplican espec\u00edficamente a tu Tarjeta de D\u00e9bito de la Cooperativa Latina Visa\u00ae, y Tarjeta de tu Cuenta Cash.<\/li><li><a href=\"https:\/\/latinoccu.org\/wp-content\/uploads\/2026\/01\/MCX20-SECURED.pdf\">Acuerdo del titular de la tarjeta asegurada<\/a>: Para los socios con una tarjeta asegurada de la Cooperativa Latina, este acuerdo proporciona informaci\u00f3n detallada sobre los t\u00e9rminos de tu cuenta y las medidas de seguridad para proteger tus finanzas.<\/li><li><a href=\"https:\/\/latinoccu.org\/wp-content\/uploads\/2026\/01\/MCX20-UNSECURED.pdf\">Acuerdo de titular de tarjeta sin garant\u00eda<\/a>: Si eres titular de una tarjeta sin garant\u00eda de la Cooperativa Latina, este Acuerdo explica los t\u00e9rminos, condiciones y caracter\u00edsticas de tu tarjeta.<\/li><\/ul>\t\t\t\t\t\t\t\t<\/div>\n\t\t\t\t<\/div>\n\t\t\t\t\t<\/div>\n\t\t\t\t<\/div>\n\t\t\t\t<\/div>\n\t\t\t\t<\/div>","protected":false},"excerpt":{"rendered":"<p>For your convenience and to ensure you have a full understanding of your LCCU depository account, we provide detailed information and guidelines. You can view and print a copy of these documents\u00a0to learn more about managing your accounts with LCCU. Rules and Regulations: Outlines the essential terms and conditions governing your LCCU accounts, ensuring you [&hellip;]<\/p>\n","protected":false},"author":9,"featured_media":0,"parent":0,"menu_order":0,"comment_status":"closed","ping_status":"closed","template":"","meta":{"_acf_changed":false,"inline_featured_image":false,"footnotes":""},"page-structure":[73],"sidebar-content":[],"class_list":["post-300","page","type-page","status-publish","hentry","page-structure-no-featured-image"],"acf":[],"yoast_head":"<!-- This site is optimized with the Yoast SEO plugin v27.2 - https:\/\/yoast.com\/product\/yoast-seo-wordpress\/ -->\n<title>Account Disclosures - latinoccu.org<\/title>\n<meta name=\"robots\" content=\"index, follow, max-snippet:-1, max-image-preview:large, max-video-preview:-1\" \/>\n<link rel=\"canonical\" href=\"https:\/\/latinoccu.org\/es\/rules-regulations\/\" \/>\n<meta property=\"og:locale\" content=\"es_MX\" \/>\n<meta property=\"og:type\" content=\"article\" \/>\n<meta property=\"og:title\" content=\"Account Disclosures - latinoccu.org\" \/>\n<meta property=\"og:description\" content=\"For your convenience and to ensure you have a full understanding of your LCCU depository account, we provide detailed information and guidelines. You can view and print a copy of these documents\u00a0to learn more about managing your accounts with LCCU. Rules and Regulations: Outlines the essential terms and conditions governing your LCCU accounts, ensuring you [&hellip;]\" \/>\n<meta property=\"og:url\" content=\"https:\/\/latinoccu.org\/es\/rules-regulations\/\" \/>\n<meta property=\"og:site_name\" content=\"latinoccu.org\" \/>\n<meta property=\"article:modified_time\" content=\"2026-01-21T12:51:29+00:00\" \/>\n<meta name=\"twitter:card\" content=\"summary_large_image\" \/>\n<meta name=\"twitter:label1\" content=\"Tiempo de lectura\" \/>\n\t<meta name=\"twitter:data1\" content=\"1 minuto\" \/>\n<script type=\"application\/ld+json\" class=\"yoast-schema-graph\">{\"@context\":\"https:\/\/schema.org\",\"@graph\":[{\"@type\":\"WebPage\",\"@id\":\"https:\/\/latinoccu.org\/rules-regulations\/\",\"url\":\"https:\/\/latinoccu.org\/rules-regulations\/\",\"name\":\"Account Disclosures - latinoccu.org\",\"isPartOf\":{\"@id\":\"https:\/\/latinoccu.org\/#website\"},\"datePublished\":\"2016-07-27T15:39:31+00:00\",\"dateModified\":\"2026-01-21T12:51:29+00:00\",\"breadcrumb\":{\"@id\":\"https:\/\/latinoccu.org\/rules-regulations\/#breadcrumb\"},\"inLanguage\":\"es\",\"potentialAction\":[{\"@type\":\"ReadAction\",\"target\":[\"https:\/\/latinoccu.org\/rules-regulations\/\"]}]},{\"@type\":\"BreadcrumbList\",\"@id\":\"https:\/\/latinoccu.org\/rules-regulations\/#breadcrumb\",\"itemListElement\":[{\"@type\":\"ListItem\",\"position\":1,\"name\":\"Home\",\"item\":\"https:\/\/latinoccu.org\/\"},{\"@type\":\"ListItem\",\"position\":2,\"name\":\"Account Disclosures\"}]},{\"@type\":\"WebSite\",\"@id\":\"https:\/\/latinoccu.org\/#website\",\"url\":\"https:\/\/latinoccu.org\/\",\"name\":\"latinoccu.org\",\"description\":\"\",\"potentialAction\":[{\"@type\":\"SearchAction\",\"target\":{\"@type\":\"EntryPoint\",\"urlTemplate\":\"https:\/\/latinoccu.org\/?s={search_term_string}\"},\"query-input\":{\"@type\":\"PropertyValueSpecification\",\"valueRequired\":true,\"valueName\":\"search_term_string\"}}],\"inLanguage\":\"es\"}]}<\/script>\n<!-- \/ Yoast SEO plugin. -->","yoast_head_json":{"title":"Account Disclosures - latinoccu.org","robots":{"index":"index","follow":"follow","max-snippet":"max-snippet:-1","max-image-preview":"max-image-preview:large","max-video-preview":"max-video-preview:-1"},"canonical":"https:\/\/latinoccu.org\/es\/rules-regulations\/","og_locale":"es_MX","og_type":"article","og_title":"Account Disclosures - latinoccu.org","og_description":"For your convenience and to ensure you have a full understanding of your LCCU depository account, we provide detailed information and guidelines. You can view and print a copy of these documents\u00a0to learn more about managing your accounts with LCCU. Rules and Regulations: Outlines the essential terms and conditions governing your LCCU accounts, ensuring you [&hellip;]","og_url":"https:\/\/latinoccu.org\/es\/rules-regulations\/","og_site_name":"latinoccu.org","article_modified_time":"2026-01-21T12:51:29+00:00","twitter_card":"summary_large_image","twitter_misc":{"Tiempo de lectura":"1 minuto"},"schema":{"@context":"https:\/\/schema.org","@graph":[{"@type":"WebPage","@id":"https:\/\/latinoccu.org\/rules-regulations\/","url":"https:\/\/latinoccu.org\/rules-regulations\/","name":"Account Disclosures - latinoccu.org","isPartOf":{"@id":"https:\/\/latinoccu.org\/#website"},"datePublished":"2016-07-27T15:39:31+00:00","dateModified":"2026-01-21T12:51:29+00:00","breadcrumb":{"@id":"https:\/\/latinoccu.org\/rules-regulations\/#breadcrumb"},"inLanguage":"es","potentialAction":[{"@type":"ReadAction","target":["https:\/\/latinoccu.org\/rules-regulations\/"]}]},{"@type":"BreadcrumbList","@id":"https:\/\/latinoccu.org\/rules-regulations\/#breadcrumb","itemListElement":[{"@type":"ListItem","position":1,"name":"Home","item":"https:\/\/latinoccu.org\/"},{"@type":"ListItem","position":2,"name":"Account Disclosures"}]},{"@type":"WebSite","@id":"https:\/\/latinoccu.org\/#website","url":"https:\/\/latinoccu.org\/","name":"latinoccu.org","description":"","potentialAction":[{"@type":"SearchAction","target":{"@type":"EntryPoint","urlTemplate":"https:\/\/latinoccu.org\/?s={search_term_string}"},"query-input":{"@type":"PropertyValueSpecification","valueRequired":true,"valueName":"search_term_string"}}],"inLanguage":"es"}]}},"_links":{"self":[{"href":"https:\/\/latinoccu.org\/es\/wp-json\/wp\/v2\/pages\/300","targetHints":{"allow":["GET"]}}],"collection":[{"href":"https:\/\/latinoccu.org\/es\/wp-json\/wp\/v2\/pages"}],"about":[{"href":"https:\/\/latinoccu.org\/es\/wp-json\/wp\/v2\/types\/page"}],"author":[{"embeddable":true,"href":"https:\/\/latinoccu.org\/es\/wp-json\/wp\/v2\/users\/9"}],"replies":[{"embeddable":true,"href":"https:\/\/latinoccu.org\/es\/wp-json\/wp\/v2\/comments?post=300"}],"version-history":[{"count":0,"href":"https:\/\/latinoccu.org\/es\/wp-json\/wp\/v2\/pages\/300\/revisions"}],"wp:attachment":[{"href":"https:\/\/latinoccu.org\/es\/wp-json\/wp\/v2\/media?parent=300"}],"wp:term":[{"taxonomy":"page-structure","embeddable":true,"href":"https:\/\/latinoccu.org\/es\/wp-json\/wp\/v2\/page-structure?post=300"},{"taxonomy":"sidebar-content","embeddable":true,"href":"https:\/\/latinoccu.org\/es\/wp-json\/wp\/v2\/sidebar-content?post=300"}],"curies":[{"name":"wp","href":"https:\/\/api.w.org\/{rel}","templated":true}]}}