{"id":2990,"date":"2016-10-07T11:06:20","date_gmt":"2016-10-07T15:06:20","guid":{"rendered":"http:\/\/latinoccu.org\/?page_id=2990"},"modified":"2024-08-26T19:06:52","modified_gmt":"2024-08-26T19:06:52","slug":"meet-armando","status":"publish","type":"page","link":"https:\/\/latinoccu.org\/es\/about-us\/mission\/meet-our-members\/meet-armando\/","title":{"rendered":"Conoce a Armando"},"content":{"rendered":"<div data-elementor-type=\"wp-page\" data-elementor-id=\"2990\" class=\"elementor elementor-2990\" data-elementor-post-type=\"page\">\n\t\t\t\t<div class=\"elementor-element elementor-element-22bbb34c cmp cmp-meet-customer e-flex e-con-boxed e-con e-parent\" data-id=\"22bbb34c\" data-element_type=\"container\" data-e-type=\"container\">\n\t\t\t\t\t<div class=\"e-con-inner\">\n\t\t<div class=\"elementor-element elementor-element-58745fbf e-con-full mobile-margins e-flex e-con e-parent\" data-id=\"58745fbf\" data-element_type=\"container\" data-e-type=\"container\">\n\t\t\t\t<div class=\"elementor-element elementor-element-35339c11 elementor-widget__width-initial elementor-widget elementor-widget-heading\" data-id=\"35339c11\" data-element_type=\"widget\" data-e-type=\"widget\" data-widget_type=\"heading.default\">\n\t\t\t\t<div class=\"elementor-widget-container\">\n\t\t\t\t\t<h2 class=\"elementor-heading-title elementor-size-default\">\u201cLatino Credit Union es una organizaci\u00f3n maravillosa. Te tratan como una persona y no un n\u00famero m\u00e1s\u201d\n<\/h2>\t\t\t\t<\/div>\n\t\t\t\t<\/div>\n\t\t\t\t<\/div>\n\t\t<div class=\"elementor-element elementor-element-5d81c1cd e-flex e-con-boxed e-con e-parent\" data-id=\"5d81c1cd\" data-element_type=\"container\" data-e-type=\"container\">\n\t\t\t\t\t<div class=\"e-con-inner\">\n\t\t<div class=\"elementor-element elementor-element-56715f40 e-con-full e-flex e-con e-parent\" data-id=\"56715f40\" data-element_type=\"container\" data-e-type=\"container\">\n\t\t\t\t<div class=\"elementor-element elementor-element-30400f01 elementor-widget elementor-widget-image\" data-id=\"30400f01\" data-element_type=\"widget\" data-e-type=\"widget\" data-widget_type=\"image.default\">\n\t\t\t\t<div class=\"elementor-widget-container\">\n\t\t\t\t\t\t\t\t\t\t\t\t\t\t\t<img fetchpriority=\"high\" decoding=\"async\" width=\"800\" height=\"533\" src=\"https:\/\/latinoccu.org\/wp-content\/uploads\/2016\/10\/Armando-Martinez-2-1.jpg\" class=\"attachment-large size-large wp-image-3055\" alt=\"\" srcset=\"https:\/\/latinoccu.org\/wp-content\/uploads\/2016\/10\/Armando-Martinez-2-1.jpg 800w, https:\/\/latinoccu.org\/wp-content\/uploads\/2016\/10\/Armando-Martinez-2-1-768x512.jpg 768w\" sizes=\"(max-width: 800px) 100vw, 800px\" \/>\t\t\t\t\t\t\t\t\t\t\t\t\t\t\t<\/div>\n\t\t\t\t<\/div>\n\t\t\t\t<\/div>\n\t\t<div class=\"elementor-element elementor-element-4aa34249 e-con-full e-flex e-con e-parent\" data-id=\"4aa34249\" data-element_type=\"container\" data-e-type=\"container\">\n\t\t\t\t<div class=\"elementor-element elementor-element-23ca484b elementor-widget elementor-widget-text-editor\" data-id=\"23ca484b\" data-element_type=\"widget\" data-e-type=\"widget\" data-widget_type=\"text-editor.default\">\n\t\t\t\t<div class=\"elementor-widget-container\">\n\t\t\t\t\t\t\t\t\t<p>Armando se hizo socio de Latino Credit Union en 2006, a trav\u00e9s de una recomendaci\u00f3n de unos amigos. Desde entonces ha crecido con nosotros, empezando con una cuenta de ahorros, adicionando una cuenta corriente y despu\u00e9s adquiriendo cuentas para toda su familia. Cuando estaba listo, decidi\u00f3 financiar un auto, y finalmente, su casa. Como muchos otros socios, Armando entendi\u00f3 la importancia de poseer su casa propia y de que Latino Credit Union era el compa\u00f1ero perfecto para alcanzar sus sue\u00f1os.<br \/><br \/>\n\nArmando se siente orgulloso de que sus hijos ya son socios y, mientras los apoya para que contin\u00faen sus estudios, \u00e9l est\u00e1 seguro que ellos ser\u00e1n socios de por vida.<\/p>\t\t\t\t\t\t\t\t<\/div>\n\t\t\t\t<\/div>\n\t\t\t\t<\/div>\n\t\t\t\t\t<\/div>\n\t\t\t\t<\/div>\n\t\t\t\t\t<\/div>\n\t\t\t\t<\/div>\n\t\t\t\t<\/div>","protected":false},"excerpt":{"rendered":"<p>\u201cThe credit union is a great organization. They treat you like a human being.\u201d Armando became a member of Latino Credit Union in 2006, through a referral from friends. Ever since, he has grown with us, starting off with a savings account, moving on to checking accounts and then accounts for his entire family. When [&hellip;]<\/p>\n","protected":false},"author":6,"featured_media":3054,"parent":857,"menu_order":0,"comment_status":"closed","ping_status":"closed","template":"","meta":{"_acf_changed":false,"inline_featured_image":false,"footnotes":""},"page-structure":[],"sidebar-content":[],"class_list":["post-2990","page","type-page","status-publish","has-post-thumbnail","hentry"],"acf":[],"yoast_head":"<!-- This site is optimized with the Yoast SEO plugin v27.2 - https:\/\/yoast.com\/product\/yoast-seo-wordpress\/ -->\n<title>Meet Armando - latinoccu.org<\/title>\n<meta name=\"robots\" content=\"index, follow, max-snippet:-1, max-image-preview:large, max-video-preview:-1\" \/>\n<link rel=\"canonical\" href=\"https:\/\/latinoccu.org\/es\/about-us\/mission\/meet-our-members\/meet-armando\/\" \/>\n<meta property=\"og:locale\" content=\"es_MX\" \/>\n<meta property=\"og:type\" content=\"article\" \/>\n<meta property=\"og:title\" content=\"Meet Armando - latinoccu.org\" \/>\n<meta property=\"og:description\" content=\"\u201cThe credit union is a great organization. They treat you like a human being.\u201d Armando became a member of Latino Credit Union in 2006, through a referral from friends. Ever since, he has grown with us, starting off with a savings account, moving on to checking accounts and then accounts for his entire family. When [&hellip;]\" \/>\n<meta property=\"og:url\" content=\"https:\/\/latinoccu.org\/es\/about-us\/mission\/meet-our-members\/meet-armando\/\" \/>\n<meta property=\"og:site_name\" content=\"latinoccu.org\" \/>\n<meta property=\"article:modified_time\" content=\"2024-08-26T19:06:52+00:00\" \/>\n<meta property=\"og:image\" content=\"https:\/\/latinoccu.org\/wp-content\/uploads\/2016\/10\/Armando-Martinez-1.jpg\" \/>\n\t<meta property=\"og:image:width\" content=\"1500\" \/>\n\t<meta property=\"og:image:height\" content=\"450\" \/>\n\t<meta property=\"og:image:type\" content=\"image\/jpeg\" \/>\n<meta name=\"twitter:card\" content=\"summary_large_image\" \/>\n<meta name=\"twitter:label1\" content=\"Tiempo de lectura\" \/>\n\t<meta name=\"twitter:data1\" content=\"1 minuto\" \/>\n<script type=\"application\/ld+json\" class=\"yoast-schema-graph\">{\"@context\":\"https:\/\/schema.org\",\"@graph\":[{\"@type\":\"WebPage\",\"@id\":\"https:\/\/latinoccu.org\/about-us\/mission\/meet-our-members\/meet-armando\/\",\"url\":\"https:\/\/latinoccu.org\/about-us\/mission\/meet-our-members\/meet-armando\/\",\"name\":\"Meet Armando - latinoccu.org\",\"isPartOf\":{\"@id\":\"https:\/\/latinoccu.org\/#website\"},\"primaryImageOfPage\":{\"@id\":\"https:\/\/latinoccu.org\/about-us\/mission\/meet-our-members\/meet-armando\/#primaryimage\"},\"image\":{\"@id\":\"https:\/\/latinoccu.org\/about-us\/mission\/meet-our-members\/meet-armando\/#primaryimage\"},\"thumbnailUrl\":\"https:\/\/latinoccu.org\/wp-content\/uploads\/2016\/10\/Armando-Martinez-1.jpg\",\"datePublished\":\"2016-10-07T15:06:20+00:00\",\"dateModified\":\"2024-08-26T19:06:52+00:00\",\"breadcrumb\":{\"@id\":\"https:\/\/latinoccu.org\/about-us\/mission\/meet-our-members\/meet-armando\/#breadcrumb\"},\"inLanguage\":\"es\",\"potentialAction\":[{\"@type\":\"ReadAction\",\"target\":[\"https:\/\/latinoccu.org\/about-us\/mission\/meet-our-members\/meet-armando\/\"]}]},{\"@type\":\"ImageObject\",\"inLanguage\":\"es\",\"@id\":\"https:\/\/latinoccu.org\/about-us\/mission\/meet-our-members\/meet-armando\/#primaryimage\",\"url\":\"https:\/\/latinoccu.org\/wp-content\/uploads\/2016\/10\/Armando-Martinez-1.jpg\",\"contentUrl\":\"https:\/\/latinoccu.org\/wp-content\/uploads\/2016\/10\/Armando-Martinez-1.jpg\",\"width\":1500,\"height\":450},{\"@type\":\"BreadcrumbList\",\"@id\":\"https:\/\/latinoccu.org\/about-us\/mission\/meet-our-members\/meet-armando\/#breadcrumb\",\"itemListElement\":[{\"@type\":\"ListItem\",\"position\":1,\"name\":\"Home\",\"item\":\"https:\/\/latinoccu.org\/\"},{\"@type\":\"ListItem\",\"position\":2,\"name\":\"About Us\",\"item\":\"https:\/\/latinoccu.org\/about-us\/\"},{\"@type\":\"ListItem\",\"position\":3,\"name\":\"Mission\",\"item\":\"https:\/\/latinoccu.org\/about-us\/mission\/\"},{\"@type\":\"ListItem\",\"position\":4,\"name\":\"Meet Our Members\",\"item\":\"https:\/\/latinoccu.org\/about-us\/mission\/meet-our-members\/\"},{\"@type\":\"ListItem\",\"position\":5,\"name\":\"Meet Armando\"}]},{\"@type\":\"WebSite\",\"@id\":\"https:\/\/latinoccu.org\/#website\",\"url\":\"https:\/\/latinoccu.org\/\",\"name\":\"latinoccu.org\",\"description\":\"\",\"potentialAction\":[{\"@type\":\"SearchAction\",\"target\":{\"@type\":\"EntryPoint\",\"urlTemplate\":\"https:\/\/latinoccu.org\/?s={search_term_string}\"},\"query-input\":{\"@type\":\"PropertyValueSpecification\",\"valueRequired\":true,\"valueName\":\"search_term_string\"}}],\"inLanguage\":\"es\"}]}<\/script>\n<!-- \/ Yoast SEO plugin. -->","yoast_head_json":{"title":"Meet Armando - latinoccu.org","robots":{"index":"index","follow":"follow","max-snippet":"max-snippet:-1","max-image-preview":"max-image-preview:large","max-video-preview":"max-video-preview:-1"},"canonical":"https:\/\/latinoccu.org\/es\/about-us\/mission\/meet-our-members\/meet-armando\/","og_locale":"es_MX","og_type":"article","og_title":"Meet Armando - latinoccu.org","og_description":"\u201cThe credit union is a great organization. They treat you like a human being.\u201d Armando became a member of Latino Credit Union in 2006, through a referral from friends. Ever since, he has grown with us, starting off with a savings account, moving on to checking accounts and then accounts for his entire family. When [&hellip;]","og_url":"https:\/\/latinoccu.org\/es\/about-us\/mission\/meet-our-members\/meet-armando\/","og_site_name":"latinoccu.org","article_modified_time":"2024-08-26T19:06:52+00:00","og_image":[{"width":1500,"height":450,"url":"https:\/\/latinoccu.org\/wp-content\/uploads\/2016\/10\/Armando-Martinez-1.jpg","type":"image\/jpeg"}],"twitter_card":"summary_large_image","twitter_misc":{"Tiempo de lectura":"1 minuto"},"schema":{"@context":"https:\/\/schema.org","@graph":[{"@type":"WebPage","@id":"https:\/\/latinoccu.org\/about-us\/mission\/meet-our-members\/meet-armando\/","url":"https:\/\/latinoccu.org\/about-us\/mission\/meet-our-members\/meet-armando\/","name":"Meet Armando - latinoccu.org","isPartOf":{"@id":"https:\/\/latinoccu.org\/#website"},"primaryImageOfPage":{"@id":"https:\/\/latinoccu.org\/about-us\/mission\/meet-our-members\/meet-armando\/#primaryimage"},"image":{"@id":"https:\/\/latinoccu.org\/about-us\/mission\/meet-our-members\/meet-armando\/#primaryimage"},"thumbnailUrl":"https:\/\/latinoccu.org\/wp-content\/uploads\/2016\/10\/Armando-Martinez-1.jpg","datePublished":"2016-10-07T15:06:20+00:00","dateModified":"2024-08-26T19:06:52+00:00","breadcrumb":{"@id":"https:\/\/latinoccu.org\/about-us\/mission\/meet-our-members\/meet-armando\/#breadcrumb"},"inLanguage":"es","potentialAction":[{"@type":"ReadAction","target":["https:\/\/latinoccu.org\/about-us\/mission\/meet-our-members\/meet-armando\/"]}]},{"@type":"ImageObject","inLanguage":"es","@id":"https:\/\/latinoccu.org\/about-us\/mission\/meet-our-members\/meet-armando\/#primaryimage","url":"https:\/\/latinoccu.org\/wp-content\/uploads\/2016\/10\/Armando-Martinez-1.jpg","contentUrl":"https:\/\/latinoccu.org\/wp-content\/uploads\/2016\/10\/Armando-Martinez-1.jpg","width":1500,"height":450},{"@type":"BreadcrumbList","@id":"https:\/\/latinoccu.org\/about-us\/mission\/meet-our-members\/meet-armando\/#breadcrumb","itemListElement":[{"@type":"ListItem","position":1,"name":"Home","item":"https:\/\/latinoccu.org\/"},{"@type":"ListItem","position":2,"name":"About Us","item":"https:\/\/latinoccu.org\/about-us\/"},{"@type":"ListItem","position":3,"name":"Mission","item":"https:\/\/latinoccu.org\/about-us\/mission\/"},{"@type":"ListItem","position":4,"name":"Meet Our Members","item":"https:\/\/latinoccu.org\/about-us\/mission\/meet-our-members\/"},{"@type":"ListItem","position":5,"name":"Meet Armando"}]},{"@type":"WebSite","@id":"https:\/\/latinoccu.org\/#website","url":"https:\/\/latinoccu.org\/","name":"latinoccu.org","description":"","potentialAction":[{"@type":"SearchAction","target":{"@type":"EntryPoint","urlTemplate":"https:\/\/latinoccu.org\/?s={search_term_string}"},"query-input":{"@type":"PropertyValueSpecification","valueRequired":true,"valueName":"search_term_string"}}],"inLanguage":"es"}]}},"_links":{"self":[{"href":"https:\/\/latinoccu.org\/es\/wp-json\/wp\/v2\/pages\/2990","targetHints":{"allow":["GET"]}}],"collection":[{"href":"https:\/\/latinoccu.org\/es\/wp-json\/wp\/v2\/pages"}],"about":[{"href":"https:\/\/latinoccu.org\/es\/wp-json\/wp\/v2\/types\/page"}],"author":[{"embeddable":true,"href":"https:\/\/latinoccu.org\/es\/wp-json\/wp\/v2\/users\/6"}],"replies":[{"embeddable":true,"href":"https:\/\/latinoccu.org\/es\/wp-json\/wp\/v2\/comments?post=2990"}],"version-history":[{"count":0,"href":"https:\/\/latinoccu.org\/es\/wp-json\/wp\/v2\/pages\/2990\/revisions"}],"up":[{"embeddable":true,"href":"https:\/\/latinoccu.org\/es\/wp-json\/wp\/v2\/pages\/857"}],"wp:featuredmedia":[{"embeddable":true,"href":"https:\/\/latinoccu.org\/es\/wp-json\/wp\/v2\/media\/3054"}],"wp:attachment":[{"href":"https:\/\/latinoccu.org\/es\/wp-json\/wp\/v2\/media?parent=2990"}],"wp:term":[{"taxonomy":"page-structure","embeddable":true,"href":"https:\/\/latinoccu.org\/es\/wp-json\/wp\/v2\/page-structure?post=2990"},{"taxonomy":"sidebar-content","embeddable":true,"href":"https:\/\/latinoccu.org\/es\/wp-json\/wp\/v2\/sidebar-content?post=2990"}],"curies":[{"name":"wp","href":"https:\/\/api.w.org\/{rel}","templated":true}]}}