{"id":290,"date":"2016-07-27T08:00:06","date_gmt":"2016-07-27T12:00:06","guid":{"rendered":"http:\/\/local.wordpress.dev\/?page_id=290"},"modified":"2024-11-06T17:03:37","modified_gmt":"2024-11-06T17:03:37","slug":"atms","status":"publish","type":"page","link":"https:\/\/latinoccu.org\/es\/atms\/","title":{"rendered":"Cajeros Autom\u00e1ticos"},"content":{"rendered":"<div data-elementor-type=\"wp-page\" data-elementor-id=\"290\" class=\"elementor elementor-290\" data-elementor-post-type=\"page\">\n\t\t\t\t<div class=\"elementor-element elementor-element-d88d25 e-con-full mobile-margins cmp cmp-centered-text e-flex e-con e-parent\" data-id=\"d88d25\" data-element_type=\"container\" data-e-type=\"container\">\n\t\t<div class=\"elementor-element elementor-element-1c010d40 e-flex e-con-boxed e-con e-child\" data-id=\"1c010d40\" data-element_type=\"container\" data-e-type=\"container\">\n\t\t\t\t\t<div class=\"e-con-inner\">\n\t\t<div class=\"elementor-element elementor-element-18d6cd73 e-flex e-con-boxed e-con e-child\" data-id=\"18d6cd73\" data-element_type=\"container\" data-e-type=\"container\">\n\t\t\t\t\t<div class=\"e-con-inner\">\n\t\t\t\t<div class=\"elementor-element elementor-element-4c5634d elementor-widget elementor-widget-text-editor\" data-id=\"4c5634d\" data-element_type=\"widget\" data-e-type=\"widget\" data-widget_type=\"text-editor.default\">\n\t\t\t\t<div class=\"elementor-widget-container\">\n\t\t\t\t\t\t\t\t\t<p style=\"font-weight: 400;\">Con nuestra amplia red de cajeros autom\u00e1ticos, acceder a tus fondos nunca hab\u00eda sido m\u00e1s sencillo. Ya est\u00e9s en casa o de viaje, utiliza nuestro localizador de cajeros autom\u00e1ticos para encontrar una sucursal o un cajero autom\u00e1tico cercano en cualquier parte del pa\u00eds. Disfruta de retiros de efectivo, consultas de saldo y dep\u00f3sitos gratuitos en la mayor\u00eda de los cajeros, ofreci\u00e9ndote la flexibilidad y acceso que necesitas en todo momento y lugar.<\/p><ul><li>Accede a tus cuentas 24 horas al d\u00eda, 7 d\u00edas a la semana.<\/li><li>Disfruta de transacciones sin costo en los cajeros autom\u00e1ticos participantes.<\/li><li>Consulta el saldo de tus cuentas de dep\u00f3sito con facilidad.<\/li><li>Transfiere fondos entre tus cuentas<\/li><li>Elige entre ingl\u00e9s o espa\u00f1ol en muchos cajeros autom\u00e1ticos para una experiencia personalizada.<\/li><li>Gu\u00eda de voz disponible, garantizando accesibilidad para todos<\/li><li>Accede a cajeros autom\u00e1ticos en todo el pa\u00eds para retiros gratuitos y consultas de saldo en ubicaciones participantes.<\/li><li>Realiza dep\u00f3sitos en tus cuentas de LCCU en cajeros seleccionados.<\/li><\/ul><p>\u00a0 \u00a0 \u00a0 \u00a0 \u00a0 \u00a0 \u00a0 \u00a0 \u00a0 <strong>Cajeros que aceptan dep\u00f3sitos est\u00e1n marcados con este s\u00edmbolo:<\/strong> <img decoding=\"async\" class=\"wp-image-20393 alignnone\" src=\"https:\/\/latinoccu.org\/wp-content\/uploads\/2024\/09\/ATM-MARKER-BOX-300x300.png\" alt=\"\" width=\"57\" height=\"57\" srcset=\"https:\/\/latinoccu.org\/wp-content\/uploads\/2024\/09\/ATM-MARKER-BOX-300x300.png 300w, https:\/\/latinoccu.org\/wp-content\/uploads\/2024\/09\/ATM-MARKER-BOX-1024x1024.png 1024w, https:\/\/latinoccu.org\/wp-content\/uploads\/2024\/09\/ATM-MARKER-BOX-150x150.png 150w, https:\/\/latinoccu.org\/wp-content\/uploads\/2024\/09\/ATM-MARKER-BOX-768x768.png 768w, https:\/\/latinoccu.org\/wp-content\/uploads\/2024\/09\/ATM-MARKER-BOX-1536x1536.png 1536w, https:\/\/latinoccu.org\/wp-content\/uploads\/2024\/09\/ATM-MARKER-BOX-2048x2048.png 2048w, https:\/\/latinoccu.org\/wp-content\/uploads\/2024\/09\/ATM-MARKER-BOX-12x12.png 12w\" sizes=\"(max-width: 57px) 100vw, 57px\" \/><\/p>\t\t\t\t\t\t\t\t<\/div>\n\t\t\t\t<\/div>\n\t\t\t\t\t<\/div>\n\t\t\t\t<\/div>\n\t\t\t\t\t<\/div>\n\t\t\t\t<\/div>\n\t\t\t\t<\/div>\n\t\t<div data-dce-background-color=\"#F0F0F0\" class=\"elementor-element elementor-element-3d46fa3 e-con-full cmp cmp-centered-text atm-locator e-flex e-con e-parent\" data-id=\"3d46fa3\" data-element_type=\"container\" data-e-type=\"container\" data-settings=\"{&quot;background_background&quot;:&quot;classic&quot;}\">\n\t\t\t\t<div class=\"elementor-element elementor-element-4d53bd5 elementor-widget elementor-widget-html\" data-id=\"4d53bd5\" data-element_type=\"widget\" data-e-type=\"widget\" data-no-translation=\"\" data-widget_type=\"html.default\">\n\t\t\t\t<div class=\"elementor-widget-container\">\n\t\t\t\t\t<style>.elementor-element-4d53bd5{display:none !important}<\/style>\t\t\t\t<\/div>\n\t\t\t\t<\/div>\n\t\t\t\t<div class=\"elementor-element elementor-element-62537ed elementor-widget elementor-widget-html\" data-id=\"62537ed\" data-element_type=\"widget\" data-e-type=\"widget\" data-no-translation=\"\" data-widget_type=\"html.default\">\n\t\t\t\t<div class=\"elementor-widget-container\">\n\t\t\t\t\t<iframe src=\"https:\/\/latinocculocator.wave2.io\/?lang=es\" height=\"800\" width=\"100%\"><\/iframe>\t\t\t\t<\/div>\n\t\t\t\t<\/div>\n\t\t\t\t<\/div>\n\t\t<div class=\"elementor-element elementor-element-48667df e-con-full mobile-margins cmp cmp-centered-text e-flex e-con e-parent\" data-id=\"48667df\" data-element_type=\"container\" data-e-type=\"container\">\n\t\t<div class=\"elementor-element elementor-element-c4ba711 e-flex e-con-boxed e-con e-child\" data-id=\"c4ba711\" data-element_type=\"container\" data-e-type=\"container\">\n\t\t\t\t\t<div class=\"e-con-inner\">\n\t\t<div class=\"elementor-element elementor-element-81f873e e-flex e-con-boxed e-con e-child\" data-id=\"81f873e\" data-element_type=\"container\" data-e-type=\"container\">\n\t\t\t\t\t<div class=\"e-con-inner\">\n\t\t\t\t<div class=\"elementor-element elementor-element-8e14af1 elementor-widget elementor-widget-video\" data-id=\"8e14af1\" data-element_type=\"widget\" data-e-type=\"widget\" data-settings=\"{&quot;youtube_url&quot;:&quot;https:\\\/\\\/youtu.be\\\/09jSWS5H4Mc&quot;,&quot;video_type&quot;:&quot;youtube&quot;,&quot;controls&quot;:&quot;yes&quot;}\" data-widget_type=\"video.default\">\n\t\t\t\t<div class=\"elementor-widget-container\">\n\t\t\t\t\t<style>.elementor-element-8e14af1{display:none !important}<\/style>\t\t\t\t<\/div>\n\t\t\t\t<\/div>\n\t\t\t\t<div class=\"elementor-element elementor-element-fbcc757 elementor-widget elementor-widget-video\" data-id=\"fbcc757\" data-element_type=\"widget\" data-e-type=\"widget\" data-settings=\"{&quot;youtube_url&quot;:&quot;https:\\\/\\\/youtu.be\\\/3X6z0vYSk5A&quot;,&quot;video_type&quot;:&quot;youtube&quot;,&quot;controls&quot;:&quot;yes&quot;}\" data-widget_type=\"video.default\">\n\t\t\t\t<div class=\"elementor-widget-container\">\n\t\t\t\t\t\t\t<div class=\"elementor-wrapper elementor-open-inline\">\n\t\t\t<div class=\"elementor-video\"><\/div>\t\t<\/div>\n\t\t\t\t\t\t<\/div>\n\t\t\t\t<\/div>\n\t\t\t\t<div class=\"elementor-element elementor-element-4b288b0 elementor-widget elementor-widget-text-editor\" data-id=\"4b288b0\" data-element_type=\"widget\" data-e-type=\"widget\" data-widget_type=\"text-editor.default\">\n\t\t\t\t<div class=\"elementor-widget-container\">\n\t\t\t\t\t\t\t\t\t<h3 style=\"font-weight: 400;\"><strong>C\u00f3mo buscar el cajero autom\u00e1tico m\u00e1s cercano<\/strong><strong>:<\/strong><\/h3><ol><li>Escribe tu ubicaci\u00f3n o c\u00f3digo postal en la barra de b\u00fasqueda. Usa las opciones de b\u00fasqueda avanzada debajo de la barra para filtrar los resultados por sucursales de LCCU, cajeros autom\u00e1ticos que aceptan dep\u00f3sitos o cajeros autom\u00e1ticos sin costos adicionales.<\/li><li>Arrastra y ampl\u00eda el mapa para ajustar el radio de b\u00fasqueda hasta encontrar el cajero autom\u00e1tico que mejor se ajuste a tus necesidades.<\/li><li>Haz clic en el icono del marcador de ubicaci\u00f3n en el lado izquierdo de la barra de b\u00fasqueda para encontrar tu ubicaci\u00f3n actual. Tambi\u00e9n puedes usar el marcador de ubicaci\u00f3n ubicado debajo de las opciones de zoom en el lado derecho.<\/li><\/ol><p>\u00a0<\/p><h3 style=\"font-weight: 400;\"><strong>Sobre nuestro localizador de cajeros autom\u00e1ticos:<\/strong><\/h3><ul><li>Una vez que encuentres un cajero autom\u00e1tico, haz clic en \u00e9l para ver informaci\u00f3n detallada.<\/li><li>En el panel de la izquierda, podr\u00e1s consultar la direcci\u00f3n del cajero, la distancia, el horario de funcionamiento y los servicios disponibles.<\/li><li>\u00a1Gracias a la colaboraci\u00f3n de LCCU con Co-Op y Dolphin Debit, nuestra red ha crecido! Ver\u00e1s la marca o nombre del cajero autom\u00e1tico en el panel de detalles, y los cajeros CashPoints contin\u00faan ofreciendo retiros gratuitos.<\/li><li>Desde el panel de Detalles de Ubicaci\u00f3n, puedes obtener direcciones que se abrir\u00e1n en tu aplicaci\u00f3n de navegaci\u00f3n preferida. Tambi\u00e9n puedes explorar la vista de calle o ver fotos de los alrededores del cajero, as\u00ed como compartir la ubicaci\u00f3n con otros.<\/li><li>La lista de ubicaciones te mostrar\u00e1 cajeros autom\u00e1ticos cercanos adicionales, ofreci\u00e9ndote varias opciones.<\/li><li>La lista de ubicaciones tambi\u00e9n proporciona informaci\u00f3n b\u00e1sica, como la direcci\u00f3n del cajero, la distancia y los iconos que indican servicios como aceptaci\u00f3n de dep\u00f3sitos, disponibilidad las 24 horas o acceso restringido.<\/li><\/ul>\t\t\t\t\t\t\t\t<\/div>\n\t\t\t\t<\/div>\n\t\t\t\t\t<\/div>\n\t\t\t\t<\/div>\n\t\t\t\t\t<\/div>\n\t\t\t\t<\/div>\n\t\t\t\t<\/div>\n\t\t\t\t<\/div>","protected":false},"excerpt":{"rendered":"<p>With our expanded network of ATMs, accessing your funds has never been easier. Whether you&#8217;re at home or on the go, use our convenient ATM Locator to find a branch or a nationwide ATM near you. Enjoy free cash withdrawals, balance inquiries, and deposits at most locations, giving you the flexibility and access you need, [&hellip;]<\/p>\n","protected":false},"author":18,"featured_media":0,"parent":0,"menu_order":0,"comment_status":"closed","ping_status":"closed","template":"","meta":{"_acf_changed":false,"inline_featured_image":false,"footnotes":""},"page-structure":[],"sidebar-content":[],"class_list":["post-290","page","type-page","status-publish","hentry"],"acf":[],"yoast_head":"<!-- This site is optimized with the Yoast SEO plugin v27.2 - https:\/\/yoast.com\/product\/yoast-seo-wordpress\/ -->\n<title>ATMs - latinoccu.org<\/title>\n<meta name=\"robots\" content=\"index, follow, max-snippet:-1, max-image-preview:large, max-video-preview:-1\" \/>\n<link rel=\"canonical\" href=\"https:\/\/latinoccu.org\/es\/atms\/\" \/>\n<meta property=\"og:locale\" content=\"es_MX\" \/>\n<meta property=\"og:type\" content=\"article\" \/>\n<meta property=\"og:title\" content=\"ATMs - latinoccu.org\" \/>\n<meta property=\"og:description\" content=\"With our expanded network of ATMs, accessing your funds has never been easier. Whether you&#8217;re at home or on the go, use our convenient ATM Locator to find a branch or a nationwide ATM near you. Enjoy free cash withdrawals, balance inquiries, and deposits at most locations, giving you the flexibility and access you need, [&hellip;]\" \/>\n<meta property=\"og:url\" content=\"https:\/\/latinoccu.org\/es\/atms\/\" \/>\n<meta property=\"og:site_name\" content=\"latinoccu.org\" \/>\n<meta property=\"article:modified_time\" content=\"2024-11-06T17:03:37+00:00\" \/>\n<meta property=\"og:image\" content=\"https:\/\/latinoccu.org\/wp-content\/uploads\/2024\/09\/ATM-MARKER-BOX-300x300.png\" \/>\n<meta name=\"twitter:card\" content=\"summary_large_image\" \/>\n<meta name=\"twitter:label1\" content=\"Tiempo de lectura\" \/>\n\t<meta name=\"twitter:data1\" content=\"2 minutos\" \/>\n<script type=\"application\/ld+json\" class=\"yoast-schema-graph\">{\"@context\":\"https:\/\/schema.org\",\"@graph\":[{\"@type\":\"WebPage\",\"@id\":\"https:\/\/latinoccu.org\/atms\/\",\"url\":\"https:\/\/latinoccu.org\/atms\/\",\"name\":\"ATMs - latinoccu.org\",\"isPartOf\":{\"@id\":\"https:\/\/latinoccu.org\/#website\"},\"primaryImageOfPage\":{\"@id\":\"https:\/\/latinoccu.org\/atms\/#primaryimage\"},\"image\":{\"@id\":\"https:\/\/latinoccu.org\/atms\/#primaryimage\"},\"thumbnailUrl\":\"https:\/\/latinoccu.org\/wp-content\/uploads\/2024\/09\/ATM-MARKER-BOX-300x300.png\",\"datePublished\":\"2016-07-27T12:00:06+00:00\",\"dateModified\":\"2024-11-06T17:03:37+00:00\",\"breadcrumb\":{\"@id\":\"https:\/\/latinoccu.org\/atms\/#breadcrumb\"},\"inLanguage\":\"es\",\"potentialAction\":[{\"@type\":\"ReadAction\",\"target\":[\"https:\/\/latinoccu.org\/atms\/\"]}]},{\"@type\":\"ImageObject\",\"inLanguage\":\"es\",\"@id\":\"https:\/\/latinoccu.org\/atms\/#primaryimage\",\"url\":\"https:\/\/latinoccu.org\/wp-content\/uploads\/2024\/09\/ATM-MARKER-BOX-300x300.png\",\"contentUrl\":\"https:\/\/latinoccu.org\/wp-content\/uploads\/2024\/09\/ATM-MARKER-BOX-300x300.png\"},{\"@type\":\"BreadcrumbList\",\"@id\":\"https:\/\/latinoccu.org\/atms\/#breadcrumb\",\"itemListElement\":[{\"@type\":\"ListItem\",\"position\":1,\"name\":\"Home\",\"item\":\"https:\/\/latinoccu.org\/\"},{\"@type\":\"ListItem\",\"position\":2,\"name\":\"ATMs\"}]},{\"@type\":\"WebSite\",\"@id\":\"https:\/\/latinoccu.org\/#website\",\"url\":\"https:\/\/latinoccu.org\/\",\"name\":\"latinoccu.org\",\"description\":\"\",\"potentialAction\":[{\"@type\":\"SearchAction\",\"target\":{\"@type\":\"EntryPoint\",\"urlTemplate\":\"https:\/\/latinoccu.org\/?s={search_term_string}\"},\"query-input\":{\"@type\":\"PropertyValueSpecification\",\"valueRequired\":true,\"valueName\":\"search_term_string\"}}],\"inLanguage\":\"es\"}]}<\/script>\n<!-- \/ Yoast SEO plugin. -->","yoast_head_json":{"title":"ATMs - latinoccu.org","robots":{"index":"index","follow":"follow","max-snippet":"max-snippet:-1","max-image-preview":"max-image-preview:large","max-video-preview":"max-video-preview:-1"},"canonical":"https:\/\/latinoccu.org\/es\/atms\/","og_locale":"es_MX","og_type":"article","og_title":"ATMs - latinoccu.org","og_description":"With our expanded network of ATMs, accessing your funds has never been easier. Whether you&#8217;re at home or on the go, use our convenient ATM Locator to find a branch or a nationwide ATM near you. Enjoy free cash withdrawals, balance inquiries, and deposits at most locations, giving you the flexibility and access you need, [&hellip;]","og_url":"https:\/\/latinoccu.org\/es\/atms\/","og_site_name":"latinoccu.org","article_modified_time":"2024-11-06T17:03:37+00:00","og_image":[{"url":"https:\/\/latinoccu.org\/wp-content\/uploads\/2024\/09\/ATM-MARKER-BOX-300x300.png","type":"","width":"","height":""}],"twitter_card":"summary_large_image","twitter_misc":{"Tiempo de lectura":"2 minutos"},"schema":{"@context":"https:\/\/schema.org","@graph":[{"@type":"WebPage","@id":"https:\/\/latinoccu.org\/atms\/","url":"https:\/\/latinoccu.org\/atms\/","name":"ATMs - latinoccu.org","isPartOf":{"@id":"https:\/\/latinoccu.org\/#website"},"primaryImageOfPage":{"@id":"https:\/\/latinoccu.org\/atms\/#primaryimage"},"image":{"@id":"https:\/\/latinoccu.org\/atms\/#primaryimage"},"thumbnailUrl":"https:\/\/latinoccu.org\/wp-content\/uploads\/2024\/09\/ATM-MARKER-BOX-300x300.png","datePublished":"2016-07-27T12:00:06+00:00","dateModified":"2024-11-06T17:03:37+00:00","breadcrumb":{"@id":"https:\/\/latinoccu.org\/atms\/#breadcrumb"},"inLanguage":"es","potentialAction":[{"@type":"ReadAction","target":["https:\/\/latinoccu.org\/atms\/"]}]},{"@type":"ImageObject","inLanguage":"es","@id":"https:\/\/latinoccu.org\/atms\/#primaryimage","url":"https:\/\/latinoccu.org\/wp-content\/uploads\/2024\/09\/ATM-MARKER-BOX-300x300.png","contentUrl":"https:\/\/latinoccu.org\/wp-content\/uploads\/2024\/09\/ATM-MARKER-BOX-300x300.png"},{"@type":"BreadcrumbList","@id":"https:\/\/latinoccu.org\/atms\/#breadcrumb","itemListElement":[{"@type":"ListItem","position":1,"name":"Home","item":"https:\/\/latinoccu.org\/"},{"@type":"ListItem","position":2,"name":"ATMs"}]},{"@type":"WebSite","@id":"https:\/\/latinoccu.org\/#website","url":"https:\/\/latinoccu.org\/","name":"latinoccu.org","description":"","potentialAction":[{"@type":"SearchAction","target":{"@type":"EntryPoint","urlTemplate":"https:\/\/latinoccu.org\/?s={search_term_string}"},"query-input":{"@type":"PropertyValueSpecification","valueRequired":true,"valueName":"search_term_string"}}],"inLanguage":"es"}]}},"_links":{"self":[{"href":"https:\/\/latinoccu.org\/es\/wp-json\/wp\/v2\/pages\/290","targetHints":{"allow":["GET"]}}],"collection":[{"href":"https:\/\/latinoccu.org\/es\/wp-json\/wp\/v2\/pages"}],"about":[{"href":"https:\/\/latinoccu.org\/es\/wp-json\/wp\/v2\/types\/page"}],"author":[{"embeddable":true,"href":"https:\/\/latinoccu.org\/es\/wp-json\/wp\/v2\/users\/18"}],"replies":[{"embeddable":true,"href":"https:\/\/latinoccu.org\/es\/wp-json\/wp\/v2\/comments?post=290"}],"version-history":[{"count":0,"href":"https:\/\/latinoccu.org\/es\/wp-json\/wp\/v2\/pages\/290\/revisions"}],"wp:attachment":[{"href":"https:\/\/latinoccu.org\/es\/wp-json\/wp\/v2\/media?parent=290"}],"wp:term":[{"taxonomy":"page-structure","embeddable":true,"href":"https:\/\/latinoccu.org\/es\/wp-json\/wp\/v2\/page-structure?post=290"},{"taxonomy":"sidebar-content","embeddable":true,"href":"https:\/\/latinoccu.org\/es\/wp-json\/wp\/v2\/sidebar-content?post=290"}],"curies":[{"name":"wp","href":"https:\/\/api.w.org\/{rel}","templated":true}]}}