{"id":280,"date":"2016-07-27T07:55:06","date_gmt":"2016-07-27T11:55:06","guid":{"rendered":"http:\/\/local.wordpress.dev\/?page_id=280"},"modified":"2026-02-25T16:42:09","modified_gmt":"2026-02-25T16:42:09","slug":"lcdc","status":"publish","type":"page","link":"https:\/\/latinoccu.org\/es\/about-us\/lcdc\/","title":{"rendered":"LCDC"},"content":{"rendered":"<div data-elementor-type=\"wp-page\" data-elementor-id=\"280\" class=\"elementor elementor-280\" data-elementor-post-type=\"page\">\n\t\t\t\t<div class=\"elementor-element elementor-element-6522025b e-con-full mobile-margins cmp cmp-centered-text e-flex e-con e-parent\" data-id=\"6522025b\" data-element_type=\"container\" data-e-type=\"container\">\n\t\t<div class=\"elementor-element elementor-element-4fbec8e4 e-flex e-con-boxed e-con e-child\" data-id=\"4fbec8e4\" data-element_type=\"container\" data-e-type=\"container\">\n\t\t\t\t\t<div class=\"e-con-inner\">\n\t\t<div class=\"elementor-element elementor-element-eef9ce9 e-flex e-con-boxed e-con e-child\" data-id=\"eef9ce9\" data-element_type=\"container\" data-e-type=\"container\">\n\t\t\t\t\t<div class=\"e-con-inner\">\n\t\t\t\t<div class=\"elementor-element elementor-element-2c2c38fa elementor-widget elementor-widget-heading\" data-id=\"2c2c38fa\" data-element_type=\"widget\" data-e-type=\"widget\" data-widget_type=\"heading.default\">\n\t\t\t\t<div class=\"elementor-widget-container\">\n\t\t\t\t\t<h2 class=\"elementor-heading-title elementor-size-default\">Misi\u00f3n: Promover educaci\u00f3n financiera y desarrollo econ\u00f3mico para la poblaci\u00f3n latina y para otras comunidades inmigrantes en Carolina del Norte.\n<\/h2>\t\t\t\t<\/div>\n\t\t\t\t<\/div>\n\t\t\t\t<div class=\"elementor-element elementor-element-1696452f number-li-style elementor-widget elementor-widget-text-editor\" data-id=\"1696452f\" data-element_type=\"widget\" data-e-type=\"widget\" data-widget_type=\"text-editor.default\">\n\t\t\t\t<div class=\"elementor-widget-container\">\n\t\t\t\t\t\t\t\t\t<p>Latino Community Development Center (LCDC) cree firmemente que s\u00f3lo puede haber educaci\u00f3n financiera productiva cuando existen productos y servicios financieros econ\u00f3micos y accesibles que la acompa\u00f1en. Por esta raz\u00f3n Latino CDC:<\/p><ol><li>Se esfuerza por proveer las herramientas necesarias a la comunidad latina para que se incorpore f\u00e1cilmente al sistema financiero local.<\/li><li>Provee educaci\u00f3n financiera apropiada de manera biling\u00fce y bicultural.<\/li><li>Es el campo de membres\u00eda de Latino Credit Union (los socios s\u00f3lo tienen que vincularse a Latino CDC para acceder a los servicios de Latino Credit Union).<\/li><\/ol><h2>\u00a0<\/h2><h2>Sobre Latino CDC<\/h2><p>Latino CDC, es una organizaci\u00f3n sin \u00e1nimo de lucro creada en 2002 como respuesta a las necesidades de educaci\u00f3n financiera de los inmigrantes latinos reci\u00e9n llegados a Carolina del Norte. Latino CDC y la Cooperativa Latina desarrollaron un programa multifac\u00e9tico de educaci\u00f3n financiera con el fin de llegar al mayor n\u00famero de socios posible, adaptarse a diversos estilos de aprendizaje y ofrecer servicios financieros m\u00e1s convenientes y accesibles para todos. El programa gratuito incluye talleres, videos educativos en l\u00ednea y asesor\u00edas financieras.<\/p><p class=\"translation-block\">Latino CDC ofrece su serie de talleres de educaci\u00f3n financiera en las sucursales de la Cooperativa Latina en Carolina del Norte, remotamente, y tambi\u00e9n llega a un amplio grupo de comunidades a trav\u00e9s de alianzas estrat\u00e9gicas. Los participantes de los talleres que completan el programa, participan en la ceremonia anual de graduaci\u00f3n y obtienen un certificado.<\/p>\t\t\t\t\t\t\t\t<\/div>\n\t\t\t\t<\/div>\n\t\t\t\t\t<\/div>\n\t\t\t\t<\/div>\n\t\t\t\t\t<\/div>\n\t\t\t\t<\/div>\n\t\t\t\t<\/div>\n\t\t<div class=\"elementor-element elementor-element-46fba07 e-con-full mobile-margins cmp cmp-centered-text e-flex e-con e-parent\" data-id=\"46fba07\" data-element_type=\"container\" data-e-type=\"container\" data-settings=\"{&quot;background_background&quot;:&quot;classic&quot;}\">\n\t\t<div class=\"elementor-element elementor-element-f11483c e-flex e-con-boxed e-con e-child\" data-id=\"f11483c\" data-element_type=\"container\" data-e-type=\"container\">\n\t\t\t\t\t<div class=\"e-con-inner\">\n\t\t<div class=\"elementor-element elementor-element-ee8feb9 e-flex e-con-boxed e-con e-child\" data-id=\"ee8feb9\" data-element_type=\"container\" data-e-type=\"container\">\n\t\t\t\t\t<div class=\"e-con-inner\">\n\t\t\t\t<div class=\"elementor-element elementor-element-fd93eeb elementor-align-center white-buttons elementor-widget elementor-widget-button\" data-id=\"fd93eeb\" data-element_type=\"widget\" data-e-type=\"widget\" data-widget_type=\"button.default\">\n\t\t\t\t<div class=\"elementor-widget-container\">\n\t\t\t\t\t\t\t\t\t<div class=\"elementor-button-wrapper\">\n\t\t\t\t\t<a class=\"elementor-button elementor-button-link elementor-size-sm\" href=\"\/es\/products-and-services\/financial-guidance\/\">\n\t\t\t\t\t\t<span class=\"elementor-button-content-wrapper\">\n\t\t\t\t\t\t<span class=\"elementor-button-icon\">\n\t\t\t\t<i aria-hidden=\"true\" class=\"fas fa-angle-right\"><\/i>\t\t\t<\/span>\n\t\t\t\t\t\t\t\t\t<span class=\"elementor-button-text\">Visita nuestro centro de gu\u00eda financiera<\/span>\n\t\t\t\t\t<\/span>\n\t\t\t\t\t<\/a>\n\t\t\t\t<\/div>\n\t\t\t\t\t\t\t\t<\/div>\n\t\t\t\t<\/div>\n\t\t\t\t\t<\/div>\n\t\t\t\t<\/div>\n\t\t\t\t\t<\/div>\n\t\t\t\t<\/div>\n\t\t\t\t<\/div>\n\t\t<!-- dce invisible element 1b858e2 --><style>.elementor-element-ec046f3{display:none !important}<\/style>\t\t<\/div>","protected":false},"excerpt":{"rendered":"<p>Mission: Promote financial literacy and economic development for low-income communities in North Carolina. Latino Community Development Center (Latino CDC) firmly believes that financial literacy is only productive where there are affordable and accessible financial products and services available. Therefore, we: Strive to advance Latinos out of poverty and into the financial mainstream. Provide free and [&hellip;]<\/p>\n","protected":false},"author":6,"featured_media":991,"parent":33,"menu_order":0,"comment_status":"closed","ping_status":"closed","template":"","meta":{"_acf_changed":false,"inline_featured_image":false,"footnotes":""},"page-structure":[],"sidebar-content":[],"class_list":["post-280","page","type-page","status-publish","has-post-thumbnail","hentry"],"acf":[],"yoast_head":"<!-- This site is optimized with the Yoast SEO plugin v27.2 - https:\/\/yoast.com\/product\/yoast-seo-wordpress\/ -->\n<title>LCDC - latinoccu.org<\/title>\n<meta name=\"robots\" content=\"index, follow, max-snippet:-1, max-image-preview:large, max-video-preview:-1\" \/>\n<link rel=\"canonical\" href=\"https:\/\/latinoccu.org\/es\/about-us\/lcdc\/\" \/>\n<meta property=\"og:locale\" content=\"es_MX\" \/>\n<meta property=\"og:type\" content=\"article\" \/>\n<meta property=\"og:title\" content=\"LCDC - latinoccu.org\" \/>\n<meta property=\"og:description\" content=\"Mission: Promote financial literacy and economic development for low-income communities in North Carolina. Latino Community Development Center (Latino CDC) firmly believes that financial literacy is only productive where there are affordable and accessible financial products and services available. Therefore, we: Strive to advance Latinos out of poverty and into the financial mainstream. Provide free and [&hellip;]\" \/>\n<meta property=\"og:url\" content=\"https:\/\/latinoccu.org\/es\/about-us\/lcdc\/\" \/>\n<meta property=\"og:site_name\" content=\"latinoccu.org\" \/>\n<meta property=\"article:modified_time\" content=\"2026-02-25T16:42:09+00:00\" \/>\n<meta property=\"og:image\" content=\"https:\/\/latinoccu.org\/wp-content\/uploads\/2016\/07\/Latino-Community-Development-Center-1.jpg\" \/>\n\t<meta property=\"og:image:width\" content=\"1500\" \/>\n\t<meta property=\"og:image:height\" content=\"450\" \/>\n\t<meta property=\"og:image:type\" content=\"image\/jpeg\" \/>\n<meta name=\"twitter:card\" content=\"summary_large_image\" \/>\n<meta name=\"twitter:label1\" content=\"Tiempo de lectura\" \/>\n\t<meta name=\"twitter:data1\" content=\"2 minutos\" \/>\n<script type=\"application\/ld+json\" class=\"yoast-schema-graph\">{\"@context\":\"https:\/\/schema.org\",\"@graph\":[{\"@type\":\"WebPage\",\"@id\":\"https:\/\/latinoccu.org\/about-us\/lcdc\/\",\"url\":\"https:\/\/latinoccu.org\/about-us\/lcdc\/\",\"name\":\"LCDC - latinoccu.org\",\"isPartOf\":{\"@id\":\"https:\/\/latinoccu.org\/#website\"},\"primaryImageOfPage\":{\"@id\":\"https:\/\/latinoccu.org\/about-us\/lcdc\/#primaryimage\"},\"image\":{\"@id\":\"https:\/\/latinoccu.org\/about-us\/lcdc\/#primaryimage\"},\"thumbnailUrl\":\"https:\/\/latinoccu.org\/wp-content\/uploads\/2016\/07\/Latino-Community-Development-Center-1.jpg\",\"datePublished\":\"2016-07-27T11:55:06+00:00\",\"dateModified\":\"2026-02-25T16:42:09+00:00\",\"breadcrumb\":{\"@id\":\"https:\/\/latinoccu.org\/about-us\/lcdc\/#breadcrumb\"},\"inLanguage\":\"es\",\"potentialAction\":[{\"@type\":\"ReadAction\",\"target\":[\"https:\/\/latinoccu.org\/about-us\/lcdc\/\"]}]},{\"@type\":\"ImageObject\",\"inLanguage\":\"es\",\"@id\":\"https:\/\/latinoccu.org\/about-us\/lcdc\/#primaryimage\",\"url\":\"https:\/\/latinoccu.org\/wp-content\/uploads\/2016\/07\/Latino-Community-Development-Center-1.jpg\",\"contentUrl\":\"https:\/\/latinoccu.org\/wp-content\/uploads\/2016\/07\/Latino-Community-Development-Center-1.jpg\",\"width\":1500,\"height\":450},{\"@type\":\"BreadcrumbList\",\"@id\":\"https:\/\/latinoccu.org\/about-us\/lcdc\/#breadcrumb\",\"itemListElement\":[{\"@type\":\"ListItem\",\"position\":1,\"name\":\"Home\",\"item\":\"https:\/\/latinoccu.org\/\"},{\"@type\":\"ListItem\",\"position\":2,\"name\":\"About Us\",\"item\":\"https:\/\/latinoccu.org\/about-us\/\"},{\"@type\":\"ListItem\",\"position\":3,\"name\":\"LCDC\"}]},{\"@type\":\"WebSite\",\"@id\":\"https:\/\/latinoccu.org\/#website\",\"url\":\"https:\/\/latinoccu.org\/\",\"name\":\"latinoccu.org\",\"description\":\"\",\"potentialAction\":[{\"@type\":\"SearchAction\",\"target\":{\"@type\":\"EntryPoint\",\"urlTemplate\":\"https:\/\/latinoccu.org\/?s={search_term_string}\"},\"query-input\":{\"@type\":\"PropertyValueSpecification\",\"valueRequired\":true,\"valueName\":\"search_term_string\"}}],\"inLanguage\":\"es\"}]}<\/script>\n<!-- \/ Yoast SEO plugin. -->","yoast_head_json":{"title":"LCDC - latinoccu.org","robots":{"index":"index","follow":"follow","max-snippet":"max-snippet:-1","max-image-preview":"max-image-preview:large","max-video-preview":"max-video-preview:-1"},"canonical":"https:\/\/latinoccu.org\/es\/about-us\/lcdc\/","og_locale":"es_MX","og_type":"article","og_title":"LCDC - latinoccu.org","og_description":"Mission: Promote financial literacy and economic development for low-income communities in North Carolina. Latino Community Development Center (Latino CDC) firmly believes that financial literacy is only productive where there are affordable and accessible financial products and services available. Therefore, we: Strive to advance Latinos out of poverty and into the financial mainstream. Provide free and [&hellip;]","og_url":"https:\/\/latinoccu.org\/es\/about-us\/lcdc\/","og_site_name":"latinoccu.org","article_modified_time":"2026-02-25T16:42:09+00:00","og_image":[{"width":1500,"height":450,"url":"https:\/\/latinoccu.org\/wp-content\/uploads\/2016\/07\/Latino-Community-Development-Center-1.jpg","type":"image\/jpeg"}],"twitter_card":"summary_large_image","twitter_misc":{"Tiempo de lectura":"2 minutos"},"schema":{"@context":"https:\/\/schema.org","@graph":[{"@type":"WebPage","@id":"https:\/\/latinoccu.org\/about-us\/lcdc\/","url":"https:\/\/latinoccu.org\/about-us\/lcdc\/","name":"LCDC - latinoccu.org","isPartOf":{"@id":"https:\/\/latinoccu.org\/#website"},"primaryImageOfPage":{"@id":"https:\/\/latinoccu.org\/about-us\/lcdc\/#primaryimage"},"image":{"@id":"https:\/\/latinoccu.org\/about-us\/lcdc\/#primaryimage"},"thumbnailUrl":"https:\/\/latinoccu.org\/wp-content\/uploads\/2016\/07\/Latino-Community-Development-Center-1.jpg","datePublished":"2016-07-27T11:55:06+00:00","dateModified":"2026-02-25T16:42:09+00:00","breadcrumb":{"@id":"https:\/\/latinoccu.org\/about-us\/lcdc\/#breadcrumb"},"inLanguage":"es","potentialAction":[{"@type":"ReadAction","target":["https:\/\/latinoccu.org\/about-us\/lcdc\/"]}]},{"@type":"ImageObject","inLanguage":"es","@id":"https:\/\/latinoccu.org\/about-us\/lcdc\/#primaryimage","url":"https:\/\/latinoccu.org\/wp-content\/uploads\/2016\/07\/Latino-Community-Development-Center-1.jpg","contentUrl":"https:\/\/latinoccu.org\/wp-content\/uploads\/2016\/07\/Latino-Community-Development-Center-1.jpg","width":1500,"height":450},{"@type":"BreadcrumbList","@id":"https:\/\/latinoccu.org\/about-us\/lcdc\/#breadcrumb","itemListElement":[{"@type":"ListItem","position":1,"name":"Home","item":"https:\/\/latinoccu.org\/"},{"@type":"ListItem","position":2,"name":"About Us","item":"https:\/\/latinoccu.org\/about-us\/"},{"@type":"ListItem","position":3,"name":"LCDC"}]},{"@type":"WebSite","@id":"https:\/\/latinoccu.org\/#website","url":"https:\/\/latinoccu.org\/","name":"latinoccu.org","description":"","potentialAction":[{"@type":"SearchAction","target":{"@type":"EntryPoint","urlTemplate":"https:\/\/latinoccu.org\/?s={search_term_string}"},"query-input":{"@type":"PropertyValueSpecification","valueRequired":true,"valueName":"search_term_string"}}],"inLanguage":"es"}]}},"_links":{"self":[{"href":"https:\/\/latinoccu.org\/es\/wp-json\/wp\/v2\/pages\/280","targetHints":{"allow":["GET"]}}],"collection":[{"href":"https:\/\/latinoccu.org\/es\/wp-json\/wp\/v2\/pages"}],"about":[{"href":"https:\/\/latinoccu.org\/es\/wp-json\/wp\/v2\/types\/page"}],"author":[{"embeddable":true,"href":"https:\/\/latinoccu.org\/es\/wp-json\/wp\/v2\/users\/6"}],"replies":[{"embeddable":true,"href":"https:\/\/latinoccu.org\/es\/wp-json\/wp\/v2\/comments?post=280"}],"version-history":[{"count":4,"href":"https:\/\/latinoccu.org\/es\/wp-json\/wp\/v2\/pages\/280\/revisions"}],"predecessor-version":[{"id":22352,"href":"https:\/\/latinoccu.org\/es\/wp-json\/wp\/v2\/pages\/280\/revisions\/22352"}],"up":[{"embeddable":true,"href":"https:\/\/latinoccu.org\/es\/wp-json\/wp\/v2\/pages\/33"}],"wp:featuredmedia":[{"embeddable":true,"href":"https:\/\/latinoccu.org\/es\/wp-json\/wp\/v2\/media\/991"}],"wp:attachment":[{"href":"https:\/\/latinoccu.org\/es\/wp-json\/wp\/v2\/media?parent=280"}],"wp:term":[{"taxonomy":"page-structure","embeddable":true,"href":"https:\/\/latinoccu.org\/es\/wp-json\/wp\/v2\/page-structure?post=280"},{"taxonomy":"sidebar-content","embeddable":true,"href":"https:\/\/latinoccu.org\/es\/wp-json\/wp\/v2\/sidebar-content?post=280"}],"curies":[{"name":"wp","href":"https:\/\/api.w.org\/{rel}","templated":true}]}}