{"id":278,"date":"2016-07-27T07:54:59","date_gmt":"2016-07-27T11:54:59","guid":{"rendered":"http:\/\/local.wordpress.dev\/?page_id=278"},"modified":"2025-07-25T19:43:48","modified_gmt":"2025-07-25T19:43:48","slug":"our-team","status":"publish","type":"page","link":"https:\/\/latinoccu.org\/es\/about-us\/our-team\/","title":{"rendered":"Nuestro Equipo"},"content":{"rendered":"<div data-elementor-type=\"wp-page\" data-elementor-id=\"278\" class=\"elementor elementor-278\" data-elementor-post-type=\"page\">\n\t\t\t\t<div class=\"elementor-element elementor-element-10de8a30 e-con-full mobile-margins cmp cmp-centered-text e-flex e-con e-parent\" data-id=\"10de8a30\" data-element_type=\"container\" data-e-type=\"container\">\n\t\t<div class=\"elementor-element elementor-element-40c88e86 e-flex e-con-boxed e-con e-child\" data-id=\"40c88e86\" data-element_type=\"container\" data-e-type=\"container\">\n\t\t\t\t\t<div class=\"e-con-inner\">\n\t\t<div class=\"elementor-element elementor-element-70dc241d e-flex e-con-boxed e-con e-child\" data-id=\"70dc241d\" data-element_type=\"container\" data-e-type=\"container\">\n\t\t\t\t\t<div class=\"e-con-inner\">\n\t\t\t\t<div class=\"elementor-element elementor-element-50954a6d elementor-widget elementor-widget-text-editor\" data-id=\"50954a6d\" data-element_type=\"widget\" data-e-type=\"widget\" data-widget_type=\"text-editor.default\">\n\t\t\t\t<div class=\"elementor-widget-container\">\n\t\t\t\t\t\t\t\t\t<p>Elegida por el Credit Union Journal como una de los mejores Credit Unions  para trabajar a nivel nacional en el 2016, la Cooperativa Latina es una instituci\u00f3n financiera premiada, l\u00edder en finanzas sociales, con productos y servicios innovadores que han sido adaptados especialmente para nuestros socios. Sabemos de lo que hablamos porque venimos de la misma membres\u00eda diversa que servimos, y a la que estamos comprometidos a  ayudar a seguir so\u00f1ando en grande y alcanzar sus metas.<\/p>\t\t\t\t\t\t\t\t<\/div>\n\t\t\t\t<\/div>\n\t\t\t\t\t<\/div>\n\t\t\t\t<\/div>\n\t\t\t\t\t<\/div>\n\t\t\t\t<\/div>\n\t\t\t\t<\/div>\n\t\t<div class=\"elementor-element elementor-element-3cf4a19 e-con-full mobile-margins e-flex e-con e-parent\" data-id=\"3cf4a19\" data-element_type=\"container\" data-e-type=\"container\">\n\t\t<div class=\"elementor-element elementor-element-ddd0194 e-flex e-con-boxed e-con e-child\" data-id=\"ddd0194\" data-element_type=\"container\" data-e-type=\"container\">\n\t\t\t\t\t<div class=\"e-con-inner\">\n\t\t<div class=\"elementor-element elementor-element-3b1acb2 e-con-full e-flex e-con e-child\" data-id=\"3b1acb2\" data-element_type=\"container\" data-e-type=\"container\">\n\t\t\t\t<div class=\"elementor-element elementor-element-d20038b elementor-widget elementor-widget-image\" data-id=\"d20038b\" data-element_type=\"widget\" data-e-type=\"widget\" data-widget_type=\"image.default\">\n\t\t\t\t<div class=\"elementor-widget-container\">\n\t\t\t\t\t\t\t\t\t\t\t\t\t\t\t<img decoding=\"async\" width=\"150\" height=\"150\" src=\"https:\/\/latinoccu.org\/wp-content\/uploads\/2023\/07\/Dynamic-Culture-Icon-150x150.png\" class=\"attachment-thumbnail size-thumbnail wp-image-19753\" alt=\"Dynamic Culture Icon\" srcset=\"https:\/\/latinoccu.org\/wp-content\/uploads\/2023\/07\/Dynamic-Culture-Icon-150x150.png 150w, https:\/\/latinoccu.org\/wp-content\/uploads\/2023\/07\/Dynamic-Culture-Icon-12x12.png 12w\" sizes=\"(max-width: 150px) 100vw, 150px\" \/>\t\t\t\t\t\t\t\t\t\t\t\t\t\t\t<\/div>\n\t\t\t\t<\/div>\n\t\t\t\t<div class=\"elementor-element elementor-element-783a211 elementor-widget elementor-widget-text-editor\" data-id=\"783a211\" data-element_type=\"widget\" data-e-type=\"widget\" data-widget_type=\"text-editor.default\">\n\t\t\t\t<div class=\"elementor-widget-container\">\n\t\t\t\t\t\t\t\t\tEstamos orgullosos de contar con un equipo que representa 20 pa\u00edses y ofrece perspectivas \u00fanicas sobre c\u00f3mo servir mejor a nuestros socios.\n\n\t\t\t\t\t\t\t\t<\/div>\n\t\t\t\t<\/div>\n\t\t\t\t<\/div>\n\t\t<div class=\"elementor-element elementor-element-b7d4836 e-con-full e-flex e-con e-child\" data-id=\"b7d4836\" data-element_type=\"container\" data-e-type=\"container\">\n\t\t\t\t<div class=\"elementor-element elementor-element-f2308c3 elementor-widget elementor-widget-image\" data-id=\"f2308c3\" data-element_type=\"widget\" data-e-type=\"widget\" data-widget_type=\"image.default\">\n\t\t\t\t<div class=\"elementor-widget-container\">\n\t\t\t\t\t\t\t\t\t\t\t\t\t\t\t<img decoding=\"async\" width=\"150\" height=\"150\" src=\"https:\/\/latinoccu.org\/wp-content\/uploads\/2023\/07\/Career-and-Leadership-Development-150x150.png\" class=\"attachment-thumbnail size-thumbnail wp-image-19754\" alt=\"Employee Growth Icon\" srcset=\"https:\/\/latinoccu.org\/wp-content\/uploads\/2023\/07\/Career-and-Leadership-Development-150x150.png 150w, https:\/\/latinoccu.org\/wp-content\/uploads\/2023\/07\/Career-and-Leadership-Development-12x12.png 12w\" sizes=\"(max-width: 150px) 100vw, 150px\" \/>\t\t\t\t\t\t\t\t\t\t\t\t\t\t\t<\/div>\n\t\t\t\t<\/div>\n\t\t\t\t<div class=\"elementor-element elementor-element-8b1dd39 elementor-widget elementor-widget-text-editor\" data-id=\"8b1dd39\" data-element_type=\"widget\" data-e-type=\"widget\" data-widget_type=\"text-editor.default\">\n\t\t\t\t<div class=\"elementor-widget-container\">\n\t\t\t\t\t\t\t\t\tAdicionalmente, el 75% de nuestros empleados han sido promovidos durante su carrera con Latino Credit Union.\n\n\t\t\t\t\t\t\t\t<\/div>\n\t\t\t\t<\/div>\n\t\t\t\t<\/div>\n\t\t<div class=\"elementor-element elementor-element-9f55f11 e-con-full e-flex e-con e-child\" data-id=\"9f55f11\" data-element_type=\"container\" data-e-type=\"container\">\n\t\t\t\t<div class=\"elementor-element elementor-element-e182297 elementor-widget elementor-widget-image\" data-id=\"e182297\" data-element_type=\"widget\" data-e-type=\"widget\" data-widget_type=\"image.default\">\n\t\t\t\t<div class=\"elementor-widget-container\">\n\t\t\t\t\t\t\t\t\t\t\t\t\t\t\t<img decoding=\"async\" width=\"150\" height=\"150\" src=\"https:\/\/latinoccu.org\/wp-content\/uploads\/2023\/07\/Educational-Loans-Icon-150x150.png\" class=\"attachment-thumbnail size-thumbnail wp-image-19755\" alt=\"Educational Loans Icon\" srcset=\"https:\/\/latinoccu.org\/wp-content\/uploads\/2023\/07\/Educational-Loans-Icon-150x150.png 150w, https:\/\/latinoccu.org\/wp-content\/uploads\/2023\/07\/Educational-Loans-Icon-12x12.png 12w\" sizes=\"(max-width: 150px) 100vw, 150px\" \/>\t\t\t\t\t\t\t\t\t\t\t\t\t\t\t<\/div>\n\t\t\t\t<\/div>\n\t\t\t\t<div class=\"elementor-element elementor-element-b69c939 elementor-widget elementor-widget-text-editor\" data-id=\"b69c939\" data-element_type=\"widget\" data-e-type=\"widget\" data-widget_type=\"text-editor.default\">\n\t\t\t\t<div class=\"elementor-widget-container\">\n\t\t\t\t\t\t\t\t\t<p>Todos nuestros empleados tienen un plan de carrera personalizado para ayudarles a alcanzar su pleno potencial.<\/p>\t\t\t\t\t\t\t\t<\/div>\n\t\t\t\t<\/div>\n\t\t\t\t<\/div>\n\t\t\t\t\t<\/div>\n\t\t\t\t<\/div>\n\t\t\t\t<\/div>\n\t\t<div data-dce-background-image-url=\"https:\/\/latinoccu.org\/wp-content\/uploads\/2023\/06\/component-wave-1.png\" class=\"elementor-element elementor-element-2aec05ca e-con-full cmp cmp-blue-wave-cta e-flex e-con e-parent\" data-id=\"2aec05ca\" data-element_type=\"container\" data-e-type=\"container\" data-settings=\"{&quot;background_background&quot;:&quot;classic&quot;}\">\n\t\t\t\t<div class=\"elementor-element elementor-element-8f3d429 elementor-widget elementor-widget-heading\" data-id=\"8f3d429\" data-element_type=\"widget\" data-e-type=\"widget\" data-widget_type=\"heading.default\">\n\t\t\t\t<div class=\"elementor-widget-container\">\n\t\t\t\t\t<h1 class=\"elementor-heading-title elementor-size-default\">\u00danete a Nuestro Equipo\n<\/h1>\t\t\t\t<\/div>\n\t\t\t\t<\/div>\n\t\t\t\t<div class=\"elementor-element elementor-element-33e07f7 elementor-widget elementor-widget-heading\" data-id=\"33e07f7\" data-element_type=\"widget\" data-e-type=\"widget\" data-widget_type=\"heading.default\">\n\t\t\t\t<div class=\"elementor-widget-container\">\n\t\t\t\t\t<div class=\"elementor-heading-title elementor-size-default\">Desarrollar, recompensar y retener a los mejores y m\u00e1s brillantes talentos de la industria es parte de lo que somos. Promovemos una cultura que incita la creatividad, fomenta la colaboraci\u00f3n, y brinda oportunidades para que nuestros empleados den lo mejor de s\u00ed y desarrollen sus carreras.\n\n\n<\/div>\t\t\t\t<\/div>\n\t\t\t\t<\/div>\n\t\t\t\t<div class=\"elementor-element elementor-element-78a36afa elementor-align-left white-buttons elementor-widget elementor-widget-button\" data-id=\"78a36afa\" data-element_type=\"widget\" data-e-type=\"widget\" data-widget_type=\"button.default\">\n\t\t\t\t<div class=\"elementor-widget-container\">\n\t\t\t\t\t\t\t\t\t<div class=\"elementor-button-wrapper\">\n\t\t\t\t\t<a class=\"elementor-button elementor-button-link elementor-size-sm\" href=\"https:\/\/latinoccu.org\/es\/careers-2\/\">\n\t\t\t\t\t\t<span class=\"elementor-button-content-wrapper\">\n\t\t\t\t\t\t<span class=\"elementor-button-icon\">\n\t\t\t\t<i aria-hidden=\"true\" class=\"fas fa-angle-right\"><\/i>\t\t\t<\/span>\n\t\t\t\t\t\t\t\t\t<span class=\"elementor-button-text\">Obt\u00e9n m\u00e1s informaci\u00f3n<\/span>\n\t\t\t\t\t<\/span>\n\t\t\t\t\t<\/a>\n\t\t\t\t<\/div>\n\t\t\t\t\t\t\t\t<\/div>\n\t\t\t\t<\/div>\n\t\t\t\t<\/div>\n\t\t<!-- dce invisible element 7450ae8 --><!-- dce invisible element 38d65b02 --><!-- dce invisible element b6e9c8c --><!-- dce invisible element 0b65cff --><!-- dce invisible element 3ab497f --><!-- dce invisible element d218c8d --><!-- dce invisible element 99d5d47 --><!-- dce invisible element f34fa4c --><!-- dce invisible element 8becd44 --><!-- dce invisible element 0abfeb3 --><!-- dce invisible element ea434f4 --><!-- dce invisible element f26938e --><!-- dce invisible element d532a83 --><!-- dce invisible element b3dd5fd --><!-- dce invisible element b151e80 --><!-- dce invisible element eb1d04d --><!-- dce invisible element 4745870 -->\t\t<\/div>","protected":false},"excerpt":{"rendered":"<p>Named as one of 2016 Best Credit Unions to Work for nationally by Credit Union Journal, Latino Credit Union is an award-winning leader in social finance, with innovative financial products and services tailored to its members. We can do this so well because we are passionate about what we do, we come from the diverse [&hellip;]<\/p>\n","protected":false},"author":20,"featured_media":906,"parent":33,"menu_order":0,"comment_status":"closed","ping_status":"closed","template":"","meta":{"_acf_changed":false,"inline_featured_image":false,"footnotes":""},"page-structure":[],"sidebar-content":[],"class_list":["post-278","page","type-page","status-publish","has-post-thumbnail","hentry"],"acf":[],"yoast_head":"<!-- This site is optimized with the Yoast SEO plugin v27.2 - https:\/\/yoast.com\/product\/yoast-seo-wordpress\/ -->\n<title>Our Team - latinoccu.org<\/title>\n<meta name=\"robots\" content=\"index, follow, max-snippet:-1, max-image-preview:large, max-video-preview:-1\" \/>\n<link rel=\"canonical\" href=\"https:\/\/latinoccu.org\/es\/about-us\/our-team\/\" \/>\n<meta property=\"og:locale\" content=\"es_MX\" \/>\n<meta property=\"og:type\" content=\"article\" \/>\n<meta property=\"og:title\" content=\"Our Team - latinoccu.org\" \/>\n<meta property=\"og:description\" content=\"Named as one of 2016 Best Credit Unions to Work for nationally by Credit Union Journal, Latino Credit Union is an award-winning leader in social finance, with innovative financial products and services tailored to its members. We can do this so well because we are passionate about what we do, we come from the diverse [&hellip;]\" \/>\n<meta property=\"og:url\" content=\"https:\/\/latinoccu.org\/es\/about-us\/our-team\/\" \/>\n<meta property=\"og:site_name\" content=\"latinoccu.org\" \/>\n<meta property=\"article:modified_time\" content=\"2025-07-25T19:43:48+00:00\" \/>\n<meta property=\"og:image\" content=\"https:\/\/latinoccu.org\/wp-content\/uploads\/2016\/07\/Our-Team-Landing-Page-1.jpg\" \/>\n\t<meta property=\"og:image:width\" content=\"1500\" \/>\n\t<meta property=\"og:image:height\" content=\"450\" \/>\n\t<meta property=\"og:image:type\" content=\"image\/jpeg\" \/>\n<meta name=\"twitter:card\" content=\"summary_large_image\" \/>\n<meta name=\"twitter:label1\" content=\"Tiempo de lectura\" \/>\n\t<meta name=\"twitter:data1\" content=\"14 minutos\" \/>\n<script type=\"application\/ld+json\" class=\"yoast-schema-graph\">{\"@context\":\"https:\/\/schema.org\",\"@graph\":[{\"@type\":\"WebPage\",\"@id\":\"https:\/\/latinoccu.org\/about-us\/our-team\/\",\"url\":\"https:\/\/latinoccu.org\/about-us\/our-team\/\",\"name\":\"Our Team - latinoccu.org\",\"isPartOf\":{\"@id\":\"https:\/\/latinoccu.org\/#website\"},\"primaryImageOfPage\":{\"@id\":\"https:\/\/latinoccu.org\/about-us\/our-team\/#primaryimage\"},\"image\":{\"@id\":\"https:\/\/latinoccu.org\/about-us\/our-team\/#primaryimage\"},\"thumbnailUrl\":\"https:\/\/latinoccu.org\/wp-content\/uploads\/2016\/07\/Our-Team-Landing-Page-1.jpg\",\"datePublished\":\"2016-07-27T11:54:59+00:00\",\"dateModified\":\"2025-07-25T19:43:48+00:00\",\"breadcrumb\":{\"@id\":\"https:\/\/latinoccu.org\/about-us\/our-team\/#breadcrumb\"},\"inLanguage\":\"es\",\"potentialAction\":[{\"@type\":\"ReadAction\",\"target\":[\"https:\/\/latinoccu.org\/about-us\/our-team\/\"]}]},{\"@type\":\"ImageObject\",\"inLanguage\":\"es\",\"@id\":\"https:\/\/latinoccu.org\/about-us\/our-team\/#primaryimage\",\"url\":\"https:\/\/latinoccu.org\/wp-content\/uploads\/2016\/07\/Our-Team-Landing-Page-1.jpg\",\"contentUrl\":\"https:\/\/latinoccu.org\/wp-content\/uploads\/2016\/07\/Our-Team-Landing-Page-1.jpg\",\"width\":1500,\"height\":450},{\"@type\":\"BreadcrumbList\",\"@id\":\"https:\/\/latinoccu.org\/about-us\/our-team\/#breadcrumb\",\"itemListElement\":[{\"@type\":\"ListItem\",\"position\":1,\"name\":\"Home\",\"item\":\"https:\/\/latinoccu.org\/\"},{\"@type\":\"ListItem\",\"position\":2,\"name\":\"About Us\",\"item\":\"https:\/\/latinoccu.org\/about-us\/\"},{\"@type\":\"ListItem\",\"position\":3,\"name\":\"Our Team\"}]},{\"@type\":\"WebSite\",\"@id\":\"https:\/\/latinoccu.org\/#website\",\"url\":\"https:\/\/latinoccu.org\/\",\"name\":\"latinoccu.org\",\"description\":\"\",\"potentialAction\":[{\"@type\":\"SearchAction\",\"target\":{\"@type\":\"EntryPoint\",\"urlTemplate\":\"https:\/\/latinoccu.org\/?s={search_term_string}\"},\"query-input\":{\"@type\":\"PropertyValueSpecification\",\"valueRequired\":true,\"valueName\":\"search_term_string\"}}],\"inLanguage\":\"es\"}]}<\/script>\n<!-- \/ Yoast SEO plugin. -->","yoast_head_json":{"title":"Our Team - latinoccu.org","robots":{"index":"index","follow":"follow","max-snippet":"max-snippet:-1","max-image-preview":"max-image-preview:large","max-video-preview":"max-video-preview:-1"},"canonical":"https:\/\/latinoccu.org\/es\/about-us\/our-team\/","og_locale":"es_MX","og_type":"article","og_title":"Our Team - latinoccu.org","og_description":"Named as one of 2016 Best Credit Unions to Work for nationally by Credit Union Journal, Latino Credit Union is an award-winning leader in social finance, with innovative financial products and services tailored to its members. We can do this so well because we are passionate about what we do, we come from the diverse [&hellip;]","og_url":"https:\/\/latinoccu.org\/es\/about-us\/our-team\/","og_site_name":"latinoccu.org","article_modified_time":"2025-07-25T19:43:48+00:00","og_image":[{"width":1500,"height":450,"url":"https:\/\/latinoccu.org\/wp-content\/uploads\/2016\/07\/Our-Team-Landing-Page-1.jpg","type":"image\/jpeg"}],"twitter_card":"summary_large_image","twitter_misc":{"Tiempo de lectura":"14 minutos"},"schema":{"@context":"https:\/\/schema.org","@graph":[{"@type":"WebPage","@id":"https:\/\/latinoccu.org\/about-us\/our-team\/","url":"https:\/\/latinoccu.org\/about-us\/our-team\/","name":"Our Team - latinoccu.org","isPartOf":{"@id":"https:\/\/latinoccu.org\/#website"},"primaryImageOfPage":{"@id":"https:\/\/latinoccu.org\/about-us\/our-team\/#primaryimage"},"image":{"@id":"https:\/\/latinoccu.org\/about-us\/our-team\/#primaryimage"},"thumbnailUrl":"https:\/\/latinoccu.org\/wp-content\/uploads\/2016\/07\/Our-Team-Landing-Page-1.jpg","datePublished":"2016-07-27T11:54:59+00:00","dateModified":"2025-07-25T19:43:48+00:00","breadcrumb":{"@id":"https:\/\/latinoccu.org\/about-us\/our-team\/#breadcrumb"},"inLanguage":"es","potentialAction":[{"@type":"ReadAction","target":["https:\/\/latinoccu.org\/about-us\/our-team\/"]}]},{"@type":"ImageObject","inLanguage":"es","@id":"https:\/\/latinoccu.org\/about-us\/our-team\/#primaryimage","url":"https:\/\/latinoccu.org\/wp-content\/uploads\/2016\/07\/Our-Team-Landing-Page-1.jpg","contentUrl":"https:\/\/latinoccu.org\/wp-content\/uploads\/2016\/07\/Our-Team-Landing-Page-1.jpg","width":1500,"height":450},{"@type":"BreadcrumbList","@id":"https:\/\/latinoccu.org\/about-us\/our-team\/#breadcrumb","itemListElement":[{"@type":"ListItem","position":1,"name":"Home","item":"https:\/\/latinoccu.org\/"},{"@type":"ListItem","position":2,"name":"About Us","item":"https:\/\/latinoccu.org\/about-us\/"},{"@type":"ListItem","position":3,"name":"Our Team"}]},{"@type":"WebSite","@id":"https:\/\/latinoccu.org\/#website","url":"https:\/\/latinoccu.org\/","name":"latinoccu.org","description":"","potentialAction":[{"@type":"SearchAction","target":{"@type":"EntryPoint","urlTemplate":"https:\/\/latinoccu.org\/?s={search_term_string}"},"query-input":{"@type":"PropertyValueSpecification","valueRequired":true,"valueName":"search_term_string"}}],"inLanguage":"es"}]}},"_links":{"self":[{"href":"https:\/\/latinoccu.org\/es\/wp-json\/wp\/v2\/pages\/278","targetHints":{"allow":["GET"]}}],"collection":[{"href":"https:\/\/latinoccu.org\/es\/wp-json\/wp\/v2\/pages"}],"about":[{"href":"https:\/\/latinoccu.org\/es\/wp-json\/wp\/v2\/types\/page"}],"author":[{"embeddable":true,"href":"https:\/\/latinoccu.org\/es\/wp-json\/wp\/v2\/users\/20"}],"replies":[{"embeddable":true,"href":"https:\/\/latinoccu.org\/es\/wp-json\/wp\/v2\/comments?post=278"}],"version-history":[{"count":0,"href":"https:\/\/latinoccu.org\/es\/wp-json\/wp\/v2\/pages\/278\/revisions"}],"up":[{"embeddable":true,"href":"https:\/\/latinoccu.org\/es\/wp-json\/wp\/v2\/pages\/33"}],"wp:featuredmedia":[{"embeddable":true,"href":"https:\/\/latinoccu.org\/es\/wp-json\/wp\/v2\/media\/906"}],"wp:attachment":[{"href":"https:\/\/latinoccu.org\/es\/wp-json\/wp\/v2\/media?parent=278"}],"wp:term":[{"taxonomy":"page-structure","embeddable":true,"href":"https:\/\/latinoccu.org\/es\/wp-json\/wp\/v2\/page-structure?post=278"},{"taxonomy":"sidebar-content","embeddable":true,"href":"https:\/\/latinoccu.org\/es\/wp-json\/wp\/v2\/sidebar-content?post=278"}],"curies":[{"name":"wp","href":"https:\/\/api.w.org\/{rel}","templated":true}]}}