{"id":234,"date":"2016-07-27T07:46:53","date_gmt":"2016-07-27T11:46:53","guid":{"rendered":"http:\/\/local.wordpress.dev\/?page_id=234"},"modified":"2026-02-09T20:57:13","modified_gmt":"2026-02-09T20:57:13","slug":"certificates-of-deposit","status":"publish","type":"page","link":"https:\/\/latinoccu.org\/es\/products-and-services\/savings\/certificates-of-deposit\/certificates-of-deposit\/","title":{"rendered":"Certificados a Plazo Regulares"},"content":{"rendered":"<div data-elementor-type=\"wp-page\" data-elementor-id=\"234\" class=\"elementor elementor-234\" data-elementor-post-type=\"page\">\n\t\t\t\t<div class=\"elementor-element elementor-element-120ac4c1 e-con-full cmp cmp-basic-text e-flex e-con e-parent\" data-id=\"120ac4c1\" data-element_type=\"container\" data-e-type=\"container\">\n\t\t<div class=\"elementor-element elementor-element-677ae7a7 e-flex e-con-boxed e-con e-child\" data-id=\"677ae7a7\" data-element_type=\"container\" data-e-type=\"container\">\n\t\t\t\t\t<div class=\"e-con-inner\">\n\t\t\t\t<div class=\"elementor-element elementor-element-69b131c elementor-widget elementor-widget-heading\" data-id=\"69b131c\" data-element_type=\"widget\" data-e-type=\"widget\" data-widget_type=\"heading.default\">\n\t\t\t\t<div class=\"elementor-widget-container\">\n\t\t\t\t\t<h2 class=\"elementor-heading-title elementor-size-default\">Observa c\u00f3mo aumenta tu dinero con mayores dividendos para ahorros a largo plazo.<\/h2>\t\t\t\t<\/div>\n\t\t\t\t<\/div>\n\t\t\t\t<div class=\"elementor-element elementor-element-326cb763 elementor-widget elementor-widget-text-editor\" data-id=\"326cb763\" data-element_type=\"widget\" data-e-type=\"widget\" data-widget_type=\"text-editor.default\">\n\t\t\t\t<div class=\"elementor-widget-container\">\n\t\t\t\t\t\t\t\t\t<h3>Lo que necesitas:<\/h3><ul><li>Dep\u00f3sito incial m\u00ednimo de $500<\/li><li>Ser socio de la Cooperativa Latina<\/li><\/ul><h3>Lo que recibes:<\/h3><ul><li>Tasas de inter\u00e9s competitivas<\/li><li>Tasas fijas seg\u00fan el plazo: 6, 12, 18, 24, 30, 36, 48 o 60 meses<\/li><li>Posibilidad de recibir tus estados de cuenta de forma electr\u00f3nica<\/li><li>Tu dinero est\u00e1 seguro y asegurado federalmente hasta $250,000 por la NCUA<\/li><li>Maneja tu cuenta en l\u00ednea desde cualquier parte con nuestros servicios electr\u00f3nicos. <a class=\"local\" href=\"\/es\/products-and-services\/other-services\/electronic-services\/\">Haz clic aqu\u00ed<\/a>\u00a0para m\u00e1s detalles<\/li><\/ul>\t\t\t\t\t\t\t\t<\/div>\n\t\t\t\t<\/div>\n\t\t<div class=\"elementor-element elementor-element-7101676 e-flex e-con-boxed e-con e-child\" data-id=\"7101676\" data-element_type=\"container\" data-e-type=\"container\">\n\t\t\t\t\t<div class=\"e-con-inner\">\n\t\t\t\t<div class=\"elementor-element elementor-element-08bc36a elementor-widget elementor-widget-template\" data-id=\"08bc36a\" data-element_type=\"widget\" data-e-type=\"widget\" data-widget_type=\"template.default\">\n\t\t\t\t<div class=\"elementor-widget-container\">\n\t\t\t\t\t\t\t<div class=\"elementor-template\">\n\t\t\t\t\t<div data-elementor-type=\"container\" data-elementor-id=\"17723\" class=\"elementor elementor-17723\" data-elementor-post-type=\"elementor_library\">\n\t\t\t\t<div class=\"elementor-element elementor-element-637f1ca3 e-con-full e-flex e-con e-parent\" data-id=\"637f1ca3\" data-element_type=\"container\" data-e-type=\"container\">\n\t\t\t\t<div class=\"elementor-element elementor-element-5203b461 elementor-widget elementor-widget-heading\" data-id=\"5203b461\" data-element_type=\"widget\" data-e-type=\"widget\" data-widget_type=\"heading.default\">\n\t\t\t\t<div class=\"elementor-widget-container\">\n\t\t\t\t\t<h3 class=\"elementor-heading-title elementor-size-default\">Certificado de Plazo de Ahorros Compartidos Regular<\/h3>\t\t\t\t<\/div>\n\t\t\t\t<\/div>\n\t\t\t\t<div class=\"elementor-element elementor-element-12eadeb7 pp-table-center elementor-widget elementor-widget-pp-table\" data-id=\"12eadeb7\" data-element_type=\"widget\" data-e-type=\"widget\" data-settings=\"{&quot;table_type&quot;:&quot;normal&quot;}\" data-widget_type=\"pp-table.default\">\n\t\t\t\t<div class=\"elementor-widget-container\">\n\t\t\t\t\t\t\t<div class=\"pp-table-container\">\n\t\t\t<table \n\t\t\tclass=\"pp-table tablesaw\"\t\t\t\t>\n\t\t\t\t\t\t\t<colgroup>\n\t\t\t\t\t\t\t\t<col\n\t\t\t\t\tspan=\"1\"\n\t\t\t\t\tclass=\"elementor-repeater-item-de6fc24\"\n\t\t\t\t\t\t\t\t\t\t\tstyle=\"\t\t\t\t\t\t\t\t\t\t\t\t\t\t\t\t\t\t\t\t\"\n\t\t\t\t\t\t\t\t\t\t>\n\t\t\t\t\t\t\t<\/colgroup>\n\t\t\t\t\t\t<thead>\n\t\t\t\t<tr class=\"pp-table-row\">\n\t\t\t\t\t<th class=\"pp-table-cell pp-table-cell-21920c7\"><span class=\"pp-table-cell-content\"><span class=\"pp-table-cell-text\">Plazo<\/span><\/span><\/th><th class=\"pp-table-cell pp-table-cell-1b55fe9\"><span class=\"pp-table-cell-content\"><span class=\"pp-table-cell-text\">Dep\u00f3sito m\u00ednimo\t<\/span><\/span><\/th><th class=\"pp-table-cell pp-table-cell-4d1128e\"><span class=\"pp-table-cell-content\"><span class=\"pp-table-cell-text\">Tasa de inter\u00e9s\t<\/span><\/span><\/th><th class=\"pp-table-cell pp-table-cell-812bba8\"><span class=\"pp-table-cell-content\"><span class=\"pp-table-cell-text\">Inter\u00e9s anual<\/span><\/span><\/th>\t\t\t\t<\/tr>\n\t\t\t<\/thead>\n\t\t\t\t\t<tfoot>\n\t\t\t<\/tr>\t\t<\/tfoot>\n\t\t\t\t<tbody>\n\t\t\t<tr ><td class=\"pp-table-cell pp-table-cell-e561877\"><span class=\"pp-table-cell-content\"><span class=\"pp-table-cell-text\">6 Meses<\/span><\/span><\/td><td class=\"pp-table-cell pp-table-cell-d1df384\"><span class=\"pp-table-cell-content\"><span class=\"pp-table-cell-text\">$500<\/span><\/span><\/td><td class=\"pp-table-cell pp-table-cell-1c15125\"><span class=\"pp-table-cell-content\"><span class=\"pp-table-cell-text\">3.35%<\/span><\/span><\/td><td class=\"pp-table-cell pp-table-cell-66d41ec\"><span class=\"pp-table-cell-content\"><span class=\"pp-table-cell-text\">3.35%<\/span><\/span><\/td><\/tr><tr ><td class=\"pp-table-cell pp-table-cell-cadaccf\"><span class=\"pp-table-cell-content\"><span class=\"pp-table-cell-text\">12 Meses\t<\/span><\/span><\/td><td class=\"pp-table-cell pp-table-cell-a0d9d30\"><span class=\"pp-table-cell-content\"><span class=\"pp-table-cell-text\">$500<\/span><\/span><\/td><td class=\"pp-table-cell pp-table-cell-c70a827\"><span class=\"pp-table-cell-content\"><span class=\"pp-table-cell-text\">3.55%\t<\/span><\/span><\/td><td class=\"pp-table-cell pp-table-cell-e725fdc\"><span class=\"pp-table-cell-content\"><span class=\"pp-table-cell-text\">3.55%\n<\/span><\/span><\/td><\/tr><tr ><td class=\"pp-table-cell pp-table-cell-9b9da12\"><span class=\"pp-table-cell-content\"><span class=\"pp-table-cell-text\">18 Meses\t<\/span><\/span><\/td><td class=\"pp-table-cell pp-table-cell-16d8804\"><span class=\"pp-table-cell-content\"><span class=\"pp-table-cell-text\">$500<\/span><\/span><\/td><td class=\"pp-table-cell pp-table-cell-79d3cbe\"><span class=\"pp-table-cell-content\"><span class=\"pp-table-cell-text\">3.60%\t<\/span><\/span><\/td><td class=\"pp-table-cell pp-table-cell-dbf3665\"><span class=\"pp-table-cell-content\"><span class=\"pp-table-cell-text\">3.60%\t<\/span><\/span><\/td><\/tr><tr ><td class=\"pp-table-cell pp-table-cell-414980f\"><span class=\"pp-table-cell-content\"><span class=\"pp-table-cell-text\">24 Meses\t<\/span><\/span><\/td><td class=\"pp-table-cell pp-table-cell-b481b52\"><span class=\"pp-table-cell-content\"><span class=\"pp-table-cell-text\">$500<\/span><\/span><\/td><td class=\"pp-table-cell pp-table-cell-5ccde26\"><span class=\"pp-table-cell-content\"><span class=\"pp-table-cell-text\">3.70%\t<\/span><\/span><\/td><td class=\"pp-table-cell pp-table-cell-9143292\"><span class=\"pp-table-cell-content\"><span class=\"pp-table-cell-text\">3.70%\t<\/span><\/span><\/td><\/tr><tr ><td class=\"pp-table-cell pp-table-cell-8cb0927\"><span class=\"pp-table-cell-content\"><span class=\"pp-table-cell-text\">36 Meses\t<\/span><\/span><\/td><td class=\"pp-table-cell pp-table-cell-8d6f093\"><span class=\"pp-table-cell-content\"><span class=\"pp-table-cell-text\">$500<\/span><\/span><\/td><td class=\"pp-table-cell pp-table-cell-2e7d8a8\"><span class=\"pp-table-cell-content\"><span class=\"pp-table-cell-text\">3.40%\t<\/span><\/span><\/td><td class=\"pp-table-cell pp-table-cell-65d5db0\"><span class=\"pp-table-cell-content\"><span class=\"pp-table-cell-text\">3.40%<\/span><\/span><\/td><\/tr><tr ><td class=\"pp-table-cell pp-table-cell-cdb5d4c\"><span class=\"pp-table-cell-content\"><span class=\"pp-table-cell-text\">48 Meses\t<\/span><\/span><\/td><td class=\"pp-table-cell pp-table-cell-4e7db40\"><span class=\"pp-table-cell-content\"><span class=\"pp-table-cell-text\">$500<\/span><\/span><\/td><td class=\"pp-table-cell pp-table-cell-6ce40ad\"><span class=\"pp-table-cell-content\"><span class=\"pp-table-cell-text\">3.30%\t<\/span><\/span><\/td><td class=\"pp-table-cell pp-table-cell-dee53d0\"><span class=\"pp-table-cell-content\"><span class=\"pp-table-cell-text\">3.30%\t<\/span><\/span><\/td><\/tr><tr ><td class=\"pp-table-cell pp-table-cell-b9b4d00\"><span class=\"pp-table-cell-content\"><span class=\"pp-table-cell-text\">60 Meses\t<\/span><\/span><\/td><td class=\"pp-table-cell pp-table-cell-75b4a7e\"><span class=\"pp-table-cell-content\"><span class=\"pp-table-cell-text\">$500<\/span><\/span><\/td><td class=\"pp-table-cell pp-table-cell-f6b4027\"><span class=\"pp-table-cell-content\"><span class=\"pp-table-cell-text\">3.30%\t<\/span><\/span><\/td><td class=\"pp-table-cell pp-table-cell-896d778\"><span class=\"pp-table-cell-content\"><span class=\"pp-table-cell-text\">3.30%\t<\/span><\/span><\/td><\/tr>\t\t<\/tbody>\n\t\t\t\t\t<\/table>\n\t\t<\/div>\n\t\t\t\t\t\t<\/div>\n\t\t\t\t<\/div>\n\t\t\t\t<\/div>\n\t\t\t\t<\/div>\n\t\t\t\t<\/div>\n\t\t\t\t\t\t<\/div>\n\t\t\t\t<\/div>\n\t\t\t\t\t<\/div>\n\t\t\t\t<\/div>\n\t\t\t\t\t<\/div>\n\t\t\t\t<\/div>\n\t\t\t\t<\/div>\n\t\t<div class=\"elementor-element elementor-element-9b34b70 cmp cmp-accord-plus e-flex e-con-boxed e-con e-parent\" data-id=\"9b34b70\" data-element_type=\"container\" data-e-type=\"container\" data-settings=\"{&quot;background_background&quot;:&quot;classic&quot;}\">\n\t\t\t\t\t<div class=\"e-con-inner\">\n\t\t\t\t<div class=\"elementor-element elementor-element-53d8674c elementor-widget elementor-widget-pp-advanced-accordion\" data-id=\"53d8674c\" data-element_type=\"widget\" data-e-type=\"widget\" data-settings=\"{&quot;accordion_type&quot;:&quot;accordion&quot;,&quot;toggle_speed&quot;:300}\" data-widget_type=\"pp-advanced-accordion.default\">\n\t\t\t\t<div class=\"elementor-widget-container\">\n\t\t\t\t\t\t\t<div class=\"pp-advanced-accordion pp-toggle-icon-align-right\" id=\"pp-advanced-accordion-53d8674c\" data-accordion-id=\"53d8674c\" role=\"tablist\">\n\t\t\t\t\t\t\t<div class=\"pp-accordion-item\">\n\t\t\t\t\t\t\t\t\t\t<div id=\"pp-accordion-tab-title-1401\" class=\"pp-accordion-tab-title\" tabindex=\"0\" data-tab=\"1\" role=\"tab\" aria-controls=\"pp-accordion-tab-content-1401\" aria-expanded=\"false\">\n\t\t\t\t\t\t<span class=\"pp-accordion-title-icon\">\n\t\t\t\t\t\t\t\t\t\t\t\t\t\t<span class=\"pp-accordion-title-text\">\n\t\t\t\t\t\t\t\tLetra peque\u00f1a <div class=\"accord-sub\">Detalles Importantes<\/div>\t\t\t\t\t\t\t<\/span>\n\t\t\t\t\t\t<\/span>\n\t\t\t\t\t\t\t\t\t\t\t\t\t<div class=\"pp-accordion-toggle-icon\">\n\t\t\t\t\t\t\t\t\t\t\t\t\t\t\t\t\t<span class='pp-accordion-toggle-icon-close pp-icon'>\n\t\t\t\t\t\t\t\t\t\t<i aria-hidden=\"true\" class=\"fas fa-angle-up\"><\/i>\t\t\t\t\t\t\t\t\t<\/span>\n\t\t\t\t\t\t\t\t\t\t\t\t\t\t\t\t\t\t\t\t\t\t\t\t\t<span class='pp-accordion-toggle-icon-open pp-icon'>\n\t\t\t\t\t\t\t\t\t\t<i aria-hidden=\"true\" class=\"fas fa-angle-down\"><\/i>\t\t\t\t\t\t\t\t\t<\/span>\n\t\t\t\t\t\t\t\t\t\t\t\t\t\t\t<\/div>\n\t\t\t\t\t\t\t\t\t\t\t<\/div>\n\n\t\t\t\t\t<div id=\"pp-accordion-tab-content-1401\" class=\"pp-accordion-tab-content\" data-tab=\"1\" role=\"tabpanel\" aria-labelledby=\"pp-accordion-tab-title-1401\">\n\t\t\t\t\t\t<ul><li><strong> Limitaciones de la Cuenta \/ Penalizaciones por Retiro Anticipado. <\/strong>Si se retiran fondos de tu Certificado de Plazo antes de la fecha de vencimiento, puede aplicarse una penalizaci\u00f3n por retiro anticipado. La penalizaci\u00f3n ser\u00e1 el menor entre 90 d\u00edas de intereses sobre el monto principal o los intereses efectivamente ganados. Para cuentas con vencimientos de dos a\u00f1os o m\u00e1s, la penalizaci\u00f3n ser\u00e1 el menor entre el total de intereses ganados o 180 d\u00edas de intereses<\/li><li>Los intereses se acumulan diariamente, pero no se capitalizan<\/li><li><span class=\"TextRun SCXW81975891 BCX0\" lang=\"EN-US\" xml:lang=\"EN-US\" data-contrast=\"none\"><span class=\"NormalTextRun SCXW81975891 BCX0\">Los dividendos se pagar\u00e1n a una cuenta de la<\/span><span class=\"NormalTextRun SCXW81975891 BCX0\">\u00a0<\/span><\/span><span class=\"TextRun SCXW81975891 BCX0\" lang=\"EN-US\" xml:lang=\"EN-US\" data-contrast=\"auto\"><span class=\"NormalTextRun SCXW81975891 BCX0\">Cooperativa Latina<\/span><span class=\"NormalTextRun SCXW81975891 BCX0\">\u00a0<\/span><\/span><span class=\"TextRun SCXW81975891 BCX0\" lang=\"EN-US\" xml:lang=\"EN-US\" data-contrast=\"none\"><span class=\"NormalTextRun SCXW81975891 BCX0\">separada de t\u00fa elecci\u00f3n<\/span><\/span><span class=\"EOP SCXW81975891 BCX0\" data-ccp-props=\"{}\">\u00a0<\/span><\/li><\/ul><p><a class=\"accord-link\" href=\"\/es\/rules-regulations\/\">M\u00e1s Informaci\u00f3n<\/a><\/p>\t\t\t\t\t<\/div>\n\t\t\t\t<\/div>\n\t\t\t\t\t<\/div>\n\t\t\t\t\t\t<\/div>\n\t\t\t\t<\/div>\n\t\t\t\t\t<\/div>\n\t\t\t\t<\/div>\n\t\t<div class=\"elementor-element elementor-element-1bad4586 e-con-full cmp cmp-basic-text e-flex e-con e-parent\" data-id=\"1bad4586\" data-element_type=\"container\" data-e-type=\"container\">\n\t\t<div class=\"elementor-element elementor-element-7f1d200f e-flex e-con-boxed e-con e-child\" data-id=\"7f1d200f\" data-element_type=\"container\" data-e-type=\"container\">\n\t\t\t\t\t<div class=\"e-con-inner\">\n\t\t\t\t<div class=\"elementor-element elementor-element-930b350 elementor-widget elementor-widget-heading\" data-id=\"930b350\" data-element_type=\"widget\" data-e-type=\"widget\" data-widget_type=\"heading.default\">\n\t\t\t\t<div class=\"elementor-widget-container\">\n\t\t\t\t\t<h2 class=\"elementor-heading-title elementor-size-default\">\u00a1Te pagamos m\u00e1s!<\/h2>\t\t\t\t<\/div>\n\t\t\t\t<\/div>\n\t\t\t\t<div class=\"elementor-element elementor-element-2fb72f0f elementor-widget elementor-widget-text-editor\" data-id=\"2fb72f0f\" data-element_type=\"widget\" data-e-type=\"widget\" data-widget_type=\"text-editor.default\">\n\t\t\t\t<div class=\"elementor-widget-container\">\n\t\t\t\t\t\t\t\t\t<p>Con tasas de inter\u00e9s m\u00e1s altas y tarifas m\u00e1s bajas. \u00bfPor qu\u00e9 esperar? Descubre el ahorro que solo la Cooperativa Latina puede ofrecerte.<\/p>\t\t\t\t\t\t\t\t<\/div>\n\t\t\t\t<\/div>\n\t\t\t\t\t<\/div>\n\t\t\t\t<\/div>\n\t\t\t\t<\/div>\n\t\t\t\t<\/div>","protected":false},"excerpt":{"rendered":"<p>Watch your money grow with higher dividends for long-term savings. What You Need: $500 minimum initial deposit Be a Latino Credit Union member What You Get: Above average interest rates Fixed rates depending on term: 6, 12, 18, 24, 36, 48 or 60 months Option to receive e-statements Your money is safe and federally insured [&hellip;]<\/p>\n","protected":false},"author":19,"featured_media":1893,"parent":12589,"menu_order":0,"comment_status":"closed","ping_status":"closed","template":"","meta":{"_acf_changed":false,"inline_featured_image":false,"footnotes":""},"page-structure":[21],"sidebar-content":[28,23,27],"class_list":["post-234","page","type-page","status-publish","has-post-thumbnail","hentry","page-structure-has-sidebar","sidebar-content-compare-savings","sidebar-content-footer-join-today","sidebar-content-rates"],"acf":[],"yoast_head":"<!-- This site is optimized with the Yoast SEO plugin v27.2 - https:\/\/yoast.com\/product\/yoast-seo-wordpress\/ -->\n<title>Regular Share Term Certificates - latinoccu.org<\/title>\n<meta name=\"robots\" content=\"index, follow, max-snippet:-1, max-image-preview:large, max-video-preview:-1\" \/>\n<link rel=\"canonical\" href=\"https:\/\/latinoccu.org\/es\/products-and-services\/savings\/certificates-of-deposit\/certificates-of-deposit\/\" \/>\n<meta property=\"og:locale\" content=\"es_MX\" \/>\n<meta property=\"og:type\" content=\"article\" \/>\n<meta property=\"og:title\" content=\"Regular Share Term Certificates - latinoccu.org\" \/>\n<meta property=\"og:description\" content=\"Watch your money grow with higher dividends for long-term savings. What You Need: $500 minimum initial deposit Be a Latino Credit Union member What You Get: Above average interest rates Fixed rates depending on term: 6, 12, 18, 24, 36, 48 or 60 months Option to receive e-statements Your money is safe and federally insured [&hellip;]\" \/>\n<meta property=\"og:url\" content=\"https:\/\/latinoccu.org\/es\/products-and-services\/savings\/certificates-of-deposit\/certificates-of-deposit\/\" \/>\n<meta property=\"og:site_name\" content=\"latinoccu.org\" \/>\n<meta property=\"article:modified_time\" content=\"2026-02-09T20:57:13+00:00\" \/>\n<meta property=\"og:image\" content=\"https:\/\/latinoccu.org\/wp-content\/uploads\/2016\/09\/Certificate-of-Deposit-Product-Page-1.jpg\" \/>\n\t<meta property=\"og:image:width\" content=\"1500\" \/>\n\t<meta property=\"og:image:height\" content=\"450\" \/>\n\t<meta property=\"og:image:type\" content=\"image\/jpeg\" \/>\n<meta name=\"twitter:card\" content=\"summary_large_image\" \/>\n<meta name=\"twitter:label1\" content=\"Tiempo de lectura\" \/>\n\t<meta name=\"twitter:data1\" content=\"2 minutos\" \/>\n<script type=\"application\/ld+json\" class=\"yoast-schema-graph\">{\"@context\":\"https:\/\/schema.org\",\"@graph\":[{\"@type\":\"WebPage\",\"@id\":\"https:\/\/latinoccu.org\/products-and-services\/savings\/certificates-of-deposit\/certificates-of-deposit\/\",\"url\":\"https:\/\/latinoccu.org\/products-and-services\/savings\/certificates-of-deposit\/certificates-of-deposit\/\",\"name\":\"Regular Share Term Certificates - latinoccu.org\",\"isPartOf\":{\"@id\":\"https:\/\/latinoccu.org\/#website\"},\"primaryImageOfPage\":{\"@id\":\"https:\/\/latinoccu.org\/products-and-services\/savings\/certificates-of-deposit\/certificates-of-deposit\/#primaryimage\"},\"image\":{\"@id\":\"https:\/\/latinoccu.org\/products-and-services\/savings\/certificates-of-deposit\/certificates-of-deposit\/#primaryimage\"},\"thumbnailUrl\":\"https:\/\/latinoccu.org\/wp-content\/uploads\/2016\/09\/Certificate-of-Deposit-Product-Page-1.jpg\",\"datePublished\":\"2016-07-27T11:46:53+00:00\",\"dateModified\":\"2026-02-09T20:57:13+00:00\",\"breadcrumb\":{\"@id\":\"https:\/\/latinoccu.org\/products-and-services\/savings\/certificates-of-deposit\/certificates-of-deposit\/#breadcrumb\"},\"inLanguage\":\"es\",\"potentialAction\":[{\"@type\":\"ReadAction\",\"target\":[\"https:\/\/latinoccu.org\/products-and-services\/savings\/certificates-of-deposit\/certificates-of-deposit\/\"]}]},{\"@type\":\"ImageObject\",\"inLanguage\":\"es\",\"@id\":\"https:\/\/latinoccu.org\/products-and-services\/savings\/certificates-of-deposit\/certificates-of-deposit\/#primaryimage\",\"url\":\"https:\/\/latinoccu.org\/wp-content\/uploads\/2016\/09\/Certificate-of-Deposit-Product-Page-1.jpg\",\"contentUrl\":\"https:\/\/latinoccu.org\/wp-content\/uploads\/2016\/09\/Certificate-of-Deposit-Product-Page-1.jpg\",\"width\":1500,\"height\":450},{\"@type\":\"BreadcrumbList\",\"@id\":\"https:\/\/latinoccu.org\/products-and-services\/savings\/certificates-of-deposit\/certificates-of-deposit\/#breadcrumb\",\"itemListElement\":[{\"@type\":\"ListItem\",\"position\":1,\"name\":\"Home\",\"item\":\"https:\/\/latinoccu.org\/\"},{\"@type\":\"ListItem\",\"position\":2,\"name\":\"Products and Services\",\"item\":\"https:\/\/latinoccu.org\/products-and-services\/\"},{\"@type\":\"ListItem\",\"position\":3,\"name\":\"Savings\",\"item\":\"https:\/\/latinoccu.org\/products-and-services\/savings\/\"},{\"@type\":\"ListItem\",\"position\":4,\"name\":\"Share Term Certificates\",\"item\":\"https:\/\/latinoccu.org\/products-and-services\/savings\/certificates-of-deposit\/\"},{\"@type\":\"ListItem\",\"position\":5,\"name\":\"Regular Share Term Certificates\"}]},{\"@type\":\"WebSite\",\"@id\":\"https:\/\/latinoccu.org\/#website\",\"url\":\"https:\/\/latinoccu.org\/\",\"name\":\"latinoccu.org\",\"description\":\"\",\"potentialAction\":[{\"@type\":\"SearchAction\",\"target\":{\"@type\":\"EntryPoint\",\"urlTemplate\":\"https:\/\/latinoccu.org\/?s={search_term_string}\"},\"query-input\":{\"@type\":\"PropertyValueSpecification\",\"valueRequired\":true,\"valueName\":\"search_term_string\"}}],\"inLanguage\":\"es\"}]}<\/script>\n<!-- \/ Yoast SEO plugin. -->","yoast_head_json":{"title":"Regular Share Term Certificates - latinoccu.org","robots":{"index":"index","follow":"follow","max-snippet":"max-snippet:-1","max-image-preview":"max-image-preview:large","max-video-preview":"max-video-preview:-1"},"canonical":"https:\/\/latinoccu.org\/es\/products-and-services\/savings\/certificates-of-deposit\/certificates-of-deposit\/","og_locale":"es_MX","og_type":"article","og_title":"Regular Share Term Certificates - latinoccu.org","og_description":"Watch your money grow with higher dividends for long-term savings. What You Need: $500 minimum initial deposit Be a Latino Credit Union member What You Get: Above average interest rates Fixed rates depending on term: 6, 12, 18, 24, 36, 48 or 60 months Option to receive e-statements Your money is safe and federally insured [&hellip;]","og_url":"https:\/\/latinoccu.org\/es\/products-and-services\/savings\/certificates-of-deposit\/certificates-of-deposit\/","og_site_name":"latinoccu.org","article_modified_time":"2026-02-09T20:57:13+00:00","og_image":[{"width":1500,"height":450,"url":"https:\/\/latinoccu.org\/wp-content\/uploads\/2016\/09\/Certificate-of-Deposit-Product-Page-1.jpg","type":"image\/jpeg"}],"twitter_card":"summary_large_image","twitter_misc":{"Tiempo de lectura":"2 minutos"},"schema":{"@context":"https:\/\/schema.org","@graph":[{"@type":"WebPage","@id":"https:\/\/latinoccu.org\/products-and-services\/savings\/certificates-of-deposit\/certificates-of-deposit\/","url":"https:\/\/latinoccu.org\/products-and-services\/savings\/certificates-of-deposit\/certificates-of-deposit\/","name":"Regular Share Term Certificates - latinoccu.org","isPartOf":{"@id":"https:\/\/latinoccu.org\/#website"},"primaryImageOfPage":{"@id":"https:\/\/latinoccu.org\/products-and-services\/savings\/certificates-of-deposit\/certificates-of-deposit\/#primaryimage"},"image":{"@id":"https:\/\/latinoccu.org\/products-and-services\/savings\/certificates-of-deposit\/certificates-of-deposit\/#primaryimage"},"thumbnailUrl":"https:\/\/latinoccu.org\/wp-content\/uploads\/2016\/09\/Certificate-of-Deposit-Product-Page-1.jpg","datePublished":"2016-07-27T11:46:53+00:00","dateModified":"2026-02-09T20:57:13+00:00","breadcrumb":{"@id":"https:\/\/latinoccu.org\/products-and-services\/savings\/certificates-of-deposit\/certificates-of-deposit\/#breadcrumb"},"inLanguage":"es","potentialAction":[{"@type":"ReadAction","target":["https:\/\/latinoccu.org\/products-and-services\/savings\/certificates-of-deposit\/certificates-of-deposit\/"]}]},{"@type":"ImageObject","inLanguage":"es","@id":"https:\/\/latinoccu.org\/products-and-services\/savings\/certificates-of-deposit\/certificates-of-deposit\/#primaryimage","url":"https:\/\/latinoccu.org\/wp-content\/uploads\/2016\/09\/Certificate-of-Deposit-Product-Page-1.jpg","contentUrl":"https:\/\/latinoccu.org\/wp-content\/uploads\/2016\/09\/Certificate-of-Deposit-Product-Page-1.jpg","width":1500,"height":450},{"@type":"BreadcrumbList","@id":"https:\/\/latinoccu.org\/products-and-services\/savings\/certificates-of-deposit\/certificates-of-deposit\/#breadcrumb","itemListElement":[{"@type":"ListItem","position":1,"name":"Home","item":"https:\/\/latinoccu.org\/"},{"@type":"ListItem","position":2,"name":"Products and Services","item":"https:\/\/latinoccu.org\/products-and-services\/"},{"@type":"ListItem","position":3,"name":"Savings","item":"https:\/\/latinoccu.org\/products-and-services\/savings\/"},{"@type":"ListItem","position":4,"name":"Share Term Certificates","item":"https:\/\/latinoccu.org\/products-and-services\/savings\/certificates-of-deposit\/"},{"@type":"ListItem","position":5,"name":"Regular Share Term Certificates"}]},{"@type":"WebSite","@id":"https:\/\/latinoccu.org\/#website","url":"https:\/\/latinoccu.org\/","name":"latinoccu.org","description":"","potentialAction":[{"@type":"SearchAction","target":{"@type":"EntryPoint","urlTemplate":"https:\/\/latinoccu.org\/?s={search_term_string}"},"query-input":{"@type":"PropertyValueSpecification","valueRequired":true,"valueName":"search_term_string"}}],"inLanguage":"es"}]}},"_links":{"self":[{"href":"https:\/\/latinoccu.org\/es\/wp-json\/wp\/v2\/pages\/234","targetHints":{"allow":["GET"]}}],"collection":[{"href":"https:\/\/latinoccu.org\/es\/wp-json\/wp\/v2\/pages"}],"about":[{"href":"https:\/\/latinoccu.org\/es\/wp-json\/wp\/v2\/types\/page"}],"author":[{"embeddable":true,"href":"https:\/\/latinoccu.org\/es\/wp-json\/wp\/v2\/users\/19"}],"replies":[{"embeddable":true,"href":"https:\/\/latinoccu.org\/es\/wp-json\/wp\/v2\/comments?post=234"}],"version-history":[{"count":0,"href":"https:\/\/latinoccu.org\/es\/wp-json\/wp\/v2\/pages\/234\/revisions"}],"up":[{"embeddable":true,"href":"https:\/\/latinoccu.org\/es\/wp-json\/wp\/v2\/pages\/12589"}],"wp:featuredmedia":[{"embeddable":true,"href":"https:\/\/latinoccu.org\/es\/wp-json\/wp\/v2\/media\/1893"}],"wp:attachment":[{"href":"https:\/\/latinoccu.org\/es\/wp-json\/wp\/v2\/media?parent=234"}],"wp:term":[{"taxonomy":"page-structure","embeddable":true,"href":"https:\/\/latinoccu.org\/es\/wp-json\/wp\/v2\/page-structure?post=234"},{"taxonomy":"sidebar-content","embeddable":true,"href":"https:\/\/latinoccu.org\/es\/wp-json\/wp\/v2\/sidebar-content?post=234"}],"curies":[{"name":"wp","href":"https:\/\/api.w.org\/{rel}","templated":true}]}}