{"id":22670,"date":"2026-05-01T16:59:07","date_gmt":"2026-05-01T16:59:07","guid":{"rendered":"https:\/\/latinoccu.org\/?page_id=22670"},"modified":"2026-05-05T14:45:22","modified_gmt":"2026-05-05T14:45:22","slug":"business-money-market","status":"publish","type":"page","link":"https:\/\/latinoccu.org\/es\/products-and-services\/business-accounts\/business-money-market\/","title":{"rendered":"Cuentas Ahorromax para empresas"},"content":{"rendered":"<div data-elementor-type=\"wp-page\" data-elementor-id=\"22670\" class=\"elementor elementor-22670\" data-elementor-post-type=\"page\">\n\t\t\t\t<div class=\"elementor-element elementor-element-5af81f1 e-flex e-con-boxed e-con e-parent\" data-id=\"5af81f1\" data-element_type=\"container\" data-e-type=\"container\">\n\t\t\t\t\t<div class=\"e-con-inner\">\n\t\t\t\t<div class=\"elementor-element elementor-element-27f5f42 elementor-widget elementor-widget-text-editor\" data-id=\"27f5f42\" data-element_type=\"widget\" data-e-type=\"widget\" data-widget_type=\"text-editor.default\">\n\t\t\t\t<div class=\"elementor-widget-container\">\n\t\t\t\t\t\t\t\t\t<p style=\"font-weight: 400;\">Gana m\u00e1s en tus fondos de negocios sin perder la disponibilidad. Nuestra cuenta Ahorromax para negocios ofrece tasas de dividendos m\u00e1s altas que las cuentas de ahorros tradicionales y acceso flexible a tu dinero sin compromiso a largo plazo. Es una forma ideal de hacer crecer tus reservas para operar, prepararte para gastos en el futuro o mantener un s\u00f3lido colch\u00f3n financiero con una rentabilidad competitiva.<\/p>\t\t\t\t\t\t\t\t<\/div>\n\t\t\t\t<\/div>\n\t\t\t\t<div class=\"elementor-element elementor-element-5a52d60 elementor-widget elementor-widget-text-editor\" data-id=\"5a52d60\" data-element_type=\"widget\" data-e-type=\"widget\" data-widget_type=\"text-editor.default\">\n\t\t\t\t<div class=\"elementor-widget-container\">\n\t\t\t\t\t\t\t\t\t<h3>\u00a0Lo que necesitas:<\/h3><ul><li><p><span class=\"TextRun SCXW90063134 BCX4\" lang=\"EN-US\" xml:lang=\"EN-US\" data-contrast=\"none\"><span class=\"NormalTextRun SCXW90063134 BCX4\">Hacerte<\/span><span class=\"NormalTextRun SCXW90063134 BCX4\">socio<\/span><span class=\"NormalTextRun SCXW90063134 BCX4\"> de<\/span><span class=\"NormalTextRun CommentStart SCXW90063134 BCX4\"> negocio<\/span><span class=\"NormalTextRun SCXW90063134 BCX4\">de la Cooperativa Latina<\/span><\/span><span class=\"EOP Selected SCXW90063134 BCX4\" data-ccp-props=\"{&quot;201341983&quot;:0,&quot;335559740&quot;:279}\">\u00a0<\/span><\/p><\/li><li><p>La documentaci\u00f3n de tu negocio (por ejemplo, los art\u00edculos de incorporaci\u00f3n u organizaci\u00f3n, el acuerdo de sociedad o el nombre comercial asumido)<\/p><\/li><li><p>Documento de identidad v\u00e1lido de todos los firmantes autorizados<\/p><\/li><li><p>Dep\u00f3sito m\u00ednimo de apertura de $100.00<\/p><\/li><li><p>N\u00famero de identificaci\u00f3n de empleador (EIN) o n\u00famero de Seguridad Social (SSN) o ITIN para negocios unipersonales<\/p><\/li><li><p>Prueba de direcci\u00f3n del negocio (si aplica)<\/p><\/li><\/ul><h3>Lo que recibes:<\/h3><ul><li><p>Tasas de dividendo escalonadas: gana m\u00e1s a medida que tu saldo crece<\/p><\/li><li><p>Rendimientos m\u00e1s altos que los de una cuenta de ahorro para negocios tradicional<\/p><\/li><li><p>F\u00e1cil acceso a los fondos a trav\u00e9s de transferencias o retiros<\/p><\/li><li><p>Sin compromiso a largo plazo: mant\u00e9n tu dinero disponible<\/p><\/li><li><p>Herramientas de acceso digital para manejar tus fondos desde cualquier lugar<\/p><\/li><li><p>Un lugar inteligente donde guardar reservas operativas sin perder su disponibilidad<\/p><\/li><li><p>Dep\u00f3sitos asegurados federalmente hasta $250,000 por la NCUA<\/p><\/li><li><p>Opci\u00f3n de recibir estados de cuenta electr\u00f3nicos<\/p><\/li><li><p>Accede a tu cuenta en l\u00ednea y haz mucho m\u00e1s con nuestros servicios en l\u00ednea como monitorear tus saldos y transferir fondos en cualquier momento. <a href=\"https:\/\/latinoccu.org\/es\/products-and-services\/other-services\/electronic-services\/\">Haz clic aqu\u00ed<\/a>para m\u00e1s detalles.<\/p><\/li><\/ul>\t\t\t\t\t\t\t\t<\/div>\n\t\t\t\t<\/div>\n\t\t\t\t\t<\/div>\n\t\t\t\t<\/div>\n\t\t<div class=\"elementor-element elementor-element-7223c2f e-flex e-con-boxed e-con e-parent\" data-id=\"7223c2f\" data-element_type=\"container\" data-e-type=\"container\">\n\t\t\t\t\t<div class=\"e-con-inner\">\n\t\t\t\t<div class=\"elementor-element elementor-element-33d426e elementor-widget elementor-widget-pp-advanced-accordion\" data-id=\"33d426e\" data-element_type=\"widget\" data-e-type=\"widget\" data-settings=\"{&quot;accordion_type&quot;:&quot;accordion&quot;,&quot;toggle_speed&quot;:300}\" data-widget_type=\"pp-advanced-accordion.default\">\n\t\t\t\t<div class=\"elementor-widget-container\">\n\t\t\t\t\t\t\t<div class=\"pp-advanced-accordion pp-toggle-icon-align-right\" id=\"pp-advanced-accordion-33d426e\" data-accordion-id=\"33d426e\" role=\"tablist\">\n\t\t\t\t\t\t\t<div class=\"pp-accordion-item\">\n\t\t\t\t\t\t\t\t\t\t<div id=\"pp-accordion-tab-title-5431\" class=\"pp-accordion-tab-title\" tabindex=\"0\" data-tab=\"1\" role=\"tab\" aria-controls=\"pp-accordion-tab-content-5431\" aria-expanded=\"false\">\n\t\t\t\t\t\t<span class=\"pp-accordion-title-icon\">\n\t\t\t\t\t\t\t\t\t\t\t\t\t\t<span class=\"pp-accordion-title-text\">\n\t\t\t\t\t\t\t\tLa letra peque\u00f1a <div class=\"accord-sub\">Los detalles importantes<\/div>\t\t\t\t\t\t\t<\/span>\n\t\t\t\t\t\t<\/span>\n\t\t\t\t\t\t\t\t\t\t\t\t\t<div class=\"pp-accordion-toggle-icon\">\n\t\t\t\t\t\t\t\t\t\t\t\t\t\t\t\t\t<span class='pp-accordion-toggle-icon-close pp-icon'>\n\t\t\t\t\t\t\t\t\t\t<i aria-hidden=\"true\" class=\"fas fa-angle-up\"><\/i>\t\t\t\t\t\t\t\t\t<\/span>\n\t\t\t\t\t\t\t\t\t\t\t\t\t\t\t\t\t\t\t\t\t\t\t\t\t<span class='pp-accordion-toggle-icon-open pp-icon'>\n\t\t\t\t\t\t\t\t\t\t<i aria-hidden=\"true\" class=\"fas fa-angle-down\"><\/i>\t\t\t\t\t\t\t\t\t<\/span>\n\t\t\t\t\t\t\t\t\t\t\t\t\t\t\t<\/div>\n\t\t\t\t\t\t\t\t\t\t\t<\/div>\n\n\t\t\t\t\t<div id=\"pp-accordion-tab-content-5431\" class=\"pp-accordion-tab-content\" data-tab=\"1\" role=\"tabpanel\" aria-labelledby=\"pp-accordion-tab-title-5431\">\n\t\t\t\t\t\t<ul><li>Debes mantener un saldo m\u00ednimo de $1000 en tu cuenta ahorromax para evitar el cobro de una tarifa mensual de $10. Por favor visita nuestra p\u00e1gina de tarifas para ver una lista completa de las tarifas asociadas a este tipo de cuenta.<\/li><\/ul><p><a class=\"accord-link\" href=\"\/es\/rules-regulations\/\">Conoce M\u00e1s<\/a><\/p>\t\t\t\t\t<\/div>\n\t\t\t\t<\/div>\n\t\t\t\t\t<\/div>\n\t\t\t\t\t\t<\/div>\n\t\t\t\t<\/div>\n\t\t\t\t\t<\/div>\n\t\t\t\t<\/div>\n\t\t\t\t<\/div>","protected":false},"excerpt":{"rendered":"<p>Earn more on your business funds, while keeping them accessible. Our Business Money Market account offers higher dividend rates than traditional savings, flexible access to your money, and no long\u2011term commitment. It\u2019s an ideal way to grow operating reserves, prepare future expenses, or maintain a strong financial cushion with competitive earnings. \u00a0What You Need: Become [&hellip;]<\/p>\n","protected":false},"author":3,"featured_media":22671,"parent":21944,"menu_order":0,"comment_status":"closed","ping_status":"closed","template":"","meta":{"_acf_changed":false,"inline_featured_image":false,"footnotes":""},"page-structure":[21],"sidebar-content":[74,95,27,94,96],"class_list":["post-22670","page","type-page","status-publish","has-post-thumbnail","hentry","page-structure-has-sidebar","sidebar-content-become-a-member-icon","sidebar-content-business-page-content","sidebar-content-rates","sidebar-content-remove-become-a-member-button","sidebar-content-view-fees"],"acf":[],"yoast_head":"<!-- This site is optimized with the Yoast SEO plugin v27.2 - https:\/\/yoast.com\/product\/yoast-seo-wordpress\/ -->\n<title>Business Money Market - latinoccu.org<\/title>\n<meta name=\"robots\" content=\"index, follow, max-snippet:-1, max-image-preview:large, max-video-preview:-1\" \/>\n<link rel=\"canonical\" href=\"https:\/\/latinoccu.org\/es\/products-and-services\/business-accounts\/business-money-market\/\" \/>\n<meta property=\"og:locale\" content=\"es_MX\" \/>\n<meta property=\"og:type\" content=\"article\" \/>\n<meta property=\"og:title\" content=\"Business Money Market - latinoccu.org\" \/>\n<meta property=\"og:description\" content=\"Earn more on your business funds, while keeping them accessible. Our Business Money Market account offers higher dividend rates than traditional savings, flexible access to your money, and no long\u2011term commitment. It\u2019s an ideal way to grow operating reserves, prepare future expenses, or maintain a strong financial cushion with competitive earnings. \u00a0What You Need: Become [&hellip;]\" \/>\n<meta property=\"og:url\" content=\"https:\/\/latinoccu.org\/es\/products-and-services\/business-accounts\/business-money-market\/\" \/>\n<meta property=\"og:site_name\" content=\"latinoccu.org\" \/>\n<meta property=\"article:modified_time\" content=\"2026-05-05T14:45:22+00:00\" \/>\n<meta property=\"og:image\" content=\"https:\/\/latinoccu.org\/wp-content\/uploads\/2026\/04\/Money-Market-Product-Page.jpg\" \/>\n\t<meta property=\"og:image:width\" content=\"1500\" \/>\n\t<meta property=\"og:image:height\" content=\"450\" \/>\n\t<meta property=\"og:image:type\" content=\"image\/jpeg\" \/>\n<meta name=\"twitter:card\" content=\"summary_large_image\" \/>\n<meta name=\"twitter:label1\" content=\"Tiempo de lectura\" \/>\n\t<meta name=\"twitter:data1\" content=\"2 minutos\" \/>\n<script type=\"application\/ld+json\" class=\"yoast-schema-graph\">{\"@context\":\"https:\/\/schema.org\",\"@graph\":[{\"@type\":\"WebPage\",\"@id\":\"https:\/\/latinoccu.org\/products-and-services\/business-accounts\/business-money-market\/\",\"url\":\"https:\/\/latinoccu.org\/products-and-services\/business-accounts\/business-money-market\/\",\"name\":\"Business Money Market - latinoccu.org\",\"isPartOf\":{\"@id\":\"https:\/\/latinoccu.org\/#website\"},\"primaryImageOfPage\":{\"@id\":\"https:\/\/latinoccu.org\/products-and-services\/business-accounts\/business-money-market\/#primaryimage\"},\"image\":{\"@id\":\"https:\/\/latinoccu.org\/products-and-services\/business-accounts\/business-money-market\/#primaryimage\"},\"thumbnailUrl\":\"https:\/\/latinoccu.org\/wp-content\/uploads\/2026\/04\/Money-Market-Product-Page.jpg\",\"datePublished\":\"2026-05-01T16:59:07+00:00\",\"dateModified\":\"2026-05-05T14:45:22+00:00\",\"breadcrumb\":{\"@id\":\"https:\/\/latinoccu.org\/products-and-services\/business-accounts\/business-money-market\/#breadcrumb\"},\"inLanguage\":\"es\",\"potentialAction\":[{\"@type\":\"ReadAction\",\"target\":[\"https:\/\/latinoccu.org\/products-and-services\/business-accounts\/business-money-market\/\"]}]},{\"@type\":\"ImageObject\",\"inLanguage\":\"es\",\"@id\":\"https:\/\/latinoccu.org\/products-and-services\/business-accounts\/business-money-market\/#primaryimage\",\"url\":\"https:\/\/latinoccu.org\/wp-content\/uploads\/2026\/04\/Money-Market-Product-Page.jpg\",\"contentUrl\":\"https:\/\/latinoccu.org\/wp-content\/uploads\/2026\/04\/Money-Market-Product-Page.jpg\",\"width\":1500,\"height\":450,\"caption\":\"Member business outside their store\"},{\"@type\":\"BreadcrumbList\",\"@id\":\"https:\/\/latinoccu.org\/products-and-services\/business-accounts\/business-money-market\/#breadcrumb\",\"itemListElement\":[{\"@type\":\"ListItem\",\"position\":1,\"name\":\"Home\",\"item\":\"https:\/\/latinoccu.org\/\"},{\"@type\":\"ListItem\",\"position\":2,\"name\":\"Products and Services\",\"item\":\"https:\/\/latinoccu.org\/products-and-services\/\"},{\"@type\":\"ListItem\",\"position\":3,\"name\":\"Business Accounts\",\"item\":\"https:\/\/latinoccu.org\/products-and-services\/business-accounts\/\"},{\"@type\":\"ListItem\",\"position\":4,\"name\":\"Business Money Market\"}]},{\"@type\":\"WebSite\",\"@id\":\"https:\/\/latinoccu.org\/#website\",\"url\":\"https:\/\/latinoccu.org\/\",\"name\":\"latinoccu.org\",\"description\":\"\",\"potentialAction\":[{\"@type\":\"SearchAction\",\"target\":{\"@type\":\"EntryPoint\",\"urlTemplate\":\"https:\/\/latinoccu.org\/?s={search_term_string}\"},\"query-input\":{\"@type\":\"PropertyValueSpecification\",\"valueRequired\":true,\"valueName\":\"search_term_string\"}}],\"inLanguage\":\"es\"}]}<\/script>\n<!-- \/ Yoast SEO plugin. -->","yoast_head_json":{"title":"Business Money Market - latinoccu.org","robots":{"index":"index","follow":"follow","max-snippet":"max-snippet:-1","max-image-preview":"max-image-preview:large","max-video-preview":"max-video-preview:-1"},"canonical":"https:\/\/latinoccu.org\/es\/products-and-services\/business-accounts\/business-money-market\/","og_locale":"es_MX","og_type":"article","og_title":"Business Money Market - latinoccu.org","og_description":"Earn more on your business funds, while keeping them accessible. Our Business Money Market account offers higher dividend rates than traditional savings, flexible access to your money, and no long\u2011term commitment. It\u2019s an ideal way to grow operating reserves, prepare future expenses, or maintain a strong financial cushion with competitive earnings. \u00a0What You Need: Become [&hellip;]","og_url":"https:\/\/latinoccu.org\/es\/products-and-services\/business-accounts\/business-money-market\/","og_site_name":"latinoccu.org","article_modified_time":"2026-05-05T14:45:22+00:00","og_image":[{"width":1500,"height":450,"url":"https:\/\/latinoccu.org\/wp-content\/uploads\/2026\/04\/Money-Market-Product-Page.jpg","type":"image\/jpeg"}],"twitter_card":"summary_large_image","twitter_misc":{"Tiempo de lectura":"2 minutos"},"schema":{"@context":"https:\/\/schema.org","@graph":[{"@type":"WebPage","@id":"https:\/\/latinoccu.org\/products-and-services\/business-accounts\/business-money-market\/","url":"https:\/\/latinoccu.org\/products-and-services\/business-accounts\/business-money-market\/","name":"Business Money Market - latinoccu.org","isPartOf":{"@id":"https:\/\/latinoccu.org\/#website"},"primaryImageOfPage":{"@id":"https:\/\/latinoccu.org\/products-and-services\/business-accounts\/business-money-market\/#primaryimage"},"image":{"@id":"https:\/\/latinoccu.org\/products-and-services\/business-accounts\/business-money-market\/#primaryimage"},"thumbnailUrl":"https:\/\/latinoccu.org\/wp-content\/uploads\/2026\/04\/Money-Market-Product-Page.jpg","datePublished":"2026-05-01T16:59:07+00:00","dateModified":"2026-05-05T14:45:22+00:00","breadcrumb":{"@id":"https:\/\/latinoccu.org\/products-and-services\/business-accounts\/business-money-market\/#breadcrumb"},"inLanguage":"es","potentialAction":[{"@type":"ReadAction","target":["https:\/\/latinoccu.org\/products-and-services\/business-accounts\/business-money-market\/"]}]},{"@type":"ImageObject","inLanguage":"es","@id":"https:\/\/latinoccu.org\/products-and-services\/business-accounts\/business-money-market\/#primaryimage","url":"https:\/\/latinoccu.org\/wp-content\/uploads\/2026\/04\/Money-Market-Product-Page.jpg","contentUrl":"https:\/\/latinoccu.org\/wp-content\/uploads\/2026\/04\/Money-Market-Product-Page.jpg","width":1500,"height":450,"caption":"Member business outside their store"},{"@type":"BreadcrumbList","@id":"https:\/\/latinoccu.org\/products-and-services\/business-accounts\/business-money-market\/#breadcrumb","itemListElement":[{"@type":"ListItem","position":1,"name":"Home","item":"https:\/\/latinoccu.org\/"},{"@type":"ListItem","position":2,"name":"Products and Services","item":"https:\/\/latinoccu.org\/products-and-services\/"},{"@type":"ListItem","position":3,"name":"Business Accounts","item":"https:\/\/latinoccu.org\/products-and-services\/business-accounts\/"},{"@type":"ListItem","position":4,"name":"Business Money Market"}]},{"@type":"WebSite","@id":"https:\/\/latinoccu.org\/#website","url":"https:\/\/latinoccu.org\/","name":"latinoccu.org","description":"","potentialAction":[{"@type":"SearchAction","target":{"@type":"EntryPoint","urlTemplate":"https:\/\/latinoccu.org\/?s={search_term_string}"},"query-input":{"@type":"PropertyValueSpecification","valueRequired":true,"valueName":"search_term_string"}}],"inLanguage":"es"}]}},"_links":{"self":[{"href":"https:\/\/latinoccu.org\/es\/wp-json\/wp\/v2\/pages\/22670","targetHints":{"allow":["GET"]}}],"collection":[{"href":"https:\/\/latinoccu.org\/es\/wp-json\/wp\/v2\/pages"}],"about":[{"href":"https:\/\/latinoccu.org\/es\/wp-json\/wp\/v2\/types\/page"}],"author":[{"embeddable":true,"href":"https:\/\/latinoccu.org\/es\/wp-json\/wp\/v2\/users\/3"}],"replies":[{"embeddable":true,"href":"https:\/\/latinoccu.org\/es\/wp-json\/wp\/v2\/comments?post=22670"}],"version-history":[{"count":5,"href":"https:\/\/latinoccu.org\/es\/wp-json\/wp\/v2\/pages\/22670\/revisions"}],"predecessor-version":[{"id":22880,"href":"https:\/\/latinoccu.org\/es\/wp-json\/wp\/v2\/pages\/22670\/revisions\/22880"}],"up":[{"embeddable":true,"href":"https:\/\/latinoccu.org\/es\/wp-json\/wp\/v2\/pages\/21944"}],"wp:featuredmedia":[{"embeddable":true,"href":"https:\/\/latinoccu.org\/es\/wp-json\/wp\/v2\/media\/22671"}],"wp:attachment":[{"href":"https:\/\/latinoccu.org\/es\/wp-json\/wp\/v2\/media?parent=22670"}],"wp:term":[{"taxonomy":"page-structure","embeddable":true,"href":"https:\/\/latinoccu.org\/es\/wp-json\/wp\/v2\/page-structure?post=22670"},{"taxonomy":"sidebar-content","embeddable":true,"href":"https:\/\/latinoccu.org\/es\/wp-json\/wp\/v2\/sidebar-content?post=22670"}],"curies":[{"name":"wp","href":"https:\/\/api.w.org\/{rel}","templated":true}]}}