{"id":22657,"date":"2026-05-01T14:19:11","date_gmt":"2026-05-01T14:19:11","guid":{"rendered":"https:\/\/latinoccu.org\/?page_id=22657"},"modified":"2026-05-05T14:45:13","modified_gmt":"2026-05-05T14:45:13","slug":"business-checking","status":"publish","type":"page","link":"https:\/\/latinoccu.org\/es\/products-and-services\/business-accounts\/business-checking\/","title":{"rendered":"Cuenta de cheques para negocio\u00a0"},"content":{"rendered":"<div data-elementor-type=\"wp-page\" data-elementor-id=\"22657\" class=\"elementor elementor-22657\" data-elementor-post-type=\"page\">\n\t\t\t\t<div class=\"elementor-element elementor-element-028e4bd e-flex e-con-boxed e-con e-parent\" data-id=\"028e4bd\" data-element_type=\"container\" data-e-type=\"container\">\n\t\t\t\t\t<div class=\"e-con-inner\">\n\t\t\t\t<div class=\"elementor-element elementor-element-b6ecb6d elementor-widget elementor-widget-text-editor\" data-id=\"b6ecb6d\" data-element_type=\"widget\" data-e-type=\"widget\" data-widget_type=\"text-editor.default\">\n\t\t\t\t<div class=\"elementor-widget-container\">\n\t\t\t\t\t\t\t\t\t<p style=\"font-weight: 400;\">Gestiona con facilidad las finanzas diarias de tu negocio. Nuestra cuenta de cheques b\u00e1sica para negocios te da acceso simple y confiable a tu dinero con las herramientas que necesitas para mantener tus operaciones funcionando sin sobresaltos. Es la opci\u00f3n ideal para peque\u00f1os negocios que buscan una cuenta de cheques sin complicaciones ni tarifas innecesarias.<\/p>\t\t\t\t\t\t\t\t<\/div>\n\t\t\t\t<\/div>\n\t\t\t\t<div class=\"elementor-element elementor-element-bb48e04 elementor-widget elementor-widget-text-editor\" data-id=\"bb48e04\" data-element_type=\"widget\" data-e-type=\"widget\" data-widget_type=\"text-editor.default\">\n\t\t\t\t<div class=\"elementor-widget-container\">\n\t\t\t\t\t\t\t\t\t<h3>Lo que necesitas:<\/h3><ul><li style=\"font-weight: 400;\"><p>Hacerte socio de negocio de la Cooperativa Latina<\/p><\/li><li style=\"font-weight: 400;\"><p>La documentaci\u00f3n de tu negocio (por ejemplo, los art\u00edculos de incorporaci\u00f3n u organizaci\u00f3n, el acuerdo de sociedad o el nombre comercial asumido)<\/p><\/li><li style=\"font-weight: 400;\"><p>Documento de identidad v\u00e1lido de todos los firmantes autorizados<\/p><\/li><li style=\"font-weight: 400;\"><p>Dep\u00f3sito m\u00ednimo de apertura de $100.00<\/p><\/li><li style=\"font-weight: 400;\"><p>N\u00famero de identificaci\u00f3n de empleador (EIN) o n\u00famero de seguridad social (SSN) o ITIN para negocios unipersonales<\/p><\/li><li style=\"font-weight: 400;\"><p>Prueba de direcci\u00f3n del negocio (si aplica)<\/p><\/li><\/ul><h3>Lo que recibes:<\/h3><ul><li><p>Opciones de exenci\u00f3n de la tarifa mensual<\/p><\/li><li><p>L\u00edmites de transacciones flexibles dise\u00f1ados para actividad comercial diaria, que proporcionan costos predecibles, beneficios transparentes y la libertad de gestionar las finanzas con confianza.<\/p><\/li><li><p>Accede a tu cuenta en l\u00ednea y haz mucho m\u00e1s con nuestros servicios en l\u00ednea como monitorear tus saldos y transferir fondos en cualquier momento. <a href=\"https:\/\/latinoccu.org\/es\/products-and-services\/other-services\/electronic-services\/\">Haz clic aqu\u00ed<\/a>para obtener m\u00e1s detalles.<\/p><\/li><li><p>Tarjeta de d\u00e9bito VISA\u00ae con chip para compras y transacciones en cajeros autom\u00e1ticos a nivel internacional, con opci\u00f3n de\u00a0<a href=\"https:\/\/usa.visa.com\/pay-with-visa\/contactless-payments\/contactless-payments.html\">Tap to Pay<\/a> , pago sin contacto, para compras r\u00e1pidas, f\u00e1ciles y seguras<\/p><\/li><li><p>Transferencias f\u00e1ciles entre cuentas de negocios para gestionar el flujo de efectivo<\/p><\/li><li><p>Alertas en tiempo real y herramientas de monitoreo para mantener tus finanzas bajo control<\/p><\/li><li><p>Opci\u00f3n de recibir estados de cuenta electr\u00f3nicos<\/p><\/li><li><p>Dep\u00f3sitos asegurados federalmente hasta $250,000 por la NCUA<\/p><\/li><li><p>Acceso gratuito a una red de cajeros autom\u00e1ticos a nivel nacional. Tarifas bajas en cajeros autom\u00e1ticos fuera de la red**<\/p><\/li><li><p>Acceso a servicios adicionales para tu negocio como cuentas de ahorro regulares, ahorromax y certificados a plazo<\/p><\/li><\/ul>\t\t\t\t\t\t\t\t<\/div>\n\t\t\t\t<\/div>\n\t\t\t\t\t<\/div>\n\t\t\t\t<\/div>\n\t\t<div class=\"elementor-element elementor-element-1387150 e-flex e-con-boxed e-con e-parent\" data-id=\"1387150\" data-element_type=\"container\" data-e-type=\"container\">\n\t\t\t\t\t<div class=\"e-con-inner\">\n\t\t\t\t<div class=\"elementor-element elementor-element-fd4519b elementor-widget elementor-widget-pp-advanced-accordion\" data-id=\"fd4519b\" data-element_type=\"widget\" data-e-type=\"widget\" data-settings=\"{&quot;accordion_type&quot;:&quot;accordion&quot;,&quot;toggle_speed&quot;:300}\" data-widget_type=\"pp-advanced-accordion.default\">\n\t\t\t\t<div class=\"elementor-widget-container\">\n\t\t\t\t\t\t\t<div class=\"pp-advanced-accordion pp-toggle-icon-align-right\" id=\"pp-advanced-accordion-fd4519b\" data-accordion-id=\"fd4519b\" role=\"tablist\">\n\t\t\t\t\t\t\t<div class=\"pp-accordion-item\">\n\t\t\t\t\t\t\t\t\t\t<div id=\"pp-accordion-tab-title-2651\" class=\"pp-accordion-tab-title\" tabindex=\"0\" data-tab=\"1\" role=\"tab\" aria-controls=\"pp-accordion-tab-content-2651\" aria-expanded=\"false\">\n\t\t\t\t\t\t<span class=\"pp-accordion-title-icon\">\n\t\t\t\t\t\t\t\t\t\t\t\t\t\t<span class=\"pp-accordion-title-text\">\n\t\t\t\t\t\t\t\tLa letra peque\u00f1a <div class=\"accord-sub\">Los detalles importantes<\/div>\t\t\t\t\t\t\t<\/span>\n\t\t\t\t\t\t<\/span>\n\t\t\t\t\t\t\t\t\t\t\t\t\t<div class=\"pp-accordion-toggle-icon\">\n\t\t\t\t\t\t\t\t\t\t\t\t\t\t\t\t\t<span class='pp-accordion-toggle-icon-close pp-icon'>\n\t\t\t\t\t\t\t\t\t\t<i aria-hidden=\"true\" class=\"fas fa-angle-up\"><\/i>\t\t\t\t\t\t\t\t\t<\/span>\n\t\t\t\t\t\t\t\t\t\t\t\t\t\t\t\t\t\t\t\t\t\t\t\t\t<span class='pp-accordion-toggle-icon-open pp-icon'>\n\t\t\t\t\t\t\t\t\t\t<i aria-hidden=\"true\" class=\"fas fa-angle-down\"><\/i>\t\t\t\t\t\t\t\t\t<\/span>\n\t\t\t\t\t\t\t\t\t\t\t\t\t\t\t<\/div>\n\t\t\t\t\t\t\t\t\t\t\t<\/div>\n\n\t\t\t\t\t<div id=\"pp-accordion-tab-content-2651\" class=\"pp-accordion-tab-content\" data-tab=\"1\" role=\"tabpanel\" aria-labelledby=\"pp-accordion-tab-title-2651\">\n\t\t\t\t\t\t<ul>\n<li>Nuestra cuenta de cheques b\u00e1sica incluye un n\u00famero determinado de transacciones gratuitas con opciones diferenciadas en funci\u00f3n de tu relaci\u00f3n de comercial, el volumen de transacciones y la evoluci\u00f3n de tus necesidades. A medida que crece tu negocio, tu cuenta puede crecer contigo.<\/li>\n<li>**Costo de 75 centavos por transacci\u00f3n completada y 35 centavos por transacci\u00f3n incompleta realizada en cualquier cajero autom\u00e1tico fuera de red.<\/li>\n<\/ul>\n<p><a class=\"accord-link\" href=\"\/es\/rules-regulations\/\">Conoce M\u00e1s<\/a><\/p>\t\t\t\t\t<\/div>\n\t\t\t\t<\/div>\n\t\t\t\t\t<\/div>\n\t\t\t\t\t\t<\/div>\n\t\t\t\t<\/div>\n\t\t\t\t\t<\/div>\n\t\t\t\t<\/div>\n\t\t\t\t<\/div>","protected":false},"excerpt":{"rendered":"<p>Manage your day\u2011to\u2011day business finances with ease. Our Business Basic Checking account gives you simple, reliable access to your funds with the tools you need to keep operations running smoothly. It\u2019s the perfect fit for small businesses that want straightforward checking without unnecessary fees or complexity. What You Need: Become a business Latino Community Credit [&hellip;]<\/p>\n","protected":false},"author":3,"featured_media":22658,"parent":21944,"menu_order":0,"comment_status":"closed","ping_status":"closed","template":"","meta":{"_acf_changed":false,"inline_featured_image":false,"footnotes":""},"page-structure":[21],"sidebar-content":[74,95,27,94,96],"class_list":["post-22657","page","type-page","status-publish","has-post-thumbnail","hentry","page-structure-has-sidebar","sidebar-content-become-a-member-icon","sidebar-content-business-page-content","sidebar-content-rates","sidebar-content-remove-become-a-member-button","sidebar-content-view-fees"],"acf":[],"yoast_head":"<!-- This site is optimized with the Yoast SEO plugin v27.2 - https:\/\/yoast.com\/product\/yoast-seo-wordpress\/ -->\n<title>Business Checking\u00a0 - latinoccu.org<\/title>\n<meta name=\"robots\" content=\"index, follow, max-snippet:-1, max-image-preview:large, max-video-preview:-1\" \/>\n<link rel=\"canonical\" href=\"https:\/\/latinoccu.org\/es\/products-and-services\/business-accounts\/business-checking\/\" \/>\n<meta property=\"og:locale\" content=\"es_MX\" \/>\n<meta property=\"og:type\" content=\"article\" \/>\n<meta property=\"og:title\" content=\"Business Checking\u00a0 - latinoccu.org\" \/>\n<meta property=\"og:description\" content=\"Manage your day\u2011to\u2011day business finances with ease. Our Business Basic Checking account gives you simple, reliable access to your funds with the tools you need to keep operations running smoothly. It\u2019s the perfect fit for small businesses that want straightforward checking without unnecessary fees or complexity. What You Need: Become a business Latino Community Credit [&hellip;]\" \/>\n<meta property=\"og:url\" content=\"https:\/\/latinoccu.org\/es\/products-and-services\/business-accounts\/business-checking\/\" \/>\n<meta property=\"og:site_name\" content=\"latinoccu.org\" \/>\n<meta property=\"article:modified_time\" content=\"2026-05-05T14:45:13+00:00\" \/>\n<meta property=\"og:image\" content=\"https:\/\/latinoccu.org\/wp-content\/uploads\/2026\/04\/Business-Checking-Product-Page.jpg\" \/>\n\t<meta property=\"og:image:width\" content=\"1500\" \/>\n\t<meta property=\"og:image:height\" content=\"450\" \/>\n\t<meta property=\"og:image:type\" content=\"image\/jpeg\" \/>\n<meta name=\"twitter:card\" content=\"summary_large_image\" \/>\n<meta name=\"twitter:label1\" content=\"Tiempo de lectura\" \/>\n\t<meta name=\"twitter:data1\" content=\"2 minutos\" \/>\n<script type=\"application\/ld+json\" class=\"yoast-schema-graph\">{\"@context\":\"https:\/\/schema.org\",\"@graph\":[{\"@type\":\"WebPage\",\"@id\":\"https:\/\/latinoccu.org\/products-and-services\/business-accounts\/business-checking\/\",\"url\":\"https:\/\/latinoccu.org\/products-and-services\/business-accounts\/business-checking\/\",\"name\":\"Business Checking\u00a0 - latinoccu.org\",\"isPartOf\":{\"@id\":\"https:\/\/latinoccu.org\/#website\"},\"primaryImageOfPage\":{\"@id\":\"https:\/\/latinoccu.org\/products-and-services\/business-accounts\/business-checking\/#primaryimage\"},\"image\":{\"@id\":\"https:\/\/latinoccu.org\/products-and-services\/business-accounts\/business-checking\/#primaryimage\"},\"thumbnailUrl\":\"https:\/\/latinoccu.org\/wp-content\/uploads\/2026\/04\/Business-Checking-Product-Page.jpg\",\"datePublished\":\"2026-05-01T14:19:11+00:00\",\"dateModified\":\"2026-05-05T14:45:13+00:00\",\"breadcrumb\":{\"@id\":\"https:\/\/latinoccu.org\/products-and-services\/business-accounts\/business-checking\/#breadcrumb\"},\"inLanguage\":\"es\",\"potentialAction\":[{\"@type\":\"ReadAction\",\"target\":[\"https:\/\/latinoccu.org\/products-and-services\/business-accounts\/business-checking\/\"]}]},{\"@type\":\"ImageObject\",\"inLanguage\":\"es\",\"@id\":\"https:\/\/latinoccu.org\/products-and-services\/business-accounts\/business-checking\/#primaryimage\",\"url\":\"https:\/\/latinoccu.org\/wp-content\/uploads\/2026\/04\/Business-Checking-Product-Page.jpg\",\"contentUrl\":\"https:\/\/latinoccu.org\/wp-content\/uploads\/2026\/04\/Business-Checking-Product-Page.jpg\",\"width\":1500,\"height\":450,\"caption\":\"business owner helping client\"},{\"@type\":\"BreadcrumbList\",\"@id\":\"https:\/\/latinoccu.org\/products-and-services\/business-accounts\/business-checking\/#breadcrumb\",\"itemListElement\":[{\"@type\":\"ListItem\",\"position\":1,\"name\":\"Home\",\"item\":\"https:\/\/latinoccu.org\/\"},{\"@type\":\"ListItem\",\"position\":2,\"name\":\"Products and Services\",\"item\":\"https:\/\/latinoccu.org\/products-and-services\/\"},{\"@type\":\"ListItem\",\"position\":3,\"name\":\"Business Accounts\",\"item\":\"https:\/\/latinoccu.org\/products-and-services\/business-accounts\/\"},{\"@type\":\"ListItem\",\"position\":4,\"name\":\"Business Checking\u00a0\"}]},{\"@type\":\"WebSite\",\"@id\":\"https:\/\/latinoccu.org\/#website\",\"url\":\"https:\/\/latinoccu.org\/\",\"name\":\"latinoccu.org\",\"description\":\"\",\"potentialAction\":[{\"@type\":\"SearchAction\",\"target\":{\"@type\":\"EntryPoint\",\"urlTemplate\":\"https:\/\/latinoccu.org\/?s={search_term_string}\"},\"query-input\":{\"@type\":\"PropertyValueSpecification\",\"valueRequired\":true,\"valueName\":\"search_term_string\"}}],\"inLanguage\":\"es\"}]}<\/script>\n<!-- \/ Yoast SEO plugin. -->","yoast_head_json":{"title":"Business Checking\u00a0 - latinoccu.org","robots":{"index":"index","follow":"follow","max-snippet":"max-snippet:-1","max-image-preview":"max-image-preview:large","max-video-preview":"max-video-preview:-1"},"canonical":"https:\/\/latinoccu.org\/es\/products-and-services\/business-accounts\/business-checking\/","og_locale":"es_MX","og_type":"article","og_title":"Business Checking\u00a0 - latinoccu.org","og_description":"Manage your day\u2011to\u2011day business finances with ease. Our Business Basic Checking account gives you simple, reliable access to your funds with the tools you need to keep operations running smoothly. It\u2019s the perfect fit for small businesses that want straightforward checking without unnecessary fees or complexity. What You Need: Become a business Latino Community Credit [&hellip;]","og_url":"https:\/\/latinoccu.org\/es\/products-and-services\/business-accounts\/business-checking\/","og_site_name":"latinoccu.org","article_modified_time":"2026-05-05T14:45:13+00:00","og_image":[{"width":1500,"height":450,"url":"https:\/\/latinoccu.org\/wp-content\/uploads\/2026\/04\/Business-Checking-Product-Page.jpg","type":"image\/jpeg"}],"twitter_card":"summary_large_image","twitter_misc":{"Tiempo de lectura":"2 minutos"},"schema":{"@context":"https:\/\/schema.org","@graph":[{"@type":"WebPage","@id":"https:\/\/latinoccu.org\/products-and-services\/business-accounts\/business-checking\/","url":"https:\/\/latinoccu.org\/products-and-services\/business-accounts\/business-checking\/","name":"Business Checking\u00a0 - latinoccu.org","isPartOf":{"@id":"https:\/\/latinoccu.org\/#website"},"primaryImageOfPage":{"@id":"https:\/\/latinoccu.org\/products-and-services\/business-accounts\/business-checking\/#primaryimage"},"image":{"@id":"https:\/\/latinoccu.org\/products-and-services\/business-accounts\/business-checking\/#primaryimage"},"thumbnailUrl":"https:\/\/latinoccu.org\/wp-content\/uploads\/2026\/04\/Business-Checking-Product-Page.jpg","datePublished":"2026-05-01T14:19:11+00:00","dateModified":"2026-05-05T14:45:13+00:00","breadcrumb":{"@id":"https:\/\/latinoccu.org\/products-and-services\/business-accounts\/business-checking\/#breadcrumb"},"inLanguage":"es","potentialAction":[{"@type":"ReadAction","target":["https:\/\/latinoccu.org\/products-and-services\/business-accounts\/business-checking\/"]}]},{"@type":"ImageObject","inLanguage":"es","@id":"https:\/\/latinoccu.org\/products-and-services\/business-accounts\/business-checking\/#primaryimage","url":"https:\/\/latinoccu.org\/wp-content\/uploads\/2026\/04\/Business-Checking-Product-Page.jpg","contentUrl":"https:\/\/latinoccu.org\/wp-content\/uploads\/2026\/04\/Business-Checking-Product-Page.jpg","width":1500,"height":450,"caption":"business owner helping client"},{"@type":"BreadcrumbList","@id":"https:\/\/latinoccu.org\/products-and-services\/business-accounts\/business-checking\/#breadcrumb","itemListElement":[{"@type":"ListItem","position":1,"name":"Home","item":"https:\/\/latinoccu.org\/"},{"@type":"ListItem","position":2,"name":"Products and Services","item":"https:\/\/latinoccu.org\/products-and-services\/"},{"@type":"ListItem","position":3,"name":"Business Accounts","item":"https:\/\/latinoccu.org\/products-and-services\/business-accounts\/"},{"@type":"ListItem","position":4,"name":"Business Checking\u00a0"}]},{"@type":"WebSite","@id":"https:\/\/latinoccu.org\/#website","url":"https:\/\/latinoccu.org\/","name":"latinoccu.org","description":"","potentialAction":[{"@type":"SearchAction","target":{"@type":"EntryPoint","urlTemplate":"https:\/\/latinoccu.org\/?s={search_term_string}"},"query-input":{"@type":"PropertyValueSpecification","valueRequired":true,"valueName":"search_term_string"}}],"inLanguage":"es"}]}},"_links":{"self":[{"href":"https:\/\/latinoccu.org\/es\/wp-json\/wp\/v2\/pages\/22657","targetHints":{"allow":["GET"]}}],"collection":[{"href":"https:\/\/latinoccu.org\/es\/wp-json\/wp\/v2\/pages"}],"about":[{"href":"https:\/\/latinoccu.org\/es\/wp-json\/wp\/v2\/types\/page"}],"author":[{"embeddable":true,"href":"https:\/\/latinoccu.org\/es\/wp-json\/wp\/v2\/users\/3"}],"replies":[{"embeddable":true,"href":"https:\/\/latinoccu.org\/es\/wp-json\/wp\/v2\/comments?post=22657"}],"version-history":[{"count":5,"href":"https:\/\/latinoccu.org\/es\/wp-json\/wp\/v2\/pages\/22657\/revisions"}],"predecessor-version":[{"id":22877,"href":"https:\/\/latinoccu.org\/es\/wp-json\/wp\/v2\/pages\/22657\/revisions\/22877"}],"up":[{"embeddable":true,"href":"https:\/\/latinoccu.org\/es\/wp-json\/wp\/v2\/pages\/21944"}],"wp:featuredmedia":[{"embeddable":true,"href":"https:\/\/latinoccu.org\/es\/wp-json\/wp\/v2\/media\/22658"}],"wp:attachment":[{"href":"https:\/\/latinoccu.org\/es\/wp-json\/wp\/v2\/media?parent=22657"}],"wp:term":[{"taxonomy":"page-structure","embeddable":true,"href":"https:\/\/latinoccu.org\/es\/wp-json\/wp\/v2\/page-structure?post=22657"},{"taxonomy":"sidebar-content","embeddable":true,"href":"https:\/\/latinoccu.org\/es\/wp-json\/wp\/v2\/sidebar-content?post=22657"}],"curies":[{"name":"wp","href":"https:\/\/api.w.org\/{rel}","templated":true}]}}