{"id":21965,"date":"2026-01-29T15:46:20","date_gmt":"2026-01-29T15:46:20","guid":{"rendered":"https:\/\/latinoccu.org\/?page_id=21965"},"modified":"2026-02-11T14:31:56","modified_gmt":"2026-02-11T14:31:56","slug":"access-your-fico-score","status":"publish","type":"page","link":"https:\/\/latinoccu.org\/es\/access-your-fico-score\/","title":{"rendered":"Obt\u00e9n tu FICO\u00ae Score"},"content":{"rendered":"<div data-elementor-type=\"wp-page\" data-elementor-id=\"21965\" class=\"elementor elementor-21965\" data-elementor-post-type=\"page\">\n\t\t\t\t<div class=\"elementor-element elementor-element-efea7cd e-flex e-con-boxed e-con e-parent\" data-id=\"efea7cd\" data-element_type=\"container\" data-e-type=\"container\">\n\t\t\t\t\t<div class=\"e-con-inner\">\n\t\t\t\t<div class=\"elementor-element elementor-element-35f0bba elementor-widget elementor-widget-heading\" data-id=\"35f0bba\" data-element_type=\"widget\" data-e-type=\"widget\" data-widget_type=\"heading.default\">\n\t\t\t\t<div class=\"elementor-widget-container\">\n\t\t\t\t\t<h2 class=\"elementor-heading-title elementor-size-default\">FICO\u00ae Score disponible para socios con productos de pr\u00e9stamo<\/h2>\t\t\t\t<\/div>\n\t\t\t\t<\/div>\n\t\t\t\t<div class=\"elementor-element elementor-element-33eb93f elementor-widget elementor-widget-text-editor\" data-id=\"33eb93f\" data-element_type=\"widget\" data-e-type=\"widget\" data-widget_type=\"text-editor.default\">\n\t\t\t\t<div class=\"elementor-widget-container\">\n\t\t\t\t\t\t\t\t\t<p style=\"font-weight: 400;\">Para tu seguridad financiera, es recomendable revisar tu FICO\u00ae Score con regularidad y estar atento a cualquier cambio inesperado. Como socio de la Cooperativa Latina con un pr\u00e9stamo, puedes consultar tu FICO\u00ae Score de forma gratuita a trav\u00e9s de la aplicaci\u00f3n m\u00f3vil LatinoConnect o LatinoConnect en l\u00ednea.<\/p><p style=\"font-weight: 400;\">Consultar tu puntuaci\u00f3n no afecta a tu cr\u00e9dito, independientemente de la frecuencia con la que la consultes. Creemos que facilitar el acceso a tu informaci\u00f3n crediticia te ayuda a mantenerte informado, seguro y en control de tu salud financiera.<\/p>\t\t\t\t\t\t\t\t<\/div>\n\t\t\t\t<\/div>\n\t\t\t\t<div class=\"elementor-element elementor-element-db93eeb elementor-widget elementor-widget-text-editor\" data-id=\"db93eeb\" data-element_type=\"widget\" data-e-type=\"widget\" data-widget_type=\"text-editor.default\">\n\t\t\t\t<div class=\"elementor-widget-container\">\n\t\t\t\t\t\t\t\t\t<p style=\"font-weight: 400;\"><strong>\u00bfNo est\u00e1s inscrito en LatinoConnect?<\/strong><\/p><p style=\"font-weight: 400;\">Si tienes un pr\u00e9stamo con la Cooperativa Latina, pero no est\u00e1s inscrito en LatinoConnect, <a href=\"https:\/\/connect.latinoccu.org\/registration\">reg\u00edstrate ahora<\/a> para obtener acceso gratuito a tu FICO\u00ae Score y otras herramientas de <a href=\"https:\/\/latinoccu.org\/es\/products-and-services\/other-services\/electronic-services\/\">servicios en l\u00ednea<\/a> convenientes.<\/p>\t\t\t\t\t\t\t\t<\/div>\n\t\t\t\t<\/div>\n\t\t\t\t<div class=\"elementor-element elementor-element-abd9491 elementor-widget elementor-widget-text-editor\" data-id=\"abd9491\" data-element_type=\"widget\" data-e-type=\"widget\" data-widget_type=\"text-editor.default\">\n\t\t\t\t<div class=\"elementor-widget-container\">\n\t\t\t\t\t\t\t\t\t<p style=\"font-weight: 400;\"><strong>C\u00f3mo ver tu FICO\u00ae Score<\/strong><\/p><p style=\"font-weight: 400;\">Si tienes un pr\u00e9stamo con la Cooperativa Latina, sigue estos pasos para acceder a tu FICO\u00ae Score:<\/p><ol><li><a href=\"https:\/\/connect.latinoccu.org\/login\">Inicia sesi\u00f3n<\/a> en LatinoConnect en l\u00ednea o en la <strong>Cooperativa Latina <\/strong>de la Cooperativa Latina.<\/li><li>En tu panel de inicio, busca el icono azul de FICO\u00ae Score y selecciona Ver tu FICO\u00ae Score.<\/li><li>Si es la primera vez que accedes a tu puntuaci\u00f3n, se te pedir\u00e1 que aceptes los t\u00e9rminos y condiciones.<\/li><li>Selecciona Continuar para ver tu FICO\u00ae Score.<\/li><\/ol>\t\t\t\t\t\t\t\t<\/div>\n\t\t\t\t<\/div>\n\t\t\t\t<div class=\"elementor-element elementor-element-e306b96 elementor-widget elementor-widget-text-editor\" data-id=\"e306b96\" data-element_type=\"widget\" data-e-type=\"widget\" data-widget_type=\"text-editor.default\">\n\t\t\t\t<div class=\"elementor-widget-container\">\n\t\t\t\t\t\t\t\t\t<p style=\"font-weight: 400;\"><strong>Preguntas Frecuentes<\/strong><\/p>\t\t\t\t\t\t\t\t<\/div>\n\t\t\t\t<\/div>\n\t\t\t\t\t<\/div>\n\t\t\t\t<\/div>\n\t\t<div class=\"elementor-element elementor-element-7da293b e-flex e-con-boxed e-con e-parent\" data-id=\"7da293b\" data-element_type=\"container\" data-e-type=\"container\">\n\t\t\t\t\t<div class=\"e-con-inner\">\n\t\t\t\t<div class=\"elementor-element elementor-element-c1228e3 elementor-widget elementor-widget-pp-advanced-accordion\" data-id=\"c1228e3\" data-element_type=\"widget\" data-e-type=\"widget\" data-settings=\"{&quot;accordion_type&quot;:&quot;accordion&quot;,&quot;toggle_speed&quot;:300}\" data-widget_type=\"pp-advanced-accordion.default\">\n\t\t\t\t<div class=\"elementor-widget-container\">\n\t\t\t\t\t\t\t<div class=\"pp-advanced-accordion pp-toggle-icon-align-right\" id=\"pp-advanced-accordion-c1228e3\" data-accordion-id=\"c1228e3\" role=\"tablist\">\n\t\t\t\t\t\t\t<div class=\"pp-accordion-item\">\n\t\t\t\t\t\t\t\t\t\t<div id=\"pp-accordion-tab-title-2021\" class=\"pp-accordion-tab-title\" tabindex=\"0\" data-tab=\"1\" role=\"tab\" aria-controls=\"pp-accordion-tab-content-2021\" aria-expanded=\"false\">\n\t\t\t\t\t\t<span class=\"pp-accordion-title-icon\">\n\t\t\t\t\t\t\t\t\t\t\t\t\t\t<span class=\"pp-accordion-title-text\">\n\t\t\t\t\t\t\t\t\u00bfQu\u00e9 es un FICO\u00ae Score? \t\t\t\t\t\t\t<\/span>\n\t\t\t\t\t\t<\/span>\n\t\t\t\t\t\t\t\t\t\t\t\t\t<div class=\"pp-accordion-toggle-icon\">\n\t\t\t\t\t\t\t\t\t\t\t\t\t\t\t\t\t<span class='pp-accordion-toggle-icon-close pp-icon'>\n\t\t\t\t\t\t\t\t\t\t<i aria-hidden=\"true\" class=\"fas fa-arrow-circle-right\"><\/i>\t\t\t\t\t\t\t\t\t<\/span>\n\t\t\t\t\t\t\t\t\t\t\t\t\t\t\t\t\t\t\t\t\t\t\t\t\t<span class='pp-accordion-toggle-icon-open pp-icon'>\n\t\t\t\t\t\t\t\t\t\t<i aria-hidden=\"true\" class=\"fas fa-angle-down\"><\/i>\t\t\t\t\t\t\t\t\t<\/span>\n\t\t\t\t\t\t\t\t\t\t\t\t\t\t\t<\/div>\n\t\t\t\t\t\t\t\t\t\t\t<\/div>\n\n\t\t\t\t\t<div id=\"pp-accordion-tab-content-2021\" class=\"pp-accordion-tab-content\" data-tab=\"1\" role=\"tabpanel\" aria-labelledby=\"pp-accordion-tab-title-2021\">\n\t\t\t\t\t\t<p>Tu FICO\u00ae Score es una puntuaci\u00f3n crediticia calculada a partir de la informaci\u00f3n de tu informe crediticio. Se basa en cinco factores principales: historial de pagos (35 %), importes adeudados (30 %), antig\u00fcedad del historial crediticio (15 %), cr\u00e9ditos nuevos (10 %) y combinaci\u00f3n de cr\u00e9ditos (10 %). Se tienen en cuenta tanto las actividades crediticias positivas como las negativas. Obtenga m\u00e1s informaci\u00f3n sobre la FICO\u00ae Score <a href=\"https:\/\/www.myfico.com\/credit-education\/what-is-a-fico-score\">aqu\u00ed<\/a>.<\/p>\t\t\t\t\t<\/div>\n\t\t\t\t<\/div>\n\t\t\t\t\t<\/div>\n\t\t\t\t\t\t<\/div>\n\t\t\t\t<\/div>\n\t\t\t\t<div class=\"elementor-element elementor-element-6d47333 elementor-widget elementor-widget-pp-advanced-accordion\" data-id=\"6d47333\" data-element_type=\"widget\" data-e-type=\"widget\" data-settings=\"{&quot;accordion_type&quot;:&quot;accordion&quot;,&quot;toggle_speed&quot;:300}\" data-widget_type=\"pp-advanced-accordion.default\">\n\t\t\t\t<div class=\"elementor-widget-container\">\n\t\t\t\t\t\t\t<div class=\"pp-advanced-accordion pp-toggle-icon-align-right\" id=\"pp-advanced-accordion-6d47333\" data-accordion-id=\"6d47333\" role=\"tablist\">\n\t\t\t\t\t\t\t<div class=\"pp-accordion-item\">\n\t\t\t\t\t\t\t\t\t\t<div id=\"pp-accordion-tab-title-1141\" class=\"pp-accordion-tab-title\" tabindex=\"0\" data-tab=\"1\" role=\"tab\" aria-controls=\"pp-accordion-tab-content-1141\" aria-expanded=\"false\">\n\t\t\t\t\t\t<span class=\"pp-accordion-title-icon\">\n\t\t\t\t\t\t\t\t\t\t\t\t\t\t<span class=\"pp-accordion-title-text\">\n\t\t\t\t\t\t\t\t\u00bfPor qu\u00e9 no puedo ver mi FICO\u00ae Score cuando inicio sesi\u00f3n en LatinoConnect?\t\t\t\t\t\t\t<\/span>\n\t\t\t\t\t\t<\/span>\n\t\t\t\t\t\t\t\t\t\t\t\t\t<div class=\"pp-accordion-toggle-icon\">\n\t\t\t\t\t\t\t\t\t\t\t\t\t\t\t\t\t<span class='pp-accordion-toggle-icon-close pp-icon'>\n\t\t\t\t\t\t\t\t\t\t<i aria-hidden=\"true\" class=\"fas fa-arrow-circle-right\"><\/i>\t\t\t\t\t\t\t\t\t<\/span>\n\t\t\t\t\t\t\t\t\t\t\t\t\t\t\t\t\t\t\t\t\t\t\t\t\t<span class='pp-accordion-toggle-icon-open pp-icon'>\n\t\t\t\t\t\t\t\t\t\t<i aria-hidden=\"true\" class=\"fas fa-angle-down\"><\/i>\t\t\t\t\t\t\t\t\t<\/span>\n\t\t\t\t\t\t\t\t\t\t\t\t\t\t\t<\/div>\n\t\t\t\t\t\t\t\t\t\t\t<\/div>\n\n\t\t\t\t\t<div id=\"pp-accordion-tab-content-1141\" class=\"pp-accordion-tab-content\" data-tab=\"1\" role=\"tabpanel\" aria-labelledby=\"pp-accordion-tab-title-1141\">\n\t\t\t\t\t\t<p>El FICO\u00ae Score solo estar\u00e1 disponible para socios de la Cooperativa Latina, que tengan un producto de pr\u00e9stamo activo, como una tarjeta de cr\u00e9dito, un pr\u00e9stamo de auto o una hipoteca. Si no tienes un producto de pr\u00e9stamo, tu FICO\u00ae Score no estar\u00e1 disponible en LatinoConnect en este momento.<\/p>\t\t\t\t\t<\/div>\n\t\t\t\t<\/div>\n\t\t\t\t\t<\/div>\n\t\t\t\t\t\t<\/div>\n\t\t\t\t<\/div>\n\t\t\t\t<div class=\"elementor-element elementor-element-1c85717 elementor-widget elementor-widget-pp-advanced-accordion\" data-id=\"1c85717\" data-element_type=\"widget\" data-e-type=\"widget\" data-settings=\"{&quot;accordion_type&quot;:&quot;accordion&quot;,&quot;toggle_speed&quot;:300}\" data-widget_type=\"pp-advanced-accordion.default\">\n\t\t\t\t<div class=\"elementor-widget-container\">\n\t\t\t\t\t\t\t<div class=\"pp-advanced-accordion pp-toggle-icon-align-right\" id=\"pp-advanced-accordion-1c85717\" data-accordion-id=\"1c85717\" role=\"tablist\">\n\t\t\t\t\t\t\t<div class=\"pp-accordion-item\">\n\t\t\t\t\t\t\t\t\t\t<div id=\"pp-accordion-tab-title-2991\" class=\"pp-accordion-tab-title\" tabindex=\"0\" data-tab=\"1\" role=\"tab\" aria-controls=\"pp-accordion-tab-content-2991\" aria-expanded=\"false\">\n\t\t\t\t\t\t<span class=\"pp-accordion-title-icon\">\n\t\t\t\t\t\t\t\t\t\t\t\t\t\t<span class=\"pp-accordion-title-text\">\n\t\t\t\t\t\t\t\t\u00bfPor qu\u00e9 el acceso est\u00e1 limitado a los socios con pr\u00e9stamos? \t\t\t\t\t\t\t<\/span>\n\t\t\t\t\t\t<\/span>\n\t\t\t\t\t\t\t\t\t\t\t\t\t<div class=\"pp-accordion-toggle-icon\">\n\t\t\t\t\t\t\t\t\t\t\t\t\t\t\t\t\t<span class='pp-accordion-toggle-icon-close pp-icon'>\n\t\t\t\t\t\t\t\t\t\t<i aria-hidden=\"true\" class=\"fas fa-arrow-circle-right\"><\/i>\t\t\t\t\t\t\t\t\t<\/span>\n\t\t\t\t\t\t\t\t\t\t\t\t\t\t\t\t\t\t\t\t\t\t\t\t\t<span class='pp-accordion-toggle-icon-open pp-icon'>\n\t\t\t\t\t\t\t\t\t\t<i aria-hidden=\"true\" class=\"fas fa-angle-down\"><\/i>\t\t\t\t\t\t\t\t\t<\/span>\n\t\t\t\t\t\t\t\t\t\t\t\t\t\t\t<\/div>\n\t\t\t\t\t\t\t\t\t\t\t<\/div>\n\n\t\t\t\t\t<div id=\"pp-accordion-tab-content-2991\" class=\"pp-accordion-tab-content\" data-tab=\"1\" role=\"tabpanel\" aria-labelledby=\"pp-accordion-tab-title-2991\">\n\t\t\t\t\t\t<p>La Cooperativa Latina accede al FICO\u00ae Score como parte del proceso de revisi\u00f3n de cr\u00e9dito para pr\u00e9stamos. Nos asociamos con <a href=\"https:\/\/www.myfico.com\/credit-education\">FICO<\/a> y <a href=\"https:\/\/www.equifax.com\/personal\/education\/credit\/score\/\">Equifax<\/a>una de las principales agencias de informes crediticios, para ofrecer este servicio a los socios que cumplen los requisitos.<\/p>\t\t\t\t\t<\/div>\n\t\t\t\t<\/div>\n\t\t\t\t\t<\/div>\n\t\t\t\t\t\t<\/div>\n\t\t\t\t<\/div>\n\t\t\t\t<div class=\"elementor-element elementor-element-eb76dd6 elementor-widget elementor-widget-pp-advanced-accordion\" data-id=\"eb76dd6\" data-element_type=\"widget\" data-e-type=\"widget\" data-settings=\"{&quot;accordion_type&quot;:&quot;accordion&quot;,&quot;toggle_speed&quot;:300}\" data-widget_type=\"pp-advanced-accordion.default\">\n\t\t\t\t<div class=\"elementor-widget-container\">\n\t\t\t\t\t\t\t<div class=\"pp-advanced-accordion pp-toggle-icon-align-right\" id=\"pp-advanced-accordion-eb76dd6\" data-accordion-id=\"eb76dd6\" role=\"tablist\">\n\t\t\t\t\t\t\t<div class=\"pp-accordion-item\">\n\t\t\t\t\t\t\t\t\t\t<div id=\"pp-accordion-tab-title-2461\" class=\"pp-accordion-tab-title\" tabindex=\"0\" data-tab=\"1\" role=\"tab\" aria-controls=\"pp-accordion-tab-content-2461\" aria-expanded=\"false\">\n\t\t\t\t\t\t<span class=\"pp-accordion-title-icon\">\n\t\t\t\t\t\t\t\t\t\t\t\t\t\t<span class=\"pp-accordion-title-text\">\n\t\t\t\t\t\t\t\t\u00bfPor qu\u00e9 mi FICO\u00ae Score aparece como no disponible? \t\t\t\t\t\t\t<\/span>\n\t\t\t\t\t\t<\/span>\n\t\t\t\t\t\t\t\t\t\t\t\t\t<div class=\"pp-accordion-toggle-icon\">\n\t\t\t\t\t\t\t\t\t\t\t\t\t\t\t\t\t<span class='pp-accordion-toggle-icon-close pp-icon'>\n\t\t\t\t\t\t\t\t\t\t<i aria-hidden=\"true\" class=\"fas fa-arrow-circle-right\"><\/i>\t\t\t\t\t\t\t\t\t<\/span>\n\t\t\t\t\t\t\t\t\t\t\t\t\t\t\t\t\t\t\t\t\t\t\t\t\t<span class='pp-accordion-toggle-icon-open pp-icon'>\n\t\t\t\t\t\t\t\t\t\t<i aria-hidden=\"true\" class=\"fas fa-angle-down\"><\/i>\t\t\t\t\t\t\t\t\t<\/span>\n\t\t\t\t\t\t\t\t\t\t\t\t\t\t\t<\/div>\n\t\t\t\t\t\t\t\t\t\t\t<\/div>\n\n\t\t\t\t\t<div id=\"pp-accordion-tab-content-2461\" class=\"pp-accordion-tab-content\" data-tab=\"1\" role=\"tabpanel\" aria-labelledby=\"pp-accordion-tab-title-2461\">\n\t\t\t\t\t\t<p>Tu FICO\u00ae Score puede no estar disponible por varias razones. Te recomendamos que consultes las <a href=\"https:\/\/www.myfico.com\/credit-education\/faq\">gu\u00edas educativas<\/a>\u00a0proporcionadas por FICO para obtener m\u00e1s detalles o que te pongas en\u00a0<a href=\"https:\/\/www.myfico.com\/credit-education\/credit-reports\/credit-bureaus\">contacto<\/a>\u00a0directamente con la agencia de cr\u00e9dito para obtener ayuda.<\/p>\t\t\t\t\t<\/div>\n\t\t\t\t<\/div>\n\t\t\t\t\t<\/div>\n\t\t\t\t\t\t<\/div>\n\t\t\t\t<\/div>\n\t\t\t\t<div class=\"elementor-element elementor-element-661b272 elementor-widget elementor-widget-pp-advanced-accordion\" data-id=\"661b272\" data-element_type=\"widget\" data-e-type=\"widget\" data-settings=\"{&quot;accordion_type&quot;:&quot;accordion&quot;,&quot;toggle_speed&quot;:300}\" data-widget_type=\"pp-advanced-accordion.default\">\n\t\t\t\t<div class=\"elementor-widget-container\">\n\t\t\t\t\t\t\t<div class=\"pp-advanced-accordion pp-toggle-icon-align-right\" id=\"pp-advanced-accordion-661b272\" data-accordion-id=\"661b272\" role=\"tablist\">\n\t\t\t\t\t\t\t<div class=\"pp-accordion-item\">\n\t\t\t\t\t\t\t\t\t\t<div id=\"pp-accordion-tab-title-1071\" class=\"pp-accordion-tab-title\" tabindex=\"0\" data-tab=\"1\" role=\"tab\" aria-controls=\"pp-accordion-tab-content-1071\" aria-expanded=\"false\">\n\t\t\t\t\t\t<span class=\"pp-accordion-title-icon\">\n\t\t\t\t\t\t\t\t\t\t\t\t\t\t<span class=\"pp-accordion-title-text\">\n\t\t\t\t\t\t\t\t\u00bfPor qu\u00e9 esta puntuaci\u00f3n es diferente a otras puntuaciones crediticias que veo? \t\t\t\t\t\t\t<\/span>\n\t\t\t\t\t\t<\/span>\n\t\t\t\t\t\t\t\t\t\t\t\t\t<div class=\"pp-accordion-toggle-icon\">\n\t\t\t\t\t\t\t\t\t\t\t\t\t\t\t\t\t<span class='pp-accordion-toggle-icon-close pp-icon'>\n\t\t\t\t\t\t\t\t\t\t<i aria-hidden=\"true\" class=\"fas fa-arrow-circle-right\"><\/i>\t\t\t\t\t\t\t\t\t<\/span>\n\t\t\t\t\t\t\t\t\t\t\t\t\t\t\t\t\t\t\t\t\t\t\t\t\t<span class='pp-accordion-toggle-icon-open pp-icon'>\n\t\t\t\t\t\t\t\t\t\t<i aria-hidden=\"true\" class=\"fas fa-angle-down\"><\/i>\t\t\t\t\t\t\t\t\t<\/span>\n\t\t\t\t\t\t\t\t\t\t\t\t\t\t\t<\/div>\n\t\t\t\t\t\t\t\t\t\t\t<\/div>\n\n\t\t\t\t\t<div id=\"pp-accordion-tab-content-1071\" class=\"pp-accordion-tab-content\" data-tab=\"1\" role=\"tabpanel\" aria-labelledby=\"pp-accordion-tab-title-1071\">\n\t\t\t\t\t\t<p>Existen m\u00faltiples modelos de puntuaci\u00f3n crediticia utilizados en la industria. El FICO\u00ae Score proporcionada por la Cooperativa Latina se basa en datos de Equifax utilizando el modelo FICO\u00ae Score 8, que tiene un rango de puntuaci\u00f3n de 300 a 850. Las puntuaciones de otras fuentes pueden diferir debido a las diferentes agencias de cr\u00e9dito, modelos de puntuaci\u00f3n o fechas de c\u00e1lculo. Obtenga m\u00e1s informaci\u00f3n sobre las versiones de FICO\u00ae Score <a href=\"https:\/\/www.myfico.com\/credit-education\/credit-scores\/fico-score-versions\">aqu\u00ed<\/a>.<\/p>\t\t\t\t\t<\/div>\n\t\t\t\t<\/div>\n\t\t\t\t\t<\/div>\n\t\t\t\t\t\t<\/div>\n\t\t\t\t<\/div>\n\t\t\t\t\t<\/div>\n\t\t\t\t<\/div>\n\t\t<div class=\"elementor-element elementor-element-3d5902b e-flex e-con-boxed e-con e-parent\" data-id=\"3d5902b\" data-element_type=\"container\" data-e-type=\"container\">\n\t\t\t\t\t<div class=\"e-con-inner\">\n\t\t\t\t<div class=\"elementor-element elementor-element-757eb85 elementor-widget elementor-widget-text-editor\" data-id=\"757eb85\" data-element_type=\"widget\" data-e-type=\"widget\" data-widget_type=\"text-editor.default\">\n\t\t\t\t<div class=\"elementor-widget-container\">\n\t\t\t\t\t\t\t\t\t<p style=\"font-weight: 400; text-align: center;\">Explore nuestras opciones de pr\u00e9stamo y descubra c\u00f3mo podemos ayudarte a alcanzar tus objetivos financieros.<\/p>\t\t\t\t\t\t\t\t<\/div>\n\t\t\t\t<\/div>\n\t\t\t\t<div class=\"elementor-element elementor-element-267166b elementor-align-center elementor-widget elementor-widget-button\" data-id=\"267166b\" data-element_type=\"widget\" data-e-type=\"widget\" data-widget_type=\"button.default\">\n\t\t\t\t<div class=\"elementor-widget-container\">\n\t\t\t\t\t\t\t\t\t<div class=\"elementor-button-wrapper\">\n\t\t\t\t\t<a class=\"elementor-button elementor-button-link elementor-size-sm\" href=\"https:\/\/latinoccu.org\/es\/products-and-services\/loans-credit\/\">\n\t\t\t\t\t\t<span class=\"elementor-button-content-wrapper\">\n\t\t\t\t\t\t\t\t\t<span class=\"elementor-button-text\">Pr\u00e9stamos y cr\u00e9ditos<\/span>\n\t\t\t\t\t<\/span>\n\t\t\t\t\t<\/a>\n\t\t\t\t<\/div>\n\t\t\t\t\t\t\t\t<\/div>\n\t\t\t\t<\/div>\n\t\t\t\t\t<\/div>\n\t\t\t\t<\/div>\n\t\t\t\t<\/div>","protected":false},"excerpt":{"rendered":"<p>FICO\u00ae Score Available to Members with Loan Products For your financial security, it\u2019s a good idea to review your FICO\u00ae Score regularly and watch for any unexpected changes. As a Latino Community Credit Union member with a loan product, you can check your FICO\u00ae Score for free through the LatinoConnect Mobile App or LatinoConnect Online. [&hellip;]<\/p>\n","protected":false},"author":3,"featured_media":0,"parent":0,"menu_order":0,"comment_status":"closed","ping_status":"closed","template":"","meta":{"_acf_changed":false,"inline_featured_image":false,"footnotes":""},"page-structure":[73],"sidebar-content":[],"class_list":["post-21965","page","type-page","status-publish","hentry","page-structure-no-featured-image"],"acf":[],"yoast_head":"<!-- This site is optimized with the Yoast SEO plugin v27.2 - https:\/\/yoast.com\/product\/yoast-seo-wordpress\/ -->\n<title>Access Your FICO\u00ae Score - latinoccu.org<\/title>\n<meta name=\"robots\" content=\"index, follow, max-snippet:-1, max-image-preview:large, max-video-preview:-1\" \/>\n<link rel=\"canonical\" href=\"https:\/\/latinoccu.org\/es\/access-your-fico-score\/\" \/>\n<meta property=\"og:locale\" content=\"es_MX\" \/>\n<meta property=\"og:type\" content=\"article\" \/>\n<meta property=\"og:title\" content=\"Access Your FICO\u00ae Score - latinoccu.org\" \/>\n<meta property=\"og:description\" content=\"FICO\u00ae Score Available to Members with Loan Products For your financial security, it\u2019s a good idea to review your FICO\u00ae Score regularly and watch for any unexpected changes. As a Latino Community Credit Union member with a loan product, you can check your FICO\u00ae Score for free through the LatinoConnect Mobile App or LatinoConnect Online. [&hellip;]\" \/>\n<meta property=\"og:url\" content=\"https:\/\/latinoccu.org\/es\/access-your-fico-score\/\" \/>\n<meta property=\"og:site_name\" content=\"latinoccu.org\" \/>\n<meta property=\"article:modified_time\" content=\"2026-02-11T14:31:56+00:00\" \/>\n<meta name=\"twitter:card\" content=\"summary_large_image\" \/>\n<meta name=\"twitter:label1\" content=\"Tiempo de lectura\" \/>\n\t<meta name=\"twitter:data1\" content=\"3 minutos\" \/>\n<script type=\"application\/ld+json\" class=\"yoast-schema-graph\">{\"@context\":\"https:\/\/schema.org\",\"@graph\":[{\"@type\":\"WebPage\",\"@id\":\"https:\/\/latinoccu.org\/access-your-fico-score\/\",\"url\":\"https:\/\/latinoccu.org\/access-your-fico-score\/\",\"name\":\"Access Your FICO\u00ae Score - latinoccu.org\",\"isPartOf\":{\"@id\":\"https:\/\/latinoccu.org\/#website\"},\"datePublished\":\"2026-01-29T15:46:20+00:00\",\"dateModified\":\"2026-02-11T14:31:56+00:00\",\"breadcrumb\":{\"@id\":\"https:\/\/latinoccu.org\/access-your-fico-score\/#breadcrumb\"},\"inLanguage\":\"es\",\"potentialAction\":[{\"@type\":\"ReadAction\",\"target\":[\"https:\/\/latinoccu.org\/access-your-fico-score\/\"]}]},{\"@type\":\"BreadcrumbList\",\"@id\":\"https:\/\/latinoccu.org\/access-your-fico-score\/#breadcrumb\",\"itemListElement\":[{\"@type\":\"ListItem\",\"position\":1,\"name\":\"Home\",\"item\":\"https:\/\/latinoccu.org\/\"},{\"@type\":\"ListItem\",\"position\":2,\"name\":\"Access Your FICO\u00ae Score\"}]},{\"@type\":\"WebSite\",\"@id\":\"https:\/\/latinoccu.org\/#website\",\"url\":\"https:\/\/latinoccu.org\/\",\"name\":\"latinoccu.org\",\"description\":\"\",\"potentialAction\":[{\"@type\":\"SearchAction\",\"target\":{\"@type\":\"EntryPoint\",\"urlTemplate\":\"https:\/\/latinoccu.org\/?s={search_term_string}\"},\"query-input\":{\"@type\":\"PropertyValueSpecification\",\"valueRequired\":true,\"valueName\":\"search_term_string\"}}],\"inLanguage\":\"es\"}]}<\/script>\n<!-- \/ Yoast SEO plugin. -->","yoast_head_json":{"title":"Access Your FICO\u00ae Score - latinoccu.org","robots":{"index":"index","follow":"follow","max-snippet":"max-snippet:-1","max-image-preview":"max-image-preview:large","max-video-preview":"max-video-preview:-1"},"canonical":"https:\/\/latinoccu.org\/es\/access-your-fico-score\/","og_locale":"es_MX","og_type":"article","og_title":"Access Your FICO\u00ae Score - latinoccu.org","og_description":"FICO\u00ae Score Available to Members with Loan Products For your financial security, it\u2019s a good idea to review your FICO\u00ae Score regularly and watch for any unexpected changes. As a Latino Community Credit Union member with a loan product, you can check your FICO\u00ae Score for free through the LatinoConnect Mobile App or LatinoConnect Online. [&hellip;]","og_url":"https:\/\/latinoccu.org\/es\/access-your-fico-score\/","og_site_name":"latinoccu.org","article_modified_time":"2026-02-11T14:31:56+00:00","twitter_card":"summary_large_image","twitter_misc":{"Tiempo de lectura":"3 minutos"},"schema":{"@context":"https:\/\/schema.org","@graph":[{"@type":"WebPage","@id":"https:\/\/latinoccu.org\/access-your-fico-score\/","url":"https:\/\/latinoccu.org\/access-your-fico-score\/","name":"Access Your FICO\u00ae Score - latinoccu.org","isPartOf":{"@id":"https:\/\/latinoccu.org\/#website"},"datePublished":"2026-01-29T15:46:20+00:00","dateModified":"2026-02-11T14:31:56+00:00","breadcrumb":{"@id":"https:\/\/latinoccu.org\/access-your-fico-score\/#breadcrumb"},"inLanguage":"es","potentialAction":[{"@type":"ReadAction","target":["https:\/\/latinoccu.org\/access-your-fico-score\/"]}]},{"@type":"BreadcrumbList","@id":"https:\/\/latinoccu.org\/access-your-fico-score\/#breadcrumb","itemListElement":[{"@type":"ListItem","position":1,"name":"Home","item":"https:\/\/latinoccu.org\/"},{"@type":"ListItem","position":2,"name":"Access Your FICO\u00ae Score"}]},{"@type":"WebSite","@id":"https:\/\/latinoccu.org\/#website","url":"https:\/\/latinoccu.org\/","name":"latinoccu.org","description":"","potentialAction":[{"@type":"SearchAction","target":{"@type":"EntryPoint","urlTemplate":"https:\/\/latinoccu.org\/?s={search_term_string}"},"query-input":{"@type":"PropertyValueSpecification","valueRequired":true,"valueName":"search_term_string"}}],"inLanguage":"es"}]}},"_links":{"self":[{"href":"https:\/\/latinoccu.org\/es\/wp-json\/wp\/v2\/pages\/21965","targetHints":{"allow":["GET"]}}],"collection":[{"href":"https:\/\/latinoccu.org\/es\/wp-json\/wp\/v2\/pages"}],"about":[{"href":"https:\/\/latinoccu.org\/es\/wp-json\/wp\/v2\/types\/page"}],"author":[{"embeddable":true,"href":"https:\/\/latinoccu.org\/es\/wp-json\/wp\/v2\/users\/3"}],"replies":[{"embeddable":true,"href":"https:\/\/latinoccu.org\/es\/wp-json\/wp\/v2\/comments?post=21965"}],"version-history":[{"count":0,"href":"https:\/\/latinoccu.org\/es\/wp-json\/wp\/v2\/pages\/21965\/revisions"}],"wp:attachment":[{"href":"https:\/\/latinoccu.org\/es\/wp-json\/wp\/v2\/media?parent=21965"}],"wp:term":[{"taxonomy":"page-structure","embeddable":true,"href":"https:\/\/latinoccu.org\/es\/wp-json\/wp\/v2\/page-structure?post=21965"},{"taxonomy":"sidebar-content","embeddable":true,"href":"https:\/\/latinoccu.org\/es\/wp-json\/wp\/v2\/sidebar-content?post=21965"}],"curies":[{"name":"wp","href":"https:\/\/api.w.org\/{rel}","templated":true}]}}