{"id":21815,"date":"2026-01-20T15:57:49","date_gmt":"2026-01-20T15:57:49","guid":{"rendered":"https:\/\/latinoccu.org\/?page_id=21815"},"modified":"2026-02-11T16:08:40","modified_gmt":"2026-02-11T16:08:40","slug":"insurance-policy-declarations","status":"publish","type":"page","link":"https:\/\/latinoccu.org\/es\/insurance-policy-declarations\/","title":{"rendered":"Declaraciones de p\u00f3lizas de seguro"},"content":{"rendered":"<div data-elementor-type=\"wp-page\" data-elementor-id=\"21815\" class=\"elementor elementor-21815\" data-elementor-post-type=\"page\">\n\t\t\t\t<div class=\"elementor-element elementor-element-013b9fb e-flex e-con-boxed e-con e-parent\" data-id=\"013b9fb\" data-element_type=\"container\" data-e-type=\"container\">\n\t\t\t\t\t<div class=\"e-con-inner\">\n\t\t\t\t<div class=\"elementor-element elementor-element-4a439a1 elementor-widget elementor-widget-text-editor\" data-id=\"4a439a1\" data-element_type=\"widget\" data-e-type=\"widget\" data-widget_type=\"text-editor.default\">\n\t\t\t\t<div class=\"elementor-widget-container\">\n\t\t\t\t\t\t\t\t\t<p style=\"font-weight: 400;\">En la Cooperativa Latina, tu protecci\u00f3n es importante para nosotros. Mantener un seguro de auto vigente es una parte importante de tu pr\u00e9stamo, y estamos aqu\u00ed para hacer que ese proceso sea lo m\u00e1s sencillo y f\u00e1cil posible.<\/p><p style=\"font-weight: 400;\">Para respaldar esto, nos hemos asociado con State National, un proveedor de seguimiento de seguros de confianza, para ayudar a supervisar la cobertura de seguro de auto requerida y notificar a los socios si falta informaci\u00f3n o si la cobertura ha vencido. Si falta informaci\u00f3n sobre el seguro, est\u00e1 incompleta o ha vencido, recibir\u00e1s notificaciones con anticipo para que puedas tomar medidas de inmediato.<\/p><p style=\"font-weight: 400;\">Nuestro objetivo es mantenerte informado y protegido, y evitarle gastos innecesarios para que est\u00e9s siempre al d\u00eda.<\/p>\t\t\t\t\t\t\t\t<\/div>\n\t\t\t\t<\/div>\n\t\t\t\t<div class=\"elementor-element elementor-element-3f62b48 elementor-widget elementor-widget-text-editor\" data-id=\"3f62b48\" data-element_type=\"widget\" data-e-type=\"widget\" data-widget_type=\"text-editor.default\">\n\t\t\t\t<div class=\"elementor-widget-container\">\n\t\t\t\t\t\t\t\t\t<h3>Presentaci\u00f3n de prueba de seguro<\/h3><p>Enviarnos la declaraci\u00f3n de tu p\u00f3liza de seguro es r\u00e1pido y sencillo. Puedes seguir cualquiera de los siguientes pasos:<\/p><p style=\"padding-left: 40px;\">\u2022 Visit\u00e1 el enlace que aparece en el correo electr\u00f3nico o mensaje de texto con el recordatorio de tu seguro.<\/p><p style=\"padding-left: 40px;\">\u2022 Escanear el c\u00f3digo QR que aparece en la carta de recordatorio del seguro.<\/p><p style=\"padding-left: 40px;\">\u2022 S\u00fabelo a <a href=\"https:\/\/www.myloaninsurance.com\/latinoccu\">https:\/\/www.myloaninsurance.com\/latinoccu<\/a><\/p><p style=\"padding-left: 40px;\">\u2022 Por correo electr\u00f3nico <a href=\"mailto:latinoccu@myloaninsurance.com\">latinoccu@myloaninsurance.com<\/a>. (Ten en cuenta que se trata de una cuenta de correo electr\u00f3nico automatizada y solo se aceptan correos electr\u00f3nicos con archivos adjuntos en formato PDF, PNG, TIF o JPG).<\/p><p style=\"padding-left: 40px;\">\u2022 Por fax al 1-877-731-5079<\/p><p style=\"padding-left: 40px;\">\u2022 O enviar por correo postal a:<\/p><p style=\"padding-left: 40px;\"><span style=\"color: #89b30b;\">Latino Community Credit Union<\/span><br \/><span style=\"color: #89b30b;\">Insurance Tracking Center<\/span><br \/><span style=\"color: #89b30b;\">PO Box 924342<\/span><br \/><span style=\"color: #89b30b;\">Fort Worth, TX 76124<\/span><\/p>\t\t\t\t\t\t\t\t<\/div>\n\t\t\t\t<\/div>\n\t\t\t\t<div class=\"elementor-element elementor-element-b2257b0 elementor-widget elementor-widget-text-editor\" data-id=\"b2257b0\" data-element_type=\"widget\" data-e-type=\"widget\" data-widget_type=\"text-editor.default\">\n\t\t\t\t<div class=\"elementor-widget-container\">\n\t\t\t\t\t\t\t\t\t<h3>Requisitos de seguro<\/h3>\n<p>Tu p\u00f3liza DEBE incluir:<\/p>\n<p style=\"padding-left: 40px;\">\u2022 Cobertura de seguro continua sin interrupciones.<\/p>\n<p style=\"padding-left: 40px;\">\u2022 Latino Community Credit Union designada como titular del derecho de retenci\u00f3n o beneficiario de la indemnizaci\u00f3n por p\u00e9rdidas.<\/p>\n<p style=\"padding-left: 40px;\">\u2022 Cobertura integral y contra colisiones (o da\u00f1os f\u00edsicos) con deducibles.<\/p>\n<p>Nota: una tarjeta de identificaci\u00f3n del seguro NO es una prueba v\u00e1lida del seguro de da\u00f1os f\u00edsicos requerido.<\/p>\t\t\t\t\t\t\t\t<\/div>\n\t\t\t\t<\/div>\n\t\t\t\t\t<\/div>\n\t\t\t\t<\/div>\n\t\t<div class=\"elementor-element elementor-element-e49ea2a e-flex e-con-boxed e-con e-parent\" data-id=\"e49ea2a\" data-element_type=\"container\" data-e-type=\"container\" data-settings=\"{&quot;background_background&quot;:&quot;classic&quot;}\">\n\t\t\t\t\t<div class=\"e-con-inner\">\n\t\t\t\t<div data-dce-text-color=\"#FFFFFF\" class=\"elementor-element elementor-element-c459937 elementor-widget elementor-widget-text-editor\" data-id=\"c459937\" data-element_type=\"widget\" data-e-type=\"widget\" data-widget_type=\"text-editor.default\">\n\t\t\t\t<div class=\"elementor-widget-container\">\n\t\t\t\t\t\t\t\t\t<p style=\"font-weight: 400;\"><strong>Si no se dispone de una p\u00f3liza de seguro v\u00e1lida, se a\u00f1adir\u00e1 un seguro obligatorio a tu pr\u00e9stamo. Esto implicar\u00e1 un aumento de $130.00 en tu pago mensual hasta que se reciba una prueba aceptable de que tienes un seguro.<\/strong><\/p><p style=\"font-weight: 400;\"><strong>Te recomendamos que actualices la informaci\u00f3n de tu seguro lo antes posible para evitar este coste adicional.<\/strong><\/p>\t\t\t\t\t\t\t\t<\/div>\n\t\t\t\t<\/div>\n\t\t\t\t\t<\/div>\n\t\t\t\t<\/div>\n\t\t<div class=\"elementor-element elementor-element-ec42436 e-flex e-con-boxed e-con e-parent\" data-id=\"ec42436\" data-element_type=\"container\" data-e-type=\"container\">\n\t\t\t\t\t<div class=\"e-con-inner\">\n\t\t\t\t<div class=\"elementor-element elementor-element-7c4cdb6 elementor-widget elementor-widget-text-editor\" data-id=\"7c4cdb6\" data-element_type=\"widget\" data-e-type=\"widget\" data-widget_type=\"text-editor.default\">\n\t\t\t\t<div class=\"elementor-widget-container\">\n\t\t\t\t\t\t\t\t\t<h3>Notificaciones importantes que puedes recibir<\/h3><p>Si es necesario tomar medidas, es posible que recibir\u00e1s una carta, un correo electr\u00f3nico o un mensaje de texto de State National. Estos mensajes son leg\u00edtimos y forman parte de nuestro proceso de supervisi\u00f3n de seguros.<br \/><br \/>Todas las notificaciones incluir\u00e1n un enlace seguro e instrucciones para acceder a MyLoanInsurance.com, un portal en l\u00ednea que podr\u00e1 identificar con el logotipo de la Cooperativa Latina y en el que podr\u00e1 revisar r\u00e1pidamente tu situaci\u00f3n, subir pruebas de seguro, obtener asistencia por chat en l\u00ednea y acceder a una colecci\u00f3n personalizada de 32 v\u00eddeos, dise\u00f1ados para guiarte en la resoluci\u00f3n r\u00e1pida de tus necesidades.<br \/><br \/>Al mantener actualizada la informaci\u00f3n de tu seguro, contribuyes a garantizar una cobertura ininterrumpida y tranquilidad durante toda la vigencia de tu pr\u00e9stamo.<br \/><br \/>Si tiene alguna pregunta o necesitas ayuda adicional, llama al (866) 557-6027,  siempre estamos aqu\u00ed para ayudarte.<\/p>\t\t\t\t\t\t\t\t<\/div>\n\t\t\t\t<\/div>\n\t\t\t\t<div class=\"elementor-element elementor-element-32c0c89 elementor-widget-divider--view-line elementor-widget elementor-widget-divider\" data-id=\"32c0c89\" data-element_type=\"widget\" data-e-type=\"widget\" data-widget_type=\"divider.default\">\n\t\t\t\t<div class=\"elementor-widget-container\">\n\t\t\t\t\t\t\t<div class=\"elementor-divider\">\n\t\t\t<span class=\"elementor-divider-separator\">\n\t\t\t\t\t\t<\/span>\n\t\t<\/div>\n\t\t\t\t\t\t<\/div>\n\t\t\t\t<\/div>\n\t\t\t\t<div class=\"elementor-element elementor-element-4d9c015 elementor-widget elementor-widget-text-editor\" data-id=\"4d9c015\" data-element_type=\"widget\" data-e-type=\"widget\" data-widget_type=\"text-editor.default\">\n\t\t\t\t<div class=\"elementor-widget-container\">\n\t\t\t\t\t\t\t\t\t<h5 style=\"font-weight: 400; text-align: center;\"><strong>Explore otras opciones de pr\u00e9stamo y descubra c\u00f3mo podemos ayudarte a alcanzar tus objetivos financieros.<\/strong><\/h5>\t\t\t\t\t\t\t\t<\/div>\n\t\t\t\t<\/div>\n\t\t\t\t<div class=\"elementor-element elementor-element-819a1ea elementor-align-center elementor-widget elementor-widget-button\" data-id=\"819a1ea\" data-element_type=\"widget\" data-e-type=\"widget\" data-widget_type=\"button.default\">\n\t\t\t\t<div class=\"elementor-widget-container\">\n\t\t\t\t\t\t\t\t\t<div class=\"elementor-button-wrapper\">\n\t\t\t\t\t<a class=\"elementor-button elementor-button-link elementor-size-sm\" href=\"https:\/\/latinoccu.org\/es\/products-and-services\/loans-credit\/\">\n\t\t\t\t\t\t<span class=\"elementor-button-content-wrapper\">\n\t\t\t\t\t\t\t\t\t<span class=\"elementor-button-text\">Pr\u00e9stamos y cr\u00e9ditos<\/span>\n\t\t\t\t\t<\/span>\n\t\t\t\t\t<\/a>\n\t\t\t\t<\/div>\n\t\t\t\t\t\t\t\t<\/div>\n\t\t\t\t<\/div>\n\t\t\t\t\t<\/div>\n\t\t\t\t<\/div>\n\t\t\t\t<\/div>","protected":false},"excerpt":{"rendered":"<p>At Latino Community Credit Union, your protection matters to us. Maintaining active auto insurance is an important part of your loan, and we\u2019re here to make that process as simple and stress-free as possible. To support this, we partner with\u00a0State National, a trusted insurance tracking provider, to help monitor required auto insurance coverage and notify [&hellip;]<\/p>\n","protected":false},"author":3,"featured_media":21823,"parent":0,"menu_order":0,"comment_status":"closed","ping_status":"closed","template":"","meta":{"_acf_changed":false,"inline_featured_image":false,"footnotes":""},"page-structure":[],"sidebar-content":[],"class_list":["post-21815","page","type-page","status-publish","has-post-thumbnail","hentry"],"acf":[],"yoast_head":"<!-- This site is optimized with the Yoast SEO plugin v27.2 - https:\/\/yoast.com\/product\/yoast-seo-wordpress\/ -->\n<title>Insurance Policy Declarations - latinoccu.org<\/title>\n<meta name=\"robots\" content=\"index, follow, max-snippet:-1, max-image-preview:large, max-video-preview:-1\" \/>\n<link rel=\"canonical\" href=\"https:\/\/latinoccu.org\/es\/insurance-policy-declarations\/\" \/>\n<meta property=\"og:locale\" content=\"es_MX\" \/>\n<meta property=\"og:type\" content=\"article\" \/>\n<meta property=\"og:title\" content=\"Insurance Policy Declarations - latinoccu.org\" \/>\n<meta property=\"og:description\" content=\"At Latino Community Credit Union, your protection matters to us. Maintaining active auto insurance is an important part of your loan, and we\u2019re here to make that process as simple and stress-free as possible. To support this, we partner with\u00a0State National, a trusted insurance tracking provider, to help monitor required auto insurance coverage and notify [&hellip;]\" \/>\n<meta property=\"og:url\" content=\"https:\/\/latinoccu.org\/es\/insurance-policy-declarations\/\" \/>\n<meta property=\"og:site_name\" content=\"latinoccu.org\" \/>\n<meta property=\"article:modified_time\" content=\"2026-02-11T16:08:40+00:00\" \/>\n<meta property=\"og:image\" content=\"https:\/\/latinoccu.org\/wp-content\/uploads\/2026\/01\/AdobeStock_1518235554-scaled.jpeg\" \/>\n\t<meta property=\"og:image:width\" content=\"2560\" \/>\n\t<meta property=\"og:image:height\" content=\"1440\" \/>\n\t<meta property=\"og:image:type\" content=\"image\/jpeg\" \/>\n<meta name=\"twitter:card\" content=\"summary_large_image\" \/>\n<meta name=\"twitter:label1\" content=\"Tiempo de lectura\" \/>\n\t<meta name=\"twitter:data1\" content=\"2 minutos\" \/>\n<script type=\"application\/ld+json\" class=\"yoast-schema-graph\">{\"@context\":\"https:\/\/schema.org\",\"@graph\":[{\"@type\":\"WebPage\",\"@id\":\"https:\/\/latinoccu.org\/insurance-policy-declarations\/\",\"url\":\"https:\/\/latinoccu.org\/insurance-policy-declarations\/\",\"name\":\"Insurance Policy Declarations - latinoccu.org\",\"isPartOf\":{\"@id\":\"https:\/\/latinoccu.org\/#website\"},\"primaryImageOfPage\":{\"@id\":\"https:\/\/latinoccu.org\/insurance-policy-declarations\/#primaryimage\"},\"image\":{\"@id\":\"https:\/\/latinoccu.org\/insurance-policy-declarations\/#primaryimage\"},\"thumbnailUrl\":\"https:\/\/latinoccu.org\/wp-content\/uploads\/2026\/01\/AdobeStock_1518235554-scaled.jpeg\",\"datePublished\":\"2026-01-20T15:57:49+00:00\",\"dateModified\":\"2026-02-11T16:08:40+00:00\",\"breadcrumb\":{\"@id\":\"https:\/\/latinoccu.org\/insurance-policy-declarations\/#breadcrumb\"},\"inLanguage\":\"es\",\"potentialAction\":[{\"@type\":\"ReadAction\",\"target\":[\"https:\/\/latinoccu.org\/insurance-policy-declarations\/\"]}]},{\"@type\":\"ImageObject\",\"inLanguage\":\"es\",\"@id\":\"https:\/\/latinoccu.org\/insurance-policy-declarations\/#primaryimage\",\"url\":\"https:\/\/latinoccu.org\/wp-content\/uploads\/2026\/01\/AdobeStock_1518235554-scaled.jpeg\",\"contentUrl\":\"https:\/\/latinoccu.org\/wp-content\/uploads\/2026\/01\/AdobeStock_1518235554-scaled.jpeg\",\"width\":2560,\"height\":1440,\"caption\":\"Stock image of car with two people visible in the background\"},{\"@type\":\"BreadcrumbList\",\"@id\":\"https:\/\/latinoccu.org\/insurance-policy-declarations\/#breadcrumb\",\"itemListElement\":[{\"@type\":\"ListItem\",\"position\":1,\"name\":\"Home\",\"item\":\"https:\/\/latinoccu.org\/\"},{\"@type\":\"ListItem\",\"position\":2,\"name\":\"Insurance Policy Declarations\"}]},{\"@type\":\"WebSite\",\"@id\":\"https:\/\/latinoccu.org\/#website\",\"url\":\"https:\/\/latinoccu.org\/\",\"name\":\"latinoccu.org\",\"description\":\"\",\"potentialAction\":[{\"@type\":\"SearchAction\",\"target\":{\"@type\":\"EntryPoint\",\"urlTemplate\":\"https:\/\/latinoccu.org\/?s={search_term_string}\"},\"query-input\":{\"@type\":\"PropertyValueSpecification\",\"valueRequired\":true,\"valueName\":\"search_term_string\"}}],\"inLanguage\":\"es\"}]}<\/script>\n<!-- \/ Yoast SEO plugin. -->","yoast_head_json":{"title":"Insurance Policy Declarations - latinoccu.org","robots":{"index":"index","follow":"follow","max-snippet":"max-snippet:-1","max-image-preview":"max-image-preview:large","max-video-preview":"max-video-preview:-1"},"canonical":"https:\/\/latinoccu.org\/es\/insurance-policy-declarations\/","og_locale":"es_MX","og_type":"article","og_title":"Insurance Policy Declarations - latinoccu.org","og_description":"At Latino Community Credit Union, your protection matters to us. Maintaining active auto insurance is an important part of your loan, and we\u2019re here to make that process as simple and stress-free as possible. To support this, we partner with\u00a0State National, a trusted insurance tracking provider, to help monitor required auto insurance coverage and notify [&hellip;]","og_url":"https:\/\/latinoccu.org\/es\/insurance-policy-declarations\/","og_site_name":"latinoccu.org","article_modified_time":"2026-02-11T16:08:40+00:00","og_image":[{"width":2560,"height":1440,"url":"https:\/\/latinoccu.org\/wp-content\/uploads\/2026\/01\/AdobeStock_1518235554-scaled.jpeg","type":"image\/jpeg"}],"twitter_card":"summary_large_image","twitter_misc":{"Tiempo de lectura":"2 minutos"},"schema":{"@context":"https:\/\/schema.org","@graph":[{"@type":"WebPage","@id":"https:\/\/latinoccu.org\/insurance-policy-declarations\/","url":"https:\/\/latinoccu.org\/insurance-policy-declarations\/","name":"Insurance Policy Declarations - latinoccu.org","isPartOf":{"@id":"https:\/\/latinoccu.org\/#website"},"primaryImageOfPage":{"@id":"https:\/\/latinoccu.org\/insurance-policy-declarations\/#primaryimage"},"image":{"@id":"https:\/\/latinoccu.org\/insurance-policy-declarations\/#primaryimage"},"thumbnailUrl":"https:\/\/latinoccu.org\/wp-content\/uploads\/2026\/01\/AdobeStock_1518235554-scaled.jpeg","datePublished":"2026-01-20T15:57:49+00:00","dateModified":"2026-02-11T16:08:40+00:00","breadcrumb":{"@id":"https:\/\/latinoccu.org\/insurance-policy-declarations\/#breadcrumb"},"inLanguage":"es","potentialAction":[{"@type":"ReadAction","target":["https:\/\/latinoccu.org\/insurance-policy-declarations\/"]}]},{"@type":"ImageObject","inLanguage":"es","@id":"https:\/\/latinoccu.org\/insurance-policy-declarations\/#primaryimage","url":"https:\/\/latinoccu.org\/wp-content\/uploads\/2026\/01\/AdobeStock_1518235554-scaled.jpeg","contentUrl":"https:\/\/latinoccu.org\/wp-content\/uploads\/2026\/01\/AdobeStock_1518235554-scaled.jpeg","width":2560,"height":1440,"caption":"Stock image of car with two people visible in the background"},{"@type":"BreadcrumbList","@id":"https:\/\/latinoccu.org\/insurance-policy-declarations\/#breadcrumb","itemListElement":[{"@type":"ListItem","position":1,"name":"Home","item":"https:\/\/latinoccu.org\/"},{"@type":"ListItem","position":2,"name":"Insurance Policy Declarations"}]},{"@type":"WebSite","@id":"https:\/\/latinoccu.org\/#website","url":"https:\/\/latinoccu.org\/","name":"latinoccu.org","description":"","potentialAction":[{"@type":"SearchAction","target":{"@type":"EntryPoint","urlTemplate":"https:\/\/latinoccu.org\/?s={search_term_string}"},"query-input":{"@type":"PropertyValueSpecification","valueRequired":true,"valueName":"search_term_string"}}],"inLanguage":"es"}]}},"_links":{"self":[{"href":"https:\/\/latinoccu.org\/es\/wp-json\/wp\/v2\/pages\/21815","targetHints":{"allow":["GET"]}}],"collection":[{"href":"https:\/\/latinoccu.org\/es\/wp-json\/wp\/v2\/pages"}],"about":[{"href":"https:\/\/latinoccu.org\/es\/wp-json\/wp\/v2\/types\/page"}],"author":[{"embeddable":true,"href":"https:\/\/latinoccu.org\/es\/wp-json\/wp\/v2\/users\/3"}],"replies":[{"embeddable":true,"href":"https:\/\/latinoccu.org\/es\/wp-json\/wp\/v2\/comments?post=21815"}],"version-history":[{"count":0,"href":"https:\/\/latinoccu.org\/es\/wp-json\/wp\/v2\/pages\/21815\/revisions"}],"wp:featuredmedia":[{"embeddable":true,"href":"https:\/\/latinoccu.org\/es\/wp-json\/wp\/v2\/media\/21823"}],"wp:attachment":[{"href":"https:\/\/latinoccu.org\/es\/wp-json\/wp\/v2\/media?parent=21815"}],"wp:term":[{"taxonomy":"page-structure","embeddable":true,"href":"https:\/\/latinoccu.org\/es\/wp-json\/wp\/v2\/page-structure?post=21815"},{"taxonomy":"sidebar-content","embeddable":true,"href":"https:\/\/latinoccu.org\/es\/wp-json\/wp\/v2\/sidebar-content?post=21815"}],"curies":[{"name":"wp","href":"https:\/\/api.w.org\/{rel}","templated":true}]}}