{"id":21710,"date":"2025-12-18T23:29:35","date_gmt":"2025-12-18T23:29:35","guid":{"rendered":"https:\/\/latinoccu.org\/?page_id=21710"},"modified":"2025-12-18T23:46:52","modified_gmt":"2025-12-18T23:46:52","slug":"meet-juan","status":"publish","type":"page","link":"https:\/\/latinoccu.org\/es\/about-us\/mission\/meet-our-members\/meet-juan\/","title":{"rendered":"Conoce a Juan"},"content":{"rendered":"<div data-elementor-type=\"wp-page\" data-elementor-id=\"21710\" class=\"elementor elementor-21710\" data-elementor-post-type=\"page\">\n\t\t\t\t<div class=\"elementor-element elementor-element-a5dfd9f e-flex e-con-boxed e-con e-parent\" data-id=\"a5dfd9f\" data-element_type=\"container\" data-e-type=\"container\">\n\t\t\t\t\t<div class=\"e-con-inner\">\n\t\t\t\t<div class=\"elementor-element elementor-element-e4c1595 elementor-widget elementor-widget-heading\" data-id=\"e4c1595\" data-element_type=\"widget\" data-e-type=\"widget\" data-widget_type=\"heading.default\">\n\t\t\t\t<div class=\"elementor-widget-container\">\n\t\t\t\t\t<h2 class=\"elementor-heading-title elementor-size-default\">Visitas inesperadas que cambian vidas<\/h2>\t\t\t\t<\/div>\n\t\t\t\t<\/div>\n\t\t\t\t\t<\/div>\n\t\t\t\t<\/div>\n\t\t<div class=\"elementor-element elementor-element-e28cba0 e-flex e-con-boxed e-con e-parent\" data-id=\"e28cba0\" data-element_type=\"container\" data-e-type=\"container\">\n\t\t\t\t\t<div class=\"e-con-inner\">\n\t\t\t\t<div class=\"elementor-element elementor-element-93c1f7a elementor-widget elementor-widget-text-editor\" data-id=\"93c1f7a\" data-element_type=\"widget\" data-e-type=\"widget\" data-widget_type=\"text-editor.default\">\n\t\t\t\t<div class=\"elementor-widget-container\">\n\t\t\t\t\t\t\t\t\t<p style=\"font-weight: 400;\">Juan D\u00edaz lleg\u00f3 de Honduras en el a\u00f1o 2006 con el anhelo de salir adelante. Tres a\u00f1os despu\u00e9s, en 2009, mientras lavaban ropa en una lavander\u00eda sobre South Boulevard, Juan y Nancy notaron una peque\u00f1a oficina justo al lado. Era la Cooperativa Latina. \u201cEntramos as\u00ed, sin pensarlo mucho\u201d, recuerda Juan. Con apenas diez d\u00f3lares abrieron su primera cuenta de ahorros, sin imaginar que ese sencillo momento marcar\u00eda el inicio de una historia de crecimiento y acompa\u00f1amiento.<\/p><p style=\"font-weight: 400;\">Durante a\u00f1os, esa cuenta permaneci\u00f3 abierta. Cuando regresaron tiempo despu\u00e9s y confirmaron que a\u00fan segu\u00edan siendo socios, decidieron comenzar a ahorrar de verdad y crecer junto a la cooperativa. Hoy, Juan y Nancy hablan de las facilidades y oportunidades que encontraron, especialmente para la comunidad latina que, como ellos, no siempre recibe apoyo en los bancos tradicionales. \u201cLa Cooperativa Latina nos dio esa facilidad, como inmigrantes que queremos emprender, comprar carro, comprar casa y salir adelante.\u201d Desde entonces, Juan y Nancy no solo crecieron como socios, sino tambi\u00e9n como familia y como empresarios. Comenzaron con una cuenta de ahorros y, con el tiempo, accedieron a pr\u00e9stamos de veh\u00edculo, pr\u00e9stamos de vivienda, propiedades de inversi\u00f3n y distintos productos financieros que les permitieron construir estabilidad y confianza en su futuro.<\/p><p style=\"font-weight: 400;\">Paralelo a ese crecimiento, naci\u00f3 su empresa. Juan empez\u00f3 trabajando en construcci\u00f3n junto a un compa\u00f1ero, comprando equipo y aprendiendo el oficio. Cuando ese socio se retir\u00f3, Nancy se sum\u00f3 de lleno al proyecto. Fueron a\u00f1os de sacrificio extremo: jornadas que comenzaban de madrugada, terminaban a las once de la noche y dejaban poco espacio para el descanso. \u201cDorm\u00edamos poco, com\u00edamos ah\u00ed mismo y segu\u00edamos\u201d, recuerda Nancy. \u201cFueron cinco, quiz\u00e1s diez a\u00f1os de mucho sacrificio.\u201d<\/p>\t\t\t\t\t\t\t\t<\/div>\n\t\t\t\t<\/div>\n\t\t\t\t<div class=\"elementor-element elementor-element-9210e91 elementor-widget elementor-widget-gallery\" data-id=\"9210e91\" data-element_type=\"widget\" data-e-type=\"widget\" data-settings=\"{&quot;lazyload&quot;:&quot;yes&quot;,&quot;gallery_layout&quot;:&quot;grid&quot;,&quot;columns&quot;:4,&quot;columns_tablet&quot;:2,&quot;columns_mobile&quot;:1,&quot;gap&quot;:{&quot;unit&quot;:&quot;px&quot;,&quot;size&quot;:10,&quot;sizes&quot;:[]},&quot;gap_tablet&quot;:{&quot;unit&quot;:&quot;px&quot;,&quot;size&quot;:10,&quot;sizes&quot;:[]},&quot;gap_mobile&quot;:{&quot;unit&quot;:&quot;px&quot;,&quot;size&quot;:10,&quot;sizes&quot;:[]},&quot;link_to&quot;:&quot;file&quot;,&quot;aspect_ratio&quot;:&quot;3:2&quot;,&quot;overlay_background&quot;:&quot;yes&quot;,&quot;content_hover_animation&quot;:&quot;fade-in&quot;}\" data-widget_type=\"gallery.default\">\n\t\t\t\t<div class=\"elementor-widget-container\">\n\t\t\t\t\t\t\t<div class=\"elementor-gallery__container\">\n\t\t\t\t\t\t\t<a class=\"e-gallery-item elementor-gallery-item elementor-animated-content\" href=\"https:\/\/latinoccu.org\/wp-content\/uploads\/2025\/12\/DSC_0898-scaled.jpg\" data-elementor-open-lightbox=\"yes\" data-elementor-lightbox-slideshow=\"9210e91\" data-elementor-lightbox-title=\"DSC_0898\" data-e-action-hash=\"#elementor-action%3Aaction%3Dlightbox%26settings%3DeyJpZCI6MjE3MTUsInVybCI6Imh0dHBzOlwvXC9sYXRpbm9jY3Uub3JnXC93cC1jb250ZW50XC91cGxvYWRzXC8yMDI1XC8xMlwvRFNDXzA4OTgtc2NhbGVkLmpwZyIsInNsaWRlc2hvdyI6IjkyMTBlOTEifQ%3D%3D\">\n\t\t\t\t\t<div class=\"e-gallery-image elementor-gallery-item__image\" data-thumbnail=\"https:\/\/latinoccu.org\/wp-content\/uploads\/2025\/12\/DSC_0898-300x200.jpg\" data-width=\"300\" data-height=\"200\" aria-label=\"members Juan and Nancy\" role=\"img\" ><\/div>\n\t\t\t\t\t\t\t\t\t\t\t<div class=\"elementor-gallery-item__overlay\"><\/div>\n\t\t\t\t\t\t\t\t\t\t\t\t\t\t<\/a>\n\t\t\t\t\t\t\t<a class=\"e-gallery-item elementor-gallery-item elementor-animated-content\" href=\"https:\/\/latinoccu.org\/wp-content\/uploads\/2025\/12\/DSC_0882-scaled.jpg\" data-elementor-open-lightbox=\"yes\" data-elementor-lightbox-slideshow=\"9210e91\" data-elementor-lightbox-title=\"DSC_0882\" data-e-action-hash=\"#elementor-action%3Aaction%3Dlightbox%26settings%3DeyJpZCI6MjE3MTcsInVybCI6Imh0dHBzOlwvXC9sYXRpbm9jY3Uub3JnXC93cC1jb250ZW50XC91cGxvYWRzXC8yMDI1XC8xMlwvRFNDXzA4ODItc2NhbGVkLmpwZyIsInNsaWRlc2hvdyI6IjkyMTBlOTEifQ%3D%3D\">\n\t\t\t\t\t<div class=\"e-gallery-image elementor-gallery-item__image\" data-thumbnail=\"https:\/\/latinoccu.org\/wp-content\/uploads\/2025\/12\/DSC_0882-300x200.jpg\" data-width=\"300\" data-height=\"200\" aria-label=\"Member Nancy standing infant of her business truck\" role=\"img\" ><\/div>\n\t\t\t\t\t\t\t\t\t\t\t<div class=\"elementor-gallery-item__overlay\"><\/div>\n\t\t\t\t\t\t\t\t\t\t\t\t\t\t<\/a>\n\t\t\t\t\t\t\t<a class=\"e-gallery-item elementor-gallery-item elementor-animated-content\" href=\"https:\/\/latinoccu.org\/wp-content\/uploads\/2025\/12\/DSC_0887-scaled.jpg\" data-elementor-open-lightbox=\"yes\" data-elementor-lightbox-slideshow=\"9210e91\" data-elementor-lightbox-title=\"DSC_0887\" data-e-action-hash=\"#elementor-action%3Aaction%3Dlightbox%26settings%3DeyJpZCI6MjE3MTYsInVybCI6Imh0dHBzOlwvXC9sYXRpbm9jY3Uub3JnXC93cC1jb250ZW50XC91cGxvYWRzXC8yMDI1XC8xMlwvRFNDXzA4ODctc2NhbGVkLmpwZyIsInNsaWRlc2hvdyI6IjkyMTBlOTEifQ%3D%3D\">\n\t\t\t\t\t<div class=\"e-gallery-image elementor-gallery-item__image\" data-thumbnail=\"https:\/\/latinoccu.org\/wp-content\/uploads\/2025\/12\/DSC_0887-300x200.jpg\" data-width=\"300\" data-height=\"200\" aria-label=\"member Juan standing infant of her business truck\" role=\"img\" ><\/div>\n\t\t\t\t\t\t\t\t\t\t\t<div class=\"elementor-gallery-item__overlay\"><\/div>\n\t\t\t\t\t\t\t\t\t\t\t\t\t\t<\/a>\n\t\t\t\t\t\t\t<a class=\"e-gallery-item elementor-gallery-item elementor-animated-content\" href=\"https:\/\/latinoccu.org\/wp-content\/uploads\/2025\/12\/DSC_0906-scaled.jpg\" data-elementor-open-lightbox=\"yes\" data-elementor-lightbox-slideshow=\"9210e91\" data-elementor-lightbox-title=\"DSC_0906\" data-e-action-hash=\"#elementor-action%3Aaction%3Dlightbox%26settings%3DeyJpZCI6MjE3MTgsInVybCI6Imh0dHBzOlwvXC9sYXRpbm9jY3Uub3JnXC93cC1jb250ZW50XC91cGxvYWRzXC8yMDI1XC8xMlwvRFNDXzA5MDYtc2NhbGVkLmpwZyIsInNsaWRlc2hvdyI6IjkyMTBlOTEifQ%3D%3D\">\n\t\t\t\t\t<div class=\"e-gallery-image elementor-gallery-item__image\" data-thumbnail=\"https:\/\/latinoccu.org\/wp-content\/uploads\/2025\/12\/DSC_0906-300x200.jpg\" data-width=\"300\" data-height=\"200\" aria-label=\"Member Juan and Nancy with LCCU staff\" role=\"img\" ><\/div>\n\t\t\t\t\t\t\t\t\t\t\t<div class=\"elementor-gallery-item__overlay\"><\/div>\n\t\t\t\t\t\t\t\t\t\t\t\t\t\t<\/a>\n\t\t\t\t\t\t\t<a class=\"e-gallery-item elementor-gallery-item elementor-animated-content\" href=\"https:\/\/latinoccu.org\/wp-content\/uploads\/2025\/12\/DSC_0888-1-scaled.jpg\" data-elementor-open-lightbox=\"yes\" data-elementor-lightbox-slideshow=\"9210e91\" data-elementor-lightbox-title=\"DSC_0888\" data-e-action-hash=\"#elementor-action%3Aaction%3Dlightbox%26settings%3DeyJpZCI6MjE3MTksInVybCI6Imh0dHBzOlwvXC9sYXRpbm9jY3Uub3JnXC93cC1jb250ZW50XC91cGxvYWRzXC8yMDI1XC8xMlwvRFNDXzA4ODgtMS1zY2FsZWQuanBnIiwic2xpZGVzaG93IjoiOTIxMGU5MSJ9\">\n\t\t\t\t\t<div class=\"e-gallery-image elementor-gallery-item__image\" data-thumbnail=\"https:\/\/latinoccu.org\/wp-content\/uploads\/2025\/12\/DSC_0888-1-300x200.jpg\" data-width=\"300\" data-height=\"200\" aria-label=\"Member Juan portrait\" role=\"img\" ><\/div>\n\t\t\t\t\t\t\t\t\t\t\t<div class=\"elementor-gallery-item__overlay\"><\/div>\n\t\t\t\t\t\t\t\t\t\t\t\t\t\t<\/a>\n\t\t\t\t\t\t\t<a class=\"e-gallery-item elementor-gallery-item elementor-animated-content\" href=\"https:\/\/latinoccu.org\/wp-content\/uploads\/2025\/12\/DSC_0895-scaled.jpg\" data-elementor-open-lightbox=\"yes\" data-elementor-lightbox-slideshow=\"9210e91\" data-elementor-lightbox-title=\"DSC_0895\" data-e-action-hash=\"#elementor-action%3Aaction%3Dlightbox%26settings%3DeyJpZCI6MjE3MjEsInVybCI6Imh0dHBzOlwvXC9sYXRpbm9jY3Uub3JnXC93cC1jb250ZW50XC91cGxvYWRzXC8yMDI1XC8xMlwvRFNDXzA4OTUtc2NhbGVkLmpwZyIsInNsaWRlc2hvdyI6IjkyMTBlOTEifQ%3D%3D\">\n\t\t\t\t\t<div class=\"e-gallery-image elementor-gallery-item__image\" data-thumbnail=\"https:\/\/latinoccu.org\/wp-content\/uploads\/2025\/12\/DSC_0895-300x200.jpg\" data-width=\"300\" data-height=\"200\" aria-label=\"Members Juan and Nancy with Lccu staff at their business\" role=\"img\" ><\/div>\n\t\t\t\t\t\t\t\t\t\t\t<div class=\"elementor-gallery-item__overlay\"><\/div>\n\t\t\t\t\t\t\t\t\t\t\t\t\t\t<\/a>\n\t\t\t\t\t\t\t<a class=\"e-gallery-item elementor-gallery-item elementor-animated-content\" href=\"https:\/\/latinoccu.org\/wp-content\/uploads\/2025\/12\/DSC_0899-scaled.jpg\" data-elementor-open-lightbox=\"yes\" data-elementor-lightbox-slideshow=\"9210e91\" data-elementor-lightbox-title=\"DSC_0899\" data-e-action-hash=\"#elementor-action%3Aaction%3Dlightbox%26settings%3DeyJpZCI6MjE3MjIsInVybCI6Imh0dHBzOlwvXC9sYXRpbm9jY3Uub3JnXC93cC1jb250ZW50XC91cGxvYWRzXC8yMDI1XC8xMlwvRFNDXzA4OTktc2NhbGVkLmpwZyIsInNsaWRlc2hvdyI6IjkyMTBlOTEifQ%3D%3D\">\n\t\t\t\t\t<div class=\"e-gallery-image elementor-gallery-item__image\" data-thumbnail=\"https:\/\/latinoccu.org\/wp-content\/uploads\/2025\/12\/DSC_0899-300x200.jpg\" data-width=\"300\" data-height=\"200\" aria-label=\"Members Juan and Nancy infant of their business truck\" role=\"img\" ><\/div>\n\t\t\t\t\t\t\t\t\t\t\t<div class=\"elementor-gallery-item__overlay\"><\/div>\n\t\t\t\t\t\t\t\t\t\t\t\t\t\t<\/a>\n\t\t\t\t\t\t\t<a class=\"e-gallery-item elementor-gallery-item elementor-animated-content\" href=\"https:\/\/latinoccu.org\/wp-content\/uploads\/2025\/12\/DSC_0900-scaled-e1766101195981.jpg\" data-elementor-open-lightbox=\"yes\" data-elementor-lightbox-slideshow=\"9210e91\" data-elementor-lightbox-title=\"DSC_0900\" data-e-action-hash=\"#elementor-action%3Aaction%3Dlightbox%26settings%3DeyJpZCI6MjE3MjMsInVybCI6Imh0dHBzOlwvXC9sYXRpbm9jY3Uub3JnXC93cC1jb250ZW50XC91cGxvYWRzXC8yMDI1XC8xMlwvRFNDXzA5MDAtc2NhbGVkLWUxNzY2MTAxMTk1OTgxLmpwZyIsInNsaWRlc2hvdyI6IjkyMTBlOTEifQ%3D%3D\">\n\t\t\t\t\t<div class=\"e-gallery-image elementor-gallery-item__image\" data-thumbnail=\"https:\/\/latinoccu.org\/wp-content\/uploads\/2025\/12\/DSC_0900-scaled-e1766101195981-223x300.jpg\" data-width=\"223\" data-height=\"300\" aria-label=\"Member Nancy Portrait\" role=\"img\" ><\/div>\n\t\t\t\t\t\t\t\t\t\t\t<div class=\"elementor-gallery-item__overlay\"><\/div>\n\t\t\t\t\t\t\t\t\t\t\t\t\t\t<\/a>\n\t\t\t\t\t<\/div>\n\t\t\t\t\t<\/div>\n\t\t\t\t<\/div>\n\t\t\t\t<div class=\"elementor-element elementor-element-6f1f08b elementor-widget elementor-widget-text-editor\" data-id=\"6f1f08b\" data-element_type=\"widget\" data-e-type=\"widget\" data-widget_type=\"text-editor.default\">\n\t\t\t\t<div class=\"elementor-widget-container\">\n\t\t\t\t\t\t\t\t\t<p style=\"font-weight: 400;\">De ese esfuerzo naci\u00f3 JN Gutters &amp; Construction, LLC, una compa\u00f1\u00eda especializada principalmente en roofing, gutters y siding. Hoy, no solo trabajan para sacar adelante a sus propias familias, sino que tambi\u00e9n generan empleo, subcontratan a otros trabajadores y contribuyen directamente al bienestar de muchas familias en la comunidad. \u201cEstamos muy contentos\u201d, dice Juan. \u201cSabemos que hay pan en nuestra mesa y en la mesa de muchas familias m\u00e1s.\u201d<\/p><p style=\"font-weight: 400;\">La experiencia en la cooperativa ha sido una parte fundamental de su camino. Ambos destacan el trato humano y respetuoso que reciben cada vez que visitan la oficina de South Boulevard. \u201cAqu\u00ed no lo ven a uno por c\u00f3mo viste\u201d, comparte Nancy. \u201cSiempre hay una atenci\u00f3n especial.\u201d Juan coincide: \u201cDesde que uno entra hasta que sale, la atenci\u00f3n es muy buena en todos los departamentos.\u201d Juan y Nancy no solo conf\u00edan en la cooperativa, tambi\u00e9n la recomiendan activamente. Amigos, compa\u00f1eros de trabajo y personas nuevas en el pa\u00eds escuchan siempre el mismo consejo: \u201cVayan a la Cooperativa Latina.\u201d Muchos llegan incluso preguntando directamente por empleados que Juan les ha recomendado, reflejo de una confianza construida a lo largo de los a\u00f1os.<\/p><p style=\"font-weight: 400;\">Hoy, al mirar atr\u00e1s, el sentimiento es de profunda gratitud. \u201cNunca imaginamos d\u00f3nde \u00edbamos a estar ni de d\u00f3nde Dios nos iba a sacar\u201d, dice Juan. \u201cCuando pasamos por esos lugares y recordamos, es algo muy lindo.\u201d Su mensaje para otros empresarios es claro y sencillo: hacer las cosas bien, ser honestos y no rendirse. Mirando al futuro, Juan y Nancy esperan seguir creciendo, no bajar los brazos y continuar aportando a la comunidad, de la mano de una instituci\u00f3n que ha caminado con ellos desde el principio.<\/p><p style=\"font-weight: 400;\"><span style=\"font-weight: 400;\">La historia de Juan y Nancy es una historia de perseverancia, trabajo duro y confianza. Una historia que demuestra que, con apoyo, oportunidad y compromiso, los sue\u00f1os s\u00ed se pueden construir, incluso comenzando con solo diez d\u00f3lares y una visita inesperada desde una lavander\u00eda.<\/span><\/p>\t\t\t\t\t\t\t\t<\/div>\n\t\t\t\t<\/div>\n\t\t\t\t<div class=\"elementor-element elementor-element-cf7788f e-transform elementor-widget elementor-widget-video\" data-id=\"cf7788f\" data-element_type=\"widget\" data-e-type=\"widget\" data-settings=\"{&quot;youtube_url&quot;:&quot;https:\\\/\\\/youtu.be\\\/OAayhAODMtQ&quot;,&quot;_transform_scale_effect&quot;:{&quot;unit&quot;:&quot;px&quot;,&quot;size&quot;:0,&quot;sizes&quot;:[]},&quot;video_type&quot;:&quot;youtube&quot;,&quot;controls&quot;:&quot;yes&quot;,&quot;_transform_scale_effect_tablet&quot;:{&quot;unit&quot;:&quot;px&quot;,&quot;size&quot;:&quot;&quot;,&quot;sizes&quot;:[]},&quot;_transform_scale_effect_mobile&quot;:{&quot;unit&quot;:&quot;px&quot;,&quot;size&quot;:&quot;&quot;,&quot;sizes&quot;:[]}}\" data-widget_type=\"video.default\">\n\t\t\t\t<div class=\"elementor-widget-container\">\n\t\t\t\t\t\t\t<div class=\"elementor-wrapper elementor-open-inline\">\n\t\t\t<div class=\"elementor-video\"><\/div>\t\t<\/div>\n\t\t\t\t\t\t<\/div>\n\t\t\t\t<\/div>\n\t\t\t\t<div class=\"elementor-element elementor-element-c72f826 elementor-align-center elementor-widget elementor-widget-button\" data-id=\"c72f826\" data-element_type=\"widget\" data-e-type=\"widget\" data-widget_type=\"button.default\">\n\t\t\t\t<div class=\"elementor-widget-container\">\n\t\t\t\t\t\t\t\t\t<div class=\"elementor-button-wrapper\">\n\t\t\t\t\t<a class=\"elementor-button elementor-button-link elementor-size-sm\" href=\"https:\/\/latinoccu.org\/es\/about-us\/mission\/meet-our-members\/\">\n\t\t\t\t\t\t<span class=\"elementor-button-content-wrapper\">\n\t\t\t\t\t\t\t\t\t<span class=\"elementor-button-text\">Conoce a m\u00e1s socios<\/span>\n\t\t\t\t\t<\/span>\n\t\t\t\t\t<\/a>\n\t\t\t\t<\/div>\n\t\t\t\t\t\t\t\t<\/div>\n\t\t\t\t<\/div>\n\t\t\t\t\t<\/div>\n\t\t\t\t<\/div>\n\t\t\t\t<\/div>","protected":false},"excerpt":{"rendered":"<p>Unexpected Visits That Change Lives Juan D\u00edaz arrived from Honduras in 2006 with the hope of moving forward and building a better future. Three years later, in 2009, while doing laundry at a laundromat on South Boulevard, Juan and Nancy noticed a small office right next door. It was Latino Community Credit Union. \u201cWe walked [&hellip;]<\/p>\n","protected":false},"author":3,"featured_media":21712,"parent":857,"menu_order":0,"comment_status":"closed","ping_status":"closed","template":"","meta":{"_acf_changed":false,"inline_featured_image":false,"footnotes":""},"page-structure":[],"sidebar-content":[],"class_list":["post-21710","page","type-page","status-publish","has-post-thumbnail","hentry"],"acf":[],"yoast_head":"<!-- This site is optimized with the Yoast SEO plugin v27.2 - https:\/\/yoast.com\/product\/yoast-seo-wordpress\/ -->\n<title>Meet Juan - latinoccu.org<\/title>\n<meta name=\"robots\" content=\"index, follow, max-snippet:-1, max-image-preview:large, max-video-preview:-1\" \/>\n<link rel=\"canonical\" href=\"https:\/\/latinoccu.org\/es\/about-us\/mission\/meet-our-members\/meet-juan\/\" \/>\n<meta property=\"og:locale\" content=\"es_MX\" \/>\n<meta property=\"og:type\" content=\"article\" \/>\n<meta property=\"og:title\" content=\"Meet Juan - latinoccu.org\" \/>\n<meta property=\"og:description\" content=\"Unexpected Visits That Change Lives Juan D\u00edaz arrived from Honduras in 2006 with the hope of moving forward and building a better future. Three years later, in 2009, while doing laundry at a laundromat on South Boulevard, Juan and Nancy noticed a small office right next door. It was Latino Community Credit Union. \u201cWe walked [&hellip;]\" \/>\n<meta property=\"og:url\" content=\"https:\/\/latinoccu.org\/es\/about-us\/mission\/meet-our-members\/meet-juan\/\" \/>\n<meta property=\"og:site_name\" content=\"latinoccu.org\" \/>\n<meta property=\"article:modified_time\" content=\"2025-12-18T23:46:52+00:00\" \/>\n<meta property=\"og:image\" content=\"https:\/\/latinoccu.org\/wp-content\/uploads\/2025\/12\/DSC_0897-scaled.jpg\" \/>\n\t<meta property=\"og:image:width\" content=\"2560\" \/>\n\t<meta property=\"og:image:height\" content=\"1707\" \/>\n\t<meta property=\"og:image:type\" content=\"image\/jpeg\" \/>\n<meta name=\"twitter:card\" content=\"summary_large_image\" \/>\n<meta name=\"twitter:label1\" content=\"Tiempo de lectura\" \/>\n\t<meta name=\"twitter:data1\" content=\"3 minutos\" \/>\n<script type=\"application\/ld+json\" class=\"yoast-schema-graph\">{\"@context\":\"https:\/\/schema.org\",\"@graph\":[{\"@type\":\"WebPage\",\"@id\":\"https:\/\/latinoccu.org\/about-us\/mission\/meet-our-members\/meet-juan\/\",\"url\":\"https:\/\/latinoccu.org\/about-us\/mission\/meet-our-members\/meet-juan\/\",\"name\":\"Meet Juan - latinoccu.org\",\"isPartOf\":{\"@id\":\"https:\/\/latinoccu.org\/#website\"},\"primaryImageOfPage\":{\"@id\":\"https:\/\/latinoccu.org\/about-us\/mission\/meet-our-members\/meet-juan\/#primaryimage\"},\"image\":{\"@id\":\"https:\/\/latinoccu.org\/about-us\/mission\/meet-our-members\/meet-juan\/#primaryimage\"},\"thumbnailUrl\":\"https:\/\/latinoccu.org\/wp-content\/uploads\/2025\/12\/DSC_0897-scaled.jpg\",\"datePublished\":\"2025-12-18T23:29:35+00:00\",\"dateModified\":\"2025-12-18T23:46:52+00:00\",\"breadcrumb\":{\"@id\":\"https:\/\/latinoccu.org\/about-us\/mission\/meet-our-members\/meet-juan\/#breadcrumb\"},\"inLanguage\":\"es\",\"potentialAction\":[{\"@type\":\"ReadAction\",\"target\":[\"https:\/\/latinoccu.org\/about-us\/mission\/meet-our-members\/meet-juan\/\"]}]},{\"@type\":\"ImageObject\",\"inLanguage\":\"es\",\"@id\":\"https:\/\/latinoccu.org\/about-us\/mission\/meet-our-members\/meet-juan\/#primaryimage\",\"url\":\"https:\/\/latinoccu.org\/wp-content\/uploads\/2025\/12\/DSC_0897-scaled.jpg\",\"contentUrl\":\"https:\/\/latinoccu.org\/wp-content\/uploads\/2025\/12\/DSC_0897-scaled.jpg\",\"width\":2560,\"height\":1707,\"caption\":\"Member Juan and Wife Nancy\"},{\"@type\":\"BreadcrumbList\",\"@id\":\"https:\/\/latinoccu.org\/about-us\/mission\/meet-our-members\/meet-juan\/#breadcrumb\",\"itemListElement\":[{\"@type\":\"ListItem\",\"position\":1,\"name\":\"Home\",\"item\":\"https:\/\/latinoccu.org\/\"},{\"@type\":\"ListItem\",\"position\":2,\"name\":\"About Us\",\"item\":\"https:\/\/latinoccu.org\/about-us\/\"},{\"@type\":\"ListItem\",\"position\":3,\"name\":\"Mission\",\"item\":\"https:\/\/latinoccu.org\/about-us\/mission\/\"},{\"@type\":\"ListItem\",\"position\":4,\"name\":\"Meet Our Members\",\"item\":\"https:\/\/latinoccu.org\/about-us\/mission\/meet-our-members\/\"},{\"@type\":\"ListItem\",\"position\":5,\"name\":\"Meet Juan\"}]},{\"@type\":\"WebSite\",\"@id\":\"https:\/\/latinoccu.org\/#website\",\"url\":\"https:\/\/latinoccu.org\/\",\"name\":\"latinoccu.org\",\"description\":\"\",\"potentialAction\":[{\"@type\":\"SearchAction\",\"target\":{\"@type\":\"EntryPoint\",\"urlTemplate\":\"https:\/\/latinoccu.org\/?s={search_term_string}\"},\"query-input\":{\"@type\":\"PropertyValueSpecification\",\"valueRequired\":true,\"valueName\":\"search_term_string\"}}],\"inLanguage\":\"es\"}]}<\/script>\n<!-- \/ Yoast SEO plugin. -->","yoast_head_json":{"title":"Meet Juan - latinoccu.org","robots":{"index":"index","follow":"follow","max-snippet":"max-snippet:-1","max-image-preview":"max-image-preview:large","max-video-preview":"max-video-preview:-1"},"canonical":"https:\/\/latinoccu.org\/es\/about-us\/mission\/meet-our-members\/meet-juan\/","og_locale":"es_MX","og_type":"article","og_title":"Meet Juan - latinoccu.org","og_description":"Unexpected Visits That Change Lives Juan D\u00edaz arrived from Honduras in 2006 with the hope of moving forward and building a better future. Three years later, in 2009, while doing laundry at a laundromat on South Boulevard, Juan and Nancy noticed a small office right next door. It was Latino Community Credit Union. \u201cWe walked [&hellip;]","og_url":"https:\/\/latinoccu.org\/es\/about-us\/mission\/meet-our-members\/meet-juan\/","og_site_name":"latinoccu.org","article_modified_time":"2025-12-18T23:46:52+00:00","og_image":[{"width":2560,"height":1707,"url":"https:\/\/latinoccu.org\/wp-content\/uploads\/2025\/12\/DSC_0897-scaled.jpg","type":"image\/jpeg"}],"twitter_card":"summary_large_image","twitter_misc":{"Tiempo de lectura":"3 minutos"},"schema":{"@context":"https:\/\/schema.org","@graph":[{"@type":"WebPage","@id":"https:\/\/latinoccu.org\/about-us\/mission\/meet-our-members\/meet-juan\/","url":"https:\/\/latinoccu.org\/about-us\/mission\/meet-our-members\/meet-juan\/","name":"Meet Juan - latinoccu.org","isPartOf":{"@id":"https:\/\/latinoccu.org\/#website"},"primaryImageOfPage":{"@id":"https:\/\/latinoccu.org\/about-us\/mission\/meet-our-members\/meet-juan\/#primaryimage"},"image":{"@id":"https:\/\/latinoccu.org\/about-us\/mission\/meet-our-members\/meet-juan\/#primaryimage"},"thumbnailUrl":"https:\/\/latinoccu.org\/wp-content\/uploads\/2025\/12\/DSC_0897-scaled.jpg","datePublished":"2025-12-18T23:29:35+00:00","dateModified":"2025-12-18T23:46:52+00:00","breadcrumb":{"@id":"https:\/\/latinoccu.org\/about-us\/mission\/meet-our-members\/meet-juan\/#breadcrumb"},"inLanguage":"es","potentialAction":[{"@type":"ReadAction","target":["https:\/\/latinoccu.org\/about-us\/mission\/meet-our-members\/meet-juan\/"]}]},{"@type":"ImageObject","inLanguage":"es","@id":"https:\/\/latinoccu.org\/about-us\/mission\/meet-our-members\/meet-juan\/#primaryimage","url":"https:\/\/latinoccu.org\/wp-content\/uploads\/2025\/12\/DSC_0897-scaled.jpg","contentUrl":"https:\/\/latinoccu.org\/wp-content\/uploads\/2025\/12\/DSC_0897-scaled.jpg","width":2560,"height":1707,"caption":"Member Juan and Wife Nancy"},{"@type":"BreadcrumbList","@id":"https:\/\/latinoccu.org\/about-us\/mission\/meet-our-members\/meet-juan\/#breadcrumb","itemListElement":[{"@type":"ListItem","position":1,"name":"Home","item":"https:\/\/latinoccu.org\/"},{"@type":"ListItem","position":2,"name":"About Us","item":"https:\/\/latinoccu.org\/about-us\/"},{"@type":"ListItem","position":3,"name":"Mission","item":"https:\/\/latinoccu.org\/about-us\/mission\/"},{"@type":"ListItem","position":4,"name":"Meet Our Members","item":"https:\/\/latinoccu.org\/about-us\/mission\/meet-our-members\/"},{"@type":"ListItem","position":5,"name":"Meet Juan"}]},{"@type":"WebSite","@id":"https:\/\/latinoccu.org\/#website","url":"https:\/\/latinoccu.org\/","name":"latinoccu.org","description":"","potentialAction":[{"@type":"SearchAction","target":{"@type":"EntryPoint","urlTemplate":"https:\/\/latinoccu.org\/?s={search_term_string}"},"query-input":{"@type":"PropertyValueSpecification","valueRequired":true,"valueName":"search_term_string"}}],"inLanguage":"es"}]}},"_links":{"self":[{"href":"https:\/\/latinoccu.org\/es\/wp-json\/wp\/v2\/pages\/21710","targetHints":{"allow":["GET"]}}],"collection":[{"href":"https:\/\/latinoccu.org\/es\/wp-json\/wp\/v2\/pages"}],"about":[{"href":"https:\/\/latinoccu.org\/es\/wp-json\/wp\/v2\/types\/page"}],"author":[{"embeddable":true,"href":"https:\/\/latinoccu.org\/es\/wp-json\/wp\/v2\/users\/3"}],"replies":[{"embeddable":true,"href":"https:\/\/latinoccu.org\/es\/wp-json\/wp\/v2\/comments?post=21710"}],"version-history":[{"count":0,"href":"https:\/\/latinoccu.org\/es\/wp-json\/wp\/v2\/pages\/21710\/revisions"}],"up":[{"embeddable":true,"href":"https:\/\/latinoccu.org\/es\/wp-json\/wp\/v2\/pages\/857"}],"wp:featuredmedia":[{"embeddable":true,"href":"https:\/\/latinoccu.org\/es\/wp-json\/wp\/v2\/media\/21712"}],"wp:attachment":[{"href":"https:\/\/latinoccu.org\/es\/wp-json\/wp\/v2\/media?parent=21710"}],"wp:term":[{"taxonomy":"page-structure","embeddable":true,"href":"https:\/\/latinoccu.org\/es\/wp-json\/wp\/v2\/page-structure?post=21710"},{"taxonomy":"sidebar-content","embeddable":true,"href":"https:\/\/latinoccu.org\/es\/wp-json\/wp\/v2\/sidebar-content?post=21710"}],"curies":[{"name":"wp","href":"https:\/\/api.w.org\/{rel}","templated":true}]}}