{"id":21597,"date":"2025-11-20T20:09:31","date_gmt":"2025-11-20T20:09:31","guid":{"rendered":"https:\/\/latinoccu.org\/?page_id=21597"},"modified":"2025-11-20T20:21:02","modified_gmt":"2025-11-20T20:21:02","slug":"meet-patricia","status":"publish","type":"page","link":"https:\/\/latinoccu.org\/es\/about-us\/mission\/meet-our-members\/meet-patricia\/","title":{"rendered":"Conoce a Patricia"},"content":{"rendered":"<div data-elementor-type=\"wp-page\" data-elementor-id=\"21597\" class=\"elementor elementor-21597\" data-elementor-post-type=\"page\">\n\t\t\t\t<div class=\"elementor-element elementor-element-2a79523 e-flex e-con-boxed e-con e-parent\" data-id=\"2a79523\" data-element_type=\"container\" data-e-type=\"container\">\n\t\t\t\t\t<div class=\"e-con-inner\">\n\t\t\t\t<div class=\"elementor-element elementor-element-8b651a3 elementor-widget elementor-widget-heading\" data-id=\"8b651a3\" data-element_type=\"widget\" data-e-type=\"widget\" data-widget_type=\"heading.default\">\n\t\t\t\t<div class=\"elementor-widget-container\">\n\t\t\t\t\t<h2 class=\"elementor-heading-title elementor-size-default\">Una vida que renace, una comunidad que se fortalece<\/h2>\t\t\t\t<\/div>\n\t\t\t\t<\/div>\n\t\t\t\t\t<\/div>\n\t\t\t\t<\/div>\n\t\t<div class=\"elementor-element elementor-element-84d19dd e-flex e-con-boxed e-con e-parent\" data-id=\"84d19dd\" data-element_type=\"container\" data-e-type=\"container\">\n\t\t\t\t\t<div class=\"e-con-inner\">\n\t\t\t\t<div class=\"elementor-element elementor-element-a2ab768 elementor-widget elementor-widget-text-editor\" data-id=\"a2ab768\" data-element_type=\"widget\" data-e-type=\"widget\" data-widget_type=\"text-editor.default\">\n\t\t\t\t<div class=\"elementor-widget-container\">\n\t\t\t\t\t\t\t\t\t<div><p>Patricia S\u00e1nchez lleg\u00f3 a Estados Unidos con el sue\u00f1o de empezar de nuevo. Originaria de M\u00e9xico, su trayectoria profesional hab\u00eda sido diversa, enfermera, maestra y ahora buscaba construir una nueva vida en un pa\u00eds diferente. Como muchos inmigrantes, no sab\u00eda qu\u00e9 esperar: nuevas leyes, nuevos sistemas, nuevos procesos\u2026 y muchas dudas. Pero tambi\u00e9n lleg\u00f3 con algo muy poderoso: la gu\u00eda de un amigo de la familia. Un amigo que conoc\u00eda de cerca a la cooperativa y que, viendo a la familia reci\u00e9n llegada, les dijo sin dudar:<span class=\"apple-converted-space\">\u00a0<\/span><em>\u201cTienen que ir a la Cooperativa Latina.\u201d<\/em><span class=\"apple-converted-space\">\u00a0<\/span>\u00c9l mismo hab\u00eda tra\u00eddo antes a otras personas para orientarlas y sab\u00eda que ah\u00ed encontrar\u00edan apoyo.<\/p><\/div><div><p>As\u00ed fue, sin cita, sin saber exactamente qu\u00e9 hacer, Patricia, su pap\u00e1 y su familia llegaron al branch de Greensboro. Desde el primer momento sintieron un trato c\u00e1lido y cercano. Les explicaron paso a paso c\u00f3mo abrir sus cuentas, c\u00f3mo solicitar su ITIN, c\u00f3mo empezar a construir una vida financiera segura en este nuevo pa\u00eds. Para Patricia, que ven\u00eda sin conocimiento de c\u00f3mo funcionaba el sistema financiero estadounidense, esa primera experiencia fue un alivio inmenso.<span class=\"apple-converted-space\">\u00a0<\/span><em>\u201cFue un peso menos\u2026\u201d,<\/em><span class=\"apple-converted-space\">\u00a0<\/span>recuerda. Alguien se tom\u00f3 el tiempo de responder cada una de sus dudas. Con el tiempo, su relaci\u00f3n con la cooperativa transform\u00f3 su vida de maneras que nunca hab\u00eda imaginado.<\/p><\/div>\t\t\t\t\t\t\t\t<\/div>\n\t\t\t\t<\/div>\n\t\t\t\t<div class=\"elementor-element elementor-element-db3e094 elementor-widget elementor-widget-gallery\" data-id=\"db3e094\" data-element_type=\"widget\" data-e-type=\"widget\" data-settings=\"{&quot;lazyload&quot;:&quot;yes&quot;,&quot;gallery_layout&quot;:&quot;grid&quot;,&quot;columns&quot;:4,&quot;columns_tablet&quot;:2,&quot;columns_mobile&quot;:1,&quot;gap&quot;:{&quot;unit&quot;:&quot;px&quot;,&quot;size&quot;:10,&quot;sizes&quot;:[]},&quot;gap_tablet&quot;:{&quot;unit&quot;:&quot;px&quot;,&quot;size&quot;:10,&quot;sizes&quot;:[]},&quot;gap_mobile&quot;:{&quot;unit&quot;:&quot;px&quot;,&quot;size&quot;:10,&quot;sizes&quot;:[]},&quot;link_to&quot;:&quot;file&quot;,&quot;aspect_ratio&quot;:&quot;3:2&quot;,&quot;overlay_background&quot;:&quot;yes&quot;,&quot;content_hover_animation&quot;:&quot;fade-in&quot;}\" data-widget_type=\"gallery.default\">\n\t\t\t\t<div class=\"elementor-widget-container\">\n\t\t\t\t\t\t\t<div class=\"elementor-gallery__container\">\n\t\t\t\t\t\t\t<a class=\"e-gallery-item elementor-gallery-item elementor-animated-content\" href=\"https:\/\/latinoccu.org\/wp-content\/uploads\/2025\/11\/DSC_1043-scaled.jpg\" data-elementor-open-lightbox=\"yes\" data-elementor-lightbox-slideshow=\"db3e094\" data-elementor-lightbox-title=\"DSC_1043\" data-e-action-hash=\"#elementor-action%3Aaction%3Dlightbox%26settings%3DeyJpZCI6MjE2MDAsInVybCI6Imh0dHBzOlwvXC9sYXRpbm9jY3Uub3JnXC93cC1jb250ZW50XC91cGxvYWRzXC8yMDI1XC8xMVwvRFNDXzEwNDMtc2NhbGVkLmpwZyIsInNsaWRlc2hvdyI6ImRiM2UwOTQifQ%3D%3D\">\n\t\t\t\t\t<div class=\"e-gallery-image elementor-gallery-item__image\" data-thumbnail=\"https:\/\/latinoccu.org\/wp-content\/uploads\/2025\/11\/DSC_1043-300x200.jpg\" data-width=\"300\" data-height=\"200\" aria-label=\"Member Patricia with LCCU staff\" role=\"img\" ><\/div>\n\t\t\t\t\t\t\t\t\t\t\t<div class=\"elementor-gallery-item__overlay\"><\/div>\n\t\t\t\t\t\t\t\t\t\t\t\t\t\t<\/a>\n\t\t\t\t\t\t\t<a class=\"e-gallery-item elementor-gallery-item elementor-animated-content\" href=\"https:\/\/latinoccu.org\/wp-content\/uploads\/2025\/11\/DSC_1059-scaled.jpg\" data-elementor-open-lightbox=\"yes\" data-elementor-lightbox-slideshow=\"db3e094\" data-elementor-lightbox-title=\"DSC_1059\" data-e-action-hash=\"#elementor-action%3Aaction%3Dlightbox%26settings%3DeyJpZCI6MjE2MDIsInVybCI6Imh0dHBzOlwvXC9sYXRpbm9jY3Uub3JnXC93cC1jb250ZW50XC91cGxvYWRzXC8yMDI1XC8xMVwvRFNDXzEwNTktc2NhbGVkLmpwZyIsInNsaWRlc2hvdyI6ImRiM2UwOTQifQ%3D%3D\">\n\t\t\t\t\t<div class=\"e-gallery-image elementor-gallery-item__image\" data-thumbnail=\"https:\/\/latinoccu.org\/wp-content\/uploads\/2025\/11\/DSC_1059-300x200.jpg\" data-width=\"300\" data-height=\"200\" aria-label=\"member Patricia portrait\" role=\"img\" ><\/div>\n\t\t\t\t\t\t\t\t\t\t\t<div class=\"elementor-gallery-item__overlay\"><\/div>\n\t\t\t\t\t\t\t\t\t\t\t\t\t\t<\/a>\n\t\t\t\t\t\t\t<a class=\"e-gallery-item elementor-gallery-item elementor-animated-content\" href=\"https:\/\/latinoccu.org\/wp-content\/uploads\/2025\/11\/DSC_1058-scaled.jpg\" data-elementor-open-lightbox=\"yes\" data-elementor-lightbox-slideshow=\"db3e094\" data-elementor-lightbox-title=\"DSC_1058\" data-e-action-hash=\"#elementor-action%3Aaction%3Dlightbox%26settings%3DeyJpZCI6MjE2MDMsInVybCI6Imh0dHBzOlwvXC9sYXRpbm9jY3Uub3JnXC93cC1jb250ZW50XC91cGxvYWRzXC8yMDI1XC8xMVwvRFNDXzEwNTgtc2NhbGVkLmpwZyIsInNsaWRlc2hvdyI6ImRiM2UwOTQifQ%3D%3D\">\n\t\t\t\t\t<div class=\"e-gallery-image elementor-gallery-item__image\" data-thumbnail=\"https:\/\/latinoccu.org\/wp-content\/uploads\/2025\/11\/DSC_1058-200x300.jpg\" data-width=\"200\" data-height=\"300\" aria-label=\"member Patricia\" role=\"img\" ><\/div>\n\t\t\t\t\t\t\t\t\t\t\t<div class=\"elementor-gallery-item__overlay\"><\/div>\n\t\t\t\t\t\t\t\t\t\t\t\t\t\t<\/a>\n\t\t\t\t\t\t\t<a class=\"e-gallery-item elementor-gallery-item elementor-animated-content\" href=\"https:\/\/latinoccu.org\/wp-content\/uploads\/2025\/11\/Image-2-e1763669718281.jpeg\" data-elementor-open-lightbox=\"yes\" data-elementor-lightbox-slideshow=\"db3e094\" data-elementor-lightbox-title=\"Image (2)\" data-e-action-hash=\"#elementor-action%3Aaction%3Dlightbox%26settings%3DeyJpZCI6MjE2MDQsInVybCI6Imh0dHBzOlwvXC9sYXRpbm9jY3Uub3JnXC93cC1jb250ZW50XC91cGxvYWRzXC8yMDI1XC8xMVwvSW1hZ2UtMi1lMTc2MzY2OTcxODI4MS5qcGVnIiwic2xpZGVzaG93IjoiZGIzZTA5NCJ9\">\n\t\t\t\t\t<div class=\"e-gallery-image elementor-gallery-item__image\" data-thumbnail=\"https:\/\/latinoccu.org\/wp-content\/uploads\/2025\/11\/Image-2-e1763669718281-205x300.jpeg\" data-width=\"205\" data-height=\"300\" aria-label=\"Member Patricia with Lccu staff during member appreciation day\" role=\"img\" ><\/div>\n\t\t\t\t\t\t\t\t\t\t\t<div class=\"elementor-gallery-item__overlay\"><\/div>\n\t\t\t\t\t\t\t\t\t\t\t\t\t\t<\/a>\n\t\t\t\t\t\t\t<a class=\"e-gallery-item elementor-gallery-item elementor-animated-content\" href=\"https:\/\/latinoccu.org\/wp-content\/uploads\/2025\/11\/Image-5.jpeg\" data-elementor-open-lightbox=\"yes\" data-elementor-lightbox-slideshow=\"db3e094\" data-elementor-lightbox-title=\"Image (5)\" data-e-action-hash=\"#elementor-action%3Aaction%3Dlightbox%26settings%3DeyJpZCI6MjE2MDUsInVybCI6Imh0dHBzOlwvXC9sYXRpbm9jY3Uub3JnXC93cC1jb250ZW50XC91cGxvYWRzXC8yMDI1XC8xMVwvSW1hZ2UtNS5qcGVnIiwic2xpZGVzaG93IjoiZGIzZTA5NCJ9\">\n\t\t\t\t\t<div class=\"e-gallery-image elementor-gallery-item__image\" data-thumbnail=\"https:\/\/latinoccu.org\/wp-content\/uploads\/2025\/11\/Image-5-300x225.jpeg\" data-width=\"300\" data-height=\"225\" aria-label=\"member Patricia with CEO during member appreciation day\" role=\"img\" ><\/div>\n\t\t\t\t\t\t\t\t\t\t\t<div class=\"elementor-gallery-item__overlay\"><\/div>\n\t\t\t\t\t\t\t\t\t\t\t\t\t\t<\/a>\n\t\t\t\t\t\t\t<a class=\"e-gallery-item elementor-gallery-item elementor-animated-content\" href=\"https:\/\/latinoccu.org\/wp-content\/uploads\/2025\/11\/shared-image.jpeg\" data-elementor-open-lightbox=\"yes\" data-elementor-lightbox-slideshow=\"db3e094\" data-elementor-lightbox-title=\"shared image\" data-e-action-hash=\"#elementor-action%3Aaction%3Dlightbox%26settings%3DeyJpZCI6MjE2MDYsInVybCI6Imh0dHBzOlwvXC9sYXRpbm9jY3Uub3JnXC93cC1jb250ZW50XC91cGxvYWRzXC8yMDI1XC8xMVwvc2hhcmVkLWltYWdlLmpwZWciLCJzbGlkZXNob3ciOiJkYjNlMDk0In0%3D\">\n\t\t\t\t\t<div class=\"e-gallery-image elementor-gallery-item__image\" data-thumbnail=\"https:\/\/latinoccu.org\/wp-content\/uploads\/2025\/11\/shared-image-300x225.jpeg\" data-width=\"300\" data-height=\"225\" aria-label=\"Members during financial education class at our Greensboro w market branch\" role=\"img\" ><\/div>\n\t\t\t\t\t\t\t\t\t\t\t<div class=\"elementor-gallery-item__overlay\"><\/div>\n\t\t\t\t\t\t\t\t\t\t\t\t\t\t<\/a>\n\t\t\t\t\t\t\t<a class=\"e-gallery-item elementor-gallery-item elementor-animated-content\" href=\"https:\/\/latinoccu.org\/wp-content\/uploads\/2025\/11\/PATRICIA-SANCHEZ-.-GREENSBORO-WEST-MARKET-2-scaled.jpg\" data-elementor-open-lightbox=\"yes\" data-elementor-lightbox-slideshow=\"db3e094\" data-elementor-lightbox-title=\"PATRICIA SANCHEZ . GREENSBORO WEST MARKET 2\" data-e-action-hash=\"#elementor-action%3Aaction%3Dlightbox%26settings%3DeyJpZCI6MjE2MDcsInVybCI6Imh0dHBzOlwvXC9sYXRpbm9jY3Uub3JnXC93cC1jb250ZW50XC91cGxvYWRzXC8yMDI1XC8xMVwvUEFUUklDSUEtU0FOQ0hFWi0uLUdSRUVOU0JPUk8tV0VTVC1NQVJLRVQtMi1zY2FsZWQuanBnIiwic2xpZGVzaG93IjoiZGIzZTA5NCJ9\">\n\t\t\t\t\t<div class=\"e-gallery-image elementor-gallery-item__image\" data-thumbnail=\"https:\/\/latinoccu.org\/wp-content\/uploads\/2025\/11\/PATRICIA-SANCHEZ-.-GREENSBORO-WEST-MARKET-2-300x200.jpg\" data-width=\"300\" data-height=\"200\" aria-label=\"member Patricia during financial education graduation\" role=\"img\" ><\/div>\n\t\t\t\t\t\t\t\t\t\t\t<div class=\"elementor-gallery-item__overlay\"><\/div>\n\t\t\t\t\t\t\t\t\t\t\t\t\t\t<\/a>\n\t\t\t\t\t\t\t<a class=\"e-gallery-item elementor-gallery-item elementor-animated-content\" href=\"https:\/\/latinoccu.org\/wp-content\/uploads\/2025\/11\/DSC_1048-scaled.jpg\" data-elementor-open-lightbox=\"yes\" data-elementor-lightbox-slideshow=\"db3e094\" data-elementor-lightbox-title=\"DSC_1048\" data-e-action-hash=\"#elementor-action%3Aaction%3Dlightbox%26settings%3DeyJpZCI6MjE2MDgsInVybCI6Imh0dHBzOlwvXC9sYXRpbm9jY3Uub3JnXC93cC1jb250ZW50XC91cGxvYWRzXC8yMDI1XC8xMVwvRFNDXzEwNDgtc2NhbGVkLmpwZyIsInNsaWRlc2hvdyI6ImRiM2UwOTQifQ%3D%3D\">\n\t\t\t\t\t<div class=\"e-gallery-image elementor-gallery-item__image\" data-thumbnail=\"https:\/\/latinoccu.org\/wp-content\/uploads\/2025\/11\/DSC_1048-300x200.jpg\" data-width=\"300\" data-height=\"200\" aria-label=\"member patricia inside Lccu branch with staff\" role=\"img\" ><\/div>\n\t\t\t\t\t\t\t\t\t\t\t<div class=\"elementor-gallery-item__overlay\"><\/div>\n\t\t\t\t\t\t\t\t\t\t\t\t\t\t<\/a>\n\t\t\t\t\t<\/div>\n\t\t\t\t\t<\/div>\n\t\t\t\t<\/div>\n\t\t\t\t<div class=\"elementor-element elementor-element-4067211 elementor-widget elementor-widget-text-editor\" data-id=\"4067211\" data-element_type=\"widget\" data-e-type=\"widget\" data-widget_type=\"text-editor.default\">\n\t\t\t\t<div class=\"elementor-widget-container\">\n\t\t\t\t\t\t\t\t\t<div><p>En M\u00e9xico, Patricia nunca pens\u00f3 que podr\u00eda comprar un carro propio. Pero ya en Estados Unidos, guiada por el equipo de la cooperativa, realiz\u00f3 su primer pr\u00e9stamo de auto. Descubri\u00f3 herramientas para ahorrar, como el programa de savings match, donde pudo duplicar parte de sus ahorros. Tom\u00f3 clases de educaci\u00f3n financiera y hasta se gradu\u00f3 de ellas, algo que la llen\u00f3 de orgullo y confianza. Aprendi\u00f3 sobre historial crediticio, algo totalmente nuevo para ella, y que termin\u00f3 siendo clave para rentar su casa, manejar sus gastos y apoyar a su hijo hacia un futuro mejor. Hoy, incluso \u00e9l tiene su propia cuenta ligada, un paso que Patricia considera fundamental para empezar a formar buenos h\u00e1bitos desde joven.<\/p><\/div><div><p><em>\u201cUno vive al d\u00eda\u2026 pero si no te preparas, las emergencias te agarran desprevenido.\u201d<\/em><span class=\"apple-converted-space\">\u00a0<\/span>Por eso, hoy ella transmite ese conocimiento no solo a su hijo, sino a muchas m\u00e1s personas en la comunidad. Patricia trabaja como Coordinadora de Educaci\u00f3n y Alcance Comunitario en FaithAction International House y en Mustard Seed Community Health, dos organizaciones que apoyan a inmigrantes y refugiados. Su misi\u00f3n diaria es conectar a las familias reci\u00e9n llegadas con recursos confiables. Y uno de esos recursos es, justamente, la Cooperativa Latina. El mismo apoyo que ella recibi\u00f3 al llegar, ahora ella lo ofrece a otros.<span class=\"apple-converted-space\">\u00a0<\/span><em>\u201cEs un honor traer a nuestros clientes a un lugar que s\u00e9 que es seguro, que s\u00e9 que los va a apoyar.\u201d<\/em><\/p><\/div><div><p>Patricia se ha convertido en una voz activa, recomendando a la cooperativa a familias que, como ella, llegan sin conocer el sistema financiero del pa\u00eds. Porque para ella, la cooperativa no es solo un lugar donde guarda su dinero. Es un hogar financiero, un espacio donde la entienden, la gu\u00edan y caminan a su lado. Y hoy, su historia sirve de gu\u00eda para muchos otros.<\/p><\/div>\t\t\t\t\t\t\t\t<\/div>\n\t\t\t\t<\/div>\n\t\t\t\t<div class=\"elementor-element elementor-element-bb669c9 e-transform elementor-widget elementor-widget-video\" data-id=\"bb669c9\" data-element_type=\"widget\" data-e-type=\"widget\" data-settings=\"{&quot;youtube_url&quot;:&quot;https:\\\/\\\/youtu.be\\\/oVQSruunhrU&quot;,&quot;_transform_scale_effect&quot;:{&quot;unit&quot;:&quot;px&quot;,&quot;size&quot;:0,&quot;sizes&quot;:[]},&quot;video_type&quot;:&quot;youtube&quot;,&quot;controls&quot;:&quot;yes&quot;,&quot;_transform_scale_effect_tablet&quot;:{&quot;unit&quot;:&quot;px&quot;,&quot;size&quot;:&quot;&quot;,&quot;sizes&quot;:[]},&quot;_transform_scale_effect_mobile&quot;:{&quot;unit&quot;:&quot;px&quot;,&quot;size&quot;:&quot;&quot;,&quot;sizes&quot;:[]}}\" data-widget_type=\"video.default\">\n\t\t\t\t<div class=\"elementor-widget-container\">\n\t\t\t\t\t\t\t<div class=\"elementor-wrapper elementor-open-inline\">\n\t\t\t<div class=\"elementor-video\"><\/div>\t\t<\/div>\n\t\t\t\t\t\t<\/div>\n\t\t\t\t<\/div>\n\t\t\t\t<div class=\"elementor-element elementor-element-6977967 elementor-align-center elementor-widget elementor-widget-button\" data-id=\"6977967\" data-element_type=\"widget\" data-e-type=\"widget\" data-widget_type=\"button.default\">\n\t\t\t\t<div class=\"elementor-widget-container\">\n\t\t\t\t\t\t\t\t\t<div class=\"elementor-button-wrapper\">\n\t\t\t\t\t<a class=\"elementor-button elementor-button-link elementor-size-sm\" href=\"https:\/\/latinoccu.org\/es\/about-us\/mission\/meet-our-members\/\">\n\t\t\t\t\t\t<span class=\"elementor-button-content-wrapper\">\n\t\t\t\t\t\t\t\t\t<span class=\"elementor-button-text\">Conoce a m\u00e1s socios<\/span>\n\t\t\t\t\t<\/span>\n\t\t\t\t\t<\/a>\n\t\t\t\t<\/div>\n\t\t\t\t\t\t\t\t<\/div>\n\t\t\t\t<\/div>\n\t\t\t\t\t<\/div>\n\t\t\t\t<\/div>\n\t\t\t\t<\/div>","protected":false},"excerpt":{"rendered":"<p>A Life Reborn, a Community Strengthened Patricia S\u00e1nchez arrived in the United States with the dream of starting over. Originally from Mexico, her professional path had been diverse: nurse, teacher, and now she was looking to build a new life in a different country. Like many immigrants, she didn\u2019t know what to expect: new laws, [&hellip;]<\/p>\n","protected":false},"author":3,"featured_media":21598,"parent":857,"menu_order":0,"comment_status":"closed","ping_status":"closed","template":"","meta":{"_acf_changed":false,"inline_featured_image":false,"footnotes":""},"page-structure":[],"sidebar-content":[],"class_list":["post-21597","page","type-page","status-publish","has-post-thumbnail","hentry"],"acf":[],"yoast_head":"<!-- This site is optimized with the Yoast SEO plugin v27.2 - https:\/\/yoast.com\/product\/yoast-seo-wordpress\/ -->\n<title>Meet Patricia - latinoccu.org<\/title>\n<meta name=\"robots\" content=\"index, follow, max-snippet:-1, max-image-preview:large, max-video-preview:-1\" \/>\n<link rel=\"canonical\" href=\"https:\/\/latinoccu.org\/es\/about-us\/mission\/meet-our-members\/meet-patricia\/\" \/>\n<meta property=\"og:locale\" content=\"es_MX\" \/>\n<meta property=\"og:type\" content=\"article\" \/>\n<meta property=\"og:title\" content=\"Meet Patricia - latinoccu.org\" \/>\n<meta property=\"og:description\" content=\"A Life Reborn, a Community Strengthened Patricia S\u00e1nchez arrived in the United States with the dream of starting over. Originally from Mexico, her professional path had been diverse: nurse, teacher, and now she was looking to build a new life in a different country. Like many immigrants, she didn\u2019t know what to expect: new laws, [&hellip;]\" \/>\n<meta property=\"og:url\" content=\"https:\/\/latinoccu.org\/es\/about-us\/mission\/meet-our-members\/meet-patricia\/\" \/>\n<meta property=\"og:site_name\" content=\"latinoccu.org\" \/>\n<meta property=\"article:modified_time\" content=\"2025-11-20T20:21:02+00:00\" \/>\n<meta property=\"og:image\" content=\"https:\/\/latinoccu.org\/wp-content\/uploads\/2025\/11\/DSC_1056-scaled.jpg\" \/>\n\t<meta property=\"og:image:width\" content=\"2560\" \/>\n\t<meta property=\"og:image:height\" content=\"1707\" \/>\n\t<meta property=\"og:image:type\" content=\"image\/jpeg\" \/>\n<meta name=\"twitter:card\" content=\"summary_large_image\" \/>\n<meta name=\"twitter:label1\" content=\"Tiempo de lectura\" \/>\n\t<meta name=\"twitter:data1\" content=\"3 minutos\" \/>\n<script type=\"application\/ld+json\" class=\"yoast-schema-graph\">{\"@context\":\"https:\/\/schema.org\",\"@graph\":[{\"@type\":\"WebPage\",\"@id\":\"https:\/\/latinoccu.org\/about-us\/mission\/meet-our-members\/meet-patricia\/\",\"url\":\"https:\/\/latinoccu.org\/about-us\/mission\/meet-our-members\/meet-patricia\/\",\"name\":\"Meet Patricia - latinoccu.org\",\"isPartOf\":{\"@id\":\"https:\/\/latinoccu.org\/#website\"},\"primaryImageOfPage\":{\"@id\":\"https:\/\/latinoccu.org\/about-us\/mission\/meet-our-members\/meet-patricia\/#primaryimage\"},\"image\":{\"@id\":\"https:\/\/latinoccu.org\/about-us\/mission\/meet-our-members\/meet-patricia\/#primaryimage\"},\"thumbnailUrl\":\"https:\/\/latinoccu.org\/wp-content\/uploads\/2025\/11\/DSC_1056-scaled.jpg\",\"datePublished\":\"2025-11-20T20:09:31+00:00\",\"dateModified\":\"2025-11-20T20:21:02+00:00\",\"breadcrumb\":{\"@id\":\"https:\/\/latinoccu.org\/about-us\/mission\/meet-our-members\/meet-patricia\/#breadcrumb\"},\"inLanguage\":\"es\",\"potentialAction\":[{\"@type\":\"ReadAction\",\"target\":[\"https:\/\/latinoccu.org\/about-us\/mission\/meet-our-members\/meet-patricia\/\"]}]},{\"@type\":\"ImageObject\",\"inLanguage\":\"es\",\"@id\":\"https:\/\/latinoccu.org\/about-us\/mission\/meet-our-members\/meet-patricia\/#primaryimage\",\"url\":\"https:\/\/latinoccu.org\/wp-content\/uploads\/2025\/11\/DSC_1056-scaled.jpg\",\"contentUrl\":\"https:\/\/latinoccu.org\/wp-content\/uploads\/2025\/11\/DSC_1056-scaled.jpg\",\"width\":2560,\"height\":1707,\"caption\":\"Member Patricia outside Lccu branch\"},{\"@type\":\"BreadcrumbList\",\"@id\":\"https:\/\/latinoccu.org\/about-us\/mission\/meet-our-members\/meet-patricia\/#breadcrumb\",\"itemListElement\":[{\"@type\":\"ListItem\",\"position\":1,\"name\":\"Home\",\"item\":\"https:\/\/latinoccu.org\/\"},{\"@type\":\"ListItem\",\"position\":2,\"name\":\"About Us\",\"item\":\"https:\/\/latinoccu.org\/about-us\/\"},{\"@type\":\"ListItem\",\"position\":3,\"name\":\"Mission\",\"item\":\"https:\/\/latinoccu.org\/about-us\/mission\/\"},{\"@type\":\"ListItem\",\"position\":4,\"name\":\"Meet Our Members\",\"item\":\"https:\/\/latinoccu.org\/about-us\/mission\/meet-our-members\/\"},{\"@type\":\"ListItem\",\"position\":5,\"name\":\"Meet Patricia\"}]},{\"@type\":\"WebSite\",\"@id\":\"https:\/\/latinoccu.org\/#website\",\"url\":\"https:\/\/latinoccu.org\/\",\"name\":\"latinoccu.org\",\"description\":\"\",\"potentialAction\":[{\"@type\":\"SearchAction\",\"target\":{\"@type\":\"EntryPoint\",\"urlTemplate\":\"https:\/\/latinoccu.org\/?s={search_term_string}\"},\"query-input\":{\"@type\":\"PropertyValueSpecification\",\"valueRequired\":true,\"valueName\":\"search_term_string\"}}],\"inLanguage\":\"es\"}]}<\/script>\n<!-- \/ Yoast SEO plugin. -->","yoast_head_json":{"title":"Meet Patricia - latinoccu.org","robots":{"index":"index","follow":"follow","max-snippet":"max-snippet:-1","max-image-preview":"max-image-preview:large","max-video-preview":"max-video-preview:-1"},"canonical":"https:\/\/latinoccu.org\/es\/about-us\/mission\/meet-our-members\/meet-patricia\/","og_locale":"es_MX","og_type":"article","og_title":"Meet Patricia - latinoccu.org","og_description":"A Life Reborn, a Community Strengthened Patricia S\u00e1nchez arrived in the United States with the dream of starting over. Originally from Mexico, her professional path had been diverse: nurse, teacher, and now she was looking to build a new life in a different country. Like many immigrants, she didn\u2019t know what to expect: new laws, [&hellip;]","og_url":"https:\/\/latinoccu.org\/es\/about-us\/mission\/meet-our-members\/meet-patricia\/","og_site_name":"latinoccu.org","article_modified_time":"2025-11-20T20:21:02+00:00","og_image":[{"width":2560,"height":1707,"url":"https:\/\/latinoccu.org\/wp-content\/uploads\/2025\/11\/DSC_1056-scaled.jpg","type":"image\/jpeg"}],"twitter_card":"summary_large_image","twitter_misc":{"Tiempo de lectura":"3 minutos"},"schema":{"@context":"https:\/\/schema.org","@graph":[{"@type":"WebPage","@id":"https:\/\/latinoccu.org\/about-us\/mission\/meet-our-members\/meet-patricia\/","url":"https:\/\/latinoccu.org\/about-us\/mission\/meet-our-members\/meet-patricia\/","name":"Meet Patricia - latinoccu.org","isPartOf":{"@id":"https:\/\/latinoccu.org\/#website"},"primaryImageOfPage":{"@id":"https:\/\/latinoccu.org\/about-us\/mission\/meet-our-members\/meet-patricia\/#primaryimage"},"image":{"@id":"https:\/\/latinoccu.org\/about-us\/mission\/meet-our-members\/meet-patricia\/#primaryimage"},"thumbnailUrl":"https:\/\/latinoccu.org\/wp-content\/uploads\/2025\/11\/DSC_1056-scaled.jpg","datePublished":"2025-11-20T20:09:31+00:00","dateModified":"2025-11-20T20:21:02+00:00","breadcrumb":{"@id":"https:\/\/latinoccu.org\/about-us\/mission\/meet-our-members\/meet-patricia\/#breadcrumb"},"inLanguage":"es","potentialAction":[{"@type":"ReadAction","target":["https:\/\/latinoccu.org\/about-us\/mission\/meet-our-members\/meet-patricia\/"]}]},{"@type":"ImageObject","inLanguage":"es","@id":"https:\/\/latinoccu.org\/about-us\/mission\/meet-our-members\/meet-patricia\/#primaryimage","url":"https:\/\/latinoccu.org\/wp-content\/uploads\/2025\/11\/DSC_1056-scaled.jpg","contentUrl":"https:\/\/latinoccu.org\/wp-content\/uploads\/2025\/11\/DSC_1056-scaled.jpg","width":2560,"height":1707,"caption":"Member Patricia outside Lccu branch"},{"@type":"BreadcrumbList","@id":"https:\/\/latinoccu.org\/about-us\/mission\/meet-our-members\/meet-patricia\/#breadcrumb","itemListElement":[{"@type":"ListItem","position":1,"name":"Home","item":"https:\/\/latinoccu.org\/"},{"@type":"ListItem","position":2,"name":"About Us","item":"https:\/\/latinoccu.org\/about-us\/"},{"@type":"ListItem","position":3,"name":"Mission","item":"https:\/\/latinoccu.org\/about-us\/mission\/"},{"@type":"ListItem","position":4,"name":"Meet Our Members","item":"https:\/\/latinoccu.org\/about-us\/mission\/meet-our-members\/"},{"@type":"ListItem","position":5,"name":"Meet Patricia"}]},{"@type":"WebSite","@id":"https:\/\/latinoccu.org\/#website","url":"https:\/\/latinoccu.org\/","name":"latinoccu.org","description":"","potentialAction":[{"@type":"SearchAction","target":{"@type":"EntryPoint","urlTemplate":"https:\/\/latinoccu.org\/?s={search_term_string}"},"query-input":{"@type":"PropertyValueSpecification","valueRequired":true,"valueName":"search_term_string"}}],"inLanguage":"es"}]}},"_links":{"self":[{"href":"https:\/\/latinoccu.org\/es\/wp-json\/wp\/v2\/pages\/21597","targetHints":{"allow":["GET"]}}],"collection":[{"href":"https:\/\/latinoccu.org\/es\/wp-json\/wp\/v2\/pages"}],"about":[{"href":"https:\/\/latinoccu.org\/es\/wp-json\/wp\/v2\/types\/page"}],"author":[{"embeddable":true,"href":"https:\/\/latinoccu.org\/es\/wp-json\/wp\/v2\/users\/3"}],"replies":[{"embeddable":true,"href":"https:\/\/latinoccu.org\/es\/wp-json\/wp\/v2\/comments?post=21597"}],"version-history":[{"count":0,"href":"https:\/\/latinoccu.org\/es\/wp-json\/wp\/v2\/pages\/21597\/revisions"}],"up":[{"embeddable":true,"href":"https:\/\/latinoccu.org\/es\/wp-json\/wp\/v2\/pages\/857"}],"wp:featuredmedia":[{"embeddable":true,"href":"https:\/\/latinoccu.org\/es\/wp-json\/wp\/v2\/media\/21598"}],"wp:attachment":[{"href":"https:\/\/latinoccu.org\/es\/wp-json\/wp\/v2\/media?parent=21597"}],"wp:term":[{"taxonomy":"page-structure","embeddable":true,"href":"https:\/\/latinoccu.org\/es\/wp-json\/wp\/v2\/page-structure?post=21597"},{"taxonomy":"sidebar-content","embeddable":true,"href":"https:\/\/latinoccu.org\/es\/wp-json\/wp\/v2\/sidebar-content?post=21597"}],"curies":[{"name":"wp","href":"https:\/\/api.w.org\/{rel}","templated":true}]}}