{"id":21510,"date":"2025-11-16T20:33:58","date_gmt":"2025-11-16T20:33:58","guid":{"rendered":"https:\/\/latinoccu.org\/?page_id=21510"},"modified":"2025-11-17T01:26:32","modified_gmt":"2025-11-17T01:26:32","slug":"meet-don-manuel","status":"publish","type":"page","link":"https:\/\/latinoccu.org\/es\/about-us\/mission\/meet-our-members\/meet-don-manuel\/","title":{"rendered":"Conoce a Don Manuel"},"content":{"rendered":"<div data-elementor-type=\"wp-page\" data-elementor-id=\"21510\" class=\"elementor elementor-21510\" data-elementor-post-type=\"page\">\n\t\t\t\t<div class=\"elementor-element elementor-element-acd1c95 e-flex e-con-boxed e-con e-parent\" data-id=\"acd1c95\" data-element_type=\"container\" data-e-type=\"container\">\n\t\t\t\t\t<div class=\"e-con-inner\">\n\t\t\t\t<div class=\"elementor-element elementor-element-27c805e elementor-widget elementor-widget-heading\" data-id=\"27c805e\" data-element_type=\"widget\" data-e-type=\"widget\" data-widget_type=\"heading.default\">\n\t\t\t\t<div class=\"elementor-widget-container\">\n\t\t\t\t\t<h2 class=\"elementor-heading-title elementor-size-default\">El Trabajo Es Salud<\/h2>\t\t\t\t<\/div>\n\t\t\t\t<\/div>\n\t\t\t\t\t<\/div>\n\t\t\t\t<\/div>\n\t\t<div class=\"elementor-element elementor-element-f0ffa8f e-flex e-con-boxed e-con e-parent\" data-id=\"f0ffa8f\" data-element_type=\"container\" data-e-type=\"container\">\n\t\t\t\t\t<div class=\"e-con-inner\">\n\t\t\t\t<div class=\"elementor-element elementor-element-2ad5a3d elementor-widget elementor-widget-image\" data-id=\"2ad5a3d\" data-element_type=\"widget\" data-e-type=\"widget\" data-widget_type=\"image.default\">\n\t\t\t\t<div class=\"elementor-widget-container\">\n\t\t\t\t\t\t\t\t\t\t\t\t\t\t\t<img fetchpriority=\"high\" decoding=\"async\" width=\"768\" height=\"512\" src=\"https:\/\/latinoccu.org\/wp-content\/uploads\/2025\/11\/DSC_0459-768x512.jpg\" class=\"attachment-medium_large size-medium_large wp-image-21525\" alt=\"member Manuel with LCCU staff\" srcset=\"https:\/\/latinoccu.org\/wp-content\/uploads\/2025\/11\/DSC_0459-768x512.jpg 768w, https:\/\/latinoccu.org\/wp-content\/uploads\/2025\/11\/DSC_0459-300x200.jpg 300w, https:\/\/latinoccu.org\/wp-content\/uploads\/2025\/11\/DSC_0459-1024x683.jpg 1024w, https:\/\/latinoccu.org\/wp-content\/uploads\/2025\/11\/DSC_0459-1536x1024.jpg 1536w, https:\/\/latinoccu.org\/wp-content\/uploads\/2025\/11\/DSC_0459-2048x1365.jpg 2048w, https:\/\/latinoccu.org\/wp-content\/uploads\/2025\/11\/DSC_0459-18x12.jpg 18w\" sizes=\"(max-width: 768px) 100vw, 768px\" \/>\t\t\t\t\t\t\t\t\t\t\t\t\t\t\t<\/div>\n\t\t\t\t<\/div>\n\t\t\t\t<div class=\"elementor-element elementor-element-27eca27 elementor-widget elementor-widget-text-editor\" data-id=\"27eca27\" data-element_type=\"widget\" data-e-type=\"widget\" data-widget_type=\"text-editor.default\">\n\t\t\t\t<div class=\"elementor-widget-container\">\n\t\t\t\t\t\t\t\t\t<p><span data-contrast=\"none\">Cada viernes, sin falta y con puntualidad admirable, Don Manuel llega a nuestra sucursal antes de las 9:00 de la ma\u00f1ana. Nos espera en la puerta, siempre con una sonrisa, aunque venga cansado de una semana de trabajo arduo en un lugar poco com\u00fan: un crematorio. Para muchos, imaginar ese oficio ser\u00eda demasiado duro; para \u00e9l, es un trabajo que realiza con respeto y dignidad, asegur\u00e1ndose de que todo est\u00e9 limpio y en orden para recibir a las familias en su momento m\u00e1s dif\u00edcil. \u201cEs un trabajo como cualquiera\u201d, dice con sencillez. \u201cA m\u00ed lo que me motiva es que la familia llegue y encuentre todo bien arreglado, como en su casa\u201d. Esa es su filosof\u00eda: el trabajo bien hecho, con cari\u00f1o, como un acto de servicio hacia los dem\u00e1s.<\/span><span data-ccp-props=\"{&quot;134233117&quot;:true,&quot;134233118&quot;:true}\">\u00a0<\/span><\/p>\t\t\t\t\t\t\t\t<\/div>\n\t\t\t\t<\/div>\n\t\t<div class=\"elementor-element elementor-element-aec3489 e-grid e-con-full e-con e-child\" data-id=\"aec3489\" data-element_type=\"container\" data-e-type=\"container\">\n\t\t\t\t<div class=\"elementor-element elementor-element-c102688 elementor-widget elementor-widget-image\" data-id=\"c102688\" data-element_type=\"widget\" data-e-type=\"widget\" data-widget_type=\"image.default\">\n\t\t\t\t<div class=\"elementor-widget-container\">\n\t\t\t\t\t\t\t\t\t\t\t\t\t\t\t<img decoding=\"async\" width=\"768\" height=\"1152\" src=\"https:\/\/latinoccu.org\/wp-content\/uploads\/2025\/11\/DSC_0449-768x1152.jpg\" class=\"attachment-medium_large size-medium_large wp-image-21523\" alt=\"member Don Manuel inside branch\" srcset=\"https:\/\/latinoccu.org\/wp-content\/uploads\/2025\/11\/DSC_0449-768x1152.jpg 768w, https:\/\/latinoccu.org\/wp-content\/uploads\/2025\/11\/DSC_0449-200x300.jpg 200w, https:\/\/latinoccu.org\/wp-content\/uploads\/2025\/11\/DSC_0449-683x1024.jpg 683w, https:\/\/latinoccu.org\/wp-content\/uploads\/2025\/11\/DSC_0449-1024x1536.jpg 1024w, https:\/\/latinoccu.org\/wp-content\/uploads\/2025\/11\/DSC_0449-1365x2048.jpg 1365w, https:\/\/latinoccu.org\/wp-content\/uploads\/2025\/11\/DSC_0449-8x12.jpg 8w, https:\/\/latinoccu.org\/wp-content\/uploads\/2025\/11\/DSC_0449-scaled.jpg 1707w\" sizes=\"(max-width: 768px) 100vw, 768px\" \/>\t\t\t\t\t\t\t\t\t\t\t\t\t\t\t<\/div>\n\t\t\t\t<\/div>\n\t\t\t\t<div class=\"elementor-element elementor-element-df12630 elementor-widget elementor-widget-text-editor\" data-id=\"df12630\" data-element_type=\"widget\" data-e-type=\"widget\" data-widget_type=\"text-editor.default\">\n\t\t\t\t<div class=\"elementor-widget-container\">\n\t\t\t\t\t\t\t\t\t<p><span data-contrast=\"none\">Originario de Aguascalientes, criado en Ciudad de M\u00e9xico, Don Manuel lleg\u00f3 a la<\/span>Latino Community Credit Union<span data-contrast=\"none\">en el 2004. Primero conoci\u00f3 la sucursal de Raleigh en Wake Forest Rd. y con el tiempo encontr\u00f3 en Garner la oficina que lo acompa\u00f1a hasta hoy. \u00c9l lo resume con humildad: \u201cDesde que empec\u00e9, me han ayudado y siempre me han tratado bien\u201d.<\/span><span data-ccp-props=\"{&quot;134233117&quot;:true,&quot;134233118&quot;:true}\">\u00a0<\/span><span data-contrast=\"none\">Pero Don Manuel no es solo un socio fiel; es parte de la familia. Todos lo conocen por su nombre. Su presencia cada viernes inspira confianza, y su ausencia se siente. \u201cAqu\u00ed me siento como en casa\u201d, nos comparte. Y as\u00ed es: \u00e9l nos ha regalado m\u00e1s de veinte a\u00f1os de lealtad, y sonrisas.<\/span><span data-ccp-props=\"{&quot;134233117&quot;:true,&quot;134233118&quot;:true}\">\u00a0<\/span><\/p><p><span data-contrast=\"none\">A sus 79 a\u00f1os, Don Manuel est\u00e1 pensando en el retiro. \u201cYa me siento cansado\u201d, admite, aunque su energ\u00eda y su buen humor desmienten esas palabras. Despu\u00e9s de 21 a\u00f1os trabajando en la funeraria, planea descansar, disfrutar de su familia, tres hijos y una hija. Comparte consejos con los m\u00e1s j\u00f3venes para una vida larga y feliz: \u201cEl trabajo es salud. Cuando uno tiene la mente ocupada, se olvida de todo lo malo. A los j\u00f3venes les digo: estudien, trabajen, y busquen algo que les guste. Ah\u00ed est\u00e1 la clave\u201d.<\/span><span data-ccp-props=\"{&quot;134233117&quot;:true,&quot;134233118&quot;:true}\">\u00a0<\/span><\/p>\t\t\t\t\t\t\t\t<\/div>\n\t\t\t\t<\/div>\n\t\t\t\t<\/div>\n\t\t\t\t<div class=\"elementor-element elementor-element-81eb7ca elementor-widget elementor-widget-text-editor\" data-id=\"81eb7ca\" data-element_type=\"widget\" data-e-type=\"widget\" data-widget_type=\"text-editor.default\">\n\t\t\t\t<div class=\"elementor-widget-container\">\n\t\t\t\t\t\t\t\t\t<p><span data-contrast=\"none\">Su historia no es de riquezas materiales ni de grandes inversiones. Es la historia de alguien que ha sabido sostenerse con resiliencia, dignidad y cari\u00f1o por la vida. Es la historia de quien nos recuerda que nuestra labor no es solo financiera, sino profundamente humana. Porque cada viernes que lo vimos cruzar la puerta con una sonrisa, nos ense\u00f1\u00f3 que la perseverancia, la humildad y el trabajo son tambi\u00e9n formas de riqueza.<\/span><span data-ccp-props=\"{&quot;134233117&quot;:true,&quot;134233118&quot;:true}\">\u00a0<\/span><\/p>\t\t\t\t\t\t\t\t<\/div>\n\t\t\t\t<\/div>\n\t\t\t\t<div class=\"elementor-element elementor-element-7b68c78 e-transform elementor-widget elementor-widget-video\" data-id=\"7b68c78\" data-element_type=\"widget\" data-e-type=\"widget\" data-settings=\"{&quot;youtube_url&quot;:&quot;https:\\\/\\\/youtu.be\\\/eWarAOl-5lY&quot;,&quot;_transform_scale_effect&quot;:{&quot;unit&quot;:&quot;px&quot;,&quot;size&quot;:0,&quot;sizes&quot;:[]},&quot;video_type&quot;:&quot;youtube&quot;,&quot;controls&quot;:&quot;yes&quot;,&quot;_transform_scale_effect_tablet&quot;:{&quot;unit&quot;:&quot;px&quot;,&quot;size&quot;:&quot;&quot;,&quot;sizes&quot;:[]},&quot;_transform_scale_effect_mobile&quot;:{&quot;unit&quot;:&quot;px&quot;,&quot;size&quot;:&quot;&quot;,&quot;sizes&quot;:[]}}\" data-widget_type=\"video.default\">\n\t\t\t\t<div class=\"elementor-widget-container\">\n\t\t\t\t\t\t\t<div class=\"elementor-wrapper elementor-open-inline\">\n\t\t\t<div class=\"elementor-video\"><\/div>\t\t<\/div>\n\t\t\t\t\t\t<\/div>\n\t\t\t\t<\/div>\n\t\t\t\t<div class=\"elementor-element elementor-element-74f60a0 elementor-align-center elementor-widget elementor-widget-button\" data-id=\"74f60a0\" data-element_type=\"widget\" data-e-type=\"widget\" data-widget_type=\"button.default\">\n\t\t\t\t<div class=\"elementor-widget-container\">\n\t\t\t\t\t\t\t\t\t<div class=\"elementor-button-wrapper\">\n\t\t\t\t\t<a class=\"elementor-button elementor-button-link elementor-size-sm\" href=\"https:\/\/latinoccu.org\/es\/about-us\/mission\/meet-our-members\/\">\n\t\t\t\t\t\t<span class=\"elementor-button-content-wrapper\">\n\t\t\t\t\t\t\t\t\t<span class=\"elementor-button-text\">Conoce a m\u00e1s socios<\/span>\n\t\t\t\t\t<\/span>\n\t\t\t\t\t<\/a>\n\t\t\t\t<\/div>\n\t\t\t\t\t\t\t\t<\/div>\n\t\t\t\t<\/div>\n\t\t\t\t\t<\/div>\n\t\t\t\t<\/div>\n\t\t\t\t<\/div>","protected":false},"excerpt":{"rendered":"<p>Work Is Health Every Friday, without fail and with admirable punctuality, Don Manuel arrives at our branch before 9:00 in the morning. He waits for us at the door, always with a smile, even if he\u2019s tired from a long week of hard work in an unusual place: a crematory. For many, imagining that job [&hellip;]<\/p>\n","protected":false},"author":3,"featured_media":21511,"parent":857,"menu_order":0,"comment_status":"closed","ping_status":"closed","template":"","meta":{"_acf_changed":false,"inline_featured_image":false,"footnotes":""},"page-structure":[],"sidebar-content":[],"class_list":["post-21510","page","type-page","status-publish","has-post-thumbnail","hentry"],"acf":[],"yoast_head":"<!-- This site is optimized with the Yoast SEO plugin v27.2 - https:\/\/yoast.com\/product\/yoast-seo-wordpress\/ -->\n<title>Meet Don Manuel - latinoccu.org<\/title>\n<meta name=\"robots\" content=\"index, follow, max-snippet:-1, max-image-preview:large, max-video-preview:-1\" \/>\n<link rel=\"canonical\" href=\"https:\/\/latinoccu.org\/es\/about-us\/mission\/meet-our-members\/meet-don-manuel\/\" \/>\n<meta property=\"og:locale\" content=\"es_MX\" \/>\n<meta property=\"og:type\" content=\"article\" \/>\n<meta property=\"og:title\" content=\"Meet Don Manuel - latinoccu.org\" \/>\n<meta property=\"og:description\" content=\"Work Is Health Every Friday, without fail and with admirable punctuality, Don Manuel arrives at our branch before 9:00 in the morning. He waits for us at the door, always with a smile, even if he\u2019s tired from a long week of hard work in an unusual place: a crematory. For many, imagining that job [&hellip;]\" \/>\n<meta property=\"og:url\" content=\"https:\/\/latinoccu.org\/es\/about-us\/mission\/meet-our-members\/meet-don-manuel\/\" \/>\n<meta property=\"og:site_name\" content=\"latinoccu.org\" \/>\n<meta property=\"article:modified_time\" content=\"2025-11-17T01:26:32+00:00\" \/>\n<meta property=\"og:image\" content=\"https:\/\/latinoccu.org\/wp-content\/uploads\/2025\/11\/DSC_0429-scaled.jpg\" \/>\n\t<meta property=\"og:image:width\" content=\"2560\" \/>\n\t<meta property=\"og:image:height\" content=\"1707\" \/>\n\t<meta property=\"og:image:type\" content=\"image\/jpeg\" \/>\n<meta name=\"twitter:card\" content=\"summary_large_image\" \/>\n<meta name=\"twitter:label1\" content=\"Tiempo de lectura\" \/>\n\t<meta name=\"twitter:data1\" content=\"3 minutos\" \/>\n<script type=\"application\/ld+json\" class=\"yoast-schema-graph\">{\"@context\":\"https:\/\/schema.org\",\"@graph\":[{\"@type\":\"WebPage\",\"@id\":\"https:\/\/latinoccu.org\/about-us\/mission\/meet-our-members\/meet-don-manuel\/\",\"url\":\"https:\/\/latinoccu.org\/about-us\/mission\/meet-our-members\/meet-don-manuel\/\",\"name\":\"Meet Don Manuel - latinoccu.org\",\"isPartOf\":{\"@id\":\"https:\/\/latinoccu.org\/#website\"},\"primaryImageOfPage\":{\"@id\":\"https:\/\/latinoccu.org\/about-us\/mission\/meet-our-members\/meet-don-manuel\/#primaryimage\"},\"image\":{\"@id\":\"https:\/\/latinoccu.org\/about-us\/mission\/meet-our-members\/meet-don-manuel\/#primaryimage\"},\"thumbnailUrl\":\"https:\/\/latinoccu.org\/wp-content\/uploads\/2025\/11\/DSC_0429-scaled.jpg\",\"datePublished\":\"2025-11-16T20:33:58+00:00\",\"dateModified\":\"2025-11-17T01:26:32+00:00\",\"breadcrumb\":{\"@id\":\"https:\/\/latinoccu.org\/about-us\/mission\/meet-our-members\/meet-don-manuel\/#breadcrumb\"},\"inLanguage\":\"es\",\"potentialAction\":[{\"@type\":\"ReadAction\",\"target\":[\"https:\/\/latinoccu.org\/about-us\/mission\/meet-our-members\/meet-don-manuel\/\"]}]},{\"@type\":\"ImageObject\",\"inLanguage\":\"es\",\"@id\":\"https:\/\/latinoccu.org\/about-us\/mission\/meet-our-members\/meet-don-manuel\/#primaryimage\",\"url\":\"https:\/\/latinoccu.org\/wp-content\/uploads\/2025\/11\/DSC_0429-scaled.jpg\",\"contentUrl\":\"https:\/\/latinoccu.org\/wp-content\/uploads\/2025\/11\/DSC_0429-scaled.jpg\",\"width\":2560,\"height\":1707,\"caption\":\"Member Manuel inside Lccu branch\"},{\"@type\":\"BreadcrumbList\",\"@id\":\"https:\/\/latinoccu.org\/about-us\/mission\/meet-our-members\/meet-don-manuel\/#breadcrumb\",\"itemListElement\":[{\"@type\":\"ListItem\",\"position\":1,\"name\":\"Home\",\"item\":\"https:\/\/latinoccu.org\/\"},{\"@type\":\"ListItem\",\"position\":2,\"name\":\"About Us\",\"item\":\"https:\/\/latinoccu.org\/about-us\/\"},{\"@type\":\"ListItem\",\"position\":3,\"name\":\"Mission\",\"item\":\"https:\/\/latinoccu.org\/about-us\/mission\/\"},{\"@type\":\"ListItem\",\"position\":4,\"name\":\"Meet Our Members\",\"item\":\"https:\/\/latinoccu.org\/about-us\/mission\/meet-our-members\/\"},{\"@type\":\"ListItem\",\"position\":5,\"name\":\"Meet Don Manuel\"}]},{\"@type\":\"WebSite\",\"@id\":\"https:\/\/latinoccu.org\/#website\",\"url\":\"https:\/\/latinoccu.org\/\",\"name\":\"latinoccu.org\",\"description\":\"\",\"potentialAction\":[{\"@type\":\"SearchAction\",\"target\":{\"@type\":\"EntryPoint\",\"urlTemplate\":\"https:\/\/latinoccu.org\/?s={search_term_string}\"},\"query-input\":{\"@type\":\"PropertyValueSpecification\",\"valueRequired\":true,\"valueName\":\"search_term_string\"}}],\"inLanguage\":\"es\"}]}<\/script>\n<!-- \/ Yoast SEO plugin. -->","yoast_head_json":{"title":"Meet Don Manuel - latinoccu.org","robots":{"index":"index","follow":"follow","max-snippet":"max-snippet:-1","max-image-preview":"max-image-preview:large","max-video-preview":"max-video-preview:-1"},"canonical":"https:\/\/latinoccu.org\/es\/about-us\/mission\/meet-our-members\/meet-don-manuel\/","og_locale":"es_MX","og_type":"article","og_title":"Meet Don Manuel - latinoccu.org","og_description":"Work Is Health Every Friday, without fail and with admirable punctuality, Don Manuel arrives at our branch before 9:00 in the morning. He waits for us at the door, always with a smile, even if he\u2019s tired from a long week of hard work in an unusual place: a crematory. For many, imagining that job [&hellip;]","og_url":"https:\/\/latinoccu.org\/es\/about-us\/mission\/meet-our-members\/meet-don-manuel\/","og_site_name":"latinoccu.org","article_modified_time":"2025-11-17T01:26:32+00:00","og_image":[{"width":2560,"height":1707,"url":"https:\/\/latinoccu.org\/wp-content\/uploads\/2025\/11\/DSC_0429-scaled.jpg","type":"image\/jpeg"}],"twitter_card":"summary_large_image","twitter_misc":{"Tiempo de lectura":"3 minutos"},"schema":{"@context":"https:\/\/schema.org","@graph":[{"@type":"WebPage","@id":"https:\/\/latinoccu.org\/about-us\/mission\/meet-our-members\/meet-don-manuel\/","url":"https:\/\/latinoccu.org\/about-us\/mission\/meet-our-members\/meet-don-manuel\/","name":"Meet Don Manuel - latinoccu.org","isPartOf":{"@id":"https:\/\/latinoccu.org\/#website"},"primaryImageOfPage":{"@id":"https:\/\/latinoccu.org\/about-us\/mission\/meet-our-members\/meet-don-manuel\/#primaryimage"},"image":{"@id":"https:\/\/latinoccu.org\/about-us\/mission\/meet-our-members\/meet-don-manuel\/#primaryimage"},"thumbnailUrl":"https:\/\/latinoccu.org\/wp-content\/uploads\/2025\/11\/DSC_0429-scaled.jpg","datePublished":"2025-11-16T20:33:58+00:00","dateModified":"2025-11-17T01:26:32+00:00","breadcrumb":{"@id":"https:\/\/latinoccu.org\/about-us\/mission\/meet-our-members\/meet-don-manuel\/#breadcrumb"},"inLanguage":"es","potentialAction":[{"@type":"ReadAction","target":["https:\/\/latinoccu.org\/about-us\/mission\/meet-our-members\/meet-don-manuel\/"]}]},{"@type":"ImageObject","inLanguage":"es","@id":"https:\/\/latinoccu.org\/about-us\/mission\/meet-our-members\/meet-don-manuel\/#primaryimage","url":"https:\/\/latinoccu.org\/wp-content\/uploads\/2025\/11\/DSC_0429-scaled.jpg","contentUrl":"https:\/\/latinoccu.org\/wp-content\/uploads\/2025\/11\/DSC_0429-scaled.jpg","width":2560,"height":1707,"caption":"Member Manuel inside Lccu branch"},{"@type":"BreadcrumbList","@id":"https:\/\/latinoccu.org\/about-us\/mission\/meet-our-members\/meet-don-manuel\/#breadcrumb","itemListElement":[{"@type":"ListItem","position":1,"name":"Home","item":"https:\/\/latinoccu.org\/"},{"@type":"ListItem","position":2,"name":"About Us","item":"https:\/\/latinoccu.org\/about-us\/"},{"@type":"ListItem","position":3,"name":"Mission","item":"https:\/\/latinoccu.org\/about-us\/mission\/"},{"@type":"ListItem","position":4,"name":"Meet Our Members","item":"https:\/\/latinoccu.org\/about-us\/mission\/meet-our-members\/"},{"@type":"ListItem","position":5,"name":"Meet Don Manuel"}]},{"@type":"WebSite","@id":"https:\/\/latinoccu.org\/#website","url":"https:\/\/latinoccu.org\/","name":"latinoccu.org","description":"","potentialAction":[{"@type":"SearchAction","target":{"@type":"EntryPoint","urlTemplate":"https:\/\/latinoccu.org\/?s={search_term_string}"},"query-input":{"@type":"PropertyValueSpecification","valueRequired":true,"valueName":"search_term_string"}}],"inLanguage":"es"}]}},"_links":{"self":[{"href":"https:\/\/latinoccu.org\/es\/wp-json\/wp\/v2\/pages\/21510","targetHints":{"allow":["GET"]}}],"collection":[{"href":"https:\/\/latinoccu.org\/es\/wp-json\/wp\/v2\/pages"}],"about":[{"href":"https:\/\/latinoccu.org\/es\/wp-json\/wp\/v2\/types\/page"}],"author":[{"embeddable":true,"href":"https:\/\/latinoccu.org\/es\/wp-json\/wp\/v2\/users\/3"}],"replies":[{"embeddable":true,"href":"https:\/\/latinoccu.org\/es\/wp-json\/wp\/v2\/comments?post=21510"}],"version-history":[{"count":0,"href":"https:\/\/latinoccu.org\/es\/wp-json\/wp\/v2\/pages\/21510\/revisions"}],"up":[{"embeddable":true,"href":"https:\/\/latinoccu.org\/es\/wp-json\/wp\/v2\/pages\/857"}],"wp:featuredmedia":[{"embeddable":true,"href":"https:\/\/latinoccu.org\/es\/wp-json\/wp\/v2\/media\/21511"}],"wp:attachment":[{"href":"https:\/\/latinoccu.org\/es\/wp-json\/wp\/v2\/media?parent=21510"}],"wp:term":[{"taxonomy":"page-structure","embeddable":true,"href":"https:\/\/latinoccu.org\/es\/wp-json\/wp\/v2\/page-structure?post=21510"},{"taxonomy":"sidebar-content","embeddable":true,"href":"https:\/\/latinoccu.org\/es\/wp-json\/wp\/v2\/sidebar-content?post=21510"}],"curies":[{"name":"wp","href":"https:\/\/api.w.org\/{rel}","templated":true}]}}