{"id":21492,"date":"2025-11-16T19:30:39","date_gmt":"2025-11-16T19:30:39","guid":{"rendered":"https:\/\/latinoccu.org\/?page_id=21492"},"modified":"2025-11-17T01:17:41","modified_gmt":"2025-11-17T01:17:41","slug":"meet-fulton","status":"publish","type":"page","link":"https:\/\/latinoccu.org\/es\/about-us\/mission\/meet-our-members\/meet-fulton\/","title":{"rendered":"Conoce a Fulton"},"content":{"rendered":"<div data-elementor-type=\"wp-page\" data-elementor-id=\"21492\" class=\"elementor elementor-21492\" data-elementor-post-type=\"page\">\n\t\t\t\t<div class=\"elementor-element elementor-element-9387cc2 e-flex e-con-boxed e-con e-parent\" data-id=\"9387cc2\" data-element_type=\"container\" data-e-type=\"container\">\n\t\t\t\t\t<div class=\"e-con-inner\">\n\t\t\t\t<div class=\"elementor-element elementor-element-6dce48b elementor-widget elementor-widget-heading\" data-id=\"6dce48b\" data-element_type=\"widget\" data-e-type=\"widget\" data-widget_type=\"heading.default\">\n\t\t\t\t<div class=\"elementor-widget-container\">\n\t\t\t\t\t<h2 class=\"elementor-heading-title elementor-size-default\">21 a\u00f1os de confianza, amistad y alegr\u00eda <\/h2>\t\t\t\t<\/div>\n\t\t\t\t<\/div>\n\t\t\t\t\t<\/div>\n\t\t\t\t<\/div>\n\t\t<div class=\"elementor-element elementor-element-0e01c7b e-flex e-con-boxed e-con e-parent\" data-id=\"0e01c7b\" data-element_type=\"container\" data-e-type=\"container\">\n\t\t\t\t\t<div class=\"e-con-inner\">\n\t\t\t\t<div class=\"elementor-element elementor-element-b8d553b elementor-widget elementor-widget-image\" data-id=\"b8d553b\" data-element_type=\"widget\" data-e-type=\"widget\" data-widget_type=\"image.default\">\n\t\t\t\t<div class=\"elementor-widget-container\">\n\t\t\t\t\t\t\t\t\t\t\t\t\t\t\t<img fetchpriority=\"high\" decoding=\"async\" width=\"768\" height=\"512\" src=\"https:\/\/latinoccu.org\/wp-content\/uploads\/2025\/11\/DSC_0293-768x512.jpg\" class=\"attachment-medium_large size-medium_large wp-image-21528\" alt=\"\" srcset=\"https:\/\/latinoccu.org\/wp-content\/uploads\/2025\/11\/DSC_0293-768x512.jpg 768w, https:\/\/latinoccu.org\/wp-content\/uploads\/2025\/11\/DSC_0293-300x200.jpg 300w, https:\/\/latinoccu.org\/wp-content\/uploads\/2025\/11\/DSC_0293-1024x683.jpg 1024w, https:\/\/latinoccu.org\/wp-content\/uploads\/2025\/11\/DSC_0293-1536x1024.jpg 1536w, https:\/\/latinoccu.org\/wp-content\/uploads\/2025\/11\/DSC_0293-2048x1365.jpg 2048w, https:\/\/latinoccu.org\/wp-content\/uploads\/2025\/11\/DSC_0293-18x12.jpg 18w\" sizes=\"(max-width: 768px) 100vw, 768px\" \/>\t\t\t\t\t\t\t\t\t\t\t\t\t\t\t<\/div>\n\t\t\t\t<\/div>\n\t\t\t\t<div class=\"elementor-element elementor-element-9f1c7b3 elementor-widget elementor-widget-text-editor\" data-id=\"9f1c7b3\" data-element_type=\"widget\" data-e-type=\"widget\" data-widget_type=\"text-editor.default\">\n\t\t\t\t<div class=\"elementor-widget-container\">\n\t\t\t\t\t\t\t\t\t<p><span data-contrast=\"none\">Hace m\u00e1s de dos d\u00e9cadas, Fulton Zambrano lleg\u00f3 a Nueva York desde Guayaquil, Ecuador, con el deseo de construir una vida estable y llena de oportunidades. Reci\u00e9n llegado a Raleigh, escuch\u00f3 de unos compa\u00f1eros de trabajo sobre una instituci\u00f3n financiera distinta, pensada para servir y apoyar a la comunidad: la Cooperativa Latina.<\/span><\/p>\t\t\t\t\t\t\t\t<\/div>\n\t\t\t\t<\/div>\n\t\t<div class=\"elementor-element elementor-element-1efb32d e-grid e-con-full e-con e-child\" data-id=\"1efb32d\" data-element_type=\"container\" data-e-type=\"container\">\n\t\t\t\t<div class=\"elementor-element elementor-element-2337758 elementor-widget elementor-widget-image\" data-id=\"2337758\" data-element_type=\"widget\" data-e-type=\"widget\" data-widget_type=\"image.default\">\n\t\t\t\t<div class=\"elementor-widget-container\">\n\t\t\t\t\t\t\t\t\t\t\t\t\t\t\t<img decoding=\"async\" width=\"768\" height=\"1152\" src=\"https:\/\/latinoccu.org\/wp-content\/uploads\/2025\/11\/DSC_0298-768x1152.jpg\" class=\"attachment-medium_large size-medium_large wp-image-21527\" alt=\"member Fulton inside Lccu branch\" srcset=\"https:\/\/latinoccu.org\/wp-content\/uploads\/2025\/11\/DSC_0298-768x1152.jpg 768w, https:\/\/latinoccu.org\/wp-content\/uploads\/2025\/11\/DSC_0298-200x300.jpg 200w, https:\/\/latinoccu.org\/wp-content\/uploads\/2025\/11\/DSC_0298-683x1024.jpg 683w, https:\/\/latinoccu.org\/wp-content\/uploads\/2025\/11\/DSC_0298-1024x1536.jpg 1024w, https:\/\/latinoccu.org\/wp-content\/uploads\/2025\/11\/DSC_0298-1365x2048.jpg 1365w, https:\/\/latinoccu.org\/wp-content\/uploads\/2025\/11\/DSC_0298-8x12.jpg 8w, https:\/\/latinoccu.org\/wp-content\/uploads\/2025\/11\/DSC_0298-scaled.jpg 1707w\" sizes=\"(max-width: 768px) 100vw, 768px\" \/>\t\t\t\t\t\t\t\t\t\t\t\t\t\t\t<\/div>\n\t\t\t\t<\/div>\n\t\t\t\t<div class=\"elementor-element elementor-element-3b461be elementor-widget elementor-widget-text-editor\" data-id=\"3b461be\" data-element_type=\"widget\" data-e-type=\"widget\" data-widget_type=\"text-editor.default\">\n\t\t\t\t<div class=\"elementor-widget-container\">\n\t\t\t\t\t\t\t\t\t<p><span data-contrast=\"none\">En 2004, decidi\u00f3 visitar la sucursal de Wake Forest Rd. Lo que comenz\u00f3 como una simple apertura de cuenta, pronto se convirti\u00f3 en el inicio de una relaci\u00f3n s\u00f3lida y duradera. \u201cMe dijeron: hazte socio, saca cr\u00e9dito\u2026 y desde ah\u00ed ya empec\u00e9\u201d, recuerda con una sonrisa. Fue en la cooperativa donde comenz\u00f3 a construir su historial crediticio, lo que le permiti\u00f3 acceder a pr\u00e9stamos, comprar un autom\u00f3vil y realizar inversiones en su pa\u00eds natal. Con esfuerzo y buena administraci\u00f3n, Fulton ha sabido aprovechar cada oportunidad, invirtiendo en propiedades y fortaleciendo su estabilidad financiera. Pero para \u00e9l, la cooperativa es mucho m\u00e1s que un lugar para manejar su dinero: es una comunidad que lo ha acompa\u00f1ado en cada paso.<\/span><span data-ccp-props=\"{&quot;134233117&quot;:true,&quot;134233118&quot;:true,&quot;201341983&quot;:0,&quot;335559740&quot;:240}\">\u00a0<\/span><\/p><p><span data-contrast=\"none\">Durante estos 21 a\u00f1os, Fulton ha forjado amistades entra\u00f1ables con el personal. Conoce a muchos por su nombre, y ellos lo reconocen como un socio especial que siempre llega con una palabra amable, una sonrisa y, en ocasiones, un peque\u00f1o detalle tra\u00eddo de sus viajes. \u201cAqu\u00ed todas me conocen. Siempre que vengo es alegr\u00eda. Me gusta ser amiguero, siempre en conversaci\u00f3n\u201d, dice orgulloso. <\/span><span data-contrast=\"none\">Su energ\u00eda y su car\u00e1cter festivo lo han convertido en un socio querido. Amante de la salsa y las reuniones sociales, Fulton contagia entusiasmo a todos los que lo rodean. \u201cSi me invitas a una fiesta, no descanso. Soy muy rumbero y me gusta hacer amigos\u201d, cuenta entre risas.<\/span><span data-ccp-props=\"{&quot;134233117&quot;:true,&quot;134233118&quot;:true,&quot;201341983&quot;:0,&quot;335559740&quot;:240}\">\u00a0<\/span><\/p>\t\t\t\t\t\t\t\t<\/div>\n\t\t\t\t<\/div>\n\t\t\t\t<\/div>\n\t\t\t\t<div class=\"elementor-element elementor-element-6176e40 elementor-widget elementor-widget-text-editor\" data-id=\"6176e40\" data-element_type=\"widget\" data-e-type=\"widget\" data-widget_type=\"text-editor.default\">\n\t\t\t\t<div class=\"elementor-widget-container\">\n\t\t\t\t\t\t\t\t\t<p><span data-contrast=\"none\">Hoy, con m\u00e1s de dos d\u00e9cadas como socio, Fulton tiene un mensaje claro para quienes llegan por primera vez a la cooperativa: \u201cQue se sientan seguros aqu\u00ed. La cooperativa le da a uno la facilidad para pr\u00e9stamos, vivienda, autom\u00f3vil\u2026 y lo m\u00e1s importante: que lo tratan bien.\u201d Para Fulton, LCCU es m\u00e1s que un lugar donde deposita su dinero: es un espacio donde se siente en casa, rodeado de confianza, cercan\u00eda y calidez humana. Y esa, sin duda, es la raz\u00f3n por la que su historia sigue sumando cap\u00edtulos llenos de alegr\u00eda.<\/span><span data-ccp-props=\"{&quot;134233117&quot;:true,&quot;134233118&quot;:true,&quot;201341983&quot;:0,&quot;335559740&quot;:240}\">\u00a0<\/span><\/p>\t\t\t\t\t\t\t\t<\/div>\n\t\t\t\t<\/div>\n\t\t\t\t<div class=\"elementor-element elementor-element-b5b7588 e-transform elementor-widget elementor-widget-video\" data-id=\"b5b7588\" data-element_type=\"widget\" data-e-type=\"widget\" data-settings=\"{&quot;youtube_url&quot;:&quot;https:\\\/\\\/youtu.be\\\/UVHLN4DbIzE&quot;,&quot;_transform_scale_effect&quot;:{&quot;unit&quot;:&quot;px&quot;,&quot;size&quot;:0,&quot;sizes&quot;:[]},&quot;video_type&quot;:&quot;youtube&quot;,&quot;controls&quot;:&quot;yes&quot;,&quot;_transform_scale_effect_tablet&quot;:{&quot;unit&quot;:&quot;px&quot;,&quot;size&quot;:&quot;&quot;,&quot;sizes&quot;:[]},&quot;_transform_scale_effect_mobile&quot;:{&quot;unit&quot;:&quot;px&quot;,&quot;size&quot;:&quot;&quot;,&quot;sizes&quot;:[]}}\" data-widget_type=\"video.default\">\n\t\t\t\t<div class=\"elementor-widget-container\">\n\t\t\t\t\t\t\t<div class=\"elementor-wrapper elementor-open-inline\">\n\t\t\t<div class=\"elementor-video\"><\/div>\t\t<\/div>\n\t\t\t\t\t\t<\/div>\n\t\t\t\t<\/div>\n\t\t\t\t<div class=\"elementor-element elementor-element-ad907de elementor-align-center elementor-widget elementor-widget-button\" data-id=\"ad907de\" data-element_type=\"widget\" data-e-type=\"widget\" data-widget_type=\"button.default\">\n\t\t\t\t<div class=\"elementor-widget-container\">\n\t\t\t\t\t\t\t\t\t<div class=\"elementor-button-wrapper\">\n\t\t\t\t\t<a class=\"elementor-button elementor-button-link elementor-size-sm\" href=\"https:\/\/latinoccu.org\/es\/about-us\/mission\/meet-our-members\/\">\n\t\t\t\t\t\t<span class=\"elementor-button-content-wrapper\">\n\t\t\t\t\t\t\t\t\t<span class=\"elementor-button-text\">Conoce a m\u00e1s socios<\/span>\n\t\t\t\t\t<\/span>\n\t\t\t\t\t<\/a>\n\t\t\t\t<\/div>\n\t\t\t\t\t\t\t\t<\/div>\n\t\t\t\t<\/div>\n\t\t\t\t\t<\/div>\n\t\t\t\t<\/div>\n\t\t\t\t<\/div>","protected":false},"excerpt":{"rendered":"<p>21 Years of Trust, Friendship, and Joy More than two decades ago, Fulton Zambrano arrived in New York from Guayaquil, Ecuador, with the desire to build a stable life full of opportunities. When he later moved to Raleigh, he heard from some coworkers about a different kind of financial institution, one designed to serve and [&hellip;]<\/p>\n","protected":false},"author":3,"featured_media":21493,"parent":857,"menu_order":0,"comment_status":"closed","ping_status":"closed","template":"","meta":{"_acf_changed":false,"inline_featured_image":false,"footnotes":""},"page-structure":[],"sidebar-content":[],"class_list":["post-21492","page","type-page","status-publish","has-post-thumbnail","hentry"],"acf":[],"yoast_head":"<!-- This site is optimized with the Yoast SEO plugin v27.2 - https:\/\/yoast.com\/product\/yoast-seo-wordpress\/ -->\n<title>Meet Fulton - latinoccu.org<\/title>\n<meta name=\"robots\" content=\"index, follow, max-snippet:-1, max-image-preview:large, max-video-preview:-1\" \/>\n<link rel=\"canonical\" href=\"https:\/\/latinoccu.org\/es\/about-us\/mission\/meet-our-members\/meet-fulton\/\" \/>\n<meta property=\"og:locale\" content=\"es_MX\" \/>\n<meta property=\"og:type\" content=\"article\" \/>\n<meta property=\"og:title\" content=\"Meet Fulton - latinoccu.org\" \/>\n<meta property=\"og:description\" content=\"21 Years of Trust, Friendship, and Joy More than two decades ago, Fulton Zambrano arrived in New York from Guayaquil, Ecuador, with the desire to build a stable life full of opportunities. When he later moved to Raleigh, he heard from some coworkers about a different kind of financial institution, one designed to serve and [&hellip;]\" \/>\n<meta property=\"og:url\" content=\"https:\/\/latinoccu.org\/es\/about-us\/mission\/meet-our-members\/meet-fulton\/\" \/>\n<meta property=\"og:site_name\" content=\"latinoccu.org\" \/>\n<meta property=\"article:modified_time\" content=\"2025-11-17T01:17:41+00:00\" \/>\n<meta property=\"og:image\" content=\"https:\/\/latinoccu.org\/wp-content\/uploads\/2025\/11\/DSC_0295-scaled.jpg\" \/>\n\t<meta property=\"og:image:width\" content=\"2560\" \/>\n\t<meta property=\"og:image:height\" content=\"1707\" \/>\n\t<meta property=\"og:image:type\" content=\"image\/jpeg\" \/>\n<meta name=\"twitter:card\" content=\"summary_large_image\" \/>\n<meta name=\"twitter:label1\" content=\"Tiempo de lectura\" \/>\n\t<meta name=\"twitter:data1\" content=\"3 minutos\" \/>\n<script type=\"application\/ld+json\" class=\"yoast-schema-graph\">{\"@context\":\"https:\/\/schema.org\",\"@graph\":[{\"@type\":\"WebPage\",\"@id\":\"https:\/\/latinoccu.org\/about-us\/mission\/meet-our-members\/meet-fulton\/\",\"url\":\"https:\/\/latinoccu.org\/about-us\/mission\/meet-our-members\/meet-fulton\/\",\"name\":\"Meet Fulton - latinoccu.org\",\"isPartOf\":{\"@id\":\"https:\/\/latinoccu.org\/#website\"},\"primaryImageOfPage\":{\"@id\":\"https:\/\/latinoccu.org\/about-us\/mission\/meet-our-members\/meet-fulton\/#primaryimage\"},\"image\":{\"@id\":\"https:\/\/latinoccu.org\/about-us\/mission\/meet-our-members\/meet-fulton\/#primaryimage\"},\"thumbnailUrl\":\"https:\/\/latinoccu.org\/wp-content\/uploads\/2025\/11\/DSC_0295-scaled.jpg\",\"datePublished\":\"2025-11-16T19:30:39+00:00\",\"dateModified\":\"2025-11-17T01:17:41+00:00\",\"breadcrumb\":{\"@id\":\"https:\/\/latinoccu.org\/about-us\/mission\/meet-our-members\/meet-fulton\/#breadcrumb\"},\"inLanguage\":\"es\",\"potentialAction\":[{\"@type\":\"ReadAction\",\"target\":[\"https:\/\/latinoccu.org\/about-us\/mission\/meet-our-members\/meet-fulton\/\"]}]},{\"@type\":\"ImageObject\",\"inLanguage\":\"es\",\"@id\":\"https:\/\/latinoccu.org\/about-us\/mission\/meet-our-members\/meet-fulton\/#primaryimage\",\"url\":\"https:\/\/latinoccu.org\/wp-content\/uploads\/2025\/11\/DSC_0295-scaled.jpg\",\"contentUrl\":\"https:\/\/latinoccu.org\/wp-content\/uploads\/2025\/11\/DSC_0295-scaled.jpg\",\"width\":2560,\"height\":1707,\"caption\":\"member Fulton inside Lccu branch\"},{\"@type\":\"BreadcrumbList\",\"@id\":\"https:\/\/latinoccu.org\/about-us\/mission\/meet-our-members\/meet-fulton\/#breadcrumb\",\"itemListElement\":[{\"@type\":\"ListItem\",\"position\":1,\"name\":\"Home\",\"item\":\"https:\/\/latinoccu.org\/\"},{\"@type\":\"ListItem\",\"position\":2,\"name\":\"About Us\",\"item\":\"https:\/\/latinoccu.org\/about-us\/\"},{\"@type\":\"ListItem\",\"position\":3,\"name\":\"Mission\",\"item\":\"https:\/\/latinoccu.org\/about-us\/mission\/\"},{\"@type\":\"ListItem\",\"position\":4,\"name\":\"Meet Our Members\",\"item\":\"https:\/\/latinoccu.org\/about-us\/mission\/meet-our-members\/\"},{\"@type\":\"ListItem\",\"position\":5,\"name\":\"Meet Fulton\"}]},{\"@type\":\"WebSite\",\"@id\":\"https:\/\/latinoccu.org\/#website\",\"url\":\"https:\/\/latinoccu.org\/\",\"name\":\"latinoccu.org\",\"description\":\"\",\"potentialAction\":[{\"@type\":\"SearchAction\",\"target\":{\"@type\":\"EntryPoint\",\"urlTemplate\":\"https:\/\/latinoccu.org\/?s={search_term_string}\"},\"query-input\":{\"@type\":\"PropertyValueSpecification\",\"valueRequired\":true,\"valueName\":\"search_term_string\"}}],\"inLanguage\":\"es\"}]}<\/script>\n<!-- \/ Yoast SEO plugin. -->","yoast_head_json":{"title":"Meet Fulton - latinoccu.org","robots":{"index":"index","follow":"follow","max-snippet":"max-snippet:-1","max-image-preview":"max-image-preview:large","max-video-preview":"max-video-preview:-1"},"canonical":"https:\/\/latinoccu.org\/es\/about-us\/mission\/meet-our-members\/meet-fulton\/","og_locale":"es_MX","og_type":"article","og_title":"Meet Fulton - latinoccu.org","og_description":"21 Years of Trust, Friendship, and Joy More than two decades ago, Fulton Zambrano arrived in New York from Guayaquil, Ecuador, with the desire to build a stable life full of opportunities. When he later moved to Raleigh, he heard from some coworkers about a different kind of financial institution, one designed to serve and [&hellip;]","og_url":"https:\/\/latinoccu.org\/es\/about-us\/mission\/meet-our-members\/meet-fulton\/","og_site_name":"latinoccu.org","article_modified_time":"2025-11-17T01:17:41+00:00","og_image":[{"width":2560,"height":1707,"url":"https:\/\/latinoccu.org\/wp-content\/uploads\/2025\/11\/DSC_0295-scaled.jpg","type":"image\/jpeg"}],"twitter_card":"summary_large_image","twitter_misc":{"Tiempo de lectura":"3 minutos"},"schema":{"@context":"https:\/\/schema.org","@graph":[{"@type":"WebPage","@id":"https:\/\/latinoccu.org\/about-us\/mission\/meet-our-members\/meet-fulton\/","url":"https:\/\/latinoccu.org\/about-us\/mission\/meet-our-members\/meet-fulton\/","name":"Meet Fulton - latinoccu.org","isPartOf":{"@id":"https:\/\/latinoccu.org\/#website"},"primaryImageOfPage":{"@id":"https:\/\/latinoccu.org\/about-us\/mission\/meet-our-members\/meet-fulton\/#primaryimage"},"image":{"@id":"https:\/\/latinoccu.org\/about-us\/mission\/meet-our-members\/meet-fulton\/#primaryimage"},"thumbnailUrl":"https:\/\/latinoccu.org\/wp-content\/uploads\/2025\/11\/DSC_0295-scaled.jpg","datePublished":"2025-11-16T19:30:39+00:00","dateModified":"2025-11-17T01:17:41+00:00","breadcrumb":{"@id":"https:\/\/latinoccu.org\/about-us\/mission\/meet-our-members\/meet-fulton\/#breadcrumb"},"inLanguage":"es","potentialAction":[{"@type":"ReadAction","target":["https:\/\/latinoccu.org\/about-us\/mission\/meet-our-members\/meet-fulton\/"]}]},{"@type":"ImageObject","inLanguage":"es","@id":"https:\/\/latinoccu.org\/about-us\/mission\/meet-our-members\/meet-fulton\/#primaryimage","url":"https:\/\/latinoccu.org\/wp-content\/uploads\/2025\/11\/DSC_0295-scaled.jpg","contentUrl":"https:\/\/latinoccu.org\/wp-content\/uploads\/2025\/11\/DSC_0295-scaled.jpg","width":2560,"height":1707,"caption":"member Fulton inside Lccu branch"},{"@type":"BreadcrumbList","@id":"https:\/\/latinoccu.org\/about-us\/mission\/meet-our-members\/meet-fulton\/#breadcrumb","itemListElement":[{"@type":"ListItem","position":1,"name":"Home","item":"https:\/\/latinoccu.org\/"},{"@type":"ListItem","position":2,"name":"About Us","item":"https:\/\/latinoccu.org\/about-us\/"},{"@type":"ListItem","position":3,"name":"Mission","item":"https:\/\/latinoccu.org\/about-us\/mission\/"},{"@type":"ListItem","position":4,"name":"Meet Our Members","item":"https:\/\/latinoccu.org\/about-us\/mission\/meet-our-members\/"},{"@type":"ListItem","position":5,"name":"Meet Fulton"}]},{"@type":"WebSite","@id":"https:\/\/latinoccu.org\/#website","url":"https:\/\/latinoccu.org\/","name":"latinoccu.org","description":"","potentialAction":[{"@type":"SearchAction","target":{"@type":"EntryPoint","urlTemplate":"https:\/\/latinoccu.org\/?s={search_term_string}"},"query-input":{"@type":"PropertyValueSpecification","valueRequired":true,"valueName":"search_term_string"}}],"inLanguage":"es"}]}},"_links":{"self":[{"href":"https:\/\/latinoccu.org\/es\/wp-json\/wp\/v2\/pages\/21492","targetHints":{"allow":["GET"]}}],"collection":[{"href":"https:\/\/latinoccu.org\/es\/wp-json\/wp\/v2\/pages"}],"about":[{"href":"https:\/\/latinoccu.org\/es\/wp-json\/wp\/v2\/types\/page"}],"author":[{"embeddable":true,"href":"https:\/\/latinoccu.org\/es\/wp-json\/wp\/v2\/users\/3"}],"replies":[{"embeddable":true,"href":"https:\/\/latinoccu.org\/es\/wp-json\/wp\/v2\/comments?post=21492"}],"version-history":[{"count":0,"href":"https:\/\/latinoccu.org\/es\/wp-json\/wp\/v2\/pages\/21492\/revisions"}],"up":[{"embeddable":true,"href":"https:\/\/latinoccu.org\/es\/wp-json\/wp\/v2\/pages\/857"}],"wp:featuredmedia":[{"embeddable":true,"href":"https:\/\/latinoccu.org\/es\/wp-json\/wp\/v2\/media\/21493"}],"wp:attachment":[{"href":"https:\/\/latinoccu.org\/es\/wp-json\/wp\/v2\/media?parent=21492"}],"wp:term":[{"taxonomy":"page-structure","embeddable":true,"href":"https:\/\/latinoccu.org\/es\/wp-json\/wp\/v2\/page-structure?post=21492"},{"taxonomy":"sidebar-content","embeddable":true,"href":"https:\/\/latinoccu.org\/es\/wp-json\/wp\/v2\/sidebar-content?post=21492"}],"curies":[{"name":"wp","href":"https:\/\/api.w.org\/{rel}","templated":true}]}}