{"id":21423,"date":"2025-11-14T18:28:53","date_gmt":"2025-11-14T18:28:53","guid":{"rendered":"https:\/\/latinoccu.org\/?page_id=21423"},"modified":"2025-11-14T18:36:33","modified_gmt":"2025-11-14T18:36:33","slug":"meet-michael","status":"publish","type":"page","link":"https:\/\/latinoccu.org\/es\/about-us\/mission\/meet-our-members\/meet-michael\/","title":{"rendered":"Conoce a Michael"},"content":{"rendered":"<div data-elementor-type=\"wp-page\" data-elementor-id=\"21423\" class=\"elementor elementor-21423\" data-elementor-post-type=\"page\">\n\t\t\t\t<div class=\"elementor-element elementor-element-8d8723c e-flex e-con-boxed e-con e-parent\" data-id=\"8d8723c\" data-element_type=\"container\" data-e-type=\"container\">\n\t\t\t\t\t<div class=\"e-con-inner\">\n\t\t\t\t<div class=\"elementor-element elementor-element-bc7a131 elementor-widget elementor-widget-heading\" data-id=\"bc7a131\" data-element_type=\"widget\" data-e-type=\"widget\" data-widget_type=\"heading.default\">\n\t\t\t\t<div class=\"elementor-widget-container\">\n\t\t\t\t\t<h2 class=\"elementor-heading-title elementor-size-default\">Esfuerzo, Confianza y Comunidad<\/h2>\t\t\t\t<\/div>\n\t\t\t\t<\/div>\n\t\t\t\t\t<\/div>\n\t\t\t\t<\/div>\n\t\t<div class=\"elementor-element elementor-element-b206657 e-flex e-con-boxed e-con e-parent\" data-id=\"b206657\" data-element_type=\"container\" data-e-type=\"container\">\n\t\t\t\t\t<div class=\"e-con-inner\">\n\t\t\t\t<div class=\"elementor-element elementor-element-11fa39f elementor-widget elementor-widget-text-editor\" data-id=\"11fa39f\" data-element_type=\"widget\" data-e-type=\"widget\" data-widget_type=\"text-editor.default\">\n\t\t\t\t<div class=\"elementor-widget-container\">\n\t\t\t\t\t\t\t\t\t<p><span data-contrast=\"none\">Michael lleg\u00f3 a Estados Unidos desde Brasil en 2016, lleno de sue\u00f1os y tambi\u00e9n de incertidumbre. Vivi\u00f3 un tiempo en Florida, pero fue en Charlotte, Carolina del Norte, donde comenz\u00f3 a echar ra\u00edces. En su b\u00fasqueda por abrir una cuenta bancaria, se dio cuenta de que los bancos tradicionales no estaban dise\u00f1ados pensando en personas como \u00e9l. Fue entonces cuando, por recomendaci\u00f3n de otros, encontr\u00f3 la Cooperativa Latina. No tard\u00f3 en notar la diferencia. Aqu\u00ed no solo encontr\u00f3 un lugar donde guardar su dinero: encontr\u00f3 cercan\u00eda, respeto y un trato verdaderamente personal. Su primer producto fue una cuenta de ahorros. M\u00e1s tarde, obtuvo su primer pr\u00e9stamo para un carro. Con el tiempo, financi\u00f3 su casa y consolid\u00f3 su confianza en la cooperativa, un lugar donde se siente visto, escuchado y valorado.<\/span><span data-ccp-props=\"{&quot;134233117&quot;:true,&quot;134233118&quot;:true}\">\u00a0<\/span><\/p><p><span data-contrast=\"none\">Michael no solo ha crecido como socio, tambi\u00e9n como empresario. Se dedica a comprar y vender carros, camiones y maquinaria de construcci\u00f3n, y sue\u00f1a con abrir una cuenta de negocios con la cooperativa que le permita expandir su negocio y servir mejor a la comunidad. \u201cSi como persona me ayudaron con mi carro y mi casa, s\u00e9 que tambi\u00e9n me apoyar\u00e1n como empresario,\u201d afirma con convicci\u00f3n.<\/span><span data-ccp-props=\"{&quot;134233117&quot;:true,&quot;134233118&quot;:true}\">\u00a0<\/span><\/p>\t\t\t\t\t\t\t\t<\/div>\n\t\t\t\t<\/div>\n\t\t\t\t<div class=\"elementor-element elementor-element-c7689f9 elementor-widget elementor-widget-gallery\" data-id=\"c7689f9\" data-element_type=\"widget\" data-e-type=\"widget\" data-settings=\"{&quot;lazyload&quot;:&quot;yes&quot;,&quot;gallery_layout&quot;:&quot;grid&quot;,&quot;columns&quot;:4,&quot;columns_tablet&quot;:2,&quot;columns_mobile&quot;:1,&quot;gap&quot;:{&quot;unit&quot;:&quot;px&quot;,&quot;size&quot;:10,&quot;sizes&quot;:[]},&quot;gap_tablet&quot;:{&quot;unit&quot;:&quot;px&quot;,&quot;size&quot;:10,&quot;sizes&quot;:[]},&quot;gap_mobile&quot;:{&quot;unit&quot;:&quot;px&quot;,&quot;size&quot;:10,&quot;sizes&quot;:[]},&quot;link_to&quot;:&quot;file&quot;,&quot;aspect_ratio&quot;:&quot;3:2&quot;,&quot;overlay_background&quot;:&quot;yes&quot;,&quot;content_hover_animation&quot;:&quot;fade-in&quot;}\" data-widget_type=\"gallery.default\">\n\t\t\t\t<div class=\"elementor-widget-container\">\n\t\t\t\t\t\t\t<div class=\"elementor-gallery__container\">\n\t\t\t\t\t\t\t<a class=\"e-gallery-item elementor-gallery-item elementor-animated-content\" href=\"https:\/\/latinoccu.org\/wp-content\/uploads\/2025\/11\/DSC_0085-scaled.jpg\" data-elementor-open-lightbox=\"yes\" data-elementor-lightbox-slideshow=\"c7689f9\" data-elementor-lightbox-title=\"DSC_0085\" data-e-action-hash=\"#elementor-action%3Aaction%3Dlightbox%26settings%3DeyJpZCI6MjE0MjYsInVybCI6Imh0dHBzOlwvXC9sYXRpbm9jY3Uub3JnXC93cC1jb250ZW50XC91cGxvYWRzXC8yMDI1XC8xMVwvRFNDXzAwODUtc2NhbGVkLmpwZyIsInNsaWRlc2hvdyI6ImM3Njg5ZjkifQ%3D%3D\">\n\t\t\t\t\t<div class=\"e-gallery-image elementor-gallery-item__image\" data-thumbnail=\"https:\/\/latinoccu.org\/wp-content\/uploads\/2025\/11\/DSC_0085-200x300.jpg\" data-width=\"200\" data-height=\"300\" aria-label=\"Portrait of member Michael\" role=\"img\" ><\/div>\n\t\t\t\t\t\t\t\t\t\t\t<div class=\"elementor-gallery-item__overlay\"><\/div>\n\t\t\t\t\t\t\t\t\t\t\t\t\t\t<\/a>\n\t\t\t\t\t\t\t<a class=\"e-gallery-item elementor-gallery-item elementor-animated-content\" href=\"https:\/\/latinoccu.org\/wp-content\/uploads\/2025\/11\/DSC_0082-scaled.jpg\" data-elementor-open-lightbox=\"yes\" data-elementor-lightbox-slideshow=\"c7689f9\" data-elementor-lightbox-title=\"DSC_0082\" data-e-action-hash=\"#elementor-action%3Aaction%3Dlightbox%26settings%3DeyJpZCI6MjE0MjcsInVybCI6Imh0dHBzOlwvXC9sYXRpbm9jY3Uub3JnXC93cC1jb250ZW50XC91cGxvYWRzXC8yMDI1XC8xMVwvRFNDXzAwODItc2NhbGVkLmpwZyIsInNsaWRlc2hvdyI6ImM3Njg5ZjkifQ%3D%3D\">\n\t\t\t\t\t<div class=\"e-gallery-image elementor-gallery-item__image\" data-thumbnail=\"https:\/\/latinoccu.org\/wp-content\/uploads\/2025\/11\/DSC_0082-300x200.jpg\" data-width=\"300\" data-height=\"200\" aria-label=\"Member Michael and LCCU Staff\" role=\"img\" ><\/div>\n\t\t\t\t\t\t\t\t\t\t\t<div class=\"elementor-gallery-item__overlay\"><\/div>\n\t\t\t\t\t\t\t\t\t\t\t\t\t\t<\/a>\n\t\t\t\t\t\t\t<a class=\"e-gallery-item elementor-gallery-item elementor-animated-content\" href=\"https:\/\/latinoccu.org\/wp-content\/uploads\/2025\/11\/DSC_0191-scaled.jpg\" data-elementor-open-lightbox=\"yes\" data-elementor-lightbox-slideshow=\"c7689f9\" data-elementor-lightbox-title=\"DSC_0191\" data-e-action-hash=\"#elementor-action%3Aaction%3Dlightbox%26settings%3DeyJpZCI6MjE0MzAsInVybCI6Imh0dHBzOlwvXC9sYXRpbm9jY3Uub3JnXC93cC1jb250ZW50XC91cGxvYWRzXC8yMDI1XC8xMVwvRFNDXzAxOTEtc2NhbGVkLmpwZyIsInNsaWRlc2hvdyI6ImM3Njg5ZjkifQ%3D%3D\">\n\t\t\t\t\t<div class=\"e-gallery-image elementor-gallery-item__image\" data-thumbnail=\"https:\/\/latinoccu.org\/wp-content\/uploads\/2025\/11\/DSC_0191-300x200.jpg\" data-width=\"300\" data-height=\"200\" aria-label=\"Member Michael Sitting for hi Interview\" role=\"img\" ><\/div>\n\t\t\t\t\t\t\t\t\t\t\t<div class=\"elementor-gallery-item__overlay\"><\/div>\n\t\t\t\t\t\t\t\t\t\t\t\t\t\t<\/a>\n\t\t\t\t\t\t\t<a class=\"e-gallery-item elementor-gallery-item elementor-animated-content\" href=\"https:\/\/latinoccu.org\/wp-content\/uploads\/2025\/11\/DSC_0198-scaled.jpg\" data-elementor-open-lightbox=\"yes\" data-elementor-lightbox-slideshow=\"c7689f9\" data-elementor-lightbox-title=\"DSC_0198\" data-e-action-hash=\"#elementor-action%3Aaction%3Dlightbox%26settings%3DeyJpZCI6MjE0MzEsInVybCI6Imh0dHBzOlwvXC9sYXRpbm9jY3Uub3JnXC93cC1jb250ZW50XC91cGxvYWRzXC8yMDI1XC8xMVwvRFNDXzAxOTgtc2NhbGVkLmpwZyIsInNsaWRlc2hvdyI6ImM3Njg5ZjkifQ%3D%3D\">\n\t\t\t\t\t<div class=\"e-gallery-image elementor-gallery-item__image\" data-thumbnail=\"https:\/\/latinoccu.org\/wp-content\/uploads\/2025\/11\/DSC_0198-300x200.jpg\" data-width=\"300\" data-height=\"200\" aria-label=\"Member Michael with branch manager\" role=\"img\" ><\/div>\n\t\t\t\t\t\t\t\t\t\t\t<div class=\"elementor-gallery-item__overlay\"><\/div>\n\t\t\t\t\t\t\t\t\t\t\t\t\t\t<\/a>\n\t\t\t\t\t<\/div>\n\t\t\t\t\t<\/div>\n\t\t\t\t<\/div>\n\t\t\t\t<div class=\"elementor-element elementor-element-a68ec2e elementor-widget elementor-widget-text-editor\" data-id=\"a68ec2e\" data-element_type=\"widget\" data-e-type=\"widget\" data-widget_type=\"text-editor.default\">\n\t\t\t\t<div class=\"elementor-widget-container\">\n\t\t\t\t\t\t\t\t\t<p><span data-contrast=\"none\">Su relaci\u00f3n con el equipo de la sucursal Charlotte Meridian es m\u00e1s que financiera, es familiar. Conoce a cada persona, comparte sus logros, y siempre entra con una sonrisa. Nos cuenta sobre sus hijos, su esposa, y c\u00f3mo juntos han salido adelante, incluso durante la pandemia. Su esposa tambi\u00e9n es emprendedora, y gracias al apoyo de la cooperativa, lograron comprar su segunda casa y un terreno para construir. Michael no guarda todo esto para s\u00ed. Recomienda la cooperativa a amigos, familiares y clientes. \u201cEste Instituci\u00f3n financiera fue creado para nosotros. Aqu\u00ed te entienden, te ayudan, te abren caminos que en otros lados no existen,\u201d dice con orgullo. Y cuando particip\u00f3 en una sesi\u00f3n de escucha con la cooperativa, lo hizo con el deseo genuino de aportar ideas que ayuden a mejorar y a crecer, especialmente en lo que se refiere a productos para negocios.<\/span><span data-ccp-props=\"{&quot;134233117&quot;:true,&quot;134233118&quot;:true}\">\u00a0<\/span><\/p><p><span data-contrast=\"none\">Para Michael, ser socio de la Cooperativa Latina es una oportunidad \u00fanica. Sabe que no todas las personas tienen acceso a un banco que realmente los represente. Por eso, sigue apostando por nosotros, con la certeza de que aqu\u00ed siempre encontrar\u00e1 una mano amiga. \u201csi algo nos pasa, la cooperativa va a pelear por nosotros. En otros bancos, no somos nada. Pero aqu\u00ed, yo s\u00e9 que me van a ayudar. Siempre lo han hecho.\u201d<\/span><span data-ccp-props=\"{&quot;134233117&quot;:true,&quot;134233118&quot;:true}\">\u00a0<\/span><\/p>\t\t\t\t\t\t\t\t<\/div>\n\t\t\t\t<\/div>\n\t\t\t\t<div class=\"elementor-element elementor-element-f675e63 e-transform elementor-widget elementor-widget-video\" data-id=\"f675e63\" data-element_type=\"widget\" data-e-type=\"widget\" data-settings=\"{&quot;youtube_url&quot;:&quot;https:\\\/\\\/youtu.be\\\/HBawhEhiN9E&quot;,&quot;_transform_scale_effect&quot;:{&quot;unit&quot;:&quot;px&quot;,&quot;size&quot;:0,&quot;sizes&quot;:[]},&quot;video_type&quot;:&quot;youtube&quot;,&quot;controls&quot;:&quot;yes&quot;,&quot;_transform_scale_effect_tablet&quot;:{&quot;unit&quot;:&quot;px&quot;,&quot;size&quot;:&quot;&quot;,&quot;sizes&quot;:[]},&quot;_transform_scale_effect_mobile&quot;:{&quot;unit&quot;:&quot;px&quot;,&quot;size&quot;:&quot;&quot;,&quot;sizes&quot;:[]}}\" data-widget_type=\"video.default\">\n\t\t\t\t<div class=\"elementor-widget-container\">\n\t\t\t\t\t\t\t<div class=\"elementor-wrapper elementor-open-inline\">\n\t\t\t<div class=\"elementor-video\"><\/div>\t\t<\/div>\n\t\t\t\t\t\t<\/div>\n\t\t\t\t<\/div>\n\t\t\t\t<div class=\"elementor-element elementor-element-94741cf elementor-align-center elementor-widget elementor-widget-button\" data-id=\"94741cf\" data-element_type=\"widget\" data-e-type=\"widget\" data-widget_type=\"button.default\">\n\t\t\t\t<div class=\"elementor-widget-container\">\n\t\t\t\t\t\t\t\t\t<div class=\"elementor-button-wrapper\">\n\t\t\t\t\t<a class=\"elementor-button elementor-button-link elementor-size-sm\" href=\"https:\/\/latinoccu.org\/es\/about-us\/mission\/meet-our-members\/\">\n\t\t\t\t\t\t<span class=\"elementor-button-content-wrapper\">\n\t\t\t\t\t\t\t\t\t<span class=\"elementor-button-text\">Conoce a m\u00e1s socios<\/span>\n\t\t\t\t\t<\/span>\n\t\t\t\t\t<\/a>\n\t\t\t\t<\/div>\n\t\t\t\t\t\t\t\t<\/div>\n\t\t\t\t<\/div>\n\t\t\t\t\t<\/div>\n\t\t\t\t<\/div>\n\t\t\t\t<\/div>","protected":false},"excerpt":{"rendered":"<p>Effort, Trust, and Community Michael arrived in the United States from Brazil in 2016, full of dreams but also uncertainty. He lived in Florida for a while, but it was in Charlotte, North Carolina, where he began to put down roots. In his search to open a bank account, he realized that traditional banks were [&hellip;]<\/p>\n","protected":false},"author":3,"featured_media":21424,"parent":857,"menu_order":0,"comment_status":"closed","ping_status":"closed","template":"","meta":{"_acf_changed":false,"inline_featured_image":false,"footnotes":""},"page-structure":[],"sidebar-content":[],"class_list":["post-21423","page","type-page","status-publish","has-post-thumbnail","hentry"],"acf":[],"yoast_head":"<!-- This site is optimized with the Yoast SEO plugin v27.2 - https:\/\/yoast.com\/product\/yoast-seo-wordpress\/ -->\n<title>Meet Michael - latinoccu.org<\/title>\n<meta name=\"robots\" content=\"index, follow, max-snippet:-1, max-image-preview:large, max-video-preview:-1\" \/>\n<link rel=\"canonical\" href=\"https:\/\/latinoccu.org\/es\/about-us\/mission\/meet-our-members\/meet-michael\/\" \/>\n<meta property=\"og:locale\" content=\"es_MX\" \/>\n<meta property=\"og:type\" content=\"article\" \/>\n<meta property=\"og:title\" content=\"Meet Michael - latinoccu.org\" \/>\n<meta property=\"og:description\" content=\"Effort, Trust, and Community Michael arrived in the United States from Brazil in 2016, full of dreams but also uncertainty. He lived in Florida for a while, but it was in Charlotte, North Carolina, where he began to put down roots. In his search to open a bank account, he realized that traditional banks were [&hellip;]\" \/>\n<meta property=\"og:url\" content=\"https:\/\/latinoccu.org\/es\/about-us\/mission\/meet-our-members\/meet-michael\/\" \/>\n<meta property=\"og:site_name\" content=\"latinoccu.org\" \/>\n<meta property=\"article:modified_time\" content=\"2025-11-14T18:36:33+00:00\" \/>\n<meta property=\"og:image\" content=\"https:\/\/latinoccu.org\/wp-content\/uploads\/2025\/11\/DSC_0087-scaled.jpg\" \/>\n\t<meta property=\"og:image:width\" content=\"2560\" \/>\n\t<meta property=\"og:image:height\" content=\"1707\" \/>\n\t<meta property=\"og:image:type\" content=\"image\/jpeg\" \/>\n<meta name=\"twitter:card\" content=\"summary_large_image\" \/>\n<meta name=\"twitter:label1\" content=\"Tiempo de lectura\" \/>\n\t<meta name=\"twitter:data1\" content=\"2 minutos\" \/>\n<script type=\"application\/ld+json\" class=\"yoast-schema-graph\">{\"@context\":\"https:\/\/schema.org\",\"@graph\":[{\"@type\":\"WebPage\",\"@id\":\"https:\/\/latinoccu.org\/about-us\/mission\/meet-our-members\/meet-michael\/\",\"url\":\"https:\/\/latinoccu.org\/about-us\/mission\/meet-our-members\/meet-michael\/\",\"name\":\"Meet Michael - latinoccu.org\",\"isPartOf\":{\"@id\":\"https:\/\/latinoccu.org\/#website\"},\"primaryImageOfPage\":{\"@id\":\"https:\/\/latinoccu.org\/about-us\/mission\/meet-our-members\/meet-michael\/#primaryimage\"},\"image\":{\"@id\":\"https:\/\/latinoccu.org\/about-us\/mission\/meet-our-members\/meet-michael\/#primaryimage\"},\"thumbnailUrl\":\"https:\/\/latinoccu.org\/wp-content\/uploads\/2025\/11\/DSC_0087-scaled.jpg\",\"datePublished\":\"2025-11-14T18:28:53+00:00\",\"dateModified\":\"2025-11-14T18:36:33+00:00\",\"breadcrumb\":{\"@id\":\"https:\/\/latinoccu.org\/about-us\/mission\/meet-our-members\/meet-michael\/#breadcrumb\"},\"inLanguage\":\"es\",\"potentialAction\":[{\"@type\":\"ReadAction\",\"target\":[\"https:\/\/latinoccu.org\/about-us\/mission\/meet-our-members\/meet-michael\/\"]}]},{\"@type\":\"ImageObject\",\"inLanguage\":\"es\",\"@id\":\"https:\/\/latinoccu.org\/about-us\/mission\/meet-our-members\/meet-michael\/#primaryimage\",\"url\":\"https:\/\/latinoccu.org\/wp-content\/uploads\/2025\/11\/DSC_0087-scaled.jpg\",\"contentUrl\":\"https:\/\/latinoccu.org\/wp-content\/uploads\/2025\/11\/DSC_0087-scaled.jpg\",\"width\":2560,\"height\":1707,\"caption\":\"Member Michael inside our LCCU branch\"},{\"@type\":\"BreadcrumbList\",\"@id\":\"https:\/\/latinoccu.org\/about-us\/mission\/meet-our-members\/meet-michael\/#breadcrumb\",\"itemListElement\":[{\"@type\":\"ListItem\",\"position\":1,\"name\":\"Home\",\"item\":\"https:\/\/latinoccu.org\/\"},{\"@type\":\"ListItem\",\"position\":2,\"name\":\"About Us\",\"item\":\"https:\/\/latinoccu.org\/about-us\/\"},{\"@type\":\"ListItem\",\"position\":3,\"name\":\"Mission\",\"item\":\"https:\/\/latinoccu.org\/about-us\/mission\/\"},{\"@type\":\"ListItem\",\"position\":4,\"name\":\"Meet Our Members\",\"item\":\"https:\/\/latinoccu.org\/about-us\/mission\/meet-our-members\/\"},{\"@type\":\"ListItem\",\"position\":5,\"name\":\"Meet Michael\"}]},{\"@type\":\"WebSite\",\"@id\":\"https:\/\/latinoccu.org\/#website\",\"url\":\"https:\/\/latinoccu.org\/\",\"name\":\"latinoccu.org\",\"description\":\"\",\"potentialAction\":[{\"@type\":\"SearchAction\",\"target\":{\"@type\":\"EntryPoint\",\"urlTemplate\":\"https:\/\/latinoccu.org\/?s={search_term_string}\"},\"query-input\":{\"@type\":\"PropertyValueSpecification\",\"valueRequired\":true,\"valueName\":\"search_term_string\"}}],\"inLanguage\":\"es\"}]}<\/script>\n<!-- \/ Yoast SEO plugin. -->","yoast_head_json":{"title":"Meet Michael - latinoccu.org","robots":{"index":"index","follow":"follow","max-snippet":"max-snippet:-1","max-image-preview":"max-image-preview:large","max-video-preview":"max-video-preview:-1"},"canonical":"https:\/\/latinoccu.org\/es\/about-us\/mission\/meet-our-members\/meet-michael\/","og_locale":"es_MX","og_type":"article","og_title":"Meet Michael - latinoccu.org","og_description":"Effort, Trust, and Community Michael arrived in the United States from Brazil in 2016, full of dreams but also uncertainty. He lived in Florida for a while, but it was in Charlotte, North Carolina, where he began to put down roots. In his search to open a bank account, he realized that traditional banks were [&hellip;]","og_url":"https:\/\/latinoccu.org\/es\/about-us\/mission\/meet-our-members\/meet-michael\/","og_site_name":"latinoccu.org","article_modified_time":"2025-11-14T18:36:33+00:00","og_image":[{"width":2560,"height":1707,"url":"https:\/\/latinoccu.org\/wp-content\/uploads\/2025\/11\/DSC_0087-scaled.jpg","type":"image\/jpeg"}],"twitter_card":"summary_large_image","twitter_misc":{"Tiempo de lectura":"2 minutos"},"schema":{"@context":"https:\/\/schema.org","@graph":[{"@type":"WebPage","@id":"https:\/\/latinoccu.org\/about-us\/mission\/meet-our-members\/meet-michael\/","url":"https:\/\/latinoccu.org\/about-us\/mission\/meet-our-members\/meet-michael\/","name":"Meet Michael - latinoccu.org","isPartOf":{"@id":"https:\/\/latinoccu.org\/#website"},"primaryImageOfPage":{"@id":"https:\/\/latinoccu.org\/about-us\/mission\/meet-our-members\/meet-michael\/#primaryimage"},"image":{"@id":"https:\/\/latinoccu.org\/about-us\/mission\/meet-our-members\/meet-michael\/#primaryimage"},"thumbnailUrl":"https:\/\/latinoccu.org\/wp-content\/uploads\/2025\/11\/DSC_0087-scaled.jpg","datePublished":"2025-11-14T18:28:53+00:00","dateModified":"2025-11-14T18:36:33+00:00","breadcrumb":{"@id":"https:\/\/latinoccu.org\/about-us\/mission\/meet-our-members\/meet-michael\/#breadcrumb"},"inLanguage":"es","potentialAction":[{"@type":"ReadAction","target":["https:\/\/latinoccu.org\/about-us\/mission\/meet-our-members\/meet-michael\/"]}]},{"@type":"ImageObject","inLanguage":"es","@id":"https:\/\/latinoccu.org\/about-us\/mission\/meet-our-members\/meet-michael\/#primaryimage","url":"https:\/\/latinoccu.org\/wp-content\/uploads\/2025\/11\/DSC_0087-scaled.jpg","contentUrl":"https:\/\/latinoccu.org\/wp-content\/uploads\/2025\/11\/DSC_0087-scaled.jpg","width":2560,"height":1707,"caption":"Member Michael inside our LCCU branch"},{"@type":"BreadcrumbList","@id":"https:\/\/latinoccu.org\/about-us\/mission\/meet-our-members\/meet-michael\/#breadcrumb","itemListElement":[{"@type":"ListItem","position":1,"name":"Home","item":"https:\/\/latinoccu.org\/"},{"@type":"ListItem","position":2,"name":"About Us","item":"https:\/\/latinoccu.org\/about-us\/"},{"@type":"ListItem","position":3,"name":"Mission","item":"https:\/\/latinoccu.org\/about-us\/mission\/"},{"@type":"ListItem","position":4,"name":"Meet Our Members","item":"https:\/\/latinoccu.org\/about-us\/mission\/meet-our-members\/"},{"@type":"ListItem","position":5,"name":"Meet Michael"}]},{"@type":"WebSite","@id":"https:\/\/latinoccu.org\/#website","url":"https:\/\/latinoccu.org\/","name":"latinoccu.org","description":"","potentialAction":[{"@type":"SearchAction","target":{"@type":"EntryPoint","urlTemplate":"https:\/\/latinoccu.org\/?s={search_term_string}"},"query-input":{"@type":"PropertyValueSpecification","valueRequired":true,"valueName":"search_term_string"}}],"inLanguage":"es"}]}},"_links":{"self":[{"href":"https:\/\/latinoccu.org\/es\/wp-json\/wp\/v2\/pages\/21423","targetHints":{"allow":["GET"]}}],"collection":[{"href":"https:\/\/latinoccu.org\/es\/wp-json\/wp\/v2\/pages"}],"about":[{"href":"https:\/\/latinoccu.org\/es\/wp-json\/wp\/v2\/types\/page"}],"author":[{"embeddable":true,"href":"https:\/\/latinoccu.org\/es\/wp-json\/wp\/v2\/users\/3"}],"replies":[{"embeddable":true,"href":"https:\/\/latinoccu.org\/es\/wp-json\/wp\/v2\/comments?post=21423"}],"version-history":[{"count":0,"href":"https:\/\/latinoccu.org\/es\/wp-json\/wp\/v2\/pages\/21423\/revisions"}],"up":[{"embeddable":true,"href":"https:\/\/latinoccu.org\/es\/wp-json\/wp\/v2\/pages\/857"}],"wp:featuredmedia":[{"embeddable":true,"href":"https:\/\/latinoccu.org\/es\/wp-json\/wp\/v2\/media\/21424"}],"wp:attachment":[{"href":"https:\/\/latinoccu.org\/es\/wp-json\/wp\/v2\/media?parent=21423"}],"wp:term":[{"taxonomy":"page-structure","embeddable":true,"href":"https:\/\/latinoccu.org\/es\/wp-json\/wp\/v2\/page-structure?post=21423"},{"taxonomy":"sidebar-content","embeddable":true,"href":"https:\/\/latinoccu.org\/es\/wp-json\/wp\/v2\/sidebar-content?post=21423"}],"curies":[{"name":"wp","href":"https:\/\/api.w.org\/{rel}","templated":true}]}}