{"id":21298,"date":"2025-11-07T03:02:09","date_gmt":"2025-11-07T03:02:09","guid":{"rendered":"https:\/\/latinoccu.org\/?page_id=21298"},"modified":"2025-11-07T03:32:50","modified_gmt":"2025-11-07T03:32:50","slug":"meet-cornelio","status":"publish","type":"page","link":"https:\/\/latinoccu.org\/es\/about-us\/mission\/meet-our-members\/meet-cornelio\/","title":{"rendered":"Conoce a Cornelio"},"content":{"rendered":"<div data-elementor-type=\"wp-page\" data-elementor-id=\"21298\" class=\"elementor elementor-21298\" data-elementor-post-type=\"page\">\n\t\t\t\t<div class=\"elementor-element elementor-element-0989276 e-flex e-con-boxed e-con e-parent\" data-id=\"0989276\" data-element_type=\"container\" data-e-type=\"container\">\n\t\t\t\t\t<div class=\"e-con-inner\">\n\t\t\t\t<div class=\"elementor-element elementor-element-b534866 elementor-widget elementor-widget-heading\" data-id=\"b534866\" data-element_type=\"widget\" data-e-type=\"widget\" data-widget_type=\"heading.default\">\n\t\t\t\t<div class=\"elementor-widget-container\">\n\t\t\t\t\t<h2 class=\"elementor-heading-title elementor-size-default\">Quien no arriesga, no gana<\/h2>\t\t\t\t<\/div>\n\t\t\t\t<\/div>\n\t\t\t\t\t<\/div>\n\t\t\t\t<\/div>\n\t\t<div class=\"elementor-element elementor-element-f2d2282 e-flex e-con-boxed e-con e-parent\" data-id=\"f2d2282\" data-element_type=\"container\" data-e-type=\"container\">\n\t\t\t\t\t<div class=\"e-con-inner\">\n\t\t\t\t<div class=\"elementor-element elementor-element-5e020cc elementor-widget elementor-widget-text-editor\" data-id=\"5e020cc\" data-element_type=\"widget\" data-e-type=\"widget\" data-widget_type=\"text-editor.default\">\n\t\t\t\t<div class=\"elementor-widget-container\">\n\t\t\t\t\t\t\t\t\t<p style=\"font-weight: 400;\">Cuando Cornelio Garc\u00eda lleg\u00f3 a LCCU, no solo buscaba un pr\u00e9stamo, buscaba a alguien que creyera en \u00e9l. \u201cCreo que encontr\u00e9 a la persona correcta,\u201d dice con una sonrisa agradecida. \u201cAlguien que me ayud\u00f3 desde el principio y que sigue ayud\u00e1ndome hasta hoy.\u201d Esa persona fue Jos\u00e9, un oficial de pr\u00e9stamos que se convirti\u00f3 en mucho m\u00e1s que eso: un gu\u00eda de confianza y un amigo. \u201cCuando llegu\u00e9 por primera vez, quer\u00eda comprar una casa,\u201d recuerda Cornelio. \u201cHab\u00eda ido a otros bancos, pero ped\u00edan demasiados requisitos. No ten\u00eda suficientes documentos, as\u00ed que no calificaba. Entonces alguien me habl\u00f3 de LCCU.\u201d<\/p><p style=\"font-weight: 400;\">Con la ayuda de Jos\u00e9, Cornelio comenz\u00f3 a construir su cr\u00e9dito, ahorrar y prepararse para ser propietario de vivienda. \u201cEn ese tiempo no ten\u00eda historial de cr\u00e9dito, nada,\u201d dice. \u201cPero Jos\u00e9 se tom\u00f3 el tiempo de explicarme todo, paso a paso. Segu\u00ed sus consejos y, poco a poco, alcanc\u00e9 mi meta. Compr\u00e9 mi casa.\u201d Ese fue solo el comienzo. Con el tiempo, Cornelio financi\u00f3 su camioneta y luego volvi\u00f3 a invertir en su futuro, esta vez abriendo su propio restaurante en Mooresville, Carolina del Norte. \u201cJos\u00e9 me ayud\u00f3 otra vez, explic\u00e1ndome el proceso, ayud\u00e1ndome a obtener otro pr\u00e9stamo,\u201d cuenta. \u201cGracias a ese apoyo, pude iniciar mi negocio.\u201d<\/p><p style=\"font-weight: 400;\">El restaurante de Cornelio,\u00a0<a href=\"https:\/\/www.facebook.com\/profile.php?id=61578086601945\">Happy Egg<\/a>, ofrece desayunos y almuerzos cl\u00e1sicos al estilo americano, un reflejo de sus a\u00f1os de experiencia en la cocina y de su deseo de traer algo nuevo a su comunidad. Su esposa a\u00f1ade: \u201cTrabajamos m\u00e1s de 12 a\u00f1os en un restaurante estilo Chicago, y a la gente le encantaba la comida. Quer\u00edamos traer ese sabor aqu\u00ed, algo diferente, algo de lo que nos sinti\u00e9ramos orgullosos.\u201d Pero para Cornelio, su historia no se trata solo de negocios. Se trata de gratitud, lealtad y de devolver lo recibido. \u201cSi alguien me ayud\u00f3 a m\u00ed,\u201d dice, \u201c\u00bfpor qu\u00e9 no habr\u00eda yo de ayudar a otros? Ahora puedo dar oportunidades a personas que, como yo, solo necesitan que alguien crea en ellas.\u201d<\/p>\t\t\t\t\t\t\t\t<\/div>\n\t\t\t\t<\/div>\n\t\t\t\t<div class=\"elementor-element elementor-element-701ac69 elementor-widget elementor-widget-gallery\" data-id=\"701ac69\" data-element_type=\"widget\" data-e-type=\"widget\" data-settings=\"{&quot;lazyload&quot;:&quot;yes&quot;,&quot;gallery_layout&quot;:&quot;grid&quot;,&quot;columns&quot;:4,&quot;columns_tablet&quot;:2,&quot;columns_mobile&quot;:1,&quot;gap&quot;:{&quot;unit&quot;:&quot;px&quot;,&quot;size&quot;:10,&quot;sizes&quot;:[]},&quot;gap_tablet&quot;:{&quot;unit&quot;:&quot;px&quot;,&quot;size&quot;:10,&quot;sizes&quot;:[]},&quot;gap_mobile&quot;:{&quot;unit&quot;:&quot;px&quot;,&quot;size&quot;:10,&quot;sizes&quot;:[]},&quot;link_to&quot;:&quot;file&quot;,&quot;aspect_ratio&quot;:&quot;3:2&quot;,&quot;overlay_background&quot;:&quot;yes&quot;,&quot;content_hover_animation&quot;:&quot;fade-in&quot;}\" data-widget_type=\"gallery.default\">\n\t\t\t\t<div class=\"elementor-widget-container\">\n\t\t\t\t\t\t\t<div class=\"elementor-gallery__container\">\n\t\t\t\t\t\t\t<a class=\"e-gallery-item elementor-gallery-item elementor-animated-content\" href=\"https:\/\/latinoccu.org\/wp-content\/uploads\/2025\/11\/DSC_0197-scaled.jpg\" data-elementor-open-lightbox=\"yes\" data-elementor-lightbox-slideshow=\"701ac69\" data-elementor-lightbox-title=\"DSC_0197\" data-e-action-hash=\"#elementor-action%3Aaction%3Dlightbox%26settings%3DeyJpZCI6MjEzMDIsInVybCI6Imh0dHBzOlwvXC9sYXRpbm9jY3Uub3JnXC93cC1jb250ZW50XC91cGxvYWRzXC8yMDI1XC8xMVwvRFNDXzAxOTctc2NhbGVkLmpwZyIsInNsaWRlc2hvdyI6IjcwMWFjNjkifQ%3D%3D\">\n\t\t\t\t\t<div class=\"e-gallery-image elementor-gallery-item__image\" data-thumbnail=\"https:\/\/latinoccu.org\/wp-content\/uploads\/2025\/11\/DSC_0197-300x200.jpg\" data-width=\"300\" data-height=\"200\" aria-label=\"Member Cornelio\" role=\"img\" ><\/div>\n\t\t\t\t\t\t\t\t\t\t\t<div class=\"elementor-gallery-item__overlay\"><\/div>\n\t\t\t\t\t\t\t\t\t\t\t\t\t\t<\/a>\n\t\t\t\t\t\t\t<a class=\"e-gallery-item elementor-gallery-item elementor-animated-content\" href=\"https:\/\/latinoccu.org\/wp-content\/uploads\/2025\/11\/DSC_0199-scaled.jpg\" data-elementor-open-lightbox=\"yes\" data-elementor-lightbox-slideshow=\"701ac69\" data-elementor-lightbox-title=\"DSC_0199\" data-e-action-hash=\"#elementor-action%3Aaction%3Dlightbox%26settings%3DeyJpZCI6MjEzMDMsInVybCI6Imh0dHBzOlwvXC9sYXRpbm9jY3Uub3JnXC93cC1jb250ZW50XC91cGxvYWRzXC8yMDI1XC8xMVwvRFNDXzAxOTktc2NhbGVkLmpwZyIsInNsaWRlc2hvdyI6IjcwMWFjNjkifQ%3D%3D\">\n\t\t\t\t\t<div class=\"e-gallery-image elementor-gallery-item__image\" data-thumbnail=\"https:\/\/latinoccu.org\/wp-content\/uploads\/2025\/11\/DSC_0199-300x200.jpg\" data-width=\"300\" data-height=\"200\" aria-label=\"Member Cornelio&#039;s Wife\" role=\"img\" ><\/div>\n\t\t\t\t\t\t\t\t\t\t\t<div class=\"elementor-gallery-item__overlay\"><\/div>\n\t\t\t\t\t\t\t\t\t\t\t\t\t\t<\/a>\n\t\t\t\t\t\t\t<a class=\"e-gallery-item elementor-gallery-item elementor-animated-content\" href=\"https:\/\/latinoccu.org\/wp-content\/uploads\/2025\/11\/DSC_0192-scaled.jpg\" data-elementor-open-lightbox=\"yes\" data-elementor-lightbox-slideshow=\"701ac69\" data-elementor-lightbox-title=\"DSC_0192\" data-e-action-hash=\"#elementor-action%3Aaction%3Dlightbox%26settings%3DeyJpZCI6MjEzMDQsInVybCI6Imh0dHBzOlwvXC9sYXRpbm9jY3Uub3JnXC93cC1jb250ZW50XC91cGxvYWRzXC8yMDI1XC8xMVwvRFNDXzAxOTItc2NhbGVkLmpwZyIsInNsaWRlc2hvdyI6IjcwMWFjNjkifQ%3D%3D\">\n\t\t\t\t\t<div class=\"e-gallery-image elementor-gallery-item__image\" data-thumbnail=\"https:\/\/latinoccu.org\/wp-content\/uploads\/2025\/11\/DSC_0192-200x300.jpg\" data-width=\"200\" data-height=\"300\" aria-label=\"Cornelio and Wife outside Restaurant\" role=\"img\" ><\/div>\n\t\t\t\t\t\t\t\t\t\t\t<div class=\"elementor-gallery-item__overlay\"><\/div>\n\t\t\t\t\t\t\t\t\t\t\t\t\t\t<\/a>\n\t\t\t\t\t\t\t<a class=\"e-gallery-item elementor-gallery-item elementor-animated-content\" href=\"https:\/\/latinoccu.org\/wp-content\/uploads\/2025\/11\/DSC_0725-scaled.jpg\" data-elementor-open-lightbox=\"yes\" data-elementor-lightbox-slideshow=\"701ac69\" data-elementor-lightbox-title=\"DSC_0725\" data-e-action-hash=\"#elementor-action%3Aaction%3Dlightbox%26settings%3DeyJpZCI6MjEzMDUsInVybCI6Imh0dHBzOlwvXC9sYXRpbm9jY3Uub3JnXC93cC1jb250ZW50XC91cGxvYWRzXC8yMDI1XC8xMVwvRFNDXzA3MjUtc2NhbGVkLmpwZyIsInNsaWRlc2hvdyI6IjcwMWFjNjkifQ%3D%3D\">\n\t\t\t\t\t<div class=\"e-gallery-image elementor-gallery-item__image\" data-thumbnail=\"https:\/\/latinoccu.org\/wp-content\/uploads\/2025\/11\/DSC_0725-300x200.jpg\" data-width=\"300\" data-height=\"200\" aria-label=\"Outside Restaurant on opening day\" role=\"img\" ><\/div>\n\t\t\t\t\t\t\t\t\t\t\t<div class=\"elementor-gallery-item__overlay\"><\/div>\n\t\t\t\t\t\t\t\t\t\t\t\t\t\t<\/a>\n\t\t\t\t\t\t\t<a class=\"e-gallery-item elementor-gallery-item elementor-animated-content\" href=\"https:\/\/latinoccu.org\/wp-content\/uploads\/2025\/11\/Screenshot-2025-11-06-at-10.19.05-PM-scaled.png\" data-elementor-open-lightbox=\"yes\" data-elementor-lightbox-slideshow=\"701ac69\" data-elementor-lightbox-title=\"Screenshot 2025-11-06 at 10.19.05\u202fPM\" data-e-action-hash=\"#elementor-action%3Aaction%3Dlightbox%26settings%3DeyJpZCI6MjEzMDYsInVybCI6Imh0dHBzOlwvXC9sYXRpbm9jY3Uub3JnXC93cC1jb250ZW50XC91cGxvYWRzXC8yMDI1XC8xMVwvU2NyZWVuc2hvdC0yMDI1LTExLTA2LWF0LTEwLjE5LjA1LVBNLXNjYWxlZC5wbmciLCJzbGlkZXNob3ciOiI3MDFhYzY5In0%3D\">\n\t\t\t\t\t<div class=\"e-gallery-image elementor-gallery-item__image\" data-thumbnail=\"https:\/\/latinoccu.org\/wp-content\/uploads\/2025\/11\/Screenshot-2025-11-06-at-10.19.05-PM-300x168.png\" data-width=\"300\" data-height=\"168\" aria-label=\"inside happy egg restaurant\" role=\"img\" ><\/div>\n\t\t\t\t\t\t\t\t\t\t\t<div class=\"elementor-gallery-item__overlay\"><\/div>\n\t\t\t\t\t\t\t\t\t\t\t\t\t\t<\/a>\n\t\t\t\t\t\t\t<a class=\"e-gallery-item elementor-gallery-item elementor-animated-content\" href=\"https:\/\/latinoccu.org\/wp-content\/uploads\/2025\/11\/Screenshot-2025-11-06-at-10.20.30-PM-scaled.png\" data-elementor-open-lightbox=\"yes\" data-elementor-lightbox-slideshow=\"701ac69\" data-elementor-lightbox-title=\"Screenshot 2025-11-06 at 10.20.30\u202fPM\" data-e-action-hash=\"#elementor-action%3Aaction%3Dlightbox%26settings%3DeyJpZCI6MjEzMDcsInVybCI6Imh0dHBzOlwvXC9sYXRpbm9jY3Uub3JnXC93cC1jb250ZW50XC91cGxvYWRzXC8yMDI1XC8xMVwvU2NyZWVuc2hvdC0yMDI1LTExLTA2LWF0LTEwLjIwLjMwLVBNLXNjYWxlZC5wbmciLCJzbGlkZXNob3ciOiI3MDFhYzY5In0%3D\">\n\t\t\t\t\t<div class=\"e-gallery-image elementor-gallery-item__image\" data-thumbnail=\"https:\/\/latinoccu.org\/wp-content\/uploads\/2025\/11\/Screenshot-2025-11-06-at-10.20.30-PM-300x168.png\" data-width=\"300\" data-height=\"168\" aria-label=\"members inside their restaurant\" role=\"img\" ><\/div>\n\t\t\t\t\t\t\t\t\t\t\t<div class=\"elementor-gallery-item__overlay\"><\/div>\n\t\t\t\t\t\t\t\t\t\t\t\t\t\t<\/a>\n\t\t\t\t\t\t\t<a class=\"e-gallery-item elementor-gallery-item elementor-animated-content\" href=\"https:\/\/latinoccu.org\/wp-content\/uploads\/2025\/11\/20250906_110051-scaled.jpg\" data-elementor-open-lightbox=\"yes\" data-elementor-lightbox-slideshow=\"701ac69\" data-elementor-lightbox-title=\"20250906_110051\" data-e-action-hash=\"#elementor-action%3Aaction%3Dlightbox%26settings%3DeyJpZCI6MjEzMDgsInVybCI6Imh0dHBzOlwvXC9sYXRpbm9jY3Uub3JnXC93cC1jb250ZW50XC91cGxvYWRzXC8yMDI1XC8xMVwvMjAyNTA5MDZfMTEwMDUxLXNjYWxlZC5qcGciLCJzbGlkZXNob3ciOiI3MDFhYzY5In0%3D\">\n\t\t\t\t\t<div class=\"e-gallery-image elementor-gallery-item__image\" data-thumbnail=\"https:\/\/latinoccu.org\/wp-content\/uploads\/2025\/11\/20250906_110051-300x300.jpg\" data-width=\"300\" data-height=\"300\" aria-label=\"\" role=\"img\" ><\/div>\n\t\t\t\t\t\t\t\t\t\t\t<div class=\"elementor-gallery-item__overlay\"><\/div>\n\t\t\t\t\t\t\t\t\t\t\t\t\t\t<\/a>\n\t\t\t\t\t\t\t<a class=\"e-gallery-item elementor-gallery-item elementor-animated-content\" href=\"https:\/\/latinoccu.org\/wp-content\/uploads\/2025\/11\/Screenshot-2025-11-06-at-10.28.09-PM-scaled.png\" data-elementor-open-lightbox=\"yes\" data-elementor-lightbox-slideshow=\"701ac69\" data-elementor-lightbox-title=\"Screenshot 2025-11-06 at 10.28.09\u202fPM\" data-e-action-hash=\"#elementor-action%3Aaction%3Dlightbox%26settings%3DeyJpZCI6MjEzMDksInVybCI6Imh0dHBzOlwvXC9sYXRpbm9jY3Uub3JnXC93cC1jb250ZW50XC91cGxvYWRzXC8yMDI1XC8xMVwvU2NyZWVuc2hvdC0yMDI1LTExLTA2LWF0LTEwLjI4LjA5LVBNLXNjYWxlZC5wbmciLCJzbGlkZXNob3ciOiI3MDFhYzY5In0%3D\">\n\t\t\t\t\t<div class=\"e-gallery-image elementor-gallery-item__image\" data-thumbnail=\"https:\/\/latinoccu.org\/wp-content\/uploads\/2025\/11\/Screenshot-2025-11-06-at-10.28.09-PM-300x168.png\" data-width=\"300\" data-height=\"168\" aria-label=\"member serving Italian beef\" role=\"img\" ><\/div>\n\t\t\t\t\t\t\t\t\t\t\t<div class=\"elementor-gallery-item__overlay\"><\/div>\n\t\t\t\t\t\t\t\t\t\t\t\t\t\t<\/a>\n\t\t\t\t\t<\/div>\n\t\t\t\t\t<\/div>\n\t\t\t\t<\/div>\n\t\t\t\t<div class=\"elementor-element elementor-element-e502d52 elementor-widget elementor-widget-text-editor\" data-id=\"e502d52\" data-element_type=\"widget\" data-e-type=\"widget\" data-widget_type=\"text-editor.default\">\n\t\t\t\t<div class=\"elementor-widget-container\">\n\t\t\t\t\t\t\t\t\t<p style=\"font-weight: 400;\">\u00c9l espera que su historia motive a otros a no rendirse. \u201cQue no tengan miedo,\u201d aconseja. \u201cA veces los bancos te cierran las puertas, pero hay que seguir buscando. Si una puerta se cierra, otra se abre. Yo me arriesgu\u00e9, y no me arrepiento. Si no lo hubiera intentado, siempre me quedar\u00eda con la duda de \u2018\u00bfqu\u00e9 habr\u00eda pasado si...?\u2019\u201d<\/p><p style=\"font-weight: 400;\">Jos\u00e9, quien conoci\u00f3 a Cornelio por primera vez en 2018, dice sentirse orgulloso de ver todo lo que ha logrado. \u201c\u00c9l empez\u00f3 desde cero, sin cr\u00e9dito, sin historial, y ahora tiene su casa, su carro, su negocio, sus ahorros. Es un verdadero ejemplo de lo que es posible cuando trabajamos juntos para ayudar a nuestros socios a alcanzar sus sue\u00f1os.\u201d<\/p><p style=\"font-weight: 400;\">Hoy, Cornelio se encuentra dentro de su restaurante, rodeado de risas, calidez y el aroma de la comida casera. \u201cMe siento feliz,\u201d dice.<\/p>\t\t\t\t\t\t\t\t<\/div>\n\t\t\t\t<\/div>\n\t\t\t\t<div class=\"elementor-element elementor-element-83aa06f e-transform elementor-widget elementor-widget-video\" data-id=\"83aa06f\" data-element_type=\"widget\" data-e-type=\"widget\" data-settings=\"{&quot;youtube_url&quot;:&quot;https:\\\/\\\/youtu.be\\\/4uIrHP4gSdw&quot;,&quot;_transform_scale_effect&quot;:{&quot;unit&quot;:&quot;px&quot;,&quot;size&quot;:0,&quot;sizes&quot;:[]},&quot;video_type&quot;:&quot;youtube&quot;,&quot;controls&quot;:&quot;yes&quot;,&quot;_transform_scale_effect_tablet&quot;:{&quot;unit&quot;:&quot;px&quot;,&quot;size&quot;:&quot;&quot;,&quot;sizes&quot;:[]},&quot;_transform_scale_effect_mobile&quot;:{&quot;unit&quot;:&quot;px&quot;,&quot;size&quot;:&quot;&quot;,&quot;sizes&quot;:[]}}\" data-widget_type=\"video.default\">\n\t\t\t\t<div class=\"elementor-widget-container\">\n\t\t\t\t\t\t\t<div class=\"elementor-wrapper elementor-open-inline\">\n\t\t\t<div class=\"elementor-video\"><\/div>\t\t<\/div>\n\t\t\t\t\t\t<\/div>\n\t\t\t\t<\/div>\n\t\t\t\t<div class=\"elementor-element elementor-element-b15b38b elementor-align-center elementor-widget elementor-widget-button\" data-id=\"b15b38b\" data-element_type=\"widget\" data-e-type=\"widget\" data-widget_type=\"button.default\">\n\t\t\t\t<div class=\"elementor-widget-container\">\n\t\t\t\t\t\t\t\t\t<div class=\"elementor-button-wrapper\">\n\t\t\t\t\t<a class=\"elementor-button elementor-button-link elementor-size-sm\" href=\"https:\/\/latinoccu.org\/es\/about-us\/mission\/meet-our-members\/\">\n\t\t\t\t\t\t<span class=\"elementor-button-content-wrapper\">\n\t\t\t\t\t\t\t\t\t<span class=\"elementor-button-text\">Conoce a m\u00e1s socios<\/span>\n\t\t\t\t\t<\/span>\n\t\t\t\t\t<\/a>\n\t\t\t\t<\/div>\n\t\t\t\t\t\t\t\t<\/div>\n\t\t\t\t<\/div>\n\t\t\t\t\t<\/div>\n\t\t\t\t<\/div>\n\t\t\t\t<\/div>","protected":false},"excerpt":{"rendered":"<p>Nothing Ventured, Nothing Gained When Cornelio Garc\u00eda arrived at LCCU, he wasn\u2019t just looking for a loan, he was looking for someone to believe in him. \u201cI think I found the right person,\u201d he says with a grateful smile. \u201cSomeone who helped me from the beginning and continues to help me today.\u201d That person was\u00a0Jos\u00e9 [&hellip;]<\/p>\n","protected":false},"author":3,"featured_media":21299,"parent":857,"menu_order":0,"comment_status":"closed","ping_status":"closed","template":"","meta":{"_acf_changed":false,"inline_featured_image":false,"footnotes":""},"page-structure":[],"sidebar-content":[],"class_list":["post-21298","page","type-page","status-publish","has-post-thumbnail","hentry"],"acf":[],"yoast_head":"<!-- This site is optimized with the Yoast SEO plugin v27.2 - https:\/\/yoast.com\/product\/yoast-seo-wordpress\/ -->\n<title>Meet Cornelio - latinoccu.org<\/title>\n<meta name=\"robots\" content=\"index, follow, max-snippet:-1, max-image-preview:large, max-video-preview:-1\" \/>\n<link rel=\"canonical\" href=\"https:\/\/latinoccu.org\/es\/about-us\/mission\/meet-our-members\/meet-cornelio\/\" \/>\n<meta property=\"og:locale\" content=\"es_MX\" \/>\n<meta property=\"og:type\" content=\"article\" \/>\n<meta property=\"og:title\" content=\"Meet Cornelio - latinoccu.org\" \/>\n<meta property=\"og:description\" content=\"Nothing Ventured, Nothing Gained When Cornelio Garc\u00eda arrived at LCCU, he wasn\u2019t just looking for a loan, he was looking for someone to believe in him. \u201cI think I found the right person,\u201d he says with a grateful smile. \u201cSomeone who helped me from the beginning and continues to help me today.\u201d That person was\u00a0Jos\u00e9 [&hellip;]\" \/>\n<meta property=\"og:url\" content=\"https:\/\/latinoccu.org\/es\/about-us\/mission\/meet-our-members\/meet-cornelio\/\" \/>\n<meta property=\"og:site_name\" content=\"latinoccu.org\" \/>\n<meta property=\"article:modified_time\" content=\"2025-11-07T03:32:50+00:00\" \/>\n<meta property=\"og:image\" content=\"https:\/\/latinoccu.org\/wp-content\/uploads\/2025\/11\/DSC_0194-scaled.jpg\" \/>\n\t<meta property=\"og:image:width\" content=\"2560\" \/>\n\t<meta property=\"og:image:height\" content=\"1707\" \/>\n\t<meta property=\"og:image:type\" content=\"image\/jpeg\" \/>\n<meta name=\"twitter:card\" content=\"summary_large_image\" \/>\n<meta name=\"twitter:label1\" content=\"Tiempo de lectura\" \/>\n\t<meta name=\"twitter:data1\" content=\"2 minutos\" \/>\n<script type=\"application\/ld+json\" class=\"yoast-schema-graph\">{\"@context\":\"https:\/\/schema.org\",\"@graph\":[{\"@type\":\"WebPage\",\"@id\":\"https:\/\/latinoccu.org\/about-us\/mission\/meet-our-members\/meet-cornelio\/\",\"url\":\"https:\/\/latinoccu.org\/about-us\/mission\/meet-our-members\/meet-cornelio\/\",\"name\":\"Meet Cornelio - latinoccu.org\",\"isPartOf\":{\"@id\":\"https:\/\/latinoccu.org\/#website\"},\"primaryImageOfPage\":{\"@id\":\"https:\/\/latinoccu.org\/about-us\/mission\/meet-our-members\/meet-cornelio\/#primaryimage\"},\"image\":{\"@id\":\"https:\/\/latinoccu.org\/about-us\/mission\/meet-our-members\/meet-cornelio\/#primaryimage\"},\"thumbnailUrl\":\"https:\/\/latinoccu.org\/wp-content\/uploads\/2025\/11\/DSC_0194-scaled.jpg\",\"datePublished\":\"2025-11-07T03:02:09+00:00\",\"dateModified\":\"2025-11-07T03:32:50+00:00\",\"breadcrumb\":{\"@id\":\"https:\/\/latinoccu.org\/about-us\/mission\/meet-our-members\/meet-cornelio\/#breadcrumb\"},\"inLanguage\":\"es\",\"potentialAction\":[{\"@type\":\"ReadAction\",\"target\":[\"https:\/\/latinoccu.org\/about-us\/mission\/meet-our-members\/meet-cornelio\/\"]}]},{\"@type\":\"ImageObject\",\"inLanguage\":\"es\",\"@id\":\"https:\/\/latinoccu.org\/about-us\/mission\/meet-our-members\/meet-cornelio\/#primaryimage\",\"url\":\"https:\/\/latinoccu.org\/wp-content\/uploads\/2025\/11\/DSC_0194-scaled.jpg\",\"contentUrl\":\"https:\/\/latinoccu.org\/wp-content\/uploads\/2025\/11\/DSC_0194-scaled.jpg\",\"width\":2560,\"height\":1707,\"caption\":\"members cornelio and wife outside their restaurant\"},{\"@type\":\"BreadcrumbList\",\"@id\":\"https:\/\/latinoccu.org\/about-us\/mission\/meet-our-members\/meet-cornelio\/#breadcrumb\",\"itemListElement\":[{\"@type\":\"ListItem\",\"position\":1,\"name\":\"Home\",\"item\":\"https:\/\/latinoccu.org\/\"},{\"@type\":\"ListItem\",\"position\":2,\"name\":\"About Us\",\"item\":\"https:\/\/latinoccu.org\/about-us\/\"},{\"@type\":\"ListItem\",\"position\":3,\"name\":\"Mission\",\"item\":\"https:\/\/latinoccu.org\/about-us\/mission\/\"},{\"@type\":\"ListItem\",\"position\":4,\"name\":\"Meet Our Members\",\"item\":\"https:\/\/latinoccu.org\/about-us\/mission\/meet-our-members\/\"},{\"@type\":\"ListItem\",\"position\":5,\"name\":\"Meet Cornelio\"}]},{\"@type\":\"WebSite\",\"@id\":\"https:\/\/latinoccu.org\/#website\",\"url\":\"https:\/\/latinoccu.org\/\",\"name\":\"latinoccu.org\",\"description\":\"\",\"potentialAction\":[{\"@type\":\"SearchAction\",\"target\":{\"@type\":\"EntryPoint\",\"urlTemplate\":\"https:\/\/latinoccu.org\/?s={search_term_string}\"},\"query-input\":{\"@type\":\"PropertyValueSpecification\",\"valueRequired\":true,\"valueName\":\"search_term_string\"}}],\"inLanguage\":\"es\"}]}<\/script>\n<!-- \/ Yoast SEO plugin. -->","yoast_head_json":{"title":"Meet Cornelio - latinoccu.org","robots":{"index":"index","follow":"follow","max-snippet":"max-snippet:-1","max-image-preview":"max-image-preview:large","max-video-preview":"max-video-preview:-1"},"canonical":"https:\/\/latinoccu.org\/es\/about-us\/mission\/meet-our-members\/meet-cornelio\/","og_locale":"es_MX","og_type":"article","og_title":"Meet Cornelio - latinoccu.org","og_description":"Nothing Ventured, Nothing Gained When Cornelio Garc\u00eda arrived at LCCU, he wasn\u2019t just looking for a loan, he was looking for someone to believe in him. \u201cI think I found the right person,\u201d he says with a grateful smile. \u201cSomeone who helped me from the beginning and continues to help me today.\u201d That person was\u00a0Jos\u00e9 [&hellip;]","og_url":"https:\/\/latinoccu.org\/es\/about-us\/mission\/meet-our-members\/meet-cornelio\/","og_site_name":"latinoccu.org","article_modified_time":"2025-11-07T03:32:50+00:00","og_image":[{"width":2560,"height":1707,"url":"https:\/\/latinoccu.org\/wp-content\/uploads\/2025\/11\/DSC_0194-scaled.jpg","type":"image\/jpeg"}],"twitter_card":"summary_large_image","twitter_misc":{"Tiempo de lectura":"2 minutos"},"schema":{"@context":"https:\/\/schema.org","@graph":[{"@type":"WebPage","@id":"https:\/\/latinoccu.org\/about-us\/mission\/meet-our-members\/meet-cornelio\/","url":"https:\/\/latinoccu.org\/about-us\/mission\/meet-our-members\/meet-cornelio\/","name":"Meet Cornelio - latinoccu.org","isPartOf":{"@id":"https:\/\/latinoccu.org\/#website"},"primaryImageOfPage":{"@id":"https:\/\/latinoccu.org\/about-us\/mission\/meet-our-members\/meet-cornelio\/#primaryimage"},"image":{"@id":"https:\/\/latinoccu.org\/about-us\/mission\/meet-our-members\/meet-cornelio\/#primaryimage"},"thumbnailUrl":"https:\/\/latinoccu.org\/wp-content\/uploads\/2025\/11\/DSC_0194-scaled.jpg","datePublished":"2025-11-07T03:02:09+00:00","dateModified":"2025-11-07T03:32:50+00:00","breadcrumb":{"@id":"https:\/\/latinoccu.org\/about-us\/mission\/meet-our-members\/meet-cornelio\/#breadcrumb"},"inLanguage":"es","potentialAction":[{"@type":"ReadAction","target":["https:\/\/latinoccu.org\/about-us\/mission\/meet-our-members\/meet-cornelio\/"]}]},{"@type":"ImageObject","inLanguage":"es","@id":"https:\/\/latinoccu.org\/about-us\/mission\/meet-our-members\/meet-cornelio\/#primaryimage","url":"https:\/\/latinoccu.org\/wp-content\/uploads\/2025\/11\/DSC_0194-scaled.jpg","contentUrl":"https:\/\/latinoccu.org\/wp-content\/uploads\/2025\/11\/DSC_0194-scaled.jpg","width":2560,"height":1707,"caption":"members cornelio and wife outside their restaurant"},{"@type":"BreadcrumbList","@id":"https:\/\/latinoccu.org\/about-us\/mission\/meet-our-members\/meet-cornelio\/#breadcrumb","itemListElement":[{"@type":"ListItem","position":1,"name":"Home","item":"https:\/\/latinoccu.org\/"},{"@type":"ListItem","position":2,"name":"About Us","item":"https:\/\/latinoccu.org\/about-us\/"},{"@type":"ListItem","position":3,"name":"Mission","item":"https:\/\/latinoccu.org\/about-us\/mission\/"},{"@type":"ListItem","position":4,"name":"Meet Our Members","item":"https:\/\/latinoccu.org\/about-us\/mission\/meet-our-members\/"},{"@type":"ListItem","position":5,"name":"Meet Cornelio"}]},{"@type":"WebSite","@id":"https:\/\/latinoccu.org\/#website","url":"https:\/\/latinoccu.org\/","name":"latinoccu.org","description":"","potentialAction":[{"@type":"SearchAction","target":{"@type":"EntryPoint","urlTemplate":"https:\/\/latinoccu.org\/?s={search_term_string}"},"query-input":{"@type":"PropertyValueSpecification","valueRequired":true,"valueName":"search_term_string"}}],"inLanguage":"es"}]}},"_links":{"self":[{"href":"https:\/\/latinoccu.org\/es\/wp-json\/wp\/v2\/pages\/21298","targetHints":{"allow":["GET"]}}],"collection":[{"href":"https:\/\/latinoccu.org\/es\/wp-json\/wp\/v2\/pages"}],"about":[{"href":"https:\/\/latinoccu.org\/es\/wp-json\/wp\/v2\/types\/page"}],"author":[{"embeddable":true,"href":"https:\/\/latinoccu.org\/es\/wp-json\/wp\/v2\/users\/3"}],"replies":[{"embeddable":true,"href":"https:\/\/latinoccu.org\/es\/wp-json\/wp\/v2\/comments?post=21298"}],"version-history":[{"count":0,"href":"https:\/\/latinoccu.org\/es\/wp-json\/wp\/v2\/pages\/21298\/revisions"}],"up":[{"embeddable":true,"href":"https:\/\/latinoccu.org\/es\/wp-json\/wp\/v2\/pages\/857"}],"wp:featuredmedia":[{"embeddable":true,"href":"https:\/\/latinoccu.org\/es\/wp-json\/wp\/v2\/media\/21299"}],"wp:attachment":[{"href":"https:\/\/latinoccu.org\/es\/wp-json\/wp\/v2\/media?parent=21298"}],"wp:term":[{"taxonomy":"page-structure","embeddable":true,"href":"https:\/\/latinoccu.org\/es\/wp-json\/wp\/v2\/page-structure?post=21298"},{"taxonomy":"sidebar-content","embeddable":true,"href":"https:\/\/latinoccu.org\/es\/wp-json\/wp\/v2\/sidebar-content?post=21298"}],"curies":[{"name":"wp","href":"https:\/\/api.w.org\/{rel}","templated":true}]}}