{"id":21236,"date":"2025-10-28T18:50:02","date_gmt":"2025-10-28T18:50:02","guid":{"rendered":"https:\/\/latinoccu.org\/?page_id=21236"},"modified":"2025-10-30T22:53:14","modified_gmt":"2025-10-30T22:53:14","slug":"meet-sabino","status":"publish","type":"page","link":"https:\/\/latinoccu.org\/es\/about-us\/mission\/meet-our-members\/meet-sabino\/","title":{"rendered":"Conoce a Sabino"},"content":{"rendered":"<div data-elementor-type=\"wp-page\" data-elementor-id=\"21236\" class=\"elementor elementor-21236\" data-elementor-post-type=\"page\">\n\t\t\t\t<div class=\"elementor-element elementor-element-cbda9e7 e-flex e-con-boxed e-con e-parent\" data-id=\"cbda9e7\" data-element_type=\"container\" data-e-type=\"container\">\n\t\t\t\t\t<div class=\"e-con-inner\">\n\t\t\t\t<div class=\"elementor-element elementor-element-1ef415f elementor-widget elementor-widget-heading\" data-id=\"1ef415f\" data-element_type=\"widget\" data-e-type=\"widget\" data-widget_type=\"heading.default\">\n\t\t\t\t<div class=\"elementor-widget-container\">\n\t\t\t\t\t<h2 class=\"elementor-heading-title elementor-size-default\"> Una bolsa vac\u00eda y un costal lleno de sue\u00f1os <\/h2>\t\t\t\t<\/div>\n\t\t\t\t<\/div>\n\t\t\t\t\t<\/div>\n\t\t\t\t<\/div>\n\t\t<div class=\"elementor-element elementor-element-9680768 e-flex e-con-boxed e-con e-parent\" data-id=\"9680768\" data-element_type=\"container\" data-e-type=\"container\">\n\t\t\t\t\t<div class=\"e-con-inner\">\n\t\t\t\t<div class=\"elementor-element elementor-element-6028eb3 elementor-widget elementor-widget-text-editor\" data-id=\"6028eb3\" data-element_type=\"widget\" data-e-type=\"widget\" data-widget_type=\"text-editor.default\">\n\t\t\t\t<div class=\"elementor-widget-container\">\n\t\t\t\t\t\t\t\t\t<div><p>Cuando Sabino Fuentes entr\u00f3 por primera vez a la sucursal de La Cooperativa en el centro de Fayetteville hace m\u00e1s de 16 a\u00f1os, muchos le dijeron que estaba cometiendo un error.<span class=\"apple-converted-space\">\u00a0<\/span><em>\u201cEse banco es muy peque\u00f1ito, no va a durar,\u201d<\/em><span class=\"apple-converted-space\">\u00a0<\/span>le repet\u00edan. Pero Sabino pensaba diferente.<span class=\"apple-converted-space\">\u00a0<\/span><em>\u201cVa a crecer, va a crecer,\u201d<\/em><span class=\"apple-converted-space\">\u00a0<\/span>se dec\u00eda. Y ten\u00eda raz\u00f3n.<\/p><\/div><div><p>En aquel entonces, Sabino enfrentaba uno de los momentos m\u00e1s dif\u00edciles de su vida. Su esposa luchaba contra el c\u00e1ncer y, poco despu\u00e9s, perdi\u00f3 tanto a ella como a uno de sus hijos. Se qued\u00f3 solo para criar a cinco ni\u00f1os, sin ahorros, sin cr\u00e9dito y sin un camino claro hacia adelante. Como \u00e9l mismo lo dice:<span class=\"apple-converted-space\">\u00a0<\/span><em>\u201cla bolsa vac\u00eda, pero llena de sue\u00f1os.\u201d<\/em><\/p><\/div><div><p>La Cooperativa lo recibi\u00f3 con los brazos abiertos, ayud\u00e1ndolo a abrir su primera cuenta. Esa confianza se convirti\u00f3 en el inicio de un nuevo camino. Pronto, Sabino tom\u00f3 sus primeras clases de educaci\u00f3n financiera y aprendi\u00f3 a construir cr\u00e9dito. Con disciplina y constancia, obtuvo su primer pr\u00e9stamo asegurado y jam\u00e1s dej\u00f3 de pagar.<\/p><\/div>\t\t\t\t\t\t\t\t<\/div>\n\t\t\t\t<\/div>\n\t\t\t\t<div class=\"elementor-element elementor-element-252b907 elementor-widget elementor-widget-gallery\" data-id=\"252b907\" data-element_type=\"widget\" data-e-type=\"widget\" data-settings=\"{&quot;lazyload&quot;:&quot;yes&quot;,&quot;gallery_layout&quot;:&quot;grid&quot;,&quot;columns&quot;:4,&quot;columns_tablet&quot;:2,&quot;columns_mobile&quot;:1,&quot;gap&quot;:{&quot;unit&quot;:&quot;px&quot;,&quot;size&quot;:10,&quot;sizes&quot;:[]},&quot;gap_tablet&quot;:{&quot;unit&quot;:&quot;px&quot;,&quot;size&quot;:10,&quot;sizes&quot;:[]},&quot;gap_mobile&quot;:{&quot;unit&quot;:&quot;px&quot;,&quot;size&quot;:10,&quot;sizes&quot;:[]},&quot;link_to&quot;:&quot;file&quot;,&quot;aspect_ratio&quot;:&quot;3:2&quot;,&quot;overlay_background&quot;:&quot;yes&quot;,&quot;content_hover_animation&quot;:&quot;fade-in&quot;}\" data-widget_type=\"gallery.default\">\n\t\t\t\t<div class=\"elementor-widget-container\">\n\t\t\t\t\t\t\t<div class=\"elementor-gallery__container\">\n\t\t\t\t\t\t\t<a class=\"e-gallery-item elementor-gallery-item elementor-animated-content\" href=\"https:\/\/latinoccu.org\/wp-content\/uploads\/2025\/10\/14385800953_27b39294d6_o-scaled.jpg\" data-elementor-open-lightbox=\"yes\" data-elementor-lightbox-slideshow=\"252b907\" data-elementor-lightbox-title=\"14385800953_27b39294d6_o\" data-e-action-hash=\"#elementor-action%3Aaction%3Dlightbox%26settings%3DeyJpZCI6MjEyNDAsInVybCI6Imh0dHBzOlwvXC9sYXRpbm9jY3Uub3JnXC93cC1jb250ZW50XC91cGxvYWRzXC8yMDI1XC8xMFwvMTQzODU4MDA5NTNfMjdiMzkyOTRkNl9vLXNjYWxlZC5qcGciLCJzbGlkZXNob3ciOiIyNTJiOTA3In0%3D\">\n\t\t\t\t\t<div class=\"e-gallery-image elementor-gallery-item__image\" data-thumbnail=\"https:\/\/latinoccu.org\/wp-content\/uploads\/2025\/10\/14385800953_27b39294d6_o-225x300.jpg\" data-width=\"225\" data-height=\"300\" aria-label=\"member Sabino receiving his financial education diploma\" role=\"img\" ><\/div>\n\t\t\t\t\t\t\t\t\t\t\t<div class=\"elementor-gallery-item__overlay\"><\/div>\n\t\t\t\t\t\t\t\t\t\t\t\t\t\t<\/a>\n\t\t\t\t\t\t\t<a class=\"e-gallery-item elementor-gallery-item elementor-animated-content\" href=\"https:\/\/latinoccu.org\/wp-content\/uploads\/2025\/10\/14179154747_a4e45a3c7c_o-scaled.jpg\" data-elementor-open-lightbox=\"yes\" data-elementor-lightbox-slideshow=\"252b907\" data-elementor-lightbox-title=\"14179154747_a4e45a3c7c_o\" data-e-action-hash=\"#elementor-action%3Aaction%3Dlightbox%26settings%3DeyJpZCI6MjEyNDEsInVybCI6Imh0dHBzOlwvXC9sYXRpbm9jY3Uub3JnXC93cC1jb250ZW50XC91cGxvYWRzXC8yMDI1XC8xMFwvMTQxNzkxNTQ3NDdfYTRlNDVhM2M3Y19vLXNjYWxlZC5qcGciLCJzbGlkZXNob3ciOiIyNTJiOTA3In0%3D\">\n\t\t\t\t\t<div class=\"e-gallery-image elementor-gallery-item__image\" data-thumbnail=\"https:\/\/latinoccu.org\/wp-content\/uploads\/2025\/10\/14179154747_a4e45a3c7c_o-300x225.jpg\" data-width=\"300\" data-height=\"225\" aria-label=\"2015 Financial Education Graduation for Fayetteville\" role=\"img\" ><\/div>\n\t\t\t\t\t\t\t\t\t\t\t<div class=\"elementor-gallery-item__overlay\"><\/div>\n\t\t\t\t\t\t\t\t\t\t\t\t\t\t<\/a>\n\t\t\t\t\t\t\t<a class=\"e-gallery-item elementor-gallery-item elementor-animated-content\" href=\"https:\/\/latinoccu.org\/wp-content\/uploads\/2025\/10\/14179042470_30892b077c_o-scaled.jpg\" data-elementor-open-lightbox=\"yes\" data-elementor-lightbox-slideshow=\"252b907\" data-elementor-lightbox-title=\"14179042470_30892b077c_o\" data-e-action-hash=\"#elementor-action%3Aaction%3Dlightbox%26settings%3DeyJpZCI6MjEyNDIsInVybCI6Imh0dHBzOlwvXC9sYXRpbm9jY3Uub3JnXC93cC1jb250ZW50XC91cGxvYWRzXC8yMDI1XC8xMFwvMTQxNzkwNDI0NzBfMzA4OTJiMDc3Y19vLXNjYWxlZC5qcGciLCJzbGlkZXNob3ciOiIyNTJiOTA3In0%3D\">\n\t\t\t\t\t<div class=\"e-gallery-image elementor-gallery-item__image\" data-thumbnail=\"https:\/\/latinoccu.org\/wp-content\/uploads\/2025\/10\/14179042470_30892b077c_o-300x225.jpg\" data-width=\"300\" data-height=\"225\" aria-label=\"2015 Fayetteville Financial Education Graduates\" role=\"img\" ><\/div>\n\t\t\t\t\t\t\t\t\t\t\t<div class=\"elementor-gallery-item__overlay\"><\/div>\n\t\t\t\t\t\t\t\t\t\t\t\t\t\t<\/a>\n\t\t\t\t\t\t\t<a class=\"e-gallery-item elementor-gallery-item elementor-animated-content\" href=\"https:\/\/latinoccu.org\/wp-content\/uploads\/2025\/10\/14179147797_4e4ddd2f93_o-scaled.jpg\" data-elementor-open-lightbox=\"yes\" data-elementor-lightbox-slideshow=\"252b907\" data-elementor-lightbox-title=\"14179147797_4e4ddd2f93_o\" data-e-action-hash=\"#elementor-action%3Aaction%3Dlightbox%26settings%3DeyJpZCI6MjEyNDMsInVybCI6Imh0dHBzOlwvXC9sYXRpbm9jY3Uub3JnXC93cC1jb250ZW50XC91cGxvYWRzXC8yMDI1XC8xMFwvMTQxNzkxNDc3OTdfNGU0ZGRkMmY5M19vLXNjYWxlZC5qcGciLCJzbGlkZXNob3ciOiIyNTJiOTA3In0%3D\">\n\t\t\t\t\t<div class=\"e-gallery-image elementor-gallery-item__image\" data-thumbnail=\"https:\/\/latinoccu.org\/wp-content\/uploads\/2025\/10\/14179147797_4e4ddd2f93_o-300x225.jpg\" data-width=\"300\" data-height=\"225\" aria-label=\"2014 Financial Education Program\" role=\"img\" ><\/div>\n\t\t\t\t\t\t\t\t\t\t\t<div class=\"elementor-gallery-item__overlay\"><\/div>\n\t\t\t\t\t\t\t\t\t\t\t\t\t\t<\/a>\n\t\t\t\t\t<\/div>\n\t\t\t\t\t<\/div>\n\t\t\t\t<\/div>\n\t\t\t\t<div class=\"elementor-element elementor-element-235c1d4 elementor-widget elementor-widget-text-editor\" data-id=\"235c1d4\" data-element_type=\"widget\" data-e-type=\"widget\" data-widget_type=\"text-editor.default\">\n\t\t\t\t<div class=\"elementor-widget-container\">\n\t\t\t\t\t\t\t\t\t<div><p>M\u00e1s adelante, se le present\u00f3 la oportunidad de invertir en una m\u00e1quina para su negocio de corte de \u00e1rboles. <em>\u201cMe prestaron $15,000 para una m\u00e1quina. Esa m\u00e1quina me cambi\u00f3 la vida. Lo que antes hac\u00eda en un d\u00eda y medio, ahora lo hago en hora y media,\u201d<\/em><span class=\"apple-converted-space\">\u00a0<\/span>recuerda. Esa sola inversi\u00f3n multiplic\u00f3 sus oportunidades. Su peque\u00f1o servicio de corte de \u00e1rboles creci\u00f3 hasta convertirse en<span class=\"apple-converted-space\">\u00a0<\/span><strong>Prime Lawn and Tree Services,<\/strong>expandiendo su trabajo m\u00e1s all\u00e1 de Fayetteville hacia lugares como Winston-Salem y Durham, donde adem\u00e1s disfruta visitar las sucursales vecinas de La Cooperativa.<\/p><\/div><div><p>Con el paso de los a\u00f1os, LCCU apoy\u00f3 a Sabino con pr\u00e9stamos para comprar camiones, un tr\u00e1iler e incluso su casa. Cada vez, Sabino demostr\u00f3 su responsabilidad y fortaleci\u00f3 su cr\u00e9dito.<span class=\"apple-converted-space\">\u00a0<\/span><em>\u201cMuchos dec\u00edan que esta cooperativa no daba para m\u00e1s, pero yo comprob\u00e9 que s\u00ed,\u201d<\/em><span class=\"apple-converted-space\">\u00a0<\/span>dice con orgullo. En todo momento, en lugar de juicio, encontr\u00f3 compasi\u00f3n y apoyo. La Cooperativa trabaj\u00f3 a su lado para mantenerlo en el camino, algo que \u00e9l asegura ning\u00fan otro banco hubiera hecho.<\/p><\/div>\t\t\t\t\t\t\t\t<\/div>\n\t\t\t\t<\/div>\n\t\t\t\t<div class=\"elementor-element elementor-element-1d3525d elementor-widget elementor-widget-image\" data-id=\"1d3525d\" data-element_type=\"widget\" data-e-type=\"widget\" data-widget_type=\"image.default\">\n\t\t\t\t<div class=\"elementor-widget-container\">\n\t\t\t\t\t\t\t\t\t\t\t\t\t\t\t<img fetchpriority=\"high\" decoding=\"async\" width=\"768\" height=\"512\" src=\"https:\/\/latinoccu.org\/wp-content\/uploads\/2025\/10\/DSC_0504-768x512.jpg\" class=\"attachment-medium_large size-medium_large wp-image-21244\" alt=\"Sabino with staff members at the Fayetteville branch\" srcset=\"https:\/\/latinoccu.org\/wp-content\/uploads\/2025\/10\/DSC_0504-768x512.jpg 768w, https:\/\/latinoccu.org\/wp-content\/uploads\/2025\/10\/DSC_0504-300x200.jpg 300w, https:\/\/latinoccu.org\/wp-content\/uploads\/2025\/10\/DSC_0504-1024x683.jpg 1024w, https:\/\/latinoccu.org\/wp-content\/uploads\/2025\/10\/DSC_0504-1536x1024.jpg 1536w, https:\/\/latinoccu.org\/wp-content\/uploads\/2025\/10\/DSC_0504-2048x1365.jpg 2048w, https:\/\/latinoccu.org\/wp-content\/uploads\/2025\/10\/DSC_0504-18x12.jpg 18w\" sizes=\"(max-width: 768px) 100vw, 768px\" \/>\t\t\t\t\t\t\t\t\t\t\t\t\t\t\t<\/div>\n\t\t\t\t<\/div>\n\t\t\t\t<div class=\"elementor-element elementor-element-adac261 elementor-widget elementor-widget-text-editor\" data-id=\"adac261\" data-element_type=\"widget\" data-e-type=\"widget\" data-widget_type=\"text-editor.default\">\n\t\t\t\t<div class=\"elementor-widget-container\">\n\t\t\t\t\t\t\t\t\t<div><p>Hoy, Sabino es un orgulloso due\u00f1o de negocio, propietario de su hogar y padre que ha construido una vida estable para sus hijos. Contin\u00faa recomendando a La Cooperativa a aquellos que alguna vez dudaron de \u00e9l.<span class=\"apple-converted-space\">\u00a0<\/span><em>\u201cLos que me dijeron que estaba loco ahora son socios tambi\u00e9n,\u201d<\/em><span class=\"apple-converted-space\">\u00a0<\/span>comenta entre risas.<\/p><\/div><div><p>Para Sabino, La Cooperativa es mucho m\u00e1s que una instituci\u00f3n financiera:<span class=\"apple-converted-space\">\u00a0<\/span><em>\u201cMe trataron como persona, no como un signo de pesos. Aqu\u00ed me explicaron, me educaron y me dieron oportunidades que cambiaron mi vida. Gracias a Dios y a la cooperativa, hoy puedo decir que estoy bien, muy bien.\u201d<\/em><\/p><\/div>\t\t\t\t\t\t\t\t<\/div>\n\t\t\t\t<\/div>\n\t\t\t\t<div class=\"elementor-element elementor-element-f398b4c e-transform elementor-widget elementor-widget-video\" data-id=\"f398b4c\" data-element_type=\"widget\" data-e-type=\"widget\" data-settings=\"{&quot;youtube_url&quot;:&quot;https:\\\/\\\/youtu.be\\\/13zFuyJp3j0&quot;,&quot;_transform_scale_effect&quot;:{&quot;unit&quot;:&quot;px&quot;,&quot;size&quot;:0,&quot;sizes&quot;:[]},&quot;video_type&quot;:&quot;youtube&quot;,&quot;controls&quot;:&quot;yes&quot;,&quot;_transform_scale_effect_tablet&quot;:{&quot;unit&quot;:&quot;px&quot;,&quot;size&quot;:&quot;&quot;,&quot;sizes&quot;:[]},&quot;_transform_scale_effect_mobile&quot;:{&quot;unit&quot;:&quot;px&quot;,&quot;size&quot;:&quot;&quot;,&quot;sizes&quot;:[]}}\" data-widget_type=\"video.default\">\n\t\t\t\t<div class=\"elementor-widget-container\">\n\t\t\t\t\t\t\t<div class=\"elementor-wrapper elementor-open-inline\">\n\t\t\t<div class=\"elementor-video\"><\/div>\t\t<\/div>\n\t\t\t\t\t\t<\/div>\n\t\t\t\t<\/div>\n\t\t\t\t<div class=\"elementor-element elementor-element-d98ff2b elementor-align-center elementor-widget elementor-widget-button\" data-id=\"d98ff2b\" data-element_type=\"widget\" data-e-type=\"widget\" data-widget_type=\"button.default\">\n\t\t\t\t<div class=\"elementor-widget-container\">\n\t\t\t\t\t\t\t\t\t<div class=\"elementor-button-wrapper\">\n\t\t\t\t\t<a class=\"elementor-button elementor-button-link elementor-size-sm\" href=\"https:\/\/latinoccu.org\/es\/about-us\/mission\/meet-our-members\/\">\n\t\t\t\t\t\t<span class=\"elementor-button-content-wrapper\">\n\t\t\t\t\t\t\t\t\t<span class=\"elementor-button-text\">Conoce a m\u00e1s socios<\/span>\n\t\t\t\t\t<\/span>\n\t\t\t\t\t<\/a>\n\t\t\t\t<\/div>\n\t\t\t\t\t\t\t\t<\/div>\n\t\t\t\t<\/div>\n\t\t\t\t\t<\/div>\n\t\t\t\t<\/div>\n\t\t\t\t<\/div>","protected":false},"excerpt":{"rendered":"<p>An empty wallet and a bag full of dreams When Sabino Fuentes first walked through the doors of LCCU in downtown Fayetteville more than 16 years ago, many people told him he was making a mistake.\u00a0\u201cThat bank is too small, it won\u2019t last,\u201d\u00a0they said. But Sabino thought differently.\u00a0\u201cIt will grow, it will grow,\u201d\u00a0he told himself. [&hellip;]<\/p>\n","protected":false},"author":3,"featured_media":21237,"parent":857,"menu_order":0,"comment_status":"closed","ping_status":"closed","template":"","meta":{"_acf_changed":false,"inline_featured_image":false,"footnotes":""},"page-structure":[],"sidebar-content":[],"class_list":["post-21236","page","type-page","status-publish","has-post-thumbnail","hentry"],"acf":[],"yoast_head":"<!-- This site is optimized with the Yoast SEO plugin v27.2 - https:\/\/yoast.com\/product\/yoast-seo-wordpress\/ -->\n<title>Meet Sabino - latinoccu.org<\/title>\n<meta name=\"robots\" content=\"index, follow, max-snippet:-1, max-image-preview:large, max-video-preview:-1\" \/>\n<link rel=\"canonical\" href=\"https:\/\/latinoccu.org\/es\/about-us\/mission\/meet-our-members\/meet-sabino\/\" \/>\n<meta property=\"og:locale\" content=\"es_MX\" \/>\n<meta property=\"og:type\" content=\"article\" \/>\n<meta property=\"og:title\" content=\"Meet Sabino - latinoccu.org\" \/>\n<meta property=\"og:description\" content=\"An empty wallet and a bag full of dreams When Sabino Fuentes first walked through the doors of LCCU in downtown Fayetteville more than 16 years ago, many people told him he was making a mistake.\u00a0\u201cThat bank is too small, it won\u2019t last,\u201d\u00a0they said. But Sabino thought differently.\u00a0\u201cIt will grow, it will grow,\u201d\u00a0he told himself. [&hellip;]\" \/>\n<meta property=\"og:url\" content=\"https:\/\/latinoccu.org\/es\/about-us\/mission\/meet-our-members\/meet-sabino\/\" \/>\n<meta property=\"og:site_name\" content=\"latinoccu.org\" \/>\n<meta property=\"article:modified_time\" content=\"2025-10-30T22:53:14+00:00\" \/>\n<meta property=\"og:image\" content=\"https:\/\/latinoccu.org\/wp-content\/uploads\/2025\/10\/DSC_0509-scaled.jpg\" \/>\n\t<meta property=\"og:image:width\" content=\"2560\" \/>\n\t<meta property=\"og:image:height\" content=\"1707\" \/>\n\t<meta property=\"og:image:type\" content=\"image\/jpeg\" \/>\n<meta name=\"twitter:card\" content=\"summary_large_image\" \/>\n<meta name=\"twitter:label1\" content=\"Tiempo de lectura\" \/>\n\t<meta name=\"twitter:data1\" content=\"3 minutos\" \/>\n<script type=\"application\/ld+json\" class=\"yoast-schema-graph\">{\"@context\":\"https:\/\/schema.org\",\"@graph\":[{\"@type\":\"WebPage\",\"@id\":\"https:\/\/latinoccu.org\/about-us\/mission\/meet-our-members\/meet-sabino\/\",\"url\":\"https:\/\/latinoccu.org\/about-us\/mission\/meet-our-members\/meet-sabino\/\",\"name\":\"Meet Sabino - latinoccu.org\",\"isPartOf\":{\"@id\":\"https:\/\/latinoccu.org\/#website\"},\"primaryImageOfPage\":{\"@id\":\"https:\/\/latinoccu.org\/about-us\/mission\/meet-our-members\/meet-sabino\/#primaryimage\"},\"image\":{\"@id\":\"https:\/\/latinoccu.org\/about-us\/mission\/meet-our-members\/meet-sabino\/#primaryimage\"},\"thumbnailUrl\":\"https:\/\/latinoccu.org\/wp-content\/uploads\/2025\/10\/DSC_0509-scaled.jpg\",\"datePublished\":\"2025-10-28T18:50:02+00:00\",\"dateModified\":\"2025-10-30T22:53:14+00:00\",\"breadcrumb\":{\"@id\":\"https:\/\/latinoccu.org\/about-us\/mission\/meet-our-members\/meet-sabino\/#breadcrumb\"},\"inLanguage\":\"es\",\"potentialAction\":[{\"@type\":\"ReadAction\",\"target\":[\"https:\/\/latinoccu.org\/about-us\/mission\/meet-our-members\/meet-sabino\/\"]}]},{\"@type\":\"ImageObject\",\"inLanguage\":\"es\",\"@id\":\"https:\/\/latinoccu.org\/about-us\/mission\/meet-our-members\/meet-sabino\/#primaryimage\",\"url\":\"https:\/\/latinoccu.org\/wp-content\/uploads\/2025\/10\/DSC_0509-scaled.jpg\",\"contentUrl\":\"https:\/\/latinoccu.org\/wp-content\/uploads\/2025\/10\/DSC_0509-scaled.jpg\",\"width\":2560,\"height\":1707,\"caption\":\"Member Sabino inside our branch\"},{\"@type\":\"BreadcrumbList\",\"@id\":\"https:\/\/latinoccu.org\/about-us\/mission\/meet-our-members\/meet-sabino\/#breadcrumb\",\"itemListElement\":[{\"@type\":\"ListItem\",\"position\":1,\"name\":\"Home\",\"item\":\"https:\/\/latinoccu.org\/\"},{\"@type\":\"ListItem\",\"position\":2,\"name\":\"About Us\",\"item\":\"https:\/\/latinoccu.org\/about-us\/\"},{\"@type\":\"ListItem\",\"position\":3,\"name\":\"Mission\",\"item\":\"https:\/\/latinoccu.org\/about-us\/mission\/\"},{\"@type\":\"ListItem\",\"position\":4,\"name\":\"Meet Our Members\",\"item\":\"https:\/\/latinoccu.org\/about-us\/mission\/meet-our-members\/\"},{\"@type\":\"ListItem\",\"position\":5,\"name\":\"Meet Sabino\"}]},{\"@type\":\"WebSite\",\"@id\":\"https:\/\/latinoccu.org\/#website\",\"url\":\"https:\/\/latinoccu.org\/\",\"name\":\"latinoccu.org\",\"description\":\"\",\"potentialAction\":[{\"@type\":\"SearchAction\",\"target\":{\"@type\":\"EntryPoint\",\"urlTemplate\":\"https:\/\/latinoccu.org\/?s={search_term_string}\"},\"query-input\":{\"@type\":\"PropertyValueSpecification\",\"valueRequired\":true,\"valueName\":\"search_term_string\"}}],\"inLanguage\":\"es\"}]}<\/script>\n<!-- \/ Yoast SEO plugin. -->","yoast_head_json":{"title":"Meet Sabino - latinoccu.org","robots":{"index":"index","follow":"follow","max-snippet":"max-snippet:-1","max-image-preview":"max-image-preview:large","max-video-preview":"max-video-preview:-1"},"canonical":"https:\/\/latinoccu.org\/es\/about-us\/mission\/meet-our-members\/meet-sabino\/","og_locale":"es_MX","og_type":"article","og_title":"Meet Sabino - latinoccu.org","og_description":"An empty wallet and a bag full of dreams When Sabino Fuentes first walked through the doors of LCCU in downtown Fayetteville more than 16 years ago, many people told him he was making a mistake.\u00a0\u201cThat bank is too small, it won\u2019t last,\u201d\u00a0they said. But Sabino thought differently.\u00a0\u201cIt will grow, it will grow,\u201d\u00a0he told himself. [&hellip;]","og_url":"https:\/\/latinoccu.org\/es\/about-us\/mission\/meet-our-members\/meet-sabino\/","og_site_name":"latinoccu.org","article_modified_time":"2025-10-30T22:53:14+00:00","og_image":[{"width":2560,"height":1707,"url":"https:\/\/latinoccu.org\/wp-content\/uploads\/2025\/10\/DSC_0509-scaled.jpg","type":"image\/jpeg"}],"twitter_card":"summary_large_image","twitter_misc":{"Tiempo de lectura":"3 minutos"},"schema":{"@context":"https:\/\/schema.org","@graph":[{"@type":"WebPage","@id":"https:\/\/latinoccu.org\/about-us\/mission\/meet-our-members\/meet-sabino\/","url":"https:\/\/latinoccu.org\/about-us\/mission\/meet-our-members\/meet-sabino\/","name":"Meet Sabino - latinoccu.org","isPartOf":{"@id":"https:\/\/latinoccu.org\/#website"},"primaryImageOfPage":{"@id":"https:\/\/latinoccu.org\/about-us\/mission\/meet-our-members\/meet-sabino\/#primaryimage"},"image":{"@id":"https:\/\/latinoccu.org\/about-us\/mission\/meet-our-members\/meet-sabino\/#primaryimage"},"thumbnailUrl":"https:\/\/latinoccu.org\/wp-content\/uploads\/2025\/10\/DSC_0509-scaled.jpg","datePublished":"2025-10-28T18:50:02+00:00","dateModified":"2025-10-30T22:53:14+00:00","breadcrumb":{"@id":"https:\/\/latinoccu.org\/about-us\/mission\/meet-our-members\/meet-sabino\/#breadcrumb"},"inLanguage":"es","potentialAction":[{"@type":"ReadAction","target":["https:\/\/latinoccu.org\/about-us\/mission\/meet-our-members\/meet-sabino\/"]}]},{"@type":"ImageObject","inLanguage":"es","@id":"https:\/\/latinoccu.org\/about-us\/mission\/meet-our-members\/meet-sabino\/#primaryimage","url":"https:\/\/latinoccu.org\/wp-content\/uploads\/2025\/10\/DSC_0509-scaled.jpg","contentUrl":"https:\/\/latinoccu.org\/wp-content\/uploads\/2025\/10\/DSC_0509-scaled.jpg","width":2560,"height":1707,"caption":"Member Sabino inside our branch"},{"@type":"BreadcrumbList","@id":"https:\/\/latinoccu.org\/about-us\/mission\/meet-our-members\/meet-sabino\/#breadcrumb","itemListElement":[{"@type":"ListItem","position":1,"name":"Home","item":"https:\/\/latinoccu.org\/"},{"@type":"ListItem","position":2,"name":"About Us","item":"https:\/\/latinoccu.org\/about-us\/"},{"@type":"ListItem","position":3,"name":"Mission","item":"https:\/\/latinoccu.org\/about-us\/mission\/"},{"@type":"ListItem","position":4,"name":"Meet Our Members","item":"https:\/\/latinoccu.org\/about-us\/mission\/meet-our-members\/"},{"@type":"ListItem","position":5,"name":"Meet Sabino"}]},{"@type":"WebSite","@id":"https:\/\/latinoccu.org\/#website","url":"https:\/\/latinoccu.org\/","name":"latinoccu.org","description":"","potentialAction":[{"@type":"SearchAction","target":{"@type":"EntryPoint","urlTemplate":"https:\/\/latinoccu.org\/?s={search_term_string}"},"query-input":{"@type":"PropertyValueSpecification","valueRequired":true,"valueName":"search_term_string"}}],"inLanguage":"es"}]}},"_links":{"self":[{"href":"https:\/\/latinoccu.org\/es\/wp-json\/wp\/v2\/pages\/21236","targetHints":{"allow":["GET"]}}],"collection":[{"href":"https:\/\/latinoccu.org\/es\/wp-json\/wp\/v2\/pages"}],"about":[{"href":"https:\/\/latinoccu.org\/es\/wp-json\/wp\/v2\/types\/page"}],"author":[{"embeddable":true,"href":"https:\/\/latinoccu.org\/es\/wp-json\/wp\/v2\/users\/3"}],"replies":[{"embeddable":true,"href":"https:\/\/latinoccu.org\/es\/wp-json\/wp\/v2\/comments?post=21236"}],"version-history":[{"count":0,"href":"https:\/\/latinoccu.org\/es\/wp-json\/wp\/v2\/pages\/21236\/revisions"}],"up":[{"embeddable":true,"href":"https:\/\/latinoccu.org\/es\/wp-json\/wp\/v2\/pages\/857"}],"wp:featuredmedia":[{"embeddable":true,"href":"https:\/\/latinoccu.org\/es\/wp-json\/wp\/v2\/media\/21237"}],"wp:attachment":[{"href":"https:\/\/latinoccu.org\/es\/wp-json\/wp\/v2\/media?parent=21236"}],"wp:term":[{"taxonomy":"page-structure","embeddable":true,"href":"https:\/\/latinoccu.org\/es\/wp-json\/wp\/v2\/page-structure?post=21236"},{"taxonomy":"sidebar-content","embeddable":true,"href":"https:\/\/latinoccu.org\/es\/wp-json\/wp\/v2\/sidebar-content?post=21236"}],"curies":[{"name":"wp","href":"https:\/\/api.w.org\/{rel}","templated":true}]}}