{"id":20514,"date":"2025-02-04T15:47:59","date_gmt":"2025-02-04T15:47:59","guid":{"rendered":"https:\/\/latinoccu.org\/?page_id=20514"},"modified":"2026-01-26T15:22:24","modified_gmt":"2026-01-26T15:22:24","slug":"always-connected","status":"publish","type":"page","link":"https:\/\/latinoccu.org\/es\/online-security\/always-connected\/","title":{"rendered":"Siempre Conectados"},"content":{"rendered":"<div data-elementor-type=\"wp-page\" data-elementor-id=\"20514\" class=\"elementor elementor-20514\" data-elementor-post-type=\"page\">\n\t\t\t\t<div class=\"elementor-element elementor-element-ea62fba e-flex e-con-boxed e-con e-parent\" data-id=\"ea62fba\" data-element_type=\"container\" data-e-type=\"container\">\n\t\t\t\t\t<div class=\"e-con-inner\">\n\t\t\t\t<div class=\"elementor-element elementor-element-65e8c39 elementor-widget elementor-widget-heading\" data-id=\"65e8c39\" data-element_type=\"widget\" data-e-type=\"widget\" data-widget_type=\"heading.default\">\n\t\t\t\t<div class=\"elementor-widget-container\">\n\t\t\t\t\t<h2 class=\"elementor-heading-title elementor-size-default\">Porqu\u00e9 mantenerse conectado es importante<\/h2>\t\t\t\t<\/div>\n\t\t\t\t<\/div>\n\t\t\t\t<div class=\"elementor-element elementor-element-8f8b87e elementor-widget elementor-widget-text-editor\" data-id=\"8f8b87e\" data-element_type=\"widget\" data-e-type=\"widget\" data-widget_type=\"text-editor.default\">\n\t\t\t\t<div class=\"elementor-widget-container\">\n\t\t\t\t\t\t\t\t\t<p style=\"font-weight: 400;\">En la cooperativa, tu seguridad y bienestar financiero son nuestras principales prioridades. Mantenerte conectado a tus cuentas te brinda tranquilidad y control total sobre tu dinero, sin importar a d\u00f3nde te lleve la vida.<\/p><p><span style=\"font-weight: 400;\">Con LatinoConnect, puedes administrar tus cuentas de manera segura desde cualquier parte del mundo, protegiendo as\u00ed tus finanzas y asegurando tu futuro. Mantente preparado ante amenazas cibern\u00e9ticas, delitos financieros, cambios en las pol\u00edticas, eventos inesperados e incluso emergencias imprevistas o desastres naturales.<\/span><\/p>\t\t\t\t\t\t\t\t<\/div>\n\t\t\t\t<\/div>\n\t\t\t\t<div class=\"elementor-element elementor-element-51af8d0 elementor-widget elementor-widget-text-editor\" data-id=\"51af8d0\" data-element_type=\"widget\" data-e-type=\"widget\" data-widget_type=\"text-editor.default\">\n\t\t\t\t<div class=\"elementor-widget-container\">\n\t\t\t\t\t\t\t\t\t<h3 style=\"font-weight: 400;\"><strong>Mant\u00e9n el Control, Siempre\u00a0 <\/strong><\/h3><ol><li><p>Tus cuentas y fondos est\u00e1n protegidos legalmente a tu nombre. Es m\u00e1s seguro mantener tu dinero en tu instituci\u00f3n financiera, donde est\u00e1 asegurado, en lugar de llevar o almacenar grandes sumas en efectivo, las cuales pueden perderse, ser robadas o extraviadas.<\/p><\/li><li><p>Considera agregar propietarios conjuntos o beneficiarios de confianza a tu cuenta para mayor seguridad y accesibilidad. Para hacerlo, visita tu sucursal local o llama a nuestro centro de servicio al socio al (919) 595-1800.<\/p><\/li><li><p>Mant\u00e9n una l\u00ednea de comunicaci\u00f3n abierta, estamos aqu\u00ed para apoyarte. Si tienes planes futuros que puedan afectar tus cuentas, notif\u00edcanos con anticipaci\u00f3n o comun\u00edcate con nosotros por tel\u00e9fono durante el horario de atenci\u00f3n, mensaje seguro o correo electr\u00f3nico.<\/p><\/li><li><p>Lleva contigo tus tarjetas de d\u00e9bito y cr\u00e9dito de LCCU para acceder de manera segura a tus fondos desde cualquier lugar.<\/p><\/li><li><p>Usa LatinoConnect para un acceso en l\u00ednea r\u00e1pido y seguro las 24 horas del d\u00eda, los 7 d\u00edas de la semana, desde cualquier parte del mundo. Ya sea desde tu computadora o aplicaci\u00f3n m\u00f3vil, puedes consultar saldos, realizar transacciones, enviar transferencias bancarias y m\u00e1s.<\/p><\/li><li><p>Aseg\u00farate de que tu direcci\u00f3n, correo electr\u00f3nico y n\u00famero de tel\u00e9fono est\u00e9n actualizados. Esto nos ayuda a mantenernos en contacto contigo y te permite acceder f\u00e1cilmente a tus cuentas.<\/p><\/li><\/ol>\t\t\t\t\t\t\t\t<\/div>\n\t\t\t\t<\/div>\n\t\t\t\t<div class=\"elementor-element elementor-element-89f0ce0 elementor-widget__width-initial elementor-widget elementor-widget-video\" data-id=\"89f0ce0\" data-element_type=\"widget\" data-e-type=\"widget\" data-settings=\"{&quot;youtube_url&quot;:&quot;https:\\\/\\\/youtu.be\\\/GGRchdUKcbU&quot;,&quot;video_type&quot;:&quot;youtube&quot;,&quot;controls&quot;:&quot;yes&quot;}\" data-widget_type=\"video.default\">\n\t\t\t\t<div class=\"elementor-widget-container\">\n\t\t\t\t\t<style>.elementor-element-89f0ce0{display:none !important}<\/style>\t\t\t\t<\/div>\n\t\t\t\t<\/div>\n\t\t\t\t<div class=\"elementor-element elementor-element-df6f3c1 elementor-widget__width-initial elementor-widget elementor-widget-video\" data-id=\"df6f3c1\" data-element_type=\"widget\" data-e-type=\"widget\" data-settings=\"{&quot;youtube_url&quot;:&quot;https:\\\/\\\/youtu.be\\\/I_XaVf_YX4w&quot;,&quot;video_type&quot;:&quot;youtube&quot;,&quot;controls&quot;:&quot;yes&quot;}\" data-widget_type=\"video.default\">\n\t\t\t\t<div class=\"elementor-widget-container\">\n\t\t\t\t\t\t\t<div class=\"elementor-wrapper elementor-open-inline\">\n\t\t\t<div class=\"elementor-video\"><\/div>\t\t<\/div>\n\t\t\t\t\t\t<\/div>\n\t\t\t\t<\/div>\n\t\t\t\t<div class=\"elementor-element elementor-element-35220fd elementor-widget elementor-widget-text-editor\" data-id=\"35220fd\" data-element_type=\"widget\" data-e-type=\"widget\" data-widget_type=\"text-editor.default\">\n\t\t\t\t<div class=\"elementor-widget-container\">\n\t\t\t\t\t\t\t\t\t<h3 style=\"font-weight: 400;\"><strong>Acceso en L\u00ednea Confiable con LatinoConnect<\/strong><\/h3><ol><li><p>Disfruta de acceso completo a tus cuentas y fondos en cualquier momento a trav\u00e9s de <a href=\"https:\/\/connect.latinoccu.org\/login\">LatinoConnect en l\u00ednea<\/a> o por la aplicaci\u00f3n m\u00f3vil de LCCU. Si a\u00fan no has aprovechado nuestros beneficios en l\u00ednea, <a href=\"https:\/\/connect.latinoccu.org\/registration\">reg\u00edstrarte<\/a> en LatinoConnect es f\u00e1cil y solo toma unos pocos pasos.<\/p><\/li><li><p>\u00a1Estamos a solo un mensaje de distancia! Puedes comunicarte con nosotros de manera segura desde cualquier parte del mundo utilizando la funci\u00f3n de mensajes segura dentro de tu perfil en LatinoConnect.<\/p><\/li><li><p>Evita sorpresas inesperadas configurando controles de tarjetas, alertas de cuenta y notificaciones para recibir actualizaciones de seguridad en tiempo real.<\/p><\/li><li><p>Descansa tranquilo sabiendo que LatinoConnect cuenta con Autenticaci\u00f3n Multifactor y medidas de seguridad adicionales para proteger tu acceso en l\u00ednea.<\/p><\/li><li><p>Inscr\u00edbete en los estados de cuenta electr\u00f3nicos para almacenar de manera segura los detalles de tu cuenta en l\u00ednea y acceder a ellos en cualquier momento.<\/p><\/li><\/ol>\t\t\t\t\t\t\t\t<\/div>\n\t\t\t\t<\/div>\n\t\t\t\t<div class=\"elementor-element elementor-element-4b88347 elementor-widget__width-initial elementor-widget elementor-widget-video\" data-id=\"4b88347\" data-element_type=\"widget\" data-e-type=\"widget\" data-settings=\"{&quot;youtube_url&quot;:&quot;https:\\\/\\\/youtu.be\\\/F2swn1ig9jI&quot;,&quot;video_type&quot;:&quot;youtube&quot;,&quot;controls&quot;:&quot;yes&quot;}\" data-widget_type=\"video.default\">\n\t\t\t\t<div class=\"elementor-widget-container\">\n\t\t\t\t\t<style>.elementor-element-4b88347{display:none !important}<\/style>\t\t\t\t<\/div>\n\t\t\t\t<\/div>\n\t\t\t\t<div class=\"elementor-element elementor-element-cdab987 elementor-widget__width-initial elementor-widget elementor-widget-video\" data-id=\"cdab987\" data-element_type=\"widget\" data-e-type=\"widget\" data-settings=\"{&quot;youtube_url&quot;:&quot;https:\\\/\\\/youtu.be\\\/0cT59SuPzT4&quot;,&quot;video_type&quot;:&quot;youtube&quot;,&quot;controls&quot;:&quot;yes&quot;}\" data-widget_type=\"video.default\">\n\t\t\t\t<div class=\"elementor-widget-container\">\n\t\t\t\t\t\t\t<div class=\"elementor-wrapper elementor-open-inline\">\n\t\t\t<div class=\"elementor-video\"><\/div>\t\t<\/div>\n\t\t\t\t\t\t<\/div>\n\t\t\t\t<\/div>\n\t\t\t\t<div class=\"elementor-element elementor-element-d6dbe92 elementor-widget elementor-widget-text-editor\" data-id=\"d6dbe92\" data-element_type=\"widget\" data-e-type=\"widget\" data-widget_type=\"text-editor.default\">\n\t\t\t\t<div class=\"elementor-widget-container\">\n\t\t\t\t\t\t\t\t\t<h3 style=\"font-weight: 400;\"><strong>Antes de Viajar, Mant\u00e9n tu Cuenta Protegida<\/strong><\/h3>\n<ol>\n<li>\n<p>Viaja con tranquilidad configurando notificaciones de viaje para evitar interrupciones mientras est\u00e9s fuera. Activa los controles de tarjeta para congelar, descongelar o reportar tu tarjeta de d\u00e9bito o cr\u00e9dito seg\u00fan sea necesario.<\/p>\n<\/li>\n<li>\n<p>Si necesitas actualizar tu informaci\u00f3n o comunicarte de manera urgente, usa mensajes seguro dentro de LatinoConnect para mantenerte conectado sin importar d\u00f3nde est\u00e9s.<\/p>\n<\/li>\n<li>\n<p>La Cooperativa te brinda acceso a <a href=\"https:\/\/latinoccu.org\/es\/atms\/\">cajeros autom\u00e1ticos<\/a>. Ten en cuenta que el uso de cajeros fuera de nuestra red puede generar cargos.<\/p>\n<\/li>\n<li>\n<p>Ahora puedes vincular tu cuenta de LCCU con cualquier instituci\u00f3n financiera externa en todo el mundo. Obt\u00e9n m\u00e1s informaci\u00f3n sobre transferencias bancarias o c\u00f3mo enviar dinero a otras instituciones financieras aqu\u00ed.<\/p>\n<\/li>\n<\/ol>\t\t\t\t\t\t\t\t<\/div>\n\t\t\t\t<\/div>\n\t\t\t\t<div data-dce-background-color=\"#113586\" class=\"elementor-element elementor-element-3e2d362 elementor-align-center elementor-widget elementor-widget-button\" data-id=\"3e2d362\" data-element_type=\"widget\" data-e-type=\"widget\" data-widget_type=\"button.default\">\n\t\t\t\t<div class=\"elementor-widget-container\">\n\t\t\t\t\t\t\t\t\t<div class=\"elementor-button-wrapper\">\n\t\t\t\t\t<a class=\"elementor-button elementor-button-link elementor-size-sm\" href=\"https:\/\/latinoccu.org\/es\/transfers\/\">\n\t\t\t\t\t\t<span class=\"elementor-button-content-wrapper\">\n\t\t\t\t\t\t<span class=\"elementor-button-icon\">\n\t\t\t\t<i aria-hidden=\"true\" class=\"fas fa-exchange-alt\"><\/i>\t\t\t<\/span>\n\t\t\t\t\t\t\t\t\t<span class=\"elementor-button-text\">Opciones de Transferencia<\/span>\n\t\t\t\t\t<\/span>\n\t\t\t\t\t<\/a>\n\t\t\t\t<\/div>\n\t\t\t\t\t\t\t\t<\/div>\n\t\t\t\t<\/div>\n\t\t\t\t<div class=\"elementor-element elementor-element-116eb04 elementor-widget elementor-widget-text-editor\" data-id=\"116eb04\" data-element_type=\"widget\" data-e-type=\"widget\" data-widget_type=\"text-editor.default\">\n\t\t\t\t<div class=\"elementor-widget-container\">\n\t\t\t\t\t\t\t\t\t<p style=\"font-weight: 400;\">Si tienes alguna duda o inquietud, no dudes en comunicarte con nosotros. Nuestro equipo est\u00e1 disponible a trav\u00e9s de nuestras sucursales, LatinoConnect y el Centro de Servicio al socio para brindarte asistencia y apoyo. Para m\u00e1s informaci\u00f3n, cont\u00e1ctanos al 919-595-1800 o env\u00edanos un correo electr\u00f3nico a\u00a0<a href=\"mailto:info@latinoccu.org\">info@latinoccu.org<\/a>.<\/p>\t\t\t\t\t\t\t\t<\/div>\n\t\t\t\t<\/div>\n\t\t\t\t\t<\/div>\n\t\t\t\t<\/div>\n\t\t<div class=\"elementor-element elementor-element-c58ca22 e-con-full cmp cmp-blue-header mobile-margins e-flex e-con e-parent\" data-id=\"c58ca22\" data-element_type=\"container\" data-e-type=\"container\" data-settings=\"{&quot;background_background&quot;:&quot;classic&quot;}\">\n\t\t<div class=\"elementor-element elementor-element-be2ab3d e-flex e-con-boxed e-con e-child\" data-id=\"be2ab3d\" data-element_type=\"container\" data-e-type=\"container\">\n\t\t\t\t\t<div class=\"e-con-inner\">\n\t\t\t\t<div class=\"elementor-element elementor-element-5f46b2b elementor-align-center white-buttons elementor-widget elementor-widget-button\" data-id=\"5f46b2b\" data-element_type=\"widget\" data-e-type=\"widget\" data-widget_type=\"button.default\">\n\t\t\t\t<div class=\"elementor-widget-container\">\n\t\t\t\t\t\t\t\t\t<div class=\"elementor-button-wrapper\">\n\t\t\t\t\t<a class=\"elementor-button elementor-button-link elementor-size-sm\" href=\"https:\/\/latinoccu.org\/es\/online-security\/\">\n\t\t\t\t\t\t<span class=\"elementor-button-content-wrapper\">\n\t\t\t\t\t\t<span class=\"elementor-button-icon\">\n\t\t\t\t<i aria-hidden=\"true\" class=\"fas fa-angle-right\"><\/i>\t\t\t<\/span>\n\t\t\t\t\t\t\t\t\t<span class=\"elementor-button-text\">Seguridad en L\u00ednea<\/span>\n\t\t\t\t\t<\/span>\n\t\t\t\t\t<\/a>\n\t\t\t\t<\/div>\n\t\t\t\t\t\t\t\t<\/div>\n\t\t\t\t<\/div>\n\t\t\t\t<div class=\"elementor-element elementor-element-b252518 elementor-align-center white-buttons elementor-widget elementor-widget-button\" data-id=\"b252518\" data-element_type=\"widget\" data-e-type=\"widget\" data-widget_type=\"button.default\">\n\t\t\t\t<div class=\"elementor-widget-container\">\n\t\t\t\t\t\t\t\t\t<div class=\"elementor-button-wrapper\">\n\t\t\t\t\t<a class=\"elementor-button elementor-button-link elementor-size-sm\" href=\"https:\/\/latinoccu.org\/es\/online-security-current-threats\/\">\n\t\t\t\t\t\t<span class=\"elementor-button-content-wrapper\">\n\t\t\t\t\t\t<span class=\"elementor-button-icon\">\n\t\t\t\t<i aria-hidden=\"true\" class=\"fas fa-angle-right\"><\/i>\t\t\t<\/span>\n\t\t\t\t\t\t\t\t\t<span class=\"elementor-button-text\">Amenazas Actuales<\/span>\n\t\t\t\t\t<\/span>\n\t\t\t\t\t<\/a>\n\t\t\t\t<\/div>\n\t\t\t\t\t\t\t\t<\/div>\n\t\t\t\t<\/div>\n\t\t\t\t<div class=\"elementor-element elementor-element-3386c61 elementor-align-center white-buttons elementor-widget elementor-widget-button\" data-id=\"3386c61\" data-element_type=\"widget\" data-e-type=\"widget\" data-widget_type=\"button.default\">\n\t\t\t\t<div class=\"elementor-widget-container\">\n\t\t\t\t\t\t\t\t\t<div class=\"elementor-button-wrapper\">\n\t\t\t\t\t<a class=\"elementor-button elementor-button-link elementor-size-sm\" href=\"https:\/\/latinoccu.org\/es\/protect-yourself\/\">\n\t\t\t\t\t\t<span class=\"elementor-button-content-wrapper\">\n\t\t\t\t\t\t<span class=\"elementor-button-icon\">\n\t\t\t\t<i aria-hidden=\"true\" class=\"fas fa-angle-right\"><\/i>\t\t\t<\/span>\n\t\t\t\t\t\t\t\t\t<span class=\"elementor-button-text\">Prot\u00e9gete<\/span>\n\t\t\t\t\t<\/span>\n\t\t\t\t\t<\/a>\n\t\t\t\t<\/div>\n\t\t\t\t\t\t\t\t<\/div>\n\t\t\t\t<\/div>\n\t\t\t\t\t<\/div>\n\t\t\t\t<\/div>\n\t\t\t\t<\/div>\n\t\t\t\t<\/div>","protected":false},"excerpt":{"rendered":"<p>Why Staying Connected Matters At LCCU, your security and financial well-being are our top priorities. Staying connected to your accounts ensures you have peace of mind and full control over your money, no matter where life takes you. By managing your accounts safely and securely from anywhere in the world with LatinoConnect, you can protect [&hellip;]<\/p>\n","protected":false},"author":3,"featured_media":20515,"parent":12158,"menu_order":0,"comment_status":"closed","ping_status":"closed","template":"","meta":{"_acf_changed":false,"inline_featured_image":false,"footnotes":""},"page-structure":[],"sidebar-content":[],"class_list":["post-20514","page","type-page","status-publish","has-post-thumbnail","hentry"],"acf":[],"yoast_head":"<!-- This site is optimized with the Yoast SEO plugin v27.2 - https:\/\/yoast.com\/product\/yoast-seo-wordpress\/ -->\n<title>Always Connected - latinoccu.org<\/title>\n<meta name=\"robots\" content=\"index, follow, max-snippet:-1, max-image-preview:large, max-video-preview:-1\" \/>\n<link rel=\"canonical\" href=\"https:\/\/latinoccu.org\/es\/online-security\/always-connected\/\" \/>\n<meta property=\"og:locale\" content=\"es_MX\" \/>\n<meta property=\"og:type\" content=\"article\" \/>\n<meta property=\"og:title\" content=\"Always Connected - latinoccu.org\" \/>\n<meta property=\"og:description\" content=\"Why Staying Connected Matters At LCCU, your security and financial well-being are our top priorities. Staying connected to your accounts ensures you have peace of mind and full control over your money, no matter where life takes you. By managing your accounts safely and securely from anywhere in the world with LatinoConnect, you can protect [&hellip;]\" \/>\n<meta property=\"og:url\" content=\"https:\/\/latinoccu.org\/es\/online-security\/always-connected\/\" \/>\n<meta property=\"og:site_name\" content=\"latinoccu.org\" \/>\n<meta property=\"article:modified_time\" content=\"2026-01-26T15:22:24+00:00\" \/>\n<meta property=\"og:image\" content=\"https:\/\/latinoccu.org\/wp-content\/uploads\/2025\/02\/AdobeStock_513196937-1024x341.jpeg\" \/>\n\t<meta property=\"og:image:width\" content=\"1024\" \/>\n\t<meta property=\"og:image:height\" content=\"341\" \/>\n\t<meta property=\"og:image:type\" content=\"image\/jpeg\" \/>\n<meta name=\"twitter:card\" content=\"summary_large_image\" \/>\n<meta name=\"twitter:label1\" content=\"Tiempo de lectura\" \/>\n\t<meta name=\"twitter:data1\" content=\"3 minutos\" \/>\n<script type=\"application\/ld+json\" class=\"yoast-schema-graph\">{\"@context\":\"https:\/\/schema.org\",\"@graph\":[{\"@type\":\"WebPage\",\"@id\":\"https:\/\/latinoccu.org\/online-security\/always-connected\/\",\"url\":\"https:\/\/latinoccu.org\/online-security\/always-connected\/\",\"name\":\"Always Connected - latinoccu.org\",\"isPartOf\":{\"@id\":\"https:\/\/latinoccu.org\/#website\"},\"primaryImageOfPage\":{\"@id\":\"https:\/\/latinoccu.org\/online-security\/always-connected\/#primaryimage\"},\"image\":{\"@id\":\"https:\/\/latinoccu.org\/online-security\/always-connected\/#primaryimage\"},\"thumbnailUrl\":\"https:\/\/latinoccu.org\/wp-content\/uploads\/2025\/02\/AdobeStock_513196937.jpeg\",\"datePublished\":\"2025-02-04T15:47:59+00:00\",\"dateModified\":\"2026-01-26T15:22:24+00:00\",\"breadcrumb\":{\"@id\":\"https:\/\/latinoccu.org\/online-security\/always-connected\/#breadcrumb\"},\"inLanguage\":\"es\",\"potentialAction\":[{\"@type\":\"ReadAction\",\"target\":[\"https:\/\/latinoccu.org\/online-security\/always-connected\/\"]}]},{\"@type\":\"ImageObject\",\"inLanguage\":\"es\",\"@id\":\"https:\/\/latinoccu.org\/online-security\/always-connected\/#primaryimage\",\"url\":\"https:\/\/latinoccu.org\/wp-content\/uploads\/2025\/02\/AdobeStock_513196937.jpeg\",\"contentUrl\":\"https:\/\/latinoccu.org\/wp-content\/uploads\/2025\/02\/AdobeStock_513196937.jpeg\",\"width\":9504,\"height\":3168,\"caption\":\"Businessperson's Hand Protecting Blue Human Figures Surrounding Stacked Golden Coins Over Desk\"},{\"@type\":\"BreadcrumbList\",\"@id\":\"https:\/\/latinoccu.org\/online-security\/always-connected\/#breadcrumb\",\"itemListElement\":[{\"@type\":\"ListItem\",\"position\":1,\"name\":\"Home\",\"item\":\"https:\/\/latinoccu.org\/\"},{\"@type\":\"ListItem\",\"position\":2,\"name\":\"Online Security\",\"item\":\"https:\/\/latinoccu.org\/online-security\/\"},{\"@type\":\"ListItem\",\"position\":3,\"name\":\"Always Connected\"}]},{\"@type\":\"WebSite\",\"@id\":\"https:\/\/latinoccu.org\/#website\",\"url\":\"https:\/\/latinoccu.org\/\",\"name\":\"latinoccu.org\",\"description\":\"\",\"potentialAction\":[{\"@type\":\"SearchAction\",\"target\":{\"@type\":\"EntryPoint\",\"urlTemplate\":\"https:\/\/latinoccu.org\/?s={search_term_string}\"},\"query-input\":{\"@type\":\"PropertyValueSpecification\",\"valueRequired\":true,\"valueName\":\"search_term_string\"}}],\"inLanguage\":\"es\"}]}<\/script>\n<!-- \/ Yoast SEO plugin. -->","yoast_head_json":{"title":"Always Connected - latinoccu.org","robots":{"index":"index","follow":"follow","max-snippet":"max-snippet:-1","max-image-preview":"max-image-preview:large","max-video-preview":"max-video-preview:-1"},"canonical":"https:\/\/latinoccu.org\/es\/online-security\/always-connected\/","og_locale":"es_MX","og_type":"article","og_title":"Always Connected - latinoccu.org","og_description":"Why Staying Connected Matters At LCCU, your security and financial well-being are our top priorities. Staying connected to your accounts ensures you have peace of mind and full control over your money, no matter where life takes you. By managing your accounts safely and securely from anywhere in the world with LatinoConnect, you can protect [&hellip;]","og_url":"https:\/\/latinoccu.org\/es\/online-security\/always-connected\/","og_site_name":"latinoccu.org","article_modified_time":"2026-01-26T15:22:24+00:00","og_image":[{"width":1024,"height":341,"url":"https:\/\/latinoccu.org\/wp-content\/uploads\/2025\/02\/AdobeStock_513196937-1024x341.jpeg","type":"image\/jpeg"}],"twitter_card":"summary_large_image","twitter_misc":{"Tiempo de lectura":"3 minutos"},"schema":{"@context":"https:\/\/schema.org","@graph":[{"@type":"WebPage","@id":"https:\/\/latinoccu.org\/online-security\/always-connected\/","url":"https:\/\/latinoccu.org\/online-security\/always-connected\/","name":"Always Connected - latinoccu.org","isPartOf":{"@id":"https:\/\/latinoccu.org\/#website"},"primaryImageOfPage":{"@id":"https:\/\/latinoccu.org\/online-security\/always-connected\/#primaryimage"},"image":{"@id":"https:\/\/latinoccu.org\/online-security\/always-connected\/#primaryimage"},"thumbnailUrl":"https:\/\/latinoccu.org\/wp-content\/uploads\/2025\/02\/AdobeStock_513196937.jpeg","datePublished":"2025-02-04T15:47:59+00:00","dateModified":"2026-01-26T15:22:24+00:00","breadcrumb":{"@id":"https:\/\/latinoccu.org\/online-security\/always-connected\/#breadcrumb"},"inLanguage":"es","potentialAction":[{"@type":"ReadAction","target":["https:\/\/latinoccu.org\/online-security\/always-connected\/"]}]},{"@type":"ImageObject","inLanguage":"es","@id":"https:\/\/latinoccu.org\/online-security\/always-connected\/#primaryimage","url":"https:\/\/latinoccu.org\/wp-content\/uploads\/2025\/02\/AdobeStock_513196937.jpeg","contentUrl":"https:\/\/latinoccu.org\/wp-content\/uploads\/2025\/02\/AdobeStock_513196937.jpeg","width":9504,"height":3168,"caption":"Businessperson's Hand Protecting Blue Human Figures Surrounding Stacked Golden Coins Over Desk"},{"@type":"BreadcrumbList","@id":"https:\/\/latinoccu.org\/online-security\/always-connected\/#breadcrumb","itemListElement":[{"@type":"ListItem","position":1,"name":"Home","item":"https:\/\/latinoccu.org\/"},{"@type":"ListItem","position":2,"name":"Online Security","item":"https:\/\/latinoccu.org\/online-security\/"},{"@type":"ListItem","position":3,"name":"Always Connected"}]},{"@type":"WebSite","@id":"https:\/\/latinoccu.org\/#website","url":"https:\/\/latinoccu.org\/","name":"latinoccu.org","description":"","potentialAction":[{"@type":"SearchAction","target":{"@type":"EntryPoint","urlTemplate":"https:\/\/latinoccu.org\/?s={search_term_string}"},"query-input":{"@type":"PropertyValueSpecification","valueRequired":true,"valueName":"search_term_string"}}],"inLanguage":"es"}]}},"_links":{"self":[{"href":"https:\/\/latinoccu.org\/es\/wp-json\/wp\/v2\/pages\/20514","targetHints":{"allow":["GET"]}}],"collection":[{"href":"https:\/\/latinoccu.org\/es\/wp-json\/wp\/v2\/pages"}],"about":[{"href":"https:\/\/latinoccu.org\/es\/wp-json\/wp\/v2\/types\/page"}],"author":[{"embeddable":true,"href":"https:\/\/latinoccu.org\/es\/wp-json\/wp\/v2\/users\/3"}],"replies":[{"embeddable":true,"href":"https:\/\/latinoccu.org\/es\/wp-json\/wp\/v2\/comments?post=20514"}],"version-history":[{"count":0,"href":"https:\/\/latinoccu.org\/es\/wp-json\/wp\/v2\/pages\/20514\/revisions"}],"up":[{"embeddable":true,"href":"https:\/\/latinoccu.org\/es\/wp-json\/wp\/v2\/pages\/12158"}],"wp:featuredmedia":[{"embeddable":true,"href":"https:\/\/latinoccu.org\/es\/wp-json\/wp\/v2\/media\/20515"}],"wp:attachment":[{"href":"https:\/\/latinoccu.org\/es\/wp-json\/wp\/v2\/media?parent=20514"}],"wp:term":[{"taxonomy":"page-structure","embeddable":true,"href":"https:\/\/latinoccu.org\/es\/wp-json\/wp\/v2\/page-structure?post=20514"},{"taxonomy":"sidebar-content","embeddable":true,"href":"https:\/\/latinoccu.org\/es\/wp-json\/wp\/v2\/sidebar-content?post=20514"}],"curies":[{"name":"wp","href":"https:\/\/api.w.org\/{rel}","templated":true}]}}