{"id":2041,"date":"2016-09-07T15:07:45","date_gmt":"2016-09-07T19:07:45","guid":{"rendered":"http:\/\/latinoccu.org\/?page_id=2041"},"modified":"2024-09-09T20:47:48","modified_gmt":"2024-09-09T20:47:48","slug":"compare-mortgages","status":"publish","type":"page","link":"https:\/\/latinoccu.org\/es\/compare-mortgages\/","title":{"rendered":"Compara Hipotecas"},"content":{"rendered":"<div data-elementor-type=\"wp-page\" data-elementor-id=\"2041\" class=\"elementor elementor-2041\" data-elementor-post-type=\"page\">\n\t\t\t\t<div class=\"elementor-element elementor-element-5493d059 e-con-full mobile-margins cmp cmp-centered-text e-flex e-con e-parent\" data-id=\"5493d059\" data-element_type=\"container\" data-e-type=\"container\">\n\t\t<div class=\"elementor-element elementor-element-2476b862 e-flex e-con-boxed e-con e-child\" data-id=\"2476b862\" data-element_type=\"container\" data-e-type=\"container\">\n\t\t\t\t\t<div class=\"e-con-inner\">\n\t\t<div class=\"elementor-element elementor-element-2d206419 e-flex e-con-boxed e-con e-child\" data-id=\"2d206419\" data-element_type=\"container\" data-e-type=\"container\">\n\t\t\t\t\t<div class=\"e-con-inner\">\n\t\t<div class=\"elementor-element elementor-element-4695d4c e-con-full cmp cmp-table e-flex e-con e-child\" data-id=\"4695d4c\" data-element_type=\"container\" data-e-type=\"container\">\n\t\t<div class=\"elementor-element elementor-element-4502e13 e-flex e-con-boxed e-con e-child\" data-id=\"4502e13\" data-element_type=\"container\" data-e-type=\"container\">\n\t\t\t\t\t<div class=\"e-con-inner\">\n\t\t\t\t<div class=\"elementor-element elementor-element-a1cb5aa pp-table-center elementor-widget elementor-widget-pp-table\" data-id=\"a1cb5aa\" data-element_type=\"widget\" data-e-type=\"widget\" data-settings=\"{&quot;table_type&quot;:&quot;normal&quot;}\" data-widget_type=\"pp-table.default\">\n\t\t\t\t<div class=\"elementor-widget-container\">\n\t\t\t\t\t\t\t<div class=\"pp-table-container\">\n\t\t\t<table \n\t\t\tclass=\"pp-table tablesaw\"\t\t\t\t>\n\t\t\t\t\t\t\t<colgroup>\n\t\t\t\t\t\t\t\t<col\n\t\t\t\t\tspan=\"1\"\n\t\t\t\t\tclass=\"elementor-repeater-item-de6fc24\"\n\t\t\t\t\t\t\t\t\t\t\tstyle=\"\t\t\t\t\t\t\t\t\t\t\t\t\t\t\t\t\t\t\t\t\"\n\t\t\t\t\t\t\t\t\t\t>\n\t\t\t\t\t\t\t<\/colgroup>\n\t\t\t\t\t\t<thead>\n\t\t\t\t<tr class=\"pp-table-row\">\n\t\t\t\t\t<th class=\"pp-table-cell pp-table-cell-21920c7\"><span class=\"pp-table-cell-content\"><span class=\"pp-table-cell-text\">Tipo de Cuenta<\/span><\/span><\/th><th class=\"pp-table-cell pp-table-cell-1b55fe9\"><span class=\"pp-table-cell-content\"><span class=\"pp-table-cell-text\">Requisitos\t<\/span><\/span><\/th><th class=\"pp-table-cell pp-table-cell-4d1128e\"><span class=\"pp-table-cell-content\"><span class=\"pp-table-cell-text\">Compra y Refinanciaci\u00f3n<\/span><\/span><\/th>\t\t\t\t<\/tr>\n\t\t\t<\/thead>\n\t\t\t\t\t<tfoot>\n\t\t\t<\/tr>\t\t<\/tfoot>\n\t\t\t\t<tbody>\n\t\t\t<tr ><td class=\"pp-table-cell pp-table-cell-e561877\"><span class=\"pp-table-cell-content\"><span class=\"pp-table-cell-text\">Tasa Fija\t<\/span><\/span><\/td><td class=\"pp-table-cell pp-table-cell-d1df384\"><span class=\"pp-table-cell-content\"><span class=\"pp-table-cell-text\">Cuota Inicial m\u00ednima\t<\/span><\/span><\/td><td class=\"pp-table-cell pp-table-cell-1c15125\"><span class=\"pp-table-cell-content\"><span class=\"pp-table-cell-text\">10% o 20%\n<\/span><\/span><\/td><\/tr><tr ><td class=\"pp-table-cell pp-table-cell-81f5a2a\"><span class=\"pp-table-cell-content\"><span class=\"pp-table-cell-text\">&nbsp;<\/span><\/span><\/td><td class=\"pp-table-cell pp-table-cell-f4df117\"><span class=\"pp-table-cell-content\"><span class=\"pp-table-cell-text\">Historial Crediticio\t<\/span><\/span><\/td><td class=\"pp-table-cell pp-table-cell-054ef8e\"><span class=\"pp-table-cell-content\"><span class=\"pp-table-cell-text\">Los requisitos para el historial de cr\u00e9dito var\u00edan seg\u00fan el producto y el \u00edndice de pr\u00e9stamo a valor (LTV, por sus siglas en ingl\u00e9s). Se puede utilizar cr\u00e9dito tradicional, cr\u00e9dito alternativo o una combinaci\u00f3n de ambos.<\/span><\/span><\/td><\/tr><tr ><td class=\"pp-table-cell pp-table-cell-f832263\"><span class=\"pp-table-cell-content\"><span class=\"pp-table-cell-text\">&nbsp;<\/span><\/span><\/td><td class=\"pp-table-cell pp-table-cell-d05e40b\"><span class=\"pp-table-cell-content\"><span class=\"pp-table-cell-text\">Historial Laboral\t<\/span><\/span><\/td><td class=\"pp-table-cell pp-table-cell-36f91f6\"><span class=\"pp-table-cell-content\"><span class=\"pp-table-cell-text\">De al menos 12 meses. Para empleados independientes, por lo menos 24 meses<\/span><\/span><\/td><\/tr><tr ><td class=\"pp-table-cell pp-table-cell-c53b831\"><span class=\"pp-table-cell-content\"><span class=\"pp-table-cell-text\">&nbsp;<\/span><\/span><\/td><td class=\"pp-table-cell pp-table-cell-a01cad6\"><span class=\"pp-table-cell-content\"><span class=\"pp-table-cell-text\">Historial de Alquiler\t<\/span><\/span><\/td><td class=\"pp-table-cell pp-table-cell-b63b927\"><span class=\"pp-table-cell-content\"><span class=\"pp-table-cell-text\">De al menos 12 meses. <\/span><\/span><\/td><\/tr><tr ><td class=\"pp-table-cell pp-table-cell-fe42ab8\"><span class=\"pp-table-cell-content\"><span class=\"pp-table-cell-text\">&nbsp;<\/span><\/span><\/td><td class=\"pp-table-cell pp-table-cell-2a4c1a4\"><span class=\"pp-table-cell-content\"><span class=\"pp-table-cell-text\">Cr\u00e9dito Alternativo\t<\/span><\/span><\/td><td class=\"pp-table-cell pp-table-cell-b574942\"><span class=\"pp-table-cell-content\"><span class=\"pp-table-cell-text\">Con un pago inicial del 10%, se requieren 3 l\u00edneas de cr\u00e9dito por 6 meses. Con un pago inicial del 20%, se requieren 2 l\u00edneas de cr\u00e9dito o historial de alquiler por 12 meses.\n<\/span><\/span><\/td><\/tr><tr ><td class=\"pp-table-cell pp-table-cell-8cb80dc\"><span class=\"pp-table-cell-content\"><span class=\"pp-table-cell-text\">Tasa Variable (ARM)<\/span><\/span><\/td><td class=\"pp-table-cell pp-table-cell-2d81774\"><span class=\"pp-table-cell-content\"><span class=\"pp-table-cell-text\">Cuota inicial\t<\/span><\/span><\/td><td class=\"pp-table-cell pp-table-cell-fa10e65\"><span class=\"pp-table-cell-content\"><span class=\"pp-table-cell-text\">5%, 10% o 20%\n<\/span><\/span><\/td><\/tr><tr ><td class=\"pp-table-cell pp-table-cell-f2d73de\"><span class=\"pp-table-cell-content\"><span class=\"pp-table-cell-text\">&nbsp;<\/span><\/span><\/td><td class=\"pp-table-cell pp-table-cell-2f832a3\"><span class=\"pp-table-cell-content\"><span class=\"pp-table-cell-text\">Historial Crediticio\t<\/span><\/span><\/td><td class=\"pp-table-cell pp-table-cell-7b4f6e1\"><span class=\"pp-table-cell-content\"><span class=\"pp-table-cell-text\">Los requisitos para el historial de cr\u00e9dito var\u00edan seg\u00fan el producto y el \u00edndice de pr\u00e9stamo a valor (LTV, por sus siglas en ingl\u00e9s). Se puede utilizar cr\u00e9dito tradicional, cr\u00e9dito alternativo o una combinaci\u00f3n de ambos.<\/span><\/span><\/td><\/tr><tr ><td class=\"pp-table-cell pp-table-cell-10c2f81\"><span class=\"pp-table-cell-content\"><span class=\"pp-table-cell-text\">&nbsp;<\/span><\/span><\/td><td class=\"pp-table-cell pp-table-cell-ae6feb6\"><span class=\"pp-table-cell-content\"><span class=\"pp-table-cell-text\">Historial Laboral\t<\/span><\/span><\/td><td class=\"pp-table-cell pp-table-cell-54e06d6\"><span class=\"pp-table-cell-content\"><span class=\"pp-table-cell-text\">De al menos 12 meses. Para empleados independientes, por lo menos 24 meses<\/span><\/span><\/td><\/tr><tr ><td class=\"pp-table-cell pp-table-cell-fb42306\"><span class=\"pp-table-cell-content\"><span class=\"pp-table-cell-text\">&nbsp;<\/span><\/span><\/td><td class=\"pp-table-cell pp-table-cell-00db409\"><span class=\"pp-table-cell-content\"><span class=\"pp-table-cell-text\">Historial de Alquiler\t<\/span><\/span><\/td><td class=\"pp-table-cell pp-table-cell-a48b6f5\"><span class=\"pp-table-cell-content\"><span class=\"pp-table-cell-text\">De al menos 12 meses\n<\/span><\/span><\/td><\/tr><tr ><td class=\"pp-table-cell pp-table-cell-af36cda\"><span class=\"pp-table-cell-content\"><span class=\"pp-table-cell-text\">&nbsp;<\/span><\/span><\/td><td class=\"pp-table-cell pp-table-cell-40f5fd6\"><span class=\"pp-table-cell-content\"><span class=\"pp-table-cell-text\">Cr\u00e9dito Alternativo\t<\/span><\/span><\/td><td class=\"pp-table-cell pp-table-cell-d9290bb\"><span class=\"pp-table-cell-content\"><span class=\"pp-table-cell-text\">Con un pago inicial del 5%, se requieren 2 l\u00edneas de cr\u00e9dito por 6 meses, adem\u00e1s de al menos 1 l\u00ednea de cr\u00e9dito tradicional activa y reportando durante los \u00faltimos 12 meses. Con un pago inicial del 10%, se requieren 3 l\u00edneas de cr\u00e9dito por 6 meses. Con un pago inicial del 20%, se requieren 2 l\u00edneas de cr\u00e9dito o historial de alquiler por 12 meses. <\/span><\/span><\/td><\/tr>\t\t<\/tbody>\n\t\t\t\t\t<\/table>\n\t\t<\/div>\n\t\t\t\t\t\t<\/div>\n\t\t\t\t<\/div>\n\t\t\t\t\t<\/div>\n\t\t\t\t<\/div>\n\t\t\t\t<\/div>\n\t\t<div class=\"elementor-element elementor-element-4cf8caa e-con-full cmp cmp-table e-flex e-con e-child\" data-id=\"4cf8caa\" data-element_type=\"container\" data-e-type=\"container\">\n\t\t<div class=\"elementor-element elementor-element-3d90009 e-flex e-con-boxed e-con e-child\" data-id=\"3d90009\" data-element_type=\"container\" data-e-type=\"container\">\n\t\t\t\t\t<div class=\"e-con-inner\">\n\t\t\t\t<div class=\"elementor-element elementor-element-f0fc2f2 elementor-widget elementor-widget-heading\" data-id=\"f0fc2f2\" data-element_type=\"widget\" data-e-type=\"widget\" data-widget_type=\"heading.default\">\n\t\t\t\t<div class=\"elementor-widget-container\">\n\t\t\t\t\t<style>.elementor-element-f0fc2f2{display:none !important}<\/style>\t\t\t\t<\/div>\n\t\t\t\t<\/div>\n\t\t\t\t<div class=\"elementor-element elementor-element-32466d6 elementor-widget elementor-widget-heading\" data-id=\"32466d6\" data-element_type=\"widget\" data-e-type=\"widget\" data-widget_type=\"heading.default\">\n\t\t\t\t<div class=\"elementor-widget-container\">\n\t\t\t\t\t<h2 class=\"elementor-heading-title elementor-size-default\">L\u00ednea de Cr\u00e9dito con Respaldo Hipotecario\n<\/h2>\t\t\t\t<\/div>\n\t\t\t\t<\/div>\n\t\t\t\t<div class=\"elementor-element elementor-element-179a16c pp-table-center elementor-widget elementor-widget-pp-table\" data-id=\"179a16c\" data-element_type=\"widget\" data-e-type=\"widget\" data-settings=\"{&quot;table_type&quot;:&quot;normal&quot;}\" data-widget_type=\"pp-table.default\">\n\t\t\t\t<div class=\"elementor-widget-container\">\n\t\t\t\t\t\t\t<div class=\"pp-table-container\">\n\t\t\t<table \n\t\t\tclass=\"pp-table tablesaw\"\t\t\t\t>\n\t\t\t\t\t\t\t<colgroup>\n\t\t\t\t\t\t\t\t<col\n\t\t\t\t\tspan=\"1\"\n\t\t\t\t\tclass=\"elementor-repeater-item-de6fc24\"\n\t\t\t\t\t\t\t\t\t\t\tstyle=\"\t\t\t\t\t\t\t\t\t\t\t\t\t\t\t\t\t\t\t\t\"\n\t\t\t\t\t\t\t\t\t\t>\n\t\t\t\t\t\t\t<\/colgroup>\n\t\t\t\t\t\t<thead>\n\t\t\t\t<tr class=\"pp-table-row\">\n\t\t\t\t\t<th class=\"pp-table-cell pp-table-cell-21920c7\"><span class=\"pp-table-cell-content\"><span class=\"pp-table-cell-text\">&nbsp;<\/span><\/span><\/th><th class=\"pp-table-cell pp-table-cell-1b55fe9\"><span class=\"pp-table-cell-content\"><span class=\"pp-table-cell-text\">Requisitos\t<\/span><\/span><\/th>\t\t\t\t<\/tr>\n\t\t\t<\/thead>\n\t\t\t\t\t<tfoot>\n\t\t\t<\/tr>\t\t<\/tfoot>\n\t\t\t\t<tbody>\n\t\t\t<tr ><td class=\"pp-table-cell pp-table-cell-e561877\"><span class=\"pp-table-cell-content\"><span class=\"pp-table-cell-text\">Historial de Cr\u00e9dito o Cr\u00e9dito Alternativo\t<\/span><\/span><\/td><td class=\"pp-table-cell pp-table-cell-d1df384\"><span class=\"pp-table-cell-content\"><span class=\"pp-table-cell-text\">Los requisitos para el historial de cr\u00e9dito var\u00edan seg\u00fan el producto y el \u00edndice de pr\u00e9stamo a valor (LTV, por sus siglas en ingl\u00e9s). Se puede utilizar cr\u00e9dito tradicional, cr\u00e9dito alternativo o una combinaci\u00f3n de ambos.<\/span><\/span><\/td><\/tr><tr ><td class=\"pp-table-cell pp-table-cell-81f5a2a\"><span class=\"pp-table-cell-content\"><span class=\"pp-table-cell-text\">Historial Laboral\t<\/span><\/span><\/td><td class=\"pp-table-cell pp-table-cell-f4df117\"><span class=\"pp-table-cell-content\"><span class=\"pp-table-cell-text\">De al menos 12 meses. Para empleados independientes, por lo menos 24 meses<\/span><\/span><\/td><\/tr>\t\t<\/tbody>\n\t\t\t\t\t<\/table>\n\t\t<\/div>\n\t\t\t\t\t\t<\/div>\n\t\t\t\t<\/div>\n\t\t\t\t\t<\/div>\n\t\t\t\t<\/div>\n\t\t\t\t<\/div>\n\t\t\t\t\t<\/div>\n\t\t\t\t<\/div>\n\t\t\t\t\t<\/div>\n\t\t\t\t<\/div>\n\t\t\t\t<\/div>\n\t\t\t\t<\/div>","protected":false},"excerpt":{"rendered":"<p>Type Requirements Purchase &amp; Refinance Fixed Rate Minimum Down Payment 10% or 20% &nbsp; Credit History Requirements for Credit History will vary based on Product and LTV. Traditional Credit, Alternative Credit or a combination of Traditional and Alternative Credit may be used. &nbsp; Work History At least 12 months. If self-employed, at least 24 months [&hellip;]<\/p>\n","protected":false},"author":19,"featured_media":0,"parent":0,"menu_order":0,"comment_status":"closed","ping_status":"closed","template":"","meta":{"_acf_changed":false,"inline_featured_image":false,"footnotes":""},"page-structure":[73],"sidebar-content":[],"class_list":["post-2041","page","type-page","status-publish","hentry","page-structure-no-featured-image"],"acf":[],"yoast_head":"<!-- This site is optimized with the Yoast SEO plugin v27.2 - https:\/\/yoast.com\/product\/yoast-seo-wordpress\/ -->\n<title>Compare Mortgages - latinoccu.org<\/title>\n<meta name=\"robots\" content=\"index, follow, max-snippet:-1, max-image-preview:large, max-video-preview:-1\" \/>\n<link rel=\"canonical\" href=\"https:\/\/latinoccu.org\/es\/compare-mortgages\/\" \/>\n<meta property=\"og:locale\" content=\"es_MX\" \/>\n<meta property=\"og:type\" content=\"article\" \/>\n<meta property=\"og:title\" content=\"Compare Mortgages - latinoccu.org\" \/>\n<meta property=\"og:description\" content=\"Type Requirements Purchase &amp; Refinance Fixed Rate Minimum Down Payment 10% or 20% &nbsp; Credit History Requirements for Credit History will vary based on Product and LTV. Traditional Credit, Alternative Credit or a combination of Traditional and Alternative Credit may be used. &nbsp; Work History At least 12 months. If self-employed, at least 24 months [&hellip;]\" \/>\n<meta property=\"og:url\" content=\"https:\/\/latinoccu.org\/es\/compare-mortgages\/\" \/>\n<meta property=\"og:site_name\" content=\"latinoccu.org\" \/>\n<meta property=\"article:modified_time\" content=\"2024-09-09T20:47:48+00:00\" \/>\n<meta name=\"twitter:card\" content=\"summary_large_image\" \/>\n<meta name=\"twitter:label1\" content=\"Tiempo de lectura\" \/>\n\t<meta name=\"twitter:data1\" content=\"2 minutos\" \/>\n<script type=\"application\/ld+json\" class=\"yoast-schema-graph\">{\"@context\":\"https:\/\/schema.org\",\"@graph\":[{\"@type\":\"WebPage\",\"@id\":\"https:\/\/latinoccu.org\/compare-mortgages\/\",\"url\":\"https:\/\/latinoccu.org\/compare-mortgages\/\",\"name\":\"Compare Mortgages - latinoccu.org\",\"isPartOf\":{\"@id\":\"https:\/\/latinoccu.org\/#website\"},\"datePublished\":\"2016-09-07T19:07:45+00:00\",\"dateModified\":\"2024-09-09T20:47:48+00:00\",\"breadcrumb\":{\"@id\":\"https:\/\/latinoccu.org\/compare-mortgages\/#breadcrumb\"},\"inLanguage\":\"es\",\"potentialAction\":[{\"@type\":\"ReadAction\",\"target\":[\"https:\/\/latinoccu.org\/compare-mortgages\/\"]}]},{\"@type\":\"BreadcrumbList\",\"@id\":\"https:\/\/latinoccu.org\/compare-mortgages\/#breadcrumb\",\"itemListElement\":[{\"@type\":\"ListItem\",\"position\":1,\"name\":\"Home\",\"item\":\"https:\/\/latinoccu.org\/\"},{\"@type\":\"ListItem\",\"position\":2,\"name\":\"Compare Mortgages\"}]},{\"@type\":\"WebSite\",\"@id\":\"https:\/\/latinoccu.org\/#website\",\"url\":\"https:\/\/latinoccu.org\/\",\"name\":\"latinoccu.org\",\"description\":\"\",\"potentialAction\":[{\"@type\":\"SearchAction\",\"target\":{\"@type\":\"EntryPoint\",\"urlTemplate\":\"https:\/\/latinoccu.org\/?s={search_term_string}\"},\"query-input\":{\"@type\":\"PropertyValueSpecification\",\"valueRequired\":true,\"valueName\":\"search_term_string\"}}],\"inLanguage\":\"es\"}]}<\/script>\n<!-- \/ Yoast SEO plugin. -->","yoast_head_json":{"title":"Compare Mortgages - latinoccu.org","robots":{"index":"index","follow":"follow","max-snippet":"max-snippet:-1","max-image-preview":"max-image-preview:large","max-video-preview":"max-video-preview:-1"},"canonical":"https:\/\/latinoccu.org\/es\/compare-mortgages\/","og_locale":"es_MX","og_type":"article","og_title":"Compare Mortgages - latinoccu.org","og_description":"Type Requirements Purchase &amp; Refinance Fixed Rate Minimum Down Payment 10% or 20% &nbsp; Credit History Requirements for Credit History will vary based on Product and LTV. Traditional Credit, Alternative Credit or a combination of Traditional and Alternative Credit may be used. &nbsp; Work History At least 12 months. If self-employed, at least 24 months [&hellip;]","og_url":"https:\/\/latinoccu.org\/es\/compare-mortgages\/","og_site_name":"latinoccu.org","article_modified_time":"2024-09-09T20:47:48+00:00","twitter_card":"summary_large_image","twitter_misc":{"Tiempo de lectura":"2 minutos"},"schema":{"@context":"https:\/\/schema.org","@graph":[{"@type":"WebPage","@id":"https:\/\/latinoccu.org\/compare-mortgages\/","url":"https:\/\/latinoccu.org\/compare-mortgages\/","name":"Compare Mortgages - latinoccu.org","isPartOf":{"@id":"https:\/\/latinoccu.org\/#website"},"datePublished":"2016-09-07T19:07:45+00:00","dateModified":"2024-09-09T20:47:48+00:00","breadcrumb":{"@id":"https:\/\/latinoccu.org\/compare-mortgages\/#breadcrumb"},"inLanguage":"es","potentialAction":[{"@type":"ReadAction","target":["https:\/\/latinoccu.org\/compare-mortgages\/"]}]},{"@type":"BreadcrumbList","@id":"https:\/\/latinoccu.org\/compare-mortgages\/#breadcrumb","itemListElement":[{"@type":"ListItem","position":1,"name":"Home","item":"https:\/\/latinoccu.org\/"},{"@type":"ListItem","position":2,"name":"Compare Mortgages"}]},{"@type":"WebSite","@id":"https:\/\/latinoccu.org\/#website","url":"https:\/\/latinoccu.org\/","name":"latinoccu.org","description":"","potentialAction":[{"@type":"SearchAction","target":{"@type":"EntryPoint","urlTemplate":"https:\/\/latinoccu.org\/?s={search_term_string}"},"query-input":{"@type":"PropertyValueSpecification","valueRequired":true,"valueName":"search_term_string"}}],"inLanguage":"es"}]}},"_links":{"self":[{"href":"https:\/\/latinoccu.org\/es\/wp-json\/wp\/v2\/pages\/2041","targetHints":{"allow":["GET"]}}],"collection":[{"href":"https:\/\/latinoccu.org\/es\/wp-json\/wp\/v2\/pages"}],"about":[{"href":"https:\/\/latinoccu.org\/es\/wp-json\/wp\/v2\/types\/page"}],"author":[{"embeddable":true,"href":"https:\/\/latinoccu.org\/es\/wp-json\/wp\/v2\/users\/19"}],"replies":[{"embeddable":true,"href":"https:\/\/latinoccu.org\/es\/wp-json\/wp\/v2\/comments?post=2041"}],"version-history":[{"count":0,"href":"https:\/\/latinoccu.org\/es\/wp-json\/wp\/v2\/pages\/2041\/revisions"}],"wp:attachment":[{"href":"https:\/\/latinoccu.org\/es\/wp-json\/wp\/v2\/media?parent=2041"}],"wp:term":[{"taxonomy":"page-structure","embeddable":true,"href":"https:\/\/latinoccu.org\/es\/wp-json\/wp\/v2\/page-structure?post=2041"},{"taxonomy":"sidebar-content","embeddable":true,"href":"https:\/\/latinoccu.org\/es\/wp-json\/wp\/v2\/sidebar-content?post=2041"}],"curies":[{"name":"wp","href":"https:\/\/api.w.org\/{rel}","templated":true}]}}