{"id":2023,"date":"2016-09-07T14:44:26","date_gmt":"2016-09-07T18:44:26","guid":{"rendered":"http:\/\/latinoccu.org\/?page_id=2023"},"modified":"2024-09-08T03:53:51","modified_gmt":"2024-09-08T03:53:51","slug":"compare-checking-accounts","status":"publish","type":"page","link":"https:\/\/latinoccu.org\/es\/products-and-services\/checking\/compare-checking-accounts\/","title":{"rendered":"Compara Cuentas Corrientes"},"content":{"rendered":"<div data-elementor-type=\"wp-page\" data-elementor-id=\"2023\" class=\"elementor elementor-2023\" data-elementor-post-type=\"page\">\n\t\t\t\t<div class=\"elementor-element elementor-element-4ae0077d e-con-full mobile-margins cmp cmp-centered-text e-flex e-con e-parent\" data-id=\"4ae0077d\" data-element_type=\"container\" data-e-type=\"container\">\n\t\t<div class=\"elementor-element elementor-element-732be025 e-flex e-con-boxed e-con e-child\" data-id=\"732be025\" data-element_type=\"container\" data-e-type=\"container\">\n\t\t\t\t\t<div class=\"e-con-inner\">\n\t\t<div class=\"elementor-element elementor-element-4077795f e-flex e-con-boxed e-con e-child\" data-id=\"4077795f\" data-element_type=\"container\" data-e-type=\"container\">\n\t\t\t\t\t<div class=\"e-con-inner\">\n\t\t<div class=\"elementor-element elementor-element-3d52ddb e-con-full cmp cmp-table e-flex e-con e-child\" data-id=\"3d52ddb\" data-element_type=\"container\" data-e-type=\"container\">\n\t\t<div class=\"elementor-element elementor-element-19255e5 e-flex e-con-boxed e-con e-child\" data-id=\"19255e5\" data-element_type=\"container\" data-e-type=\"container\">\n\t\t\t\t\t<div class=\"e-con-inner\">\n\t\t\t\t<div class=\"elementor-element elementor-element-d94480e pp-table-center elementor-widget elementor-widget-pp-table\" data-id=\"d94480e\" data-element_type=\"widget\" data-e-type=\"widget\" data-settings=\"{&quot;table_type&quot;:&quot;normal&quot;}\" data-widget_type=\"pp-table.default\">\n\t\t\t\t<div class=\"elementor-widget-container\">\n\t\t\t\t\t\t\t<div class=\"pp-table-container\">\n\t\t\t<table \n\t\t\tclass=\"pp-table tablesaw\"\t\t\t\t>\n\t\t\t\t\t\t\t<colgroup>\n\t\t\t\t\t\t\t\t<col\n\t\t\t\t\tspan=\"1\"\n\t\t\t\t\tclass=\"elementor-repeater-item-de6fc24\"\n\t\t\t\t\t\t\t\t\t\t\tstyle=\"\t\t\t\t\t\t\t\t\t\t\t\t\t\t\t\t\t\t\t\t\"\n\t\t\t\t\t\t\t\t\t\t>\n\t\t\t\t\t\t\t<\/colgroup>\n\t\t\t\t\t\t<thead>\n\t\t\t\t<tr class=\"pp-table-row\">\n\t\t\t\t\t<th class=\"pp-table-cell pp-table-cell-21920c7\"><span class=\"pp-table-cell-content\"><span class=\"pp-table-cell-text\">&nbsp;<\/span><\/span><\/th><th class=\"pp-table-cell pp-table-cell-1b55fe9\"><span class=\"pp-table-cell-content\"><span class=\"pp-table-cell-text\">Descripci\u00f3n<\/span><\/span><\/th><th class=\"pp-table-cell pp-table-cell-4d1128e\"><span class=\"pp-table-cell-content\"><span class=\"pp-table-cell-text\">Saldo M\u00ednimo\t<\/span><\/span><\/th><th class=\"pp-table-cell pp-table-cell-812bba8\"><span class=\"pp-table-cell-content\"><span class=\"pp-table-cell-text\">Tarifa<\/span><\/span><\/th>\t\t\t\t<\/tr>\n\t\t\t<\/thead>\n\t\t\t\t\t<tfoot>\n\t\t\t<\/tr>\t\t<\/tfoot>\n\t\t\t\t<tbody>\n\t\t\t<tr ><td class=\"pp-table-cell pp-table-cell-e561877\"><span class=\"pp-table-cell-content\"><span class=\"pp-table-cell-text\">Cuenta Corriente\t<\/span><\/span><\/td><td class=\"pp-table-cell pp-table-cell-d1df384\"><span class=\"pp-table-cell-content\"><span class=\"pp-table-cell-text\">Una cuenta conveniente sin un dep\u00f3sito inicial m\u00ednimo\t<\/span><\/span><\/td><td class=\"pp-table-cell pp-table-cell-1c15125\"><span class=\"pp-table-cell-content\"><span class=\"pp-table-cell-text\">$250\t<\/span><\/span><\/td><td class=\"pp-table-cell pp-table-cell-66d41ec\"><span class=\"pp-table-cell-content\"><span class=\"pp-table-cell-text\">$0 si se mantiene el balance m\u00ednimo de $250, de lo contrario $2\n<\/span><\/span><\/td><\/tr><tr ><td class=\"pp-table-cell pp-table-cell-81f5a2a\"><span class=\"pp-table-cell-content\"><span class=\"pp-table-cell-text\">Cuenta Cash<\/span><\/span><\/td><td class=\"pp-table-cell pp-table-cell-f4df117\"><span class=\"pp-table-cell-content\"><span class=\"pp-table-cell-text\">La mejor cuenta para viajeros o quien est\u00e9 buscando enviar dinero al exterior. S\u00f3lo deposita tu dinero cuando est\u00e9s listo para usarlo.\t<\/span><\/span><\/td><td class=\"pp-table-cell pp-table-cell-054ef8e\"><span class=\"pp-table-cell-content\"><span class=\"pp-table-cell-text\">N\/A\t<\/span><\/span><\/td><td class=\"pp-table-cell pp-table-cell-b10f454\"><span class=\"pp-table-cell-content\"><span class=\"pp-table-cell-text\">$2 de tarifa de manejo mensual\n<\/span><\/span><\/td><\/tr><tr ><td class=\"pp-table-cell pp-table-cell-f832263\"><span class=\"pp-table-cell-content\"><span class=\"pp-table-cell-text\">Cuenta Corriente para Microempresas\t<\/span><\/span><\/td><td class=\"pp-table-cell pp-table-cell-d05e40b\"><span class=\"pp-table-cell-content\"><span class=\"pp-table-cell-text\">Esta cuenta te permite tener acceso a tu dinero mientras recibes mejores dividendos. Tiene un dep\u00f3sito m\u00ednimo inicial de $100\t<\/span><\/span><\/td><td class=\"pp-table-cell pp-table-cell-36f91f6\"><span class=\"pp-table-cell-content\"><span class=\"pp-table-cell-text\">N\/A\t<\/span><\/span><\/td><td class=\"pp-table-cell pp-table-cell-d5ba60c\"><span class=\"pp-table-cell-content\"><span class=\"pp-table-cell-text\">Cuota mensual de mantenimiento de $8\n<\/span><\/span><\/td><\/tr><tr ><td class=\"pp-table-cell pp-table-cell-b26e608\"><span class=\"pp-table-cell-content\"><span class=\"pp-table-cell-text\">Cuenta Corriente para Organizaciones sin Fines de Lucro<\/span><\/span><\/td><td class=\"pp-table-cell pp-table-cell-267c9e5\"><span class=\"pp-table-cell-content\"><span class=\"pp-table-cell-text\">Acceso f\u00e1cil a los fondos a la vez que se apoya a las comunidades locales<\/span><\/span><\/td><td class=\"pp-table-cell pp-table-cell-5e7f401\"><span class=\"pp-table-cell-content\"><span class=\"pp-table-cell-text\">N\/A\t<\/span><\/span><\/td><td class=\"pp-table-cell pp-table-cell-8cfbbc0\"><span class=\"pp-table-cell-content\"><span class=\"pp-table-cell-text\">$0\n<\/span><\/span><\/td><\/tr><tr ><td class=\"pp-table-cell pp-table-cell-c546510\"><span class=\"pp-table-cell-content\"><span class=\"pp-table-cell-text\">Cuenta Corriente para J\u00f3venes\t<\/span><\/span><\/td><td class=\"pp-table-cell pp-table-cell-b33e039\"><span class=\"pp-table-cell-content\"><span class=\"pp-table-cell-text\">La cuenta corriente ideal para los j\u00f3venes entre los 13 y los 18 a\u00f1os<\/span><\/span><\/td><td class=\"pp-table-cell pp-table-cell-46cf8aa\"><span class=\"pp-table-cell-content\"><span class=\"pp-table-cell-text\">N\/A\t<\/span><\/span><\/td><td class=\"pp-table-cell pp-table-cell-3ce8a93\"><span class=\"pp-table-cell-content\"><span class=\"pp-table-cell-text\">Sin tarifa de mantenimiento ni saldo m\u00ednimo requerido<\/span><\/span><\/td><\/tr>\t\t<\/tbody>\n\t\t\t\t\t<\/table>\n\t\t<\/div>\n\t\t\t\t\t\t<\/div>\n\t\t\t\t<\/div>\n\t\t\t\t\t<\/div>\n\t\t\t\t<\/div>\n\t\t\t\t<\/div>\n\t\t\t\t\t<\/div>\n\t\t\t\t<\/div>\n\t\t\t\t\t<\/div>\n\t\t\t\t<\/div>\n\t\t\t\t<\/div>\n\t\t\t\t<\/div>","protected":false},"excerpt":{"rendered":"<p>&nbsp; Description Minimum Balance Fees Regular Checking A convenient account with no minimum initial deposit $250 $0 with a minimum daily balance of $250, $2 if not Cash Account The best account for travelers or those looking to send money abroad. Just deposit some money, whenever you are ready to use it. N\/A $2 monthly [&hellip;]<\/p>\n","protected":false},"author":19,"featured_media":0,"parent":1402,"menu_order":0,"comment_status":"closed","ping_status":"closed","template":"","meta":{"_acf_changed":false,"inline_featured_image":false,"footnotes":""},"page-structure":[73],"sidebar-content":[],"class_list":["post-2023","page","type-page","status-publish","hentry","page-structure-no-featured-image"],"acf":[],"yoast_head":"<!-- This site is optimized with the Yoast SEO plugin v27.2 - https:\/\/yoast.com\/product\/yoast-seo-wordpress\/ -->\n<title>Compare Checking Accounts - latinoccu.org<\/title>\n<meta name=\"robots\" content=\"index, follow, max-snippet:-1, max-image-preview:large, max-video-preview:-1\" \/>\n<link rel=\"canonical\" href=\"https:\/\/latinoccu.org\/es\/products-and-services\/checking\/compare-checking-accounts\/\" \/>\n<meta property=\"og:locale\" content=\"es_MX\" \/>\n<meta property=\"og:type\" content=\"article\" \/>\n<meta property=\"og:title\" content=\"Compare Checking Accounts - latinoccu.org\" \/>\n<meta property=\"og:description\" content=\"&nbsp; Description Minimum Balance Fees Regular Checking A convenient account with no minimum initial deposit $250 $0 with a minimum daily balance of $250, $2 if not Cash Account The best account for travelers or those looking to send money abroad. Just deposit some money, whenever you are ready to use it. N\/A $2 monthly [&hellip;]\" \/>\n<meta property=\"og:url\" content=\"https:\/\/latinoccu.org\/es\/products-and-services\/checking\/compare-checking-accounts\/\" \/>\n<meta property=\"og:site_name\" content=\"latinoccu.org\" \/>\n<meta property=\"article:modified_time\" content=\"2024-09-08T03:53:51+00:00\" \/>\n<meta name=\"twitter:card\" content=\"summary_large_image\" \/>\n<meta name=\"twitter:label1\" content=\"Tiempo de lectura\" \/>\n\t<meta name=\"twitter:data1\" content=\"1 minuto\" \/>\n<script type=\"application\/ld+json\" class=\"yoast-schema-graph\">{\"@context\":\"https:\/\/schema.org\",\"@graph\":[{\"@type\":\"WebPage\",\"@id\":\"https:\/\/latinoccu.org\/products-and-services\/checking\/compare-checking-accounts\/\",\"url\":\"https:\/\/latinoccu.org\/products-and-services\/checking\/compare-checking-accounts\/\",\"name\":\"Compare Checking Accounts - latinoccu.org\",\"isPartOf\":{\"@id\":\"https:\/\/latinoccu.org\/#website\"},\"datePublished\":\"2016-09-07T18:44:26+00:00\",\"dateModified\":\"2024-09-08T03:53:51+00:00\",\"breadcrumb\":{\"@id\":\"https:\/\/latinoccu.org\/products-and-services\/checking\/compare-checking-accounts\/#breadcrumb\"},\"inLanguage\":\"es\",\"potentialAction\":[{\"@type\":\"ReadAction\",\"target\":[\"https:\/\/latinoccu.org\/products-and-services\/checking\/compare-checking-accounts\/\"]}]},{\"@type\":\"BreadcrumbList\",\"@id\":\"https:\/\/latinoccu.org\/products-and-services\/checking\/compare-checking-accounts\/#breadcrumb\",\"itemListElement\":[{\"@type\":\"ListItem\",\"position\":1,\"name\":\"Home\",\"item\":\"https:\/\/latinoccu.org\/\"},{\"@type\":\"ListItem\",\"position\":2,\"name\":\"Products and Services\",\"item\":\"https:\/\/latinoccu.org\/products-and-services\/\"},{\"@type\":\"ListItem\",\"position\":3,\"name\":\"Checking\",\"item\":\"https:\/\/latinoccu.org\/products-and-services\/checking\/\"},{\"@type\":\"ListItem\",\"position\":4,\"name\":\"Compare Checking Accounts\"}]},{\"@type\":\"WebSite\",\"@id\":\"https:\/\/latinoccu.org\/#website\",\"url\":\"https:\/\/latinoccu.org\/\",\"name\":\"latinoccu.org\",\"description\":\"\",\"potentialAction\":[{\"@type\":\"SearchAction\",\"target\":{\"@type\":\"EntryPoint\",\"urlTemplate\":\"https:\/\/latinoccu.org\/?s={search_term_string}\"},\"query-input\":{\"@type\":\"PropertyValueSpecification\",\"valueRequired\":true,\"valueName\":\"search_term_string\"}}],\"inLanguage\":\"es\"}]}<\/script>\n<!-- \/ Yoast SEO plugin. -->","yoast_head_json":{"title":"Compare Checking Accounts - latinoccu.org","robots":{"index":"index","follow":"follow","max-snippet":"max-snippet:-1","max-image-preview":"max-image-preview:large","max-video-preview":"max-video-preview:-1"},"canonical":"https:\/\/latinoccu.org\/es\/products-and-services\/checking\/compare-checking-accounts\/","og_locale":"es_MX","og_type":"article","og_title":"Compare Checking Accounts - latinoccu.org","og_description":"&nbsp; Description Minimum Balance Fees Regular Checking A convenient account with no minimum initial deposit $250 $0 with a minimum daily balance of $250, $2 if not Cash Account The best account for travelers or those looking to send money abroad. Just deposit some money, whenever you are ready to use it. N\/A $2 monthly [&hellip;]","og_url":"https:\/\/latinoccu.org\/es\/products-and-services\/checking\/compare-checking-accounts\/","og_site_name":"latinoccu.org","article_modified_time":"2024-09-08T03:53:51+00:00","twitter_card":"summary_large_image","twitter_misc":{"Tiempo de lectura":"1 minuto"},"schema":{"@context":"https:\/\/schema.org","@graph":[{"@type":"WebPage","@id":"https:\/\/latinoccu.org\/products-and-services\/checking\/compare-checking-accounts\/","url":"https:\/\/latinoccu.org\/products-and-services\/checking\/compare-checking-accounts\/","name":"Compare Checking Accounts - latinoccu.org","isPartOf":{"@id":"https:\/\/latinoccu.org\/#website"},"datePublished":"2016-09-07T18:44:26+00:00","dateModified":"2024-09-08T03:53:51+00:00","breadcrumb":{"@id":"https:\/\/latinoccu.org\/products-and-services\/checking\/compare-checking-accounts\/#breadcrumb"},"inLanguage":"es","potentialAction":[{"@type":"ReadAction","target":["https:\/\/latinoccu.org\/products-and-services\/checking\/compare-checking-accounts\/"]}]},{"@type":"BreadcrumbList","@id":"https:\/\/latinoccu.org\/products-and-services\/checking\/compare-checking-accounts\/#breadcrumb","itemListElement":[{"@type":"ListItem","position":1,"name":"Home","item":"https:\/\/latinoccu.org\/"},{"@type":"ListItem","position":2,"name":"Products and Services","item":"https:\/\/latinoccu.org\/products-and-services\/"},{"@type":"ListItem","position":3,"name":"Checking","item":"https:\/\/latinoccu.org\/products-and-services\/checking\/"},{"@type":"ListItem","position":4,"name":"Compare Checking Accounts"}]},{"@type":"WebSite","@id":"https:\/\/latinoccu.org\/#website","url":"https:\/\/latinoccu.org\/","name":"latinoccu.org","description":"","potentialAction":[{"@type":"SearchAction","target":{"@type":"EntryPoint","urlTemplate":"https:\/\/latinoccu.org\/?s={search_term_string}"},"query-input":{"@type":"PropertyValueSpecification","valueRequired":true,"valueName":"search_term_string"}}],"inLanguage":"es"}]}},"_links":{"self":[{"href":"https:\/\/latinoccu.org\/es\/wp-json\/wp\/v2\/pages\/2023","targetHints":{"allow":["GET"]}}],"collection":[{"href":"https:\/\/latinoccu.org\/es\/wp-json\/wp\/v2\/pages"}],"about":[{"href":"https:\/\/latinoccu.org\/es\/wp-json\/wp\/v2\/types\/page"}],"author":[{"embeddable":true,"href":"https:\/\/latinoccu.org\/es\/wp-json\/wp\/v2\/users\/19"}],"replies":[{"embeddable":true,"href":"https:\/\/latinoccu.org\/es\/wp-json\/wp\/v2\/comments?post=2023"}],"version-history":[{"count":0,"href":"https:\/\/latinoccu.org\/es\/wp-json\/wp\/v2\/pages\/2023\/revisions"}],"up":[{"embeddable":true,"href":"https:\/\/latinoccu.org\/es\/wp-json\/wp\/v2\/pages\/1402"}],"wp:attachment":[{"href":"https:\/\/latinoccu.org\/es\/wp-json\/wp\/v2\/media?parent=2023"}],"wp:term":[{"taxonomy":"page-structure","embeddable":true,"href":"https:\/\/latinoccu.org\/es\/wp-json\/wp\/v2\/page-structure?post=2023"},{"taxonomy":"sidebar-content","embeddable":true,"href":"https:\/\/latinoccu.org\/es\/wp-json\/wp\/v2\/sidebar-content?post=2023"}],"curies":[{"name":"wp","href":"https:\/\/api.w.org\/{rel}","templated":true}]}}