{"id":1898,"date":"2016-09-06T08:50:20","date_gmt":"2016-09-06T12:50:20","guid":{"rendered":"http:\/\/latinoccu.org\/?page_id=1898"},"modified":"2026-02-02T18:35:02","modified_gmt":"2026-02-02T18:35:02","slug":"non-profit-checking","status":"publish","type":"page","link":"https:\/\/latinoccu.org\/es\/products-and-services\/checking\/non-profit-checking\/","title":{"rendered":"Cuenta Corriente para Organizaciones sin Fines de Lucro"},"content":{"rendered":"<div data-elementor-type=\"wp-page\" data-elementor-id=\"1898\" class=\"elementor elementor-1898\" data-elementor-post-type=\"page\">\n\t\t\t\t<div data-dce-background-color=\"#3B868A\" class=\"elementor-element elementor-element-2427710 e-flex e-con-boxed e-con e-parent\" data-id=\"2427710\" data-element_type=\"container\" data-e-type=\"container\" data-settings=\"{&quot;background_background&quot;:&quot;classic&quot;}\">\n\t\t\t\t\t<div class=\"e-con-inner\">\n\t\t\t\t<div data-dce-text-color=\"#FFFFFF\" class=\"elementor-element elementor-element-7e3ed55 elementor-widget elementor-widget-text-editor\" data-id=\"7e3ed55\" data-element_type=\"widget\" data-e-type=\"widget\" data-widget_type=\"text-editor.default\">\n\t\t\t\t<div class=\"elementor-widget-container\">\n\t\t\t\t\t\t\t\t\t<h4><span class=\"TrackChangeTextInsertion TrackedChange SCXW253775422 BCX4\"><span class=\"TextRun Highlight SCXW253775422 BCX4\" lang=\"EN-US\" xml:lang=\"EN-US\" data-contrast=\"auto\"><span class=\"NormalTextRun SCXW253775422 BCX4\">\u26a0 <strong>\u00a1Pr\u00f3ximamente habr\u00e1 nuevas opciones para cuentas de negocios! <\/strong><\/span><\/span><\/span><span class=\"TrackChangeTextInsertion TrackedChange SCXW253775422 BCX4\"><span class=\"TextRun Highlight SCXW253775422 BCX4\" lang=\"EN-US\" xml:lang=\"EN-US\" data-contrast=\"auto\"><span class=\"NormalTextRun SCXW253775422 BCX4\">Estamos<\/span><span class=\"NormalTextRun SCXW253775422 BCX4\"> trabajando activamente para ampliar nuestra oferta de cuentas de negocios con el fin de brindar un mejor servicio a nuestros socios. Pr\u00f3ximamente habr\u00e1 m\u00e1s opciones y funciones disponibles. Obt\u00e9n m\u00e1s informaci\u00f3n <\/span><\/span><\/span><span style=\"text-decoration: underline;\"><strong><a href=\"https:\/\/latinoccu.org\/es\/products-and-services\/business-accounts\/\"><span class=\"TrackChangeTextInsertion TrackedChange SCXW253775422 BCX4\"><span class=\"TextRun Highlight Underlined SCXW253775422 BCX4\" lang=\"EN-US\" xml:lang=\"EN-US\" data-contrast=\"auto\"><span class=\"NormalTextRun SCXW253775422 BCX4\">aqu\u00ed<\/span><\/span><\/span><\/a><\/strong><\/span> y mantente atento a las novedades.<span class=\"TrackChangeTextInsertion TrackedChange SCXW253775422 BCX4\"><span class=\"TextRun Highlight SCXW253775422 BCX4\" lang=\"EN-US\" xml:lang=\"EN-US\" data-contrast=\"auto\"><span class=\"NormalTextRun SCXW253775422 BCX4\">.<\/span><\/span><\/span><span class=\"EOP TrackedChange SCXW253775422 BCX4\" data-ccp-props=\"{}\">\u00a0<\/span><\/h4>\t\t\t\t\t\t\t\t<\/div>\n\t\t\t\t<\/div>\n\t\t\t\t\t<\/div>\n\t\t\t\t<\/div>\n\t\t<div class=\"elementor-element elementor-element-44bf7d41 e-con-full cmp cmp-basic-text e-flex e-con e-parent\" data-id=\"44bf7d41\" data-element_type=\"container\" data-e-type=\"container\">\n\t\t<div class=\"elementor-element elementor-element-30218387 e-flex e-con-boxed e-con e-child\" data-id=\"30218387\" data-element_type=\"container\" data-e-type=\"container\">\n\t\t\t\t\t<div class=\"e-con-inner\">\n\t\t\t\t<div class=\"elementor-element elementor-element-7b76736 elementor-widget elementor-widget-heading\" data-id=\"7b76736\" data-element_type=\"widget\" data-e-type=\"widget\" data-widget_type=\"heading.default\">\n\t\t\t\t<div class=\"elementor-widget-container\">\n\t\t\t\t\t<h2 class=\"elementor-heading-title elementor-size-default\">La flexibilidad que necesitas para tu d\u00eda a d\u00eda en una instituci\u00f3n financiera que apoya a las comunidades locales\n<\/h2>\t\t\t\t<\/div>\n\t\t\t\t<\/div>\n\t\t\t\t<div class=\"elementor-element elementor-element-b15a23f elementor-widget elementor-widget-text-editor\" data-id=\"b15a23f\" data-element_type=\"widget\" data-e-type=\"widget\" data-widget_type=\"text-editor.default\">\n\t\t\t\t<div class=\"elementor-widget-container\">\n\t\t\t\t\t\t\t\t\t<h3>Lo que necesitas:<\/h3><ul><li>Convierte a tu organizaci\u00f3n en socio de la Cooperativa Latina<\/li><li>Dep\u00f3sito inicial m\u00ednimo de $100<\/li><\/ul><h3>\u00a0<\/h3><h3>Lo que recibes:<\/h3><ul><li>Cero responsabilidad contra transacciones fraudulentas<\/li><li>No cobramos cargos de manejo*<\/li><li>No requiere saldo m\u00ednimo<\/li><li class=\"translation-block\">Tasas de inter\u00e9s competitivas<\/li><li>Protecci\u00f3n contra sobregiros<\/li><li>Posibilidad de recibir tus estados de cuenta de forma electr\u00f3nica<\/li><li>Tu dinero est\u00e1 seguro y asegurado federalmente hasta $250,000 por la NCUA<\/li><li>50 cheques procesados gratuitamente al mes (tras los primeros 50 cada cheque cuesta $1.00)<\/li><li>Im\u00e1genes electr\u00f3nicas de los cheques procesados disponibles en l\u00ednea<\/li><li>Maneja tu cuenta en l\u00ednea desde cualquier parte con nuestros servicios electr\u00f3nicos. <a href=\"\/es\/products-and-services\/other-services\/electronic-services\/\">Haz clic aqu\u00ed<\/a> para m\u00e1s detalles.<\/li><\/ul>\t\t\t\t\t\t\t\t<\/div>\n\t\t\t\t<\/div>\n\t\t\t\t\t<\/div>\n\t\t\t\t<\/div>\n\t\t\t\t<\/div>\n\t\t<div class=\"elementor-element elementor-element-6c9b57da cmp cmp-accord-plus e-flex e-con-boxed e-con e-parent\" data-id=\"6c9b57da\" data-element_type=\"container\" data-e-type=\"container\" data-settings=\"{&quot;background_background&quot;:&quot;classic&quot;}\">\n\t\t\t\t\t<div class=\"e-con-inner\">\n\t\t\t\t<div class=\"elementor-element elementor-element-63fe0b31 elementor-widget elementor-widget-pp-advanced-accordion\" data-id=\"63fe0b31\" data-element_type=\"widget\" data-e-type=\"widget\" data-settings=\"{&quot;accordion_type&quot;:&quot;accordion&quot;,&quot;toggle_speed&quot;:300}\" data-widget_type=\"pp-advanced-accordion.default\">\n\t\t\t\t<div class=\"elementor-widget-container\">\n\t\t\t\t\t\t\t<div class=\"pp-advanced-accordion pp-toggle-icon-align-right\" id=\"pp-advanced-accordion-63fe0b31\" data-accordion-id=\"63fe0b31\" role=\"tablist\">\n\t\t\t\t\t\t\t<div class=\"pp-accordion-item\">\n\t\t\t\t\t\t\t\t\t\t<div id=\"pp-accordion-tab-title-1671\" class=\"pp-accordion-tab-title\" tabindex=\"0\" data-tab=\"1\" role=\"tab\" aria-controls=\"pp-accordion-tab-content-1671\" aria-expanded=\"false\">\n\t\t\t\t\t\t<span class=\"pp-accordion-title-icon\">\n\t\t\t\t\t\t\t\t\t\t\t\t\t\t<span class=\"pp-accordion-title-text\">\n\t\t\t\t\t\t\t\tLetra peque\u00f1a <div class=\"accord-sub\">Detalles Importantes<\/div>\t\t\t\t\t\t\t<\/span>\n\t\t\t\t\t\t<\/span>\n\t\t\t\t\t\t\t\t\t\t\t\t\t<div class=\"pp-accordion-toggle-icon\">\n\t\t\t\t\t\t\t\t\t\t\t\t\t\t\t\t\t<span class='pp-accordion-toggle-icon-close pp-icon'>\n\t\t\t\t\t\t\t\t\t\t<i aria-hidden=\"true\" class=\"fas fa-angle-up\"><\/i>\t\t\t\t\t\t\t\t\t<\/span>\n\t\t\t\t\t\t\t\t\t\t\t\t\t\t\t\t\t\t\t\t\t\t\t\t\t<span class='pp-accordion-toggle-icon-open pp-icon'>\n\t\t\t\t\t\t\t\t\t\t<i aria-hidden=\"true\" class=\"fas fa-angle-down\"><\/i>\t\t\t\t\t\t\t\t\t<\/span>\n\t\t\t\t\t\t\t\t\t\t\t\t\t\t\t<\/div>\n\t\t\t\t\t\t\t\t\t\t\t<\/div>\n\n\t\t\t\t\t<div id=\"pp-accordion-tab-content-1671\" class=\"pp-accordion-tab-content\" data-tab=\"1\" role=\"tabpanel\" aria-labelledby=\"pp-accordion-tab-title-1671\">\n\t\t\t\t\t\t<ul><li>*Visita nuestro listado de tarifas para informaci\u00f3n <a href=\"\/es\/fees\/\">detallada de los cargos<\/a> asociados con esta cuenta<\/li><\/ul><p><a class=\"accord-link\" href=\"\/es\/rules-regulations\/\">M\u00e1s Informaci\u00f3n<\/a><\/p>\t\t\t\t\t<\/div>\n\t\t\t\t<\/div>\n\t\t\t\t\t<\/div>\n\t\t\t\t\t\t<\/div>\n\t\t\t\t<\/div>\n\t\t\t\t\t<\/div>\n\t\t\t\t<\/div>\n\t\t\t\t<\/div>","protected":false},"excerpt":{"rendered":"<p>\u26a0 New Business Account Options Coming Soon! We\u2019re actively working on expanding our business account offerings to better support our members. More options and features are on the way. Learn more here and stay tuned for updates.\u00a0 The flexibility you need for your day to day in a financial institution that supports local communities What [&hellip;]<\/p>\n","protected":false},"author":19,"featured_media":1463,"parent":1402,"menu_order":0,"comment_status":"closed","ping_status":"closed","template":"","meta":{"_acf_changed":false,"inline_featured_image":false,"footnotes":""},"page-structure":[21],"sidebar-content":[74,29,24,27],"class_list":["post-1898","page","type-page","status-publish","has-post-thumbnail","hentry","page-structure-has-sidebar","sidebar-content-become-a-member-icon","sidebar-content-compare-checking","sidebar-content-footer-open-another-checking-account","sidebar-content-rates"],"acf":[],"yoast_head":"<!-- This site is optimized with the Yoast SEO plugin v27.2 - https:\/\/yoast.com\/product\/yoast-seo-wordpress\/ -->\n<title>Non-Profit Checking - latinoccu.org<\/title>\n<meta name=\"robots\" content=\"index, follow, max-snippet:-1, max-image-preview:large, max-video-preview:-1\" \/>\n<link rel=\"canonical\" href=\"https:\/\/latinoccu.org\/es\/products-and-services\/checking\/non-profit-checking\/\" \/>\n<meta property=\"og:locale\" content=\"es_MX\" \/>\n<meta property=\"og:type\" content=\"article\" \/>\n<meta property=\"og:title\" content=\"Non-Profit Checking - latinoccu.org\" \/>\n<meta property=\"og:description\" content=\"\u26a0 New Business Account Options Coming Soon! We\u2019re actively working on expanding our business account offerings to better support our members. More options and features are on the way. Learn more here and stay tuned for updates.\u00a0 The flexibility you need for your day to day in a financial institution that supports local communities What [&hellip;]\" \/>\n<meta property=\"og:url\" content=\"https:\/\/latinoccu.org\/es\/products-and-services\/checking\/non-profit-checking\/\" \/>\n<meta property=\"og:site_name\" content=\"latinoccu.org\" \/>\n<meta property=\"article:modified_time\" content=\"2026-02-02T18:35:02+00:00\" \/>\n<meta property=\"og:image\" content=\"https:\/\/latinoccu.org\/wp-content\/uploads\/2016\/08\/Non-Profit-Checking-Product-Page-1.jpg\" \/>\n\t<meta property=\"og:image:width\" content=\"1500\" \/>\n\t<meta property=\"og:image:height\" content=\"450\" \/>\n\t<meta property=\"og:image:type\" content=\"image\/jpeg\" \/>\n<meta name=\"twitter:card\" content=\"summary_large_image\" \/>\n<meta name=\"twitter:label1\" content=\"Tiempo de lectura\" \/>\n\t<meta name=\"twitter:data1\" content=\"1 minuto\" \/>\n<script type=\"application\/ld+json\" class=\"yoast-schema-graph\">{\"@context\":\"https:\/\/schema.org\",\"@graph\":[{\"@type\":\"WebPage\",\"@id\":\"https:\/\/latinoccu.org\/products-and-services\/checking\/non-profit-checking\/\",\"url\":\"https:\/\/latinoccu.org\/products-and-services\/checking\/non-profit-checking\/\",\"name\":\"Non-Profit Checking - latinoccu.org\",\"isPartOf\":{\"@id\":\"https:\/\/latinoccu.org\/#website\"},\"primaryImageOfPage\":{\"@id\":\"https:\/\/latinoccu.org\/products-and-services\/checking\/non-profit-checking\/#primaryimage\"},\"image\":{\"@id\":\"https:\/\/latinoccu.org\/products-and-services\/checking\/non-profit-checking\/#primaryimage\"},\"thumbnailUrl\":\"https:\/\/latinoccu.org\/wp-content\/uploads\/2016\/08\/Non-Profit-Checking-Product-Page-1.jpg\",\"datePublished\":\"2016-09-06T12:50:20+00:00\",\"dateModified\":\"2026-02-02T18:35:02+00:00\",\"breadcrumb\":{\"@id\":\"https:\/\/latinoccu.org\/products-and-services\/checking\/non-profit-checking\/#breadcrumb\"},\"inLanguage\":\"es\",\"potentialAction\":[{\"@type\":\"ReadAction\",\"target\":[\"https:\/\/latinoccu.org\/products-and-services\/checking\/non-profit-checking\/\"]}]},{\"@type\":\"ImageObject\",\"inLanguage\":\"es\",\"@id\":\"https:\/\/latinoccu.org\/products-and-services\/checking\/non-profit-checking\/#primaryimage\",\"url\":\"https:\/\/latinoccu.org\/wp-content\/uploads\/2016\/08\/Non-Profit-Checking-Product-Page-1.jpg\",\"contentUrl\":\"https:\/\/latinoccu.org\/wp-content\/uploads\/2016\/08\/Non-Profit-Checking-Product-Page-1.jpg\",\"width\":1500,\"height\":450},{\"@type\":\"BreadcrumbList\",\"@id\":\"https:\/\/latinoccu.org\/products-and-services\/checking\/non-profit-checking\/#breadcrumb\",\"itemListElement\":[{\"@type\":\"ListItem\",\"position\":1,\"name\":\"Home\",\"item\":\"https:\/\/latinoccu.org\/\"},{\"@type\":\"ListItem\",\"position\":2,\"name\":\"Products and Services\",\"item\":\"https:\/\/latinoccu.org\/products-and-services\/\"},{\"@type\":\"ListItem\",\"position\":3,\"name\":\"Checking\",\"item\":\"https:\/\/latinoccu.org\/products-and-services\/checking\/\"},{\"@type\":\"ListItem\",\"position\":4,\"name\":\"Non-Profit Checking\"}]},{\"@type\":\"WebSite\",\"@id\":\"https:\/\/latinoccu.org\/#website\",\"url\":\"https:\/\/latinoccu.org\/\",\"name\":\"latinoccu.org\",\"description\":\"\",\"potentialAction\":[{\"@type\":\"SearchAction\",\"target\":{\"@type\":\"EntryPoint\",\"urlTemplate\":\"https:\/\/latinoccu.org\/?s={search_term_string}\"},\"query-input\":{\"@type\":\"PropertyValueSpecification\",\"valueRequired\":true,\"valueName\":\"search_term_string\"}}],\"inLanguage\":\"es\"}]}<\/script>\n<!-- \/ Yoast SEO plugin. -->","yoast_head_json":{"title":"Non-Profit Checking - latinoccu.org","robots":{"index":"index","follow":"follow","max-snippet":"max-snippet:-1","max-image-preview":"max-image-preview:large","max-video-preview":"max-video-preview:-1"},"canonical":"https:\/\/latinoccu.org\/es\/products-and-services\/checking\/non-profit-checking\/","og_locale":"es_MX","og_type":"article","og_title":"Non-Profit Checking - latinoccu.org","og_description":"\u26a0 New Business Account Options Coming Soon! We\u2019re actively working on expanding our business account offerings to better support our members. More options and features are on the way. Learn more here and stay tuned for updates.\u00a0 The flexibility you need for your day to day in a financial institution that supports local communities What [&hellip;]","og_url":"https:\/\/latinoccu.org\/es\/products-and-services\/checking\/non-profit-checking\/","og_site_name":"latinoccu.org","article_modified_time":"2026-02-02T18:35:02+00:00","og_image":[{"width":1500,"height":450,"url":"https:\/\/latinoccu.org\/wp-content\/uploads\/2016\/08\/Non-Profit-Checking-Product-Page-1.jpg","type":"image\/jpeg"}],"twitter_card":"summary_large_image","twitter_misc":{"Tiempo de lectura":"1 minuto"},"schema":{"@context":"https:\/\/schema.org","@graph":[{"@type":"WebPage","@id":"https:\/\/latinoccu.org\/products-and-services\/checking\/non-profit-checking\/","url":"https:\/\/latinoccu.org\/products-and-services\/checking\/non-profit-checking\/","name":"Non-Profit Checking - latinoccu.org","isPartOf":{"@id":"https:\/\/latinoccu.org\/#website"},"primaryImageOfPage":{"@id":"https:\/\/latinoccu.org\/products-and-services\/checking\/non-profit-checking\/#primaryimage"},"image":{"@id":"https:\/\/latinoccu.org\/products-and-services\/checking\/non-profit-checking\/#primaryimage"},"thumbnailUrl":"https:\/\/latinoccu.org\/wp-content\/uploads\/2016\/08\/Non-Profit-Checking-Product-Page-1.jpg","datePublished":"2016-09-06T12:50:20+00:00","dateModified":"2026-02-02T18:35:02+00:00","breadcrumb":{"@id":"https:\/\/latinoccu.org\/products-and-services\/checking\/non-profit-checking\/#breadcrumb"},"inLanguage":"es","potentialAction":[{"@type":"ReadAction","target":["https:\/\/latinoccu.org\/products-and-services\/checking\/non-profit-checking\/"]}]},{"@type":"ImageObject","inLanguage":"es","@id":"https:\/\/latinoccu.org\/products-and-services\/checking\/non-profit-checking\/#primaryimage","url":"https:\/\/latinoccu.org\/wp-content\/uploads\/2016\/08\/Non-Profit-Checking-Product-Page-1.jpg","contentUrl":"https:\/\/latinoccu.org\/wp-content\/uploads\/2016\/08\/Non-Profit-Checking-Product-Page-1.jpg","width":1500,"height":450},{"@type":"BreadcrumbList","@id":"https:\/\/latinoccu.org\/products-and-services\/checking\/non-profit-checking\/#breadcrumb","itemListElement":[{"@type":"ListItem","position":1,"name":"Home","item":"https:\/\/latinoccu.org\/"},{"@type":"ListItem","position":2,"name":"Products and Services","item":"https:\/\/latinoccu.org\/products-and-services\/"},{"@type":"ListItem","position":3,"name":"Checking","item":"https:\/\/latinoccu.org\/products-and-services\/checking\/"},{"@type":"ListItem","position":4,"name":"Non-Profit Checking"}]},{"@type":"WebSite","@id":"https:\/\/latinoccu.org\/#website","url":"https:\/\/latinoccu.org\/","name":"latinoccu.org","description":"","potentialAction":[{"@type":"SearchAction","target":{"@type":"EntryPoint","urlTemplate":"https:\/\/latinoccu.org\/?s={search_term_string}"},"query-input":{"@type":"PropertyValueSpecification","valueRequired":true,"valueName":"search_term_string"}}],"inLanguage":"es"}]}},"_links":{"self":[{"href":"https:\/\/latinoccu.org\/es\/wp-json\/wp\/v2\/pages\/1898","targetHints":{"allow":["GET"]}}],"collection":[{"href":"https:\/\/latinoccu.org\/es\/wp-json\/wp\/v2\/pages"}],"about":[{"href":"https:\/\/latinoccu.org\/es\/wp-json\/wp\/v2\/types\/page"}],"author":[{"embeddable":true,"href":"https:\/\/latinoccu.org\/es\/wp-json\/wp\/v2\/users\/19"}],"replies":[{"embeddable":true,"href":"https:\/\/latinoccu.org\/es\/wp-json\/wp\/v2\/comments?post=1898"}],"version-history":[{"count":0,"href":"https:\/\/latinoccu.org\/es\/wp-json\/wp\/v2\/pages\/1898\/revisions"}],"up":[{"embeddable":true,"href":"https:\/\/latinoccu.org\/es\/wp-json\/wp\/v2\/pages\/1402"}],"wp:featuredmedia":[{"embeddable":true,"href":"https:\/\/latinoccu.org\/es\/wp-json\/wp\/v2\/media\/1463"}],"wp:attachment":[{"href":"https:\/\/latinoccu.org\/es\/wp-json\/wp\/v2\/media?parent=1898"}],"wp:term":[{"taxonomy":"page-structure","embeddable":true,"href":"https:\/\/latinoccu.org\/es\/wp-json\/wp\/v2\/page-structure?post=1898"},{"taxonomy":"sidebar-content","embeddable":true,"href":"https:\/\/latinoccu.org\/es\/wp-json\/wp\/v2\/sidebar-content?post=1898"}],"curies":[{"name":"wp","href":"https:\/\/api.w.org\/{rel}","templated":true}]}}