{"id":18099,"date":"2023-06-17T17:55:05","date_gmt":"2023-06-17T17:55:05","guid":{"rendered":"https:\/\/latinoccu.wpengine.com\/?page_id=18099"},"modified":"2026-02-19T17:11:59","modified_gmt":"2026-02-19T17:11:59","slug":"auto-loan-products","status":"publish","type":"page","link":"https:\/\/latinoccu.org\/es\/products-and-services\/loans-credit\/auto-loans\/auto-loan-products\/","title":{"rendered":"Pr\u00e9stamos de Auto"},"content":{"rendered":"<div data-elementor-type=\"wp-page\" data-elementor-id=\"18099\" class=\"elementor elementor-18099\" data-elementor-post-type=\"page\">\n\t\t\t\t<div class=\"elementor-element elementor-element-28f1f312 e-con-full cmp cmp-basic-text e-flex e-con e-parent\" data-id=\"28f1f312\" data-element_type=\"container\" data-e-type=\"container\">\n\t\t<div class=\"elementor-element elementor-element-20f7561f e-flex e-con-boxed e-con e-child\" data-id=\"20f7561f\" data-element_type=\"container\" data-e-type=\"container\">\n\t\t\t\t\t<div class=\"e-con-inner\">\n\t\t\t\t<div class=\"elementor-element elementor-element-41cada7e elementor-widget elementor-widget-heading\" data-id=\"41cada7e\" data-element_type=\"widget\" data-e-type=\"widget\" data-widget_type=\"heading.default\">\n\t\t\t\t<div class=\"elementor-widget-container\">\n\t\t\t\t\t<h2 class=\"elementor-heading-title elementor-size-default\">\u00a1Evita errores que pueden resultar costosos y ponte detr\u00e1s del tim\u00f3n hoy!\n<\/h2>\t\t\t\t<\/div>\n\t\t\t\t<\/div>\n\t\t\t\t<div class=\"elementor-element elementor-element-6c49a73 elementor-widget elementor-widget-text-editor\" data-id=\"6c49a73\" data-element_type=\"widget\" data-e-type=\"widget\" data-widget_type=\"text-editor.default\">\n\t\t\t\t<div class=\"elementor-widget-container\">\n\t\t\t\t\t\t\t\t\t<h3>Lo que necesitas:<\/h3><ul><li>Ser socio de la Cooperativa Latina<\/li><li>Prueba de ingresos. Pueden aplicarse excepciones*<\/li><li>Para trabajadores independientes, \u00faltimos 6 estados de cuenta personales o la \u00faltima declaraci\u00f3n de impuestos.<\/li><li>Historial de cr\u00e9dito establecido o facturas de servicios p\u00fablicos a tu nombre desde tu lugar de residencia **<\/li><li>Factura de venta del auto<\/li><li>En algunos casos podremos solicitar la inspecci\u00f3n en persona del auto a comprar<\/li><\/ul><h3>\u00a0<\/h3><h3>Lo que recibes:<\/h3><ul><li>Asistencia verificando la historia del auto utilizando Carfax<\/li><li>Financiamiento de hasta el 95% del valor de un auto nuevo o usado. (Hasta un 5% adicional en veh\u00edculos nuevos para incluir garant\u00edas extendidas, paquetes y GAP).<\/li><li>Garant\u00eda de que obtengas un precio justo para tu veh\u00edculo utilizando la gu\u00eda NADA<\/li><li>Tasas de inter\u00e9s competitivas<\/li><li>Opci\u00f3n de adquirir cobertura de Protecci\u00f3n de Activos Garantizados (GAP) a tasas reducidas***<\/li><li>Opci\u00f3n de proteger tu pr\u00e9stamo por medio del seguro de vida y discapacidad<\/li><li>Maneja tu cuenta en l\u00ednea desde cualquier parte con nuestros servicios electr\u00f3nicos. <a href=\"\/es\/products-and-services\/other-services\/electronic-services\/\">Haz clic aqu\u00ed<\/a> para m\u00e1s detalles.<\/li><li>Acceso gratuito a tu FICO\u00ae Score a trav\u00e9s de LatinoConnect en l\u00ednea o la aplicaci\u00f3n m\u00f3vil, sin que ello afecte a tu cr\u00e9dito. Realiza un seguimiento de tu puntuaci\u00f3n, comprende los factores que la influyen y mant\u00e9n el control de tu salud financiera. M\u00e1s informaci\u00f3n <a href=\"https:\/\/latinoccu.org\/es\/access-your-fico-score\/\">aqu\u00ed<\/a><\/li><\/ul>\t\t\t\t\t\t\t\t<\/div>\n\t\t\t\t<\/div>\n\t\t<div class=\"elementor-element elementor-element-a203f5a e-flex e-con-boxed e-con e-child\" data-id=\"a203f5a\" data-element_type=\"container\" data-e-type=\"container\">\n\t\t\t\t\t<div class=\"e-con-inner\">\n\t\t\t\t<div class=\"elementor-element elementor-element-496fe1a elementor-widget elementor-widget-template\" data-id=\"496fe1a\" data-element_type=\"widget\" data-e-type=\"widget\" data-widget_type=\"template.default\">\n\t\t\t\t<div class=\"elementor-widget-container\">\n\t\t\t\t\t\t\t<div class=\"elementor-template\">\n\t\t\t\t\t<div data-elementor-type=\"container\" data-elementor-id=\"17678\" class=\"elementor elementor-17678\" data-elementor-post-type=\"elementor_library\">\n\t\t\t\t<div class=\"elementor-element elementor-element-225e7b13 e-con-full e-flex e-con e-parent\" data-id=\"225e7b13\" data-element_type=\"container\" data-e-type=\"container\">\n\t\t\t\t<div class=\"elementor-element elementor-element-5136065a elementor-widget elementor-widget-heading\" data-id=\"5136065a\" data-element_type=\"widget\" data-e-type=\"widget\" data-widget_type=\"heading.default\">\n\t\t\t\t<div class=\"elementor-widget-container\">\n\t\t\t\t\t<h3 class=\"elementor-heading-title elementor-size-default\">Nuevo Veh\u00edculo 1 <\/h3>\t\t\t\t<\/div>\n\t\t\t\t<\/div>\n\t\t\t\t<div class=\"elementor-element elementor-element-5420164e elementor-widget elementor-widget-heading\" data-id=\"5420164e\" data-element_type=\"widget\" data-e-type=\"widget\" data-widget_type=\"heading.default\">\n\t\t\t\t<div class=\"elementor-widget-container\">\n\t\t\t\t\t<div class=\"elementor-heading-title elementor-size-default\">Todas las tasas se basan en un plazo de 84 meses.\n\n<\/div>\t\t\t\t<\/div>\n\t\t\t\t<\/div>\n\t\t\t\t<div class=\"elementor-element elementor-element-562ee932 pp-table-center elementor-widget elementor-widget-pp-table\" data-id=\"562ee932\" data-element_type=\"widget\" data-e-type=\"widget\" data-settings=\"{&quot;table_type&quot;:&quot;normal&quot;}\" data-widget_type=\"pp-table.default\">\n\t\t\t\t<div class=\"elementor-widget-container\">\n\t\t\t\t\t\t\t<div class=\"pp-table-container\">\n\t\t\t<table \n\t\t\tclass=\"pp-table tablesaw\"\t\t\t\t>\n\t\t\t\t\t\t\t<colgroup>\n\t\t\t\t\t\t\t\t<col\n\t\t\t\t\tspan=\"1\"\n\t\t\t\t\tclass=\"elementor-repeater-item-de6fc24\"\n\t\t\t\t\t\t\t\t\t\t\tstyle=\"\t\t\t\t\t\t\t\t\t\t\t\t\t\t\t\t\t\t\t\t\"\n\t\t\t\t\t\t\t\t\t\t>\n\t\t\t\t\t\t\t<\/colgroup>\n\t\t\t\t\t\t<thead>\n\t\t\t\t<tr class=\"pp-table-row\">\n\t\t\t\t\t<th class=\"pp-table-cell pp-table-cell-21920c7\"><span class=\"pp-table-cell-content\"><span class=\"pp-table-cell-text\">Financiaci\u00f3n\t<\/span><\/span><\/th><th class=\"pp-table-cell pp-table-cell-1b55fe9\"><span class=\"pp-table-cell-content\"><span class=\"pp-table-cell-text\">Inter\u00e9s anual\t<\/span><\/span><\/th><th class=\"pp-table-cell pp-table-cell-4d1128e\"><span class=\"pp-table-cell-content\"><span class=\"pp-table-cell-text\">M\u00e1ximo a financiar\t<\/span><\/span><\/th><th class=\"pp-table-cell pp-table-cell-812bba8\"><span class=\"pp-table-cell-content\"><span class=\"pp-table-cell-text\">Pr\u00e9stamo promedio\t<\/span><\/span><\/th><th class=\"pp-table-cell pp-table-cell-e835b70\"><span class=\"pp-table-cell-content\"><span class=\"pp-table-cell-text\">Pago promedio<\/span><\/span><\/th>\t\t\t\t<\/tr>\n\t\t\t<\/thead>\n\t\t\t\t\t<tfoot>\n\t\t\t<\/tr>\t\t<\/tfoot>\n\t\t\t\t<tbody>\n\t\t\t<tr ><td class=\"pp-table-cell pp-table-cell-e561877\"><span class=\"pp-table-cell-content\"><span class=\"pp-table-cell-text\">95%\t<\/span><\/span><\/td><td class=\"pp-table-cell pp-table-cell-d1df384\"><span class=\"pp-table-cell-content\"><span class=\"pp-table-cell-text\">7.00%*<\/span><\/span><\/td><td class=\"pp-table-cell pp-table-cell-1c15125\"><span class=\"pp-table-cell-content\"><span class=\"pp-table-cell-text\">$80,000\t<\/span><\/span><\/td><td class=\"pp-table-cell pp-table-cell-66d41ec\"><span class=\"pp-table-cell-content\"><span class=\"pp-table-cell-text\">$25,000\t<\/span><\/span><\/td><td class=\"pp-table-cell pp-table-cell-3de0be2\"><span class=\"pp-table-cell-content\"><span class=\"pp-table-cell-text\">$379\n<\/span><\/span><\/td><\/tr><tr ><td class=\"pp-table-cell pp-table-cell-81f5a2a\"><span class=\"pp-table-cell-content\"><span class=\"pp-table-cell-text\">85%\t<\/span><\/span><\/td><td class=\"pp-table-cell pp-table-cell-f4df117\"><span class=\"pp-table-cell-content\"><span class=\"pp-table-cell-text\">9.00%<\/span><\/span><\/td><td class=\"pp-table-cell pp-table-cell-054ef8e\"><span class=\"pp-table-cell-content\"><span class=\"pp-table-cell-text\">$40,000\t<\/span><\/span><\/td><td class=\"pp-table-cell pp-table-cell-bc73ccd\"><span class=\"pp-table-cell-content\"><span class=\"pp-table-cell-text\">$20,000\t<\/span><\/span><\/td><td class=\"pp-table-cell pp-table-cell-b10f454\"><span class=\"pp-table-cell-content\"><span class=\"pp-table-cell-text\">$323\n<\/span><\/span><\/td><\/tr><tr ><td class=\"pp-table-cell pp-table-cell-f832263\"><span class=\"pp-table-cell-content\"><span class=\"pp-table-cell-text\">70%\t<\/span><\/span><\/td><td class=\"pp-table-cell pp-table-cell-d05e40b\"><span class=\"pp-table-cell-content\"><span class=\"pp-table-cell-text\">8.50%<\/span><\/span><\/td><td class=\"pp-table-cell pp-table-cell-36f91f6\"><span class=\"pp-table-cell-content\"><span class=\"pp-table-cell-text\">$80,000\t<\/span><\/span><\/td><td class=\"pp-table-cell pp-table-cell-d5ba60c\"><span class=\"pp-table-cell-content\"><span class=\"pp-table-cell-text\">$25,000\t<\/span><\/span><\/td><td class=\"pp-table-cell pp-table-cell-3a48977\"><span class=\"pp-table-cell-content\"><span class=\"pp-table-cell-text\">$397<\/span><\/span><\/td><\/tr>\t\t<\/tbody>\n\t\t\t\t\t<\/table>\n\t\t<\/div>\n\t\t\t\t\t\t<\/div>\n\t\t\t\t<\/div>\n\t\t\t\t<\/div>\n\t\t\t\t<\/div>\n\t\t\t\t<\/div>\n\t\t\t\t\t\t<\/div>\n\t\t\t\t<\/div>\n\t\t\t\t\t<\/div>\n\t\t\t\t<\/div>\n\t\t\t\t\t<\/div>\n\t\t\t\t<\/div>\n\t\t\t\t<\/div>\n\t\t<div class=\"elementor-element elementor-element-43414174 cmp cmp-accord-plus e-flex e-con-boxed e-con e-parent\" data-id=\"43414174\" data-element_type=\"container\" data-e-type=\"container\" data-settings=\"{&quot;background_background&quot;:&quot;classic&quot;}\">\n\t\t\t\t\t<div class=\"e-con-inner\">\n\t\t\t\t<div class=\"elementor-element elementor-element-21d3d3e5 elementor-widget elementor-widget-pp-advanced-accordion\" data-id=\"21d3d3e5\" data-element_type=\"widget\" data-e-type=\"widget\" data-settings=\"{&quot;accordion_type&quot;:&quot;accordion&quot;,&quot;toggle_speed&quot;:300}\" data-widget_type=\"pp-advanced-accordion.default\">\n\t\t\t\t<div class=\"elementor-widget-container\">\n\t\t\t\t\t\t\t<div class=\"pp-advanced-accordion pp-toggle-icon-align-right\" id=\"pp-advanced-accordion-21d3d3e5\" data-accordion-id=\"21d3d3e5\" role=\"tablist\">\n\t\t\t\t\t\t\t<div class=\"pp-accordion-item\">\n\t\t\t\t\t\t\t\t\t\t<div id=\"pp-accordion-tab-title-5671\" class=\"pp-accordion-tab-title\" tabindex=\"0\" data-tab=\"1\" role=\"tab\" aria-controls=\"pp-accordion-tab-content-5671\" aria-expanded=\"false\">\n\t\t\t\t\t\t<span class=\"pp-accordion-title-icon\">\n\t\t\t\t\t\t\t\t\t\t\t\t\t\t<span class=\"pp-accordion-title-text\">\n\t\t\t\t\t\t\t\tLetra peque\u00f1a <div class=\"accord-sub\">Detalles Importantes<\/div>\t\t\t\t\t\t\t<\/span>\n\t\t\t\t\t\t<\/span>\n\t\t\t\t\t\t\t\t\t\t\t\t\t<div class=\"pp-accordion-toggle-icon\">\n\t\t\t\t\t\t\t\t\t\t\t\t\t\t\t\t\t<span class='pp-accordion-toggle-icon-close pp-icon'>\n\t\t\t\t\t\t\t\t\t\t<i aria-hidden=\"true\" class=\"fas fa-angle-up\"><\/i>\t\t\t\t\t\t\t\t\t<\/span>\n\t\t\t\t\t\t\t\t\t\t\t\t\t\t\t\t\t\t\t\t\t\t\t\t\t<span class='pp-accordion-toggle-icon-open pp-icon'>\n\t\t\t\t\t\t\t\t\t\t<i aria-hidden=\"true\" class=\"fas fa-angle-down\"><\/i>\t\t\t\t\t\t\t\t\t<\/span>\n\t\t\t\t\t\t\t\t\t\t\t\t\t\t\t<\/div>\n\t\t\t\t\t\t\t\t\t\t\t<\/div>\n\n\t\t\t\t\t<div id=\"pp-accordion-tab-content-5671\" class=\"pp-accordion-tab-content\" data-tab=\"1\" role=\"tabpanel\" aria-labelledby=\"pp-accordion-tab-title-5671\">\n\t\t\t\t\t\t<ul><li>*Un  pago inicial de m\u00ednimo del 30% ser\u00e1 considerado como alternativa<\/li><li>**Las condiciones requeridas para el historial de cr\u00e9dito o el cr\u00e9dito alternativo var\u00edan seg\u00fan el monto del pr\u00e9stamo y el pago inicial<\/li><li>***Este seguro cubre la diferencia entre lo que debes en tu pr\u00e9stamo de veh\u00edculo y el valor de tu veh\u00edculo, en caso de p\u00e9rdida total, robo o un incendio<\/li><li>Monto m\u00e1ximo: $80,000 para individuos o pr\u00e9stamos compartidos.<\/li><li>Plazo m\u00e1ximo: hasta 84 meses<\/li><li>Si es aprobado, el veh\u00edculo deber\u00e1 ser registrado en NCDMV con una licencia de conducci\u00f3n v\u00e1lida<\/li><li>Si es aprobado, necesitar\u00e1 proporcionar referencias personales<\/li><li>Si es aprobado, se te pedir\u00e1 que obtengas un seguro de auto con cobertura total. Si no se dispone de una prueba v\u00e1lida de seguro, se a\u00f1adir\u00e1 un cargo adicional a tu pago mensual del pr\u00e9stamo hasta que se proporcione la documentaci\u00f3n aceptable del seguro. M\u00e1s informaci\u00f3n <a href=\"https:\/\/latinoccu.org\/es\/insurance-policy-declarations\/\">aqu\u00ed<\/a><\/li><\/ul>\t\t\t\t\t<\/div>\n\t\t\t\t<\/div>\n\t\t\t\t\t<\/div>\n\t\t\t\t\t\t<\/div>\n\t\t\t\t<\/div>\n\t\t\t\t\t<\/div>\n\t\t\t\t<\/div>\n\t\t<div class=\"elementor-element elementor-element-e009e10 e-con-full e-flex e-con e-parent\" data-id=\"e009e10\" data-element_type=\"container\" data-e-type=\"container\" data-settings=\"{&quot;background_background&quot;:&quot;classic&quot;}\">\n\t\t\t\t<div class=\"elementor-element elementor-element-df52ade elementor-widget elementor-widget-heading\" data-id=\"df52ade\" data-element_type=\"widget\" data-e-type=\"widget\" data-widget_type=\"heading.default\">\n\t\t\t\t<div class=\"elementor-widget-container\">\n\t\t\t\t\t<h2 class=\"elementor-heading-title elementor-size-default\">Compra-Venta entre Particulares<\/h2>\t\t\t\t<\/div>\n\t\t\t\t<\/div>\n\t\t\t\t<div class=\"elementor-element elementor-element-aaae3b9 elementor-widget elementor-widget-heading\" data-id=\"aaae3b9\" data-element_type=\"widget\" data-e-type=\"widget\" data-widget_type=\"heading.default\">\n\t\t\t\t<div class=\"elementor-widget-container\">\n\t\t\t\t\t<div class=\"elementor-heading-title elementor-size-default\">\u00bfPiensas comprar el auto de un conocido?<\/div>\t\t\t\t<\/div>\n\t\t\t\t<\/div>\n\t\t\t\t<div class=\"elementor-element elementor-element-bb82597 elementor-align-left white-buttons elementor-widget elementor-widget-button\" data-id=\"bb82597\" data-element_type=\"widget\" data-e-type=\"widget\" data-widget_type=\"button.default\">\n\t\t\t\t<div class=\"elementor-widget-container\">\n\t\t\t\t\t\t\t\t\t<div class=\"elementor-button-wrapper\">\n\t\t\t\t\t<a class=\"elementor-button elementor-button-link elementor-size-sm\" href=\"\/es\/products-and-services\/loans-credit\/auto-loans\/private-purchase-auto-loans\/\" target=\"_blank\">\n\t\t\t\t\t\t<span class=\"elementor-button-content-wrapper\">\n\t\t\t\t\t\t<span class=\"elementor-button-icon\">\n\t\t\t\t<i aria-hidden=\"true\" class=\"fas fa-angle-right\"><\/i>\t\t\t<\/span>\n\t\t\t\t\t\t\t\t\t<span class=\"elementor-button-text\">M\u00e1s Informaci\u00f3n<\/span>\n\t\t\t\t\t<\/span>\n\t\t\t\t\t<\/a>\n\t\t\t\t<\/div>\n\t\t\t\t\t\t\t\t<\/div>\n\t\t\t\t<\/div>\n\t\t\t\t<\/div>\n\t\t\t\t<\/div>","protected":false},"excerpt":{"rendered":"<p>Avoid costly mistakes and get on the road today! What You Need: Be a Latino Credit Union member Proof of income. Exceptions may apply* Your last 6 months of personal account statements or the last year&#8217;s tax returns, if you are self-employed. Established credit history or utility bills in your name from your place of [&hellip;]<\/p>\n","protected":false},"author":19,"featured_media":1525,"parent":17626,"menu_order":0,"comment_status":"closed","ping_status":"closed","template":"","meta":{"_acf_changed":false,"inline_featured_image":false,"footnotes":""},"page-structure":[21],"sidebar-content":[33,84,27,36],"class_list":["post-18099","page","type-page","status-publish","has-post-thumbnail","hentry","page-structure-has-sidebar","sidebar-content-apply-now","sidebar-content-make-a-payment","sidebar-content-rates","sidebar-content-still-looking"],"acf":[],"yoast_head":"<!-- This site is optimized with the Yoast SEO plugin v27.2 - https:\/\/yoast.com\/product\/yoast-seo-wordpress\/ -->\n<title>Auto Loans - latinoccu.org<\/title>\n<meta name=\"robots\" content=\"index, follow, max-snippet:-1, max-image-preview:large, max-video-preview:-1\" \/>\n<link rel=\"canonical\" href=\"https:\/\/latinoccu.org\/es\/products-and-services\/loans-credit\/auto-loans\/auto-loan-products\/\" \/>\n<meta property=\"og:locale\" content=\"es_MX\" \/>\n<meta property=\"og:type\" content=\"article\" \/>\n<meta property=\"og:title\" content=\"Auto Loans - latinoccu.org\" \/>\n<meta property=\"og:description\" content=\"Avoid costly mistakes and get on the road today! What You Need: Be a Latino Credit Union member Proof of income. Exceptions may apply* Your last 6 months of personal account statements or the last year&#8217;s tax returns, if you are self-employed. Established credit history or utility bills in your name from your place of [&hellip;]\" \/>\n<meta property=\"og:url\" content=\"https:\/\/latinoccu.org\/es\/products-and-services\/loans-credit\/auto-loans\/auto-loan-products\/\" \/>\n<meta property=\"og:site_name\" content=\"latinoccu.org\" \/>\n<meta property=\"article:modified_time\" content=\"2026-02-19T17:11:59+00:00\" \/>\n<meta property=\"og:image\" content=\"https:\/\/latinoccu.org\/wp-content\/uploads\/2016\/09\/Approval-Auto-Loans-Product-Page-1.jpg\" \/>\n\t<meta property=\"og:image:width\" content=\"1500\" \/>\n\t<meta property=\"og:image:height\" content=\"450\" \/>\n\t<meta property=\"og:image:type\" content=\"image\/jpeg\" \/>\n<meta name=\"twitter:card\" content=\"summary_large_image\" \/>\n<meta name=\"twitter:label1\" content=\"Tiempo de lectura\" \/>\n\t<meta name=\"twitter:data1\" content=\"2 minutos\" \/>\n<script type=\"application\/ld+json\" class=\"yoast-schema-graph\">{\"@context\":\"https:\/\/schema.org\",\"@graph\":[{\"@type\":\"WebPage\",\"@id\":\"https:\/\/latinoccu.org\/products-and-services\/loans-credit\/auto-loans\/auto-loan-products\/\",\"url\":\"https:\/\/latinoccu.org\/products-and-services\/loans-credit\/auto-loans\/auto-loan-products\/\",\"name\":\"Auto Loans - latinoccu.org\",\"isPartOf\":{\"@id\":\"https:\/\/latinoccu.org\/#website\"},\"primaryImageOfPage\":{\"@id\":\"https:\/\/latinoccu.org\/products-and-services\/loans-credit\/auto-loans\/auto-loan-products\/#primaryimage\"},\"image\":{\"@id\":\"https:\/\/latinoccu.org\/products-and-services\/loans-credit\/auto-loans\/auto-loan-products\/#primaryimage\"},\"thumbnailUrl\":\"https:\/\/latinoccu.org\/wp-content\/uploads\/2016\/09\/Approval-Auto-Loans-Product-Page-1.jpg\",\"datePublished\":\"2023-06-17T17:55:05+00:00\",\"dateModified\":\"2026-02-19T17:11:59+00:00\",\"breadcrumb\":{\"@id\":\"https:\/\/latinoccu.org\/products-and-services\/loans-credit\/auto-loans\/auto-loan-products\/#breadcrumb\"},\"inLanguage\":\"es\",\"potentialAction\":[{\"@type\":\"ReadAction\",\"target\":[\"https:\/\/latinoccu.org\/products-and-services\/loans-credit\/auto-loans\/auto-loan-products\/\"]}]},{\"@type\":\"ImageObject\",\"inLanguage\":\"es\",\"@id\":\"https:\/\/latinoccu.org\/products-and-services\/loans-credit\/auto-loans\/auto-loan-products\/#primaryimage\",\"url\":\"https:\/\/latinoccu.org\/wp-content\/uploads\/2016\/09\/Approval-Auto-Loans-Product-Page-1.jpg\",\"contentUrl\":\"https:\/\/latinoccu.org\/wp-content\/uploads\/2016\/09\/Approval-Auto-Loans-Product-Page-1.jpg\",\"width\":1500,\"height\":450},{\"@type\":\"BreadcrumbList\",\"@id\":\"https:\/\/latinoccu.org\/products-and-services\/loans-credit\/auto-loans\/auto-loan-products\/#breadcrumb\",\"itemListElement\":[{\"@type\":\"ListItem\",\"position\":1,\"name\":\"Home\",\"item\":\"https:\/\/latinoccu.org\/\"},{\"@type\":\"ListItem\",\"position\":2,\"name\":\"Products and Services\",\"item\":\"https:\/\/latinoccu.org\/products-and-services\/\"},{\"@type\":\"ListItem\",\"position\":3,\"name\":\"Loans &#038; Credit\",\"item\":\"https:\/\/latinoccu.org\/products-and-services\/loans-credit\/\"},{\"@type\":\"ListItem\",\"position\":4,\"name\":\"Auto Loans\",\"item\":\"https:\/\/latinoccu.org\/products-and-services\/loans-credit\/auto-loans\/\"},{\"@type\":\"ListItem\",\"position\":5,\"name\":\"Auto Loans\"}]},{\"@type\":\"WebSite\",\"@id\":\"https:\/\/latinoccu.org\/#website\",\"url\":\"https:\/\/latinoccu.org\/\",\"name\":\"latinoccu.org\",\"description\":\"\",\"potentialAction\":[{\"@type\":\"SearchAction\",\"target\":{\"@type\":\"EntryPoint\",\"urlTemplate\":\"https:\/\/latinoccu.org\/?s={search_term_string}\"},\"query-input\":{\"@type\":\"PropertyValueSpecification\",\"valueRequired\":true,\"valueName\":\"search_term_string\"}}],\"inLanguage\":\"es\"}]}<\/script>\n<!-- \/ Yoast SEO plugin. -->","yoast_head_json":{"title":"Auto Loans - latinoccu.org","robots":{"index":"index","follow":"follow","max-snippet":"max-snippet:-1","max-image-preview":"max-image-preview:large","max-video-preview":"max-video-preview:-1"},"canonical":"https:\/\/latinoccu.org\/es\/products-and-services\/loans-credit\/auto-loans\/auto-loan-products\/","og_locale":"es_MX","og_type":"article","og_title":"Auto Loans - latinoccu.org","og_description":"Avoid costly mistakes and get on the road today! What You Need: Be a Latino Credit Union member Proof of income. Exceptions may apply* Your last 6 months of personal account statements or the last year&#8217;s tax returns, if you are self-employed. Established credit history or utility bills in your name from your place of [&hellip;]","og_url":"https:\/\/latinoccu.org\/es\/products-and-services\/loans-credit\/auto-loans\/auto-loan-products\/","og_site_name":"latinoccu.org","article_modified_time":"2026-02-19T17:11:59+00:00","og_image":[{"width":1500,"height":450,"url":"https:\/\/latinoccu.org\/wp-content\/uploads\/2016\/09\/Approval-Auto-Loans-Product-Page-1.jpg","type":"image\/jpeg"}],"twitter_card":"summary_large_image","twitter_misc":{"Tiempo de lectura":"2 minutos"},"schema":{"@context":"https:\/\/schema.org","@graph":[{"@type":"WebPage","@id":"https:\/\/latinoccu.org\/products-and-services\/loans-credit\/auto-loans\/auto-loan-products\/","url":"https:\/\/latinoccu.org\/products-and-services\/loans-credit\/auto-loans\/auto-loan-products\/","name":"Auto Loans - latinoccu.org","isPartOf":{"@id":"https:\/\/latinoccu.org\/#website"},"primaryImageOfPage":{"@id":"https:\/\/latinoccu.org\/products-and-services\/loans-credit\/auto-loans\/auto-loan-products\/#primaryimage"},"image":{"@id":"https:\/\/latinoccu.org\/products-and-services\/loans-credit\/auto-loans\/auto-loan-products\/#primaryimage"},"thumbnailUrl":"https:\/\/latinoccu.org\/wp-content\/uploads\/2016\/09\/Approval-Auto-Loans-Product-Page-1.jpg","datePublished":"2023-06-17T17:55:05+00:00","dateModified":"2026-02-19T17:11:59+00:00","breadcrumb":{"@id":"https:\/\/latinoccu.org\/products-and-services\/loans-credit\/auto-loans\/auto-loan-products\/#breadcrumb"},"inLanguage":"es","potentialAction":[{"@type":"ReadAction","target":["https:\/\/latinoccu.org\/products-and-services\/loans-credit\/auto-loans\/auto-loan-products\/"]}]},{"@type":"ImageObject","inLanguage":"es","@id":"https:\/\/latinoccu.org\/products-and-services\/loans-credit\/auto-loans\/auto-loan-products\/#primaryimage","url":"https:\/\/latinoccu.org\/wp-content\/uploads\/2016\/09\/Approval-Auto-Loans-Product-Page-1.jpg","contentUrl":"https:\/\/latinoccu.org\/wp-content\/uploads\/2016\/09\/Approval-Auto-Loans-Product-Page-1.jpg","width":1500,"height":450},{"@type":"BreadcrumbList","@id":"https:\/\/latinoccu.org\/products-and-services\/loans-credit\/auto-loans\/auto-loan-products\/#breadcrumb","itemListElement":[{"@type":"ListItem","position":1,"name":"Home","item":"https:\/\/latinoccu.org\/"},{"@type":"ListItem","position":2,"name":"Products and Services","item":"https:\/\/latinoccu.org\/products-and-services\/"},{"@type":"ListItem","position":3,"name":"Loans &#038; Credit","item":"https:\/\/latinoccu.org\/products-and-services\/loans-credit\/"},{"@type":"ListItem","position":4,"name":"Auto Loans","item":"https:\/\/latinoccu.org\/products-and-services\/loans-credit\/auto-loans\/"},{"@type":"ListItem","position":5,"name":"Auto Loans"}]},{"@type":"WebSite","@id":"https:\/\/latinoccu.org\/#website","url":"https:\/\/latinoccu.org\/","name":"latinoccu.org","description":"","potentialAction":[{"@type":"SearchAction","target":{"@type":"EntryPoint","urlTemplate":"https:\/\/latinoccu.org\/?s={search_term_string}"},"query-input":{"@type":"PropertyValueSpecification","valueRequired":true,"valueName":"search_term_string"}}],"inLanguage":"es"}]}},"_links":{"self":[{"href":"https:\/\/latinoccu.org\/es\/wp-json\/wp\/v2\/pages\/18099","targetHints":{"allow":["GET"]}}],"collection":[{"href":"https:\/\/latinoccu.org\/es\/wp-json\/wp\/v2\/pages"}],"about":[{"href":"https:\/\/latinoccu.org\/es\/wp-json\/wp\/v2\/types\/page"}],"author":[{"embeddable":true,"href":"https:\/\/latinoccu.org\/es\/wp-json\/wp\/v2\/users\/19"}],"replies":[{"embeddable":true,"href":"https:\/\/latinoccu.org\/es\/wp-json\/wp\/v2\/comments?post=18099"}],"version-history":[{"count":0,"href":"https:\/\/latinoccu.org\/es\/wp-json\/wp\/v2\/pages\/18099\/revisions"}],"up":[{"embeddable":true,"href":"https:\/\/latinoccu.org\/es\/wp-json\/wp\/v2\/pages\/17626"}],"wp:featuredmedia":[{"embeddable":true,"href":"https:\/\/latinoccu.org\/es\/wp-json\/wp\/v2\/media\/1525"}],"wp:attachment":[{"href":"https:\/\/latinoccu.org\/es\/wp-json\/wp\/v2\/media?parent=18099"}],"wp:term":[{"taxonomy":"page-structure","embeddable":true,"href":"https:\/\/latinoccu.org\/es\/wp-json\/wp\/v2\/page-structure?post=18099"},{"taxonomy":"sidebar-content","embeddable":true,"href":"https:\/\/latinoccu.org\/es\/wp-json\/wp\/v2\/sidebar-content?post=18099"}],"curies":[{"name":"wp","href":"https:\/\/api.w.org\/{rel}","templated":true}]}}