{"id":1790,"date":"2016-09-02T18:13:28","date_gmt":"2016-09-02T22:13:28","guid":{"rendered":"http:\/\/latinoccu.org\/?page_id=1790"},"modified":"2024-09-08T02:50:10","modified_gmt":"2024-09-08T02:50:10","slug":"compare-savings-accounts","status":"publish","type":"page","link":"https:\/\/latinoccu.org\/es\/products-and-services\/savings\/compare-savings-accounts\/","title":{"rendered":"Compara Cuentas de Ahorros"},"content":{"rendered":"<div data-elementor-type=\"wp-page\" data-elementor-id=\"1790\" class=\"elementor elementor-1790\" data-elementor-post-type=\"page\">\n\t\t\t\t<div class=\"elementor-element elementor-element-6662e773 e-con-full mobile-margins cmp cmp-centered-text e-flex e-con e-parent\" data-id=\"6662e773\" data-element_type=\"container\" data-e-type=\"container\">\n\t\t<div class=\"elementor-element elementor-element-415d2215 e-flex e-con-boxed e-con e-child\" data-id=\"415d2215\" data-element_type=\"container\" data-e-type=\"container\">\n\t\t\t\t\t<div class=\"e-con-inner\">\n\t\t<div class=\"elementor-element elementor-element-6f000143 e-flex e-con-boxed e-con e-child\" data-id=\"6f000143\" data-element_type=\"container\" data-e-type=\"container\">\n\t\t\t\t\t<div class=\"e-con-inner\">\n\t\t\t\t<div class=\"elementor-element elementor-element-43580c4 cmp cmp-table pp-table-center elementor-widget elementor-widget-pp-table\" data-id=\"43580c4\" data-element_type=\"widget\" data-e-type=\"widget\" data-settings=\"{&quot;table_type&quot;:&quot;normal&quot;}\" data-widget_type=\"pp-table.default\">\n\t\t\t\t<div class=\"elementor-widget-container\">\n\t\t\t\t\t\t\t<div class=\"pp-table-container\">\n\t\t\t<table \n\t\t\tclass=\"pp-table tablesaw\"\t\t\t\t>\n\t\t\t\t\t\t\t<colgroup>\n\t\t\t\t\t\t\t\t<col\n\t\t\t\t\tspan=\"1\"\n\t\t\t\t\tclass=\"elementor-repeater-item-de6fc24\"\n\t\t\t\t\t\t\t\t\t\t\tstyle=\"\t\t\t\t\t\t\t\t\t\t\t\t\t\t\t\t\t\t\t\t\"\n\t\t\t\t\t\t\t\t\t\t>\n\t\t\t\t\t\t\t<\/colgroup>\n\t\t\t\t\t\t<thead>\n\t\t\t\t<tr class=\"pp-table-row\">\n\t\t\t\t\t<th class=\"pp-table-cell pp-table-cell-21920c7\"><span class=\"pp-table-cell-content\"><span class=\"pp-table-cell-text\">&nbsp;<\/span><\/span><\/th><th class=\"pp-table-cell pp-table-cell-1b55fe9\"><span class=\"pp-table-cell-content\"><span class=\"pp-table-cell-text\">Descripci\u00f3n<\/span><\/span><\/th><th class=\"pp-table-cell pp-table-cell-4d1128e\"><span class=\"pp-table-cell-content\"><span class=\"pp-table-cell-text\">Saldo M\u00ednimo\t<\/span><\/span><\/th><th class=\"pp-table-cell pp-table-cell-812bba8\"><span class=\"pp-table-cell-content\"><span class=\"pp-table-cell-text\">Tarifa<\/span><\/span><\/th>\t\t\t\t<\/tr>\n\t\t\t<\/thead>\n\t\t\t\t\t<tfoot>\n\t\t\t<\/tr>\t\t<\/tfoot>\n\t\t\t\t<tbody>\n\t\t\t<tr ><td class=\"pp-table-cell pp-table-cell-e561877\"><span class=\"pp-table-cell-content\"><span class=\"pp-table-cell-text\">Cuenta de Ahorros\t<\/span><\/span><\/td><td class=\"pp-table-cell pp-table-cell-d1df384\"><span class=\"pp-table-cell-content\"><span class=\"pp-table-cell-text\">Nuestra cuenta de ahorros b\u00e1sica con un dep\u00f3sito inicial m\u00ednimo de $10<\/span><\/span><\/td><td class=\"pp-table-cell pp-table-cell-1c15125\"><span class=\"pp-table-cell-content\"><span class=\"pp-table-cell-text\">$10\t<\/span><\/span><\/td><td class=\"pp-table-cell pp-table-cell-66d41ec\"><span class=\"pp-table-cell-content\"><span class=\"pp-table-cell-text\">$0 si se mantiene el balance m\u00ednimo, de lo contrario $2\n<\/span><\/span><\/td><\/tr><tr ><td class=\"pp-table-cell pp-table-cell-81f5a2a\"><span class=\"pp-table-cell-content\"><span class=\"pp-table-cell-text\">Cuenta de Navidad\t<\/span><\/span><\/td><td class=\"pp-table-cell pp-table-cell-f4df117\"><span class=\"pp-table-cell-content\"><span class=\"pp-table-cell-text\">Dise\u00f1ada para ayudarte a ahorrar para las festividades, esta cuenta tiene un dep\u00f3sito inicial m\u00ednimo de $10. Los fondos estar\u00e1n disponibles para tu uso a finales de octubre.\t<\/span><\/span><\/td><td class=\"pp-table-cell pp-table-cell-054ef8e\"><span class=\"pp-table-cell-content\"><span class=\"pp-table-cell-text\">$10\t<\/span><\/span><\/td><td class=\"pp-table-cell pp-table-cell-b10f454\"><span class=\"pp-table-cell-content\"><span class=\"pp-table-cell-text\">$0 si se mantiene el balance m\u00ednimo, de lo contrario $2\n<\/span><\/span><\/td><\/tr><tr ><td class=\"pp-table-cell pp-table-cell-f832263\"><span class=\"pp-table-cell-content\"><span class=\"pp-table-cell-text\">Cuenta Ahorromax\t<\/span><\/span><\/td><td class=\"pp-table-cell pp-table-cell-d05e40b\"><span class=\"pp-table-cell-content\"><span class=\"pp-table-cell-text\">Una cuenta que te permite tener acceso a tus fondos mientras obtienes tasas de inter\u00e9s m\u00e1s altas. Esta cuenta tiene un dep\u00f3sito inicial m\u00ednimo de $500<\/span><\/span><\/td><td class=\"pp-table-cell pp-table-cell-36f91f6\"><span class=\"pp-table-cell-content\"><span class=\"pp-table-cell-text\">$500\t<\/span><\/span><\/td><td class=\"pp-table-cell pp-table-cell-d5ba60c\"><span class=\"pp-table-cell-content\"><span class=\"pp-table-cell-text\">$0 si se mantiene el balance m\u00ednimo, de lo contrario $5\n<\/span><\/span><\/td><\/tr><tr ><td class=\"pp-table-cell pp-table-cell-19db4cb\"><span class=\"pp-table-cell-content\"><span class=\"pp-table-cell-text\">Certificados a Plazo Fijo<\/span><\/span><\/td><td class=\"pp-table-cell pp-table-cell-6bb76da\"><span class=\"pp-table-cell-content\"><span class=\"pp-table-cell-text\">La mejor cuenta para ahorros a largo plazo. Disfruta de mejores dividendos con tan solo un dep\u00f3sito m\u00ednimo inicial de $500\t<\/span><\/span><\/td><td class=\"pp-table-cell pp-table-cell-6c1fc26\"><span class=\"pp-table-cell-content\"><span class=\"pp-table-cell-text\">$500\t<\/span><\/span><\/td><td class=\"pp-table-cell pp-table-cell-d6dc637\"><span class=\"pp-table-cell-content\"><span class=\"pp-table-cell-text\"> Limitaciones de Cuenta\/ Penalidades por Retiro Anticipado. Si se retiran fondos de su STC antes de la fecha de vencimiento, se puede cobrar una penalidad por retiro anticipado. La penalidad equivale a los intereses de 90 d\u00edas sobre el monto principal o los intereses reales ganados, lo que sea menor. La penalidad por retiro anticipado para cuentas con vencimientos de dos a\u00f1os o m\u00e1s ser\u00e1 la menor de los intereses totales ganados o 180 d\u00edas de intereses.<\/span><\/span><\/td><\/tr><tr ><td class=\"pp-table-cell pp-table-cell-3e3cedd\"><span class=\"pp-table-cell-content\"><span class=\"pp-table-cell-text\">Cuentas de Jubilaci\u00f3n\t<\/span><\/span><\/td><td class=\"pp-table-cell pp-table-cell-a33e27e\"><span class=\"pp-table-cell-content\"><span class=\"pp-table-cell-text\">Nuestras cuentas IRAs tradicionales y Roth pueden ayudarte a empezar con los ahorros para tu jubilaci\u00f3n. El dep\u00f3sito m\u00ednimo inicial es de $25\t<\/span><\/span><\/td><td class=\"pp-table-cell pp-table-cell-40982b0\"><span class=\"pp-table-cell-content\"><span class=\"pp-table-cell-text\">$10<\/span><\/span><\/td><td class=\"pp-table-cell pp-table-cell-141cc6f\"><span class=\"pp-table-cell-content\"><span class=\"pp-table-cell-text\">$0 si se mantiene el balance m\u00ednimo, de lo contrario $2\n<\/span><\/span><\/td><\/tr><tr ><td class=\"pp-table-cell pp-table-cell-e7094ab\"><span class=\"pp-table-cell-content\"><span class=\"pp-table-cell-text\">Cuentas de Ahorro para Microempresas\t<\/span><\/span><\/td><td class=\"pp-table-cell pp-table-cell-6644807\"><span class=\"pp-table-cell-content\"><span class=\"pp-table-cell-text\">La cuenta ideal para darle a tu negocio una base s\u00f3lida. El dep\u00f3sito m\u00ednimo inicial es de $100\t<\/span><\/span><\/td><td class=\"pp-table-cell pp-table-cell-bc185c3\"><span class=\"pp-table-cell-content\"><span class=\"pp-table-cell-text\">$100\t<\/span><\/span><\/td><td class=\"pp-table-cell pp-table-cell-4ee0bb8\"><span class=\"pp-table-cell-content\"><span class=\"pp-table-cell-text\">$0 si se mantiene el balance m\u00ednimo, de lo contrario $8\n<\/span><\/span><\/td><\/tr><tr ><td class=\"pp-table-cell pp-table-cell-a198b38\"><span class=\"pp-table-cell-content\"><span class=\"pp-table-cell-text\">Cuentas Ahorromax para Microempresas\t<\/span><\/span><\/td><td class=\"pp-table-cell pp-table-cell-84eb632\"><span class=\"pp-table-cell-content\"><span class=\"pp-table-cell-text\">Esta cuenta te permite tener acceso al dinero de tu negocio mientras recibes mejores dividendos. Tiene un dep\u00f3sito inicial m\u00ednimo de $1000<\/span><\/span><\/td><td class=\"pp-table-cell pp-table-cell-5862516\"><span class=\"pp-table-cell-content\"><span class=\"pp-table-cell-text\">$1000\t<\/span><\/span><\/td><td class=\"pp-table-cell pp-table-cell-4fe947e\"><span class=\"pp-table-cell-content\"><span class=\"pp-table-cell-text\">$0 si se mantiene el balance m\u00ednimo, de lo contrario $8\n<\/span><\/span><\/td><\/tr><tr ><td class=\"pp-table-cell pp-table-cell-7bb44f7\"><span class=\"pp-table-cell-content\"><span class=\"pp-table-cell-text\">Cuenta de Ahorros Para J\u00f3venes\t<\/span><\/span><\/td><td class=\"pp-table-cell pp-table-cell-2956b04\"><span class=\"pp-table-cell-content\"><span class=\"pp-table-cell-text\">La cuenta perfecta para los j\u00f3venes con tan solo un dep\u00f3sito m\u00ednimo inicial de $10\t<\/span><\/span><\/td><td class=\"pp-table-cell pp-table-cell-634d0ee\"><span class=\"pp-table-cell-content\"><span class=\"pp-table-cell-text\">$10\t<\/span><\/span><\/td><td class=\"pp-table-cell pp-table-cell-69b9b55\"><span class=\"pp-table-cell-content\"><span class=\"pp-table-cell-text\">$0 si se mantiene el balance m\u00ednimo, de lo contrario $2\n<\/span><\/span><\/td><\/tr>\t\t<\/tbody>\n\t\t\t\t\t<\/table>\n\t\t<\/div>\n\t\t\t\t\t\t<\/div>\n\t\t\t\t<\/div>\n\t\t\t\t\t<\/div>\n\t\t\t\t<\/div>\n\t\t\t\t\t<\/div>\n\t\t\t\t<\/div>\n\t\t\t\t<\/div>\n\t\t\t\t<\/div>","protected":false},"excerpt":{"rendered":"<p>&nbsp; Description Minimum Balance Fees Regular Savings Our Basic savings account with a $ 10 minimum initial deposit $10 $0 if minimum balance is maintained, $2 if not Holiday Savings Designed to help you save for the Holidays, this account has a minimum initial deposit of $10. The funds become available for your use at [&hellip;]<\/p>\n","protected":false},"author":10,"featured_media":0,"parent":1185,"menu_order":0,"comment_status":"closed","ping_status":"closed","template":"","meta":{"_acf_changed":false,"inline_featured_image":false,"footnotes":""},"page-structure":[73],"sidebar-content":[],"class_list":["post-1790","page","type-page","status-publish","hentry","page-structure-no-featured-image"],"acf":[],"yoast_head":"<!-- This site is optimized with the Yoast SEO plugin v27.2 - https:\/\/yoast.com\/product\/yoast-seo-wordpress\/ -->\n<title>Compare Savings Accounts - latinoccu.org<\/title>\n<meta name=\"robots\" content=\"index, follow, max-snippet:-1, max-image-preview:large, max-video-preview:-1\" \/>\n<link rel=\"canonical\" href=\"https:\/\/latinoccu.org\/es\/products-and-services\/savings\/compare-savings-accounts\/\" \/>\n<meta property=\"og:locale\" content=\"es_MX\" \/>\n<meta property=\"og:type\" content=\"article\" \/>\n<meta property=\"og:title\" content=\"Compare Savings Accounts - latinoccu.org\" \/>\n<meta property=\"og:description\" content=\"&nbsp; Description Minimum Balance Fees Regular Savings Our Basic savings account with a $ 10 minimum initial deposit $10 $0 if minimum balance is maintained, $2 if not Holiday Savings Designed to help you save for the Holidays, this account has a minimum initial deposit of $10. The funds become available for your use at [&hellip;]\" \/>\n<meta property=\"og:url\" content=\"https:\/\/latinoccu.org\/es\/products-and-services\/savings\/compare-savings-accounts\/\" \/>\n<meta property=\"og:site_name\" content=\"latinoccu.org\" \/>\n<meta property=\"article:modified_time\" content=\"2024-09-08T02:50:10+00:00\" \/>\n<meta name=\"twitter:card\" content=\"summary_large_image\" \/>\n<meta name=\"twitter:label1\" content=\"Tiempo de lectura\" \/>\n\t<meta name=\"twitter:data1\" content=\"2 minutos\" \/>\n<script type=\"application\/ld+json\" class=\"yoast-schema-graph\">{\"@context\":\"https:\/\/schema.org\",\"@graph\":[{\"@type\":\"WebPage\",\"@id\":\"https:\/\/latinoccu.org\/products-and-services\/savings\/compare-savings-accounts\/\",\"url\":\"https:\/\/latinoccu.org\/products-and-services\/savings\/compare-savings-accounts\/\",\"name\":\"Compare Savings Accounts - latinoccu.org\",\"isPartOf\":{\"@id\":\"https:\/\/latinoccu.org\/#website\"},\"datePublished\":\"2016-09-02T22:13:28+00:00\",\"dateModified\":\"2024-09-08T02:50:10+00:00\",\"breadcrumb\":{\"@id\":\"https:\/\/latinoccu.org\/products-and-services\/savings\/compare-savings-accounts\/#breadcrumb\"},\"inLanguage\":\"es\",\"potentialAction\":[{\"@type\":\"ReadAction\",\"target\":[\"https:\/\/latinoccu.org\/products-and-services\/savings\/compare-savings-accounts\/\"]}]},{\"@type\":\"BreadcrumbList\",\"@id\":\"https:\/\/latinoccu.org\/products-and-services\/savings\/compare-savings-accounts\/#breadcrumb\",\"itemListElement\":[{\"@type\":\"ListItem\",\"position\":1,\"name\":\"Home\",\"item\":\"https:\/\/latinoccu.org\/\"},{\"@type\":\"ListItem\",\"position\":2,\"name\":\"Products and Services\",\"item\":\"https:\/\/latinoccu.org\/products-and-services\/\"},{\"@type\":\"ListItem\",\"position\":3,\"name\":\"Savings\",\"item\":\"https:\/\/latinoccu.org\/products-and-services\/savings\/\"},{\"@type\":\"ListItem\",\"position\":4,\"name\":\"Compare Savings Accounts\"}]},{\"@type\":\"WebSite\",\"@id\":\"https:\/\/latinoccu.org\/#website\",\"url\":\"https:\/\/latinoccu.org\/\",\"name\":\"latinoccu.org\",\"description\":\"\",\"potentialAction\":[{\"@type\":\"SearchAction\",\"target\":{\"@type\":\"EntryPoint\",\"urlTemplate\":\"https:\/\/latinoccu.org\/?s={search_term_string}\"},\"query-input\":{\"@type\":\"PropertyValueSpecification\",\"valueRequired\":true,\"valueName\":\"search_term_string\"}}],\"inLanguage\":\"es\"}]}<\/script>\n<!-- \/ Yoast SEO plugin. -->","yoast_head_json":{"title":"Compare Savings Accounts - latinoccu.org","robots":{"index":"index","follow":"follow","max-snippet":"max-snippet:-1","max-image-preview":"max-image-preview:large","max-video-preview":"max-video-preview:-1"},"canonical":"https:\/\/latinoccu.org\/es\/products-and-services\/savings\/compare-savings-accounts\/","og_locale":"es_MX","og_type":"article","og_title":"Compare Savings Accounts - latinoccu.org","og_description":"&nbsp; Description Minimum Balance Fees Regular Savings Our Basic savings account with a $ 10 minimum initial deposit $10 $0 if minimum balance is maintained, $2 if not Holiday Savings Designed to help you save for the Holidays, this account has a minimum initial deposit of $10. The funds become available for your use at [&hellip;]","og_url":"https:\/\/latinoccu.org\/es\/products-and-services\/savings\/compare-savings-accounts\/","og_site_name":"latinoccu.org","article_modified_time":"2024-09-08T02:50:10+00:00","twitter_card":"summary_large_image","twitter_misc":{"Tiempo de lectura":"2 minutos"},"schema":{"@context":"https:\/\/schema.org","@graph":[{"@type":"WebPage","@id":"https:\/\/latinoccu.org\/products-and-services\/savings\/compare-savings-accounts\/","url":"https:\/\/latinoccu.org\/products-and-services\/savings\/compare-savings-accounts\/","name":"Compare Savings Accounts - latinoccu.org","isPartOf":{"@id":"https:\/\/latinoccu.org\/#website"},"datePublished":"2016-09-02T22:13:28+00:00","dateModified":"2024-09-08T02:50:10+00:00","breadcrumb":{"@id":"https:\/\/latinoccu.org\/products-and-services\/savings\/compare-savings-accounts\/#breadcrumb"},"inLanguage":"es","potentialAction":[{"@type":"ReadAction","target":["https:\/\/latinoccu.org\/products-and-services\/savings\/compare-savings-accounts\/"]}]},{"@type":"BreadcrumbList","@id":"https:\/\/latinoccu.org\/products-and-services\/savings\/compare-savings-accounts\/#breadcrumb","itemListElement":[{"@type":"ListItem","position":1,"name":"Home","item":"https:\/\/latinoccu.org\/"},{"@type":"ListItem","position":2,"name":"Products and Services","item":"https:\/\/latinoccu.org\/products-and-services\/"},{"@type":"ListItem","position":3,"name":"Savings","item":"https:\/\/latinoccu.org\/products-and-services\/savings\/"},{"@type":"ListItem","position":4,"name":"Compare Savings Accounts"}]},{"@type":"WebSite","@id":"https:\/\/latinoccu.org\/#website","url":"https:\/\/latinoccu.org\/","name":"latinoccu.org","description":"","potentialAction":[{"@type":"SearchAction","target":{"@type":"EntryPoint","urlTemplate":"https:\/\/latinoccu.org\/?s={search_term_string}"},"query-input":{"@type":"PropertyValueSpecification","valueRequired":true,"valueName":"search_term_string"}}],"inLanguage":"es"}]}},"_links":{"self":[{"href":"https:\/\/latinoccu.org\/es\/wp-json\/wp\/v2\/pages\/1790","targetHints":{"allow":["GET"]}}],"collection":[{"href":"https:\/\/latinoccu.org\/es\/wp-json\/wp\/v2\/pages"}],"about":[{"href":"https:\/\/latinoccu.org\/es\/wp-json\/wp\/v2\/types\/page"}],"author":[{"embeddable":true,"href":"https:\/\/latinoccu.org\/es\/wp-json\/wp\/v2\/users\/10"}],"replies":[{"embeddable":true,"href":"https:\/\/latinoccu.org\/es\/wp-json\/wp\/v2\/comments?post=1790"}],"version-history":[{"count":0,"href":"https:\/\/latinoccu.org\/es\/wp-json\/wp\/v2\/pages\/1790\/revisions"}],"up":[{"embeddable":true,"href":"https:\/\/latinoccu.org\/es\/wp-json\/wp\/v2\/pages\/1185"}],"wp:attachment":[{"href":"https:\/\/latinoccu.org\/es\/wp-json\/wp\/v2\/media?parent=1790"}],"wp:term":[{"taxonomy":"page-structure","embeddable":true,"href":"https:\/\/latinoccu.org\/es\/wp-json\/wp\/v2\/page-structure?post=1790"},{"taxonomy":"sidebar-content","embeddable":true,"href":"https:\/\/latinoccu.org\/es\/wp-json\/wp\/v2\/sidebar-content?post=1790"}],"curies":[{"name":"wp","href":"https:\/\/api.w.org\/{rel}","templated":true}]}}