{"id":1682,"date":"2016-09-02T12:16:07","date_gmt":"2016-09-02T16:16:07","guid":{"rendered":"http:\/\/latinoccu.org\/?page_id=1682"},"modified":"2026-02-16T21:40:35","modified_gmt":"2026-02-16T21:40:35","slug":"special-services","status":"publish","type":"page","link":"https:\/\/latinoccu.org\/es\/products-and-services\/other-services\/special-services\/","title":{"rendered":"ITIN y servicios especiales"},"content":{"rendered":"<div data-elementor-type=\"wp-page\" data-elementor-id=\"1682\" class=\"elementor elementor-1682\" data-elementor-post-type=\"page\">\n\t\t\t\t<div class=\"elementor-element elementor-element-23c1b6de e-con-full mobile-margins cmp cmp-centered-text e-flex e-con e-parent\" data-id=\"23c1b6de\" data-element_type=\"container\" data-e-type=\"container\">\n\t\t<div class=\"elementor-element elementor-element-7255418d e-flex e-con-boxed e-con e-child\" data-id=\"7255418d\" data-element_type=\"container\" data-e-type=\"container\">\n\t\t\t\t\t<div class=\"e-con-inner\">\n\t\t<div class=\"elementor-element elementor-element-324364a1 e-flex e-con-boxed e-con e-child\" data-id=\"324364a1\" data-element_type=\"container\" data-e-type=\"container\">\n\t\t\t\t\t<div class=\"e-con-inner\">\n\t\t\t\t<div class=\"elementor-element elementor-element-29274aa elementor-widget elementor-widget-heading\" data-id=\"29274aa\" data-element_type=\"widget\" data-e-type=\"widget\" data-widget_type=\"heading.default\">\n\t\t\t\t<div class=\"elementor-widget-container\">\n\t\t\t\t\t<h2 class=\"elementor-heading-title elementor-size-default\">Asistencia y servicios dise\u00f1ados para ayudarte a avanzar con confianza.\n<\/h2>\t\t\t\t<\/div>\n\t\t\t\t<\/div>\n\t\t\t\t\t<\/div>\n\t\t\t\t<\/div>\n\t\t\t\t\t<\/div>\n\t\t\t\t<\/div>\n\t\t\t\t<\/div>\n\t\t<div class=\"elementor-element elementor-element-a46effd e-con-full mobile-margins cmp cmp-centered-text e-flex e-con e-parent\" data-id=\"a46effd\" data-element_type=\"container\" data-e-type=\"container\">\n\t\t<div class=\"elementor-element elementor-element-fb00056 e-flex e-con-boxed e-con e-child\" data-id=\"fb00056\" data-element_type=\"container\" data-e-type=\"container\">\n\t\t\t\t\t<div class=\"e-con-inner\">\n\t\t<div class=\"elementor-element elementor-element-7de3104 e-flex e-con-boxed e-con e-child\" data-id=\"7de3104\" data-element_type=\"container\" data-e-type=\"container\">\n\t\t\t\t\t<div class=\"e-con-inner\">\n\t\t\t\t<div class=\"elementor-element elementor-element-629debc elementor-widget elementor-widget-heading\" data-id=\"629debc\" data-element_type=\"widget\" data-e-type=\"widget\" data-widget_type=\"heading.default\">\n\t\t\t\t<div class=\"elementor-widget-container\">\n\t\t\t\t\t<h2 class=\"elementor-heading-title elementor-size-default\">N\u00famero de Identificaci\u00f3n Individual de Impuestos (ITIN) <\/h2>\t\t\t\t<\/div>\n\t\t\t\t<\/div>\n\t\t\t\t<div class=\"elementor-element elementor-element-60b7b50 elementor-widget elementor-widget-text-editor\" data-id=\"60b7b50\" data-element_type=\"widget\" data-e-type=\"widget\" data-widget_type=\"text-editor.default\">\n\t\t\t\t<div class=\"elementor-widget-container\">\n\t\t\t\t\t\t\t\t\t<p>La Cooperativa Latina es un Agente Tramitador autorizado por el IRS para el <a href=\"https:\/\/www.irs.gov\/individuals\/individual-taxpayer-identification-number-itin\">N\u00famero de Identificaci\u00f3n Personal del Contribuyente<\/a> lo que nos permite ayudarte a solicitar un ITIN nuevo o renovar uno existente. Los requisitos incluyen:<\/p><ul><li>Ser socio de la Cooperativa Latina<\/li><li><a href=\"https:\/\/www.irs.gov\/pub\/irs-pdf\/fw7.pdf\" target=\"_blank\" rel=\"noopener\">Formulario W \u2013 7<\/a><\/li><li>Tarifa de procesamiento de $100<\/li><li>Un pasaporte vigente (\u00fanico documento aceptable) o dos tipos v\u00e1lidos de identificaci\u00f3n, tales como:<\/li><\/ul>\t\t\t\t\t\t\t\t<\/div>\n\t\t\t\t<\/div>\n\t\t\t\t<div class=\"elementor-element elementor-element-33f2a1a elementor-widget elementor-widget-pp-advanced-accordion\" data-id=\"33f2a1a\" data-element_type=\"widget\" data-e-type=\"widget\" data-settings=\"{&quot;accordion_type&quot;:&quot;accordion&quot;,&quot;toggle_speed&quot;:300}\" data-widget_type=\"pp-advanced-accordion.default\">\n\t\t\t\t<div class=\"elementor-widget-container\">\n\t\t\t\t\t\t\t<div class=\"pp-advanced-accordion pp-toggle-icon-align-\" id=\"pp-advanced-accordion-33f2a1a\" data-accordion-id=\"33f2a1a\" role=\"tablist\">\n\t\t\t\t\t\t\t<div class=\"pp-accordion-item\">\n\t\t\t\t\t\t\t\t\t\t<div id=\"pp-accordion-tab-title-5441\" class=\"pp-accordion-tab-title\" tabindex=\"0\" data-tab=\"1\" role=\"tab\" aria-controls=\"pp-accordion-tab-content-5441\" aria-expanded=\"false\">\n\t\t\t\t\t\t<span class=\"pp-accordion-title-icon\">\n\t\t\t\t\t\t\t\t\t\t\t\t\t\t<span class=\"pp-accordion-title-text\">\n\t\t\t\t\t\t\t\tIndentificaciones Aceptadas &gt;\t\t\t\t\t\t\t<\/span>\n\t\t\t\t\t\t<\/span>\n\t\t\t\t\t\t\t\t\t\t\t<\/div>\n\n\t\t\t\t\t<div id=\"pp-accordion-tab-content-5441\" class=\"pp-accordion-tab-content\" data-tab=\"1\" role=\"tabpanel\" aria-labelledby=\"pp-accordion-tab-title-5441\">\n\t\t\t\t\t\t<ul><li>Tarjeta de Identidad Nacional (debe estar vigente y contener nombre, fotograf\u00eda, direcci\u00f3n, fecha de nacimiento y fecha de vencimiento).<\/li><li>Licencia de conducci\u00f3n de Estados Unidos.<\/li><li>Certificado de Nacimiento Civil (obligatorio para los solicitantes menores de 18 a\u00f1os si no se presenta el pasaporte).<\/li><li>Registros m\u00e9dicos (v\u00e1lido solo para dependientes menores de 6 a\u00f1os).<\/li><li>Licencia de conducci\u00f3n extranjera.<\/li><li>Tarjeta de Identificaci\u00f3n Estatal de Estados Unidos.<\/li><li>Tarjeta de Registro Electoral Extranjera.<\/li><li>Tarjeta de Identificaci\u00f3n Militar de Estados Unidos.<\/li><li>Tarjeta de Identificaci\u00f3n Militar Extranjera.<\/li><li>Expediente escolar (v\u00e1lido solo para dependientes menores de 14 a\u00f1os o menores de 18 a\u00f1os si son estudiantes).<\/li><li>Visa emitida por el Departamento de Estado de Estados Unidos.<\/li><li>Identificaci\u00f3n Fotogr\u00e1fica del Servicio de Ciudadan\u00eda e Inmigraci\u00f3n de Estados Unidos (USCIS).<\/li><\/ul>\t\t\t\t\t<\/div>\n\t\t\t\t<\/div>\n\t\t\t\t\t<\/div>\n\t\t\t\t\t\t<\/div>\n\t\t\t\t<\/div>\n\t\t\t\t\t<\/div>\n\t\t\t\t<\/div>\n\t\t\t\t\t<\/div>\n\t\t\t\t<\/div>\n\t\t\t\t<\/div>\n\t\t<div class=\"elementor-element elementor-element-8031bb6 e-con-full mobile-margins cmp cmp-centered-text e-flex e-con e-parent\" data-id=\"8031bb6\" data-element_type=\"container\" data-e-type=\"container\" data-settings=\"{&quot;background_background&quot;:&quot;classic&quot;}\">\n\t\t<div class=\"elementor-element elementor-element-c07896c e-flex e-con-boxed e-con e-child\" data-id=\"c07896c\" data-element_type=\"container\" data-e-type=\"container\">\n\t\t\t\t\t<div class=\"e-con-inner\">\n\t\t<div class=\"elementor-element elementor-element-907b7ba e-flex e-con-boxed e-con e-child\" data-id=\"907b7ba\" data-element_type=\"container\" data-e-type=\"container\">\n\t\t\t\t\t<div class=\"e-con-inner\">\n\t\t\t\t<div class=\"elementor-element elementor-element-347b22c elementor-widget elementor-widget-heading\" data-id=\"347b22c\" data-element_type=\"widget\" data-e-type=\"widget\" data-widget_type=\"heading.default\">\n\t\t\t\t<div class=\"elementor-widget-container\">\n\t\t\t\t\t<h2 class=\"elementor-heading-title elementor-size-default\">Servicios de Notaria<\/h2>\t\t\t\t<\/div>\n\t\t\t\t<\/div>\n\t\t\t\t<div class=\"elementor-element elementor-element-adb8f3f elementor-widget elementor-widget-image\" data-id=\"adb8f3f\" data-element_type=\"widget\" data-e-type=\"widget\" data-widget_type=\"image.default\">\n\t\t\t\t<div class=\"elementor-widget-container\">\n\t\t\t\t\t\t\t\t\t\t\t\t\t\t\t<img decoding=\"async\" width=\"118\" height=\"150\" src=\"https:\/\/latinoccu.org\/wp-content\/uploads\/2024\/09\/notary-services_150pxh-1.png\" class=\"attachment-large size-large wp-image-20314\" alt=\"Document icon\" srcset=\"https:\/\/latinoccu.org\/wp-content\/uploads\/2024\/09\/notary-services_150pxh-1.png 118w, https:\/\/latinoccu.org\/wp-content\/uploads\/2024\/09\/notary-services_150pxh-1-9x12.png 9w\" sizes=\"(max-width: 118px) 100vw, 118px\" \/>\t\t\t\t\t\t\t\t\t\t\t\t\t\t\t<\/div>\n\t\t\t\t<\/div>\n\t\t\t\t<div class=\"elementor-element elementor-element-9716fdf elementor-widget elementor-widget-text-editor\" data-id=\"9716fdf\" data-element_type=\"widget\" data-e-type=\"widget\" data-widget_type=\"text-editor.default\">\n\t\t\t\t<div class=\"elementor-widget-container\">\n\t\t\t\t\t\t\t\t\t<p><strong>Un servicio gratuito para todos nuestros socios. Nuestros notarios pueden ayudarte a:<\/strong><\/p><ul><li>Reconocer firmas<\/li><li>Administrar juramentos y afirmaciones<\/li><li>Verificar o comprobar firmas<\/li><\/ul>\t\t\t\t\t\t\t\t<\/div>\n\t\t\t\t<\/div>\n\t\t\t\t\t<\/div>\n\t\t\t\t<\/div>\n\t\t\t\t\t<\/div>\n\t\t\t\t<\/div>\n\t\t\t\t<\/div>\n\t\t<div class=\"elementor-element elementor-element-088d209 e-con-full mobile-margins cmp cmp-centered-text e-flex e-con e-parent\" data-id=\"088d209\" data-element_type=\"container\" data-e-type=\"container\" data-settings=\"{&quot;background_background&quot;:&quot;classic&quot;}\">\n\t\t<div class=\"elementor-element elementor-element-81c04a3 e-flex e-con-boxed e-con e-child\" data-id=\"81c04a3\" data-element_type=\"container\" data-e-type=\"container\">\n\t\t\t\t\t<div class=\"e-con-inner\">\n\t\t<div class=\"elementor-element elementor-element-ed3288c e-flex e-con-boxed e-con e-child\" data-id=\"ed3288c\" data-element_type=\"container\" data-e-type=\"container\" data-settings=\"{&quot;background_background&quot;:&quot;classic&quot;}\">\n\t\t\t\t\t<div class=\"e-con-inner\">\n\t\t\t\t<div class=\"elementor-element elementor-element-91a2590 elementor-align-center white-buttons elementor-widget elementor-widget-button\" data-id=\"91a2590\" data-element_type=\"widget\" data-e-type=\"widget\" data-widget_type=\"button.default\">\n\t\t\t\t<div class=\"elementor-widget-container\">\n\t\t\t\t\t\t\t\t\t<div class=\"elementor-button-wrapper\">\n\t\t\t\t\t<a class=\"elementor-button elementor-button-link elementor-size-sm\" href=\"\/es\/become-a-member-2\/\">\n\t\t\t\t\t\t<span class=\"elementor-button-content-wrapper\">\n\t\t\t\t\t\t<span class=\"elementor-button-icon\">\n\t\t\t\t<i aria-hidden=\"true\" class=\"fas fa-angle-right\"><\/i>\t\t\t<\/span>\n\t\t\t\t\t\t\t\t\t<span class=\"elementor-button-text\">\u00a1Hazte socio ya!<\/span>\n\t\t\t\t\t<\/span>\n\t\t\t\t\t<\/a>\n\t\t\t\t<\/div>\n\t\t\t\t\t\t\t\t<\/div>\n\t\t\t\t<\/div>\n\t\t\t\t\t<\/div>\n\t\t\t\t<\/div>\n\t\t\t\t\t<\/div>\n\t\t\t\t<\/div>\n\t\t\t\t<\/div>\n\t\t\t\t<\/div>","protected":false},"excerpt":{"rendered":"<p>Support and services designed to help you move forward with confidence. Individual Tax Identification Number (ITIN) LCCU is an IRS-authorized Individual Tax Identification Number (ITIN) Certified Acceptance Agent and can help you submit your application for a new ITIN or renew an existing one. The requirements include: Be an LCCU member Form W \u2013 7 [&hellip;]<\/p>\n","protected":false},"author":18,"featured_media":1683,"parent":224,"menu_order":0,"comment_status":"closed","ping_status":"closed","template":"","meta":{"_acf_changed":false,"inline_featured_image":false,"footnotes":""},"page-structure":[],"sidebar-content":[],"class_list":["post-1682","page","type-page","status-publish","has-post-thumbnail","hentry"],"acf":[],"yoast_head":"<!-- This site is optimized with the Yoast SEO plugin v27.2 - https:\/\/yoast.com\/product\/yoast-seo-wordpress\/ -->\n<title>ITIN &amp; Special Services - latinoccu.org<\/title>\n<meta name=\"robots\" content=\"index, follow, max-snippet:-1, max-image-preview:large, max-video-preview:-1\" \/>\n<link rel=\"canonical\" href=\"https:\/\/latinoccu.org\/es\/products-and-services\/other-services\/special-services\/\" \/>\n<meta property=\"og:locale\" content=\"es_MX\" \/>\n<meta property=\"og:type\" content=\"article\" \/>\n<meta property=\"og:title\" content=\"ITIN &amp; Special Services - latinoccu.org\" \/>\n<meta property=\"og:description\" content=\"Support and services designed to help you move forward with confidence. Individual Tax Identification Number (ITIN) LCCU is an IRS-authorized Individual Tax Identification Number (ITIN) Certified Acceptance Agent and can help you submit your application for a new ITIN or renew an existing one. The requirements include: Be an LCCU member Form W \u2013 7 [&hellip;]\" \/>\n<meta property=\"og:url\" content=\"https:\/\/latinoccu.org\/es\/products-and-services\/other-services\/special-services\/\" \/>\n<meta property=\"og:site_name\" content=\"latinoccu.org\" \/>\n<meta property=\"article:modified_time\" content=\"2026-02-16T21:40:35+00:00\" \/>\n<meta property=\"og:image\" content=\"https:\/\/latinoccu.org\/wp-content\/uploads\/2016\/09\/Special-Services-Product-Page-1.jpg\" \/>\n\t<meta property=\"og:image:width\" content=\"1500\" \/>\n\t<meta property=\"og:image:height\" content=\"450\" \/>\n\t<meta property=\"og:image:type\" content=\"image\/jpeg\" \/>\n<meta name=\"twitter:card\" content=\"summary_large_image\" \/>\n<meta name=\"twitter:label1\" content=\"Tiempo de lectura\" \/>\n\t<meta name=\"twitter:data1\" content=\"2 minutos\" \/>\n<script type=\"application\/ld+json\" class=\"yoast-schema-graph\">{\"@context\":\"https:\/\/schema.org\",\"@graph\":[{\"@type\":\"WebPage\",\"@id\":\"https:\/\/latinoccu.org\/products-and-services\/other-services\/special-services\/\",\"url\":\"https:\/\/latinoccu.org\/products-and-services\/other-services\/special-services\/\",\"name\":\"ITIN &amp; Special Services - latinoccu.org\",\"isPartOf\":{\"@id\":\"https:\/\/latinoccu.org\/#website\"},\"primaryImageOfPage\":{\"@id\":\"https:\/\/latinoccu.org\/products-and-services\/other-services\/special-services\/#primaryimage\"},\"image\":{\"@id\":\"https:\/\/latinoccu.org\/products-and-services\/other-services\/special-services\/#primaryimage\"},\"thumbnailUrl\":\"https:\/\/latinoccu.org\/wp-content\/uploads\/2016\/09\/Special-Services-Product-Page-1.jpg\",\"datePublished\":\"2016-09-02T16:16:07+00:00\",\"dateModified\":\"2026-02-16T21:40:35+00:00\",\"breadcrumb\":{\"@id\":\"https:\/\/latinoccu.org\/products-and-services\/other-services\/special-services\/#breadcrumb\"},\"inLanguage\":\"es\",\"potentialAction\":[{\"@type\":\"ReadAction\",\"target\":[\"https:\/\/latinoccu.org\/products-and-services\/other-services\/special-services\/\"]}]},{\"@type\":\"ImageObject\",\"inLanguage\":\"es\",\"@id\":\"https:\/\/latinoccu.org\/products-and-services\/other-services\/special-services\/#primaryimage\",\"url\":\"https:\/\/latinoccu.org\/wp-content\/uploads\/2016\/09\/Special-Services-Product-Page-1.jpg\",\"contentUrl\":\"https:\/\/latinoccu.org\/wp-content\/uploads\/2016\/09\/Special-Services-Product-Page-1.jpg\",\"width\":1500,\"height\":450},{\"@type\":\"BreadcrumbList\",\"@id\":\"https:\/\/latinoccu.org\/products-and-services\/other-services\/special-services\/#breadcrumb\",\"itemListElement\":[{\"@type\":\"ListItem\",\"position\":1,\"name\":\"Home\",\"item\":\"https:\/\/latinoccu.org\/\"},{\"@type\":\"ListItem\",\"position\":2,\"name\":\"Products and Services\",\"item\":\"https:\/\/latinoccu.org\/products-and-services\/\"},{\"@type\":\"ListItem\",\"position\":3,\"name\":\"Digital Services\",\"item\":\"https:\/\/latinoccu.org\/products-and-services\/other-services\/\"},{\"@type\":\"ListItem\",\"position\":4,\"name\":\"ITIN &amp; Special Services\"}]},{\"@type\":\"WebSite\",\"@id\":\"https:\/\/latinoccu.org\/#website\",\"url\":\"https:\/\/latinoccu.org\/\",\"name\":\"latinoccu.org\",\"description\":\"\",\"potentialAction\":[{\"@type\":\"SearchAction\",\"target\":{\"@type\":\"EntryPoint\",\"urlTemplate\":\"https:\/\/latinoccu.org\/?s={search_term_string}\"},\"query-input\":{\"@type\":\"PropertyValueSpecification\",\"valueRequired\":true,\"valueName\":\"search_term_string\"}}],\"inLanguage\":\"es\"}]}<\/script>\n<!-- \/ Yoast SEO plugin. -->","yoast_head_json":{"title":"ITIN &amp; Special Services - latinoccu.org","robots":{"index":"index","follow":"follow","max-snippet":"max-snippet:-1","max-image-preview":"max-image-preview:large","max-video-preview":"max-video-preview:-1"},"canonical":"https:\/\/latinoccu.org\/es\/products-and-services\/other-services\/special-services\/","og_locale":"es_MX","og_type":"article","og_title":"ITIN &amp; Special Services - latinoccu.org","og_description":"Support and services designed to help you move forward with confidence. Individual Tax Identification Number (ITIN) LCCU is an IRS-authorized Individual Tax Identification Number (ITIN) Certified Acceptance Agent and can help you submit your application for a new ITIN or renew an existing one. The requirements include: Be an LCCU member Form W \u2013 7 [&hellip;]","og_url":"https:\/\/latinoccu.org\/es\/products-and-services\/other-services\/special-services\/","og_site_name":"latinoccu.org","article_modified_time":"2026-02-16T21:40:35+00:00","og_image":[{"width":1500,"height":450,"url":"https:\/\/latinoccu.org\/wp-content\/uploads\/2016\/09\/Special-Services-Product-Page-1.jpg","type":"image\/jpeg"}],"twitter_card":"summary_large_image","twitter_misc":{"Tiempo de lectura":"2 minutos"},"schema":{"@context":"https:\/\/schema.org","@graph":[{"@type":"WebPage","@id":"https:\/\/latinoccu.org\/products-and-services\/other-services\/special-services\/","url":"https:\/\/latinoccu.org\/products-and-services\/other-services\/special-services\/","name":"ITIN &amp; Special Services - latinoccu.org","isPartOf":{"@id":"https:\/\/latinoccu.org\/#website"},"primaryImageOfPage":{"@id":"https:\/\/latinoccu.org\/products-and-services\/other-services\/special-services\/#primaryimage"},"image":{"@id":"https:\/\/latinoccu.org\/products-and-services\/other-services\/special-services\/#primaryimage"},"thumbnailUrl":"https:\/\/latinoccu.org\/wp-content\/uploads\/2016\/09\/Special-Services-Product-Page-1.jpg","datePublished":"2016-09-02T16:16:07+00:00","dateModified":"2026-02-16T21:40:35+00:00","breadcrumb":{"@id":"https:\/\/latinoccu.org\/products-and-services\/other-services\/special-services\/#breadcrumb"},"inLanguage":"es","potentialAction":[{"@type":"ReadAction","target":["https:\/\/latinoccu.org\/products-and-services\/other-services\/special-services\/"]}]},{"@type":"ImageObject","inLanguage":"es","@id":"https:\/\/latinoccu.org\/products-and-services\/other-services\/special-services\/#primaryimage","url":"https:\/\/latinoccu.org\/wp-content\/uploads\/2016\/09\/Special-Services-Product-Page-1.jpg","contentUrl":"https:\/\/latinoccu.org\/wp-content\/uploads\/2016\/09\/Special-Services-Product-Page-1.jpg","width":1500,"height":450},{"@type":"BreadcrumbList","@id":"https:\/\/latinoccu.org\/products-and-services\/other-services\/special-services\/#breadcrumb","itemListElement":[{"@type":"ListItem","position":1,"name":"Home","item":"https:\/\/latinoccu.org\/"},{"@type":"ListItem","position":2,"name":"Products and Services","item":"https:\/\/latinoccu.org\/products-and-services\/"},{"@type":"ListItem","position":3,"name":"Digital Services","item":"https:\/\/latinoccu.org\/products-and-services\/other-services\/"},{"@type":"ListItem","position":4,"name":"ITIN &amp; Special Services"}]},{"@type":"WebSite","@id":"https:\/\/latinoccu.org\/#website","url":"https:\/\/latinoccu.org\/","name":"latinoccu.org","description":"","potentialAction":[{"@type":"SearchAction","target":{"@type":"EntryPoint","urlTemplate":"https:\/\/latinoccu.org\/?s={search_term_string}"},"query-input":{"@type":"PropertyValueSpecification","valueRequired":true,"valueName":"search_term_string"}}],"inLanguage":"es"}]}},"_links":{"self":[{"href":"https:\/\/latinoccu.org\/es\/wp-json\/wp\/v2\/pages\/1682","targetHints":{"allow":["GET"]}}],"collection":[{"href":"https:\/\/latinoccu.org\/es\/wp-json\/wp\/v2\/pages"}],"about":[{"href":"https:\/\/latinoccu.org\/es\/wp-json\/wp\/v2\/types\/page"}],"author":[{"embeddable":true,"href":"https:\/\/latinoccu.org\/es\/wp-json\/wp\/v2\/users\/18"}],"replies":[{"embeddable":true,"href":"https:\/\/latinoccu.org\/es\/wp-json\/wp\/v2\/comments?post=1682"}],"version-history":[{"count":5,"href":"https:\/\/latinoccu.org\/es\/wp-json\/wp\/v2\/pages\/1682\/revisions"}],"predecessor-version":[{"id":22234,"href":"https:\/\/latinoccu.org\/es\/wp-json\/wp\/v2\/pages\/1682\/revisions\/22234"}],"up":[{"embeddable":true,"href":"https:\/\/latinoccu.org\/es\/wp-json\/wp\/v2\/pages\/224"}],"wp:featuredmedia":[{"embeddable":true,"href":"https:\/\/latinoccu.org\/es\/wp-json\/wp\/v2\/media\/1683"}],"wp:attachment":[{"href":"https:\/\/latinoccu.org\/es\/wp-json\/wp\/v2\/media?parent=1682"}],"wp:term":[{"taxonomy":"page-structure","embeddable":true,"href":"https:\/\/latinoccu.org\/es\/wp-json\/wp\/v2\/page-structure?post=1682"},{"taxonomy":"sidebar-content","embeddable":true,"href":"https:\/\/latinoccu.org\/es\/wp-json\/wp\/v2\/sidebar-content?post=1682"}],"curies":[{"name":"wp","href":"https:\/\/api.w.org\/{rel}","templated":true}]}}