{"id":15994,"date":"2023-03-20T16:21:47","date_gmt":"2023-03-20T20:21:47","guid":{"rendered":"https:\/\/latinoccu.org\/?page_id=15994"},"modified":"2026-02-11T00:09:21","modified_gmt":"2026-02-11T00:09:21","slug":"opening-a-term-certificate-is-easy","status":"publish","type":"page","link":"https:\/\/latinoccu.org\/es\/community-impact\/opening-a-term-certificate-is-easy\/","title":{"rendered":"\u00a1Abrir un Certificado a Plazo es F\u00e1cil!"},"content":{"rendered":"<div data-elementor-type=\"wp-page\" data-elementor-id=\"15994\" class=\"elementor elementor-15994\" data-elementor-post-type=\"page\">\n\t\t\t\t<div class=\"elementor-element elementor-element-44af988 e-con-full cmp cmp-basic-text e-flex e-con e-parent\" data-id=\"44af988\" data-element_type=\"container\" data-e-type=\"container\">\n\t\t<div class=\"elementor-element elementor-element-4a0084d5 e-flex e-con-boxed e-con e-child\" data-id=\"4a0084d5\" data-element_type=\"container\" data-e-type=\"container\">\n\t\t\t\t\t<div class=\"e-con-inner\">\n\t\t\t\t<div class=\"elementor-element elementor-element-3c04b1cd elementor-widget elementor-widget-text-editor\" data-id=\"3c04b1cd\" data-element_type=\"widget\" data-e-type=\"widget\" data-widget_type=\"text-editor.default\">\n\t\t\t\t<div class=\"elementor-widget-container\">\n\t\t\t\t\t\t\t\t\t<ul><li>Haz clic en <a href=\"https:\/\/connect.latinoccu.org\/login\">aqu\u00ed<\/a> para iniciar sesi\u00f3n en tu cuenta en l\u00ednea. Una vez que hayas iniciado sesi\u00f3n:<ul><li>En la barra de men\u00fa en la parte superior, selecciona \u201cAbrir una Cuenta\"<\/li><li>A continuaci\u00f3n, selecciona \u201cCertificados de deposito a plazo\"<\/li><li>A continuaci\u00f3n, selecciona el plazo que prefieras<\/li><\/ul><\/li><li>O visita la sucursal m\u00e1s cercana.<\/li><li>O contacta a nuestro Centro de Servicio al Socio por virtual@latinoccu.org o llamando al 919-595-1800.<\/li><\/ul><p><strong>\u00bfNecesitas iniciar tu nuevo Certificado a Plazo de la Cooperativa Latina con fondos de otra instituci\u00f3n financiera? Puedes hacerlo:<\/strong><\/p><ul><li>Env\u00eda una transferencia bancaria a tu cuenta actual de la Cooperativa Latina Consulta nuestras <a href=\"https:\/\/latinoccu.org\/es\/products-and-services\/other-services\/wire-transfers\/\">Instrucciones de Transferencia<\/a>. O,<\/li><li>Emite un cheque desde tu otra cuenta y depos\u00edtalo en una de nuestras sucursales o cajeros autom\u00e1ticos.<\/li><\/ul>\t\t\t\t\t\t\t\t<\/div>\n\t\t\t\t<\/div>\n\t\t\t\t\t<\/div>\n\t\t\t\t<\/div>\n\t\t\t\t<\/div>\n\t\t\t\t<\/div>","protected":false},"excerpt":{"rendered":"<p>Click here to Log In to your online account. Once you are signed in: Using the top menu bar, select \u2018Open an Account&#8217; Then select \u2018Share Term Certificate&#8217; Then select your preferred term Or visit your nearest branch. Or contact our Member Service Center at virtual@latinoccu.org or 919-595-1800. Need to fund your new LCCU Share [&hellip;]<\/p>\n","protected":false},"author":19,"featured_media":1098,"parent":251,"menu_order":0,"comment_status":"closed","ping_status":"closed","template":"","meta":{"_acf_changed":false,"inline_featured_image":false,"footnotes":""},"page-structure":[21],"sidebar-content":[74,27],"class_list":["post-15994","page","type-page","status-publish","has-post-thumbnail","hentry","page-structure-has-sidebar","sidebar-content-become-a-member-icon","sidebar-content-rates"],"acf":[],"yoast_head":"<!-- This site is optimized with the Yoast SEO plugin v27.2 - https:\/\/yoast.com\/product\/yoast-seo-wordpress\/ -->\n<title>Opening a Share Term Certificate is Easy! - latinoccu.org<\/title>\n<meta name=\"robots\" content=\"index, follow, max-snippet:-1, max-image-preview:large, max-video-preview:-1\" \/>\n<link rel=\"canonical\" href=\"https:\/\/latinoccu.org\/es\/community-impact\/opening-a-term-certificate-is-easy\/\" \/>\n<meta property=\"og:locale\" content=\"es_MX\" \/>\n<meta property=\"og:type\" content=\"article\" \/>\n<meta property=\"og:title\" content=\"Opening a Share Term Certificate is Easy! - latinoccu.org\" \/>\n<meta property=\"og:description\" content=\"Click here to Log In to your online account. Once you are signed in: Using the top menu bar, select \u2018Open an Account&#8217; Then select \u2018Share Term Certificate&#8217; Then select your preferred term Or visit your nearest branch. Or contact our Member Service Center at virtual@latinoccu.org or 919-595-1800. Need to fund your new LCCU Share [&hellip;]\" \/>\n<meta property=\"og:url\" content=\"https:\/\/latinoccu.org\/es\/community-impact\/opening-a-term-certificate-is-easy\/\" \/>\n<meta property=\"og:site_name\" content=\"latinoccu.org\" \/>\n<meta property=\"article:modified_time\" content=\"2026-02-11T00:09:21+00:00\" \/>\n<meta property=\"og:image\" content=\"https:\/\/latinoccu.org\/wp-content\/uploads\/2016\/07\/Share-Term-Certificate-Product-Page-1.jpg\" \/>\n\t<meta property=\"og:image:width\" content=\"1500\" \/>\n\t<meta property=\"og:image:height\" content=\"450\" \/>\n\t<meta property=\"og:image:type\" content=\"image\/jpeg\" \/>\n<meta name=\"twitter:card\" content=\"summary_large_image\" \/>\n<meta name=\"twitter:label1\" content=\"Tiempo de lectura\" \/>\n\t<meta name=\"twitter:data1\" content=\"1 minuto\" \/>\n<script type=\"application\/ld+json\" class=\"yoast-schema-graph\">{\"@context\":\"https:\/\/schema.org\",\"@graph\":[{\"@type\":\"WebPage\",\"@id\":\"https:\/\/latinoccu.org\/community-impact\/opening-a-term-certificate-is-easy\/\",\"url\":\"https:\/\/latinoccu.org\/community-impact\/opening-a-term-certificate-is-easy\/\",\"name\":\"Opening a Share Term Certificate is Easy! - latinoccu.org\",\"isPartOf\":{\"@id\":\"https:\/\/latinoccu.org\/#website\"},\"primaryImageOfPage\":{\"@id\":\"https:\/\/latinoccu.org\/community-impact\/opening-a-term-certificate-is-easy\/#primaryimage\"},\"image\":{\"@id\":\"https:\/\/latinoccu.org\/community-impact\/opening-a-term-certificate-is-easy\/#primaryimage\"},\"thumbnailUrl\":\"https:\/\/latinoccu.org\/wp-content\/uploads\/2016\/07\/Share-Term-Certificate-Product-Page-1.jpg\",\"datePublished\":\"2023-03-20T20:21:47+00:00\",\"dateModified\":\"2026-02-11T00:09:21+00:00\",\"breadcrumb\":{\"@id\":\"https:\/\/latinoccu.org\/community-impact\/opening-a-term-certificate-is-easy\/#breadcrumb\"},\"inLanguage\":\"es\",\"potentialAction\":[{\"@type\":\"ReadAction\",\"target\":[\"https:\/\/latinoccu.org\/community-impact\/opening-a-term-certificate-is-easy\/\"]}]},{\"@type\":\"ImageObject\",\"inLanguage\":\"es\",\"@id\":\"https:\/\/latinoccu.org\/community-impact\/opening-a-term-certificate-is-easy\/#primaryimage\",\"url\":\"https:\/\/latinoccu.org\/wp-content\/uploads\/2016\/07\/Share-Term-Certificate-Product-Page-1.jpg\",\"contentUrl\":\"https:\/\/latinoccu.org\/wp-content\/uploads\/2016\/07\/Share-Term-Certificate-Product-Page-1.jpg\",\"width\":1500,\"height\":450,\"caption\":\"Cash Deposit\"},{\"@type\":\"BreadcrumbList\",\"@id\":\"https:\/\/latinoccu.org\/community-impact\/opening-a-term-certificate-is-easy\/#breadcrumb\",\"itemListElement\":[{\"@type\":\"ListItem\",\"position\":1,\"name\":\"Home\",\"item\":\"https:\/\/latinoccu.org\/\"},{\"@type\":\"ListItem\",\"position\":2,\"name\":\"Invest in Community\",\"item\":\"https:\/\/latinoccu.org\/community-impact\/\"},{\"@type\":\"ListItem\",\"position\":3,\"name\":\"Opening a Share Term Certificate is Easy!\"}]},{\"@type\":\"WebSite\",\"@id\":\"https:\/\/latinoccu.org\/#website\",\"url\":\"https:\/\/latinoccu.org\/\",\"name\":\"latinoccu.org\",\"description\":\"\",\"potentialAction\":[{\"@type\":\"SearchAction\",\"target\":{\"@type\":\"EntryPoint\",\"urlTemplate\":\"https:\/\/latinoccu.org\/?s={search_term_string}\"},\"query-input\":{\"@type\":\"PropertyValueSpecification\",\"valueRequired\":true,\"valueName\":\"search_term_string\"}}],\"inLanguage\":\"es\"}]}<\/script>\n<!-- \/ Yoast SEO plugin. -->","yoast_head_json":{"title":"Opening a Share Term Certificate is Easy! - latinoccu.org","robots":{"index":"index","follow":"follow","max-snippet":"max-snippet:-1","max-image-preview":"max-image-preview:large","max-video-preview":"max-video-preview:-1"},"canonical":"https:\/\/latinoccu.org\/es\/community-impact\/opening-a-term-certificate-is-easy\/","og_locale":"es_MX","og_type":"article","og_title":"Opening a Share Term Certificate is Easy! - latinoccu.org","og_description":"Click here to Log In to your online account. Once you are signed in: Using the top menu bar, select \u2018Open an Account&#8217; Then select \u2018Share Term Certificate&#8217; Then select your preferred term Or visit your nearest branch. Or contact our Member Service Center at virtual@latinoccu.org or 919-595-1800. Need to fund your new LCCU Share [&hellip;]","og_url":"https:\/\/latinoccu.org\/es\/community-impact\/opening-a-term-certificate-is-easy\/","og_site_name":"latinoccu.org","article_modified_time":"2026-02-11T00:09:21+00:00","og_image":[{"width":1500,"height":450,"url":"https:\/\/latinoccu.org\/wp-content\/uploads\/2016\/07\/Share-Term-Certificate-Product-Page-1.jpg","type":"image\/jpeg"}],"twitter_card":"summary_large_image","twitter_misc":{"Tiempo de lectura":"1 minuto"},"schema":{"@context":"https:\/\/schema.org","@graph":[{"@type":"WebPage","@id":"https:\/\/latinoccu.org\/community-impact\/opening-a-term-certificate-is-easy\/","url":"https:\/\/latinoccu.org\/community-impact\/opening-a-term-certificate-is-easy\/","name":"Opening a Share Term Certificate is Easy! - latinoccu.org","isPartOf":{"@id":"https:\/\/latinoccu.org\/#website"},"primaryImageOfPage":{"@id":"https:\/\/latinoccu.org\/community-impact\/opening-a-term-certificate-is-easy\/#primaryimage"},"image":{"@id":"https:\/\/latinoccu.org\/community-impact\/opening-a-term-certificate-is-easy\/#primaryimage"},"thumbnailUrl":"https:\/\/latinoccu.org\/wp-content\/uploads\/2016\/07\/Share-Term-Certificate-Product-Page-1.jpg","datePublished":"2023-03-20T20:21:47+00:00","dateModified":"2026-02-11T00:09:21+00:00","breadcrumb":{"@id":"https:\/\/latinoccu.org\/community-impact\/opening-a-term-certificate-is-easy\/#breadcrumb"},"inLanguage":"es","potentialAction":[{"@type":"ReadAction","target":["https:\/\/latinoccu.org\/community-impact\/opening-a-term-certificate-is-easy\/"]}]},{"@type":"ImageObject","inLanguage":"es","@id":"https:\/\/latinoccu.org\/community-impact\/opening-a-term-certificate-is-easy\/#primaryimage","url":"https:\/\/latinoccu.org\/wp-content\/uploads\/2016\/07\/Share-Term-Certificate-Product-Page-1.jpg","contentUrl":"https:\/\/latinoccu.org\/wp-content\/uploads\/2016\/07\/Share-Term-Certificate-Product-Page-1.jpg","width":1500,"height":450,"caption":"Cash Deposit"},{"@type":"BreadcrumbList","@id":"https:\/\/latinoccu.org\/community-impact\/opening-a-term-certificate-is-easy\/#breadcrumb","itemListElement":[{"@type":"ListItem","position":1,"name":"Home","item":"https:\/\/latinoccu.org\/"},{"@type":"ListItem","position":2,"name":"Invest in Community","item":"https:\/\/latinoccu.org\/community-impact\/"},{"@type":"ListItem","position":3,"name":"Opening a Share Term Certificate is Easy!"}]},{"@type":"WebSite","@id":"https:\/\/latinoccu.org\/#website","url":"https:\/\/latinoccu.org\/","name":"latinoccu.org","description":"","potentialAction":[{"@type":"SearchAction","target":{"@type":"EntryPoint","urlTemplate":"https:\/\/latinoccu.org\/?s={search_term_string}"},"query-input":{"@type":"PropertyValueSpecification","valueRequired":true,"valueName":"search_term_string"}}],"inLanguage":"es"}]}},"_links":{"self":[{"href":"https:\/\/latinoccu.org\/es\/wp-json\/wp\/v2\/pages\/15994","targetHints":{"allow":["GET"]}}],"collection":[{"href":"https:\/\/latinoccu.org\/es\/wp-json\/wp\/v2\/pages"}],"about":[{"href":"https:\/\/latinoccu.org\/es\/wp-json\/wp\/v2\/types\/page"}],"author":[{"embeddable":true,"href":"https:\/\/latinoccu.org\/es\/wp-json\/wp\/v2\/users\/19"}],"replies":[{"embeddable":true,"href":"https:\/\/latinoccu.org\/es\/wp-json\/wp\/v2\/comments?post=15994"}],"version-history":[{"count":0,"href":"https:\/\/latinoccu.org\/es\/wp-json\/wp\/v2\/pages\/15994\/revisions"}],"up":[{"embeddable":true,"href":"https:\/\/latinoccu.org\/es\/wp-json\/wp\/v2\/pages\/251"}],"wp:featuredmedia":[{"embeddable":true,"href":"https:\/\/latinoccu.org\/es\/wp-json\/wp\/v2\/media\/1098"}],"wp:attachment":[{"href":"https:\/\/latinoccu.org\/es\/wp-json\/wp\/v2\/media?parent=15994"}],"wp:term":[{"taxonomy":"page-structure","embeddable":true,"href":"https:\/\/latinoccu.org\/es\/wp-json\/wp\/v2\/page-structure?post=15994"},{"taxonomy":"sidebar-content","embeddable":true,"href":"https:\/\/latinoccu.org\/es\/wp-json\/wp\/v2\/sidebar-content?post=15994"}],"curies":[{"name":"wp","href":"https:\/\/api.w.org\/{rel}","templated":true}]}}