{"id":1592,"date":"2016-09-01T15:53:13","date_gmt":"2016-09-01T19:53:13","guid":{"rendered":"http:\/\/latinoccu.org\/?page_id=1592"},"modified":"2026-02-11T22:54:49","modified_gmt":"2026-02-11T22:54:49","slug":"information-for-realtors","status":"publish","type":"page","link":"https:\/\/latinoccu.org\/es\/products-and-services\/loans-credit\/mortgages\/information-for-realtors\/","title":{"rendered":"Informaci\u00f3n para Agentes de Bienes Ra\u00edces"},"content":{"rendered":"<div data-elementor-type=\"wp-page\" data-elementor-id=\"1592\" class=\"elementor elementor-1592\" data-elementor-post-type=\"page\">\n\t\t\t\t<div class=\"elementor-element elementor-element-18e679d e-con-full e-flex e-con e-parent\" data-id=\"18e679d\" data-element_type=\"container\" data-e-type=\"container\" data-settings=\"{&quot;background_background&quot;:&quot;classic&quot;}\">\n\t\t\t\t<div data-dce-title-color=\"#FFFFFF\" class=\"elementor-element elementor-element-d618623 elementor-widget elementor-widget-heading\" data-id=\"d618623\" data-element_type=\"widget\" data-e-type=\"widget\" data-widget_type=\"heading.default\">\n\t\t\t\t<div class=\"elementor-widget-container\">\n\t\t\t\t\t<h2 class=\"elementor-heading-title elementor-size-default\">\u00bfDeseas ayudar a tus clientes con sus necesidades de financiamiento para la compra de una vivienda?<\/h2>\t\t\t\t<\/div>\n\t\t\t\t<\/div>\n\t\t\t\t<div class=\"elementor-element elementor-element-f40b0fb elementor-widget elementor-widget-heading\" data-id=\"f40b0fb\" data-element_type=\"widget\" data-e-type=\"widget\" data-widget_type=\"heading.default\">\n\t\t\t\t<div class=\"elementor-widget-container\">\n\t\t\t\t\t<h2 class=\"elementor-heading-title elementor-size-default\">\u00bfPor qu\u00e9 elegir la Cooperativa Latina?\n<\/h2>\t\t\t\t<\/div>\n\t\t\t\t<\/div>\n\t\t\t\t<div class=\"elementor-element elementor-element-e63ce53 elementor-widget elementor-widget-text-editor\" data-id=\"e63ce53\" data-element_type=\"widget\" data-e-type=\"widget\" data-widget_type=\"text-editor.default\">\n\t\t\t\t<div class=\"elementor-widget-container\">\n\t\t\t\t\t\t\t\t\t<p style=\"font-weight: 400;\">La Cooperativa Latina es la opci\u00f3n ideal para compradores de vivienda primerizos, especialmente para aquellos con historial de cr\u00e9dito limitado o inexistente. Ofrecemos hipotecas con tasas fijas y variables, con hasta un 95% de financiamiento, combinadas con tiempos r\u00e1pidos de procesamiento y aprobaci\u00f3n, siempre con un servicio personalizado. Adem\u00e1s, ofrecemos educaci\u00f3n financiera gratuita para preparar a los futuros compradores de vivienda. No esperes m\u00e1s, y \u00a1Empieza hoy mismo con tus clientes!<\/p>\t\t\t\t\t\t\t\t<\/div>\n\t\t\t\t<\/div>\n\t\t\t\t<\/div>\n\t\t<div class=\"elementor-element elementor-element-64d711cd e-con-full cmp cmp-basic-text e-flex e-con e-parent\" data-id=\"64d711cd\" data-element_type=\"container\" data-e-type=\"container\">\n\t\t<div class=\"elementor-element elementor-element-f2ce518 e-flex e-con-boxed e-con e-child\" data-id=\"f2ce518\" data-element_type=\"container\" data-e-type=\"container\">\n\t\t\t\t\t<div class=\"e-con-inner\">\n\t\t\t\t<div class=\"elementor-element elementor-element-12faac3b number-li-style elementor-widget elementor-widget-text-editor\" data-id=\"12faac3b\" data-element_type=\"widget\" data-e-type=\"widget\" data-widget_type=\"text-editor.default\">\n\t\t\t\t<div class=\"elementor-widget-container\">\n\t\t\t\t\t\t\t\t\t<h3>Para aplicar a un pr\u00e9stamo, los solicitantes deber\u00e1n:<\/h3><ul><li>Ser socios de la Cooperativa Latina (abrir una cuenta de ahorros con un saldo m\u00ednimo de $10 y pagar una cuota de membres\u00eda \u00fanica de $10).<\/li><li>Tener un pago inicial m\u00ednimo para el programa que solicitan (el mayor entre 5%, 10%, 20% o $5,000) y contar con ahorros para cubrir los costos estimados de cierre.<\/li><li>Presentar prueba de empleo de los \u00faltimos doce (12) meses (recibos de pago y el W-2 m\u00e1s reciente).<\/li><li>Si el solicitante es empleado independiente, se deben proporcionar las declaraciones de impuestos de los \u00faltimos dos a\u00f1os (Personales y\/o Empresariales).<\/li><li>Proporcionar informaci\u00f3n de contacto de los empleadores actuales y anteriores del \u00faltimo a\u00f1o.<\/li><li>Mostrar los estados de cuenta bancarios m\u00e1s recientes de los \u00faltimos 60 d\u00edas.<\/li><li>Facilitar la informaci\u00f3n de contacto de los arrendadores actuales y anteriores del \u00faltimo a\u00f1o.<\/li><li>Puede ser necesaria informaci\u00f3n adicional.<\/li><\/ul>\t\t\t\t\t\t\t\t<\/div>\n\t\t\t\t<\/div>\n\t\t\t\t\t<\/div>\n\t\t\t\t<\/div>\n\t\t\t\t<\/div>\n\t\t\t\t<\/div>","protected":false},"excerpt":{"rendered":"<p>Looking to assist your clients with their home financing needs? Why Choose Latino Credit Union? LCCU is the best choice for first-time home buyers, including those with limited or no traditional credit history who generally would not qualify with traditional lenders. We offer fixed and adjustable rate mortgages and up to 95% financing, paired with [&hellip;]<\/p>\n","protected":false},"author":19,"featured_media":1593,"parent":426,"menu_order":0,"comment_status":"closed","ping_status":"closed","template":"","meta":{"_acf_changed":false,"inline_featured_image":false,"footnotes":""},"page-structure":[21],"sidebar-content":[39,25,27],"class_list":["post-1592","page","type-page","status-publish","has-post-thumbnail","hentry","page-structure-has-sidebar","sidebar-content-contact-us","sidebar-content-footer-we-pay-you-back","sidebar-content-rates"],"acf":[],"yoast_head":"<!-- This site is optimized with the Yoast SEO plugin v27.2 - https:\/\/yoast.com\/product\/yoast-seo-wordpress\/ -->\n<title>Information for Realtors - latinoccu.org<\/title>\n<meta name=\"robots\" content=\"index, follow, max-snippet:-1, max-image-preview:large, max-video-preview:-1\" \/>\n<link rel=\"canonical\" href=\"https:\/\/latinoccu.org\/es\/products-and-services\/loans-credit\/mortgages\/information-for-realtors\/\" \/>\n<meta property=\"og:locale\" content=\"es_MX\" \/>\n<meta property=\"og:type\" content=\"article\" \/>\n<meta property=\"og:title\" content=\"Information for Realtors - latinoccu.org\" \/>\n<meta property=\"og:description\" content=\"Looking to assist your clients with their home financing needs? Why Choose Latino Credit Union? LCCU is the best choice for first-time home buyers, including those with limited or no traditional credit history who generally would not qualify with traditional lenders. We offer fixed and adjustable rate mortgages and up to 95% financing, paired with [&hellip;]\" \/>\n<meta property=\"og:url\" content=\"https:\/\/latinoccu.org\/es\/products-and-services\/loans-credit\/mortgages\/information-for-realtors\/\" \/>\n<meta property=\"og:site_name\" content=\"latinoccu.org\" \/>\n<meta property=\"article:modified_time\" content=\"2026-02-11T22:54:49+00:00\" \/>\n<meta property=\"og:image\" content=\"https:\/\/latinoccu.org\/wp-content\/uploads\/2016\/09\/Information-for-Realtors-Product-Page-1.jpg\" \/>\n\t<meta property=\"og:image:width\" content=\"1500\" \/>\n\t<meta property=\"og:image:height\" content=\"450\" \/>\n\t<meta property=\"og:image:type\" content=\"image\/jpeg\" \/>\n<meta name=\"twitter:card\" content=\"summary_large_image\" \/>\n<meta name=\"twitter:label1\" content=\"Tiempo de lectura\" \/>\n\t<meta name=\"twitter:data1\" content=\"1 minuto\" \/>\n<script type=\"application\/ld+json\" class=\"yoast-schema-graph\">{\"@context\":\"https:\/\/schema.org\",\"@graph\":[{\"@type\":\"WebPage\",\"@id\":\"https:\/\/latinoccu.org\/products-and-services\/loans-credit\/mortgages\/information-for-realtors\/\",\"url\":\"https:\/\/latinoccu.org\/products-and-services\/loans-credit\/mortgages\/information-for-realtors\/\",\"name\":\"Information for Realtors - latinoccu.org\",\"isPartOf\":{\"@id\":\"https:\/\/latinoccu.org\/#website\"},\"primaryImageOfPage\":{\"@id\":\"https:\/\/latinoccu.org\/products-and-services\/loans-credit\/mortgages\/information-for-realtors\/#primaryimage\"},\"image\":{\"@id\":\"https:\/\/latinoccu.org\/products-and-services\/loans-credit\/mortgages\/information-for-realtors\/#primaryimage\"},\"thumbnailUrl\":\"https:\/\/latinoccu.org\/wp-content\/uploads\/2016\/09\/Information-for-Realtors-Product-Page-1.jpg\",\"datePublished\":\"2016-09-01T19:53:13+00:00\",\"dateModified\":\"2026-02-11T22:54:49+00:00\",\"breadcrumb\":{\"@id\":\"https:\/\/latinoccu.org\/products-and-services\/loans-credit\/mortgages\/information-for-realtors\/#breadcrumb\"},\"inLanguage\":\"es\",\"potentialAction\":[{\"@type\":\"ReadAction\",\"target\":[\"https:\/\/latinoccu.org\/products-and-services\/loans-credit\/mortgages\/information-for-realtors\/\"]}]},{\"@type\":\"ImageObject\",\"inLanguage\":\"es\",\"@id\":\"https:\/\/latinoccu.org\/products-and-services\/loans-credit\/mortgages\/information-for-realtors\/#primaryimage\",\"url\":\"https:\/\/latinoccu.org\/wp-content\/uploads\/2016\/09\/Information-for-Realtors-Product-Page-1.jpg\",\"contentUrl\":\"https:\/\/latinoccu.org\/wp-content\/uploads\/2016\/09\/Information-for-Realtors-Product-Page-1.jpg\",\"width\":1500,\"height\":450},{\"@type\":\"BreadcrumbList\",\"@id\":\"https:\/\/latinoccu.org\/products-and-services\/loans-credit\/mortgages\/information-for-realtors\/#breadcrumb\",\"itemListElement\":[{\"@type\":\"ListItem\",\"position\":1,\"name\":\"Home\",\"item\":\"https:\/\/latinoccu.org\/\"},{\"@type\":\"ListItem\",\"position\":2,\"name\":\"Products and Services\",\"item\":\"https:\/\/latinoccu.org\/products-and-services\/\"},{\"@type\":\"ListItem\",\"position\":3,\"name\":\"Loans &#038; Credit\",\"item\":\"https:\/\/latinoccu.org\/products-and-services\/loans-credit\/\"},{\"@type\":\"ListItem\",\"position\":4,\"name\":\"Mortgages\",\"item\":\"https:\/\/latinoccu.org\/products-and-services\/loans-credit\/mortgages\/\"},{\"@type\":\"ListItem\",\"position\":5,\"name\":\"Information for Realtors\"}]},{\"@type\":\"WebSite\",\"@id\":\"https:\/\/latinoccu.org\/#website\",\"url\":\"https:\/\/latinoccu.org\/\",\"name\":\"latinoccu.org\",\"description\":\"\",\"potentialAction\":[{\"@type\":\"SearchAction\",\"target\":{\"@type\":\"EntryPoint\",\"urlTemplate\":\"https:\/\/latinoccu.org\/?s={search_term_string}\"},\"query-input\":{\"@type\":\"PropertyValueSpecification\",\"valueRequired\":true,\"valueName\":\"search_term_string\"}}],\"inLanguage\":\"es\"}]}<\/script>\n<!-- \/ Yoast SEO plugin. -->","yoast_head_json":{"title":"Information for Realtors - latinoccu.org","robots":{"index":"index","follow":"follow","max-snippet":"max-snippet:-1","max-image-preview":"max-image-preview:large","max-video-preview":"max-video-preview:-1"},"canonical":"https:\/\/latinoccu.org\/es\/products-and-services\/loans-credit\/mortgages\/information-for-realtors\/","og_locale":"es_MX","og_type":"article","og_title":"Information for Realtors - latinoccu.org","og_description":"Looking to assist your clients with their home financing needs? Why Choose Latino Credit Union? LCCU is the best choice for first-time home buyers, including those with limited or no traditional credit history who generally would not qualify with traditional lenders. We offer fixed and adjustable rate mortgages and up to 95% financing, paired with [&hellip;]","og_url":"https:\/\/latinoccu.org\/es\/products-and-services\/loans-credit\/mortgages\/information-for-realtors\/","og_site_name":"latinoccu.org","article_modified_time":"2026-02-11T22:54:49+00:00","og_image":[{"width":1500,"height":450,"url":"https:\/\/latinoccu.org\/wp-content\/uploads\/2016\/09\/Information-for-Realtors-Product-Page-1.jpg","type":"image\/jpeg"}],"twitter_card":"summary_large_image","twitter_misc":{"Tiempo de lectura":"1 minuto"},"schema":{"@context":"https:\/\/schema.org","@graph":[{"@type":"WebPage","@id":"https:\/\/latinoccu.org\/products-and-services\/loans-credit\/mortgages\/information-for-realtors\/","url":"https:\/\/latinoccu.org\/products-and-services\/loans-credit\/mortgages\/information-for-realtors\/","name":"Information for Realtors - latinoccu.org","isPartOf":{"@id":"https:\/\/latinoccu.org\/#website"},"primaryImageOfPage":{"@id":"https:\/\/latinoccu.org\/products-and-services\/loans-credit\/mortgages\/information-for-realtors\/#primaryimage"},"image":{"@id":"https:\/\/latinoccu.org\/products-and-services\/loans-credit\/mortgages\/information-for-realtors\/#primaryimage"},"thumbnailUrl":"https:\/\/latinoccu.org\/wp-content\/uploads\/2016\/09\/Information-for-Realtors-Product-Page-1.jpg","datePublished":"2016-09-01T19:53:13+00:00","dateModified":"2026-02-11T22:54:49+00:00","breadcrumb":{"@id":"https:\/\/latinoccu.org\/products-and-services\/loans-credit\/mortgages\/information-for-realtors\/#breadcrumb"},"inLanguage":"es","potentialAction":[{"@type":"ReadAction","target":["https:\/\/latinoccu.org\/products-and-services\/loans-credit\/mortgages\/information-for-realtors\/"]}]},{"@type":"ImageObject","inLanguage":"es","@id":"https:\/\/latinoccu.org\/products-and-services\/loans-credit\/mortgages\/information-for-realtors\/#primaryimage","url":"https:\/\/latinoccu.org\/wp-content\/uploads\/2016\/09\/Information-for-Realtors-Product-Page-1.jpg","contentUrl":"https:\/\/latinoccu.org\/wp-content\/uploads\/2016\/09\/Information-for-Realtors-Product-Page-1.jpg","width":1500,"height":450},{"@type":"BreadcrumbList","@id":"https:\/\/latinoccu.org\/products-and-services\/loans-credit\/mortgages\/information-for-realtors\/#breadcrumb","itemListElement":[{"@type":"ListItem","position":1,"name":"Home","item":"https:\/\/latinoccu.org\/"},{"@type":"ListItem","position":2,"name":"Products and Services","item":"https:\/\/latinoccu.org\/products-and-services\/"},{"@type":"ListItem","position":3,"name":"Loans &#038; Credit","item":"https:\/\/latinoccu.org\/products-and-services\/loans-credit\/"},{"@type":"ListItem","position":4,"name":"Mortgages","item":"https:\/\/latinoccu.org\/products-and-services\/loans-credit\/mortgages\/"},{"@type":"ListItem","position":5,"name":"Information for Realtors"}]},{"@type":"WebSite","@id":"https:\/\/latinoccu.org\/#website","url":"https:\/\/latinoccu.org\/","name":"latinoccu.org","description":"","potentialAction":[{"@type":"SearchAction","target":{"@type":"EntryPoint","urlTemplate":"https:\/\/latinoccu.org\/?s={search_term_string}"},"query-input":{"@type":"PropertyValueSpecification","valueRequired":true,"valueName":"search_term_string"}}],"inLanguage":"es"}]}},"_links":{"self":[{"href":"https:\/\/latinoccu.org\/es\/wp-json\/wp\/v2\/pages\/1592","targetHints":{"allow":["GET"]}}],"collection":[{"href":"https:\/\/latinoccu.org\/es\/wp-json\/wp\/v2\/pages"}],"about":[{"href":"https:\/\/latinoccu.org\/es\/wp-json\/wp\/v2\/types\/page"}],"author":[{"embeddable":true,"href":"https:\/\/latinoccu.org\/es\/wp-json\/wp\/v2\/users\/19"}],"replies":[{"embeddable":true,"href":"https:\/\/latinoccu.org\/es\/wp-json\/wp\/v2\/comments?post=1592"}],"version-history":[{"count":2,"href":"https:\/\/latinoccu.org\/es\/wp-json\/wp\/v2\/pages\/1592\/revisions"}],"predecessor-version":[{"id":22157,"href":"https:\/\/latinoccu.org\/es\/wp-json\/wp\/v2\/pages\/1592\/revisions\/22157"}],"up":[{"embeddable":true,"href":"https:\/\/latinoccu.org\/es\/wp-json\/wp\/v2\/pages\/426"}],"wp:featuredmedia":[{"embeddable":true,"href":"https:\/\/latinoccu.org\/es\/wp-json\/wp\/v2\/media\/1593"}],"wp:attachment":[{"href":"https:\/\/latinoccu.org\/es\/wp-json\/wp\/v2\/media?parent=1592"}],"wp:term":[{"taxonomy":"page-structure","embeddable":true,"href":"https:\/\/latinoccu.org\/es\/wp-json\/wp\/v2\/page-structure?post=1592"},{"taxonomy":"sidebar-content","embeddable":true,"href":"https:\/\/latinoccu.org\/es\/wp-json\/wp\/v2\/sidebar-content?post=1592"}],"curies":[{"name":"wp","href":"https:\/\/api.w.org\/{rel}","templated":true}]}}