{"id":1575,"date":"2016-09-01T15:05:59","date_gmt":"2016-09-01T19:05:59","guid":{"rendered":"http:\/\/latinoccu.org\/?page_id=1575"},"modified":"2026-02-11T23:03:43","modified_gmt":"2026-02-11T23:03:43","slug":"new-mortgage","status":"publish","type":"page","link":"https:\/\/latinoccu.org\/es\/products-and-services\/loans-credit\/mortgages\/new-mortgage\/","title":{"rendered":"Nueva Hipoteca"},"content":{"rendered":"<div data-elementor-type=\"wp-page\" data-elementor-id=\"1575\" class=\"elementor elementor-1575\" data-elementor-post-type=\"page\">\n\t\t\t\t<div class=\"elementor-element elementor-element-79da2365 e-con-full cmp cmp-basic-text e-flex e-con e-parent\" data-id=\"79da2365\" data-element_type=\"container\" data-e-type=\"container\">\n\t\t<div class=\"elementor-element elementor-element-20eee0ca e-flex e-con-boxed e-con e-child\" data-id=\"20eee0ca\" data-element_type=\"container\" data-e-type=\"container\">\n\t\t\t\t\t<div class=\"e-con-inner\">\n\t\t\t\t<div class=\"elementor-element elementor-element-17312ffd elementor-widget elementor-widget-heading\" data-id=\"17312ffd\" data-element_type=\"widget\" data-e-type=\"widget\" data-widget_type=\"heading.default\">\n\t\t\t\t<div class=\"elementor-widget-container\">\n\t\t\t\t\t<h2 class=\"elementor-heading-title elementor-size-default\">Obt\u00e9n la pre-calificaci\u00f3n y consigue la casa de tus sue\u00f1os.\n<\/h2>\t\t\t\t<\/div>\n\t\t\t\t<\/div>\n\t\t\t\t<div class=\"elementor-element elementor-element-6d27c93d elementor-widget elementor-widget-text-editor\" data-id=\"6d27c93d\" data-element_type=\"widget\" data-e-type=\"widget\" data-widget_type=\"text-editor.default\">\n\t\t\t\t<div class=\"elementor-widget-container\">\n\t\t\t\t\t\t\t\t\t<h3>Lo que necesitas:<\/h3><ul><li>Ser socio de la Cooperativa Latina<\/li><li class=\"translation-block\">Prueba del pago inicial m\u00ednimo y los costos de cierre estimados requeridos al momento de la pre-calificaci\u00f3n (seg\u00fan el producto y el LTV elegido).<\/li><li class=\"translation-block\">Prueba de empleo durante los \u00faltimos doce (12) meses (recibos de salario y el W2 m\u00e1s reciente. Algunos tipos de ingresos pueden requerir los W2 de los \u00faltimos dos a\u00f1os; consulta setu oficial de pr\u00e9stamos para m\u00e1s detalles).<\/li><li><span class=\"TextRun SCXW229549931 BCX0\" lang=\"EN-US\" xml:lang=\"EN-US\" data-contrast=\"auto\"><span class=\"NormalTextRun SCXW229549931 BCX0\">Si eres empleado independiente, las dos (2) declaraciones de impuestos federales<\/span><\/span><span class=\"TrackChangeTextInsertion TrackedChange SCXW229549931 BCX0\"><span class=\"TextRun SCXW229549931 BCX0\" lang=\"EN-US\" xml:lang=\"EN-US\" data-contrast=\"auto\"><span class=\"NormalTextRun SCXW229549931 BCX0\"> m\u00e1s recientes firmadas y prueba de que tu obligaci\u00f3n fiscal ha sido saldada en su totalidad, si aplica.<\/span><\/span><\/span><\/li><li><span class=\"TextRun SCXW101571358 BCX0\" lang=\"EN-US\" xml:lang=\"EN-US\" data-contrast=\"auto\"><span class=\"NormalTextRun SCXW101571358 BCX0\">Prueba de al menos doce (12) meses de historial de alquiler continuo.<\/span><\/span><\/li><li><span class=\"TextRun SCXW128533638 BCX0\" lang=\"EN-US\" xml:lang=\"EN-US\" data-contrast=\"auto\"><span class=\"NormalTextRun SCXW128533638 BCX0\">Un m\u00ednimo de dos (2) l\u00edneas de cr\u00e9dito tradicional o alternativo activas por al menos seis (6) meses.<\/span><\/span><span class=\"EOP SCXW128533638 BCX0\" data-ccp-props=\"{&quot;201341983&quot;:0,&quot;335559739&quot;:160,&quot;335559740&quot;:279}\">\u00a0<\/span><\/li><li>\u00daltimos dos meses de estados de cuenta bancarios completos para cuentas de dep\u00f3sito.<\/li><\/ul><h3>\u00a0<\/h3><h3>Lo que recibes:<\/h3><ul><li class=\"translation-block\">Disponibilidad de pr\u00e9stamos con tasa fija y ajustable (ARM a 5 a\u00f1os) *<\/li><li>Plazo m\u00e1ximo para pr\u00e9stamos de tasa fija: 20 a\u00f1os<\/li><li>Plazo m\u00e1ximo del pr\u00e9stamo con tasa ajustable: 30 a\u00f1os<\/li><li>Monto m\u00ednimo del pr\u00e9stamo: $40,000<\/li><li>No se requiere seguro hipotecario privado (PMI)<\/li><li>Opciones para financiar casas prefabricadas de doble ancho**<\/li><li>Maneja tu cuenta en l\u00ednea desde cualquier parte con nuestros servicios electr\u00f3nicos. <a href=\"\/es\/products-and-services\/other-services\/electronic-services\/\">Haz clic aqu\u00ed<\/a> para m\u00e1s detalles.<\/li><li>Acceso gratuito a tu FICO\u00ae Score a trav\u00e9s de LatinoConnect en l\u00ednea o la aplicaci\u00f3n m\u00f3vil, sin que ello afecte a tu cr\u00e9dito. Realiza un seguimiento de tu puntuaci\u00f3n, comprende los factores que la influyen y mant\u00e9n el control de tu salud financiera. M\u00e1s informaci\u00f3n <a href=\"https:\/\/latinoccu.org\/es\/access-your-fico-score\/\">aqu\u00ed<\/a><\/li><\/ul>\t\t\t\t\t\t\t\t<\/div>\n\t\t\t\t<\/div>\n\t\t\t\t\t<\/div>\n\t\t\t\t<\/div>\n\t\t\t\t<\/div>\n\t\t<div class=\"elementor-element elementor-element-7052923e cmp cmp-accord-plus e-flex e-con-boxed e-con e-parent\" data-id=\"7052923e\" data-element_type=\"container\" data-e-type=\"container\" data-settings=\"{&quot;background_background&quot;:&quot;classic&quot;}\">\n\t\t\t\t\t<div class=\"e-con-inner\">\n\t\t\t\t<div class=\"elementor-element elementor-element-5c90cae2 elementor-widget elementor-widget-pp-advanced-accordion\" data-id=\"5c90cae2\" data-element_type=\"widget\" data-e-type=\"widget\" data-settings=\"{&quot;accordion_type&quot;:&quot;accordion&quot;,&quot;toggle_speed&quot;:300}\" data-widget_type=\"pp-advanced-accordion.default\">\n\t\t\t\t<div class=\"elementor-widget-container\">\n\t\t\t\t\t\t\t<div class=\"pp-advanced-accordion pp-toggle-icon-align-right\" id=\"pp-advanced-accordion-5c90cae2\" data-accordion-id=\"5c90cae2\" role=\"tablist\">\n\t\t\t\t\t\t\t<div class=\"pp-accordion-item\">\n\t\t\t\t\t\t\t\t\t\t<div id=\"pp-accordion-tab-title-1551\" class=\"pp-accordion-tab-title\" tabindex=\"0\" data-tab=\"1\" role=\"tab\" aria-controls=\"pp-accordion-tab-content-1551\" aria-expanded=\"false\">\n\t\t\t\t\t\t<span class=\"pp-accordion-title-icon\">\n\t\t\t\t\t\t\t\t\t\t\t\t\t\t<span class=\"pp-accordion-title-text\">\n\t\t\t\t\t\t\t\tLetra peque\u00f1a <div class=\"accord-sub\">Detalles Importantes<\/div>\t\t\t\t\t\t\t<\/span>\n\t\t\t\t\t\t<\/span>\n\t\t\t\t\t\t\t\t\t\t\t\t\t<div class=\"pp-accordion-toggle-icon\">\n\t\t\t\t\t\t\t\t\t\t\t\t\t\t\t\t\t<span class='pp-accordion-toggle-icon-close pp-icon'>\n\t\t\t\t\t\t\t\t\t\t<i aria-hidden=\"true\" class=\"fas fa-angle-up\"><\/i>\t\t\t\t\t\t\t\t\t<\/span>\n\t\t\t\t\t\t\t\t\t\t\t\t\t\t\t\t\t\t\t\t\t\t\t\t\t<span class='pp-accordion-toggle-icon-open pp-icon'>\n\t\t\t\t\t\t\t\t\t\t<i aria-hidden=\"true\" class=\"fas fa-angle-down\"><\/i>\t\t\t\t\t\t\t\t\t<\/span>\n\t\t\t\t\t\t\t\t\t\t\t\t\t\t\t<\/div>\n\t\t\t\t\t\t\t\t\t\t\t<\/div>\n\n\t\t\t\t\t<div id=\"pp-accordion-tab-content-1551\" class=\"pp-accordion-tab-content\" data-tab=\"1\" role=\"tabpanel\" aria-labelledby=\"pp-accordion-tab-title-1551\">\n\t\t\t\t\t\t<ul><li class=\"translation-block\">*Tu tasa de inter\u00e9s ajustable puede variar un m\u00e1ximo de 2% cada cinco a\u00f1os (o hasta 6% adicional a la tasa inicial durante la vida del pr\u00e9stamo), seg\u00fan el mercado, protegi\u00e9ndote contra aumentos bruscos en las tasas.<\/li><li><span class=\"TextRun SCXW134656131 BCX0\" lang=\"EN-US\" xml:lang=\"EN-US\" data-contrast=\"auto\"><span class=\"NormalTextRun SCXW134656131 BCX0\">**El plazo m\u00e1ximo del pr\u00e9stamo para casas prefabricadas es de 15 a\u00f1os.<\/span><\/span><\/li><li class=\"translation-block\">Las casas prefabricadas de doble ancho deben tener una base permanente de ladrillo o bloque, y las ruedas, ejes y enganches de remolque deben haber sido retirados. Deben haber sido construidas a partir del 15 de junio de 1976 (seg\u00fan placas y\/o etiquetas HUD adjuntas). Debe ser convertido y gravado como propiedad inmueble por el condado.<\/li><li>Pr\u00e9stamos hipotecarios disponibles para propiedades ubicadas en Carolina del Norte, Carolina del Sur, Georgia y Virginia<\/li><li class=\"translation-block\">Financiamiento de hasta el 95% del Valor de Pr\u00e9stamo para propiedades en todos los estados que actualmente servimos. *Las casas prefabricadas no son elegibles para financiamiento con 95% del valor de la propiedad.<\/li><\/ul>\t\t\t\t\t<\/div>\n\t\t\t\t<\/div>\n\t\t\t\t\t<\/div>\n\t\t\t\t\t\t<\/div>\n\t\t\t\t<\/div>\n\t\t\t\t\t<\/div>\n\t\t\t\t<\/div>\n\t\t<div class=\"elementor-element elementor-element-b148ce2 e-con-full cmp cmp-landing-items mobile-margins e-flex e-con e-parent\" data-id=\"b148ce2\" data-element_type=\"container\" data-e-type=\"container\">\n\t\t<div class=\"elementor-element elementor-element-760b5fe5 e-con-full landing-item e-flex e-con e-child\" data-id=\"760b5fe5\" data-element_type=\"container\" data-e-type=\"container\">\n\t\t\t\t<div class=\"elementor-element elementor-element-6465c61c elementor-widget elementor-widget-heading\" data-id=\"6465c61c\" data-element_type=\"widget\" data-e-type=\"widget\" data-widget_type=\"heading.default\">\n\t\t\t\t<div class=\"elementor-widget-container\">\n\t\t\t\t\t<h3 class=\"elementor-heading-title elementor-size-default\">Calculadora de Hipotecas<\/h3>\t\t\t\t<\/div>\n\t\t\t\t<\/div>\n\t\t\t\t<div class=\"elementor-element elementor-element-33fb3b90 elementor-align-left blue-buttons elementor-widget elementor-widget-button\" data-id=\"33fb3b90\" data-element_type=\"widget\" data-e-type=\"widget\" data-widget_type=\"button.default\">\n\t\t\t\t<div class=\"elementor-widget-container\">\n\t\t\t\t\t\t\t\t\t<div class=\"elementor-button-wrapper\">\n\t\t\t\t\t<a class=\"elementor-button elementor-button-link elementor-size-sm\" href=\"\/es\/calculators\/\">\n\t\t\t\t\t\t<span class=\"elementor-button-content-wrapper\">\n\t\t\t\t\t\t<span class=\"elementor-button-icon\">\n\t\t\t\t<i aria-hidden=\"true\" class=\"fas fa-angle-right\"><\/i>\t\t\t<\/span>\n\t\t\t\t\t\t\t\t\t<span class=\"elementor-button-text\">Calculadoras<\/span>\n\t\t\t\t\t<\/span>\n\t\t\t\t\t<\/a>\n\t\t\t\t<\/div>\n\t\t\t\t\t\t\t\t<\/div>\n\t\t\t\t<\/div>\n\t\t\t\t<\/div>\n\t\t<div class=\"elementor-element elementor-element-617aeee1 e-con-full landing-item e-flex e-con e-child\" data-id=\"617aeee1\" data-element_type=\"container\" data-e-type=\"container\">\n\t\t\t\t<div class=\"elementor-element elementor-element-4f2932ae elementor-widget elementor-widget-heading\" data-id=\"4f2932ae\" data-element_type=\"widget\" data-e-type=\"widget\" data-widget_type=\"heading.default\">\n\t\t\t\t<div class=\"elementor-widget-container\">\n\t\t\t\t\t<h3 class=\"elementor-heading-title elementor-size-default\">Gu\u00eda de Compra de Vivienda de la Cooperativa Latina\n<\/h3>\t\t\t\t<\/div>\n\t\t\t\t<\/div>\n\t\t\t\t<div class=\"elementor-element elementor-element-24b02143 elementor-align-left blue-buttons elementor-widget elementor-widget-button\" data-id=\"24b02143\" data-element_type=\"widget\" data-e-type=\"widget\" data-widget_type=\"button.default\">\n\t\t\t\t<div class=\"elementor-widget-container\">\n\t\t\t\t\t\t\t\t\t<div class=\"elementor-button-wrapper\">\n\t\t\t\t\t<a class=\"elementor-button elementor-button-link elementor-size-sm\" href=\"\/wp-content\/uploads\/2016\/09\/Homebuyer-Education-Guide-English.pdf\" target=\"_blank\">\n\t\t\t\t\t\t<span class=\"elementor-button-content-wrapper\">\n\t\t\t\t\t\t<span class=\"elementor-button-icon\">\n\t\t\t\t<i aria-hidden=\"true\" class=\"fas fa-angle-right\"><\/i>\t\t\t<\/span>\n\t\t\t\t\t\t\t\t\t<span class=\"elementor-button-text\">Tu Gu\u00eda<\/span>\n\t\t\t\t\t<\/span>\n\t\t\t\t\t<\/a>\n\t\t\t\t<\/div>\n\t\t\t\t\t\t\t\t<\/div>\n\t\t\t\t<\/div>\n\t\t\t\t<\/div>\n\t\t<div class=\"elementor-element elementor-element-16552e43 e-con-full landing-item e-flex e-con e-child\" data-id=\"16552e43\" data-element_type=\"container\" data-e-type=\"container\">\n\t\t\t\t<div class=\"elementor-element elementor-element-45802976 elementor-widget elementor-widget-heading\" data-id=\"45802976\" data-element_type=\"widget\" data-e-type=\"widget\" data-widget_type=\"heading.default\">\n\t\t\t\t<div class=\"elementor-widget-container\">\n\t\t\t\t\t<h3 class=\"elementor-heading-title elementor-size-default\">Kit de Herramientas para Pr\u00e9stamos Hipotecarios del CFPB\n<\/h3>\t\t\t\t<\/div>\n\t\t\t\t<\/div>\n\t\t\t\t<div class=\"elementor-element elementor-element-7c6c2587 elementor-align-left blue-buttons elementor-widget elementor-widget-button\" data-id=\"7c6c2587\" data-element_type=\"widget\" data-e-type=\"widget\" data-widget_type=\"button.default\">\n\t\t\t\t<div class=\"elementor-widget-container\">\n\t\t\t\t\t\t\t\t\t<div class=\"elementor-button-wrapper\">\n\t\t\t\t\t<a class=\"elementor-button elementor-button-link elementor-size-sm\" href=\"\/wp-content\/uploads\/2016\/09\/CFPB_Home_Loan_toolkit.pdf\" target=\"_blank\">\n\t\t\t\t\t\t<span class=\"elementor-button-content-wrapper\">\n\t\t\t\t\t\t<span class=\"elementor-button-icon\">\n\t\t\t\t<i aria-hidden=\"true\" class=\"fas fa-angle-right\"><\/i>\t\t\t<\/span>\n\t\t\t\t\t\t\t\t\t<span class=\"elementor-button-text\">Tu Kit de Herramientas<\/span>\n\t\t\t\t\t<\/span>\n\t\t\t\t\t<\/a>\n\t\t\t\t<\/div>\n\t\t\t\t\t\t\t\t<\/div>\n\t\t\t\t<\/div>\n\t\t\t\t<\/div>\n\t\t\t\t<\/div>\n\t\t\t\t<\/div>","protected":false},"excerpt":{"rendered":"<p>Get pre-qualified and into the house of your dreams. What You Need: Be a Latino Credit Union member Proof of minimum required down payment and estimated closing costs required at time of pre-qualification (based on product and LTV chosen) Proof of employment for the last twelve (12) months (paystubs and most recent W2. Some income [&hellip;]<\/p>\n","protected":false},"author":19,"featured_media":1576,"parent":426,"menu_order":0,"comment_status":"closed","ping_status":"closed","template":"","meta":{"_acf_changed":false,"inline_featured_image":false,"footnotes":""},"page-structure":[21],"sidebar-content":[38,84,27],"class_list":["post-1575","page","type-page","status-publish","has-post-thumbnail","hentry","page-structure-has-sidebar","sidebar-content-compare-mortgage-options","sidebar-content-make-a-payment","sidebar-content-rates"],"acf":[],"yoast_head":"<!-- This site is optimized with the Yoast SEO plugin v27.2 - https:\/\/yoast.com\/product\/yoast-seo-wordpress\/ -->\n<title>New Mortgage - latinoccu.org<\/title>\n<meta name=\"robots\" content=\"index, follow, max-snippet:-1, max-image-preview:large, max-video-preview:-1\" \/>\n<link rel=\"canonical\" href=\"https:\/\/latinoccu.org\/es\/products-and-services\/loans-credit\/mortgages\/new-mortgage\/\" \/>\n<meta property=\"og:locale\" content=\"es_MX\" \/>\n<meta property=\"og:type\" content=\"article\" \/>\n<meta property=\"og:title\" content=\"New Mortgage - latinoccu.org\" \/>\n<meta property=\"og:description\" content=\"Get pre-qualified and into the house of your dreams. What You Need: Be a Latino Credit Union member Proof of minimum required down payment and estimated closing costs required at time of pre-qualification (based on product and LTV chosen) Proof of employment for the last twelve (12) months (paystubs and most recent W2. Some income [&hellip;]\" \/>\n<meta property=\"og:url\" content=\"https:\/\/latinoccu.org\/es\/products-and-services\/loans-credit\/mortgages\/new-mortgage\/\" \/>\n<meta property=\"og:site_name\" content=\"latinoccu.org\" \/>\n<meta property=\"article:modified_time\" content=\"2026-02-11T23:03:43+00:00\" \/>\n<meta property=\"og:image\" content=\"https:\/\/latinoccu.org\/wp-content\/uploads\/2016\/09\/Finance-Mortgage-Product-Page-1.jpg\" \/>\n\t<meta property=\"og:image:width\" content=\"1500\" \/>\n\t<meta property=\"og:image:height\" content=\"450\" \/>\n\t<meta property=\"og:image:type\" content=\"image\/jpeg\" \/>\n<meta name=\"twitter:card\" content=\"summary_large_image\" \/>\n<meta name=\"twitter:label1\" content=\"Tiempo de lectura\" \/>\n\t<meta name=\"twitter:data1\" content=\"2 minutos\" \/>\n<script type=\"application\/ld+json\" class=\"yoast-schema-graph\">{\"@context\":\"https:\/\/schema.org\",\"@graph\":[{\"@type\":\"WebPage\",\"@id\":\"https:\/\/latinoccu.org\/products-and-services\/loans-credit\/mortgages\/new-mortgage\/\",\"url\":\"https:\/\/latinoccu.org\/products-and-services\/loans-credit\/mortgages\/new-mortgage\/\",\"name\":\"New Mortgage - latinoccu.org\",\"isPartOf\":{\"@id\":\"https:\/\/latinoccu.org\/#website\"},\"primaryImageOfPage\":{\"@id\":\"https:\/\/latinoccu.org\/products-and-services\/loans-credit\/mortgages\/new-mortgage\/#primaryimage\"},\"image\":{\"@id\":\"https:\/\/latinoccu.org\/products-and-services\/loans-credit\/mortgages\/new-mortgage\/#primaryimage\"},\"thumbnailUrl\":\"https:\/\/latinoccu.org\/wp-content\/uploads\/2016\/09\/Finance-Mortgage-Product-Page-1.jpg\",\"datePublished\":\"2016-09-01T19:05:59+00:00\",\"dateModified\":\"2026-02-11T23:03:43+00:00\",\"breadcrumb\":{\"@id\":\"https:\/\/latinoccu.org\/products-and-services\/loans-credit\/mortgages\/new-mortgage\/#breadcrumb\"},\"inLanguage\":\"es\",\"potentialAction\":[{\"@type\":\"ReadAction\",\"target\":[\"https:\/\/latinoccu.org\/products-and-services\/loans-credit\/mortgages\/new-mortgage\/\"]}]},{\"@type\":\"ImageObject\",\"inLanguage\":\"es\",\"@id\":\"https:\/\/latinoccu.org\/products-and-services\/loans-credit\/mortgages\/new-mortgage\/#primaryimage\",\"url\":\"https:\/\/latinoccu.org\/wp-content\/uploads\/2016\/09\/Finance-Mortgage-Product-Page-1.jpg\",\"contentUrl\":\"https:\/\/latinoccu.org\/wp-content\/uploads\/2016\/09\/Finance-Mortgage-Product-Page-1.jpg\",\"width\":1500,\"height\":450},{\"@type\":\"BreadcrumbList\",\"@id\":\"https:\/\/latinoccu.org\/products-and-services\/loans-credit\/mortgages\/new-mortgage\/#breadcrumb\",\"itemListElement\":[{\"@type\":\"ListItem\",\"position\":1,\"name\":\"Home\",\"item\":\"https:\/\/latinoccu.org\/\"},{\"@type\":\"ListItem\",\"position\":2,\"name\":\"Products and Services\",\"item\":\"https:\/\/latinoccu.org\/products-and-services\/\"},{\"@type\":\"ListItem\",\"position\":3,\"name\":\"Loans &#038; Credit\",\"item\":\"https:\/\/latinoccu.org\/products-and-services\/loans-credit\/\"},{\"@type\":\"ListItem\",\"position\":4,\"name\":\"Mortgages\",\"item\":\"https:\/\/latinoccu.org\/products-and-services\/loans-credit\/mortgages\/\"},{\"@type\":\"ListItem\",\"position\":5,\"name\":\"New Mortgage\"}]},{\"@type\":\"WebSite\",\"@id\":\"https:\/\/latinoccu.org\/#website\",\"url\":\"https:\/\/latinoccu.org\/\",\"name\":\"latinoccu.org\",\"description\":\"\",\"potentialAction\":[{\"@type\":\"SearchAction\",\"target\":{\"@type\":\"EntryPoint\",\"urlTemplate\":\"https:\/\/latinoccu.org\/?s={search_term_string}\"},\"query-input\":{\"@type\":\"PropertyValueSpecification\",\"valueRequired\":true,\"valueName\":\"search_term_string\"}}],\"inLanguage\":\"es\"}]}<\/script>\n<!-- \/ Yoast SEO plugin. -->","yoast_head_json":{"title":"New Mortgage - latinoccu.org","robots":{"index":"index","follow":"follow","max-snippet":"max-snippet:-1","max-image-preview":"max-image-preview:large","max-video-preview":"max-video-preview:-1"},"canonical":"https:\/\/latinoccu.org\/es\/products-and-services\/loans-credit\/mortgages\/new-mortgage\/","og_locale":"es_MX","og_type":"article","og_title":"New Mortgage - latinoccu.org","og_description":"Get pre-qualified and into the house of your dreams. What You Need: Be a Latino Credit Union member Proof of minimum required down payment and estimated closing costs required at time of pre-qualification (based on product and LTV chosen) Proof of employment for the last twelve (12) months (paystubs and most recent W2. Some income [&hellip;]","og_url":"https:\/\/latinoccu.org\/es\/products-and-services\/loans-credit\/mortgages\/new-mortgage\/","og_site_name":"latinoccu.org","article_modified_time":"2026-02-11T23:03:43+00:00","og_image":[{"width":1500,"height":450,"url":"https:\/\/latinoccu.org\/wp-content\/uploads\/2016\/09\/Finance-Mortgage-Product-Page-1.jpg","type":"image\/jpeg"}],"twitter_card":"summary_large_image","twitter_misc":{"Tiempo de lectura":"2 minutos"},"schema":{"@context":"https:\/\/schema.org","@graph":[{"@type":"WebPage","@id":"https:\/\/latinoccu.org\/products-and-services\/loans-credit\/mortgages\/new-mortgage\/","url":"https:\/\/latinoccu.org\/products-and-services\/loans-credit\/mortgages\/new-mortgage\/","name":"New Mortgage - latinoccu.org","isPartOf":{"@id":"https:\/\/latinoccu.org\/#website"},"primaryImageOfPage":{"@id":"https:\/\/latinoccu.org\/products-and-services\/loans-credit\/mortgages\/new-mortgage\/#primaryimage"},"image":{"@id":"https:\/\/latinoccu.org\/products-and-services\/loans-credit\/mortgages\/new-mortgage\/#primaryimage"},"thumbnailUrl":"https:\/\/latinoccu.org\/wp-content\/uploads\/2016\/09\/Finance-Mortgage-Product-Page-1.jpg","datePublished":"2016-09-01T19:05:59+00:00","dateModified":"2026-02-11T23:03:43+00:00","breadcrumb":{"@id":"https:\/\/latinoccu.org\/products-and-services\/loans-credit\/mortgages\/new-mortgage\/#breadcrumb"},"inLanguage":"es","potentialAction":[{"@type":"ReadAction","target":["https:\/\/latinoccu.org\/products-and-services\/loans-credit\/mortgages\/new-mortgage\/"]}]},{"@type":"ImageObject","inLanguage":"es","@id":"https:\/\/latinoccu.org\/products-and-services\/loans-credit\/mortgages\/new-mortgage\/#primaryimage","url":"https:\/\/latinoccu.org\/wp-content\/uploads\/2016\/09\/Finance-Mortgage-Product-Page-1.jpg","contentUrl":"https:\/\/latinoccu.org\/wp-content\/uploads\/2016\/09\/Finance-Mortgage-Product-Page-1.jpg","width":1500,"height":450},{"@type":"BreadcrumbList","@id":"https:\/\/latinoccu.org\/products-and-services\/loans-credit\/mortgages\/new-mortgage\/#breadcrumb","itemListElement":[{"@type":"ListItem","position":1,"name":"Home","item":"https:\/\/latinoccu.org\/"},{"@type":"ListItem","position":2,"name":"Products and Services","item":"https:\/\/latinoccu.org\/products-and-services\/"},{"@type":"ListItem","position":3,"name":"Loans &#038; Credit","item":"https:\/\/latinoccu.org\/products-and-services\/loans-credit\/"},{"@type":"ListItem","position":4,"name":"Mortgages","item":"https:\/\/latinoccu.org\/products-and-services\/loans-credit\/mortgages\/"},{"@type":"ListItem","position":5,"name":"New Mortgage"}]},{"@type":"WebSite","@id":"https:\/\/latinoccu.org\/#website","url":"https:\/\/latinoccu.org\/","name":"latinoccu.org","description":"","potentialAction":[{"@type":"SearchAction","target":{"@type":"EntryPoint","urlTemplate":"https:\/\/latinoccu.org\/?s={search_term_string}"},"query-input":{"@type":"PropertyValueSpecification","valueRequired":true,"valueName":"search_term_string"}}],"inLanguage":"es"}]}},"_links":{"self":[{"href":"https:\/\/latinoccu.org\/es\/wp-json\/wp\/v2\/pages\/1575","targetHints":{"allow":["GET"]}}],"collection":[{"href":"https:\/\/latinoccu.org\/es\/wp-json\/wp\/v2\/pages"}],"about":[{"href":"https:\/\/latinoccu.org\/es\/wp-json\/wp\/v2\/types\/page"}],"author":[{"embeddable":true,"href":"https:\/\/latinoccu.org\/es\/wp-json\/wp\/v2\/users\/19"}],"replies":[{"embeddable":true,"href":"https:\/\/latinoccu.org\/es\/wp-json\/wp\/v2\/comments?post=1575"}],"version-history":[{"count":4,"href":"https:\/\/latinoccu.org\/es\/wp-json\/wp\/v2\/pages\/1575\/revisions"}],"predecessor-version":[{"id":22161,"href":"https:\/\/latinoccu.org\/es\/wp-json\/wp\/v2\/pages\/1575\/revisions\/22161"}],"up":[{"embeddable":true,"href":"https:\/\/latinoccu.org\/es\/wp-json\/wp\/v2\/pages\/426"}],"wp:featuredmedia":[{"embeddable":true,"href":"https:\/\/latinoccu.org\/es\/wp-json\/wp\/v2\/media\/1576"}],"wp:attachment":[{"href":"https:\/\/latinoccu.org\/es\/wp-json\/wp\/v2\/media?parent=1575"}],"wp:term":[{"taxonomy":"page-structure","embeddable":true,"href":"https:\/\/latinoccu.org\/es\/wp-json\/wp\/v2\/page-structure?post=1575"},{"taxonomy":"sidebar-content","embeddable":true,"href":"https:\/\/latinoccu.org\/es\/wp-json\/wp\/v2\/sidebar-content?post=1575"}],"curies":[{"name":"wp","href":"https:\/\/api.w.org\/{rel}","templated":true}]}}