{"id":1547,"date":"2016-09-01T14:08:03","date_gmt":"2016-09-01T14:08:03","guid":{"rendered":"http:\/\/latinoccu.org\/?page_id=1547"},"modified":"2026-02-19T21:06:17","modified_gmt":"2026-02-19T21:06:17","slug":"information-for-dealers","status":"publish","type":"page","link":"https:\/\/latinoccu.org\/es\/products-and-services\/loans-credit\/auto-loans\/information-for-dealers\/","title":{"rendered":"Informaci\u00f3n para Concesionarios"},"content":{"rendered":"<div data-elementor-type=\"wp-page\" data-elementor-id=\"1547\" class=\"elementor elementor-1547\" data-elementor-post-type=\"page\">\n\t\t\t\t<div class=\"elementor-element elementor-element-5ba89d0 e-con-full e-flex e-con e-parent\" data-id=\"5ba89d0\" data-element_type=\"container\" data-e-type=\"container\" data-settings=\"{&quot;background_background&quot;:&quot;classic&quot;}\">\n\t\t\t\t<div class=\"elementor-element elementor-element-83aa05d elementor-widget elementor-widget-heading\" data-id=\"83aa05d\" data-element_type=\"widget\" data-e-type=\"widget\" data-widget_type=\"heading.default\">\n\t\t\t\t<div class=\"elementor-widget-container\">\n\t\t\t\t\t<h2 class=\"elementor-heading-title elementor-size-default\">\u00bfPor qu\u00e9 elegir la Cooperativa Latina?\n<\/h2>\t\t\t\t<\/div>\n\t\t\t\t<\/div>\n\t\t\t\t<div class=\"elementor-element elementor-element-8e831c1 elementor-widget elementor-widget-text-editor\" data-id=\"8e831c1\" data-element_type=\"widget\" data-e-type=\"widget\" data-widget_type=\"text-editor.default\">\n\t\t\t\t<div class=\"elementor-widget-container\">\n\t\t\t\t\t\t\t\t\t<p><span class=\"TextRun SCXW133327522 BCX0\" lang=\"EN-US\" xml:lang=\"EN-US\" data-contrast=\"auto\"><span class=\"NormalTextRun SCXW133327522 BCX0\">En la Cooperativa Latina no solo nos destacamos por nuestras tasas de inter\u00e9s competitivas, tarifas bajas y un r\u00e1pido proceso de aprobaci\u00f3n y desembolso, sino que tambi\u00e9n ofrecemos financiamiento con historial crediticio de hasta $<\/span><span class=\"NormalTextRun SCXW133327522 BCX0\">8<\/span><span class=\"NormalTextRun SCXW133327522 BCX0\">80,000 y con cr\u00e9dito alternativo de hasta $<\/span><span class=\"NormalTextRun SCXW133327522 BCX0\">4<\/span><span class=\"NormalTextRun SCXW133327522 BCX0\">0,000 con una cuota inicial del 15%, o hasta $<\/span><span class=\"NormalTextRun SCXW133327522 BCX0\">8<\/span><span class=\"NormalTextRun SCXW133327522 BCX0\">0,000 con una cuota inicial del 30%. No esperes m\u00e1s \u00a1Empieza a ofrecerles a tus clientes hoy mismo!<\/span><\/span><\/p>\t\t\t\t\t\t\t\t<\/div>\n\t\t\t\t<\/div>\n\t\t\t\t<\/div>\n\t\t<div class=\"elementor-element elementor-element-47641a7b e-con-full cmp cmp-basic-text e-flex e-con e-parent\" data-id=\"47641a7b\" data-element_type=\"container\" data-e-type=\"container\">\n\t\t<div class=\"elementor-element elementor-element-2a1f889a e-flex e-con-boxed e-con e-child\" data-id=\"2a1f889a\" data-element_type=\"container\" data-e-type=\"container\">\n\t\t\t\t\t<div class=\"e-con-inner\">\n\t\t\t\t<div class=\"elementor-element elementor-element-293c5e19 elementor-widget elementor-widget-text-editor\" data-id=\"293c5e19\" data-element_type=\"widget\" data-e-type=\"widget\" data-widget_type=\"text-editor.default\">\n\t\t\t\t<div class=\"elementor-widget-container\">\n\t\t\t\t\t\t\t\t\t<h3>Para aplicar a un pr\u00e9stamo, los solicitantes deber\u00e1n:<\/h3><ul><li>Ser socios de la Cooperativa Latina (abrir una cuenta de ahorros con un saldo m\u00ednimo de $10 y una cuota de membres\u00eda \u00fanica de $8)<\/li><li>Proporcionar prueba de ingresos(talones de cheque y el W2 m\u00e1s reciente) o, si son empleados independientes, presentar estados de cuenta de cheques\/ahorros de 6 meses o la \u00faltima  declaraci\u00f3n de impuestos<\/li><li>Enviar el formulario  completode aplicaci\u00f3n de cr\u00e9dito<\/li><li>Tener facturas de servicios p\u00fablicos pagadas a tiempo como prueba de cr\u00e9dito alternativo y\/o historial de cr\u00e9dito tradicional<\/li><li>Si el pr\u00e9stamo es aprobado, el veh\u00edculo deber\u00e1 estar registrado en el NCDMV con una licencia de conducci\u00f3n v\u00e1lida<\/li><\/ul>\t\t\t\t\t\t\t\t<\/div>\n\t\t\t\t<\/div>\n\t\t\t\t\t<\/div>\n\t\t\t\t<\/div>\n\t\t\t\t<\/div>\n\t\t<div class=\"elementor-element elementor-element-744fed50 e-con-full cmp cmp-table e-flex e-con e-parent\" data-id=\"744fed50\" data-element_type=\"container\" data-e-type=\"container\">\n\t\t<div class=\"elementor-element elementor-element-5d860971 e-flex e-con-boxed e-con e-child\" data-id=\"5d860971\" data-element_type=\"container\" data-e-type=\"container\">\n\t\t\t\t\t<div class=\"e-con-inner\">\n\t\t\t\t<div class=\"elementor-element elementor-element-73878923 elementor-widget elementor-widget-heading\" data-id=\"73878923\" data-element_type=\"widget\" data-e-type=\"widget\" data-widget_type=\"heading.default\">\n\t\t\t\t<div class=\"elementor-widget-container\">\n\t\t\t\t\t<h2 class=\"elementor-heading-title elementor-size-default\">Especificaciones del veh\u00edculo\n<\/h2>\t\t\t\t<\/div>\n\t\t\t\t<\/div>\n\t\t\t\t<div class=\"elementor-element elementor-element-e69165f elementor-widget elementor-widget-heading\" data-id=\"e69165f\" data-element_type=\"widget\" data-e-type=\"widget\" data-widget_type=\"heading.default\">\n\t\t\t\t<div class=\"elementor-widget-container\">\n\t\t\t\t\t<div class=\"elementor-heading-title elementor-size-default\">El financiamiento para veh\u00edculos nuevos y usados est\u00e1 disponible por un plazo de hasta 84 meses para veh\u00edculos que cumplan con los siguientes requisitos:<\/div>\t\t\t\t<\/div>\n\t\t\t\t<\/div>\n\t\t\t\t<div class=\"elementor-element elementor-element-2e627959 pp-table-center elementor-widget elementor-widget-pp-table\" data-id=\"2e627959\" data-element_type=\"widget\" data-e-type=\"widget\" data-settings=\"{&quot;table_type&quot;:&quot;normal&quot;}\" data-widget_type=\"pp-table.default\">\n\t\t\t\t<div class=\"elementor-widget-container\">\n\t\t\t\t\t\t\t<div class=\"pp-table-container\">\n\t\t\t<table \n\t\t\tclass=\"pp-table tablesaw\"\t\t\t\t>\n\t\t\t\t\t\t\t<colgroup>\n\t\t\t\t\t\t\t\t<col\n\t\t\t\t\tspan=\"1\"\n\t\t\t\t\tclass=\"elementor-repeater-item-de6fc24\"\n\t\t\t\t\t\t\t\t\t\t\tstyle=\"\t\t\t\t\t\t\t\t\t\t\t\t\t\t\t\t\t\t\t\t\"\n\t\t\t\t\t\t\t\t\t\t>\n\t\t\t\t\t\t\t<\/colgroup>\n\t\t\t\t\t\t<thead>\n\t\t\t\t<tr class=\"pp-table-row\">\n\t\t\t\t\t<th class=\"pp-table-cell pp-table-cell-21920c7\"><span class=\"pp-table-cell-content\"><span class=\"pp-table-cell-text\">Pr\u00e9stamo M\u00e1ximo\t<\/span><\/span><\/th><th class=\"pp-table-cell pp-table-cell-1b55fe9\"><span class=\"pp-table-cell-content\"><span class=\"pp-table-cell-text\">Cuota Inicial m\u00ednima\t<\/span><\/span><\/th><th class=\"pp-table-cell pp-table-cell-4d1128e\"><span class=\"pp-table-cell-content\"><span class=\"pp-table-cell-text\">\u00bfHistorial de cr\u00e9dito requerido?\t<\/span><\/span><\/th><th class=\"pp-table-cell pp-table-cell-812bba8\"><span class=\"pp-table-cell-content\"><span class=\"pp-table-cell-text\">Credito Alternativo (comprobantes de servicios aceptados)<\/span><\/span><\/th>\t\t\t\t<\/tr>\n\t\t\t<\/thead>\n\t\t\t\t\t<tfoot>\n\t\t\t<\/tr>\t\t<\/tfoot>\n\t\t\t\t<tbody>\n\t\t\t<tr ><td class=\"pp-table-cell pp-table-cell-e561877\"><span class=\"pp-table-cell-content\"><span class=\"pp-table-cell-text\">$60,000 Individual o Conjunto\t<\/span><\/span><\/td><td class=\"pp-table-cell pp-table-cell-d1df384\"><span class=\"pp-table-cell-content\"><span class=\"pp-table-cell-text\">30%\t<\/span><\/span><\/td><td class=\"pp-table-cell pp-table-cell-1c15125\"><span class=\"pp-table-cell-content\"><span class=\"pp-table-cell-text\">No<\/span><\/span><\/td><td class=\"pp-table-cell pp-table-cell-66d41ec\"><span class=\"pp-table-cell-content\"><span class=\"pp-table-cell-text\">Si\n<\/span><\/span><\/td><\/tr><tr ><td class=\"pp-table-cell pp-table-cell-81f5a2a\"><span class=\"pp-table-cell-content\"><span class=\"pp-table-cell-text\">$60,000.01-$80,000* \nIndividual o Conjunto<\/span><\/span><\/td><td class=\"pp-table-cell pp-table-cell-f4df117\"><span class=\"pp-table-cell-content\"><span class=\"pp-table-cell-text\">30%\t<\/span><\/span><\/td><td class=\"pp-table-cell pp-table-cell-054ef8e\"><span class=\"pp-table-cell-content\"><span class=\"pp-table-cell-text\">Si<\/span><\/span><\/td><td class=\"pp-table-cell pp-table-cell-b10f454\"><span class=\"pp-table-cell-content\"><span class=\"pp-table-cell-text\">No<\/span><\/span><\/td><\/tr><tr ><td class=\"pp-table-cell pp-table-cell-0325f69\"><span class=\"pp-table-cell-content\"><span class=\"pp-table-cell-text\">$40,000 (Auto Nuevo) \n$30,000 (Auto Usado) \nIndividual o Conjunto<\/span><\/span><\/td><td class=\"pp-table-cell pp-table-cell-1385685\"><span class=\"pp-table-cell-content\"><span class=\"pp-table-cell-text\">15%\t<\/span><\/span><\/td><td class=\"pp-table-cell pp-table-cell-07f47e2\"><span class=\"pp-table-cell-content\"><span class=\"pp-table-cell-text\">No<\/span><\/span><\/td><td class=\"pp-table-cell pp-table-cell-938e0f0\"><span class=\"pp-table-cell-content\"><span class=\"pp-table-cell-text\">Si<\/span><\/span><\/td><\/tr><tr ><td class=\"pp-table-cell pp-table-cell-f832263\"><span class=\"pp-table-cell-content\"><span class=\"pp-table-cell-text\">$80,000 Individual o Conjunto\t<\/span><\/span><\/td><td class=\"pp-table-cell pp-table-cell-d05e40b\"><span class=\"pp-table-cell-content\"><span class=\"pp-table-cell-text\">5%\t<\/span><\/span><\/td><td class=\"pp-table-cell pp-table-cell-36f91f6\"><span class=\"pp-table-cell-content\"><span class=\"pp-table-cell-text\">Si<\/span><\/span><\/td><td class=\"pp-table-cell pp-table-cell-d5ba60c\"><span class=\"pp-table-cell-content\"><span class=\"pp-table-cell-text\">No<\/span><\/span><\/td><\/tr>\t\t<\/tbody>\n\t\t\t\t\t<\/table>\n\t\t<\/div>\n\t\t\t\t\t\t<\/div>\n\t\t\t\t<\/div>\n\t\t\t\t<div class=\"elementor-element elementor-element-ec7a2e1 elementor-widget elementor-widget-text-editor\" data-id=\"ec7a2e1\" data-element_type=\"widget\" data-e-type=\"widget\" data-widget_type=\"text-editor.default\">\n\t\t\t\t<div class=\"elementor-widget-container\">\n\t\t\t\t\t\t\t\t\t<p>\u00a0<\/p><p>*Total de pr\u00e9stamos para veh\u00edculos activos en la Cooperativa Latina<\/p>\t\t\t\t\t\t\t\t<\/div>\n\t\t\t\t<\/div>\n\t\t\t\t\t<\/div>\n\t\t\t\t<\/div>\n\t\t\t\t<\/div>\n\t\t\t\t<\/div>","protected":false},"excerpt":{"rendered":"<p>Why Choose Latino Credit Union? Not only is LCCU a great option with our competitive rates, low fees, fast approval and closing, but we also offer financing with credit history up to $80,000 and with alternative credit up to $40,000 with a 15% down-payment and up to $80,000 with a 30% down-payment. Get your clients [&hellip;]<\/p>\n","protected":false},"author":19,"featured_media":1548,"parent":17626,"menu_order":0,"comment_status":"closed","ping_status":"closed","template":"","meta":{"_acf_changed":false,"inline_featured_image":false,"footnotes":""},"page-structure":[21],"sidebar-content":[39,27],"class_list":["post-1547","page","type-page","status-publish","has-post-thumbnail","hentry","page-structure-has-sidebar","sidebar-content-contact-us","sidebar-content-rates"],"acf":[],"yoast_head":"<!-- This site is optimized with the Yoast SEO plugin v27.2 - https:\/\/yoast.com\/product\/yoast-seo-wordpress\/ -->\n<title>Information for dealers - latinoccu.org<\/title>\n<meta name=\"robots\" content=\"index, follow, max-snippet:-1, max-image-preview:large, max-video-preview:-1\" \/>\n<link rel=\"canonical\" href=\"https:\/\/latinoccu.org\/es\/products-and-services\/loans-credit\/auto-loans\/information-for-dealers\/\" \/>\n<meta property=\"og:locale\" content=\"es_MX\" \/>\n<meta property=\"og:type\" content=\"article\" \/>\n<meta property=\"og:title\" content=\"Information for dealers - latinoccu.org\" \/>\n<meta property=\"og:description\" content=\"Why Choose Latino Credit Union? Not only is LCCU a great option with our competitive rates, low fees, fast approval and closing, but we also offer financing with credit history up to $80,000 and with alternative credit up to $40,000 with a 15% down-payment and up to $80,000 with a 30% down-payment. Get your clients [&hellip;]\" \/>\n<meta property=\"og:url\" content=\"https:\/\/latinoccu.org\/es\/products-and-services\/loans-credit\/auto-loans\/information-for-dealers\/\" \/>\n<meta property=\"og:site_name\" content=\"latinoccu.org\" \/>\n<meta property=\"article:modified_time\" content=\"2026-02-19T21:06:17+00:00\" \/>\n<meta property=\"og:image\" content=\"https:\/\/latinoccu.org\/wp-content\/uploads\/2016\/09\/Information-for-dealers-Product-Page-1.jpg\" \/>\n\t<meta property=\"og:image:width\" content=\"1500\" \/>\n\t<meta property=\"og:image:height\" content=\"450\" \/>\n\t<meta property=\"og:image:type\" content=\"image\/jpeg\" \/>\n<meta name=\"twitter:card\" content=\"summary_large_image\" \/>\n<meta name=\"twitter:label1\" content=\"Tiempo de lectura\" \/>\n\t<meta name=\"twitter:data1\" content=\"1 minuto\" \/>\n<script type=\"application\/ld+json\" class=\"yoast-schema-graph\">{\"@context\":\"https:\/\/schema.org\",\"@graph\":[{\"@type\":\"WebPage\",\"@id\":\"https:\/\/latinoccu.org\/products-and-services\/loans-credit\/auto-loans\/information-for-dealers\/\",\"url\":\"https:\/\/latinoccu.org\/products-and-services\/loans-credit\/auto-loans\/information-for-dealers\/\",\"name\":\"Information for dealers - latinoccu.org\",\"isPartOf\":{\"@id\":\"https:\/\/latinoccu.org\/#website\"},\"primaryImageOfPage\":{\"@id\":\"https:\/\/latinoccu.org\/products-and-services\/loans-credit\/auto-loans\/information-for-dealers\/#primaryimage\"},\"image\":{\"@id\":\"https:\/\/latinoccu.org\/products-and-services\/loans-credit\/auto-loans\/information-for-dealers\/#primaryimage\"},\"thumbnailUrl\":\"https:\/\/latinoccu.org\/wp-content\/uploads\/2016\/09\/Information-for-dealers-Product-Page-1.jpg\",\"datePublished\":\"2016-09-01T14:08:03+00:00\",\"dateModified\":\"2026-02-19T21:06:17+00:00\",\"breadcrumb\":{\"@id\":\"https:\/\/latinoccu.org\/products-and-services\/loans-credit\/auto-loans\/information-for-dealers\/#breadcrumb\"},\"inLanguage\":\"es\",\"potentialAction\":[{\"@type\":\"ReadAction\",\"target\":[\"https:\/\/latinoccu.org\/products-and-services\/loans-credit\/auto-loans\/information-for-dealers\/\"]}]},{\"@type\":\"ImageObject\",\"inLanguage\":\"es\",\"@id\":\"https:\/\/latinoccu.org\/products-and-services\/loans-credit\/auto-loans\/information-for-dealers\/#primaryimage\",\"url\":\"https:\/\/latinoccu.org\/wp-content\/uploads\/2016\/09\/Information-for-dealers-Product-Page-1.jpg\",\"contentUrl\":\"https:\/\/latinoccu.org\/wp-content\/uploads\/2016\/09\/Information-for-dealers-Product-Page-1.jpg\",\"width\":1500,\"height\":450},{\"@type\":\"BreadcrumbList\",\"@id\":\"https:\/\/latinoccu.org\/products-and-services\/loans-credit\/auto-loans\/information-for-dealers\/#breadcrumb\",\"itemListElement\":[{\"@type\":\"ListItem\",\"position\":1,\"name\":\"Home\",\"item\":\"https:\/\/latinoccu.org\/\"},{\"@type\":\"ListItem\",\"position\":2,\"name\":\"Products and Services\",\"item\":\"https:\/\/latinoccu.org\/products-and-services\/\"},{\"@type\":\"ListItem\",\"position\":3,\"name\":\"Loans &#038; Credit\",\"item\":\"https:\/\/latinoccu.org\/products-and-services\/loans-credit\/\"},{\"@type\":\"ListItem\",\"position\":4,\"name\":\"Auto Loans\",\"item\":\"https:\/\/latinoccu.org\/products-and-services\/loans-credit\/auto-loans\/\"},{\"@type\":\"ListItem\",\"position\":5,\"name\":\"Information for dealers\"}]},{\"@type\":\"WebSite\",\"@id\":\"https:\/\/latinoccu.org\/#website\",\"url\":\"https:\/\/latinoccu.org\/\",\"name\":\"latinoccu.org\",\"description\":\"\",\"potentialAction\":[{\"@type\":\"SearchAction\",\"target\":{\"@type\":\"EntryPoint\",\"urlTemplate\":\"https:\/\/latinoccu.org\/?s={search_term_string}\"},\"query-input\":{\"@type\":\"PropertyValueSpecification\",\"valueRequired\":true,\"valueName\":\"search_term_string\"}}],\"inLanguage\":\"es\"}]}<\/script>\n<!-- \/ Yoast SEO plugin. -->","yoast_head_json":{"title":"Information for dealers - latinoccu.org","robots":{"index":"index","follow":"follow","max-snippet":"max-snippet:-1","max-image-preview":"max-image-preview:large","max-video-preview":"max-video-preview:-1"},"canonical":"https:\/\/latinoccu.org\/es\/products-and-services\/loans-credit\/auto-loans\/information-for-dealers\/","og_locale":"es_MX","og_type":"article","og_title":"Information for dealers - latinoccu.org","og_description":"Why Choose Latino Credit Union? Not only is LCCU a great option with our competitive rates, low fees, fast approval and closing, but we also offer financing with credit history up to $80,000 and with alternative credit up to $40,000 with a 15% down-payment and up to $80,000 with a 30% down-payment. Get your clients [&hellip;]","og_url":"https:\/\/latinoccu.org\/es\/products-and-services\/loans-credit\/auto-loans\/information-for-dealers\/","og_site_name":"latinoccu.org","article_modified_time":"2026-02-19T21:06:17+00:00","og_image":[{"width":1500,"height":450,"url":"https:\/\/latinoccu.org\/wp-content\/uploads\/2016\/09\/Information-for-dealers-Product-Page-1.jpg","type":"image\/jpeg"}],"twitter_card":"summary_large_image","twitter_misc":{"Tiempo de lectura":"1 minuto"},"schema":{"@context":"https:\/\/schema.org","@graph":[{"@type":"WebPage","@id":"https:\/\/latinoccu.org\/products-and-services\/loans-credit\/auto-loans\/information-for-dealers\/","url":"https:\/\/latinoccu.org\/products-and-services\/loans-credit\/auto-loans\/information-for-dealers\/","name":"Information for dealers - latinoccu.org","isPartOf":{"@id":"https:\/\/latinoccu.org\/#website"},"primaryImageOfPage":{"@id":"https:\/\/latinoccu.org\/products-and-services\/loans-credit\/auto-loans\/information-for-dealers\/#primaryimage"},"image":{"@id":"https:\/\/latinoccu.org\/products-and-services\/loans-credit\/auto-loans\/information-for-dealers\/#primaryimage"},"thumbnailUrl":"https:\/\/latinoccu.org\/wp-content\/uploads\/2016\/09\/Information-for-dealers-Product-Page-1.jpg","datePublished":"2016-09-01T14:08:03+00:00","dateModified":"2026-02-19T21:06:17+00:00","breadcrumb":{"@id":"https:\/\/latinoccu.org\/products-and-services\/loans-credit\/auto-loans\/information-for-dealers\/#breadcrumb"},"inLanguage":"es","potentialAction":[{"@type":"ReadAction","target":["https:\/\/latinoccu.org\/products-and-services\/loans-credit\/auto-loans\/information-for-dealers\/"]}]},{"@type":"ImageObject","inLanguage":"es","@id":"https:\/\/latinoccu.org\/products-and-services\/loans-credit\/auto-loans\/information-for-dealers\/#primaryimage","url":"https:\/\/latinoccu.org\/wp-content\/uploads\/2016\/09\/Information-for-dealers-Product-Page-1.jpg","contentUrl":"https:\/\/latinoccu.org\/wp-content\/uploads\/2016\/09\/Information-for-dealers-Product-Page-1.jpg","width":1500,"height":450},{"@type":"BreadcrumbList","@id":"https:\/\/latinoccu.org\/products-and-services\/loans-credit\/auto-loans\/information-for-dealers\/#breadcrumb","itemListElement":[{"@type":"ListItem","position":1,"name":"Home","item":"https:\/\/latinoccu.org\/"},{"@type":"ListItem","position":2,"name":"Products and Services","item":"https:\/\/latinoccu.org\/products-and-services\/"},{"@type":"ListItem","position":3,"name":"Loans &#038; Credit","item":"https:\/\/latinoccu.org\/products-and-services\/loans-credit\/"},{"@type":"ListItem","position":4,"name":"Auto Loans","item":"https:\/\/latinoccu.org\/products-and-services\/loans-credit\/auto-loans\/"},{"@type":"ListItem","position":5,"name":"Information for dealers"}]},{"@type":"WebSite","@id":"https:\/\/latinoccu.org\/#website","url":"https:\/\/latinoccu.org\/","name":"latinoccu.org","description":"","potentialAction":[{"@type":"SearchAction","target":{"@type":"EntryPoint","urlTemplate":"https:\/\/latinoccu.org\/?s={search_term_string}"},"query-input":{"@type":"PropertyValueSpecification","valueRequired":true,"valueName":"search_term_string"}}],"inLanguage":"es"}]}},"_links":{"self":[{"href":"https:\/\/latinoccu.org\/es\/wp-json\/wp\/v2\/pages\/1547","targetHints":{"allow":["GET"]}}],"collection":[{"href":"https:\/\/latinoccu.org\/es\/wp-json\/wp\/v2\/pages"}],"about":[{"href":"https:\/\/latinoccu.org\/es\/wp-json\/wp\/v2\/types\/page"}],"author":[{"embeddable":true,"href":"https:\/\/latinoccu.org\/es\/wp-json\/wp\/v2\/users\/19"}],"replies":[{"embeddable":true,"href":"https:\/\/latinoccu.org\/es\/wp-json\/wp\/v2\/comments?post=1547"}],"version-history":[{"count":0,"href":"https:\/\/latinoccu.org\/es\/wp-json\/wp\/v2\/pages\/1547\/revisions"}],"up":[{"embeddable":true,"href":"https:\/\/latinoccu.org\/es\/wp-json\/wp\/v2\/pages\/17626"}],"wp:featuredmedia":[{"embeddable":true,"href":"https:\/\/latinoccu.org\/es\/wp-json\/wp\/v2\/media\/1548"}],"wp:attachment":[{"href":"https:\/\/latinoccu.org\/es\/wp-json\/wp\/v2\/media?parent=1547"}],"wp:term":[{"taxonomy":"page-structure","embeddable":true,"href":"https:\/\/latinoccu.org\/es\/wp-json\/wp\/v2\/page-structure?post=1547"},{"taxonomy":"sidebar-content","embeddable":true,"href":"https:\/\/latinoccu.org\/es\/wp-json\/wp\/v2\/sidebar-content?post=1547"}],"curies":[{"name":"wp","href":"https:\/\/api.w.org\/{rel}","templated":true}]}}