{"id":1536,"date":"2016-09-01T12:31:10","date_gmt":"2016-09-01T12:31:10","guid":{"rendered":"http:\/\/latinoccu.org\/?page_id=1536"},"modified":"2026-02-19T21:30:20","modified_gmt":"2026-02-19T21:30:20","slug":"private-purchase-auto-loans","status":"publish","type":"page","link":"https:\/\/latinoccu.org\/es\/products-and-services\/loans-credit\/auto-loans\/private-purchase-auto-loans\/","title":{"rendered":"Pr\u00e9stamos para Compra de Auto Privado"},"content":{"rendered":"<div data-elementor-type=\"wp-page\" data-elementor-id=\"1536\" class=\"elementor elementor-1536\" data-elementor-post-type=\"page\">\n\t\t\t\t<div class=\"elementor-element elementor-element-7eb450c1 e-con-full cmp cmp-basic-text e-flex e-con e-parent\" data-id=\"7eb450c1\" data-element_type=\"container\" data-e-type=\"container\">\n\t\t<div class=\"elementor-element elementor-element-3b44e578 e-flex e-con-boxed e-con e-child\" data-id=\"3b44e578\" data-element_type=\"container\" data-e-type=\"container\">\n\t\t\t\t\t<div class=\"e-con-inner\">\n\t\t\t\t<div class=\"elementor-element elementor-element-7f1028ad elementor-widget elementor-widget-heading\" data-id=\"7f1028ad\" data-element_type=\"widget\" data-e-type=\"widget\" data-widget_type=\"heading.default\">\n\t\t\t\t<div class=\"elementor-widget-container\">\n\t\t\t\t\t<h2 class=\"elementor-heading-title elementor-size-default\">\u00bfConoces a alguien que est\u00e1 vendiendo un auto que te interesa?\n<\/h2>\t\t\t\t<\/div>\n\t\t\t\t<\/div>\n\t\t\t\t<div class=\"elementor-element elementor-element-4642af1f elementor-widget elementor-widget-text-editor\" data-id=\"4642af1f\" data-element_type=\"widget\" data-e-type=\"widget\" data-widget_type=\"text-editor.default\">\n\t\t\t\t<div class=\"elementor-widget-container\">\n\t\t\t\t\t\t\t\t\t<h3>Lo que necesitas:<\/h3><ul><li>Ser socio de la Cooperativa Latina<\/li><li>Prueba de ingresos. Pueden aplicarse excepciones*<\/li><li class=\"translation-block\">Para trabajadores independientes, \u00faltimos 6 estados de cuenta personales o la \u00faltima declaraci\u00f3n de impuestos<\/li><li>Historial de cr\u00e9dito establecido o facturas de servicios p\u00fablicos a tu nombre desde tu lugar de residencia **<\/li><li>Carta de liquidaci\u00f3n, si es necesario<\/li><li>N\u00famero de VIN del  y millaje del veh\u00edculo<\/li><li>Formato MVR-6 notariado<\/li><li>$25.50 cargo de matr\u00edcula<\/li><li>Si no hay un pr\u00e9stamo vigente sobre el veh\u00edculo , el vendedor deber\u00e1 resentarse en una de nuestra sucursales para firmar el t\u00edtulo personalmente<\/li><\/ul>\t\t\t\t\t\t\t\t<\/div>\n\t\t\t\t<\/div>\n\t\t\t\t<div class=\"elementor-element elementor-element-7e21330 elementor-widget elementor-widget-text-editor\" data-id=\"7e21330\" data-element_type=\"widget\" data-e-type=\"widget\" data-widget_type=\"text-editor.default\">\n\t\t\t\t<div class=\"elementor-widget-container\">\n\t\t\t\t\t<style>.elementor-element-7e21330{display:none !important}<\/style>\t\t\t\t<\/div>\n\t\t\t\t<\/div>\n\t\t<div class=\"elementor-element elementor-element-5fd1fe4 e-flex e-con-boxed e-con e-child\" data-id=\"5fd1fe4\" data-element_type=\"container\" data-e-type=\"container\">\n\t\t\t\t\t<div class=\"e-con-inner\">\n\t\t\t\t<div class=\"elementor-element elementor-element-135fef4 elementor-widget elementor-widget-template\" data-id=\"135fef4\" data-element_type=\"widget\" data-e-type=\"widget\" data-widget_type=\"template.default\">\n\t\t\t\t<div class=\"elementor-widget-container\">\n\t\t\t\t\t\t\t<div class=\"elementor-template\">\n\t\t\t\t\t<div data-elementor-type=\"container\" data-elementor-id=\"17681\" class=\"elementor elementor-17681\" data-elementor-post-type=\"elementor_library\">\n\t\t\t\t<div class=\"elementor-element elementor-element-74765dba e-con-full e-flex e-con e-parent\" data-id=\"74765dba\" data-element_type=\"container\" data-e-type=\"container\">\n\t\t\t\t<div class=\"elementor-element elementor-element-76eb8154 elementor-widget elementor-widget-heading\" data-id=\"76eb8154\" data-element_type=\"widget\" data-e-type=\"widget\" data-widget_type=\"heading.default\">\n\t\t\t\t<div class=\"elementor-widget-container\">\n\t\t\t\t\t<h3 class=\"elementor-heading-title elementor-size-default\">Pr\u00e9stamos para Veh\u00edculos Usados\n<\/h3>\t\t\t\t<\/div>\n\t\t\t\t<\/div>\n\t\t\t\t<div class=\"elementor-element elementor-element-619be93 elementor-widget elementor-widget-heading\" data-id=\"619be93\" data-element_type=\"widget\" data-e-type=\"widget\" data-widget_type=\"heading.default\">\n\t\t\t\t<div class=\"elementor-widget-container\">\n\t\t\t\t\t<div class=\"elementor-heading-title elementor-size-default\">Todas las tasas se basan en un plazo de 84 meses.<\/div>\t\t\t\t<\/div>\n\t\t\t\t<\/div>\n\t\t\t\t<div class=\"elementor-element elementor-element-465675b5 pp-table-center elementor-widget elementor-widget-pp-table\" data-id=\"465675b5\" data-element_type=\"widget\" data-e-type=\"widget\" data-settings=\"{&quot;table_type&quot;:&quot;normal&quot;}\" data-widget_type=\"pp-table.default\">\n\t\t\t\t<div class=\"elementor-widget-container\">\n\t\t\t\t\t\t\t<div class=\"pp-table-container\">\n\t\t\t<table \n\t\t\tclass=\"pp-table tablesaw\"\t\t\t\t>\n\t\t\t\t\t\t\t<colgroup>\n\t\t\t\t\t\t\t\t<col\n\t\t\t\t\tspan=\"1\"\n\t\t\t\t\tclass=\"elementor-repeater-item-de6fc24\"\n\t\t\t\t\t\t\t\t\t\t\tstyle=\"\t\t\t\t\t\t\t\t\t\t\t\t\t\t\t\t\t\t\t\t\"\n\t\t\t\t\t\t\t\t\t\t>\n\t\t\t\t\t\t\t<\/colgroup>\n\t\t\t\t\t\t<thead>\n\t\t\t\t<tr class=\"pp-table-row\">\n\t\t\t\t\t<th class=\"pp-table-cell pp-table-cell-21920c7\"><span class=\"pp-table-cell-content\"><span class=\"pp-table-cell-text\">Financiaci\u00f3n\t<\/span><\/span><\/th><th class=\"pp-table-cell pp-table-cell-1b55fe9\"><span class=\"pp-table-cell-content\"><span class=\"pp-table-cell-text\">Inter\u00e9s anual\t<\/span><\/span><\/th><th class=\"pp-table-cell pp-table-cell-4d1128e\"><span class=\"pp-table-cell-content\"><span class=\"pp-table-cell-text\">M\u00e1ximo a financiar\t<\/span><\/span><\/th><th class=\"pp-table-cell pp-table-cell-812bba8\"><span class=\"pp-table-cell-content\"><span class=\"pp-table-cell-text\">Pr\u00e9stamo promedio\t<\/span><\/span><\/th><th class=\"pp-table-cell pp-table-cell-e835b70\"><span class=\"pp-table-cell-content\"><span class=\"pp-table-cell-text\">Pago promedio<\/span><\/span><\/th>\t\t\t\t<\/tr>\n\t\t\t<\/thead>\n\t\t\t\t\t<tfoot>\n\t\t\t<\/tr>\t\t<\/tfoot>\n\t\t\t\t<tbody>\n\t\t\t<tr ><td class=\"pp-table-cell pp-table-cell-e561877\"><span class=\"pp-table-cell-content\"><span class=\"pp-table-cell-text\">95%\t<\/span><\/span><\/td><td class=\"pp-table-cell pp-table-cell-d1df384\"><span class=\"pp-table-cell-content\"><span class=\"pp-table-cell-text\">9.75%*<\/span><\/span><\/td><td class=\"pp-table-cell pp-table-cell-1c15125\"><span class=\"pp-table-cell-content\"><span class=\"pp-table-cell-text\">$80,000\t<\/span><\/span><\/td><td class=\"pp-table-cell pp-table-cell-66d41ec\"><span class=\"pp-table-cell-content\"><span class=\"pp-table-cell-text\">$25,000\t<\/span><\/span><\/td><td class=\"pp-table-cell pp-table-cell-3de0be2\"><span class=\"pp-table-cell-content\"><span class=\"pp-table-cell-text\">$413\n<\/span><\/span><\/td><\/tr><tr ><td class=\"pp-table-cell pp-table-cell-81f5a2a\"><span class=\"pp-table-cell-content\"><span class=\"pp-table-cell-text\">85%\t<\/span><\/span><\/td><td class=\"pp-table-cell pp-table-cell-f4df117\"><span class=\"pp-table-cell-content\"><span class=\"pp-table-cell-text\">11.75%<\/span><\/span><\/td><td class=\"pp-table-cell pp-table-cell-054ef8e\"><span class=\"pp-table-cell-content\"><span class=\"pp-table-cell-text\">$30,000\t<\/span><\/span><\/td><td class=\"pp-table-cell pp-table-cell-bc73ccd\"><span class=\"pp-table-cell-content\"><span class=\"pp-table-cell-text\">$20,000\t<\/span><\/span><\/td><td class=\"pp-table-cell pp-table-cell-b10f454\"><span class=\"pp-table-cell-content\"><span class=\"pp-table-cell-text\">$352\n<\/span><\/span><\/td><\/tr><tr ><td class=\"pp-table-cell pp-table-cell-f832263\"><span class=\"pp-table-cell-content\"><span class=\"pp-table-cell-text\">70%\t<\/span><\/span><\/td><td class=\"pp-table-cell pp-table-cell-d05e40b\"><span class=\"pp-table-cell-content\"><span class=\"pp-table-cell-text\">10.75%<\/span><\/span><\/td><td class=\"pp-table-cell pp-table-cell-36f91f6\"><span class=\"pp-table-cell-content\"><span class=\"pp-table-cell-text\">$80,000\t<\/span><\/span><\/td><td class=\"pp-table-cell pp-table-cell-d5ba60c\"><span class=\"pp-table-cell-content\"><span class=\"pp-table-cell-text\">$25,000\t<\/span><\/span><\/td><td class=\"pp-table-cell pp-table-cell-3a48977\"><span class=\"pp-table-cell-content\"><span class=\"pp-table-cell-text\">$446\n<\/span><\/span><\/td><\/tr>\t\t<\/tbody>\n\t\t\t\t\t<\/table>\n\t\t<\/div>\n\t\t\t\t\t\t<\/div>\n\t\t\t\t<\/div>\n\t\t\t\t<\/div>\n\t\t\t\t<\/div>\n\t\t\t\t<\/div>\n\t\t\t\t\t\t<\/div>\n\t\t\t\t<\/div>\n\t\t\t\t\t<\/div>\n\t\t\t\t<\/div>\n\t\t\t\t\t<\/div>\n\t\t\t\t<\/div>\n\t\t\t\t<\/div>\n\t\t<div class=\"elementor-element elementor-element-5bf6dc35 cmp cmp-accord-plus e-flex e-con-boxed e-con e-parent\" data-id=\"5bf6dc35\" data-element_type=\"container\" data-e-type=\"container\" data-settings=\"{&quot;background_background&quot;:&quot;classic&quot;}\">\n\t\t\t\t\t<div class=\"e-con-inner\">\n\t\t\t\t<div class=\"elementor-element elementor-element-500475a7 elementor-widget elementor-widget-pp-advanced-accordion\" data-id=\"500475a7\" data-element_type=\"widget\" data-e-type=\"widget\" data-settings=\"{&quot;accordion_type&quot;:&quot;accordion&quot;,&quot;toggle_speed&quot;:300}\" data-widget_type=\"pp-advanced-accordion.default\">\n\t\t\t\t<div class=\"elementor-widget-container\">\n\t\t\t\t\t\t\t<div class=\"pp-advanced-accordion pp-toggle-icon-align-right\" id=\"pp-advanced-accordion-500475a7\" data-accordion-id=\"500475a7\" role=\"tablist\">\n\t\t\t\t\t\t\t<div class=\"pp-accordion-item\">\n\t\t\t\t\t\t\t\t\t\t<div id=\"pp-accordion-tab-title-1341\" class=\"pp-accordion-tab-title\" tabindex=\"0\" data-tab=\"1\" role=\"tab\" aria-controls=\"pp-accordion-tab-content-1341\" aria-expanded=\"false\">\n\t\t\t\t\t\t<span class=\"pp-accordion-title-icon\">\n\t\t\t\t\t\t\t\t\t\t\t\t\t\t<span class=\"pp-accordion-title-text\">\n\t\t\t\t\t\t\t\tLetra peque\u00f1a <div class=\"accord-sub\">Detalles Importantes<\/div>\t\t\t\t\t\t\t<\/span>\n\t\t\t\t\t\t<\/span>\n\t\t\t\t\t\t\t\t\t\t\t\t\t<div class=\"pp-accordion-toggle-icon\">\n\t\t\t\t\t\t\t\t\t\t\t\t\t\t\t\t\t<span class='pp-accordion-toggle-icon-close pp-icon'>\n\t\t\t\t\t\t\t\t\t\t<i aria-hidden=\"true\" class=\"fas fa-angle-up\"><\/i>\t\t\t\t\t\t\t\t\t<\/span>\n\t\t\t\t\t\t\t\t\t\t\t\t\t\t\t\t\t\t\t\t\t\t\t\t\t<span class='pp-accordion-toggle-icon-open pp-icon'>\n\t\t\t\t\t\t\t\t\t\t<i aria-hidden=\"true\" class=\"fas fa-angle-down\"><\/i>\t\t\t\t\t\t\t\t\t<\/span>\n\t\t\t\t\t\t\t\t\t\t\t\t\t\t\t<\/div>\n\t\t\t\t\t\t\t\t\t\t\t<\/div>\n\n\t\t\t\t\t<div id=\"pp-accordion-tab-content-1341\" class=\"pp-accordion-tab-content\" data-tab=\"1\" role=\"tabpanel\" aria-labelledby=\"pp-accordion-tab-title-1341\">\n\t\t\t\t\t\t<ul><li>*Un  pago inicial de m\u00ednimo del 30% ser\u00e1 considerado como alternativa<\/li><li>**Las condiciones requeridas para el historial de cr\u00e9dito o el cr\u00e9dito alternativo var\u00edan seg\u00fan el monto del pr\u00e9stamo y el pago inicial<\/li><li>***Este seguro cubre la diferencia entre lo que debes en tu pr\u00e9stamo de veh\u00edculo y el valor de tu veh\u00edculo, en caso de p\u00e9rdida total, robo o un incendio<\/li><li>Monto m\u00e1ximo del pr\u00e9stamo: $80,000 para pr\u00e9stamos individuales o conjuntos<\/li><li>Plazo m\u00e1ximo: hasta 84 meses<\/li><li>Si es aprobado, el veh\u00edculo deber\u00e1 ser registrado en NCDMV con una licencia de conducci\u00f3n v\u00e1lida<\/li><li>Si es aprobado, necesitar\u00e1 proporcionar referencias personales<\/li><li>Si es aprobado, necesitar\u00e1 adquirir un seguro de auto con cobertura total<\/li><\/ul>\t\t\t\t\t<\/div>\n\t\t\t\t<\/div>\n\t\t\t\t\t<\/div>\n\t\t\t\t\t\t<\/div>\n\t\t\t\t<\/div>\n\t\t\t\t\t<\/div>\n\t\t\t\t<\/div>\n\t\t\t\t<\/div>","protected":false},"excerpt":{"rendered":"<p>Know someone selling a car that you like? What You Need: Be a Latino Credit Union member Proof of income. Exceptions may apply* Your last 6 months of personal account statements or the last year&#8217;s tax returns, if you are self-employed Established credit history or utility bills in your name from your place of residence** [&hellip;]<\/p>\n","protected":false},"author":19,"featured_media":1542,"parent":17626,"menu_order":0,"comment_status":"closed","ping_status":"closed","template":"","meta":{"_acf_changed":false,"inline_featured_image":false,"footnotes":""},"page-structure":[21],"sidebar-content":[25,27],"class_list":["post-1536","page","type-page","status-publish","has-post-thumbnail","hentry","page-structure-has-sidebar","sidebar-content-footer-we-pay-you-back","sidebar-content-rates"],"acf":[],"yoast_head":"<!-- This site is optimized with the Yoast SEO plugin v27.2 - https:\/\/yoast.com\/product\/yoast-seo-wordpress\/ -->\n<title>Private Purchase Auto Loans - latinoccu.org<\/title>\n<meta name=\"robots\" content=\"index, follow, max-snippet:-1, max-image-preview:large, max-video-preview:-1\" \/>\n<link rel=\"canonical\" href=\"https:\/\/latinoccu.org\/es\/products-and-services\/loans-credit\/auto-loans\/private-purchase-auto-loans\/\" \/>\n<meta property=\"og:locale\" content=\"es_MX\" \/>\n<meta property=\"og:type\" content=\"article\" \/>\n<meta property=\"og:title\" content=\"Private Purchase Auto Loans - latinoccu.org\" \/>\n<meta property=\"og:description\" content=\"Know someone selling a car that you like? What You Need: Be a Latino Credit Union member Proof of income. Exceptions may apply* Your last 6 months of personal account statements or the last year&#8217;s tax returns, if you are self-employed Established credit history or utility bills in your name from your place of residence** [&hellip;]\" \/>\n<meta property=\"og:url\" content=\"https:\/\/latinoccu.org\/es\/products-and-services\/loans-credit\/auto-loans\/private-purchase-auto-loans\/\" \/>\n<meta property=\"og:site_name\" content=\"latinoccu.org\" \/>\n<meta property=\"article:modified_time\" content=\"2026-02-19T21:30:20+00:00\" \/>\n<meta property=\"og:image\" content=\"https:\/\/latinoccu.org\/wp-content\/uploads\/2016\/09\/Private-Purchase-Auto-Loans_Product-Page-1.jpg\" \/>\n\t<meta property=\"og:image:width\" content=\"1500\" \/>\n\t<meta property=\"og:image:height\" content=\"450\" \/>\n\t<meta property=\"og:image:type\" content=\"image\/jpeg\" \/>\n<meta name=\"twitter:card\" content=\"summary_large_image\" \/>\n<meta name=\"twitter:label1\" content=\"Tiempo de lectura\" \/>\n\t<meta name=\"twitter:data1\" content=\"2 minutos\" \/>\n<script type=\"application\/ld+json\" class=\"yoast-schema-graph\">{\"@context\":\"https:\/\/schema.org\",\"@graph\":[{\"@type\":\"WebPage\",\"@id\":\"https:\/\/latinoccu.org\/products-and-services\/loans-credit\/auto-loans\/private-purchase-auto-loans\/\",\"url\":\"https:\/\/latinoccu.org\/products-and-services\/loans-credit\/auto-loans\/private-purchase-auto-loans\/\",\"name\":\"Private Purchase Auto Loans - latinoccu.org\",\"isPartOf\":{\"@id\":\"https:\/\/latinoccu.org\/#website\"},\"primaryImageOfPage\":{\"@id\":\"https:\/\/latinoccu.org\/products-and-services\/loans-credit\/auto-loans\/private-purchase-auto-loans\/#primaryimage\"},\"image\":{\"@id\":\"https:\/\/latinoccu.org\/products-and-services\/loans-credit\/auto-loans\/private-purchase-auto-loans\/#primaryimage\"},\"thumbnailUrl\":\"https:\/\/latinoccu.org\/wp-content\/uploads\/2016\/09\/Private-Purchase-Auto-Loans_Product-Page-1.jpg\",\"datePublished\":\"2016-09-01T12:31:10+00:00\",\"dateModified\":\"2026-02-19T21:30:20+00:00\",\"breadcrumb\":{\"@id\":\"https:\/\/latinoccu.org\/products-and-services\/loans-credit\/auto-loans\/private-purchase-auto-loans\/#breadcrumb\"},\"inLanguage\":\"es\",\"potentialAction\":[{\"@type\":\"ReadAction\",\"target\":[\"https:\/\/latinoccu.org\/products-and-services\/loans-credit\/auto-loans\/private-purchase-auto-loans\/\"]}]},{\"@type\":\"ImageObject\",\"inLanguage\":\"es\",\"@id\":\"https:\/\/latinoccu.org\/products-and-services\/loans-credit\/auto-loans\/private-purchase-auto-loans\/#primaryimage\",\"url\":\"https:\/\/latinoccu.org\/wp-content\/uploads\/2016\/09\/Private-Purchase-Auto-Loans_Product-Page-1.jpg\",\"contentUrl\":\"https:\/\/latinoccu.org\/wp-content\/uploads\/2016\/09\/Private-Purchase-Auto-Loans_Product-Page-1.jpg\",\"width\":1500,\"height\":450},{\"@type\":\"BreadcrumbList\",\"@id\":\"https:\/\/latinoccu.org\/products-and-services\/loans-credit\/auto-loans\/private-purchase-auto-loans\/#breadcrumb\",\"itemListElement\":[{\"@type\":\"ListItem\",\"position\":1,\"name\":\"Home\",\"item\":\"https:\/\/latinoccu.org\/\"},{\"@type\":\"ListItem\",\"position\":2,\"name\":\"Products and Services\",\"item\":\"https:\/\/latinoccu.org\/products-and-services\/\"},{\"@type\":\"ListItem\",\"position\":3,\"name\":\"Loans &#038; Credit\",\"item\":\"https:\/\/latinoccu.org\/products-and-services\/loans-credit\/\"},{\"@type\":\"ListItem\",\"position\":4,\"name\":\"Auto Loans\",\"item\":\"https:\/\/latinoccu.org\/products-and-services\/loans-credit\/auto-loans\/\"},{\"@type\":\"ListItem\",\"position\":5,\"name\":\"Private Purchase Auto Loans\"}]},{\"@type\":\"WebSite\",\"@id\":\"https:\/\/latinoccu.org\/#website\",\"url\":\"https:\/\/latinoccu.org\/\",\"name\":\"latinoccu.org\",\"description\":\"\",\"potentialAction\":[{\"@type\":\"SearchAction\",\"target\":{\"@type\":\"EntryPoint\",\"urlTemplate\":\"https:\/\/latinoccu.org\/?s={search_term_string}\"},\"query-input\":{\"@type\":\"PropertyValueSpecification\",\"valueRequired\":true,\"valueName\":\"search_term_string\"}}],\"inLanguage\":\"es\"}]}<\/script>\n<!-- \/ Yoast SEO plugin. -->","yoast_head_json":{"title":"Private Purchase Auto Loans - latinoccu.org","robots":{"index":"index","follow":"follow","max-snippet":"max-snippet:-1","max-image-preview":"max-image-preview:large","max-video-preview":"max-video-preview:-1"},"canonical":"https:\/\/latinoccu.org\/es\/products-and-services\/loans-credit\/auto-loans\/private-purchase-auto-loans\/","og_locale":"es_MX","og_type":"article","og_title":"Private Purchase Auto Loans - latinoccu.org","og_description":"Know someone selling a car that you like? What You Need: Be a Latino Credit Union member Proof of income. Exceptions may apply* Your last 6 months of personal account statements or the last year&#8217;s tax returns, if you are self-employed Established credit history or utility bills in your name from your place of residence** [&hellip;]","og_url":"https:\/\/latinoccu.org\/es\/products-and-services\/loans-credit\/auto-loans\/private-purchase-auto-loans\/","og_site_name":"latinoccu.org","article_modified_time":"2026-02-19T21:30:20+00:00","og_image":[{"width":1500,"height":450,"url":"https:\/\/latinoccu.org\/wp-content\/uploads\/2016\/09\/Private-Purchase-Auto-Loans_Product-Page-1.jpg","type":"image\/jpeg"}],"twitter_card":"summary_large_image","twitter_misc":{"Tiempo de lectura":"2 minutos"},"schema":{"@context":"https:\/\/schema.org","@graph":[{"@type":"WebPage","@id":"https:\/\/latinoccu.org\/products-and-services\/loans-credit\/auto-loans\/private-purchase-auto-loans\/","url":"https:\/\/latinoccu.org\/products-and-services\/loans-credit\/auto-loans\/private-purchase-auto-loans\/","name":"Private Purchase Auto Loans - latinoccu.org","isPartOf":{"@id":"https:\/\/latinoccu.org\/#website"},"primaryImageOfPage":{"@id":"https:\/\/latinoccu.org\/products-and-services\/loans-credit\/auto-loans\/private-purchase-auto-loans\/#primaryimage"},"image":{"@id":"https:\/\/latinoccu.org\/products-and-services\/loans-credit\/auto-loans\/private-purchase-auto-loans\/#primaryimage"},"thumbnailUrl":"https:\/\/latinoccu.org\/wp-content\/uploads\/2016\/09\/Private-Purchase-Auto-Loans_Product-Page-1.jpg","datePublished":"2016-09-01T12:31:10+00:00","dateModified":"2026-02-19T21:30:20+00:00","breadcrumb":{"@id":"https:\/\/latinoccu.org\/products-and-services\/loans-credit\/auto-loans\/private-purchase-auto-loans\/#breadcrumb"},"inLanguage":"es","potentialAction":[{"@type":"ReadAction","target":["https:\/\/latinoccu.org\/products-and-services\/loans-credit\/auto-loans\/private-purchase-auto-loans\/"]}]},{"@type":"ImageObject","inLanguage":"es","@id":"https:\/\/latinoccu.org\/products-and-services\/loans-credit\/auto-loans\/private-purchase-auto-loans\/#primaryimage","url":"https:\/\/latinoccu.org\/wp-content\/uploads\/2016\/09\/Private-Purchase-Auto-Loans_Product-Page-1.jpg","contentUrl":"https:\/\/latinoccu.org\/wp-content\/uploads\/2016\/09\/Private-Purchase-Auto-Loans_Product-Page-1.jpg","width":1500,"height":450},{"@type":"BreadcrumbList","@id":"https:\/\/latinoccu.org\/products-and-services\/loans-credit\/auto-loans\/private-purchase-auto-loans\/#breadcrumb","itemListElement":[{"@type":"ListItem","position":1,"name":"Home","item":"https:\/\/latinoccu.org\/"},{"@type":"ListItem","position":2,"name":"Products and Services","item":"https:\/\/latinoccu.org\/products-and-services\/"},{"@type":"ListItem","position":3,"name":"Loans &#038; Credit","item":"https:\/\/latinoccu.org\/products-and-services\/loans-credit\/"},{"@type":"ListItem","position":4,"name":"Auto Loans","item":"https:\/\/latinoccu.org\/products-and-services\/loans-credit\/auto-loans\/"},{"@type":"ListItem","position":5,"name":"Private Purchase Auto Loans"}]},{"@type":"WebSite","@id":"https:\/\/latinoccu.org\/#website","url":"https:\/\/latinoccu.org\/","name":"latinoccu.org","description":"","potentialAction":[{"@type":"SearchAction","target":{"@type":"EntryPoint","urlTemplate":"https:\/\/latinoccu.org\/?s={search_term_string}"},"query-input":{"@type":"PropertyValueSpecification","valueRequired":true,"valueName":"search_term_string"}}],"inLanguage":"es"}]}},"_links":{"self":[{"href":"https:\/\/latinoccu.org\/es\/wp-json\/wp\/v2\/pages\/1536","targetHints":{"allow":["GET"]}}],"collection":[{"href":"https:\/\/latinoccu.org\/es\/wp-json\/wp\/v2\/pages"}],"about":[{"href":"https:\/\/latinoccu.org\/es\/wp-json\/wp\/v2\/types\/page"}],"author":[{"embeddable":true,"href":"https:\/\/latinoccu.org\/es\/wp-json\/wp\/v2\/users\/19"}],"replies":[{"embeddable":true,"href":"https:\/\/latinoccu.org\/es\/wp-json\/wp\/v2\/comments?post=1536"}],"version-history":[{"count":0,"href":"https:\/\/latinoccu.org\/es\/wp-json\/wp\/v2\/pages\/1536\/revisions"}],"up":[{"embeddable":true,"href":"https:\/\/latinoccu.org\/es\/wp-json\/wp\/v2\/pages\/17626"}],"wp:featuredmedia":[{"embeddable":true,"href":"https:\/\/latinoccu.org\/es\/wp-json\/wp\/v2\/media\/1542"}],"wp:attachment":[{"href":"https:\/\/latinoccu.org\/es\/wp-json\/wp\/v2\/media?parent=1536"}],"wp:term":[{"taxonomy":"page-structure","embeddable":true,"href":"https:\/\/latinoccu.org\/es\/wp-json\/wp\/v2\/page-structure?post=1536"},{"taxonomy":"sidebar-content","embeddable":true,"href":"https:\/\/latinoccu.org\/es\/wp-json\/wp\/v2\/sidebar-content?post=1536"}],"curies":[{"name":"wp","href":"https:\/\/api.w.org\/{rel}","templated":true}]}}