{"id":1459,"date":"2016-09-01T08:50:46","date_gmt":"2016-09-01T12:50:46","guid":{"rendered":"http:\/\/latinoccu.org\/?page_id=1459"},"modified":"2026-02-11T00:30:23","modified_gmt":"2026-02-11T00:30:23","slug":"for-teens-checking","status":"publish","type":"page","link":"https:\/\/latinoccu.org\/es\/products-and-services\/checking\/for-teens-checking\/","title":{"rendered":"Cuenta Corriente para J\u00f3venes"},"content":{"rendered":"<div data-elementor-type=\"wp-page\" data-elementor-id=\"1459\" class=\"elementor elementor-1459\" data-elementor-post-type=\"page\">\n\t\t\t\t<div class=\"elementor-element elementor-element-6e382124 e-con-full cmp cmp-basic-text e-flex e-con e-parent\" data-id=\"6e382124\" data-element_type=\"container\" data-e-type=\"container\">\n\t\t<div class=\"elementor-element elementor-element-36dac15f e-flex e-con-boxed e-con e-child\" data-id=\"36dac15f\" data-element_type=\"container\" data-e-type=\"container\">\n\t\t\t\t\t<div class=\"e-con-inner\">\n\t\t\t\t<div class=\"elementor-element elementor-element-0433471 elementor-widget elementor-widget-heading\" data-id=\"0433471\" data-element_type=\"widget\" data-e-type=\"widget\" data-widget_type=\"heading.default\">\n\t\t\t\t<div class=\"elementor-widget-container\">\n\t\t\t\t\t<h2 class=\"elementor-heading-title elementor-size-default\">Aprende a manejar tu dinero y aplica tu conocimiento en todas tus decisiones futuras.\n<\/h2>\t\t\t\t<\/div>\n\t\t\t\t<\/div>\n\t\t\t\t<div class=\"elementor-element elementor-element-7441923f elementor-widget elementor-widget-text-editor\" data-id=\"7441923f\" data-element_type=\"widget\" data-e-type=\"widget\" data-widget_type=\"text-editor.default\">\n\t\t\t\t<div class=\"elementor-widget-container\">\n\t\t\t\t\t\t\t\t\t<h3>Lo que necesitas:<\/h3><ul><li class=\"translation-block\">Ser socio de la Cooperativa Latina<\/li><\/ul><h3>\u00a0<\/h3><h3>Lo que recibes:<\/h3><ul><li>Una cuenta corriente sin tarifas mensuales para socios entre los 13 y los 18 a\u00f1os<\/li><li>A los 18 a\u00f1os, tu Cuenta Corriente de J\u00f3venes se convierte en una Cuenta Corriente Regular<\/li><li>Tarjeta de d\u00e9bito VISA\u00ae con chip para compras y transacciones en cajeros autom\u00e1ticos a nivel internacional, con opci\u00f3n de <a href=\"https:\/\/usa.visa.com\/pay-with-visa\/contactless-payments\/contactless-payments.html\" target=\"_blank\" rel=\"noopener\">Tap to Pay<\/a> , pago sin contacto, para compras r\u00e1pidas, f\u00e1ciles y seguras<\/li><li>Cero responsabilidad contra transacciones fraudulentas<\/li><li class=\"translation-block\">Tasas de inter\u00e9s competitivas<\/li><li>Protecci\u00f3n contra sobregiros<\/li><li>Posibilidad de recibir tus estados de cuenta de forma electr\u00f3nica<\/li><li>Tu dinero est\u00e1 asegurado federalmente hasta $250,000 por la NCUA<\/li><li><span class=\"TextRun SCXW18491079 BCX0\" lang=\"EN-US\" xml:lang=\"EN-US\" data-contrast=\"auto\"><span class=\"NormalTextRun SCXW18491079 BCX0\">Acceso gratuito a nivel nacional a la\u00a0<\/span><\/span><a class=\"Hyperlink SCXW18491079 BCX0\" href=\"https:\/\/latinoccu.org\/es\/atms\/\" target=\"_blank\" rel=\"noreferrer noopener\"><span class=\"TextRun Underlined SCXW18491079 BCX0\" lang=\"EN-US\" xml:lang=\"EN-US\" data-contrast=\"none\"><span class=\"NormalTextRun SCXW18491079 BCX0\" data-ccp-charstyle=\"Hyperlink\">red de cajeros autom\u00e1ticos de CO-OP<\/span><\/span><\/a><span class=\"TextRun SCXW18491079 BCX0\" lang=\"EN-US\" xml:lang=\"EN-US\" data-contrast=\"auto\"><span class=\"NormalTextRun SCXW18491079 BCX0\">.<\/span><span class=\"NormalTextRun SCXW18491079 BCX0\">\u00a0<\/span><span class=\"NormalTextRun SCXW18491079 BCX0\">Bajos cargos por el uso de cajeros autom\u00e1ticos fuera de la red**<\/span><\/span><\/li><li>Maneja tu cuenta en l\u00ednea desde cualquier parte con nuestros servicios electr\u00f3nicos. <a href=\"\/es\/products-and-services\/other-services\/electronic-services\/\">Haz clic aqu\u00ed<\/a> para m\u00e1s detalles.<\/li><\/ul>\t\t\t\t\t\t\t\t<\/div>\n\t\t\t\t<\/div>\n\t\t\t\t\t<\/div>\n\t\t\t\t<\/div>\n\t\t\t\t<\/div>\n\t\t<div class=\"elementor-element elementor-element-336b1c6c cmp cmp-accord-plus e-flex e-con-boxed e-con e-parent\" data-id=\"336b1c6c\" data-element_type=\"container\" data-e-type=\"container\" data-settings=\"{&quot;background_background&quot;:&quot;classic&quot;}\">\n\t\t\t\t\t<div class=\"e-con-inner\">\n\t\t\t\t<div class=\"elementor-element elementor-element-4ca01c2e elementor-widget elementor-widget-pp-advanced-accordion\" data-id=\"4ca01c2e\" data-element_type=\"widget\" data-e-type=\"widget\" data-settings=\"{&quot;accordion_type&quot;:&quot;accordion&quot;,&quot;toggle_speed&quot;:300}\" data-widget_type=\"pp-advanced-accordion.default\">\n\t\t\t\t<div class=\"elementor-widget-container\">\n\t\t\t\t\t\t\t<div class=\"pp-advanced-accordion pp-toggle-icon-align-right\" id=\"pp-advanced-accordion-4ca01c2e\" data-accordion-id=\"4ca01c2e\" role=\"tablist\">\n\t\t\t\t\t\t\t<div class=\"pp-accordion-item\">\n\t\t\t\t\t\t\t\t\t\t<div id=\"pp-accordion-tab-title-1281\" class=\"pp-accordion-tab-title\" tabindex=\"0\" data-tab=\"1\" role=\"tab\" aria-controls=\"pp-accordion-tab-content-1281\" aria-expanded=\"false\">\n\t\t\t\t\t\t<span class=\"pp-accordion-title-icon\">\n\t\t\t\t\t\t\t\t\t\t\t\t\t\t<span class=\"pp-accordion-title-text\">\n\t\t\t\t\t\t\t\tLetra peque\u00f1a <div class=\"accord-sub\">Detalles Importantes<\/div>\t\t\t\t\t\t\t<\/span>\n\t\t\t\t\t\t<\/span>\n\t\t\t\t\t\t\t\t\t\t\t\t\t<div class=\"pp-accordion-toggle-icon\">\n\t\t\t\t\t\t\t\t\t\t\t\t\t\t\t\t\t<span class='pp-accordion-toggle-icon-close pp-icon'>\n\t\t\t\t\t\t\t\t\t\t<i aria-hidden=\"true\" class=\"fas fa-angle-up\"><\/i>\t\t\t\t\t\t\t\t\t<\/span>\n\t\t\t\t\t\t\t\t\t\t\t\t\t\t\t\t\t\t\t\t\t\t\t\t\t<span class='pp-accordion-toggle-icon-open pp-icon'>\n\t\t\t\t\t\t\t\t\t\t<i aria-hidden=\"true\" class=\"fas fa-angle-down\"><\/i>\t\t\t\t\t\t\t\t\t<\/span>\n\t\t\t\t\t\t\t\t\t\t\t\t\t\t\t<\/div>\n\t\t\t\t\t\t\t\t\t\t\t<\/div>\n\n\t\t\t\t\t<div id=\"pp-accordion-tab-content-1281\" class=\"pp-accordion-tab-content\" data-tab=\"1\" role=\"tabpanel\" aria-labelledby=\"pp-accordion-tab-title-1281\">\n\t\t\t\t\t\t<ul><li>** Se har\u00e1 un cobro de 75 centavos por transacci\u00f3n completada y 35 centavos por transacci\u00f3n incompleta realizada en cualquier cajero autom\u00e1tico fuera de nuestra<\/li><\/ul><p><a class=\"accord-link\" href=\"\/es\/rules-regulations\/\">M\u00e1s Informaci\u00f3n<\/a><\/p>\t\t\t\t\t<\/div>\n\t\t\t\t<\/div>\n\t\t\t\t\t<\/div>\n\t\t\t\t\t\t<\/div>\n\t\t\t\t<\/div>\n\t\t\t\t\t<\/div>\n\t\t\t\t<\/div>\n\t\t<div class=\"elementor-element elementor-element-9e1c515 e-con-full cmp cmp-basic-text e-flex e-con e-parent\" data-id=\"9e1c515\" data-element_type=\"container\" data-e-type=\"container\">\n\t\t<div class=\"elementor-element elementor-element-4bd16c5 e-flex e-con-boxed e-con e-child\" data-id=\"4bd16c5\" data-element_type=\"container\" data-e-type=\"container\">\n\t\t\t\t\t<div class=\"e-con-inner\">\n\t\t\t\t<div class=\"elementor-element elementor-element-bbf514d elementor-widget elementor-widget-heading\" data-id=\"bbf514d\" data-element_type=\"widget\" data-e-type=\"widget\" data-widget_type=\"heading.default\">\n\t\t\t\t<div class=\"elementor-widget-container\">\n\t\t\t\t\t<h2 class=\"elementor-heading-title elementor-size-default\">\u00a1Te pagamos m\u00e1s!\n<\/h2>\t\t\t\t<\/div>\n\t\t\t\t<\/div>\n\t\t\t\t<div class=\"elementor-element elementor-element-370a4f8 elementor-widget elementor-widget-text-editor\" data-id=\"370a4f8\" data-element_type=\"widget\" data-e-type=\"widget\" data-widget_type=\"text-editor.default\">\n\t\t\t\t<div class=\"elementor-widget-container\">\n\t\t\t\t\t\t\t\t\t<p>Con tasas de inter\u00e9s m\u00e1s altas y tarifas m\u00e1s bajas. \u00bfPor qu\u00e9 esperar? Descubre el ahorro que s\u00f3lo la Cooperativa Latina puede ofrecerte.<\/p>\t\t\t\t\t\t\t\t<\/div>\n\t\t\t\t<\/div>\n\t\t\t\t<div class=\"elementor-element elementor-element-aefac2e elementor-widget elementor-widget-image\" data-id=\"aefac2e\" data-element_type=\"widget\" data-e-type=\"widget\" data-widget_type=\"image.default\">\n\t\t\t\t<div class=\"elementor-widget-container\">\n\t\t\t\t\t<style>.elementor-element-aefac2e{display:none !important}<\/style>\t\t\t\t<\/div>\n\t\t\t\t<\/div>\n\t\t\t\t<div class=\"elementor-element elementor-element-556272b elementor-widget elementor-widget-image\" data-id=\"556272b\" data-element_type=\"widget\" data-e-type=\"widget\" data-widget_type=\"image.default\">\n\t\t\t\t<div class=\"elementor-widget-container\">\n\t\t\t\t\t\t\t\t\t\t\t\t\t\t\t<img decoding=\"async\" src=\"https:\/\/latinoccu.org\/wp-content\/uploads\/2023\/06\/TEENS-CHECKING-SPANISH.png\" title=\"\" alt=\"\" loading=\"lazy\" \/>\t\t\t\t\t\t\t\t\t\t\t\t\t\t\t<\/div>\n\t\t\t\t<\/div>\n\t\t\t\t\t<\/div>\n\t\t\t\t<\/div>\n\t\t\t\t<\/div>\n\t\t\t\t<\/div>","protected":false},"excerpt":{"rendered":"<p>Learn how to manage your money and get a head start on life. What You Need: Be a\u00a0Latino Credit\u00a0Union\u00a0member \u00a0 What You Get: A checking account with no monthly fees for members ages 13-18 At 18 the Youth Checking account becomes a Regular Checking account VISA\u00ae Debit chip card for purchases and ATM transactions worldwide [&hellip;]<\/p>\n","protected":false},"author":19,"featured_media":1460,"parent":1402,"menu_order":0,"comment_status":"closed","ping_status":"closed","template":"","meta":{"_acf_changed":false,"inline_featured_image":false,"footnotes":""},"page-structure":[21],"sidebar-content":[29,23,27],"class_list":["post-1459","page","type-page","status-publish","has-post-thumbnail","hentry","page-structure-has-sidebar","sidebar-content-compare-checking","sidebar-content-footer-join-today","sidebar-content-rates"],"acf":[],"yoast_head":"<!-- This site is optimized with the Yoast SEO plugin v27.2 - https:\/\/yoast.com\/product\/yoast-seo-wordpress\/ -->\n<title>Youth Checking - latinoccu.org<\/title>\n<meta name=\"robots\" content=\"index, follow, max-snippet:-1, max-image-preview:large, max-video-preview:-1\" \/>\n<link rel=\"canonical\" href=\"https:\/\/latinoccu.org\/es\/products-and-services\/checking\/for-teens-checking\/\" \/>\n<meta property=\"og:locale\" content=\"es_MX\" \/>\n<meta property=\"og:type\" content=\"article\" \/>\n<meta property=\"og:title\" content=\"Youth Checking - latinoccu.org\" \/>\n<meta property=\"og:description\" content=\"Learn how to manage your money and get a head start on life. What You Need: Be a\u00a0Latino Credit\u00a0Union\u00a0member \u00a0 What You Get: A checking account with no monthly fees for members ages 13-18 At 18 the Youth Checking account becomes a Regular Checking account VISA\u00ae Debit chip card for purchases and ATM transactions worldwide [&hellip;]\" \/>\n<meta property=\"og:url\" content=\"https:\/\/latinoccu.org\/es\/products-and-services\/checking\/for-teens-checking\/\" \/>\n<meta property=\"og:site_name\" content=\"latinoccu.org\" \/>\n<meta property=\"article:modified_time\" content=\"2026-02-11T00:30:23+00:00\" \/>\n<meta property=\"og:image\" content=\"https:\/\/latinoccu.org\/wp-content\/uploads\/2016\/09\/For-Teens-Checking-Product-Page-1.jpg\" \/>\n\t<meta property=\"og:image:width\" content=\"1500\" \/>\n\t<meta property=\"og:image:height\" content=\"450\" \/>\n\t<meta property=\"og:image:type\" content=\"image\/jpeg\" \/>\n<meta name=\"twitter:card\" content=\"summary_large_image\" \/>\n<meta name=\"twitter:label1\" content=\"Tiempo de lectura\" \/>\n\t<meta name=\"twitter:data1\" content=\"2 minutos\" \/>\n<script type=\"application\/ld+json\" class=\"yoast-schema-graph\">{\"@context\":\"https:\/\/schema.org\",\"@graph\":[{\"@type\":\"WebPage\",\"@id\":\"https:\/\/latinoccu.org\/products-and-services\/checking\/for-teens-checking\/\",\"url\":\"https:\/\/latinoccu.org\/products-and-services\/checking\/for-teens-checking\/\",\"name\":\"Youth Checking - latinoccu.org\",\"isPartOf\":{\"@id\":\"https:\/\/latinoccu.org\/#website\"},\"primaryImageOfPage\":{\"@id\":\"https:\/\/latinoccu.org\/products-and-services\/checking\/for-teens-checking\/#primaryimage\"},\"image\":{\"@id\":\"https:\/\/latinoccu.org\/products-and-services\/checking\/for-teens-checking\/#primaryimage\"},\"thumbnailUrl\":\"https:\/\/latinoccu.org\/wp-content\/uploads\/2016\/09\/For-Teens-Checking-Product-Page-1.jpg\",\"datePublished\":\"2016-09-01T12:50:46+00:00\",\"dateModified\":\"2026-02-11T00:30:23+00:00\",\"breadcrumb\":{\"@id\":\"https:\/\/latinoccu.org\/products-and-services\/checking\/for-teens-checking\/#breadcrumb\"},\"inLanguage\":\"es\",\"potentialAction\":[{\"@type\":\"ReadAction\",\"target\":[\"https:\/\/latinoccu.org\/products-and-services\/checking\/for-teens-checking\/\"]}]},{\"@type\":\"ImageObject\",\"inLanguage\":\"es\",\"@id\":\"https:\/\/latinoccu.org\/products-and-services\/checking\/for-teens-checking\/#primaryimage\",\"url\":\"https:\/\/latinoccu.org\/wp-content\/uploads\/2016\/09\/For-Teens-Checking-Product-Page-1.jpg\",\"contentUrl\":\"https:\/\/latinoccu.org\/wp-content\/uploads\/2016\/09\/For-Teens-Checking-Product-Page-1.jpg\",\"width\":1500,\"height\":450},{\"@type\":\"BreadcrumbList\",\"@id\":\"https:\/\/latinoccu.org\/products-and-services\/checking\/for-teens-checking\/#breadcrumb\",\"itemListElement\":[{\"@type\":\"ListItem\",\"position\":1,\"name\":\"Home\",\"item\":\"https:\/\/latinoccu.org\/\"},{\"@type\":\"ListItem\",\"position\":2,\"name\":\"Products and Services\",\"item\":\"https:\/\/latinoccu.org\/products-and-services\/\"},{\"@type\":\"ListItem\",\"position\":3,\"name\":\"Checking\",\"item\":\"https:\/\/latinoccu.org\/products-and-services\/checking\/\"},{\"@type\":\"ListItem\",\"position\":4,\"name\":\"Youth Checking\"}]},{\"@type\":\"WebSite\",\"@id\":\"https:\/\/latinoccu.org\/#website\",\"url\":\"https:\/\/latinoccu.org\/\",\"name\":\"latinoccu.org\",\"description\":\"\",\"potentialAction\":[{\"@type\":\"SearchAction\",\"target\":{\"@type\":\"EntryPoint\",\"urlTemplate\":\"https:\/\/latinoccu.org\/?s={search_term_string}\"},\"query-input\":{\"@type\":\"PropertyValueSpecification\",\"valueRequired\":true,\"valueName\":\"search_term_string\"}}],\"inLanguage\":\"es\"}]}<\/script>\n<!-- \/ Yoast SEO plugin. -->","yoast_head_json":{"title":"Youth Checking - latinoccu.org","robots":{"index":"index","follow":"follow","max-snippet":"max-snippet:-1","max-image-preview":"max-image-preview:large","max-video-preview":"max-video-preview:-1"},"canonical":"https:\/\/latinoccu.org\/es\/products-and-services\/checking\/for-teens-checking\/","og_locale":"es_MX","og_type":"article","og_title":"Youth Checking - latinoccu.org","og_description":"Learn how to manage your money and get a head start on life. What You Need: Be a\u00a0Latino Credit\u00a0Union\u00a0member \u00a0 What You Get: A checking account with no monthly fees for members ages 13-18 At 18 the Youth Checking account becomes a Regular Checking account VISA\u00ae Debit chip card for purchases and ATM transactions worldwide [&hellip;]","og_url":"https:\/\/latinoccu.org\/es\/products-and-services\/checking\/for-teens-checking\/","og_site_name":"latinoccu.org","article_modified_time":"2026-02-11T00:30:23+00:00","og_image":[{"width":1500,"height":450,"url":"https:\/\/latinoccu.org\/wp-content\/uploads\/2016\/09\/For-Teens-Checking-Product-Page-1.jpg","type":"image\/jpeg"}],"twitter_card":"summary_large_image","twitter_misc":{"Tiempo de lectura":"2 minutos"},"schema":{"@context":"https:\/\/schema.org","@graph":[{"@type":"WebPage","@id":"https:\/\/latinoccu.org\/products-and-services\/checking\/for-teens-checking\/","url":"https:\/\/latinoccu.org\/products-and-services\/checking\/for-teens-checking\/","name":"Youth Checking - latinoccu.org","isPartOf":{"@id":"https:\/\/latinoccu.org\/#website"},"primaryImageOfPage":{"@id":"https:\/\/latinoccu.org\/products-and-services\/checking\/for-teens-checking\/#primaryimage"},"image":{"@id":"https:\/\/latinoccu.org\/products-and-services\/checking\/for-teens-checking\/#primaryimage"},"thumbnailUrl":"https:\/\/latinoccu.org\/wp-content\/uploads\/2016\/09\/For-Teens-Checking-Product-Page-1.jpg","datePublished":"2016-09-01T12:50:46+00:00","dateModified":"2026-02-11T00:30:23+00:00","breadcrumb":{"@id":"https:\/\/latinoccu.org\/products-and-services\/checking\/for-teens-checking\/#breadcrumb"},"inLanguage":"es","potentialAction":[{"@type":"ReadAction","target":["https:\/\/latinoccu.org\/products-and-services\/checking\/for-teens-checking\/"]}]},{"@type":"ImageObject","inLanguage":"es","@id":"https:\/\/latinoccu.org\/products-and-services\/checking\/for-teens-checking\/#primaryimage","url":"https:\/\/latinoccu.org\/wp-content\/uploads\/2016\/09\/For-Teens-Checking-Product-Page-1.jpg","contentUrl":"https:\/\/latinoccu.org\/wp-content\/uploads\/2016\/09\/For-Teens-Checking-Product-Page-1.jpg","width":1500,"height":450},{"@type":"BreadcrumbList","@id":"https:\/\/latinoccu.org\/products-and-services\/checking\/for-teens-checking\/#breadcrumb","itemListElement":[{"@type":"ListItem","position":1,"name":"Home","item":"https:\/\/latinoccu.org\/"},{"@type":"ListItem","position":2,"name":"Products and Services","item":"https:\/\/latinoccu.org\/products-and-services\/"},{"@type":"ListItem","position":3,"name":"Checking","item":"https:\/\/latinoccu.org\/products-and-services\/checking\/"},{"@type":"ListItem","position":4,"name":"Youth Checking"}]},{"@type":"WebSite","@id":"https:\/\/latinoccu.org\/#website","url":"https:\/\/latinoccu.org\/","name":"latinoccu.org","description":"","potentialAction":[{"@type":"SearchAction","target":{"@type":"EntryPoint","urlTemplate":"https:\/\/latinoccu.org\/?s={search_term_string}"},"query-input":{"@type":"PropertyValueSpecification","valueRequired":true,"valueName":"search_term_string"}}],"inLanguage":"es"}]}},"_links":{"self":[{"href":"https:\/\/latinoccu.org\/es\/wp-json\/wp\/v2\/pages\/1459","targetHints":{"allow":["GET"]}}],"collection":[{"href":"https:\/\/latinoccu.org\/es\/wp-json\/wp\/v2\/pages"}],"about":[{"href":"https:\/\/latinoccu.org\/es\/wp-json\/wp\/v2\/types\/page"}],"author":[{"embeddable":true,"href":"https:\/\/latinoccu.org\/es\/wp-json\/wp\/v2\/users\/19"}],"replies":[{"embeddable":true,"href":"https:\/\/latinoccu.org\/es\/wp-json\/wp\/v2\/comments?post=1459"}],"version-history":[{"count":0,"href":"https:\/\/latinoccu.org\/es\/wp-json\/wp\/v2\/pages\/1459\/revisions"}],"up":[{"embeddable":true,"href":"https:\/\/latinoccu.org\/es\/wp-json\/wp\/v2\/pages\/1402"}],"wp:featuredmedia":[{"embeddable":true,"href":"https:\/\/latinoccu.org\/es\/wp-json\/wp\/v2\/media\/1460"}],"wp:attachment":[{"href":"https:\/\/latinoccu.org\/es\/wp-json\/wp\/v2\/media?parent=1459"}],"wp:term":[{"taxonomy":"page-structure","embeddable":true,"href":"https:\/\/latinoccu.org\/es\/wp-json\/wp\/v2\/page-structure?post=1459"},{"taxonomy":"sidebar-content","embeddable":true,"href":"https:\/\/latinoccu.org\/es\/wp-json\/wp\/v2\/sidebar-content?post=1459"}],"curies":[{"name":"wp","href":"https:\/\/api.w.org\/{rel}","templated":true}]}}