{"id":1415,"date":"2016-08-31T15:52:44","date_gmt":"2016-08-31T19:52:44","guid":{"rendered":"http:\/\/latinoccu.org\/?page_id=1415"},"modified":"2026-02-09T17:48:56","modified_gmt":"2026-02-09T17:48:56","slug":"checking-account","status":"publish","type":"page","link":"https:\/\/latinoccu.org\/es\/products-and-services\/checking\/checking-account\/","title":{"rendered":"Cuenta Corriente"},"content":{"rendered":"<div data-elementor-type=\"wp-page\" data-elementor-id=\"1415\" class=\"elementor elementor-1415\" data-elementor-post-type=\"page\">\n\t\t\t\t<div class=\"elementor-element elementor-element-5220e512 e-con-full cmp cmp-basic-text e-flex e-con e-parent\" data-id=\"5220e512\" data-element_type=\"container\" data-e-type=\"container\">\n\t\t<div class=\"elementor-element elementor-element-62996e64 e-flex e-con-boxed e-con e-child\" data-id=\"62996e64\" data-element_type=\"container\" data-e-type=\"container\">\n\t\t\t\t\t<div class=\"e-con-inner\">\n\t\t\t\t<div class=\"elementor-element elementor-element-8afbc94 elementor-widget elementor-widget-heading\" data-id=\"8afbc94\" data-element_type=\"widget\" data-e-type=\"widget\" data-widget_type=\"heading.default\">\n\t\t\t\t<div class=\"elementor-widget-container\">\n\t\t\t\t\t<h2 class=\"elementor-heading-title elementor-size-default\">Con nuestra cuenta corriente disfrutar\u00e1s de una versatilidad que paga.\n<\/h2>\t\t\t\t<\/div>\n\t\t\t\t<\/div>\n\t\t\t\t<div class=\"elementor-element elementor-element-184b90af elementor-widget elementor-widget-text-editor\" data-id=\"184b90af\" data-element_type=\"widget\" data-e-type=\"widget\" data-widget_type=\"text-editor.default\">\n\t\t\t\t<div class=\"elementor-widget-container\">\n\t\t\t\t\t\t\t\t\t<p>Lo que necesitas:<\/p><ul><li>Saldo m\u00ednimo para evitar cuota de manejo: $250<\/li><li>Ser socio de la Cooperativa Latina<\/li><\/ul><p>Lo que recibes:<\/p><ul><li>Tarjeta de d\u00e9bito VISA\u00ae con chip para compras y transacciones en cajeros autom\u00e1ticos a nivel internacional, con opci\u00f3n de <a href=\"https:\/\/usa.visa.com\/pay-with-visa\/contactless-payments\/contactless-payments.html\" target=\"_blank\" rel=\"noopener\">Tap to Pay<\/a> , pago sin contacto, para compras r\u00e1pidas, f\u00e1ciles y seguras<\/li><li>Cero responsabilidad contra transacciones fraudulentas<\/li><li class=\"translation-block\">Tasas de inter\u00e9s competitivas<\/li><li>$2 por protecci\u00f3n de sobregiro<\/li><li>Posibilidad de recibir tus estados de cuenta de forma electr\u00f3nica<\/li><li><span style=\"font-weight: 400;\">Acceso gratuito a nivel nacional a la <a href=\"https:\/\/latinoccu.org\/es\/atms\/\">red de cajeros autom\u00e1ticos de CO-OP<\/a>. Bajos cargos por el uso de cajeros autom\u00e1ticos fuera de la red.<\/span><\/li><li>Tu dinero est\u00e1 asegurado federalmente hasta $250,000 por la NCUA<\/li><li>50 cheques electr\u00f3nicos procesados gratuitamente al mes  (Despu\u00e9s de los primeros 50, cada cheque tendr\u00e1 un costo de $1.00)<\/li><li>Im\u00e1genes electr\u00f3nicas de los cheques procesados disponibles en l\u00ednea<\/li><li>Maneja tu cuenta en l\u00ednea desde cualquier parte con nuestros servicios electr\u00f3nicos. <a href=\"\/es\/products-and-services\/other-services\/electronic-services\/\">Haz clic aqu\u00ed<\/a> para m\u00e1s detalles.<\/li><\/ul>\t\t\t\t\t\t\t\t<\/div>\n\t\t\t\t<\/div>\n\t\t\t\t\t<\/div>\n\t\t\t\t<\/div>\n\t\t\t\t<\/div>\n\t\t<div class=\"elementor-element elementor-element-37560dd0 cmp cmp-accord-plus e-flex e-con-boxed e-con e-parent\" data-id=\"37560dd0\" data-element_type=\"container\" data-e-type=\"container\" data-settings=\"{&quot;background_background&quot;:&quot;classic&quot;}\">\n\t\t\t\t\t<div class=\"e-con-inner\">\n\t\t\t\t<div class=\"elementor-element elementor-element-19ca5b7f elementor-widget elementor-widget-pp-advanced-accordion\" data-id=\"19ca5b7f\" data-element_type=\"widget\" data-e-type=\"widget\" data-settings=\"{&quot;accordion_type&quot;:&quot;accordion&quot;,&quot;toggle_speed&quot;:300}\" data-widget_type=\"pp-advanced-accordion.default\">\n\t\t\t\t<div class=\"elementor-widget-container\">\n\t\t\t\t\t\t\t<div class=\"pp-advanced-accordion pp-toggle-icon-align-right\" id=\"pp-advanced-accordion-19ca5b7f\" data-accordion-id=\"19ca5b7f\" role=\"tablist\">\n\t\t\t\t\t\t\t<div class=\"pp-accordion-item\">\n\t\t\t\t\t\t\t\t\t\t<div id=\"pp-accordion-tab-title-4321\" class=\"pp-accordion-tab-title\" tabindex=\"0\" data-tab=\"1\" role=\"tab\" aria-controls=\"pp-accordion-tab-content-4321\" aria-expanded=\"false\">\n\t\t\t\t\t\t<span class=\"pp-accordion-title-icon\">\n\t\t\t\t\t\t\t\t\t\t\t\t\t\t<span class=\"pp-accordion-title-text\">\n\t\t\t\t\t\t\t\tLetra peque\u00f1a <div class=\"accord-sub\">Detalles Importantes<\/div>\t\t\t\t\t\t\t<\/span>\n\t\t\t\t\t\t<\/span>\n\t\t\t\t\t\t\t\t\t\t\t\t\t<div class=\"pp-accordion-toggle-icon\">\n\t\t\t\t\t\t\t\t\t\t\t\t\t\t\t\t\t<span class='pp-accordion-toggle-icon-close pp-icon'>\n\t\t\t\t\t\t\t\t\t\t<i aria-hidden=\"true\" class=\"fas fa-angle-up\"><\/i>\t\t\t\t\t\t\t\t\t<\/span>\n\t\t\t\t\t\t\t\t\t\t\t\t\t\t\t\t\t\t\t\t\t\t\t\t\t<span class='pp-accordion-toggle-icon-open pp-icon'>\n\t\t\t\t\t\t\t\t\t\t<i aria-hidden=\"true\" class=\"fas fa-angle-down\"><\/i>\t\t\t\t\t\t\t\t\t<\/span>\n\t\t\t\t\t\t\t\t\t\t\t\t\t\t\t<\/div>\n\t\t\t\t\t\t\t\t\t\t\t<\/div>\n\n\t\t\t\t\t<div id=\"pp-accordion-tab-content-4321\" class=\"pp-accordion-tab-content\" data-tab=\"1\" role=\"tabpanel\" aria-labelledby=\"pp-accordion-tab-title-4321\">\n\t\t\t\t\t\t<ul><li>Balance m\u00ednimo de $250 para evitar un cargo mensual de $2. Visita nuestro listado de tarifas para informaci\u00f3n detallada de los cargos asociados con esta cuenta<\/li><li>** Se har\u00e1 un cobro de 75 centavos por transacci\u00f3n completada y 35 centavos por transacci\u00f3n incompleta realizada en cualquier cajero autom\u00e1tico fuera de nuestra<\/li><\/ul><p><a class=\"accord-link\" href=\"\/es\/rules-regulations\/\">M\u00e1s Informaci\u00f3n<\/a><\/p>\t\t\t\t\t<\/div>\n\t\t\t\t<\/div>\n\t\t\t\t\t<\/div>\n\t\t\t\t\t\t<\/div>\n\t\t\t\t<\/div>\n\t\t\t\t\t<\/div>\n\t\t\t\t<\/div>\n\t\t<div class=\"elementor-element elementor-element-061121c e-con-full cmp cmp-basic-text e-flex e-con e-parent\" data-id=\"061121c\" data-element_type=\"container\" data-e-type=\"container\">\n\t\t<div class=\"elementor-element elementor-element-07d4afa e-flex e-con-boxed e-con e-child\" data-id=\"07d4afa\" data-element_type=\"container\" data-e-type=\"container\">\n\t\t\t\t\t<div class=\"e-con-inner\">\n\t\t\t\t<div class=\"elementor-element elementor-element-4277b08 elementor-widget elementor-widget-heading\" data-id=\"4277b08\" data-element_type=\"widget\" data-e-type=\"widget\" data-widget_type=\"heading.default\">\n\t\t\t\t<div class=\"elementor-widget-container\">\n\t\t\t\t\t<h2 class=\"elementor-heading-title elementor-size-default\">\u00a1Te pagamos m\u00e1s!\n<\/h2>\t\t\t\t<\/div>\n\t\t\t\t<\/div>\n\t\t\t\t<div class=\"elementor-element elementor-element-6431424 elementor-widget elementor-widget-text-editor\" data-id=\"6431424\" data-element_type=\"widget\" data-e-type=\"widget\" data-widget_type=\"text-editor.default\">\n\t\t\t\t<div class=\"elementor-widget-container\">\n\t\t\t\t\t\t\t\t\t<p>Con tasas de inter\u00e9s m\u00e1s altas y tarifas m\u00e1s bajas. \u00bfPor qu\u00e9 esperar? Descubre el ahorro que s\u00f3lo la Cooperativa Latina puede ofrecerte.<\/p>\t\t\t\t\t\t\t\t<\/div>\n\t\t\t\t<\/div>\n\t\t\t\t\t<\/div>\n\t\t\t\t<\/div>\n\t\t\t\t<\/div>\n\t\t\t\t<\/div>","protected":false},"excerpt":{"rendered":"<p>Open a checking account and you\u2019ll enjoy versatility that pays! What You Need: Free checking with a minimum daily balance of $250 Be a Latino Credit Union member What You Get: VISA\u00ae Debit chip card for purchases and ATM transactions worldwide with Tap to Pay for fast, easy and secure checkout Zero liability with fraudulent [&hellip;]<\/p>\n","protected":false},"author":19,"featured_media":1408,"parent":1402,"menu_order":0,"comment_status":"closed","ping_status":"closed","template":"","meta":{"_acf_changed":false,"inline_featured_image":false,"footnotes":""},"page-structure":[21],"sidebar-content":[29,23,27],"class_list":["post-1415","page","type-page","status-publish","has-post-thumbnail","hentry","page-structure-has-sidebar","sidebar-content-compare-checking","sidebar-content-footer-join-today","sidebar-content-rates"],"acf":[],"yoast_head":"<!-- This site is optimized with the Yoast SEO plugin v27.2 - https:\/\/yoast.com\/product\/yoast-seo-wordpress\/ -->\n<title>Checking Account - latinoccu.org<\/title>\n<meta name=\"robots\" content=\"index, follow, max-snippet:-1, max-image-preview:large, max-video-preview:-1\" \/>\n<link rel=\"canonical\" href=\"https:\/\/latinoccu.org\/es\/products-and-services\/checking\/checking-account\/\" \/>\n<meta property=\"og:locale\" content=\"es_MX\" \/>\n<meta property=\"og:type\" content=\"article\" \/>\n<meta property=\"og:title\" content=\"Checking Account - latinoccu.org\" \/>\n<meta property=\"og:description\" content=\"Open a checking account and you\u2019ll enjoy versatility that pays! What You Need: Free checking with a minimum daily balance of $250 Be a Latino Credit Union member What You Get: VISA\u00ae Debit chip card for purchases and ATM transactions worldwide with Tap to Pay for fast, easy and secure checkout Zero liability with fraudulent [&hellip;]\" \/>\n<meta property=\"og:url\" content=\"https:\/\/latinoccu.org\/es\/products-and-services\/checking\/checking-account\/\" \/>\n<meta property=\"og:site_name\" content=\"latinoccu.org\" \/>\n<meta property=\"article:modified_time\" content=\"2026-02-09T17:48:56+00:00\" \/>\n<meta property=\"og:image\" content=\"https:\/\/latinoccu.org\/wp-content\/uploads\/2016\/07\/Regular-Checking-Product-Page-1.jpg\" \/>\n\t<meta property=\"og:image:width\" content=\"1500\" \/>\n\t<meta property=\"og:image:height\" content=\"450\" \/>\n\t<meta property=\"og:image:type\" content=\"image\/jpeg\" \/>\n<meta name=\"twitter:card\" content=\"summary_large_image\" \/>\n<meta name=\"twitter:label1\" content=\"Tiempo de lectura\" \/>\n\t<meta name=\"twitter:data1\" content=\"1 minuto\" \/>\n<script type=\"application\/ld+json\" class=\"yoast-schema-graph\">{\"@context\":\"https:\/\/schema.org\",\"@graph\":[{\"@type\":\"WebPage\",\"@id\":\"https:\/\/latinoccu.org\/products-and-services\/checking\/checking-account\/\",\"url\":\"https:\/\/latinoccu.org\/products-and-services\/checking\/checking-account\/\",\"name\":\"Checking Account - latinoccu.org\",\"isPartOf\":{\"@id\":\"https:\/\/latinoccu.org\/#website\"},\"primaryImageOfPage\":{\"@id\":\"https:\/\/latinoccu.org\/products-and-services\/checking\/checking-account\/#primaryimage\"},\"image\":{\"@id\":\"https:\/\/latinoccu.org\/products-and-services\/checking\/checking-account\/#primaryimage\"},\"thumbnailUrl\":\"https:\/\/latinoccu.org\/wp-content\/uploads\/2016\/07\/Regular-Checking-Product-Page-1.jpg\",\"datePublished\":\"2016-08-31T19:52:44+00:00\",\"dateModified\":\"2026-02-09T17:48:56+00:00\",\"breadcrumb\":{\"@id\":\"https:\/\/latinoccu.org\/products-and-services\/checking\/checking-account\/#breadcrumb\"},\"inLanguage\":\"es\",\"potentialAction\":[{\"@type\":\"ReadAction\",\"target\":[\"https:\/\/latinoccu.org\/products-and-services\/checking\/checking-account\/\"]}]},{\"@type\":\"ImageObject\",\"inLanguage\":\"es\",\"@id\":\"https:\/\/latinoccu.org\/products-and-services\/checking\/checking-account\/#primaryimage\",\"url\":\"https:\/\/latinoccu.org\/wp-content\/uploads\/2016\/07\/Regular-Checking-Product-Page-1.jpg\",\"contentUrl\":\"https:\/\/latinoccu.org\/wp-content\/uploads\/2016\/07\/Regular-Checking-Product-Page-1.jpg\",\"width\":1500,\"height\":450},{\"@type\":\"BreadcrumbList\",\"@id\":\"https:\/\/latinoccu.org\/products-and-services\/checking\/checking-account\/#breadcrumb\",\"itemListElement\":[{\"@type\":\"ListItem\",\"position\":1,\"name\":\"Home\",\"item\":\"https:\/\/latinoccu.org\/\"},{\"@type\":\"ListItem\",\"position\":2,\"name\":\"Products and Services\",\"item\":\"https:\/\/latinoccu.org\/products-and-services\/\"},{\"@type\":\"ListItem\",\"position\":3,\"name\":\"Checking\",\"item\":\"https:\/\/latinoccu.org\/products-and-services\/checking\/\"},{\"@type\":\"ListItem\",\"position\":4,\"name\":\"Checking Account\"}]},{\"@type\":\"WebSite\",\"@id\":\"https:\/\/latinoccu.org\/#website\",\"url\":\"https:\/\/latinoccu.org\/\",\"name\":\"latinoccu.org\",\"description\":\"\",\"potentialAction\":[{\"@type\":\"SearchAction\",\"target\":{\"@type\":\"EntryPoint\",\"urlTemplate\":\"https:\/\/latinoccu.org\/?s={search_term_string}\"},\"query-input\":{\"@type\":\"PropertyValueSpecification\",\"valueRequired\":true,\"valueName\":\"search_term_string\"}}],\"inLanguage\":\"es\"}]}<\/script>\n<!-- \/ Yoast SEO plugin. -->","yoast_head_json":{"title":"Checking Account - latinoccu.org","robots":{"index":"index","follow":"follow","max-snippet":"max-snippet:-1","max-image-preview":"max-image-preview:large","max-video-preview":"max-video-preview:-1"},"canonical":"https:\/\/latinoccu.org\/es\/products-and-services\/checking\/checking-account\/","og_locale":"es_MX","og_type":"article","og_title":"Checking Account - latinoccu.org","og_description":"Open a checking account and you\u2019ll enjoy versatility that pays! What You Need: Free checking with a minimum daily balance of $250 Be a Latino Credit Union member What You Get: VISA\u00ae Debit chip card for purchases and ATM transactions worldwide with Tap to Pay for fast, easy and secure checkout Zero liability with fraudulent [&hellip;]","og_url":"https:\/\/latinoccu.org\/es\/products-and-services\/checking\/checking-account\/","og_site_name":"latinoccu.org","article_modified_time":"2026-02-09T17:48:56+00:00","og_image":[{"width":1500,"height":450,"url":"https:\/\/latinoccu.org\/wp-content\/uploads\/2016\/07\/Regular-Checking-Product-Page-1.jpg","type":"image\/jpeg"}],"twitter_card":"summary_large_image","twitter_misc":{"Tiempo de lectura":"1 minuto"},"schema":{"@context":"https:\/\/schema.org","@graph":[{"@type":"WebPage","@id":"https:\/\/latinoccu.org\/products-and-services\/checking\/checking-account\/","url":"https:\/\/latinoccu.org\/products-and-services\/checking\/checking-account\/","name":"Checking Account - latinoccu.org","isPartOf":{"@id":"https:\/\/latinoccu.org\/#website"},"primaryImageOfPage":{"@id":"https:\/\/latinoccu.org\/products-and-services\/checking\/checking-account\/#primaryimage"},"image":{"@id":"https:\/\/latinoccu.org\/products-and-services\/checking\/checking-account\/#primaryimage"},"thumbnailUrl":"https:\/\/latinoccu.org\/wp-content\/uploads\/2016\/07\/Regular-Checking-Product-Page-1.jpg","datePublished":"2016-08-31T19:52:44+00:00","dateModified":"2026-02-09T17:48:56+00:00","breadcrumb":{"@id":"https:\/\/latinoccu.org\/products-and-services\/checking\/checking-account\/#breadcrumb"},"inLanguage":"es","potentialAction":[{"@type":"ReadAction","target":["https:\/\/latinoccu.org\/products-and-services\/checking\/checking-account\/"]}]},{"@type":"ImageObject","inLanguage":"es","@id":"https:\/\/latinoccu.org\/products-and-services\/checking\/checking-account\/#primaryimage","url":"https:\/\/latinoccu.org\/wp-content\/uploads\/2016\/07\/Regular-Checking-Product-Page-1.jpg","contentUrl":"https:\/\/latinoccu.org\/wp-content\/uploads\/2016\/07\/Regular-Checking-Product-Page-1.jpg","width":1500,"height":450},{"@type":"BreadcrumbList","@id":"https:\/\/latinoccu.org\/products-and-services\/checking\/checking-account\/#breadcrumb","itemListElement":[{"@type":"ListItem","position":1,"name":"Home","item":"https:\/\/latinoccu.org\/"},{"@type":"ListItem","position":2,"name":"Products and Services","item":"https:\/\/latinoccu.org\/products-and-services\/"},{"@type":"ListItem","position":3,"name":"Checking","item":"https:\/\/latinoccu.org\/products-and-services\/checking\/"},{"@type":"ListItem","position":4,"name":"Checking Account"}]},{"@type":"WebSite","@id":"https:\/\/latinoccu.org\/#website","url":"https:\/\/latinoccu.org\/","name":"latinoccu.org","description":"","potentialAction":[{"@type":"SearchAction","target":{"@type":"EntryPoint","urlTemplate":"https:\/\/latinoccu.org\/?s={search_term_string}"},"query-input":{"@type":"PropertyValueSpecification","valueRequired":true,"valueName":"search_term_string"}}],"inLanguage":"es"}]}},"_links":{"self":[{"href":"https:\/\/latinoccu.org\/es\/wp-json\/wp\/v2\/pages\/1415","targetHints":{"allow":["GET"]}}],"collection":[{"href":"https:\/\/latinoccu.org\/es\/wp-json\/wp\/v2\/pages"}],"about":[{"href":"https:\/\/latinoccu.org\/es\/wp-json\/wp\/v2\/types\/page"}],"author":[{"embeddable":true,"href":"https:\/\/latinoccu.org\/es\/wp-json\/wp\/v2\/users\/19"}],"replies":[{"embeddable":true,"href":"https:\/\/latinoccu.org\/es\/wp-json\/wp\/v2\/comments?post=1415"}],"version-history":[{"count":0,"href":"https:\/\/latinoccu.org\/es\/wp-json\/wp\/v2\/pages\/1415\/revisions"}],"up":[{"embeddable":true,"href":"https:\/\/latinoccu.org\/es\/wp-json\/wp\/v2\/pages\/1402"}],"wp:featuredmedia":[{"embeddable":true,"href":"https:\/\/latinoccu.org\/es\/wp-json\/wp\/v2\/media\/1408"}],"wp:attachment":[{"href":"https:\/\/latinoccu.org\/es\/wp-json\/wp\/v2\/media?parent=1415"}],"wp:term":[{"taxonomy":"page-structure","embeddable":true,"href":"https:\/\/latinoccu.org\/es\/wp-json\/wp\/v2\/page-structure?post=1415"},{"taxonomy":"sidebar-content","embeddable":true,"href":"https:\/\/latinoccu.org\/es\/wp-json\/wp\/v2\/sidebar-content?post=1415"}],"curies":[{"name":"wp","href":"https:\/\/api.w.org\/{rel}","templated":true}]}}