{"id":14100,"date":"2020-07-29T10:37:43","date_gmt":"2020-07-29T14:37:43","guid":{"rendered":"http:\/\/latinoccu.org\/?page_id=14100"},"modified":"2024-09-06T02:07:35","modified_gmt":"2024-09-06T02:07:35","slug":"term-of-use","status":"publish","type":"page","link":"https:\/\/latinoccu.org\/es\/term-of-use\/","title":{"rendered":"Informaci\u00f3n sobre nuestros avisos legales"},"content":{"rendered":"<div data-elementor-type=\"wp-page\" data-elementor-id=\"14100\" class=\"elementor elementor-14100\" data-elementor-post-type=\"page\">\n\t\t\t\t<div class=\"elementor-element elementor-element-dece21d cmp e-flex e-con-boxed e-con e-parent\" data-id=\"dece21d\" data-element_type=\"container\" data-e-type=\"container\">\n\t\t\t\t\t<div class=\"e-con-inner\">\n\t\t<div class=\"elementor-element elementor-element-27d934bc e-con-full e-flex e-con e-child\" data-id=\"27d934bc\" data-element_type=\"container\" data-e-type=\"container\" data-settings=\"{&quot;background_background&quot;:&quot;classic&quot;}\">\n\t\t<div class=\"elementor-element elementor-element-44839876 e-con-full e-flex e-con e-child\" data-id=\"44839876\" data-element_type=\"container\" data-e-type=\"container\" data-settings=\"{&quot;background_background&quot;:&quot;classic&quot;}\">\n\t\t\t\t<div class=\"elementor-element elementor-element-69810505 elementor-widget elementor-widget-heading\" data-id=\"69810505\" data-element_type=\"widget\" data-e-type=\"widget\" data-widget_type=\"heading.default\">\n\t\t\t\t<div class=\"elementor-widget-container\">\n\t\t\t\t\t<h1 class=\"elementor-heading-title elementor-size-default\">Informaci\u00f3n sobre nuestros avisos legales<\/h1>\t\t\t\t<\/div>\n\t\t\t\t<\/div>\n\t\t\t\t<div class=\"elementor-element elementor-element-6b2c30e elementor-widget elementor-widget-text-editor\" data-id=\"6b2c30e\" data-element_type=\"widget\" data-e-type=\"widget\" data-widget_type=\"text-editor.default\">\n\t\t\t\t<div class=\"elementor-widget-container\">\n\t\t\t\t\t\t\t\t\t<p style=\"font-weight: 400;\">Para tu conveniencia, te proporcionamos acceso digital a documentos legales importantes. Estos recursos garantizan que est\u00e9s informado y seas consciente de los t\u00e9rminos y pol\u00edticas que se aplican a tus cuentas y servicios de la Cooperativa Latina. Para consultar cualquiera de estos documentos, s\u00f3lo tiene que seleccionarlos de la siguiente lista:<\/p><ul><li style=\"font-weight: 400;\"><a href=\"https:\/\/latinoccu.org\/wp-content\/uploads\/2024\/09\/Terms-of-Use.pdf\">T\u00e9rminos de Uso<\/a>: Revisa los t\u00e9rminos y condiciones generales que gobiernan el uso de nuestros servicios y p\u00e1gina web.<\/li><li style=\"font-weight: 400;\"><a href=\"https:\/\/latinoccu.org\/wp-content\/uploads\/2024\/09\/Online-Services-Agreement.pdf\">Acuerdo de Servicios en L\u00ednea<\/a>: Conoce los t\u00e9rminos que se aplican a tu uso de los servicios en l\u00ednea de la Cooperativa Latina, incluyendo LatinoConnect y el acceso m\u00f3vil.<\/li><li style=\"font-weight: 400;\"><a href=\"https:\/\/latinoccu.org\/wp-content\/uploads\/2024\/09\/E-Sign-Agreement.pdf\">Acuerdo de Firma Electr\u00f3nica<\/a>: Conoce tus derechos y responsabilidades al aceptar recibir comunicaciones y documentos electr\u00f3nicos de la Cooperativa Latina.<\/li><li style=\"font-weight: 400;\"><a href=\"https:\/\/latinoccu.org\/wp-content\/uploads\/2024\/09\/Excessive-Expenditure-Policy.pdf\">Pol\u00edtica de Gastos Excesivos<\/a>: Consulta nuestra pol\u00edtica de administraci\u00f3n de gastos excesivos para mantener la responsabilidad financiera y la salud de tu cuenta.<\/li><\/ul>\t\t\t\t\t\t\t\t<\/div>\n\t\t\t\t<\/div>\n\t\t\t\t<\/div>\n\t\t\t\t<\/div>\n\t\t<div class=\"elementor-element elementor-element-9f4c9aa e-con-full e-flex e-con e-child\" data-id=\"9f4c9aa\" data-element_type=\"container\" data-e-type=\"container\" data-settings=\"{&quot;background_background&quot;:&quot;classic&quot;}\">\n\t\t<div data-dce-background-image-url=\"https:\/\/latinoccu.org\/wp-content\/uploads\/2023\/06\/sidebar-component-wave-1.png\" class=\"elementor-element elementor-element-7f79d774 e-flex e-con-boxed e-con e-child\" data-id=\"7f79d774\" data-element_type=\"container\" data-e-type=\"container\" data-settings=\"{&quot;background_background&quot;:&quot;classic&quot;}\">\n\t\t\t\t\t<div class=\"e-con-inner\">\n\t\t<div class=\"elementor-element elementor-element-4d69066a e-flex e-con-boxed e-con e-child\" data-id=\"4d69066a\" data-element_type=\"container\" data-e-type=\"container\" data-settings=\"{&quot;background_background&quot;:&quot;classic&quot;}\">\n\t\t\t\t\t<div class=\"e-con-inner\">\n\t\t\t\t<div class=\"elementor-element elementor-element-6a4e2b75 elementor-widget elementor-widget-heading\" data-id=\"6a4e2b75\" data-element_type=\"widget\" data-e-type=\"widget\" data-widget_type=\"heading.default\">\n\t\t\t\t<div class=\"elementor-widget-container\">\n\t\t\t\t\t<h2 class=\"elementor-heading-title elementor-size-default\">Enlaces r\u00e1pidos\n<\/h2>\t\t\t\t<\/div>\n\t\t\t\t<\/div>\n\t\t\t\t<div class=\"elementor-element elementor-element-189e6ee8 elementor-widget elementor-widget-heading\" data-id=\"189e6ee8\" data-element_type=\"widget\" data-e-type=\"widget\" data-widget_type=\"heading.default\">\n\t\t\t\t<div class=\"elementor-widget-container\">\n\t\t\t\t\t<div class=\"elementor-heading-title elementor-size-default\"><a href=\"\/es\/rates\/\">Tasas de inter\u00e9s<\/a><\/div>\t\t\t\t<\/div>\n\t\t\t\t<\/div>\n\t\t\t\t<div class=\"elementor-element elementor-element-75899244 elementor-widget elementor-widget-heading\" data-id=\"75899244\" data-element_type=\"widget\" data-e-type=\"widget\" data-widget_type=\"heading.default\">\n\t\t\t\t<div class=\"elementor-widget-container\">\n\t\t\t\t\t<div class=\"elementor-heading-title elementor-size-default\"><a href=\"\/es\/fees\/\">Tarifas &gt;<\/a><\/div>\t\t\t\t<\/div>\n\t\t\t\t<\/div>\n\t\t\t\t<div class=\"elementor-element elementor-element-4152ffe2 elementor-widget elementor-widget-heading\" data-id=\"4152ffe2\" data-element_type=\"widget\" data-e-type=\"widget\" data-widget_type=\"heading.default\">\n\t\t\t\t<div class=\"elementor-widget-container\">\n\t\t\t\t\t<div class=\"elementor-heading-title elementor-size-default\"><a href=\"\/es\/rules-regulations\/\">Normas y Regulaciones &gt;<\/a><\/div>\t\t\t\t<\/div>\n\t\t\t\t<\/div>\n\t\t\t\t<div class=\"elementor-element elementor-element-465f08cb elementor-widget elementor-widget-heading\" data-id=\"465f08cb\" data-element_type=\"widget\" data-e-type=\"widget\" data-widget_type=\"heading.default\">\n\t\t\t\t<div class=\"elementor-widget-container\">\n\t\t\t\t\t<div class=\"elementor-heading-title elementor-size-default\"><a href=\"https:\/\/latinoccu.org\/es\/term-of-use\/privacy-notice\/\">Pol\u00edtica de Privacidad &gt;<\/a><\/div>\t\t\t\t<\/div>\n\t\t\t\t<\/div>\n\t\t\t\t\t<\/div>\n\t\t\t\t<\/div>\n\t\t\t\t\t<\/div>\n\t\t\t\t<\/div>\n\t\t\t\t<\/div>\n\t\t\t\t\t<\/div>\n\t\t\t\t<\/div>\n\t\t\t\t<\/div>","protected":false},"excerpt":{"rendered":"<p>For your convenience, we provide digital access to key legal documents. These resources ensure you are informed and aware of the terms and policies that apply to your LCCU accounts and services. To review any of these documents, simply select from the list below: Terms of Use:\u00a0Review the general terms and conditions governing your use [&hellip;]<\/p>\n","protected":false},"author":9,"featured_media":0,"parent":0,"menu_order":0,"comment_status":"closed","ping_status":"closed","template":"","meta":{"_acf_changed":false,"inline_featured_image":false,"footnotes":""},"page-structure":[73],"sidebar-content":[],"class_list":["post-14100","page","type-page","status-publish","hentry","page-structure-no-featured-image"],"acf":[],"yoast_head":"<!-- This site is optimized with the Yoast SEO plugin v27.2 - https:\/\/yoast.com\/product\/yoast-seo-wordpress\/ -->\n<title>Legal Information - latinoccu.org<\/title>\n<meta name=\"robots\" content=\"index, follow, max-snippet:-1, max-image-preview:large, max-video-preview:-1\" \/>\n<link rel=\"canonical\" href=\"https:\/\/latinoccu.org\/es\/term-of-use\/\" \/>\n<meta property=\"og:locale\" content=\"es_MX\" \/>\n<meta property=\"og:type\" content=\"article\" \/>\n<meta property=\"og:title\" content=\"Legal Information - latinoccu.org\" \/>\n<meta property=\"og:description\" content=\"For your convenience, we provide digital access to key legal documents. These resources ensure you are informed and aware of the terms and policies that apply to your LCCU accounts and services. To review any of these documents, simply select from the list below: Terms of Use:\u00a0Review the general terms and conditions governing your use [&hellip;]\" \/>\n<meta property=\"og:url\" content=\"https:\/\/latinoccu.org\/es\/term-of-use\/\" \/>\n<meta property=\"og:site_name\" content=\"latinoccu.org\" \/>\n<meta property=\"article:modified_time\" content=\"2024-09-06T02:07:35+00:00\" \/>\n<meta name=\"twitter:card\" content=\"summary_large_image\" \/>\n<meta name=\"twitter:label1\" content=\"Tiempo de lectura\" \/>\n\t<meta name=\"twitter:data1\" content=\"1 minuto\" \/>\n<script type=\"application\/ld+json\" class=\"yoast-schema-graph\">{\"@context\":\"https:\/\/schema.org\",\"@graph\":[{\"@type\":\"WebPage\",\"@id\":\"https:\/\/latinoccu.org\/term-of-use\/\",\"url\":\"https:\/\/latinoccu.org\/term-of-use\/\",\"name\":\"Legal Information - latinoccu.org\",\"isPartOf\":{\"@id\":\"https:\/\/latinoccu.org\/#website\"},\"datePublished\":\"2020-07-29T14:37:43+00:00\",\"dateModified\":\"2024-09-06T02:07:35+00:00\",\"breadcrumb\":{\"@id\":\"https:\/\/latinoccu.org\/term-of-use\/#breadcrumb\"},\"inLanguage\":\"es\",\"potentialAction\":[{\"@type\":\"ReadAction\",\"target\":[\"https:\/\/latinoccu.org\/term-of-use\/\"]}]},{\"@type\":\"BreadcrumbList\",\"@id\":\"https:\/\/latinoccu.org\/term-of-use\/#breadcrumb\",\"itemListElement\":[{\"@type\":\"ListItem\",\"position\":1,\"name\":\"Home\",\"item\":\"https:\/\/latinoccu.org\/\"},{\"@type\":\"ListItem\",\"position\":2,\"name\":\"Legal Information\"}]},{\"@type\":\"WebSite\",\"@id\":\"https:\/\/latinoccu.org\/#website\",\"url\":\"https:\/\/latinoccu.org\/\",\"name\":\"latinoccu.org\",\"description\":\"\",\"potentialAction\":[{\"@type\":\"SearchAction\",\"target\":{\"@type\":\"EntryPoint\",\"urlTemplate\":\"https:\/\/latinoccu.org\/?s={search_term_string}\"},\"query-input\":{\"@type\":\"PropertyValueSpecification\",\"valueRequired\":true,\"valueName\":\"search_term_string\"}}],\"inLanguage\":\"es\"}]}<\/script>\n<!-- \/ Yoast SEO plugin. -->","yoast_head_json":{"title":"Legal Information - latinoccu.org","robots":{"index":"index","follow":"follow","max-snippet":"max-snippet:-1","max-image-preview":"max-image-preview:large","max-video-preview":"max-video-preview:-1"},"canonical":"https:\/\/latinoccu.org\/es\/term-of-use\/","og_locale":"es_MX","og_type":"article","og_title":"Legal Information - latinoccu.org","og_description":"For your convenience, we provide digital access to key legal documents. These resources ensure you are informed and aware of the terms and policies that apply to your LCCU accounts and services. To review any of these documents, simply select from the list below: Terms of Use:\u00a0Review the general terms and conditions governing your use [&hellip;]","og_url":"https:\/\/latinoccu.org\/es\/term-of-use\/","og_site_name":"latinoccu.org","article_modified_time":"2024-09-06T02:07:35+00:00","twitter_card":"summary_large_image","twitter_misc":{"Tiempo de lectura":"1 minuto"},"schema":{"@context":"https:\/\/schema.org","@graph":[{"@type":"WebPage","@id":"https:\/\/latinoccu.org\/term-of-use\/","url":"https:\/\/latinoccu.org\/term-of-use\/","name":"Legal Information - latinoccu.org","isPartOf":{"@id":"https:\/\/latinoccu.org\/#website"},"datePublished":"2020-07-29T14:37:43+00:00","dateModified":"2024-09-06T02:07:35+00:00","breadcrumb":{"@id":"https:\/\/latinoccu.org\/term-of-use\/#breadcrumb"},"inLanguage":"es","potentialAction":[{"@type":"ReadAction","target":["https:\/\/latinoccu.org\/term-of-use\/"]}]},{"@type":"BreadcrumbList","@id":"https:\/\/latinoccu.org\/term-of-use\/#breadcrumb","itemListElement":[{"@type":"ListItem","position":1,"name":"Home","item":"https:\/\/latinoccu.org\/"},{"@type":"ListItem","position":2,"name":"Legal Information"}]},{"@type":"WebSite","@id":"https:\/\/latinoccu.org\/#website","url":"https:\/\/latinoccu.org\/","name":"latinoccu.org","description":"","potentialAction":[{"@type":"SearchAction","target":{"@type":"EntryPoint","urlTemplate":"https:\/\/latinoccu.org\/?s={search_term_string}"},"query-input":{"@type":"PropertyValueSpecification","valueRequired":true,"valueName":"search_term_string"}}],"inLanguage":"es"}]}},"_links":{"self":[{"href":"https:\/\/latinoccu.org\/es\/wp-json\/wp\/v2\/pages\/14100","targetHints":{"allow":["GET"]}}],"collection":[{"href":"https:\/\/latinoccu.org\/es\/wp-json\/wp\/v2\/pages"}],"about":[{"href":"https:\/\/latinoccu.org\/es\/wp-json\/wp\/v2\/types\/page"}],"author":[{"embeddable":true,"href":"https:\/\/latinoccu.org\/es\/wp-json\/wp\/v2\/users\/9"}],"replies":[{"embeddable":true,"href":"https:\/\/latinoccu.org\/es\/wp-json\/wp\/v2\/comments?post=14100"}],"version-history":[{"count":0,"href":"https:\/\/latinoccu.org\/es\/wp-json\/wp\/v2\/pages\/14100\/revisions"}],"wp:attachment":[{"href":"https:\/\/latinoccu.org\/es\/wp-json\/wp\/v2\/media?parent=14100"}],"wp:term":[{"taxonomy":"page-structure","embeddable":true,"href":"https:\/\/latinoccu.org\/es\/wp-json\/wp\/v2\/page-structure?post=14100"},{"taxonomy":"sidebar-content","embeddable":true,"href":"https:\/\/latinoccu.org\/es\/wp-json\/wp\/v2\/sidebar-content?post=14100"}],"curies":[{"name":"wp","href":"https:\/\/api.w.org\/{rel}","templated":true}]}}