{"id":13579,"date":"2019-07-09T16:58:06","date_gmt":"2019-07-09T20:58:06","guid":{"rendered":"http:\/\/latinoccu.org\/?page_id=13579"},"modified":"2024-09-12T15:17:59","modified_gmt":"2024-09-12T15:17:59","slug":"home-mortgage-disclosure-act","status":"publish","type":"page","link":"https:\/\/latinoccu.org\/es\/home-mortgage-disclosure-act\/","title":{"rendered":"Ley de Divulgaci\u00f3n de Hipotecas para Viviendas"},"content":{"rendered":"<div data-elementor-type=\"wp-page\" data-elementor-id=\"13579\" class=\"elementor elementor-13579\" data-elementor-post-type=\"page\">\n\t\t\t\t<div class=\"elementor-element elementor-element-330efcfd e-con-full mobile-margins cmp cmp-centered-text e-flex e-con e-parent\" data-id=\"330efcfd\" data-element_type=\"container\" data-e-type=\"container\">\n\t\t<div class=\"elementor-element elementor-element-5c04292 e-flex e-con-boxed e-con e-child\" data-id=\"5c04292\" data-element_type=\"container\" data-e-type=\"container\">\n\t\t\t\t\t<div class=\"e-con-inner\">\n\t\t<div class=\"elementor-element elementor-element-1b44b26c e-flex e-con-boxed e-con e-child\" data-id=\"1b44b26c\" data-element_type=\"container\" data-e-type=\"container\">\n\t\t\t\t\t<div class=\"e-con-inner\">\n\t\t\t\t<div class=\"elementor-element elementor-element-7e3ad007 elementor-widget elementor-widget-text-editor\" data-id=\"7e3ad007\" data-element_type=\"widget\" data-e-type=\"widget\" data-widget_type=\"text-editor.default\">\n\t\t\t\t<div class=\"elementor-widget-container\">\n\t\t\t\t\t\t\t\t\t<p style=\"font-weight: 400;\">Los datos del HMDA sobre nuestros pr\u00e9stamos hipotecarios residenciales est\u00e1n disponibles en l\u00ednea para tu revisi\u00f3n. Estos datos muestran la distribuci\u00f3n geogr\u00e1fica de los pr\u00e9stamos y solicitudes; la etnicidad, raza, sexo, edad e ingresos de los solicitantes y prestatarios; as\u00ed como informaci\u00f3n sobre las aprobaciones y denegaciones de pr\u00e9stamos. Estos datos est\u00e1n disponibles en la p\u00e1gina web de la Oficina de Protecci\u00f3n Financiera del Consumidor (<a href=\"http:\/\/www.consumerfinance.gov\/hmda\">http:\/\/www.consumerfinance.gov\/hmda<\/a>). Tambi\u00e9n se encuentra disponible informaci\u00f3n del HMDA para muchas otras instituciones financieras en esta p\u00e1gina web.<\/p>\t\t\t\t\t\t\t\t<\/div>\n\t\t\t\t<\/div>\n\t\t\t\t\t<\/div>\n\t\t\t\t<\/div>\n\t\t\t\t\t<\/div>\n\t\t\t\t<\/div>\n\t\t\t\t<\/div>\n\t\t\t\t<\/div>","protected":false},"excerpt":{"rendered":"<p>The HMDA data about our residential mortgage lending is available online for review. The data shows geographic distribution of loans and applications; ethnicity, race, sex, age, and income of applicants and borrowers; and information about loan approvals and denials. This data is available online at the Consumer Financial Protection Bureau\u2019s Web site (www.consumerfinance.gov\/hmda). HMDA data [&hellip;]<\/p>\n","protected":false},"author":10,"featured_media":0,"parent":0,"menu_order":0,"comment_status":"closed","ping_status":"closed","template":"","meta":{"_acf_changed":false,"inline_featured_image":false,"footnotes":""},"page-structure":[73],"sidebar-content":[],"class_list":["post-13579","page","type-page","status-publish","hentry","page-structure-no-featured-image"],"acf":[],"yoast_head":"<!-- This site is optimized with the Yoast SEO plugin v27.2 - https:\/\/yoast.com\/product\/yoast-seo-wordpress\/ -->\n<title>Home Mortgage Disclosure Act - latinoccu.org<\/title>\n<meta name=\"robots\" content=\"index, follow, max-snippet:-1, max-image-preview:large, max-video-preview:-1\" \/>\n<link rel=\"canonical\" href=\"https:\/\/latinoccu.org\/es\/home-mortgage-disclosure-act\/\" \/>\n<meta property=\"og:locale\" content=\"es_MX\" \/>\n<meta property=\"og:type\" content=\"article\" \/>\n<meta property=\"og:title\" content=\"Home Mortgage Disclosure Act - latinoccu.org\" \/>\n<meta property=\"og:description\" content=\"The HMDA data about our residential mortgage lending is available online for review. The data shows geographic distribution of loans and applications; ethnicity, race, sex, age, and income of applicants and borrowers; and information about loan approvals and denials. This data is available online at the Consumer Financial Protection Bureau\u2019s Web site (www.consumerfinance.gov\/hmda). HMDA data [&hellip;]\" \/>\n<meta property=\"og:url\" content=\"https:\/\/latinoccu.org\/es\/home-mortgage-disclosure-act\/\" \/>\n<meta property=\"og:site_name\" content=\"latinoccu.org\" \/>\n<meta property=\"article:modified_time\" content=\"2024-09-12T15:17:59+00:00\" \/>\n<meta name=\"twitter:card\" content=\"summary_large_image\" \/>\n<meta name=\"twitter:label1\" content=\"Tiempo de lectura\" \/>\n\t<meta name=\"twitter:data1\" content=\"1 minuto\" \/>\n<script type=\"application\/ld+json\" class=\"yoast-schema-graph\">{\"@context\":\"https:\/\/schema.org\",\"@graph\":[{\"@type\":\"WebPage\",\"@id\":\"https:\/\/latinoccu.org\/home-mortgage-disclosure-act\/\",\"url\":\"https:\/\/latinoccu.org\/home-mortgage-disclosure-act\/\",\"name\":\"Home Mortgage Disclosure Act - latinoccu.org\",\"isPartOf\":{\"@id\":\"https:\/\/latinoccu.org\/#website\"},\"datePublished\":\"2019-07-09T20:58:06+00:00\",\"dateModified\":\"2024-09-12T15:17:59+00:00\",\"breadcrumb\":{\"@id\":\"https:\/\/latinoccu.org\/home-mortgage-disclosure-act\/#breadcrumb\"},\"inLanguage\":\"es\",\"potentialAction\":[{\"@type\":\"ReadAction\",\"target\":[\"https:\/\/latinoccu.org\/home-mortgage-disclosure-act\/\"]}]},{\"@type\":\"BreadcrumbList\",\"@id\":\"https:\/\/latinoccu.org\/home-mortgage-disclosure-act\/#breadcrumb\",\"itemListElement\":[{\"@type\":\"ListItem\",\"position\":1,\"name\":\"Home\",\"item\":\"https:\/\/latinoccu.org\/\"},{\"@type\":\"ListItem\",\"position\":2,\"name\":\"Home Mortgage Disclosure Act\"}]},{\"@type\":\"WebSite\",\"@id\":\"https:\/\/latinoccu.org\/#website\",\"url\":\"https:\/\/latinoccu.org\/\",\"name\":\"latinoccu.org\",\"description\":\"\",\"potentialAction\":[{\"@type\":\"SearchAction\",\"target\":{\"@type\":\"EntryPoint\",\"urlTemplate\":\"https:\/\/latinoccu.org\/?s={search_term_string}\"},\"query-input\":{\"@type\":\"PropertyValueSpecification\",\"valueRequired\":true,\"valueName\":\"search_term_string\"}}],\"inLanguage\":\"es\"}]}<\/script>\n<!-- \/ Yoast SEO plugin. -->","yoast_head_json":{"title":"Home Mortgage Disclosure Act - latinoccu.org","robots":{"index":"index","follow":"follow","max-snippet":"max-snippet:-1","max-image-preview":"max-image-preview:large","max-video-preview":"max-video-preview:-1"},"canonical":"https:\/\/latinoccu.org\/es\/home-mortgage-disclosure-act\/","og_locale":"es_MX","og_type":"article","og_title":"Home Mortgage Disclosure Act - latinoccu.org","og_description":"The HMDA data about our residential mortgage lending is available online for review. The data shows geographic distribution of loans and applications; ethnicity, race, sex, age, and income of applicants and borrowers; and information about loan approvals and denials. This data is available online at the Consumer Financial Protection Bureau\u2019s Web site (www.consumerfinance.gov\/hmda). HMDA data [&hellip;]","og_url":"https:\/\/latinoccu.org\/es\/home-mortgage-disclosure-act\/","og_site_name":"latinoccu.org","article_modified_time":"2024-09-12T15:17:59+00:00","twitter_card":"summary_large_image","twitter_misc":{"Tiempo de lectura":"1 minuto"},"schema":{"@context":"https:\/\/schema.org","@graph":[{"@type":"WebPage","@id":"https:\/\/latinoccu.org\/home-mortgage-disclosure-act\/","url":"https:\/\/latinoccu.org\/home-mortgage-disclosure-act\/","name":"Home Mortgage Disclosure Act - latinoccu.org","isPartOf":{"@id":"https:\/\/latinoccu.org\/#website"},"datePublished":"2019-07-09T20:58:06+00:00","dateModified":"2024-09-12T15:17:59+00:00","breadcrumb":{"@id":"https:\/\/latinoccu.org\/home-mortgage-disclosure-act\/#breadcrumb"},"inLanguage":"es","potentialAction":[{"@type":"ReadAction","target":["https:\/\/latinoccu.org\/home-mortgage-disclosure-act\/"]}]},{"@type":"BreadcrumbList","@id":"https:\/\/latinoccu.org\/home-mortgage-disclosure-act\/#breadcrumb","itemListElement":[{"@type":"ListItem","position":1,"name":"Home","item":"https:\/\/latinoccu.org\/"},{"@type":"ListItem","position":2,"name":"Home Mortgage Disclosure Act"}]},{"@type":"WebSite","@id":"https:\/\/latinoccu.org\/#website","url":"https:\/\/latinoccu.org\/","name":"latinoccu.org","description":"","potentialAction":[{"@type":"SearchAction","target":{"@type":"EntryPoint","urlTemplate":"https:\/\/latinoccu.org\/?s={search_term_string}"},"query-input":{"@type":"PropertyValueSpecification","valueRequired":true,"valueName":"search_term_string"}}],"inLanguage":"es"}]}},"_links":{"self":[{"href":"https:\/\/latinoccu.org\/es\/wp-json\/wp\/v2\/pages\/13579","targetHints":{"allow":["GET"]}}],"collection":[{"href":"https:\/\/latinoccu.org\/es\/wp-json\/wp\/v2\/pages"}],"about":[{"href":"https:\/\/latinoccu.org\/es\/wp-json\/wp\/v2\/types\/page"}],"author":[{"embeddable":true,"href":"https:\/\/latinoccu.org\/es\/wp-json\/wp\/v2\/users\/10"}],"replies":[{"embeddable":true,"href":"https:\/\/latinoccu.org\/es\/wp-json\/wp\/v2\/comments?post=13579"}],"version-history":[{"count":0,"href":"https:\/\/latinoccu.org\/es\/wp-json\/wp\/v2\/pages\/13579\/revisions"}],"wp:attachment":[{"href":"https:\/\/latinoccu.org\/es\/wp-json\/wp\/v2\/media?parent=13579"}],"wp:term":[{"taxonomy":"page-structure","embeddable":true,"href":"https:\/\/latinoccu.org\/es\/wp-json\/wp\/v2\/page-structure?post=13579"},{"taxonomy":"sidebar-content","embeddable":true,"href":"https:\/\/latinoccu.org\/es\/wp-json\/wp\/v2\/sidebar-content?post=13579"}],"curies":[{"name":"wp","href":"https:\/\/api.w.org\/{rel}","templated":true}]}}