{"id":13065,"date":"2018-05-01T17:27:40","date_gmt":"2018-05-01T21:27:40","guid":{"rendered":"http:\/\/latinoccu.org\/?page_id=13065"},"modified":"2026-03-10T14:01:56","modified_gmt":"2026-03-10T14:01:56","slug":"employees-giving-back","status":"publish","type":"page","link":"https:\/\/latinoccu.org\/es\/community-impact\/employees-giving-back\/","title":{"rendered":"Employees Giving Back"},"content":{"rendered":"<div data-elementor-type=\"wp-page\" data-elementor-id=\"13065\" class=\"elementor elementor-13065\" data-elementor-post-type=\"page\">\n\t\t\t\t<div class=\"elementor-element elementor-element-4b31f8bf e-con-full mobile-margins cmp cmp-centered-text e-flex e-con e-parent\" data-id=\"4b31f8bf\" data-element_type=\"container\" data-e-type=\"container\">\n\t\t<div class=\"elementor-element elementor-element-55bdac54 e-flex e-con-boxed e-con e-child\" data-id=\"55bdac54\" data-element_type=\"container\" data-e-type=\"container\">\n\t\t\t\t\t<div class=\"e-con-inner\">\n\t\t<div class=\"elementor-element elementor-element-4ff1b6d6 e-flex e-con-boxed e-con e-child\" data-id=\"4ff1b6d6\" data-element_type=\"container\" data-e-type=\"container\">\n\t\t\t\t\t<div class=\"e-con-inner\">\n\t\t\t\t<div class=\"elementor-element elementor-element-f575d0a elementor-widget elementor-widget-image\" data-id=\"f575d0a\" data-element_type=\"widget\" data-e-type=\"widget\" data-widget_type=\"image.default\">\n\t\t\t\t<div class=\"elementor-widget-container\">\n\t\t\t\t\t\t\t\t\t\t\t\t\t\t\t<img fetchpriority=\"high\" decoding=\"async\" width=\"800\" height=\"77\" src=\"https:\/\/latinoccu.org\/wp-content\/uploads\/2026\/03\/EGB-logo-1024x99.png\" class=\"attachment-large size-large wp-image-22523\" alt=\"\" srcset=\"https:\/\/latinoccu.org\/wp-content\/uploads\/2026\/03\/EGB-logo-1024x99.png 1024w, https:\/\/latinoccu.org\/wp-content\/uploads\/2026\/03\/EGB-logo-300x29.png 300w, https:\/\/latinoccu.org\/wp-content\/uploads\/2026\/03\/EGB-logo-768x74.png 768w, https:\/\/latinoccu.org\/wp-content\/uploads\/2026\/03\/EGB-logo-1536x148.png 1536w, https:\/\/latinoccu.org\/wp-content\/uploads\/2026\/03\/EGB-logo-18x2.png 18w, https:\/\/latinoccu.org\/wp-content\/uploads\/2026\/03\/EGB-logo.png 1700w\" sizes=\"(max-width: 800px) 100vw, 800px\" \/>\t\t\t\t\t\t\t\t\t\t\t\t\t\t\t<\/div>\n\t\t\t\t<\/div>\n\t\t\t\t<div class=\"elementor-element elementor-element-4457986 elementor-widget elementor-widget-image\" data-id=\"4457986\" data-element_type=\"widget\" data-e-type=\"widget\" data-widget_type=\"image.default\">\n\t\t\t\t<div class=\"elementor-widget-container\">\n\t\t\t\t\t\t\t\t\t\t\t\t\t\t\t<img decoding=\"async\" width=\"800\" height=\"600\" src=\"https:\/\/latinoccu.org\/wp-content\/uploads\/2025\/08\/somos-ciudadanos-del-mundo.jpg\" class=\"attachment-large size-large wp-image-20838\" alt=\"somos ciudadanos del mundo check\" srcset=\"https:\/\/latinoccu.org\/wp-content\/uploads\/2025\/08\/somos-ciudadanos-del-mundo.jpg 1024w, https:\/\/latinoccu.org\/wp-content\/uploads\/2025\/08\/somos-ciudadanos-del-mundo-300x225.jpg 300w, https:\/\/latinoccu.org\/wp-content\/uploads\/2025\/08\/somos-ciudadanos-del-mundo-768x576.jpg 768w, https:\/\/latinoccu.org\/wp-content\/uploads\/2025\/08\/somos-ciudadanos-del-mundo-16x12.jpg 16w\" sizes=\"(max-width: 800px) 100vw, 800px\" \/>\t\t\t\t\t\t\t\t\t\t\t\t\t\t\t<\/div>\n\t\t\t\t<\/div>\n\t\t\t\t<div class=\"elementor-element elementor-element-6112132a elementor-widget elementor-widget-text-editor\" data-id=\"6112132a\" data-element_type=\"widget\" data-e-type=\"widget\" data-widget_type=\"text-editor.default\">\n\t\t\t\t<div class=\"elementor-widget-container\">\n\t\t\t\t\t\t\t\t\t<p>En la Cooperativa Latina creemos que retribuir es otro ejemplo de nuestro compromiso de fortalecer las comunidades a las que servimos.<\/p><p><span class=\"TextRun SCXW45881965 BCX0\" lang=\"EN-US\" xml:lang=\"EN-US\" data-contrast=\"auto\"><span class=\"NormalTextRun SCXW45881965 BCX0\">Nuestro programa Employees Giving Back anima a los empleados a nominar organizaciones cuyos valores est\u00e9n alineados con los nuestros.<\/span><span class=\"NormalTextRun SCXW45881965 BCX0\">\u00a0<\/span><span class=\"NormalTextRun SCXW45881965 BCX0\">Cada a\u00f1o, un comit\u00e9 de\u00a0<\/span><span class=\"NormalTextRun SCXW45881965 BCX0\">empleado<\/span><span class=\"NormalTextRun SCXW45881965 BCX0\">s<\/span><span class=\"NormalTextRun SCXW45881965 BCX0\">\u00a0selecciona\u00a0<\/span><\/span><strong><span class=\"TextRun SCXW45881965 BCX0\" lang=\"EN-US\" xml:lang=\"EN-US\" data-contrast=\"auto\"><span class=\"NormalTextRun SCXW45881965 BCX0\">una o m\u00e1s organizaciones sin fines de lucro<\/span><\/span><\/strong><span class=\"TextRun SCXW45881965 BCX0\" lang=\"EN-US\" xml:lang=\"EN-US\" data-contrast=\"auto\"><span class=\"NormalTextRun SCXW45881965 BCX0\">\u00a0para\u00a0<\/span><span class=\"NormalTextRun SCXW45881965 BCX0\">recibir<\/span><span class=\"NormalTextRun SCXW45881965 BCX0\">\u00a0donaciones voluntarias de los empleados<\/span><span class=\"NormalTextRun SCXW45881965 BCX0\">.\u00a0<\/span><\/span><\/p><p class=\"translation-block\">La Cooperativa Latina iguala las donaciones de los empleados hasta alcanzar la meta anual establecida; sin embargo, las contribuciones pueden continuar de manera indefinida. Desde 2015, el programa ha donado un total de $213,200 a las siguientes organizaciones:<\/p><ul><li><b><span data-contrast=\"auto\">KIPP Durham<\/span><\/b><span data-ccp-props=\"{}\">\u00a0<\/span><\/li><li><b><span data-contrast=\"auto\">Inter-Faith Council for Social Service<\/span><\/b><span data-ccp-props=\"{}\">\u00a0<\/span><\/li><li><b><span data-contrast=\"auto\">ourBRIDGE\u00a0for KIDS<\/span><\/b><span data-ccp-props=\"{}\">\u00a0<\/span><\/li><li><b><span data-contrast=\"auto\">Dress for Success<\/span><\/b><span data-ccp-props=\"{}\">\u00a0<\/span><\/li><li><b><span data-contrast=\"auto\">The Women\u2019s Center<\/span><\/b><span data-ccp-props=\"{}\">\u00a0<\/span><\/li><li><b><span data-contrast=\"auto\">Book Harvest<\/span><\/b><span data-ccp-props=\"{}\">\u00a0<\/span><\/li><li><b><span data-contrast=\"auto\">Circle\u00a0de Luz<\/span><\/b><span data-ccp-props=\"{}\">\u00a0<\/span><\/li><li><b><span data-contrast=\"auto\">Pretty in Pink Foundation<\/span><\/b><span data-ccp-props=\"{}\">\u00a0<\/span><\/li><li><b><span data-contrast=\"auto\">The Hispanic Liaison<\/span><\/b><span data-ccp-props=\"{}\">\u00a0<\/span><\/li><li><b><span data-contrast=\"auto\">NC Immigration Law &amp; Justice Center<\/span><\/b><span data-ccp-props=\"{}\">\u00a0<\/span><\/li><li><b><span data-contrast=\"auto\">Hogar del\u00a0Immigrante<\/span><\/b><span data-ccp-props=\"{}\">\u00a0<\/span><\/li><li><b><span data-contrast=\"auto\">Inter-Faith Food Shuttle<\/span><\/b><span data-ccp-props=\"{}\">\u00a0<\/span><\/li><li><b><span data-contrast=\"auto\">Somos Ciudadanos del Mundo<\/span><\/b><span data-ccp-props=\"{}\">\u00a0<\/span><\/li><li><b><span data-contrast=\"auto\">El Centro Hispano<\/span><\/b><span data-ccp-props=\"{}\">\u00a0<\/span><\/li><li><b><span data-contrast=\"auto\">Mi Casa Community Services<\/span><\/b><span data-ccp-props=\"{}\">\u00a0<\/span><\/li><\/ul>\t\t\t\t\t\t\t\t<\/div>\n\t\t\t\t<\/div>\n\t\t\t\t\t<\/div>\n\t\t\t\t<\/div>\n\t\t\t\t\t<\/div>\n\t\t\t\t<\/div>\n\t\t\t\t<\/div>\n\t\t<div class=\"elementor-element elementor-element-bcd66b1 e-con-full mobile-margins cmp cmp-centered-text e-flex e-con e-parent\" data-id=\"bcd66b1\" data-element_type=\"container\" data-e-type=\"container\" data-settings=\"{&quot;background_background&quot;:&quot;classic&quot;}\">\n\t\t<div class=\"elementor-element elementor-element-451f97b e-flex e-con-boxed e-con e-child\" data-id=\"451f97b\" data-element_type=\"container\" data-e-type=\"container\">\n\t\t\t\t\t<div class=\"e-con-inner\">\n\t\t<div class=\"elementor-element elementor-element-229cfdb e-flex e-con-boxed e-con e-child\" data-id=\"229cfdb\" data-element_type=\"container\" data-e-type=\"container\">\n\t\t\t\t\t<div class=\"e-con-inner\">\n\t\t\t\t<div data-dce-text-color=\"#FFFFFF\" class=\"elementor-element elementor-element-c55df2d elementor-widget elementor-widget-text-editor\" data-id=\"c55df2d\" data-element_type=\"widget\" data-e-type=\"widget\" data-widget_type=\"text-editor.default\">\n\t\t\t\t<div class=\"elementor-widget-container\">\n\t\t\t\t\t\t\t\t\t<h1><span style=\"color: #ffffff;\"><strong>Programa de Becas de la Cooperativa Latina<\/strong><\/span><\/h1>\t\t\t\t\t\t\t\t<\/div>\n\t\t\t\t<\/div>\n\t\t\t\t<div class=\"elementor-element elementor-element-5b046bd elementor-widget elementor-widget-image\" data-id=\"5b046bd\" data-element_type=\"widget\" data-e-type=\"widget\" data-widget_type=\"image.default\">\n\t\t\t\t<div class=\"elementor-widget-container\">\n\t\t\t\t\t\t\t\t\t\t\t\t\t\t\t<img decoding=\"async\" width=\"768\" height=\"446\" src=\"https:\/\/latinoccu.org\/wp-content\/uploads\/2025\/08\/1-scaled-e1772755061500-768x446.jpg\" class=\"attachment-medium_large size-medium_large wp-image-20825\" alt=\"\" srcset=\"https:\/\/latinoccu.org\/wp-content\/uploads\/2025\/08\/1-scaled-e1772755061500-768x446.jpg 768w, https:\/\/latinoccu.org\/wp-content\/uploads\/2025\/08\/1-scaled-e1772755061500-300x174.jpg 300w, https:\/\/latinoccu.org\/wp-content\/uploads\/2025\/08\/1-scaled-e1772755061500-1024x594.jpg 1024w, https:\/\/latinoccu.org\/wp-content\/uploads\/2025\/08\/1-scaled-e1772755061500-1536x891.jpg 1536w, https:\/\/latinoccu.org\/wp-content\/uploads\/2025\/08\/1-scaled-e1772755061500-2048x1188.jpg 2048w, https:\/\/latinoccu.org\/wp-content\/uploads\/2025\/08\/1-scaled-e1772755061500-18x10.jpg 18w\" sizes=\"(max-width: 768px) 100vw, 768px\" \/>\t\t\t\t\t\t\t\t\t\t\t\t\t\t\t<\/div>\n\t\t\t\t<\/div>\n\t\t\t\t<div data-dce-text-color=\"#FFFFFF\" class=\"elementor-element elementor-element-5419706 elementor-widget elementor-widget-text-editor\" data-id=\"5419706\" data-element_type=\"widget\" data-e-type=\"widget\" data-widget_type=\"text-editor.default\">\n\t\t\t\t<div class=\"elementor-widget-container\">\n\t\t\t\t\t\t\t\t\t<p><span data-contrast=\"auto\">Nuestro Programa de Becas desempe\u00f1a un papel clave en el avance de la misi\u00f3n de la Cooperativa Latina al ampliar el acceso a oportunidades econ\u00f3micas para todos.<\/span><span data-ccp-props=\"{}\">\u00a0<\/span><\/p><p><span data-contrast=\"auto\">Desde 2016, nuestro Programa de Becas ha apoyado el camino acad\u00e9mico de nuestros socios otorgando m\u00e1s de 350 becas por m\u00e1s de $1 mill\u00f3n<\/span><span data-contrast=\"auto\">.<\/span><\/p><p><span data-contrast=\"auto\">Aprenda m\u00e1s sobre nuestro\u00a0<\/span><a href=\"https:\/\/latinoccu.org\/es\/community-impact\/scholarship-fund\/\"><span data-contrast=\"none\">Programa de Becas<\/span><\/a><span data-contrast=\"auto\">.<\/span><span data-ccp-props=\"{}\">\u00a0<\/span><\/p><p class=\"translation-block\">El compromiso de nuestros empleados con nuestros socios se refleja en su apoyo continuo al Programa de Becas de la Cooperativa Latina. \n\nCon la contribuci\u00f3n de igualaci\u00f3n por parte de la Cooperativa Latina, los empleados han recaudado desde 2019 un total de $151,250.<\/p><p><span class=\"TextRun SCXW212366070 BCX0\" lang=\"EN-US\" xml:lang=\"EN-US\" data-contrast=\"auto\"><span class=\"NormalTextRun CommentStart SCXW212366070 BCX0\">En 2024, gracias a la generosidad de los empleados de la Cooperativa Latina y la contribuci\u00f3n equivalente de la Cooperativa Latina, se invirti\u00f3 un total de $142,500 en el Programa de Becas de la Cooperativa Latina, otorgando 43 becas a estudiantes merecedores. Este esfuerzo colectivo refleja nuestro compromiso de ampliar el acceso a la educaci\u00f3n y apoyar a futuros l\u00edderes dentro de nuestras comunidades.<\/span><\/span><span class=\"EOP SCXW212366070 BCX0\" data-ccp-props=\"{}\">\u00a0<\/span><\/p><p><span class=\"TextRun SCXW209646420 BCX0\" lang=\"EN-US\" xml:lang=\"EN-US\" data-contrast=\"auto\"><span class=\"NormalTextRun SCXW209646420 BCX0\">En 2025, las contribuciones de los empleados y la contribuci\u00f3n equivalente de la Cooperativa Latina aumentaron a\u00fan m\u00e1s este impacto, permitiendo que se otorgaran $155,500 a trav\u00e9s del programa y apoyando a 49 beneficiarios de becas. En la Cooperativa Latina, nos honra continuar invirtiendo en mentes j\u00f3venes brillantes y ayudar a los estudiantes a alcanzar sus metas educativas.<\/span><\/span><span class=\"EOP SCXW209646420 BCX0\" data-ccp-props=\"{}\">\u00a0<\/span><\/p>\t\t\t\t\t\t\t\t<\/div>\n\t\t\t\t<\/div>\n\t\t\t\t\t<\/div>\n\t\t\t\t<\/div>\n\t\t\t\t\t<\/div>\n\t\t\t\t<\/div>\n\t\t\t\t<\/div>\n\t\t<div class=\"elementor-element elementor-element-1485da7 e-con-full mobile-margins cmp cmp-centered-text e-flex e-con e-parent\" data-id=\"1485da7\" data-element_type=\"container\" data-e-type=\"container\">\n\t\t<div class=\"elementor-element elementor-element-5cc2068 e-flex e-con-boxed e-con e-child\" data-id=\"5cc2068\" data-element_type=\"container\" data-e-type=\"container\">\n\t\t\t\t\t<div class=\"e-con-inner\">\n\t\t<div class=\"elementor-element elementor-element-5bb7cf5 e-flex e-con-boxed e-con e-child\" data-id=\"5bb7cf5\" data-element_type=\"container\" data-e-type=\"container\">\n\t\t\t\t\t<div class=\"e-con-inner\">\n\t\t\t\t<div class=\"elementor-element elementor-element-e2ad23c elementor-widget elementor-widget-text-editor\" data-id=\"e2ad23c\" data-element_type=\"widget\" data-e-type=\"widget\" data-widget_type=\"text-editor.default\">\n\t\t\t\t<div class=\"elementor-widget-container\">\n\t\t\t\t\t\t\t\t\t<h1><strong>Stronger Together<\/strong><\/h1>\t\t\t\t\t\t\t\t<\/div>\n\t\t\t\t<\/div>\n\t\t\t\t<div class=\"elementor-element elementor-element-14e1e96 elementor-widget elementor-widget-image\" data-id=\"14e1e96\" data-element_type=\"widget\" data-e-type=\"widget\" data-widget_type=\"image.default\">\n\t\t\t\t<div class=\"elementor-widget-container\">\n\t\t\t\t\t\t\t\t\t\t\t\t\t\t\t<img loading=\"lazy\" decoding=\"async\" width=\"768\" height=\"427\" src=\"https:\/\/latinoccu.org\/wp-content\/uploads\/2022\/11\/stronger-together-1-768x427.png\" class=\"attachment-medium_large size-medium_large wp-image-15629\" alt=\"Group of employees at an employees giving back event.\" srcset=\"https:\/\/latinoccu.org\/wp-content\/uploads\/2022\/11\/stronger-together-1-768x427.png 768w, https:\/\/latinoccu.org\/wp-content\/uploads\/2022\/11\/stronger-together-1.png 882w\" sizes=\"(max-width: 768px) 100vw, 768px\" \/>\t\t\t\t\t\t\t\t\t\t\t\t\t\t\t<\/div>\n\t\t\t\t<\/div>\n\t\t\t\t<div class=\"elementor-element elementor-element-5f0c524 elementor-widget elementor-widget-text-editor\" data-id=\"5f0c524\" data-element_type=\"widget\" data-e-type=\"widget\" data-widget_type=\"text-editor.default\">\n\t\t\t\t<div class=\"elementor-widget-container\">\n\t\t\t\t\t\t\t\t\t<p class=\"translation-block\">Stronger Together permite a los empleados de la Cooperativa Latina apoyar a socios que enfrentan momentos dif\u00edciles mediante donaciones colectivas, con LCCU igualando las donaciones de los empleados. En 2021, los empleados recaudaron $1,000, resultando en $2,000 otorgados en 2022. Durante 2023\u20132024, las contribuciones alcanzaron $2,755, y en 2025, las donaciones totales crecieron a $5,250.<\/p>\t\t\t\t\t\t\t\t<\/div>\n\t\t\t\t<\/div>\n\t\t\t\t\t<\/div>\n\t\t\t\t<\/div>\n\t\t\t\t\t<\/div>\n\t\t\t\t<\/div>\n\t\t\t\t<\/div>\n\t\t\t\t<\/div>","protected":false},"excerpt":{"rendered":"<p>At LCCU we believe that giving back is another example of our commitment to strengthening the communities we serve. Our Employees Giving Back program encourages employees to nominate organizations whose values are aligned with ours.\u00a0Each year, a committee of\u00a0employees\u00a0selects\u00a0one or more nonprofit organizations\u00a0to\u00a0receive\u00a0voluntary employee donations.\u00a0 LCCU provides a matching contribution for employee donations\u00a0until an annual [&hellip;]<\/p>\n","protected":false},"author":20,"featured_media":22521,"parent":251,"menu_order":0,"comment_status":"closed","ping_status":"closed","template":"","meta":{"_acf_changed":false,"inline_featured_image":false,"footnotes":""},"page-structure":[],"sidebar-content":[],"class_list":["post-13065","page","type-page","status-publish","has-post-thumbnail","hentry"],"acf":[],"yoast_head":"<!-- This site is optimized with the Yoast SEO plugin v27.2 - https:\/\/yoast.com\/product\/yoast-seo-wordpress\/ -->\n<title>Employees Giving Back - latinoccu.org<\/title>\n<meta name=\"robots\" content=\"index, follow, max-snippet:-1, max-image-preview:large, max-video-preview:-1\" \/>\n<link rel=\"canonical\" href=\"https:\/\/latinoccu.org\/es\/community-impact\/employees-giving-back\/\" \/>\n<meta property=\"og:locale\" content=\"es_MX\" \/>\n<meta property=\"og:type\" content=\"article\" \/>\n<meta property=\"og:title\" content=\"Employees Giving Back - latinoccu.org\" \/>\n<meta property=\"og:description\" content=\"At LCCU we believe that giving back is another example of our commitment to strengthening the communities we serve. Our Employees Giving Back program encourages employees to nominate organizations whose values are aligned with ours.\u00a0Each year, a committee of\u00a0employees\u00a0selects\u00a0one or more nonprofit organizations\u00a0to\u00a0receive\u00a0voluntary employee donations.\u00a0 LCCU provides a matching contribution for employee donations\u00a0until an annual [&hellip;]\" \/>\n<meta property=\"og:url\" content=\"https:\/\/latinoccu.org\/es\/community-impact\/employees-giving-back\/\" \/>\n<meta property=\"og:site_name\" content=\"latinoccu.org\" \/>\n<meta property=\"article:modified_time\" content=\"2026-03-10T14:01:56+00:00\" \/>\n<meta property=\"og:image\" content=\"https:\/\/latinoccu.org\/wp-content\/uploads\/2026\/03\/DSC_1068-scaled.jpg\" \/>\n\t<meta property=\"og:image:width\" content=\"2560\" \/>\n\t<meta property=\"og:image:height\" content=\"1707\" \/>\n\t<meta property=\"og:image:type\" content=\"image\/jpeg\" \/>\n<meta name=\"twitter:card\" content=\"summary_large_image\" \/>\n<meta name=\"twitter:label1\" content=\"Tiempo de lectura\" \/>\n\t<meta name=\"twitter:data1\" content=\"3 minutos\" \/>\n<script type=\"application\/ld+json\" class=\"yoast-schema-graph\">{\"@context\":\"https:\/\/schema.org\",\"@graph\":[{\"@type\":\"WebPage\",\"@id\":\"https:\/\/latinoccu.org\/community-impact\/employees-giving-back\/\",\"url\":\"https:\/\/latinoccu.org\/community-impact\/employees-giving-back\/\",\"name\":\"Employees Giving Back - latinoccu.org\",\"isPartOf\":{\"@id\":\"https:\/\/latinoccu.org\/#website\"},\"primaryImageOfPage\":{\"@id\":\"https:\/\/latinoccu.org\/community-impact\/employees-giving-back\/#primaryimage\"},\"image\":{\"@id\":\"https:\/\/latinoccu.org\/community-impact\/employees-giving-back\/#primaryimage\"},\"thumbnailUrl\":\"https:\/\/latinoccu.org\/wp-content\/uploads\/2026\/03\/DSC_1068-scaled.jpg\",\"datePublished\":\"2018-05-01T21:27:40+00:00\",\"dateModified\":\"2026-03-10T14:01:56+00:00\",\"breadcrumb\":{\"@id\":\"https:\/\/latinoccu.org\/community-impact\/employees-giving-back\/#breadcrumb\"},\"inLanguage\":\"es\",\"potentialAction\":[{\"@type\":\"ReadAction\",\"target\":[\"https:\/\/latinoccu.org\/community-impact\/employees-giving-back\/\"]}]},{\"@type\":\"ImageObject\",\"inLanguage\":\"es\",\"@id\":\"https:\/\/latinoccu.org\/community-impact\/employees-giving-back\/#primaryimage\",\"url\":\"https:\/\/latinoccu.org\/wp-content\/uploads\/2026\/03\/DSC_1068-scaled.jpg\",\"contentUrl\":\"https:\/\/latinoccu.org\/wp-content\/uploads\/2026\/03\/DSC_1068-scaled.jpg\",\"width\":2560,\"height\":1707},{\"@type\":\"BreadcrumbList\",\"@id\":\"https:\/\/latinoccu.org\/community-impact\/employees-giving-back\/#breadcrumb\",\"itemListElement\":[{\"@type\":\"ListItem\",\"position\":1,\"name\":\"Home\",\"item\":\"https:\/\/latinoccu.org\/\"},{\"@type\":\"ListItem\",\"position\":2,\"name\":\"Invest in Community\",\"item\":\"https:\/\/latinoccu.org\/community-impact\/\"},{\"@type\":\"ListItem\",\"position\":3,\"name\":\"Employees Giving Back\"}]},{\"@type\":\"WebSite\",\"@id\":\"https:\/\/latinoccu.org\/#website\",\"url\":\"https:\/\/latinoccu.org\/\",\"name\":\"latinoccu.org\",\"description\":\"\",\"potentialAction\":[{\"@type\":\"SearchAction\",\"target\":{\"@type\":\"EntryPoint\",\"urlTemplate\":\"https:\/\/latinoccu.org\/?s={search_term_string}\"},\"query-input\":{\"@type\":\"PropertyValueSpecification\",\"valueRequired\":true,\"valueName\":\"search_term_string\"}}],\"inLanguage\":\"es\"}]}<\/script>\n<!-- \/ Yoast SEO plugin. -->","yoast_head_json":{"title":"Employees Giving Back - latinoccu.org","robots":{"index":"index","follow":"follow","max-snippet":"max-snippet:-1","max-image-preview":"max-image-preview:large","max-video-preview":"max-video-preview:-1"},"canonical":"https:\/\/latinoccu.org\/es\/community-impact\/employees-giving-back\/","og_locale":"es_MX","og_type":"article","og_title":"Employees Giving Back - latinoccu.org","og_description":"At LCCU we believe that giving back is another example of our commitment to strengthening the communities we serve. Our Employees Giving Back program encourages employees to nominate organizations whose values are aligned with ours.\u00a0Each year, a committee of\u00a0employees\u00a0selects\u00a0one or more nonprofit organizations\u00a0to\u00a0receive\u00a0voluntary employee donations.\u00a0 LCCU provides a matching contribution for employee donations\u00a0until an annual [&hellip;]","og_url":"https:\/\/latinoccu.org\/es\/community-impact\/employees-giving-back\/","og_site_name":"latinoccu.org","article_modified_time":"2026-03-10T14:01:56+00:00","og_image":[{"width":2560,"height":1707,"url":"https:\/\/latinoccu.org\/wp-content\/uploads\/2026\/03\/DSC_1068-scaled.jpg","type":"image\/jpeg"}],"twitter_card":"summary_large_image","twitter_misc":{"Tiempo de lectura":"3 minutos"},"schema":{"@context":"https:\/\/schema.org","@graph":[{"@type":"WebPage","@id":"https:\/\/latinoccu.org\/community-impact\/employees-giving-back\/","url":"https:\/\/latinoccu.org\/community-impact\/employees-giving-back\/","name":"Employees Giving Back - latinoccu.org","isPartOf":{"@id":"https:\/\/latinoccu.org\/#website"},"primaryImageOfPage":{"@id":"https:\/\/latinoccu.org\/community-impact\/employees-giving-back\/#primaryimage"},"image":{"@id":"https:\/\/latinoccu.org\/community-impact\/employees-giving-back\/#primaryimage"},"thumbnailUrl":"https:\/\/latinoccu.org\/wp-content\/uploads\/2026\/03\/DSC_1068-scaled.jpg","datePublished":"2018-05-01T21:27:40+00:00","dateModified":"2026-03-10T14:01:56+00:00","breadcrumb":{"@id":"https:\/\/latinoccu.org\/community-impact\/employees-giving-back\/#breadcrumb"},"inLanguage":"es","potentialAction":[{"@type":"ReadAction","target":["https:\/\/latinoccu.org\/community-impact\/employees-giving-back\/"]}]},{"@type":"ImageObject","inLanguage":"es","@id":"https:\/\/latinoccu.org\/community-impact\/employees-giving-back\/#primaryimage","url":"https:\/\/latinoccu.org\/wp-content\/uploads\/2026\/03\/DSC_1068-scaled.jpg","contentUrl":"https:\/\/latinoccu.org\/wp-content\/uploads\/2026\/03\/DSC_1068-scaled.jpg","width":2560,"height":1707},{"@type":"BreadcrumbList","@id":"https:\/\/latinoccu.org\/community-impact\/employees-giving-back\/#breadcrumb","itemListElement":[{"@type":"ListItem","position":1,"name":"Home","item":"https:\/\/latinoccu.org\/"},{"@type":"ListItem","position":2,"name":"Invest in Community","item":"https:\/\/latinoccu.org\/community-impact\/"},{"@type":"ListItem","position":3,"name":"Employees Giving Back"}]},{"@type":"WebSite","@id":"https:\/\/latinoccu.org\/#website","url":"https:\/\/latinoccu.org\/","name":"latinoccu.org","description":"","potentialAction":[{"@type":"SearchAction","target":{"@type":"EntryPoint","urlTemplate":"https:\/\/latinoccu.org\/?s={search_term_string}"},"query-input":{"@type":"PropertyValueSpecification","valueRequired":true,"valueName":"search_term_string"}}],"inLanguage":"es"}]}},"_links":{"self":[{"href":"https:\/\/latinoccu.org\/es\/wp-json\/wp\/v2\/pages\/13065","targetHints":{"allow":["GET"]}}],"collection":[{"href":"https:\/\/latinoccu.org\/es\/wp-json\/wp\/v2\/pages"}],"about":[{"href":"https:\/\/latinoccu.org\/es\/wp-json\/wp\/v2\/types\/page"}],"author":[{"embeddable":true,"href":"https:\/\/latinoccu.org\/es\/wp-json\/wp\/v2\/users\/20"}],"replies":[{"embeddable":true,"href":"https:\/\/latinoccu.org\/es\/wp-json\/wp\/v2\/comments?post=13065"}],"version-history":[{"count":5,"href":"https:\/\/latinoccu.org\/es\/wp-json\/wp\/v2\/pages\/13065\/revisions"}],"predecessor-version":[{"id":22548,"href":"https:\/\/latinoccu.org\/es\/wp-json\/wp\/v2\/pages\/13065\/revisions\/22548"}],"up":[{"embeddable":true,"href":"https:\/\/latinoccu.org\/es\/wp-json\/wp\/v2\/pages\/251"}],"wp:featuredmedia":[{"embeddable":true,"href":"https:\/\/latinoccu.org\/es\/wp-json\/wp\/v2\/media\/22521"}],"wp:attachment":[{"href":"https:\/\/latinoccu.org\/es\/wp-json\/wp\/v2\/media?parent=13065"}],"wp:term":[{"taxonomy":"page-structure","embeddable":true,"href":"https:\/\/latinoccu.org\/es\/wp-json\/wp\/v2\/page-structure?post=13065"},{"taxonomy":"sidebar-content","embeddable":true,"href":"https:\/\/latinoccu.org\/es\/wp-json\/wp\/v2\/sidebar-content?post=13065"}],"curies":[{"name":"wp","href":"https:\/\/api.w.org\/{rel}","templated":true}]}}