{"id":12792,"date":"2018-01-19T13:11:36","date_gmt":"2018-01-19T13:11:36","guid":{"rendered":"http:\/\/latinoccu.org\/?page_id=12792"},"modified":"2026-02-19T20:50:39","modified_gmt":"2026-02-19T20:50:39","slug":"dreamer-loans","status":"publish","type":"page","link":"https:\/\/latinoccu.org\/es\/products-and-services\/loans-credit\/dreamer-loans\/","title":{"rendered":"Pr\u00e9stamos Dreamer"},"content":{"rendered":"<div data-elementor-type=\"wp-page\" data-elementor-id=\"12792\" class=\"elementor elementor-12792\" data-elementor-post-type=\"page\">\n\t\t\t\t<div class=\"elementor-element elementor-element-3ea2173f e-con-full cmp cmp-basic-text e-flex e-con e-parent\" data-id=\"3ea2173f\" data-element_type=\"container\" data-e-type=\"container\">\n\t\t<div class=\"elementor-element elementor-element-7d1cc64a e-flex e-con-boxed e-con e-child\" data-id=\"7d1cc64a\" data-element_type=\"container\" data-e-type=\"container\">\n\t\t\t\t\t<div class=\"e-con-inner\">\n\t\t\t\t<div class=\"elementor-element elementor-element-694b8592 elementor-widget elementor-widget-heading\" data-id=\"694b8592\" data-element_type=\"widget\" data-e-type=\"widget\" data-widget_type=\"heading.default\">\n\t\t\t\t<div class=\"elementor-widget-container\">\n\t\t\t\t\t<h2 class=\"elementor-heading-title elementor-size-default\">F\u00e1cil y econ\u00f3mico. La mejor manera de pagar los gastos de aplicaci\u00f3n de DACA.\n<\/h2>\t\t\t\t<\/div>\n\t\t\t\t<\/div>\n\t\t\t\t<div class=\"elementor-element elementor-element-1fc6f549 elementor-widget elementor-widget-text-editor\" data-id=\"1fc6f549\" data-element_type=\"widget\" data-e-type=\"widget\" data-widget_type=\"text-editor.default\">\n\t\t\t\t<div class=\"elementor-widget-container\">\n\t\t\t\t\t\t\t\t\t<h3>Lo que necesitas:<\/h3><ul><li>Ser socio de la Cooperativa Latina<\/li><li>Identificaci\u00f3n emitida por el gobierno de cualquier pa\u00eds vigente y con foto o identificaci\u00f3n escolar vigente<\/li><li>Prueba de direcci\u00f3n actual<\/li><li>Aplicante necesita ser mayor de 18 a\u00f1os. Socios menores de 18 a\u00f1os pueden aplicar con la ayuda de uno de sus padres<\/li><\/ul><h3>\u00a0<\/h3><h3>Lo que recibes:<\/h3><ul><li>Same day loan approval for the full $605 DACA application cost (No down payment required)<\/li><li>El plazo del pr\u00e9stamo es de 6 meses<\/li><li>Los fondos del pr\u00e9stamo ser\u00e1n emitidos en un cheque a nombre del Departamento de Homeland Security<\/li><li>No cobramos cargos si el pr\u00e9stamo es pagado antes de la fecha de vencimiento<\/li><li>No requerimos pruebas de ingreso<\/li><li>Maneja tu cuenta en l\u00ednea desde cualquier parte con nuestros servicios electr\u00f3nicos. Haz clic aqu\u00ed para m\u00e1s detalles<\/li><li>Acceso gratuito a tu FICO\u00ae Score a trav\u00e9s de LatinoConnect en l\u00ednea o la aplicaci\u00f3n m\u00f3vil, sin que ello afecte a tu cr\u00e9dito. Realiza un seguimiento de tu puntuaci\u00f3n, comprende los factores que la influyen y mant\u00e9n el control de tu salud financiera. M\u00e1s informaci\u00f3n <a href=\"https:\/\/latinoccu.org\/es\/access-your-fico-score\/\">aqu\u00ed<\/a><\/li><\/ul>\t\t\t\t\t\t\t\t<\/div>\n\t\t\t\t<\/div>\n\t\t\t\t\t<\/div>\n\t\t\t\t<\/div>\n\t\t\t\t<\/div>\n\t\t<div class=\"elementor-element elementor-element-1f2491ed cmp cmp-accord-plus e-flex e-con-boxed e-con e-parent\" data-id=\"1f2491ed\" data-element_type=\"container\" data-e-type=\"container\" data-settings=\"{&quot;background_background&quot;:&quot;classic&quot;}\">\n\t\t\t\t\t<div class=\"e-con-inner\">\n\t\t\t\t<div class=\"elementor-element elementor-element-46f94afa elementor-widget elementor-widget-pp-advanced-accordion\" data-id=\"46f94afa\" data-element_type=\"widget\" data-e-type=\"widget\" data-settings=\"{&quot;accordion_type&quot;:&quot;accordion&quot;,&quot;toggle_speed&quot;:300}\" data-widget_type=\"pp-advanced-accordion.default\">\n\t\t\t\t<div class=\"elementor-widget-container\">\n\t\t\t\t\t\t\t<div class=\"pp-advanced-accordion pp-toggle-icon-align-right\" id=\"pp-advanced-accordion-46f94afa\" data-accordion-id=\"46f94afa\" role=\"tablist\">\n\t\t\t\t\t\t\t<div class=\"pp-accordion-item\">\n\t\t\t\t\t\t\t\t\t\t<div id=\"pp-accordion-tab-title-1191\" class=\"pp-accordion-tab-title\" tabindex=\"0\" data-tab=\"1\" role=\"tab\" aria-controls=\"pp-accordion-tab-content-1191\" aria-expanded=\"false\">\n\t\t\t\t\t\t<span class=\"pp-accordion-title-icon\">\n\t\t\t\t\t\t\t\t\t\t\t\t\t\t<span class=\"pp-accordion-title-text\">\n\t\t\t\t\t\t\t\tLetra peque\u00f1a <div class=\"accord-sub\">Detalles Importantes<\/div>\t\t\t\t\t\t\t<\/span>\n\t\t\t\t\t\t<\/span>\n\t\t\t\t\t\t\t\t\t\t\t\t\t<div class=\"pp-accordion-toggle-icon\">\n\t\t\t\t\t\t\t\t\t\t\t\t\t\t\t\t\t<span class='pp-accordion-toggle-icon-close pp-icon'>\n\t\t\t\t\t\t\t\t\t\t<i aria-hidden=\"true\" class=\"fas fa-angle-up\"><\/i>\t\t\t\t\t\t\t\t\t<\/span>\n\t\t\t\t\t\t\t\t\t\t\t\t\t\t\t\t\t\t\t\t\t\t\t\t\t<span class='pp-accordion-toggle-icon-open pp-icon'>\n\t\t\t\t\t\t\t\t\t\t<i aria-hidden=\"true\" class=\"fas fa-angle-down\"><\/i>\t\t\t\t\t\t\t\t\t<\/span>\n\t\t\t\t\t\t\t\t\t\t\t\t\t\t\t<\/div>\n\t\t\t\t\t\t\t\t\t\t\t<\/div>\n\n\t\t\t\t\t<div id=\"pp-accordion-tab-content-1191\" class=\"pp-accordion-tab-content\" data-tab=\"1\" role=\"tabpanel\" aria-labelledby=\"pp-accordion-tab-title-1191\">\n\t\t\t\t\t\t<ul>\n \t<li>Aprobaci\u00f3n sujeta al historial crediticio del aplicante<\/li>\n \t<li>Cargo por pagos tard\u00edos: $6<\/li>\n \t<li>Cargo por pagos devueltos: $5<\/li>\n<\/ul>\t\t\t\t\t<\/div>\n\t\t\t\t<\/div>\n\t\t\t\t\t<\/div>\n\t\t\t\t\t\t<\/div>\n\t\t\t\t<\/div>\n\t\t\t\t\t<\/div>\n\t\t\t\t<\/div>\n\t\t\t\t<\/div>","protected":false},"excerpt":{"rendered":"<p>Easy and affordable. The best way to cover the fee of your DACA application. What you need: Be a Latino Credit Union member Have a valid government issued photo ID from any country or a valid school ID Proof of current physical address Must be 18 or older to apply. Member under 18 may apply [&hellip;]<\/p>\n","protected":false},"author":19,"featured_media":12794,"parent":16554,"menu_order":0,"comment_status":"closed","ping_status":"closed","template":"","meta":{"_acf_changed":false,"inline_featured_image":false,"footnotes":""},"page-structure":[21],"sidebar-content":[23,27],"class_list":["post-12792","page","type-page","status-publish","has-post-thumbnail","hentry","page-structure-has-sidebar","sidebar-content-footer-join-today","sidebar-content-rates"],"acf":[],"yoast_head":"<!-- This site is optimized with the Yoast SEO plugin v27.2 - https:\/\/yoast.com\/product\/yoast-seo-wordpress\/ -->\n<title>Dreamer Loans - latinoccu.org<\/title>\n<meta name=\"robots\" content=\"index, follow, max-snippet:-1, max-image-preview:large, max-video-preview:-1\" \/>\n<link rel=\"canonical\" href=\"https:\/\/latinoccu.org\/es\/products-and-services\/loans-credit\/dreamer-loans\/\" \/>\n<meta property=\"og:locale\" content=\"es_MX\" \/>\n<meta property=\"og:type\" content=\"article\" \/>\n<meta property=\"og:title\" content=\"Dreamer Loans - latinoccu.org\" \/>\n<meta property=\"og:description\" content=\"Easy and affordable. The best way to cover the fee of your DACA application. What you need: Be a Latino Credit Union member Have a valid government issued photo ID from any country or a valid school ID Proof of current physical address Must be 18 or older to apply. Member under 18 may apply [&hellip;]\" \/>\n<meta property=\"og:url\" content=\"https:\/\/latinoccu.org\/es\/products-and-services\/loans-credit\/dreamer-loans\/\" \/>\n<meta property=\"og:site_name\" content=\"latinoccu.org\" \/>\n<meta property=\"article:modified_time\" content=\"2026-02-19T20:50:39+00:00\" \/>\n<meta property=\"og:image\" content=\"https:\/\/latinoccu.org\/wp-content\/uploads\/2018\/01\/Dreamers-1.jpg\" \/>\n\t<meta property=\"og:image:width\" content=\"1500\" \/>\n\t<meta property=\"og:image:height\" content=\"450\" \/>\n\t<meta property=\"og:image:type\" content=\"image\/jpeg\" \/>\n<meta name=\"twitter:card\" content=\"summary_large_image\" \/>\n<meta name=\"twitter:label1\" content=\"Tiempo de lectura\" \/>\n\t<meta name=\"twitter:data1\" content=\"1 minuto\" \/>\n<script type=\"application\/ld+json\" class=\"yoast-schema-graph\">{\"@context\":\"https:\/\/schema.org\",\"@graph\":[{\"@type\":\"WebPage\",\"@id\":\"https:\/\/latinoccu.org\/products-and-services\/loans-credit\/dreamer-loans\/\",\"url\":\"https:\/\/latinoccu.org\/products-and-services\/loans-credit\/dreamer-loans\/\",\"name\":\"Dreamer Loans - latinoccu.org\",\"isPartOf\":{\"@id\":\"https:\/\/latinoccu.org\/#website\"},\"primaryImageOfPage\":{\"@id\":\"https:\/\/latinoccu.org\/products-and-services\/loans-credit\/dreamer-loans\/#primaryimage\"},\"image\":{\"@id\":\"https:\/\/latinoccu.org\/products-and-services\/loans-credit\/dreamer-loans\/#primaryimage\"},\"thumbnailUrl\":\"https:\/\/latinoccu.org\/wp-content\/uploads\/2018\/01\/Dreamers-1.jpg\",\"datePublished\":\"2018-01-19T13:11:36+00:00\",\"dateModified\":\"2026-02-19T20:50:39+00:00\",\"breadcrumb\":{\"@id\":\"https:\/\/latinoccu.org\/products-and-services\/loans-credit\/dreamer-loans\/#breadcrumb\"},\"inLanguage\":\"es\",\"potentialAction\":[{\"@type\":\"ReadAction\",\"target\":[\"https:\/\/latinoccu.org\/products-and-services\/loans-credit\/dreamer-loans\/\"]}]},{\"@type\":\"ImageObject\",\"inLanguage\":\"es\",\"@id\":\"https:\/\/latinoccu.org\/products-and-services\/loans-credit\/dreamer-loans\/#primaryimage\",\"url\":\"https:\/\/latinoccu.org\/wp-content\/uploads\/2018\/01\/Dreamers-1.jpg\",\"contentUrl\":\"https:\/\/latinoccu.org\/wp-content\/uploads\/2018\/01\/Dreamers-1.jpg\",\"width\":1500,\"height\":450},{\"@type\":\"BreadcrumbList\",\"@id\":\"https:\/\/latinoccu.org\/products-and-services\/loans-credit\/dreamer-loans\/#breadcrumb\",\"itemListElement\":[{\"@type\":\"ListItem\",\"position\":1,\"name\":\"Home\",\"item\":\"https:\/\/latinoccu.org\/\"},{\"@type\":\"ListItem\",\"position\":2,\"name\":\"Products and Services\",\"item\":\"https:\/\/latinoccu.org\/products-and-services\/\"},{\"@type\":\"ListItem\",\"position\":3,\"name\":\"Loans &#038; Credit\",\"item\":\"https:\/\/latinoccu.org\/products-and-services\/loans-credit\/\"},{\"@type\":\"ListItem\",\"position\":4,\"name\":\"Dreamer Loans\"}]},{\"@type\":\"WebSite\",\"@id\":\"https:\/\/latinoccu.org\/#website\",\"url\":\"https:\/\/latinoccu.org\/\",\"name\":\"latinoccu.org\",\"description\":\"\",\"potentialAction\":[{\"@type\":\"SearchAction\",\"target\":{\"@type\":\"EntryPoint\",\"urlTemplate\":\"https:\/\/latinoccu.org\/?s={search_term_string}\"},\"query-input\":{\"@type\":\"PropertyValueSpecification\",\"valueRequired\":true,\"valueName\":\"search_term_string\"}}],\"inLanguage\":\"es\"}]}<\/script>\n<!-- \/ Yoast SEO plugin. -->","yoast_head_json":{"title":"Dreamer Loans - latinoccu.org","robots":{"index":"index","follow":"follow","max-snippet":"max-snippet:-1","max-image-preview":"max-image-preview:large","max-video-preview":"max-video-preview:-1"},"canonical":"https:\/\/latinoccu.org\/es\/products-and-services\/loans-credit\/dreamer-loans\/","og_locale":"es_MX","og_type":"article","og_title":"Dreamer Loans - latinoccu.org","og_description":"Easy and affordable. The best way to cover the fee of your DACA application. What you need: Be a Latino Credit Union member Have a valid government issued photo ID from any country or a valid school ID Proof of current physical address Must be 18 or older to apply. Member under 18 may apply [&hellip;]","og_url":"https:\/\/latinoccu.org\/es\/products-and-services\/loans-credit\/dreamer-loans\/","og_site_name":"latinoccu.org","article_modified_time":"2026-02-19T20:50:39+00:00","og_image":[{"width":1500,"height":450,"url":"https:\/\/latinoccu.org\/wp-content\/uploads\/2018\/01\/Dreamers-1.jpg","type":"image\/jpeg"}],"twitter_card":"summary_large_image","twitter_misc":{"Tiempo de lectura":"1 minuto"},"schema":{"@context":"https:\/\/schema.org","@graph":[{"@type":"WebPage","@id":"https:\/\/latinoccu.org\/products-and-services\/loans-credit\/dreamer-loans\/","url":"https:\/\/latinoccu.org\/products-and-services\/loans-credit\/dreamer-loans\/","name":"Dreamer Loans - latinoccu.org","isPartOf":{"@id":"https:\/\/latinoccu.org\/#website"},"primaryImageOfPage":{"@id":"https:\/\/latinoccu.org\/products-and-services\/loans-credit\/dreamer-loans\/#primaryimage"},"image":{"@id":"https:\/\/latinoccu.org\/products-and-services\/loans-credit\/dreamer-loans\/#primaryimage"},"thumbnailUrl":"https:\/\/latinoccu.org\/wp-content\/uploads\/2018\/01\/Dreamers-1.jpg","datePublished":"2018-01-19T13:11:36+00:00","dateModified":"2026-02-19T20:50:39+00:00","breadcrumb":{"@id":"https:\/\/latinoccu.org\/products-and-services\/loans-credit\/dreamer-loans\/#breadcrumb"},"inLanguage":"es","potentialAction":[{"@type":"ReadAction","target":["https:\/\/latinoccu.org\/products-and-services\/loans-credit\/dreamer-loans\/"]}]},{"@type":"ImageObject","inLanguage":"es","@id":"https:\/\/latinoccu.org\/products-and-services\/loans-credit\/dreamer-loans\/#primaryimage","url":"https:\/\/latinoccu.org\/wp-content\/uploads\/2018\/01\/Dreamers-1.jpg","contentUrl":"https:\/\/latinoccu.org\/wp-content\/uploads\/2018\/01\/Dreamers-1.jpg","width":1500,"height":450},{"@type":"BreadcrumbList","@id":"https:\/\/latinoccu.org\/products-and-services\/loans-credit\/dreamer-loans\/#breadcrumb","itemListElement":[{"@type":"ListItem","position":1,"name":"Home","item":"https:\/\/latinoccu.org\/"},{"@type":"ListItem","position":2,"name":"Products and Services","item":"https:\/\/latinoccu.org\/products-and-services\/"},{"@type":"ListItem","position":3,"name":"Loans &#038; Credit","item":"https:\/\/latinoccu.org\/products-and-services\/loans-credit\/"},{"@type":"ListItem","position":4,"name":"Dreamer Loans"}]},{"@type":"WebSite","@id":"https:\/\/latinoccu.org\/#website","url":"https:\/\/latinoccu.org\/","name":"latinoccu.org","description":"","potentialAction":[{"@type":"SearchAction","target":{"@type":"EntryPoint","urlTemplate":"https:\/\/latinoccu.org\/?s={search_term_string}"},"query-input":{"@type":"PropertyValueSpecification","valueRequired":true,"valueName":"search_term_string"}}],"inLanguage":"es"}]}},"_links":{"self":[{"href":"https:\/\/latinoccu.org\/es\/wp-json\/wp\/v2\/pages\/12792","targetHints":{"allow":["GET"]}}],"collection":[{"href":"https:\/\/latinoccu.org\/es\/wp-json\/wp\/v2\/pages"}],"about":[{"href":"https:\/\/latinoccu.org\/es\/wp-json\/wp\/v2\/types\/page"}],"author":[{"embeddable":true,"href":"https:\/\/latinoccu.org\/es\/wp-json\/wp\/v2\/users\/19"}],"replies":[{"embeddable":true,"href":"https:\/\/latinoccu.org\/es\/wp-json\/wp\/v2\/comments?post=12792"}],"version-history":[{"count":2,"href":"https:\/\/latinoccu.org\/es\/wp-json\/wp\/v2\/pages\/12792\/revisions"}],"predecessor-version":[{"id":22287,"href":"https:\/\/latinoccu.org\/es\/wp-json\/wp\/v2\/pages\/12792\/revisions\/22287"}],"up":[{"embeddable":true,"href":"https:\/\/latinoccu.org\/es\/wp-json\/wp\/v2\/pages\/16554"}],"wp:featuredmedia":[{"embeddable":true,"href":"https:\/\/latinoccu.org\/es\/wp-json\/wp\/v2\/media\/12794"}],"wp:attachment":[{"href":"https:\/\/latinoccu.org\/es\/wp-json\/wp\/v2\/media?parent=12792"}],"wp:term":[{"taxonomy":"page-structure","embeddable":true,"href":"https:\/\/latinoccu.org\/es\/wp-json\/wp\/v2\/page-structure?post=12792"},{"taxonomy":"sidebar-content","embeddable":true,"href":"https:\/\/latinoccu.org\/es\/wp-json\/wp\/v2\/sidebar-content?post=12792"}],"curies":[{"name":"wp","href":"https:\/\/api.w.org\/{rel}","templated":true}]}}