{"id":12431,"date":"2017-05-15T17:03:18","date_gmt":"2017-05-15T21:03:18","guid":{"rendered":"http:\/\/latinoccu.org\/?page_id=12431"},"modified":"2026-03-26T19:49:12","modified_gmt":"2026-03-26T19:49:12","slug":"important-information-organizational-account-applications","status":"publish","type":"page","link":"https:\/\/latinoccu.org\/es\/important-information-organizational-account-applications\/","title":{"rendered":"Informaci\u00f3n Importante para Solicitudes de Cuentas Organizacionales"},"content":{"rendered":"<div data-elementor-type=\"wp-page\" data-elementor-id=\"12431\" class=\"elementor elementor-12431\" data-elementor-post-type=\"page\">\n\t\t\t\t<div class=\"elementor-element elementor-element-72c68fe8 e-con-full mobile-margins cmp cmp-centered-text e-flex e-con e-parent\" data-id=\"72c68fe8\" data-element_type=\"container\" data-e-type=\"container\">\n\t\t<div class=\"elementor-element elementor-element-456e144a e-flex e-con-boxed e-con e-child\" data-id=\"456e144a\" data-element_type=\"container\" data-e-type=\"container\">\n\t\t\t\t\t<div class=\"e-con-inner\">\n\t\t<div class=\"elementor-element elementor-element-461ff858 e-flex e-con-boxed e-con e-child\" data-id=\"461ff858\" data-element_type=\"container\" data-e-type=\"container\">\n\t\t\t\t\t<div class=\"e-con-inner\">\n\t\t\t\t<div class=\"elementor-element elementor-element-531e9086 elementor-widget elementor-widget-text-editor\" data-id=\"531e9086\" data-element_type=\"widget\" data-e-type=\"widget\" data-widget_type=\"text-editor.default\">\n\t\t\t\t<div class=\"elementor-widget-container\">\n\t\t\t\t\t\t\t\t\t<p>Gracias por tu inter\u00e9s en abrir una cuenta organizacional y por considerar hacer una inversi\u00f3n de impacto en la Cooperativa Latina.<\/p><p class=\"translation-block\">Para abrir una cuenta, por favor escriba a investments@latinoccu.org y le enviaremos la Solicitud Organizacional a continuaci\u00f3n a trav\u00e9s de la plataforma Adobe Sign. Este proceso est\u00e1 encriptado y permite m\u00faltiples firmantes.<\/p>\t\t\t\t\t\t\t\t<\/div>\n\t\t\t\t<\/div>\n\t\t\t\t\t<\/div>\n\t\t\t\t<\/div>\n\t\t\t\t\t<\/div>\n\t\t\t\t<\/div>\n\t\t\t\t<\/div>\n\t\t<div class=\"elementor-element elementor-element-34608b5 e-con-full mobile-margins cmp cmp-centered-text e-flex e-con e-parent\" data-id=\"34608b5\" data-element_type=\"container\" data-e-type=\"container\" data-settings=\"{&quot;background_background&quot;:&quot;classic&quot;}\">\n\t\t<div class=\"elementor-element elementor-element-b94a3d8 e-flex e-con-boxed e-con e-child\" data-id=\"b94a3d8\" data-element_type=\"container\" data-e-type=\"container\">\n\t\t\t\t\t<div class=\"e-con-inner\">\n\t\t<div class=\"elementor-element elementor-element-362aa97 e-flex e-con-boxed e-con e-child\" data-id=\"362aa97\" data-element_type=\"container\" data-e-type=\"container\">\n\t\t\t\t\t<div class=\"e-con-inner\">\n\t\t\t\t<div class=\"elementor-element elementor-element-11beb86 elementor-align-center white-buttons elementor-widget elementor-widget-button\" data-id=\"11beb86\" data-element_type=\"widget\" data-e-type=\"widget\" data-widget_type=\"button.default\">\n\t\t\t\t<div class=\"elementor-widget-container\">\n\t\t\t\t\t\t\t\t\t<div class=\"elementor-button-wrapper\">\n\t\t\t\t\t<a class=\"elementor-button elementor-button-link elementor-size-sm\" href=\"https:\/\/latinoccu.org\/wp-content\/uploads\/2025\/09\/LCCU-Org-Application-Packet.pdf\" target=\"_blank\">\n\t\t\t\t\t\t<span class=\"elementor-button-content-wrapper\">\n\t\t\t\t\t\t<span class=\"elementor-button-icon\">\n\t\t\t\t<i aria-hidden=\"true\" class=\"fas fa-angle-right\"><\/i>\t\t\t<\/span>\n\t\t\t\t\t\t\t\t\t<span class=\"elementor-button-text\">Descargar fomularios<\/span>\n\t\t\t\t\t<\/span>\n\t\t\t\t\t<\/a>\n\t\t\t\t<\/div>\n\t\t\t\t\t\t\t\t<\/div>\n\t\t\t\t<\/div>\n\t\t\t\t\t<\/div>\n\t\t\t\t<\/div>\n\t\t\t\t\t<\/div>\n\t\t\t\t<\/div>\n\t\t\t\t<\/div>\n\t\t<div class=\"elementor-element elementor-element-8f12dbb e-con-full mobile-margins cmp cmp-centered-text e-flex e-con e-parent\" data-id=\"8f12dbb\" data-element_type=\"container\" data-e-type=\"container\">\n\t\t<div class=\"elementor-element elementor-element-e71de06 e-flex e-con-boxed e-con e-child\" data-id=\"e71de06\" data-element_type=\"container\" data-e-type=\"container\">\n\t\t\t\t\t<div class=\"e-con-inner\">\n\t\t<div class=\"elementor-element elementor-element-91678ff e-flex e-con-boxed e-con e-child\" data-id=\"91678ff\" data-element_type=\"container\" data-e-type=\"container\">\n\t\t\t\t\t<div class=\"e-con-inner\">\n\t\t\t\t<div class=\"elementor-element elementor-element-aa5bd5b number-li-style elementor-widget elementor-widget-text-editor\" data-id=\"aa5bd5b\" data-element_type=\"widget\" data-e-type=\"widget\" data-widget_type=\"text-editor.default\">\n\t\t\t\t<div class=\"elementor-widget-container\">\n\t\t\t\t\t\t\t\t\t<p style=\"font-weight: 400;\">Si tienes alguna duda, cont\u00e1ctanos al (919) 595-1800 o investments@latinoccu.org.<\/p><p class=\"translation-block\">Por favor tenga en cuenta que, en este momento, la cooperativa no puede abrir cuentas para sociedades de responsabilidad limitada (LLC).<\/p><p>\u00a1Esperamos con entusiasmo asociarnos con su organizaci\u00f3n!<\/p><h3>Para completar estos formularios, necesitar\u00e1s proporcionar lo siguiente:<\/h3><ol><li>Una identificaci\u00f3n v\u00e1lida con foto emitida por el gobierno de cualquier pa\u00eds.<\/li><li>Informaci\u00f3n sobre c\u00f3mo financiar tus nuevas cuentas (puedes enviar un cheque por correo o coordinar una transferencia bancaria)<\/li><li>Documento del N\u00famero de Identificaci\u00f3n del Empleador (EIN) proporcionado por el IRS<\/li><li>Una de las siguientes como prueba de existencia:<ul><li>Copia certificada y con fecha de los art\u00edculos de incorporaci\u00f3n<\/li><li>Acuerdo de Sociedad firmado y fechado<\/li><li>Documento de fideicomiso y la informaci\u00f3n del otorgante<\/li><li>N\u00famero de licencia comercial, o<\/li><li>Las asociaciones sin fines de lucro no incorporadas pueden proporcionar un documento aprobado por la junta que enumere a cada funcionario designado<\/li><\/ul><\/li><li>Completa nuestro Formulario de Resoluci\u00f3n y Autoridad de Firma (si tienes tu propia resoluci\u00f3n est\u00e1ndar, env\u00eda una copia y completa solo las secciones A, B y E de nuestro Formulario de Resoluci\u00f3n y Autoridad de Firma)<\/li><\/ol>\t\t\t\t\t\t\t\t<\/div>\n\t\t\t\t<\/div>\n\t\t\t\t\t<\/div>\n\t\t\t\t<\/div>\n\t\t\t\t\t<\/div>\n\t\t\t\t<\/div>\n\t\t\t\t<\/div>\n\t\t<div class=\"elementor-element elementor-element-d868b4f e-con-full mobile-margins cmp cmp-centered-text e-flex e-con e-parent\" data-id=\"d868b4f\" data-element_type=\"container\" data-e-type=\"container\" data-settings=\"{&quot;background_background&quot;:&quot;classic&quot;}\">\n\t\t<div class=\"elementor-element elementor-element-8df528d e-flex e-con-boxed e-con e-child\" data-id=\"8df528d\" data-element_type=\"container\" data-e-type=\"container\">\n\t\t\t\t\t<div class=\"e-con-inner\">\n\t\t<div class=\"elementor-element elementor-element-27e212e e-flex e-con-boxed e-con e-child\" data-id=\"27e212e\" data-element_type=\"container\" data-e-type=\"container\">\n\t\t\t\t\t<div class=\"e-con-inner\">\n\t\t\t\t<div data-dce-title-color=\"#FFFFFF\" class=\"elementor-element elementor-element-a549754 elementor-widget elementor-widget-heading\" data-id=\"a549754\" data-element_type=\"widget\" data-e-type=\"widget\" data-widget_type=\"heading.default\">\n\t\t\t\t<div class=\"elementor-widget-container\">\n\t\t\t\t\t<h2 class=\"elementor-heading-title elementor-size-default\">\u00bfYa eres Socio Empresarial?<\/h2>\t\t\t\t<\/div>\n\t\t\t\t<\/div>\n\t\t\t\t<div class=\"elementor-element elementor-element-d0929d0 elementor-widget elementor-widget-text-editor\" data-id=\"d0929d0\" data-element_type=\"widget\" data-e-type=\"widget\" data-widget_type=\"text-editor.default\">\n\t\t\t\t<div class=\"elementor-widget-container\">\n\t\t\t\t\t\t\t\t\t<p style=\"font-weight: 400;\">Las organizaciones tienen acceso en l\u00ednea a una<strong> Plataforma Digital de Cuentas Empresariales<\/strong> en todos sus dispositivos. Esta plataforma ofrece un conjunto de caracter\u00edsticas integradas y f\u00e1ciles de usar, dise\u00f1adas para mejorar la conveniencia y la funcionalidad.\u00a0<\/p><p style=\"font-weight: 400;\">Para acceder a la nueva plataforma, tu organizaci\u00f3n debe designar a uno de sus firmantes autorizados como <strong>Administrador de Cuenta<\/strong>. El Administrador de Cuenta tendr\u00e1 la capacidad de asignar \u2018roles\u2019 espec\u00edficos a cada usuario en l\u00ednea. Estos usuarios pueden ser cualquier firmante autorizado u otras personas dentro de tu organizaci\u00f3n a quienes desees otorgar diferentes niveles de acceso.<\/p><p style=\"font-weight: 400;\">Cada \u2018rol\u2019 proporciona un grupo de permisos y l\u00edmites, permitiendo a los usuarios realizar tareas como gesti\u00f3n de cuentas, acceso a estados de cuenta, pago de facturas, transferencias bancarias y m\u00e1s. El Administrador de Cuenta tambi\u00e9n puede agregar, eliminar o actualizar roles de usuario seg\u00fan sea necesario.<\/p><p style=\"font-weight: 400;\">Para gu\u00edas detalladas, consulta los siguientes enlaces:<\/p>\t\t\t\t\t\t\t\t<\/div>\n\t\t\t\t<\/div>\n\t\t\t\t<div class=\"elementor-element elementor-element-9929232 elementor-widget elementor-widget-button\" data-id=\"9929232\" data-element_type=\"widget\" data-e-type=\"widget\" data-widget_type=\"button.default\">\n\t\t\t\t<div class=\"elementor-widget-container\">\n\t\t\t\t\t\t\t\t\t<div class=\"elementor-button-wrapper\">\n\t\t\t\t\t<a class=\"elementor-button elementor-button-link elementor-size-sm\" href=\"https:\/\/latinoccu.org\/wp-content\/uploads\/2026\/03\/1.-Business-Guia-de-Registro.pdf\" target=\"_blank\">\n\t\t\t\t\t\t<span class=\"elementor-button-content-wrapper\">\n\t\t\t\t\t\t\t\t\t<span class=\"elementor-button-text\">Registro Empresarial<\/span>\n\t\t\t\t\t<\/span>\n\t\t\t\t\t<\/a>\n\t\t\t\t<\/div>\n\t\t\t\t\t\t\t\t<\/div>\n\t\t\t\t<\/div>\n\t\t\t\t<div class=\"elementor-element elementor-element-24f262f elementor-widget elementor-widget-button\" data-id=\"24f262f\" data-element_type=\"widget\" data-e-type=\"widget\" data-widget_type=\"button.default\">\n\t\t\t\t<div class=\"elementor-widget-container\">\n\t\t\t\t\t\t\t\t\t<div class=\"elementor-button-wrapper\">\n\t\t\t\t\t<a class=\"elementor-button elementor-button-link elementor-size-sm\" href=\"https:\/\/latinoccu.org\/wp-content\/uploads\/2026\/03\/2.-Creacion-de-Subusuarios.pdf\" target=\"_blank\">\n\t\t\t\t\t\t<span class=\"elementor-button-content-wrapper\">\n\t\t\t\t\t\t\t\t\t<span class=\"elementor-button-text\">Crea tu perfil de subusuario<\/span>\n\t\t\t\t\t<\/span>\n\t\t\t\t\t<\/a>\n\t\t\t\t<\/div>\n\t\t\t\t\t\t\t\t<\/div>\n\t\t\t\t<\/div>\n\t\t\t\t\t<\/div>\n\t\t\t\t<\/div>\n\t\t\t\t\t<\/div>\n\t\t\t\t<\/div>\n\t\t\t\t<\/div>\n\t\t<div data-dce-background-color=\"#FFFFFF\" class=\"elementor-element elementor-element-5877de6 e-con-full mobile-margins cmp cmp-centered-text e-flex e-con e-parent\" data-id=\"5877de6\" data-element_type=\"container\" data-e-type=\"container\" data-settings=\"{&quot;background_background&quot;:&quot;classic&quot;}\">\n\t\t<div class=\"elementor-element elementor-element-52083f1 e-flex e-con-boxed e-con e-child\" data-id=\"52083f1\" data-element_type=\"container\" data-e-type=\"container\">\n\t\t\t\t\t<div class=\"e-con-inner\">\n\t\t<div class=\"elementor-element elementor-element-67c9560 e-flex e-con-boxed e-con e-child\" data-id=\"67c9560\" data-element_type=\"container\" data-e-type=\"container\">\n\t\t\t\t\t<div class=\"e-con-inner\">\n\t\t\t\t<div data-dce-title-color=\"#0C3F6A\" class=\"elementor-element elementor-element-a830abf elementor-widget elementor-widget-heading\" data-id=\"a830abf\" data-element_type=\"widget\" data-e-type=\"widget\" data-widget_type=\"heading.default\">\n\t\t\t\t<div class=\"elementor-widget-container\">\n\t\t\t\t\t<h5 class=\"elementor-heading-title elementor-size-default\">Aviso de Identificaci\u00f3n de Socios<\/h5>\t\t\t\t<\/div>\n\t\t\t\t<\/div>\n\t\t\t\t<div data-dce-text-color=\"#0C3F6A\" class=\"elementor-element elementor-element-407f813 elementor-widget elementor-widget-text-editor\" data-id=\"407f813\" data-element_type=\"widget\" data-e-type=\"widget\" data-widget_type=\"text-editor.default\">\n\t\t\t\t<div class=\"elementor-widget-container\">\n\t\t\t\t\t\t\t\t\tPara ayudar al gobierno a combatir la financiaci\u00f3n del terrorismo y el lavado de dinero, la ley federal exige que todas las instituciones financieras obtengan, verifiquen y registren informaci\u00f3n que identifique a cada persona que abre una cuenta. Esto significa que, al abrir una cuenta, incluidos todos los firmantes autorizados en una cuenta organizacional, te pediremos tu nombre, direcci\u00f3n, fecha de nacimiento y otra informaci\u00f3n para verificar tu identidad. Tambi\u00e9n podr\u00edamos solicitarte que muestres tu licencia conducci\u00f3n u otros documentos de identificaci\u00f3n.\n\n\t\t\t\t\t\t\t\t<\/div>\n\t\t\t\t<\/div>\n\t\t\t\t\t<\/div>\n\t\t\t\t<\/div>\n\t\t\t\t\t<\/div>\n\t\t\t\t<\/div>\n\t\t\t\t<\/div>\n\t\t\t\t<\/div>","protected":false},"excerpt":{"rendered":"<p>Thank you for your interest in opening an organizational account and making an impact investment at Latino Community Credit Union. To open an account, please email investments@latinoccu.org and we will send you the Organizational Application below via Adobe Sign. This process is encrypted and allows for multiple signers.\u00a0\u00a0 Download Forms If you have any questions, [&hellip;]<\/p>\n","protected":false},"author":10,"featured_media":0,"parent":0,"menu_order":0,"comment_status":"closed","ping_status":"closed","template":"","meta":{"_acf_changed":false,"inline_featured_image":false,"footnotes":""},"page-structure":[73],"sidebar-content":[],"class_list":["post-12431","page","type-page","status-publish","hentry","page-structure-no-featured-image"],"acf":[],"yoast_head":"<!-- This site is optimized with the Yoast SEO plugin v27.2 - https:\/\/yoast.com\/product\/yoast-seo-wordpress\/ -->\n<title>Important Information for Organizational Account Applications - latinoccu.org<\/title>\n<meta name=\"robots\" content=\"index, follow, max-snippet:-1, max-image-preview:large, max-video-preview:-1\" \/>\n<link rel=\"canonical\" href=\"https:\/\/latinoccu.org\/es\/important-information-organizational-account-applications\/\" \/>\n<meta property=\"og:locale\" content=\"es_MX\" \/>\n<meta property=\"og:type\" content=\"article\" \/>\n<meta property=\"og:title\" content=\"Important Information for Organizational Account Applications - latinoccu.org\" \/>\n<meta property=\"og:description\" content=\"Thank you for your interest in opening an organizational account and making an impact investment at Latino Community Credit Union. To open an account, please email investments@latinoccu.org and we will send you the Organizational Application below via Adobe Sign. This process is encrypted and allows for multiple signers.\u00a0\u00a0 Download Forms If you have any questions, [&hellip;]\" \/>\n<meta property=\"og:url\" content=\"https:\/\/latinoccu.org\/es\/important-information-organizational-account-applications\/\" \/>\n<meta property=\"og:site_name\" content=\"latinoccu.org\" \/>\n<meta property=\"article:modified_time\" content=\"2026-03-26T19:49:12+00:00\" \/>\n<meta name=\"twitter:card\" content=\"summary_large_image\" \/>\n<meta name=\"twitter:label1\" content=\"Tiempo de lectura\" \/>\n\t<meta name=\"twitter:data1\" content=\"2 minutos\" \/>\n<script type=\"application\/ld+json\" class=\"yoast-schema-graph\">{\"@context\":\"https:\/\/schema.org\",\"@graph\":[{\"@type\":\"WebPage\",\"@id\":\"https:\/\/latinoccu.org\/important-information-organizational-account-applications\/\",\"url\":\"https:\/\/latinoccu.org\/important-information-organizational-account-applications\/\",\"name\":\"Important Information for Organizational Account Applications - latinoccu.org\",\"isPartOf\":{\"@id\":\"https:\/\/latinoccu.org\/#website\"},\"datePublished\":\"2017-05-15T21:03:18+00:00\",\"dateModified\":\"2026-03-26T19:49:12+00:00\",\"breadcrumb\":{\"@id\":\"https:\/\/latinoccu.org\/important-information-organizational-account-applications\/#breadcrumb\"},\"inLanguage\":\"es\",\"potentialAction\":[{\"@type\":\"ReadAction\",\"target\":[\"https:\/\/latinoccu.org\/important-information-organizational-account-applications\/\"]}]},{\"@type\":\"BreadcrumbList\",\"@id\":\"https:\/\/latinoccu.org\/important-information-organizational-account-applications\/#breadcrumb\",\"itemListElement\":[{\"@type\":\"ListItem\",\"position\":1,\"name\":\"Home\",\"item\":\"https:\/\/latinoccu.org\/\"},{\"@type\":\"ListItem\",\"position\":2,\"name\":\"Important Information for Organizational Account Applications\"}]},{\"@type\":\"WebSite\",\"@id\":\"https:\/\/latinoccu.org\/#website\",\"url\":\"https:\/\/latinoccu.org\/\",\"name\":\"latinoccu.org\",\"description\":\"\",\"potentialAction\":[{\"@type\":\"SearchAction\",\"target\":{\"@type\":\"EntryPoint\",\"urlTemplate\":\"https:\/\/latinoccu.org\/?s={search_term_string}\"},\"query-input\":{\"@type\":\"PropertyValueSpecification\",\"valueRequired\":true,\"valueName\":\"search_term_string\"}}],\"inLanguage\":\"es\"}]}<\/script>\n<!-- \/ Yoast SEO plugin. -->","yoast_head_json":{"title":"Important Information for Organizational Account Applications - latinoccu.org","robots":{"index":"index","follow":"follow","max-snippet":"max-snippet:-1","max-image-preview":"max-image-preview:large","max-video-preview":"max-video-preview:-1"},"canonical":"https:\/\/latinoccu.org\/es\/important-information-organizational-account-applications\/","og_locale":"es_MX","og_type":"article","og_title":"Important Information for Organizational Account Applications - latinoccu.org","og_description":"Thank you for your interest in opening an organizational account and making an impact investment at Latino Community Credit Union. To open an account, please email investments@latinoccu.org and we will send you the Organizational Application below via Adobe Sign. This process is encrypted and allows for multiple signers.\u00a0\u00a0 Download Forms If you have any questions, [&hellip;]","og_url":"https:\/\/latinoccu.org\/es\/important-information-organizational-account-applications\/","og_site_name":"latinoccu.org","article_modified_time":"2026-03-26T19:49:12+00:00","twitter_card":"summary_large_image","twitter_misc":{"Tiempo de lectura":"2 minutos"},"schema":{"@context":"https:\/\/schema.org","@graph":[{"@type":"WebPage","@id":"https:\/\/latinoccu.org\/important-information-organizational-account-applications\/","url":"https:\/\/latinoccu.org\/important-information-organizational-account-applications\/","name":"Important Information for Organizational Account Applications - latinoccu.org","isPartOf":{"@id":"https:\/\/latinoccu.org\/#website"},"datePublished":"2017-05-15T21:03:18+00:00","dateModified":"2026-03-26T19:49:12+00:00","breadcrumb":{"@id":"https:\/\/latinoccu.org\/important-information-organizational-account-applications\/#breadcrumb"},"inLanguage":"es","potentialAction":[{"@type":"ReadAction","target":["https:\/\/latinoccu.org\/important-information-organizational-account-applications\/"]}]},{"@type":"BreadcrumbList","@id":"https:\/\/latinoccu.org\/important-information-organizational-account-applications\/#breadcrumb","itemListElement":[{"@type":"ListItem","position":1,"name":"Home","item":"https:\/\/latinoccu.org\/"},{"@type":"ListItem","position":2,"name":"Important Information for Organizational Account Applications"}]},{"@type":"WebSite","@id":"https:\/\/latinoccu.org\/#website","url":"https:\/\/latinoccu.org\/","name":"latinoccu.org","description":"","potentialAction":[{"@type":"SearchAction","target":{"@type":"EntryPoint","urlTemplate":"https:\/\/latinoccu.org\/?s={search_term_string}"},"query-input":{"@type":"PropertyValueSpecification","valueRequired":true,"valueName":"search_term_string"}}],"inLanguage":"es"}]}},"_links":{"self":[{"href":"https:\/\/latinoccu.org\/es\/wp-json\/wp\/v2\/pages\/12431","targetHints":{"allow":["GET"]}}],"collection":[{"href":"https:\/\/latinoccu.org\/es\/wp-json\/wp\/v2\/pages"}],"about":[{"href":"https:\/\/latinoccu.org\/es\/wp-json\/wp\/v2\/types\/page"}],"author":[{"embeddable":true,"href":"https:\/\/latinoccu.org\/es\/wp-json\/wp\/v2\/users\/10"}],"replies":[{"embeddable":true,"href":"https:\/\/latinoccu.org\/es\/wp-json\/wp\/v2\/comments?post=12431"}],"version-history":[{"count":5,"href":"https:\/\/latinoccu.org\/es\/wp-json\/wp\/v2\/pages\/12431\/revisions"}],"predecessor-version":[{"id":22590,"href":"https:\/\/latinoccu.org\/es\/wp-json\/wp\/v2\/pages\/12431\/revisions\/22590"}],"wp:attachment":[{"href":"https:\/\/latinoccu.org\/es\/wp-json\/wp\/v2\/media?parent=12431"}],"wp:term":[{"taxonomy":"page-structure","embeddable":true,"href":"https:\/\/latinoccu.org\/es\/wp-json\/wp\/v2\/page-structure?post=12431"},{"taxonomy":"sidebar-content","embeddable":true,"href":"https:\/\/latinoccu.org\/es\/wp-json\/wp\/v2\/sidebar-content?post=12431"}],"curies":[{"name":"wp","href":"https:\/\/api.w.org\/{rel}","templated":true}]}}