{"id":12123,"date":"2017-03-06T16:55:04","date_gmt":"2017-03-06T16:55:04","guid":{"rendered":"http:\/\/latinoccu.org\/?page_id=12123"},"modified":"2026-02-19T20:59:30","modified_gmt":"2026-02-19T20:59:30","slug":"immigration-assistance-loan","status":"publish","type":"page","link":"https:\/\/latinoccu.org\/es\/products-and-services\/loans-credit\/immigration-assistance-loan\/","title":{"rendered":"Pr\u00e9stamo para Tr\u00e1mites Migratorios"},"content":{"rendered":"<div data-elementor-type=\"wp-page\" data-elementor-id=\"12123\" class=\"elementor elementor-12123\" data-elementor-post-type=\"page\">\n\t\t\t\t<div class=\"elementor-element elementor-element-13f2378 e-con-full cmp cmp-basic-text e-flex e-con e-parent\" data-id=\"13f2378\" data-element_type=\"container\" data-e-type=\"container\">\n\t\t<div class=\"elementor-element elementor-element-308b34a e-flex e-con-boxed e-con e-child\" data-id=\"308b34a\" data-element_type=\"container\" data-e-type=\"container\">\n\t\t\t\t\t<div class=\"e-con-inner\">\n\t\t\t\t<div class=\"elementor-element elementor-element-4f0ff74c elementor-widget elementor-widget-heading\" data-id=\"4f0ff74c\" data-element_type=\"widget\" data-e-type=\"widget\" data-widget_type=\"heading.default\">\n\t\t\t\t<div class=\"elementor-widget-container\">\n\t\t\t\t\t<h2 class=\"elementor-heading-title elementor-size-default\">Porque sabemos lo complejo que puede ser un proceso de inmigraci\u00f3n, estamos contigo en todo momento\n<\/h2>\t\t\t\t<\/div>\n\t\t\t\t<\/div>\n\t\t\t\t<div class=\"elementor-element elementor-element-39ea6847 elementor-widget elementor-widget-text-editor\" data-id=\"39ea6847\" data-element_type=\"widget\" data-e-type=\"widget\" data-widget_type=\"text-editor.default\">\n\t\t\t\t<div class=\"elementor-widget-container\">\n\t\t\t\t\t\t\t\t\t<h3>Lo que necesitas:<\/h3><ul><li>Ser socio de la Cooperativa Latina<\/li><li>Prueba de ingresos<\/li><li>Para trabajadores independientes por lo menos la declaraci\u00f3n de impuestos del \u00faltimo a\u00f1o<\/li><li>Por lo menos un a\u00f1o de historial crediticio para pr\u00e9stamos de m\u00e1s de $500<\/li><\/ul><h3>Lo que recibes:<\/h3><ul><li>Puede ser usado para cubrir todo tipo de gastos relacionados con un proceso migratorio, tales como residencia permanente, ciudadan\u00eda, etc.<\/li><li>Monto m\u00e1ximo:  $15,000 para individuos, $20,000 para cuentas compartidas ($500 sin historial de cr\u00e9dito formal*)<\/li><li>Pr\u00e9stamos asequibles sin historial de cr\u00e9dito<\/li><li>Plazo m\u00ednimo de 6 meses, m\u00e1ximo de 48 meses<\/li><li>No cobramos cargos si el pr\u00e9stamo es pagado antes de la fecha de vencimiento<\/li><li>Maneja tu cuenta en l\u00ednea desde cualquier parte con nuestros servicios electr\u00f3nicos. <a href=\"\/es\/products-and-services\/other-services\/electronic-services\/\">Haz clic aqu\u00ed<\/a> para m\u00e1s detalles.<\/li><li>Acceso gratuito a tu FICO\u00ae Score a trav\u00e9s de LatinoConnect en l\u00ednea o la aplicaci\u00f3n m\u00f3vil, sin que ello afecte a tu cr\u00e9dito. Realiza un seguimiento de tu puntuaci\u00f3n, comprende los factores que la influyen y mant\u00e9n el control de tu salud financiera. M\u00e1s informaci\u00f3n <a href=\"https:\/\/latinoccu.org\/es\/access-your-fico-score\/\">aqu\u00ed<\/a><\/li><\/ul>\t\t\t\t\t\t\t\t<\/div>\n\t\t\t\t<\/div>\n\t\t\t\t\t<\/div>\n\t\t\t\t<\/div>\n\t\t\t\t<\/div>\n\t\t<div class=\"elementor-element elementor-element-1b32d3cf cmp cmp-accord-plus e-flex e-con-boxed e-con e-parent\" data-id=\"1b32d3cf\" data-element_type=\"container\" data-e-type=\"container\" data-settings=\"{&quot;background_background&quot;:&quot;classic&quot;}\">\n\t\t\t\t\t<div class=\"e-con-inner\">\n\t\t\t\t<div class=\"elementor-element elementor-element-4d6421b7 elementor-widget elementor-widget-pp-advanced-accordion\" data-id=\"4d6421b7\" data-element_type=\"widget\" data-e-type=\"widget\" data-settings=\"{&quot;accordion_type&quot;:&quot;accordion&quot;,&quot;toggle_speed&quot;:300}\" data-widget_type=\"pp-advanced-accordion.default\">\n\t\t\t\t<div class=\"elementor-widget-container\">\n\t\t\t\t\t\t\t<div class=\"pp-advanced-accordion pp-toggle-icon-align-right\" id=\"pp-advanced-accordion-4d6421b7\" data-accordion-id=\"4d6421b7\" role=\"tablist\">\n\t\t\t\t\t\t\t<div class=\"pp-accordion-item\">\n\t\t\t\t\t\t\t\t\t\t<div id=\"pp-accordion-tab-title-1291\" class=\"pp-accordion-tab-title\" tabindex=\"0\" data-tab=\"1\" role=\"tab\" aria-controls=\"pp-accordion-tab-content-1291\" aria-expanded=\"false\">\n\t\t\t\t\t\t<span class=\"pp-accordion-title-icon\">\n\t\t\t\t\t\t\t\t\t\t\t\t\t\t<span class=\"pp-accordion-title-text\">\n\t\t\t\t\t\t\t\tLetra peque\u00f1a <div class=\"accord-sub\">Detalles Importantes<\/div>\t\t\t\t\t\t\t<\/span>\n\t\t\t\t\t\t<\/span>\n\t\t\t\t\t\t\t\t\t\t\t\t\t<div class=\"pp-accordion-toggle-icon\">\n\t\t\t\t\t\t\t\t\t\t\t\t\t\t\t\t\t<span class='pp-accordion-toggle-icon-close pp-icon'>\n\t\t\t\t\t\t\t\t\t\t<i aria-hidden=\"true\" class=\"fas fa-angle-up\"><\/i>\t\t\t\t\t\t\t\t\t<\/span>\n\t\t\t\t\t\t\t\t\t\t\t\t\t\t\t\t\t\t\t\t\t\t\t\t\t<span class='pp-accordion-toggle-icon-open pp-icon'>\n\t\t\t\t\t\t\t\t\t\t<i aria-hidden=\"true\" class=\"fas fa-angle-down\"><\/i>\t\t\t\t\t\t\t\t\t<\/span>\n\t\t\t\t\t\t\t\t\t\t\t\t\t\t\t<\/div>\n\t\t\t\t\t\t\t\t\t\t\t<\/div>\n\n\t\t\t\t\t<div id=\"pp-accordion-tab-content-1291\" class=\"pp-accordion-tab-content\" data-tab=\"1\" role=\"tabpanel\" aria-labelledby=\"pp-accordion-tab-title-1291\">\n\t\t\t\t\t\t<ul><li>*Recibos pagados a tiempo de los \u00faltimos seis (6) meses de una (1) factura de servicios a su nombre (luz, tel\u00e9fono, celular, etc)<\/li><li>El monto aprobado estar\u00e1 sujeto al historial crediticio y habilidad de pago del aplicante<\/li><li>Cargo por pagos tard\u00edos: $6<\/li><li>Cargo por pagos devueltos: $5<\/li><\/ul>\t\t\t\t\t<\/div>\n\t\t\t\t<\/div>\n\t\t\t\t\t<\/div>\n\t\t\t\t\t\t<\/div>\n\t\t\t\t<\/div>\n\t\t\t\t\t<\/div>\n\t\t\t\t<\/div>\n\t\t<div class=\"elementor-element elementor-element-31268ae e-con-full cmp cmp-basic-text e-flex e-con e-parent\" data-id=\"31268ae\" data-element_type=\"container\" data-e-type=\"container\">\n\t\t<div class=\"elementor-element elementor-element-7ad5470 e-flex e-con-boxed e-con e-child\" data-id=\"7ad5470\" data-element_type=\"container\" data-e-type=\"container\">\n\t\t\t\t\t<div class=\"e-con-inner\">\n\t\t\t\t<div class=\"elementor-element elementor-element-d2f7813 elementor-widget elementor-widget-heading\" data-id=\"d2f7813\" data-element_type=\"widget\" data-e-type=\"widget\" data-widget_type=\"heading.default\">\n\t\t\t\t<div class=\"elementor-widget-container\">\n\t\t\t\t\t<h2 class=\"elementor-heading-title elementor-size-default\">\u00a1Te pagamos m\u00e1s!\n<\/h2>\t\t\t\t<\/div>\n\t\t\t\t<\/div>\n\t\t\t\t<div class=\"elementor-element elementor-element-3eb4492 elementor-widget elementor-widget-text-editor\" data-id=\"3eb4492\" data-element_type=\"widget\" data-e-type=\"widget\" data-widget_type=\"text-editor.default\">\n\t\t\t\t<div class=\"elementor-widget-container\">\n\t\t\t\t\t\t\t\t\t<p>Con un mayor rendimiento en tus dep\u00f3sitos y cargos m\u00e1s bajos. \u00bfQu\u00e9 esperas? Descubre la diferencia que solo la Cooperativa Latina te puede brindar.<\/p>\t\t\t\t\t\t\t\t<\/div>\n\t\t\t\t<\/div>\n\t\t\t\t\t<\/div>\n\t\t\t\t<\/div>\n\t\t\t\t<\/div>\n\t\t\t\t<\/div>","protected":false},"excerpt":{"rendered":"<p>Because we know how complex an immigration process can be, we are with you every step of the way. What You Need Be a Latino Credit Union member Provide proof of income For self-employed individuals, at least one year of tax returns At least one year of credit history for loans over $500 What You [&hellip;]<\/p>\n","protected":false},"author":19,"featured_media":12124,"parent":16554,"menu_order":0,"comment_status":"closed","ping_status":"closed","template":"","meta":{"_acf_changed":false,"inline_featured_image":false,"footnotes":""},"page-structure":[21],"sidebar-content":[23,27],"class_list":["post-12123","page","type-page","status-publish","has-post-thumbnail","hentry","page-structure-has-sidebar","sidebar-content-footer-join-today","sidebar-content-rates"],"acf":[],"yoast_head":"<!-- This site is optimized with the Yoast SEO plugin v27.2 - https:\/\/yoast.com\/product\/yoast-seo-wordpress\/ -->\n<title>Immigration Assistance Loan - latinoccu.org<\/title>\n<meta name=\"robots\" content=\"index, follow, max-snippet:-1, max-image-preview:large, max-video-preview:-1\" \/>\n<link rel=\"canonical\" href=\"https:\/\/latinoccu.org\/es\/products-and-services\/loans-credit\/immigration-assistance-loan\/\" \/>\n<meta property=\"og:locale\" content=\"es_MX\" \/>\n<meta property=\"og:type\" content=\"article\" \/>\n<meta property=\"og:title\" content=\"Immigration Assistance Loan - latinoccu.org\" \/>\n<meta property=\"og:description\" content=\"Because we know how complex an immigration process can be, we are with you every step of the way. What You Need Be a Latino Credit Union member Provide proof of income For self-employed individuals, at least one year of tax returns At least one year of credit history for loans over $500 What You [&hellip;]\" \/>\n<meta property=\"og:url\" content=\"https:\/\/latinoccu.org\/es\/products-and-services\/loans-credit\/immigration-assistance-loan\/\" \/>\n<meta property=\"og:site_name\" content=\"latinoccu.org\" \/>\n<meta property=\"article:modified_time\" content=\"2026-02-19T20:59:30+00:00\" \/>\n<meta property=\"og:image\" content=\"https:\/\/latinoccu.org\/wp-content\/uploads\/2017\/03\/Citizenship-Loan-1.jpg\" \/>\n\t<meta property=\"og:image:width\" content=\"1500\" \/>\n\t<meta property=\"og:image:height\" content=\"450\" \/>\n\t<meta property=\"og:image:type\" content=\"image\/jpeg\" \/>\n<meta name=\"twitter:card\" content=\"summary_large_image\" \/>\n<meta name=\"twitter:label1\" content=\"Tiempo de lectura\" \/>\n\t<meta name=\"twitter:data1\" content=\"1 minuto\" \/>\n<script type=\"application\/ld+json\" class=\"yoast-schema-graph\">{\"@context\":\"https:\/\/schema.org\",\"@graph\":[{\"@type\":\"WebPage\",\"@id\":\"https:\/\/latinoccu.org\/products-and-services\/loans-credit\/immigration-assistance-loan\/\",\"url\":\"https:\/\/latinoccu.org\/products-and-services\/loans-credit\/immigration-assistance-loan\/\",\"name\":\"Immigration Assistance Loan - latinoccu.org\",\"isPartOf\":{\"@id\":\"https:\/\/latinoccu.org\/#website\"},\"primaryImageOfPage\":{\"@id\":\"https:\/\/latinoccu.org\/products-and-services\/loans-credit\/immigration-assistance-loan\/#primaryimage\"},\"image\":{\"@id\":\"https:\/\/latinoccu.org\/products-and-services\/loans-credit\/immigration-assistance-loan\/#primaryimage\"},\"thumbnailUrl\":\"https:\/\/latinoccu.org\/wp-content\/uploads\/2017\/03\/Citizenship-Loan-1.jpg\",\"datePublished\":\"2017-03-06T16:55:04+00:00\",\"dateModified\":\"2026-02-19T20:59:30+00:00\",\"breadcrumb\":{\"@id\":\"https:\/\/latinoccu.org\/products-and-services\/loans-credit\/immigration-assistance-loan\/#breadcrumb\"},\"inLanguage\":\"es\",\"potentialAction\":[{\"@type\":\"ReadAction\",\"target\":[\"https:\/\/latinoccu.org\/products-and-services\/loans-credit\/immigration-assistance-loan\/\"]}]},{\"@type\":\"ImageObject\",\"inLanguage\":\"es\",\"@id\":\"https:\/\/latinoccu.org\/products-and-services\/loans-credit\/immigration-assistance-loan\/#primaryimage\",\"url\":\"https:\/\/latinoccu.org\/wp-content\/uploads\/2017\/03\/Citizenship-Loan-1.jpg\",\"contentUrl\":\"https:\/\/latinoccu.org\/wp-content\/uploads\/2017\/03\/Citizenship-Loan-1.jpg\",\"width\":1500,\"height\":450},{\"@type\":\"BreadcrumbList\",\"@id\":\"https:\/\/latinoccu.org\/products-and-services\/loans-credit\/immigration-assistance-loan\/#breadcrumb\",\"itemListElement\":[{\"@type\":\"ListItem\",\"position\":1,\"name\":\"Home\",\"item\":\"https:\/\/latinoccu.org\/\"},{\"@type\":\"ListItem\",\"position\":2,\"name\":\"Products and Services\",\"item\":\"https:\/\/latinoccu.org\/products-and-services\/\"},{\"@type\":\"ListItem\",\"position\":3,\"name\":\"Loans &#038; Credit\",\"item\":\"https:\/\/latinoccu.org\/products-and-services\/loans-credit\/\"},{\"@type\":\"ListItem\",\"position\":4,\"name\":\"Immigration Assistance Loan\"}]},{\"@type\":\"WebSite\",\"@id\":\"https:\/\/latinoccu.org\/#website\",\"url\":\"https:\/\/latinoccu.org\/\",\"name\":\"latinoccu.org\",\"description\":\"\",\"potentialAction\":[{\"@type\":\"SearchAction\",\"target\":{\"@type\":\"EntryPoint\",\"urlTemplate\":\"https:\/\/latinoccu.org\/?s={search_term_string}\"},\"query-input\":{\"@type\":\"PropertyValueSpecification\",\"valueRequired\":true,\"valueName\":\"search_term_string\"}}],\"inLanguage\":\"es\"}]}<\/script>\n<!-- \/ Yoast SEO plugin. -->","yoast_head_json":{"title":"Immigration Assistance Loan - latinoccu.org","robots":{"index":"index","follow":"follow","max-snippet":"max-snippet:-1","max-image-preview":"max-image-preview:large","max-video-preview":"max-video-preview:-1"},"canonical":"https:\/\/latinoccu.org\/es\/products-and-services\/loans-credit\/immigration-assistance-loan\/","og_locale":"es_MX","og_type":"article","og_title":"Immigration Assistance Loan - latinoccu.org","og_description":"Because we know how complex an immigration process can be, we are with you every step of the way. What You Need Be a Latino Credit Union member Provide proof of income For self-employed individuals, at least one year of tax returns At least one year of credit history for loans over $500 What You [&hellip;]","og_url":"https:\/\/latinoccu.org\/es\/products-and-services\/loans-credit\/immigration-assistance-loan\/","og_site_name":"latinoccu.org","article_modified_time":"2026-02-19T20:59:30+00:00","og_image":[{"width":1500,"height":450,"url":"https:\/\/latinoccu.org\/wp-content\/uploads\/2017\/03\/Citizenship-Loan-1.jpg","type":"image\/jpeg"}],"twitter_card":"summary_large_image","twitter_misc":{"Tiempo de lectura":"1 minuto"},"schema":{"@context":"https:\/\/schema.org","@graph":[{"@type":"WebPage","@id":"https:\/\/latinoccu.org\/products-and-services\/loans-credit\/immigration-assistance-loan\/","url":"https:\/\/latinoccu.org\/products-and-services\/loans-credit\/immigration-assistance-loan\/","name":"Immigration Assistance Loan - latinoccu.org","isPartOf":{"@id":"https:\/\/latinoccu.org\/#website"},"primaryImageOfPage":{"@id":"https:\/\/latinoccu.org\/products-and-services\/loans-credit\/immigration-assistance-loan\/#primaryimage"},"image":{"@id":"https:\/\/latinoccu.org\/products-and-services\/loans-credit\/immigration-assistance-loan\/#primaryimage"},"thumbnailUrl":"https:\/\/latinoccu.org\/wp-content\/uploads\/2017\/03\/Citizenship-Loan-1.jpg","datePublished":"2017-03-06T16:55:04+00:00","dateModified":"2026-02-19T20:59:30+00:00","breadcrumb":{"@id":"https:\/\/latinoccu.org\/products-and-services\/loans-credit\/immigration-assistance-loan\/#breadcrumb"},"inLanguage":"es","potentialAction":[{"@type":"ReadAction","target":["https:\/\/latinoccu.org\/products-and-services\/loans-credit\/immigration-assistance-loan\/"]}]},{"@type":"ImageObject","inLanguage":"es","@id":"https:\/\/latinoccu.org\/products-and-services\/loans-credit\/immigration-assistance-loan\/#primaryimage","url":"https:\/\/latinoccu.org\/wp-content\/uploads\/2017\/03\/Citizenship-Loan-1.jpg","contentUrl":"https:\/\/latinoccu.org\/wp-content\/uploads\/2017\/03\/Citizenship-Loan-1.jpg","width":1500,"height":450},{"@type":"BreadcrumbList","@id":"https:\/\/latinoccu.org\/products-and-services\/loans-credit\/immigration-assistance-loan\/#breadcrumb","itemListElement":[{"@type":"ListItem","position":1,"name":"Home","item":"https:\/\/latinoccu.org\/"},{"@type":"ListItem","position":2,"name":"Products and Services","item":"https:\/\/latinoccu.org\/products-and-services\/"},{"@type":"ListItem","position":3,"name":"Loans &#038; Credit","item":"https:\/\/latinoccu.org\/products-and-services\/loans-credit\/"},{"@type":"ListItem","position":4,"name":"Immigration Assistance Loan"}]},{"@type":"WebSite","@id":"https:\/\/latinoccu.org\/#website","url":"https:\/\/latinoccu.org\/","name":"latinoccu.org","description":"","potentialAction":[{"@type":"SearchAction","target":{"@type":"EntryPoint","urlTemplate":"https:\/\/latinoccu.org\/?s={search_term_string}"},"query-input":{"@type":"PropertyValueSpecification","valueRequired":true,"valueName":"search_term_string"}}],"inLanguage":"es"}]}},"_links":{"self":[{"href":"https:\/\/latinoccu.org\/es\/wp-json\/wp\/v2\/pages\/12123","targetHints":{"allow":["GET"]}}],"collection":[{"href":"https:\/\/latinoccu.org\/es\/wp-json\/wp\/v2\/pages"}],"about":[{"href":"https:\/\/latinoccu.org\/es\/wp-json\/wp\/v2\/types\/page"}],"author":[{"embeddable":true,"href":"https:\/\/latinoccu.org\/es\/wp-json\/wp\/v2\/users\/19"}],"replies":[{"embeddable":true,"href":"https:\/\/latinoccu.org\/es\/wp-json\/wp\/v2\/comments?post=12123"}],"version-history":[{"count":2,"href":"https:\/\/latinoccu.org\/es\/wp-json\/wp\/v2\/pages\/12123\/revisions"}],"predecessor-version":[{"id":22291,"href":"https:\/\/latinoccu.org\/es\/wp-json\/wp\/v2\/pages\/12123\/revisions\/22291"}],"up":[{"embeddable":true,"href":"https:\/\/latinoccu.org\/es\/wp-json\/wp\/v2\/pages\/16554"}],"wp:featuredmedia":[{"embeddable":true,"href":"https:\/\/latinoccu.org\/es\/wp-json\/wp\/v2\/media\/12124"}],"wp:attachment":[{"href":"https:\/\/latinoccu.org\/es\/wp-json\/wp\/v2\/media?parent=12123"}],"wp:term":[{"taxonomy":"page-structure","embeddable":true,"href":"https:\/\/latinoccu.org\/es\/wp-json\/wp\/v2\/page-structure?post=12123"},{"taxonomy":"sidebar-content","embeddable":true,"href":"https:\/\/latinoccu.org\/es\/wp-json\/wp\/v2\/sidebar-content?post=12123"}],"curies":[{"name":"wp","href":"https:\/\/api.w.org\/{rel}","templated":true}]}}