{"id":12059,"date":"2017-02-21T16:50:57","date_gmt":"2017-02-21T21:50:57","guid":{"rendered":"http:\/\/latinoccu.org\/?page_id=12059"},"modified":"2026-03-04T20:38:24","modified_gmt":"2026-03-04T20:38:24","slug":"important-information-online-applicants","status":"publish","type":"page","link":"https:\/\/latinoccu.org\/es\/become-a-member-2\/important-information-online-applicants\/","title":{"rendered":"Informaci\u00f3n Importante para tu Solicitud"},"content":{"rendered":"<div data-elementor-type=\"wp-page\" data-elementor-id=\"12059\" class=\"elementor elementor-12059\" data-elementor-post-type=\"page\">\n\t\t\t\t<div class=\"elementor-element elementor-element-7c85bf0c e-con-full mobile-margins cmp cmp-centered-text e-flex e-con e-parent\" data-id=\"7c85bf0c\" data-element_type=\"container\" data-e-type=\"container\">\n\t\t<div class=\"elementor-element elementor-element-442a0900 e-flex e-con-boxed e-con e-child\" data-id=\"442a0900\" data-element_type=\"container\" data-e-type=\"container\">\n\t\t\t\t\t<div class=\"e-con-inner\">\n\t\t<div class=\"elementor-element elementor-element-419eeac8 e-flex e-con-boxed e-con e-child\" data-id=\"419eeac8\" data-element_type=\"container\" data-e-type=\"container\">\n\t\t\t\t\t<div class=\"e-con-inner\">\n\t\t\t\t<div class=\"elementor-element elementor-element-b481194 elementor-widget elementor-widget-text-editor\" data-id=\"b481194\" data-element_type=\"widget\" data-e-type=\"widget\" data-widget_type=\"text-editor.default\">\n\t\t\t\t<div class=\"elementor-widget-container\">\n\t\t\t\t\t\t\t\t\t<p>En\u202fla Cooperativa Latina, nos alegra que est\u00e9s interesado en ser parte de nuestra comunidad. Hacerse miembro es sencillo, y estamos aqu\u00ed para acompa\u00f1arte en cada paso del proceso.<\/p>\t\t\t\t\t\t\t\t<\/div>\n\t\t\t\t<\/div>\n\t\t\t\t<div class=\"elementor-element elementor-element-6083d034 elementor-widget elementor-widget-heading\" data-id=\"6083d034\" data-element_type=\"widget\" data-e-type=\"widget\" data-widget_type=\"heading.default\">\n\t\t\t\t<div class=\"elementor-widget-container\">\n\t\t\t\t\t<h3 class=\"elementor-heading-title elementor-size-default\"><b>Membres\u00eda Individual:\n<\/b><\/h3>\t\t\t\t<\/div>\n\t\t\t\t<\/div>\n\t\t\t\t<div class=\"elementor-element elementor-element-75cd7402 number-li-style elementor-widget elementor-widget-text-editor\" data-id=\"75cd7402\" data-element_type=\"widget\" data-e-type=\"widget\" data-widget_type=\"text-editor.default\">\n\t\t\t\t<div class=\"elementor-widget-container\">\n\t\t\t\t\t\t\t\t\t<p><span data-contrast=\"auto\">Puedes solicitar tu membres\u00eda individual en l\u00ednea o en persona en cualquiera de nuestras sucursales.<\/span><span data-ccp-props=\"{}\">\u00a0<\/span><\/p><p><span data-contrast=\"auto\">Para solicitarla, necesitar\u00e1s:<\/span><span data-ccp-props=\"{}\">\u00a0<\/span><\/p><ul><li><span class=\"TextRun SCXW248569164 BCX0\" lang=\"EN-US\" xml:lang=\"EN-US\" data-contrast=\"auto\"><span class=\"NormalTextRun SCXW248569164 BCX0\">Tu nombre legal completo y tu direcci\u00f3n f\u00edsica actual (Si tu identificaci\u00f3n muestra una direcci\u00f3n diferente, deber\u00e1s presentar un comprobante de domicilio).<\/span><\/span><span class=\"EOP SCXW248569164 BCX0\" data-ccp-props=\"{&quot;134233117&quot;:false,&quot;134233118&quot;:false,&quot;335559738&quot;:240,&quot;335559739&quot;:240}\">\u00a0<\/span><\/li><li><span class=\"TextRun SCXW173890354 BCX0\" lang=\"EN-US\" xml:lang=\"EN-US\" data-contrast=\"auto\"><span class=\"NormalTextRun SCXW173890354 BCX0\">Un N\u00famero de Seguro Social (SSN) <\/span><\/span><span class=\"TextRun SCXW173890354 BCX0\" lang=\"EN-US\" xml:lang=\"EN-US\" data-contrast=\"auto\"><span class=\"NormalTextRun SCXW173890354 BCX0\">v\u00e1lido o un\u00a0<\/span><span class=\"NormalTextRun SCXW173890354 BCX0\">N\u00famero de Identificaci\u00f3n Personal del Contribuyente<\/span><span class=\"NormalTextRun SCXW173890354 BCX0\"> (<\/span><\/span><span class=\"TextRun SCXW173890354 BCX0\" lang=\"EN-US\" xml:lang=\"EN-US\" data-contrast=\"auto\"><span class=\"NormalTextRun SCXW173890354 BCX0\"><a href=\"https:\/\/latinoccu.org\/es\/products-and-services\/other-services\/special-services\/\">ITIN<\/a>).<\/span><\/span><\/li><li><span class=\"TextRun SCXW133269304 BCX0\" lang=\"EN-US\" xml:lang=\"EN-US\" data-contrast=\"auto\"><span class=\"NormalTextRun SCXW133269304 BCX0\">Una identificaci\u00f3n oficial con foto v\u00e1lida.<\/span><\/span><\/li><li><span class=\"TextRun SCXW220709546 BCX0\" lang=\"EN-US\" xml:lang=\"EN-US\" data-contrast=\"auto\"><span class=\"NormalTextRun SCXW220709546 BCX0\">Informaci\u00f3n sobre c\u00f3mo financiar\u00e1s tu nueva cuenta (Puedes enviar un cheque, hacer una transferencia ACH o depositar en una sucursal).<\/span><\/span><\/li><li><span class=\"TextRun SCXW9348586 BCX0\" lang=\"EN-US\" xml:lang=\"EN-US\" data-contrast=\"auto\"><span class=\"NormalTextRun SCXW9348586 BCX0\">Confirmar que has le\u00eddo y aceptado<\/span><\/span>\u00a0nuestras: <strong><a href=\"\/es\/rules-regulations\/\">Reglas y Reglamentos<\/a><\/strong>, <a href=\"https:\/\/latinoccu.org\/es\/term-of-use\/privacy-notice\/\"><strong>Aviso de Privacidad<\/strong><\/a>y <a href=\"\/es\/fees\/\"><strong>Tabla de Tarifas.<\/strong><\/a><\/li><\/ul>\t\t\t\t\t\t\t\t<\/div>\n\t\t\t\t<\/div>\n\t\t\t\t<div class=\"elementor-element elementor-element-125bb84 elementor-widget elementor-widget-heading\" data-id=\"125bb84\" data-element_type=\"widget\" data-e-type=\"widget\" data-widget_type=\"heading.default\">\n\t\t\t\t<div class=\"elementor-widget-container\">\n\t\t\t\t\t<h3 class=\"elementor-heading-title elementor-size-default\"><b>Solicitudes para J\u00f3venes:\n<\/b><\/h3>\t\t\t\t<\/div>\n\t\t\t\t<\/div>\n\t\t\t\t<div class=\"elementor-element elementor-element-b8601a7 number-li-style elementor-widget elementor-widget-text-editor\" data-id=\"b8601a7\" data-element_type=\"widget\" data-e-type=\"widget\" data-widget_type=\"text-editor.default\">\n\t\t\t\t<div class=\"elementor-widget-container\">\n\t\t\t\t\t\t\t\t\t<p><span data-contrast=\"auto\">Las cuentas para j\u00f3venes est\u00e1n disponibles para personas menores de 18 a\u00f1os.<\/span><span data-ccp-props=\"{}\">\u00a0<\/span><\/p><p><span data-contrast=\"auto\">Para abrir una cuenta juvenil, necesitar\u00e1s:<\/span><span data-ccp-props=\"{}\">\u00a0<\/span><\/p><ul><li><span class=\"TextRun SCXW244441083 BCX0\" lang=\"EN-US\" xml:lang=\"EN-US\" data-contrast=\"auto\"><span class=\"NormalTextRun SCXW244441083 BCX0\">Una identificaci\u00f3n oficial con foto v\u00e1lida.<\/span><\/span><\/li><li><span class=\"TextRun SCXW201652310 BCX0\" lang=\"EN-US\" xml:lang=\"EN-US\" data-contrast=\"auto\"><span class=\"NormalTextRun SCXW201652310 BCX0\">Un N\u00famero de Seguro Social (SSN)\u00a0<\/span><span class=\"NormalTextRun SCXW201652310 BCX0\">or Individual Tax Identification Number (<\/span><\/span><a class=\"Hyperlink SCXW201652310 BCX0\" href=\"https:\/\/latinoccu.org\/es\/products-and-services\/other-services\/special-services\/\" target=\"_blank\" rel=\"noreferrer noopener\"><span class=\"TextRun Underlined SCXW201652310 BCX0\" lang=\"EN-US\" xml:lang=\"EN-US\" data-contrast=\"none\"><span class=\"NormalTextRun SCXW201652310 BCX0\" data-ccp-charstyle=\"Hyperlink\">ITIN<\/span><\/span><\/a><span class=\"TextRun SCXW201652310 BCX0\" lang=\"EN-US\" xml:lang=\"EN-US\" data-contrast=\"auto\"><span class=\"NormalTextRun SCXW201652310 BCX0\">)<\/span><\/span><\/li><li><span class=\"TextRun SCXW30750127 BCX0\" lang=\"EN-US\" xml:lang=\"EN-US\" data-contrast=\"auto\"><span class=\"NormalTextRun SCXW30750127 BCX0\">Proof of address if different from your ID<\/span><span class=\"NormalTextRun SCXW30750127 BCX0\">\u00a0<\/span><span class=\"NormalTextRun SCXW30750127 BCX0\">(Utility bill, lease agreement, or similar document)<\/span><span class=\"NormalTextRun SCXW30750127 BCX0\">.<\/span><\/span><\/li><\/ul>\t\t\t\t\t\t\t\t<\/div>\n\t\t\t\t<\/div>\n\t\t\t\t\t<\/div>\n\t\t\t\t<\/div>\n\t\t\t\t\t<\/div>\n\t\t\t\t<\/div>\n\t\t\t\t<\/div>\n\t\t<div class=\"elementor-element elementor-element-148b532 e-con-full mobile-margins cmp cmp-centered-text e-flex e-con e-parent\" data-id=\"148b532\" data-element_type=\"container\" data-e-type=\"container\" data-settings=\"{&quot;background_background&quot;:&quot;classic&quot;}\">\n\t\t<div class=\"elementor-element elementor-element-b75099e e-flex e-con-boxed e-con e-child\" data-id=\"b75099e\" data-element_type=\"container\" data-e-type=\"container\">\n\t\t\t\t\t<div class=\"e-con-inner\">\n\t\t<div class=\"elementor-element elementor-element-37ac5b2 e-flex e-con-boxed e-con e-child\" data-id=\"37ac5b2\" data-element_type=\"container\" data-e-type=\"container\">\n\t\t\t\t\t<div class=\"e-con-inner\">\n\t\t\t\t<div class=\"elementor-element elementor-element-571df1a elementor-widget elementor-widget-heading\" data-id=\"571df1a\" data-element_type=\"widget\" data-e-type=\"widget\" data-widget_type=\"heading.default\">\n\t\t\t\t<div class=\"elementor-widget-container\">\n\t\t\t\t\t<h3 class=\"elementor-heading-title elementor-size-default\">Aviso de Identificaci\u00f3n de Socios\n<\/h3>\t\t\t\t<\/div>\n\t\t\t\t<\/div>\n\t\t\t\t<div class=\"elementor-element elementor-element-c07d254 number-li-style elementor-widget elementor-widget-text-editor\" data-id=\"c07d254\" data-element_type=\"widget\" data-e-type=\"widget\" data-widget_type=\"text-editor.default\">\n\t\t\t\t<div class=\"elementor-widget-container\">\n\t\t\t\t\t\t\t\t\t<p><span data-ccp-props=\"{}\">\u00a0<\/span><\/p><p><span data-contrast=\"auto\">Para ayudar al gobierno a combatir el financiamiento del terrorismo y el lavado de dinero, la ley federal exige que todas las instituciones financieras obtengan, verifiquen y registren informaci\u00f3n que identifique a cada persona que abre una cuenta.\u00a0<\/span><span data-ccp-props=\"{}\">\u00a0<\/span><\/p><p><span data-ccp-props=\"{}\">\u00a0<\/span><span data-contrast=\"auto\">Cuando abras una cuenta, te pediremos tu nombre, direcci\u00f3n, fecha de nacimiento y otra informaci\u00f3n para verificar tu identidad. Tambi\u00e9n podremos solicitarte tu licencia de conducir u otros documentos de identificaci\u00f3n.<\/span><span data-ccp-props=\"{}\">\u00a0<\/span><\/p>\t\t\t\t\t\t\t\t<\/div>\n\t\t\t\t<\/div>\n\t\t\t\t\t<\/div>\n\t\t\t\t<\/div>\n\t\t\t\t\t<\/div>\n\t\t\t\t<\/div>\n\t\t\t\t<\/div>\n\t\t<div data-dce-background-color=\"#0C3F6A\" class=\"elementor-element elementor-element-2be5822 e-con-full mobile-margins cmp cmp-centered-text e-flex e-con e-parent\" data-id=\"2be5822\" data-element_type=\"container\" data-e-type=\"container\" data-settings=\"{&quot;background_background&quot;:&quot;classic&quot;}\">\n\t\t<div class=\"elementor-element elementor-element-f347b0b e-flex e-con-boxed e-con e-child\" data-id=\"f347b0b\" data-element_type=\"container\" data-e-type=\"container\">\n\t\t\t\t\t<div class=\"e-con-inner\">\n\t\t<div class=\"elementor-element elementor-element-c000303 e-flex e-con-boxed e-con e-child\" data-id=\"c000303\" data-element_type=\"container\" data-e-type=\"container\">\n\t\t\t\t\t<div class=\"e-con-inner\">\n\t\t\t\t<div class=\"elementor-element elementor-element-0abefc8 elementor-widget elementor-widget-heading\" data-id=\"0abefc8\" data-element_type=\"widget\" data-e-type=\"widget\" data-widget_type=\"heading.default\">\n\t\t\t\t<div class=\"elementor-widget-container\">\n\t\t\t\t\t<h3 class=\"elementor-heading-title elementor-size-default\">\u00bfListo para Comenzar?<\/h3>\t\t\t\t<\/div>\n\t\t\t\t<\/div>\n\t\t\t\t<div class=\"elementor-element elementor-element-f8bb3e9 number-li-style elementor-widget elementor-widget-text-editor\" data-id=\"f8bb3e9\" data-element_type=\"widget\" data-e-type=\"widget\" data-widget_type=\"text-editor.default\">\n\t\t\t\t<div class=\"elementor-widget-container\">\n\t\t\t\t\t\t\t\t\t<p class=\"translation-block\">\u00danete a una instituci\u00f3n financiera que apoya tus metas y pone a sus socios en primer lugar.<\/p>\t\t\t\t\t\t\t\t<\/div>\n\t\t\t\t<\/div>\n\t\t<div class=\"elementor-element elementor-element-e2ed6e2 e-con-full e-flex e-con e-child\" data-id=\"e2ed6e2\" data-element_type=\"container\" data-e-type=\"container\">\n\t\t\t\t<div class=\"elementor-element elementor-element-1471daf elementor-align-center white-buttons elementor-widget elementor-widget-button\" data-id=\"1471daf\" data-element_type=\"widget\" data-e-type=\"widget\" data-widget_type=\"button.default\">\n\t\t\t\t<div class=\"elementor-widget-container\">\n\t\t\t\t\t\t\t\t\t<div class=\"elementor-button-wrapper\">\n\t\t\t\t\t<a class=\"elementor-button elementor-button-link elementor-size-sm\" href=\"https:\/\/connect.latinoccu.org\/application\" target=\"_blank\">\n\t\t\t\t\t\t<span class=\"elementor-button-content-wrapper\">\n\t\t\t\t\t\t<span class=\"elementor-button-icon\">\n\t\t\t\t<i aria-hidden=\"true\" class=\"fas fa-angle-right\"><\/i>\t\t\t<\/span>\n\t\t\t\t\t\t\t\t\t<span class=\"elementor-button-text\">Solicitar en L\u00ednea\u202f<\/span>\n\t\t\t\t\t<\/span>\n\t\t\t\t\t<\/a>\n\t\t\t\t<\/div>\n\t\t\t\t\t\t\t\t<\/div>\n\t\t\t\t<\/div>\n\t\t\t\t<div class=\"elementor-element elementor-element-b11cf8e elementor-widget elementor-widget-spacer\" data-id=\"b11cf8e\" data-element_type=\"widget\" data-e-type=\"widget\" data-widget_type=\"spacer.default\">\n\t\t\t\t<div class=\"elementor-widget-container\">\n\t\t\t\t\t\t\t<div class=\"elementor-spacer\">\n\t\t\t<div class=\"elementor-spacer-inner\"><\/div>\n\t\t<\/div>\n\t\t\t\t\t\t<\/div>\n\t\t\t\t<\/div>\n\t\t\t\t<div class=\"elementor-element elementor-element-499fdd1 elementor-align-center white-buttons elementor-widget elementor-widget-button\" data-id=\"499fdd1\" data-element_type=\"widget\" data-e-type=\"widget\" data-widget_type=\"button.default\">\n\t\t\t\t<div class=\"elementor-widget-container\">\n\t\t\t\t\t\t\t\t\t<div class=\"elementor-button-wrapper\">\n\t\t\t\t\t<a class=\"elementor-button elementor-button-link elementor-size-sm\" href=\"https:\/\/latinoccu.org\/es\/contact-locations\/#locations\" target=\"_blank\">\n\t\t\t\t\t\t<span class=\"elementor-button-content-wrapper\">\n\t\t\t\t\t\t<span class=\"elementor-button-icon\">\n\t\t\t\t<i aria-hidden=\"true\" class=\"fas fa-angle-right\"><\/i>\t\t\t<\/span>\n\t\t\t\t\t\t\t\t\t<span class=\"elementor-button-text\">Buscar una Sucursal<\/span>\n\t\t\t\t\t<\/span>\n\t\t\t\t\t<\/a>\n\t\t\t\t<\/div>\n\t\t\t\t\t\t\t\t<\/div>\n\t\t\t\t<\/div>\n\t\t\t\t<\/div>\n\t\t\t\t\t<\/div>\n\t\t\t\t<\/div>\n\t\t\t\t\t<\/div>\n\t\t\t\t<\/div>\n\t\t\t\t<\/div>\n\t\t<div data-dce-background-color=\"#009BB3\" class=\"elementor-element elementor-element-a230b77 e-con-full mobile-margins cmp cmp-centered-text e-flex e-con e-parent\" data-id=\"a230b77\" data-element_type=\"container\" data-e-type=\"container\" data-settings=\"{&quot;background_background&quot;:&quot;classic&quot;}\">\n\t\t<div class=\"elementor-element elementor-element-b3b95fc e-flex e-con-boxed e-con e-child\" data-id=\"b3b95fc\" data-element_type=\"container\" data-e-type=\"container\">\n\t\t\t\t\t<div class=\"e-con-inner\">\n\t\t<div class=\"elementor-element elementor-element-9d31b31 e-flex e-con-boxed e-con e-child\" data-id=\"9d31b31\" data-element_type=\"container\" data-e-type=\"container\">\n\t\t\t\t\t<div class=\"e-con-inner\">\n\t\t\t\t<div class=\"elementor-element elementor-element-3c76a20 elementor-widget elementor-widget-heading\" data-id=\"3c76a20\" data-element_type=\"widget\" data-e-type=\"widget\" data-widget_type=\"heading.default\">\n\t\t\t\t<div class=\"elementor-widget-container\">\n\t\t\t\t\t<h3 class=\"elementor-heading-title elementor-size-default\">Otras Opciones de Membres\u00eda<\/h3>\t\t\t\t<\/div>\n\t\t\t\t<\/div>\n\t\t\t\t<div class=\"elementor-element elementor-element-2051691 number-li-style elementor-widget elementor-widget-text-editor\" data-id=\"2051691\" data-element_type=\"widget\" data-e-type=\"widget\" data-widget_type=\"text-editor.default\">\n\t\t\t\t<div class=\"elementor-widget-container\">\n\t\t\t\t\t\t\t\t\t<p><span data-contrast=\"auto\">\u00bfTe interesa abrir una cuenta para tu negocio u organizaci\u00f3n?\u00a0<\/span><span data-contrast=\"auto\">Conoce m\u00e1s sobre nuestras opciones adicionales.<\/span><span data-ccp-props=\"{&quot;335551550&quot;:2,&quot;335551620&quot;:2}\">\u00a0<\/span><\/p>\t\t\t\t\t\t\t\t<\/div>\n\t\t\t\t<\/div>\n\t\t\t\t<div class=\"elementor-element elementor-element-b8c2d49 elementor-align-center white-buttons elementor-widget elementor-widget-button\" data-id=\"b8c2d49\" data-element_type=\"widget\" data-e-type=\"widget\" data-widget_type=\"button.default\">\n\t\t\t\t<div class=\"elementor-widget-container\">\n\t\t\t\t\t\t\t\t\t<div class=\"elementor-button-wrapper\">\n\t\t\t\t\t<a class=\"elementor-button elementor-button-link elementor-size-sm\" href=\"https:\/\/latinoccu.org\/es\/become-a-member-2\/\" target=\"_blank\">\n\t\t\t\t\t\t<span class=\"elementor-button-content-wrapper\">\n\t\t\t\t\t\t<span class=\"elementor-button-icon\">\n\t\t\t\t<i aria-hidden=\"true\" class=\"fas fa-angle-right\"><\/i>\t\t\t<\/span>\n\t\t\t\t\t\t\t\t\t<span class=\"elementor-button-text\">Hazte Socio<\/span>\n\t\t\t\t\t<\/span>\n\t\t\t\t\t<\/a>\n\t\t\t\t<\/div>\n\t\t\t\t\t\t\t\t<\/div>\n\t\t\t\t<\/div>\n\t\t\t\t\t<\/div>\n\t\t\t\t<\/div>\n\t\t\t\t\t<\/div>\n\t\t\t\t<\/div>\n\t\t\t\t<\/div>\n\t\t\t\t<\/div>","protected":false},"excerpt":{"rendered":"<p>We\u2019re excited that you\u2019re interested in joining our credit union. Becoming a member is simple, and we\u2019re here to guide you every step of the way. For Individual Membership: You may apply for\u00a0an individual\u00a0membership online or in person at any of our branches.\u00a0 To apply, you will need:\u00a0 Your full legal name and current physical [&hellip;]<\/p>\n","protected":false},"author":19,"featured_media":0,"parent":1324,"menu_order":0,"comment_status":"closed","ping_status":"closed","template":"","meta":{"_acf_changed":false,"inline_featured_image":false,"footnotes":""},"page-structure":[73],"sidebar-content":[],"class_list":["post-12059","page","type-page","status-publish","hentry","page-structure-no-featured-image"],"acf":[],"yoast_head":"<!-- This site is optimized with the Yoast SEO plugin v27.2 - https:\/\/yoast.com\/product\/yoast-seo-wordpress\/ -->\n<title>Important Information for Applicants - latinoccu.org<\/title>\n<meta name=\"robots\" content=\"index, follow, max-snippet:-1, max-image-preview:large, max-video-preview:-1\" \/>\n<link rel=\"canonical\" href=\"https:\/\/latinoccu.org\/es\/become-a-member-2\/important-information-online-applicants\/\" \/>\n<meta property=\"og:locale\" content=\"es_MX\" \/>\n<meta property=\"og:type\" content=\"article\" \/>\n<meta property=\"og:title\" content=\"Important Information for Applicants - latinoccu.org\" \/>\n<meta property=\"og:description\" content=\"We\u2019re excited that you\u2019re interested in joining our credit union. Becoming a member is simple, and we\u2019re here to guide you every step of the way. For Individual Membership: You may apply for\u00a0an individual\u00a0membership online or in person at any of our branches.\u00a0 To apply, you will need:\u00a0 Your full legal name and current physical [&hellip;]\" \/>\n<meta property=\"og:url\" content=\"https:\/\/latinoccu.org\/es\/become-a-member-2\/important-information-online-applicants\/\" \/>\n<meta property=\"og:site_name\" content=\"latinoccu.org\" \/>\n<meta property=\"article:modified_time\" content=\"2026-03-04T20:38:24+00:00\" \/>\n<meta name=\"twitter:card\" content=\"summary_large_image\" \/>\n<meta name=\"twitter:label1\" content=\"Tiempo de lectura\" \/>\n\t<meta name=\"twitter:data1\" content=\"2 minutos\" \/>\n<script type=\"application\/ld+json\" class=\"yoast-schema-graph\">{\"@context\":\"https:\/\/schema.org\",\"@graph\":[{\"@type\":\"WebPage\",\"@id\":\"https:\/\/latinoccu.org\/become-a-member-2\/important-information-online-applicants\/\",\"url\":\"https:\/\/latinoccu.org\/become-a-member-2\/important-information-online-applicants\/\",\"name\":\"Important Information for Applicants - latinoccu.org\",\"isPartOf\":{\"@id\":\"https:\/\/latinoccu.org\/#website\"},\"datePublished\":\"2017-02-21T21:50:57+00:00\",\"dateModified\":\"2026-03-04T20:38:24+00:00\",\"breadcrumb\":{\"@id\":\"https:\/\/latinoccu.org\/become-a-member-2\/important-information-online-applicants\/#breadcrumb\"},\"inLanguage\":\"es\",\"potentialAction\":[{\"@type\":\"ReadAction\",\"target\":[\"https:\/\/latinoccu.org\/become-a-member-2\/important-information-online-applicants\/\"]}]},{\"@type\":\"BreadcrumbList\",\"@id\":\"https:\/\/latinoccu.org\/become-a-member-2\/important-information-online-applicants\/#breadcrumb\",\"itemListElement\":[{\"@type\":\"ListItem\",\"position\":1,\"name\":\"Home\",\"item\":\"https:\/\/latinoccu.org\/\"},{\"@type\":\"ListItem\",\"position\":2,\"name\":\"Become A Member\",\"item\":\"https:\/\/latinoccu.org\/become-a-member-2\/\"},{\"@type\":\"ListItem\",\"position\":3,\"name\":\"Important Information for Applicants\"}]},{\"@type\":\"WebSite\",\"@id\":\"https:\/\/latinoccu.org\/#website\",\"url\":\"https:\/\/latinoccu.org\/\",\"name\":\"latinoccu.org\",\"description\":\"\",\"potentialAction\":[{\"@type\":\"SearchAction\",\"target\":{\"@type\":\"EntryPoint\",\"urlTemplate\":\"https:\/\/latinoccu.org\/?s={search_term_string}\"},\"query-input\":{\"@type\":\"PropertyValueSpecification\",\"valueRequired\":true,\"valueName\":\"search_term_string\"}}],\"inLanguage\":\"es\"}]}<\/script>\n<!-- \/ Yoast SEO plugin. -->","yoast_head_json":{"title":"Important Information for Applicants - latinoccu.org","robots":{"index":"index","follow":"follow","max-snippet":"max-snippet:-1","max-image-preview":"max-image-preview:large","max-video-preview":"max-video-preview:-1"},"canonical":"https:\/\/latinoccu.org\/es\/become-a-member-2\/important-information-online-applicants\/","og_locale":"es_MX","og_type":"article","og_title":"Important Information for Applicants - latinoccu.org","og_description":"We\u2019re excited that you\u2019re interested in joining our credit union. Becoming a member is simple, and we\u2019re here to guide you every step of the way. For Individual Membership: You may apply for\u00a0an individual\u00a0membership online or in person at any of our branches.\u00a0 To apply, you will need:\u00a0 Your full legal name and current physical [&hellip;]","og_url":"https:\/\/latinoccu.org\/es\/become-a-member-2\/important-information-online-applicants\/","og_site_name":"latinoccu.org","article_modified_time":"2026-03-04T20:38:24+00:00","twitter_card":"summary_large_image","twitter_misc":{"Tiempo de lectura":"2 minutos"},"schema":{"@context":"https:\/\/schema.org","@graph":[{"@type":"WebPage","@id":"https:\/\/latinoccu.org\/become-a-member-2\/important-information-online-applicants\/","url":"https:\/\/latinoccu.org\/become-a-member-2\/important-information-online-applicants\/","name":"Important Information for Applicants - latinoccu.org","isPartOf":{"@id":"https:\/\/latinoccu.org\/#website"},"datePublished":"2017-02-21T21:50:57+00:00","dateModified":"2026-03-04T20:38:24+00:00","breadcrumb":{"@id":"https:\/\/latinoccu.org\/become-a-member-2\/important-information-online-applicants\/#breadcrumb"},"inLanguage":"es","potentialAction":[{"@type":"ReadAction","target":["https:\/\/latinoccu.org\/become-a-member-2\/important-information-online-applicants\/"]}]},{"@type":"BreadcrumbList","@id":"https:\/\/latinoccu.org\/become-a-member-2\/important-information-online-applicants\/#breadcrumb","itemListElement":[{"@type":"ListItem","position":1,"name":"Home","item":"https:\/\/latinoccu.org\/"},{"@type":"ListItem","position":2,"name":"Become A Member","item":"https:\/\/latinoccu.org\/become-a-member-2\/"},{"@type":"ListItem","position":3,"name":"Important Information for Applicants"}]},{"@type":"WebSite","@id":"https:\/\/latinoccu.org\/#website","url":"https:\/\/latinoccu.org\/","name":"latinoccu.org","description":"","potentialAction":[{"@type":"SearchAction","target":{"@type":"EntryPoint","urlTemplate":"https:\/\/latinoccu.org\/?s={search_term_string}"},"query-input":{"@type":"PropertyValueSpecification","valueRequired":true,"valueName":"search_term_string"}}],"inLanguage":"es"}]}},"_links":{"self":[{"href":"https:\/\/latinoccu.org\/es\/wp-json\/wp\/v2\/pages\/12059","targetHints":{"allow":["GET"]}}],"collection":[{"href":"https:\/\/latinoccu.org\/es\/wp-json\/wp\/v2\/pages"}],"about":[{"href":"https:\/\/latinoccu.org\/es\/wp-json\/wp\/v2\/types\/page"}],"author":[{"embeddable":true,"href":"https:\/\/latinoccu.org\/es\/wp-json\/wp\/v2\/users\/19"}],"replies":[{"embeddable":true,"href":"https:\/\/latinoccu.org\/es\/wp-json\/wp\/v2\/comments?post=12059"}],"version-history":[{"count":0,"href":"https:\/\/latinoccu.org\/es\/wp-json\/wp\/v2\/pages\/12059\/revisions"}],"up":[{"embeddable":true,"href":"https:\/\/latinoccu.org\/es\/wp-json\/wp\/v2\/pages\/1324"}],"wp:attachment":[{"href":"https:\/\/latinoccu.org\/es\/wp-json\/wp\/v2\/media?parent=12059"}],"wp:term":[{"taxonomy":"page-structure","embeddable":true,"href":"https:\/\/latinoccu.org\/es\/wp-json\/wp\/v2\/page-structure?post=12059"},{"taxonomy":"sidebar-content","embeddable":true,"href":"https:\/\/latinoccu.org\/es\/wp-json\/wp\/v2\/sidebar-content?post=12059"}],"curies":[{"name":"wp","href":"https:\/\/api.w.org\/{rel}","templated":true}]}}