{"id":1116,"date":"2016-08-25T11:53:16","date_gmt":"2016-08-25T15:53:16","guid":{"rendered":"http:\/\/latinoccu.org\/?page_id=1116"},"modified":"2026-02-02T17:53:28","modified_gmt":"2026-02-02T17:53:28","slug":"micro-business-savings","status":"publish","type":"page","link":"https:\/\/latinoccu.org\/es\/products-and-services\/savings\/micro-business-savings\/","title":{"rendered":"Cuentas de Ahorro para Microempresas"},"content":{"rendered":"<div data-elementor-type=\"wp-page\" data-elementor-id=\"1116\" class=\"elementor elementor-1116\" data-elementor-post-type=\"page\">\n\t\t\t\t<div data-dce-background-color=\"#3B868A\" class=\"elementor-element elementor-element-a18160c e-flex e-con-boxed e-con e-parent\" data-id=\"a18160c\" data-element_type=\"container\" data-e-type=\"container\" data-settings=\"{&quot;background_background&quot;:&quot;classic&quot;}\">\n\t\t\t\t\t<div class=\"e-con-inner\">\n\t\t\t\t<div data-dce-text-color=\"#FFFFFF\" class=\"elementor-element elementor-element-7d852be elementor-widget elementor-widget-text-editor\" data-id=\"7d852be\" data-element_type=\"widget\" data-e-type=\"widget\" data-widget_type=\"text-editor.default\">\n\t\t\t\t<div class=\"elementor-widget-container\">\n\t\t\t\t\t\t\t\t\t<h4><span class=\"TrackChangeTextInsertion TrackedChange SCXW253775422 BCX4\"><span class=\"TextRun Highlight SCXW253775422 BCX4\" lang=\"EN-US\" xml:lang=\"EN-US\" data-contrast=\"auto\"><span class=\"NormalTextRun SCXW253775422 BCX4\">\u26a0 <strong>\u00a1Pr\u00f3ximamente habr\u00e1 nuevas opciones para cuentas de negocios! <\/strong><\/span><\/span><\/span><span class=\"TrackChangeTextInsertion TrackedChange SCXW253775422 BCX4\"><span class=\"TextRun Highlight SCXW253775422 BCX4\" lang=\"EN-US\" xml:lang=\"EN-US\" data-contrast=\"auto\"><span class=\"NormalTextRun SCXW253775422 BCX4\">Estamos<\/span><span class=\"NormalTextRun SCXW253775422 BCX4\"> trabajando activamente para ampliar nuestra oferta de cuentas de negocios con el fin de brindar un mejor servicio a nuestros socios. Pr\u00f3ximamente habr\u00e1 m\u00e1s opciones y funciones disponibles. Obt\u00e9n m\u00e1s informaci\u00f3n <\/span><\/span><\/span><span style=\"text-decoration: underline;\"><strong><a href=\"https:\/\/latinoccu.org\/es\/products-and-services\/business-accounts\/\"><span class=\"TrackChangeTextInsertion TrackedChange SCXW253775422 BCX4\"><span class=\"TextRun Highlight Underlined SCXW253775422 BCX4\" lang=\"EN-US\" xml:lang=\"EN-US\" data-contrast=\"auto\"><span class=\"NormalTextRun SCXW253775422 BCX4\">aqu\u00ed<\/span><\/span><\/span><\/a><\/strong><\/span> y mantente atento a las novedades.<span class=\"TrackChangeTextInsertion TrackedChange SCXW253775422 BCX4\"><span class=\"TextRun Highlight SCXW253775422 BCX4\" lang=\"EN-US\" xml:lang=\"EN-US\" data-contrast=\"auto\"><span class=\"NormalTextRun SCXW253775422 BCX4\">.<\/span><\/span><\/span><span class=\"EOP TrackedChange SCXW253775422 BCX4\" data-ccp-props=\"{}\">\u00a0<\/span><\/h4>\t\t\t\t\t\t\t\t<\/div>\n\t\t\t\t<\/div>\n\t\t\t\t\t<\/div>\n\t\t\t\t<\/div>\n\t\t<div class=\"elementor-element elementor-element-509924fe e-con-full cmp cmp-basic-text e-flex e-con e-parent\" data-id=\"509924fe\" data-element_type=\"container\" data-e-type=\"container\">\n\t\t<div class=\"elementor-element elementor-element-4c42e3ef e-flex e-con-boxed e-con e-child\" data-id=\"4c42e3ef\" data-element_type=\"container\" data-e-type=\"container\">\n\t\t\t\t\t<div class=\"e-con-inner\">\n\t\t\t\t<div class=\"elementor-element elementor-element-3cda400 elementor-widget elementor-widget-heading\" data-id=\"3cda400\" data-element_type=\"widget\" data-e-type=\"widget\" data-widget_type=\"heading.default\">\n\t\t\t\t<div class=\"elementor-widget-container\">\n\t\t\t\t\t<h2 class=\"elementor-heading-title elementor-size-default\">Establecer una base financiera s\u00f3lida para tu negocio personal es clave para su crecimiento futuro.<\/h2>\t\t\t\t<\/div>\n\t\t\t\t<\/div>\n\t\t\t\t<div class=\"elementor-element elementor-element-079beba elementor-widget elementor-widget-heading\" data-id=\"079beba\" data-element_type=\"widget\" data-e-type=\"widget\" data-widget_type=\"heading.default\">\n\t\t\t\t<div class=\"elementor-widget-container\">\n\t\t\t\t\t<h2 class=\"elementor-heading-title elementor-size-default\">Cuentas de Ahorro para Microempresas<\/h2>\t\t\t\t<\/div>\n\t\t\t\t<\/div>\n\t\t\t\t<div class=\"elementor-element elementor-element-589b9184 elementor-widget elementor-widget-text-editor\" data-id=\"589b9184\" data-element_type=\"widget\" data-e-type=\"widget\" data-widget_type=\"text-editor.default\">\n\t\t\t\t<div class=\"elementor-widget-container\">\n\t\t\t\t\t\t\t\t\t<h3>Lo que necesitas:<\/h3><ul><li>Dep\u00f3sito inicial m\u00ednimo de $100<\/li><li>Saldo m\u00ednimo: $100<\/li><li>Ser socio de la Cooperativa Latina<\/li><li>Solo para empresas de un solo propietario<\/li><\/ul>\t\t\t\t\t\t\t\t<\/div>\n\t\t\t\t<\/div>\n\t\t\t\t\t<\/div>\n\t\t\t\t<\/div>\n\t\t\t\t<\/div>\n\t\t<div class=\"elementor-element elementor-element-710befc6 e-con-full cmp cmp-basic-text e-flex e-con e-parent\" data-id=\"710befc6\" data-element_type=\"container\" data-e-type=\"container\">\n\t\t\t\t<div class=\"elementor-element elementor-element-723a502 elementor-widget-divider--view-line elementor-widget elementor-widget-divider\" data-id=\"723a502\" data-element_type=\"widget\" data-e-type=\"widget\" data-widget_type=\"divider.default\">\n\t\t\t\t<div class=\"elementor-widget-container\">\n\t\t\t\t\t\t\t<div class=\"elementor-divider\">\n\t\t\t<span class=\"elementor-divider-separator\">\n\t\t\t\t\t\t<\/span>\n\t\t<\/div>\n\t\t\t\t\t\t<\/div>\n\t\t\t\t<\/div>\n\t\t<div class=\"elementor-element elementor-element-114d9751 e-flex e-con-boxed e-con e-child\" data-id=\"114d9751\" data-element_type=\"container\" data-e-type=\"container\">\n\t\t\t\t\t<div class=\"e-con-inner\">\n\t\t\t\t<div class=\"elementor-element elementor-element-f827db0 elementor-widget elementor-widget-heading\" data-id=\"f827db0\" data-element_type=\"widget\" data-e-type=\"widget\" data-widget_type=\"heading.default\">\n\t\t\t\t<div class=\"elementor-widget-container\">\n\t\t\t\t\t<h2 class=\"elementor-heading-title elementor-size-default\">Cuentas Ahorromax para Microempresas<\/h2>\t\t\t\t<\/div>\n\t\t\t\t<\/div>\n\t\t\t\t<div class=\"elementor-element elementor-element-649e6872 elementor-widget elementor-widget-text-editor\" data-id=\"649e6872\" data-element_type=\"widget\" data-e-type=\"widget\" data-widget_type=\"text-editor.default\">\n\t\t\t\t<div class=\"elementor-widget-container\">\n\t\t\t\t\t\t\t\t\t<h3>Lo que necesitas:<\/h3><ul><li>Dep\u00f3sito inicial m\u00ednimo de $1,000<\/li><li>Saldo m\u00ednimo: $1,000<\/li><li>Ser socio de la Cooperativa Latina<\/li><li>Solo para empresas de un solo propietario<\/li><\/ul><h3>\u00a0<\/h3><h3>Lo que recibes:<\/h3><ul><li>Sin cargos por mantenimiento si mantienes el saldo m\u00ednimo diario*<\/li><li class=\"translation-block\">Tasas de inter\u00e9s competitivas<\/li><li>Posibilidad de recibir tus estados de cuenta de forma electr\u00f3nica<\/li><li>Tu dinero est\u00e1 seguro y asegurado federalmente hasta $250,000 por la NCUA<\/li><li>Maneja tu cuenta en l\u00ednea desde cualquier parte con nuestros servicios electr\u00f3nicos. <a class=\"local\" href=\"\/es\/products-and-services\/other-services\/electronic-services\/\">Haz clic aqu\u00ed<\/a>\u00a0para m\u00e1s detalles.<\/li><\/ul>\t\t\t\t\t\t\t\t<\/div>\n\t\t\t\t<\/div>\n\t\t\t\t\t<\/div>\n\t\t\t\t<\/div>\n\t\t\t\t<\/div>\n\t\t<div class=\"elementor-element elementor-element-4f086237 cmp cmp-accord-plus e-flex e-con-boxed e-con e-parent\" data-id=\"4f086237\" data-element_type=\"container\" data-e-type=\"container\" data-settings=\"{&quot;background_background&quot;:&quot;classic&quot;}\">\n\t\t\t\t\t<div class=\"e-con-inner\">\n\t\t\t\t<div class=\"elementor-element elementor-element-56f815aa elementor-widget elementor-widget-pp-advanced-accordion\" data-id=\"56f815aa\" data-element_type=\"widget\" data-e-type=\"widget\" data-settings=\"{&quot;accordion_type&quot;:&quot;accordion&quot;,&quot;toggle_speed&quot;:300}\" data-widget_type=\"pp-advanced-accordion.default\">\n\t\t\t\t<div class=\"elementor-widget-container\">\n\t\t\t\t\t\t\t<div class=\"pp-advanced-accordion pp-toggle-icon-align-right\" id=\"pp-advanced-accordion-56f815aa\" data-accordion-id=\"56f815aa\" role=\"tablist\">\n\t\t\t\t\t\t\t<div class=\"pp-accordion-item\">\n\t\t\t\t\t\t\t\t\t\t<div id=\"pp-accordion-tab-title-1451\" class=\"pp-accordion-tab-title\" tabindex=\"0\" data-tab=\"1\" role=\"tab\" aria-controls=\"pp-accordion-tab-content-1451\" aria-expanded=\"false\">\n\t\t\t\t\t\t<span class=\"pp-accordion-title-icon\">\n\t\t\t\t\t\t\t\t\t\t\t\t\t\t<span class=\"pp-accordion-title-text\">\n\t\t\t\t\t\t\t\tLetra peque\u00f1a <div class=\"accord-sub\">Detalles Importantes<\/div>\t\t\t\t\t\t\t<\/span>\n\t\t\t\t\t\t<\/span>\n\t\t\t\t\t\t\t\t\t\t\t\t\t<div class=\"pp-accordion-toggle-icon\">\n\t\t\t\t\t\t\t\t\t\t\t\t\t\t\t\t\t<span class='pp-accordion-toggle-icon-close pp-icon'>\n\t\t\t\t\t\t\t\t\t\t<i aria-hidden=\"true\" class=\"fas fa-angle-up\"><\/i>\t\t\t\t\t\t\t\t\t<\/span>\n\t\t\t\t\t\t\t\t\t\t\t\t\t\t\t\t\t\t\t\t\t\t\t\t\t<span class='pp-accordion-toggle-icon-open pp-icon'>\n\t\t\t\t\t\t\t\t\t\t<i aria-hidden=\"true\" class=\"fas fa-angle-down\"><\/i>\t\t\t\t\t\t\t\t\t<\/span>\n\t\t\t\t\t\t\t\t\t\t\t\t\t\t\t<\/div>\n\t\t\t\t\t\t\t\t\t\t\t<\/div>\n\n\t\t\t\t\t<div id=\"pp-accordion-tab-content-1451\" class=\"pp-accordion-tab-content\" data-tab=\"1\" role=\"tabpanel\" aria-labelledby=\"pp-accordion-tab-title-1451\">\n\t\t\t\t\t\t<ul><li>*Para evitar una tarifa mensual de $8, es necesario mantener un saldo m\u00ednimo de $100 en tu cuenta de Ahorros para Microempresas. De igual manera, para evitar la tarifa mensual de $8 en tu Cuentas Ahorromax para Microempresas, es necesario mantener un saldo m\u00ednimo de $1,000. Visita nuestra p\u00e1gina de tarifas para conocer todos los cargos asociados con estas cuentas.<\/li><\/ul><p><a class=\"accord-link\" href=\"\/es\/rules-regulations\/\">M\u00e1s Informaci\u00f3n<\/a><\/p>\t\t\t\t\t<\/div>\n\t\t\t\t<\/div>\n\t\t\t\t\t<\/div>\n\t\t\t\t\t\t<\/div>\n\t\t\t\t<\/div>\n\t\t\t\t\t<\/div>\n\t\t\t\t<\/div>\n\t\t<div class=\"elementor-element elementor-element-f28722c e-flex e-con-boxed e-con e-parent\" data-id=\"f28722c\" data-element_type=\"container\" data-e-type=\"container\">\n\t\t\t\t\t<div class=\"e-con-inner\">\n\t\t\t\t<div class=\"elementor-element elementor-element-0953573 elementor-widget elementor-widget-heading\" data-id=\"0953573\" data-element_type=\"widget\" data-e-type=\"widget\" data-widget_type=\"heading.default\">\n\t\t\t\t<div class=\"elementor-widget-container\">\n\t\t\t\t\t<h2 class=\"elementor-heading-title elementor-size-default\">\u00a1Te pagamos m\u00e1s!<\/h2>\t\t\t\t<\/div>\n\t\t\t\t<\/div>\n\t\t\t\t\t<\/div>\n\t\t\t\t<\/div>\n\t\t<div class=\"elementor-element elementor-element-388847b3 e-con-full cmp cmp-basic-text e-flex e-con e-parent\" data-id=\"388847b3\" data-element_type=\"container\" data-e-type=\"container\">\n\t\t<div class=\"elementor-element elementor-element-57581329 e-flex e-con-boxed e-con e-child\" data-id=\"57581329\" data-element_type=\"container\" data-e-type=\"container\">\n\t\t\t\t\t<div class=\"e-con-inner\">\n\t\t\t\t<div class=\"elementor-element elementor-element-5a3e2540 elementor-widget elementor-widget-text-editor\" data-id=\"5a3e2540\" data-element_type=\"widget\" data-e-type=\"widget\" data-widget_type=\"text-editor.default\">\n\t\t\t\t<div class=\"elementor-widget-container\">\n\t\t\t\t\t\t\t\t\t<p>Con tasas de inter\u00e9s m\u00e1s altas y tarifas m\u00e1s bajas. \u00bfPor qu\u00e9 esperar? Descubre el ahorro que solo la Cooperativa Latina puede ofrecerte.<\/p>\t\t\t\t\t\t\t\t<\/div>\n\t\t\t\t<\/div>\n\t\t\t\t\t<\/div>\n\t\t\t\t<\/div>\n\t\t\t\t<\/div>\n\t\t<div class=\"elementor-element elementor-element-55428d4 e-flex e-con-boxed e-con e-parent\" data-id=\"55428d4\" data-element_type=\"container\" data-e-type=\"container\">\n\t\t\t\t\t<div class=\"e-con-inner\">\n\t\t\t\t<div class=\"elementor-element elementor-element-4b4b99d elementor-widget elementor-widget-image\" data-id=\"4b4b99d\" data-element_type=\"widget\" data-e-type=\"widget\" data-widget_type=\"image.default\">\n\t\t\t\t<div class=\"elementor-widget-container\">\n\t\t\t\t\t<style>.elementor-element-4b4b99d{display:none !important}<\/style>\t\t\t\t<\/div>\n\t\t\t\t<\/div>\n\t\t\t\t<div class=\"elementor-element elementor-element-84908e4 elementor-widget elementor-widget-image\" data-id=\"84908e4\" data-element_type=\"widget\" data-e-type=\"widget\" data-widget_type=\"image.default\">\n\t\t\t\t<div class=\"elementor-widget-container\">\n\t\t\t\t\t\t\t\t\t\t\t\t\t\t\t<img fetchpriority=\"high\" decoding=\"async\" width=\"700\" height=\"250\" src=\"https:\/\/latinoccu.org\/wp-content\/uploads\/2023\/06\/micro-bussines-savings-spanish.png\" class=\"attachment-large size-large wp-image-19480\" alt=\"\" srcset=\"https:\/\/latinoccu.org\/wp-content\/uploads\/2023\/06\/micro-bussines-savings-spanish.png 700w, https:\/\/latinoccu.org\/wp-content\/uploads\/2023\/06\/micro-bussines-savings-spanish-300x107.png 300w, https:\/\/latinoccu.org\/wp-content\/uploads\/2023\/06\/micro-bussines-savings-spanish-18x6.png 18w\" sizes=\"(max-width: 700px) 100vw, 700px\" \/>\t\t\t\t\t\t\t\t\t\t\t\t\t\t\t<\/div>\n\t\t\t\t<\/div>\n\t\t\t\t\t<\/div>\n\t\t\t\t<\/div>\n\t\t\t\t<\/div>","protected":false},"excerpt":{"rendered":"<p>\u26a0 New Business Account Options Coming Soon! We\u2019re actively working on expanding our business account offerings to better support our members. More options and features are on the way. Learn more here and stay tuned for updates.\u00a0 Giving your personal business a solid financial base is key to its future growth. Micro Business Savings What [&hellip;]<\/p>\n","protected":false},"author":19,"featured_media":1117,"parent":1185,"menu_order":0,"comment_status":"closed","ping_status":"closed","template":"","meta":{"_acf_changed":false,"inline_featured_image":false,"footnotes":""},"page-structure":[21],"sidebar-content":[23,27],"class_list":["post-1116","page","type-page","status-publish","has-post-thumbnail","hentry","page-structure-has-sidebar","sidebar-content-footer-join-today","sidebar-content-rates"],"acf":[],"yoast_head":"<!-- This site is optimized with the Yoast SEO plugin v27.2 - https:\/\/yoast.com\/product\/yoast-seo-wordpress\/ -->\n<title>Micro Business Savings Accounts - latinoccu.org<\/title>\n<meta name=\"robots\" content=\"index, follow, max-snippet:-1, max-image-preview:large, max-video-preview:-1\" \/>\n<link rel=\"canonical\" href=\"https:\/\/latinoccu.org\/es\/products-and-services\/savings\/micro-business-savings\/\" \/>\n<meta property=\"og:locale\" content=\"es_MX\" \/>\n<meta property=\"og:type\" content=\"article\" \/>\n<meta property=\"og:title\" content=\"Micro Business Savings Accounts - latinoccu.org\" \/>\n<meta property=\"og:description\" content=\"\u26a0 New Business Account Options Coming Soon! We\u2019re actively working on expanding our business account offerings to better support our members. More options and features are on the way. Learn more here and stay tuned for updates.\u00a0 Giving your personal business a solid financial base is key to its future growth. Micro Business Savings What [&hellip;]\" \/>\n<meta property=\"og:url\" content=\"https:\/\/latinoccu.org\/es\/products-and-services\/savings\/micro-business-savings\/\" \/>\n<meta property=\"og:site_name\" content=\"latinoccu.org\" \/>\n<meta property=\"article:modified_time\" content=\"2026-02-02T17:53:28+00:00\" \/>\n<meta property=\"og:image\" content=\"https:\/\/latinoccu.org\/wp-content\/uploads\/2016\/08\/Micro-Business-Savings-Product-Page-1.jpg\" \/>\n\t<meta property=\"og:image:width\" content=\"1500\" \/>\n\t<meta property=\"og:image:height\" content=\"450\" \/>\n\t<meta property=\"og:image:type\" content=\"image\/jpeg\" \/>\n<meta name=\"twitter:card\" content=\"summary_large_image\" \/>\n<meta name=\"twitter:label1\" content=\"Tiempo de lectura\" \/>\n\t<meta name=\"twitter:data1\" content=\"2 minutos\" \/>\n<script type=\"application\/ld+json\" class=\"yoast-schema-graph\">{\"@context\":\"https:\/\/schema.org\",\"@graph\":[{\"@type\":\"WebPage\",\"@id\":\"https:\/\/latinoccu.org\/products-and-services\/savings\/micro-business-savings\/\",\"url\":\"https:\/\/latinoccu.org\/products-and-services\/savings\/micro-business-savings\/\",\"name\":\"Micro Business Savings Accounts - latinoccu.org\",\"isPartOf\":{\"@id\":\"https:\/\/latinoccu.org\/#website\"},\"primaryImageOfPage\":{\"@id\":\"https:\/\/latinoccu.org\/products-and-services\/savings\/micro-business-savings\/#primaryimage\"},\"image\":{\"@id\":\"https:\/\/latinoccu.org\/products-and-services\/savings\/micro-business-savings\/#primaryimage\"},\"thumbnailUrl\":\"https:\/\/latinoccu.org\/wp-content\/uploads\/2016\/08\/Micro-Business-Savings-Product-Page-1.jpg\",\"datePublished\":\"2016-08-25T15:53:16+00:00\",\"dateModified\":\"2026-02-02T17:53:28+00:00\",\"breadcrumb\":{\"@id\":\"https:\/\/latinoccu.org\/products-and-services\/savings\/micro-business-savings\/#breadcrumb\"},\"inLanguage\":\"es\",\"potentialAction\":[{\"@type\":\"ReadAction\",\"target\":[\"https:\/\/latinoccu.org\/products-and-services\/savings\/micro-business-savings\/\"]}]},{\"@type\":\"ImageObject\",\"inLanguage\":\"es\",\"@id\":\"https:\/\/latinoccu.org\/products-and-services\/savings\/micro-business-savings\/#primaryimage\",\"url\":\"https:\/\/latinoccu.org\/wp-content\/uploads\/2016\/08\/Micro-Business-Savings-Product-Page-1.jpg\",\"contentUrl\":\"https:\/\/latinoccu.org\/wp-content\/uploads\/2016\/08\/Micro-Business-Savings-Product-Page-1.jpg\",\"width\":1500,\"height\":450},{\"@type\":\"BreadcrumbList\",\"@id\":\"https:\/\/latinoccu.org\/products-and-services\/savings\/micro-business-savings\/#breadcrumb\",\"itemListElement\":[{\"@type\":\"ListItem\",\"position\":1,\"name\":\"Home\",\"item\":\"https:\/\/latinoccu.org\/\"},{\"@type\":\"ListItem\",\"position\":2,\"name\":\"Products and Services\",\"item\":\"https:\/\/latinoccu.org\/products-and-services\/\"},{\"@type\":\"ListItem\",\"position\":3,\"name\":\"Savings\",\"item\":\"https:\/\/latinoccu.org\/products-and-services\/savings\/\"},{\"@type\":\"ListItem\",\"position\":4,\"name\":\"Micro Business Savings Accounts\"}]},{\"@type\":\"WebSite\",\"@id\":\"https:\/\/latinoccu.org\/#website\",\"url\":\"https:\/\/latinoccu.org\/\",\"name\":\"latinoccu.org\",\"description\":\"\",\"potentialAction\":[{\"@type\":\"SearchAction\",\"target\":{\"@type\":\"EntryPoint\",\"urlTemplate\":\"https:\/\/latinoccu.org\/?s={search_term_string}\"},\"query-input\":{\"@type\":\"PropertyValueSpecification\",\"valueRequired\":true,\"valueName\":\"search_term_string\"}}],\"inLanguage\":\"es\"}]}<\/script>\n<!-- \/ Yoast SEO plugin. -->","yoast_head_json":{"title":"Micro Business Savings Accounts - latinoccu.org","robots":{"index":"index","follow":"follow","max-snippet":"max-snippet:-1","max-image-preview":"max-image-preview:large","max-video-preview":"max-video-preview:-1"},"canonical":"https:\/\/latinoccu.org\/es\/products-and-services\/savings\/micro-business-savings\/","og_locale":"es_MX","og_type":"article","og_title":"Micro Business Savings Accounts - latinoccu.org","og_description":"\u26a0 New Business Account Options Coming Soon! We\u2019re actively working on expanding our business account offerings to better support our members. More options and features are on the way. Learn more here and stay tuned for updates.\u00a0 Giving your personal business a solid financial base is key to its future growth. Micro Business Savings What [&hellip;]","og_url":"https:\/\/latinoccu.org\/es\/products-and-services\/savings\/micro-business-savings\/","og_site_name":"latinoccu.org","article_modified_time":"2026-02-02T17:53:28+00:00","og_image":[{"width":1500,"height":450,"url":"https:\/\/latinoccu.org\/wp-content\/uploads\/2016\/08\/Micro-Business-Savings-Product-Page-1.jpg","type":"image\/jpeg"}],"twitter_card":"summary_large_image","twitter_misc":{"Tiempo de lectura":"2 minutos"},"schema":{"@context":"https:\/\/schema.org","@graph":[{"@type":"WebPage","@id":"https:\/\/latinoccu.org\/products-and-services\/savings\/micro-business-savings\/","url":"https:\/\/latinoccu.org\/products-and-services\/savings\/micro-business-savings\/","name":"Micro Business Savings Accounts - latinoccu.org","isPartOf":{"@id":"https:\/\/latinoccu.org\/#website"},"primaryImageOfPage":{"@id":"https:\/\/latinoccu.org\/products-and-services\/savings\/micro-business-savings\/#primaryimage"},"image":{"@id":"https:\/\/latinoccu.org\/products-and-services\/savings\/micro-business-savings\/#primaryimage"},"thumbnailUrl":"https:\/\/latinoccu.org\/wp-content\/uploads\/2016\/08\/Micro-Business-Savings-Product-Page-1.jpg","datePublished":"2016-08-25T15:53:16+00:00","dateModified":"2026-02-02T17:53:28+00:00","breadcrumb":{"@id":"https:\/\/latinoccu.org\/products-and-services\/savings\/micro-business-savings\/#breadcrumb"},"inLanguage":"es","potentialAction":[{"@type":"ReadAction","target":["https:\/\/latinoccu.org\/products-and-services\/savings\/micro-business-savings\/"]}]},{"@type":"ImageObject","inLanguage":"es","@id":"https:\/\/latinoccu.org\/products-and-services\/savings\/micro-business-savings\/#primaryimage","url":"https:\/\/latinoccu.org\/wp-content\/uploads\/2016\/08\/Micro-Business-Savings-Product-Page-1.jpg","contentUrl":"https:\/\/latinoccu.org\/wp-content\/uploads\/2016\/08\/Micro-Business-Savings-Product-Page-1.jpg","width":1500,"height":450},{"@type":"BreadcrumbList","@id":"https:\/\/latinoccu.org\/products-and-services\/savings\/micro-business-savings\/#breadcrumb","itemListElement":[{"@type":"ListItem","position":1,"name":"Home","item":"https:\/\/latinoccu.org\/"},{"@type":"ListItem","position":2,"name":"Products and Services","item":"https:\/\/latinoccu.org\/products-and-services\/"},{"@type":"ListItem","position":3,"name":"Savings","item":"https:\/\/latinoccu.org\/products-and-services\/savings\/"},{"@type":"ListItem","position":4,"name":"Micro Business Savings Accounts"}]},{"@type":"WebSite","@id":"https:\/\/latinoccu.org\/#website","url":"https:\/\/latinoccu.org\/","name":"latinoccu.org","description":"","potentialAction":[{"@type":"SearchAction","target":{"@type":"EntryPoint","urlTemplate":"https:\/\/latinoccu.org\/?s={search_term_string}"},"query-input":{"@type":"PropertyValueSpecification","valueRequired":true,"valueName":"search_term_string"}}],"inLanguage":"es"}]}},"_links":{"self":[{"href":"https:\/\/latinoccu.org\/es\/wp-json\/wp\/v2\/pages\/1116","targetHints":{"allow":["GET"]}}],"collection":[{"href":"https:\/\/latinoccu.org\/es\/wp-json\/wp\/v2\/pages"}],"about":[{"href":"https:\/\/latinoccu.org\/es\/wp-json\/wp\/v2\/types\/page"}],"author":[{"embeddable":true,"href":"https:\/\/latinoccu.org\/es\/wp-json\/wp\/v2\/users\/19"}],"replies":[{"embeddable":true,"href":"https:\/\/latinoccu.org\/es\/wp-json\/wp\/v2\/comments?post=1116"}],"version-history":[{"count":0,"href":"https:\/\/latinoccu.org\/es\/wp-json\/wp\/v2\/pages\/1116\/revisions"}],"up":[{"embeddable":true,"href":"https:\/\/latinoccu.org\/es\/wp-json\/wp\/v2\/pages\/1185"}],"wp:featuredmedia":[{"embeddable":true,"href":"https:\/\/latinoccu.org\/es\/wp-json\/wp\/v2\/media\/1117"}],"wp:attachment":[{"href":"https:\/\/latinoccu.org\/es\/wp-json\/wp\/v2\/media?parent=1116"}],"wp:term":[{"taxonomy":"page-structure","embeddable":true,"href":"https:\/\/latinoccu.org\/es\/wp-json\/wp\/v2\/page-structure?post=1116"},{"taxonomy":"sidebar-content","embeddable":true,"href":"https:\/\/latinoccu.org\/es\/wp-json\/wp\/v2\/sidebar-content?post=1116"}],"curies":[{"name":"wp","href":"https:\/\/api.w.org\/{rel}","templated":true}]}}