{"id":1013,"date":"2016-08-24T10:19:45","date_gmt":"2016-08-24T14:19:45","guid":{"rendered":"http:\/\/latinoccu.org\/?page_id=1013"},"modified":"2026-02-10T23:17:14","modified_gmt":"2026-02-10T23:17:14","slug":"holiday-savings","status":"publish","type":"page","link":"https:\/\/latinoccu.org\/es\/products-and-services\/savings\/holiday-savings\/","title":{"rendered":"Cuenta de Navidad"},"content":{"rendered":"<div data-elementor-type=\"wp-page\" data-elementor-id=\"1013\" class=\"elementor elementor-1013\" data-elementor-post-type=\"page\">\n\t\t\t\t<div class=\"elementor-element elementor-element-299217c1 e-con-full cmp cmp-basic-text e-flex e-con e-parent\" data-id=\"299217c1\" data-element_type=\"container\" data-e-type=\"container\">\n\t\t<div class=\"elementor-element elementor-element-6fc856ad e-flex e-con-boxed e-con e-child\" data-id=\"6fc856ad\" data-element_type=\"container\" data-e-type=\"container\">\n\t\t\t\t\t<div class=\"e-con-inner\">\n\t\t\t\t<div class=\"elementor-element elementor-element-3b1a3852 elementor-widget elementor-widget-text-editor\" data-id=\"3b1a3852\" data-element_type=\"widget\" data-e-type=\"widget\" data-widget_type=\"text-editor.default\">\n\t\t\t\t<div class=\"elementor-widget-container\">\n\t\t\t\t\t\t\t\t\t<h2>Las festividades llegan en el mismo tiempo cada a\u00f1o, no dejes que te tomen por sorpresa, \u00a1Empieza a ahorrar ya!<\/h2><h3>\u00a0<\/h3><h3>Lo que necesitas:<\/h3><ul><li>Dep\u00f3sito inicial m\u00ednimo de $10<\/li><li>$0 saldo m\u00ednimo<\/li><li>Ser socio de la Cooperativa Latina<\/li><\/ul><h3>\u00a0<\/h3><h3>Lo que recibes:<\/h3><ul><li>No cobramos cargos de manejo*<\/li><li class=\"translation-block\">Tasas de inter\u00e9s competitivas<\/li><li>Posibilidad de recibir tus estados de cuenta de forma electr\u00f3nica<\/li><li>Tu dinero est\u00e1 seguro y asegurado federalmente hasta $250,000 por la NCUA<\/li><li><span class=\"TextRun SCXW151856455 BCX0\" lang=\"EN-US\" xml:lang=\"EN-US\" data-contrast=\"auto\"><span class=\"NormalTextRun SCXW151856455 BCX0\">Acceso gratuito a nivel nacional a la\u00a0<\/span><\/span><a class=\"Hyperlink SCXW151856455 BCX0\" href=\"https:\/\/latinoccu.org\/es\/atms\/\" target=\"_blank\" rel=\"noreferrer noopener\"><span class=\"TextRun Underlined SCXW151856455 BCX0\" lang=\"EN-US\" xml:lang=\"EN-US\" data-contrast=\"none\"><span class=\"NormalTextRun SCXW151856455 BCX0\" data-ccp-charstyle=\"Hyperlink\">red de cajeros autom\u00e1ticos de CO-OP.<\/span><\/span><\/a><span class=\"TextRun SCXW151856455 BCX0\" lang=\"EN-US\" xml:lang=\"EN-US\" data-contrast=\"auto\"><span class=\"NormalTextRun SCXW151856455 BCX0\">\u00a0<\/span><span class=\"NormalTextRun SCXW151856455 BCX0\">Bajos cargos por el uso de cajeros autom\u00e1ticos fuera de la red**<\/span><\/span><span class=\"EOP SCXW151856455 BCX0\" data-ccp-props=\"{}\">\u00a0<\/span><\/li><li>Maneja tu cuenta en l\u00ednea desde cualquier parte con nuestros servicios electr\u00f3nicos. <a class=\"local\" href=\"\/es\/products-and-services\/other-services\/electronic-services\/\">Haz clic aqu\u00ed<\/a>\u00a0para m\u00e1s detalles<\/li><\/ul>\t\t\t\t\t\t\t\t<\/div>\n\t\t\t\t<\/div>\n\t\t\t\t\t<\/div>\n\t\t\t\t<\/div>\n\t\t\t\t<\/div>\n\t\t<div class=\"elementor-element elementor-element-64d341fc cmp cmp-accord-plus e-flex e-con-boxed e-con e-parent\" data-id=\"64d341fc\" data-element_type=\"container\" data-e-type=\"container\" data-settings=\"{&quot;background_background&quot;:&quot;classic&quot;}\">\n\t\t\t\t\t<div class=\"e-con-inner\">\n\t\t\t\t<div class=\"elementor-element elementor-element-7e8ec833 elementor-widget elementor-widget-pp-advanced-accordion\" data-id=\"7e8ec833\" data-element_type=\"widget\" data-e-type=\"widget\" data-settings=\"{&quot;accordion_type&quot;:&quot;accordion&quot;,&quot;toggle_speed&quot;:300}\" data-widget_type=\"pp-advanced-accordion.default\">\n\t\t\t\t<div class=\"elementor-widget-container\">\n\t\t\t\t\t\t\t<div class=\"pp-advanced-accordion pp-toggle-icon-align-right\" id=\"pp-advanced-accordion-7e8ec833\" data-accordion-id=\"7e8ec833\" role=\"tablist\">\n\t\t\t\t\t\t\t<div class=\"pp-accordion-item\">\n\t\t\t\t\t\t\t\t\t\t<div id=\"pp-accordion-tab-title-2121\" class=\"pp-accordion-tab-title\" tabindex=\"0\" data-tab=\"1\" role=\"tab\" aria-controls=\"pp-accordion-tab-content-2121\" aria-expanded=\"false\">\n\t\t\t\t\t\t<span class=\"pp-accordion-title-icon\">\n\t\t\t\t\t\t\t\t\t\t\t\t\t\t<span class=\"pp-accordion-title-text\">\n\t\t\t\t\t\t\t\tLetra peque\u00f1a <div class=\"accord-sub\">Detalles Importantes<\/div>\t\t\t\t\t\t\t<\/span>\n\t\t\t\t\t\t<\/span>\n\t\t\t\t\t\t\t\t\t\t\t\t\t<div class=\"pp-accordion-toggle-icon\">\n\t\t\t\t\t\t\t\t\t\t\t\t\t\t\t\t\t<span class='pp-accordion-toggle-icon-close pp-icon'>\n\t\t\t\t\t\t\t\t\t\t<i aria-hidden=\"true\" class=\"fas fa-angle-up\"><\/i>\t\t\t\t\t\t\t\t\t<\/span>\n\t\t\t\t\t\t\t\t\t\t\t\t\t\t\t\t\t\t\t\t\t\t\t\t\t<span class='pp-accordion-toggle-icon-open pp-icon'>\n\t\t\t\t\t\t\t\t\t\t<i aria-hidden=\"true\" class=\"fas fa-angle-down\"><\/i>\t\t\t\t\t\t\t\t\t<\/span>\n\t\t\t\t\t\t\t\t\t\t\t\t\t\t\t<\/div>\n\t\t\t\t\t\t\t\t\t\t\t<\/div>\n\n\t\t\t\t\t<div id=\"pp-accordion-tab-content-2121\" class=\"pp-accordion-tab-content\" data-tab=\"1\" role=\"tabpanel\" aria-labelledby=\"pp-accordion-tab-title-2121\">\n\t\t\t\t\t\t<ul><li>** Se har\u00e1 un cobro de 75 centavos por transacci\u00f3n completada y 35 centavos por transacci\u00f3n incompleta realizada en cualquier cajero autom\u00e1tico fuera de nuestra<\/li><li>Para ayudarte a ahorrar, no podr\u00e1s realizar retiros de esta cuenta. El \u00faltimo d\u00eda h\u00e1bil de octubre, todos los fondos se transferir\u00e1n directamente a la cuenta que hayas elegido previamente<\/li><\/ul><p><a class=\"accord-link\" href=\"\/es\/rules-regulations\/\">M\u00e1s Informaci\u00f3n<\/a><\/p>\t\t\t\t\t<\/div>\n\t\t\t\t<\/div>\n\t\t\t\t\t<\/div>\n\t\t\t\t\t\t<\/div>\n\t\t\t\t<\/div>\n\t\t\t\t\t<\/div>\n\t\t\t\t<\/div>\n\t\t<div class=\"elementor-element elementor-element-3386263 e-con-full cmp cmp-basic-text e-flex e-con e-parent\" data-id=\"3386263\" data-element_type=\"container\" data-e-type=\"container\">\n\t\t<div class=\"elementor-element elementor-element-65db606f e-flex e-con-boxed e-con e-child\" data-id=\"65db606f\" data-element_type=\"container\" data-e-type=\"container\">\n\t\t\t\t\t<div class=\"e-con-inner\">\n\t\t\t\t<div class=\"elementor-element elementor-element-1d9a221c elementor-widget elementor-widget-text-editor\" data-id=\"1d9a221c\" data-element_type=\"widget\" data-e-type=\"widget\" data-widget_type=\"text-editor.default\">\n\t\t\t\t<div class=\"elementor-widget-container\">\n\t\t\t\t\t\t\t\t\t<h2>\u00a1Te pagamos m\u00e1s!<\/h2><p>Con tasas de inter\u00e9s m\u00e1s altas y tarifas m\u00e1s bajas. \u00bfPor qu\u00e9 esperar? Descubre el ahorro que s\u00f3lo la Cooperativa Latina puede ofrecerte.<\/p>\t\t\t\t\t\t\t\t<\/div>\n\t\t\t\t<\/div>\n\t\t\t\t\t<\/div>\n\t\t\t\t<\/div>\n\t\t\t\t<\/div>\n\t\t\t\t<\/div>","protected":false},"excerpt":{"rendered":"<p>The Holidays come around every year, at the same time. Don\u2019t let them catch you by surprise. Start saving now! \u00a0 What You Need: $10 minimum initial deposit $0 minimum balance Be a Latino Credit Union member \u00a0 What You Get: No maintenance fee* Competitive interest rates Option to receive e-statements Your money is safe [&hellip;]<\/p>\n","protected":false},"author":19,"featured_media":1053,"parent":1185,"menu_order":0,"comment_status":"closed","ping_status":"closed","template":"","meta":{"_acf_changed":false,"inline_featured_image":false,"footnotes":""},"page-structure":[21],"sidebar-content":[28,23,27],"class_list":["post-1013","page","type-page","status-publish","has-post-thumbnail","hentry","page-structure-has-sidebar","sidebar-content-compare-savings","sidebar-content-footer-join-today","sidebar-content-rates"],"acf":[],"yoast_head":"<!-- This site is optimized with the Yoast SEO plugin v27.2 - https:\/\/yoast.com\/product\/yoast-seo-wordpress\/ -->\n<title>Holiday Savings - latinoccu.org<\/title>\n<meta name=\"robots\" content=\"index, follow, max-snippet:-1, max-image-preview:large, max-video-preview:-1\" \/>\n<link rel=\"canonical\" href=\"https:\/\/latinoccu.org\/es\/products-and-services\/savings\/holiday-savings\/\" \/>\n<meta property=\"og:locale\" content=\"es_MX\" \/>\n<meta property=\"og:type\" content=\"article\" \/>\n<meta property=\"og:title\" content=\"Holiday Savings - latinoccu.org\" \/>\n<meta property=\"og:description\" content=\"The Holidays come around every year, at the same time. Don\u2019t let them catch you by surprise. Start saving now! \u00a0 What You Need: $10 minimum initial deposit $0 minimum balance Be a Latino Credit Union member \u00a0 What You Get: No maintenance fee* Competitive interest rates Option to receive e-statements Your money is safe [&hellip;]\" \/>\n<meta property=\"og:url\" content=\"https:\/\/latinoccu.org\/es\/products-and-services\/savings\/holiday-savings\/\" \/>\n<meta property=\"og:site_name\" content=\"latinoccu.org\" \/>\n<meta property=\"article:modified_time\" content=\"2026-02-10T23:17:14+00:00\" \/>\n<meta property=\"og:image\" content=\"https:\/\/latinoccu.org\/wp-content\/uploads\/2016\/08\/Holiday-Savings-Product-Page-1.jpg\" \/>\n\t<meta property=\"og:image:width\" content=\"1500\" \/>\n\t<meta property=\"og:image:height\" content=\"450\" \/>\n\t<meta property=\"og:image:type\" content=\"image\/jpeg\" \/>\n<meta name=\"twitter:card\" content=\"summary_large_image\" \/>\n<meta name=\"twitter:label1\" content=\"Tiempo de lectura\" \/>\n\t<meta name=\"twitter:data1\" content=\"1 minuto\" \/>\n<script type=\"application\/ld+json\" class=\"yoast-schema-graph\">{\"@context\":\"https:\/\/schema.org\",\"@graph\":[{\"@type\":\"WebPage\",\"@id\":\"https:\/\/latinoccu.org\/products-and-services\/savings\/holiday-savings\/\",\"url\":\"https:\/\/latinoccu.org\/products-and-services\/savings\/holiday-savings\/\",\"name\":\"Holiday Savings - latinoccu.org\",\"isPartOf\":{\"@id\":\"https:\/\/latinoccu.org\/#website\"},\"primaryImageOfPage\":{\"@id\":\"https:\/\/latinoccu.org\/products-and-services\/savings\/holiday-savings\/#primaryimage\"},\"image\":{\"@id\":\"https:\/\/latinoccu.org\/products-and-services\/savings\/holiday-savings\/#primaryimage\"},\"thumbnailUrl\":\"https:\/\/latinoccu.org\/wp-content\/uploads\/2016\/08\/Holiday-Savings-Product-Page-1.jpg\",\"datePublished\":\"2016-08-24T14:19:45+00:00\",\"dateModified\":\"2026-02-10T23:17:14+00:00\",\"breadcrumb\":{\"@id\":\"https:\/\/latinoccu.org\/products-and-services\/savings\/holiday-savings\/#breadcrumb\"},\"inLanguage\":\"es\",\"potentialAction\":[{\"@type\":\"ReadAction\",\"target\":[\"https:\/\/latinoccu.org\/products-and-services\/savings\/holiday-savings\/\"]}]},{\"@type\":\"ImageObject\",\"inLanguage\":\"es\",\"@id\":\"https:\/\/latinoccu.org\/products-and-services\/savings\/holiday-savings\/#primaryimage\",\"url\":\"https:\/\/latinoccu.org\/wp-content\/uploads\/2016\/08\/Holiday-Savings-Product-Page-1.jpg\",\"contentUrl\":\"https:\/\/latinoccu.org\/wp-content\/uploads\/2016\/08\/Holiday-Savings-Product-Page-1.jpg\",\"width\":1500,\"height\":450},{\"@type\":\"BreadcrumbList\",\"@id\":\"https:\/\/latinoccu.org\/products-and-services\/savings\/holiday-savings\/#breadcrumb\",\"itemListElement\":[{\"@type\":\"ListItem\",\"position\":1,\"name\":\"Home\",\"item\":\"https:\/\/latinoccu.org\/\"},{\"@type\":\"ListItem\",\"position\":2,\"name\":\"Products and Services\",\"item\":\"https:\/\/latinoccu.org\/products-and-services\/\"},{\"@type\":\"ListItem\",\"position\":3,\"name\":\"Savings\",\"item\":\"https:\/\/latinoccu.org\/products-and-services\/savings\/\"},{\"@type\":\"ListItem\",\"position\":4,\"name\":\"Holiday Savings\"}]},{\"@type\":\"WebSite\",\"@id\":\"https:\/\/latinoccu.org\/#website\",\"url\":\"https:\/\/latinoccu.org\/\",\"name\":\"latinoccu.org\",\"description\":\"\",\"potentialAction\":[{\"@type\":\"SearchAction\",\"target\":{\"@type\":\"EntryPoint\",\"urlTemplate\":\"https:\/\/latinoccu.org\/?s={search_term_string}\"},\"query-input\":{\"@type\":\"PropertyValueSpecification\",\"valueRequired\":true,\"valueName\":\"search_term_string\"}}],\"inLanguage\":\"es\"}]}<\/script>\n<!-- \/ Yoast SEO plugin. -->","yoast_head_json":{"title":"Holiday Savings - latinoccu.org","robots":{"index":"index","follow":"follow","max-snippet":"max-snippet:-1","max-image-preview":"max-image-preview:large","max-video-preview":"max-video-preview:-1"},"canonical":"https:\/\/latinoccu.org\/es\/products-and-services\/savings\/holiday-savings\/","og_locale":"es_MX","og_type":"article","og_title":"Holiday Savings - latinoccu.org","og_description":"The Holidays come around every year, at the same time. Don\u2019t let them catch you by surprise. Start saving now! \u00a0 What You Need: $10 minimum initial deposit $0 minimum balance Be a Latino Credit Union member \u00a0 What You Get: No maintenance fee* Competitive interest rates Option to receive e-statements Your money is safe [&hellip;]","og_url":"https:\/\/latinoccu.org\/es\/products-and-services\/savings\/holiday-savings\/","og_site_name":"latinoccu.org","article_modified_time":"2026-02-10T23:17:14+00:00","og_image":[{"width":1500,"height":450,"url":"https:\/\/latinoccu.org\/wp-content\/uploads\/2016\/08\/Holiday-Savings-Product-Page-1.jpg","type":"image\/jpeg"}],"twitter_card":"summary_large_image","twitter_misc":{"Tiempo de lectura":"1 minuto"},"schema":{"@context":"https:\/\/schema.org","@graph":[{"@type":"WebPage","@id":"https:\/\/latinoccu.org\/products-and-services\/savings\/holiday-savings\/","url":"https:\/\/latinoccu.org\/products-and-services\/savings\/holiday-savings\/","name":"Holiday Savings - latinoccu.org","isPartOf":{"@id":"https:\/\/latinoccu.org\/#website"},"primaryImageOfPage":{"@id":"https:\/\/latinoccu.org\/products-and-services\/savings\/holiday-savings\/#primaryimage"},"image":{"@id":"https:\/\/latinoccu.org\/products-and-services\/savings\/holiday-savings\/#primaryimage"},"thumbnailUrl":"https:\/\/latinoccu.org\/wp-content\/uploads\/2016\/08\/Holiday-Savings-Product-Page-1.jpg","datePublished":"2016-08-24T14:19:45+00:00","dateModified":"2026-02-10T23:17:14+00:00","breadcrumb":{"@id":"https:\/\/latinoccu.org\/products-and-services\/savings\/holiday-savings\/#breadcrumb"},"inLanguage":"es","potentialAction":[{"@type":"ReadAction","target":["https:\/\/latinoccu.org\/products-and-services\/savings\/holiday-savings\/"]}]},{"@type":"ImageObject","inLanguage":"es","@id":"https:\/\/latinoccu.org\/products-and-services\/savings\/holiday-savings\/#primaryimage","url":"https:\/\/latinoccu.org\/wp-content\/uploads\/2016\/08\/Holiday-Savings-Product-Page-1.jpg","contentUrl":"https:\/\/latinoccu.org\/wp-content\/uploads\/2016\/08\/Holiday-Savings-Product-Page-1.jpg","width":1500,"height":450},{"@type":"BreadcrumbList","@id":"https:\/\/latinoccu.org\/products-and-services\/savings\/holiday-savings\/#breadcrumb","itemListElement":[{"@type":"ListItem","position":1,"name":"Home","item":"https:\/\/latinoccu.org\/"},{"@type":"ListItem","position":2,"name":"Products and Services","item":"https:\/\/latinoccu.org\/products-and-services\/"},{"@type":"ListItem","position":3,"name":"Savings","item":"https:\/\/latinoccu.org\/products-and-services\/savings\/"},{"@type":"ListItem","position":4,"name":"Holiday Savings"}]},{"@type":"WebSite","@id":"https:\/\/latinoccu.org\/#website","url":"https:\/\/latinoccu.org\/","name":"latinoccu.org","description":"","potentialAction":[{"@type":"SearchAction","target":{"@type":"EntryPoint","urlTemplate":"https:\/\/latinoccu.org\/?s={search_term_string}"},"query-input":{"@type":"PropertyValueSpecification","valueRequired":true,"valueName":"search_term_string"}}],"inLanguage":"es"}]}},"_links":{"self":[{"href":"https:\/\/latinoccu.org\/es\/wp-json\/wp\/v2\/pages\/1013","targetHints":{"allow":["GET"]}}],"collection":[{"href":"https:\/\/latinoccu.org\/es\/wp-json\/wp\/v2\/pages"}],"about":[{"href":"https:\/\/latinoccu.org\/es\/wp-json\/wp\/v2\/types\/page"}],"author":[{"embeddable":true,"href":"https:\/\/latinoccu.org\/es\/wp-json\/wp\/v2\/users\/19"}],"replies":[{"embeddable":true,"href":"https:\/\/latinoccu.org\/es\/wp-json\/wp\/v2\/comments?post=1013"}],"version-history":[{"count":2,"href":"https:\/\/latinoccu.org\/es\/wp-json\/wp\/v2\/pages\/1013\/revisions"}],"predecessor-version":[{"id":22127,"href":"https:\/\/latinoccu.org\/es\/wp-json\/wp\/v2\/pages\/1013\/revisions\/22127"}],"up":[{"embeddable":true,"href":"https:\/\/latinoccu.org\/es\/wp-json\/wp\/v2\/pages\/1185"}],"wp:featuredmedia":[{"embeddable":true,"href":"https:\/\/latinoccu.org\/es\/wp-json\/wp\/v2\/media\/1053"}],"wp:attachment":[{"href":"https:\/\/latinoccu.org\/es\/wp-json\/wp\/v2\/media?parent=1013"}],"wp:term":[{"taxonomy":"page-structure","embeddable":true,"href":"https:\/\/latinoccu.org\/es\/wp-json\/wp\/v2\/page-structure?post=1013"},{"taxonomy":"sidebar-content","embeddable":true,"href":"https:\/\/latinoccu.org\/es\/wp-json\/wp\/v2\/sidebar-content?post=1013"}],"curies":[{"name":"wp","href":"https:\/\/api.w.org\/{rel}","templated":true}]}}